{"id":6385,"date":"2025-03-10T03:41:49","date_gmt":"2025-03-10T03:41:49","guid":{"rendered":"https:\/\/fmp-components.com\/?post_type=product&#038;p=6385"},"modified":"2025-03-10T03:48:37","modified_gmt":"2025-03-10T03:48:37","slug":"hrc-couplings","status":"publish","type":"product","link":"https:\/\/fmp-components.com\/sk\/product\/hrc-couplings\/","title":{"rendered":"HRC spojky"},"content":{"rendered":"<h2>\u0160pecifik\u00e1cie spojky HRC<\/h2>\n<p><img loading=\"lazy\" decoding=\"async\" class=\"alignnone size-full wp-image-6387\" src=\"https:\/\/fmp-components.com\/wp-content\/uploads\/2025\/03\/hrc-coupling-1.webp\" alt=\"HRC spojka\" width=\"897\" height=\"502\" title=\"\" srcset=\"https:\/\/fmp-components.com\/wp-content\/uploads\/2025\/03\/hrc-coupling-1.webp 897w, https:\/\/fmp-components.com\/wp-content\/uploads\/2025\/03\/hrc-coupling-1-480x269.webp 480w\" sizes=\"(min-width: 0px) and (max-width: 480px) 480px, (min-width: 481px) 897px, 100vw\" \/><\/p>\n<h2>Vlastnosti spojok HRC<\/h2>\n<ul>\n<li><strong>Cenovo dostupn\u00fd dizajn<\/strong>Spojky HRC s\u00fa vyroben\u00e9 tak, aby vyv\u00e1\u017eili v\u00fdkon a ve\u013ekos\u0165 hriade\u013ea, pri\u010dom pou\u017e\u00edvaj\u00fa syst\u00e9m puzdier Taper-Lock, aby boli \u00fa\u010dinn\u00e9 a cenovo dostupn\u00e9.<\/li>\n<li><strong>Siln\u00fd a flexibiln\u00fd<\/strong>Flexibiln\u00e9 \u010dasti spojky pom\u00e1haj\u00fa absorbova\u0165 n\u00e1hle \u0165a\u017ek\u00e9 za\u0165a\u017eenie, v\u010faka \u010domu je kon\u0161trukcia pevn\u00e1 a spo\u013eahliv\u00e1.<\/li>\n<li><strong>Prisp\u00f4sobuje sa nespr\u00e1vnemu zarovnaniu<\/strong>Spojky HRC dok\u00e1\u017eu zvl\u00e1dnu\u0165 mal\u00e9 odch\u00fdlky, ako s\u00fa hriadele, ktor\u00e9 s\u00fa mierne odch\u00fdlen\u00e9 v uhle, polohe alebo zarovnan\u00ed, \u010d\u00edm zabezpe\u010duj\u00fa plynul\u00fd chod.<\/li>\n<li><strong>Jednoduch\u00e1 in\u0161tal\u00e1cia<\/strong>Nastavenie spojky HRC je r\u00fdchle a jednoduch\u00e9. Potrebujete iba imbusov\u00fd k\u013e\u00fa\u010d \u2013 nie je potrebn\u00e9 \u017eiadne \u0161peci\u00e1lne n\u00e1radie.<\/li>\n<li><strong>Takmer \u017eiadna \u00fadr\u017eba<\/strong>Spojky HRC nevy\u017eaduj\u00fa mazanie, \u010do znamen\u00e1 menej \u00fadr\u017eby a menej opr\u00e1v v priebehu \u010dasu.<\/li>\n<li><strong>Pracuje v n\u00e1ro\u010dn\u00fdch podmienkach<\/strong>Flexibiln\u00fd materi\u00e1l v spojke funguje dobre v \u0161irokom rozsahu podmienok, od ve\u013emi chladn\u00fdch (-40 \u00b0C) a\u017e po ve\u013emi hor\u00face (+100 \u00b0C).<\/li>\n<li><strong>Bezpe\u010dn\u00e9 a spo\u013eahliv\u00e9<\/strong>Ak sa flexibiln\u00e1 \u010das\u0165 niekedy zlom\u00ed (\u010do je ve\u013emi zriedkav\u00e9), spojka bude syst\u00e9m na\u010falej poh\u00e1\u0148a\u0165 pomocou vstavan\u00fdch pr\u00edrub, tak\u017ee prev\u00e1dzka sa nezastav\u00ed.<\/li>\n<\/ul>\n<p><img loading=\"lazy\" decoding=\"async\" class=\"wp-image-6386 aligncenter\" src=\"https:\/\/fmp-components.com\/wp-content\/uploads\/2025\/03\/HRC-Coupling.webp\" alt=\"HRC spojka\" width=\"660\" height=\"660\" title=\"\" srcset=\"https:\/\/fmp-components.com\/wp-content\/uploads\/2025\/03\/HRC-Coupling.webp 660w, https:\/\/fmp-components.com\/wp-content\/uploads\/2025\/03\/HRC-Coupling-480x480.webp 480w\" sizes=\"(min-width: 0px) and (max-width: 480px) 480px, (min-width: 481px) 660px, 100vw\" \/><\/p>","protected":false},"excerpt":{"rendered":"<p>HRC Coupling Specifications Features of HRC Couplings Affordable Design: HRC couplings are made to balance power and shaft size, using a Taper-Lock Bush system to keep them both effective and affordable. Strong and Flexible: The flexible parts of the coupling help absorb sudden heavy loads, making the design strong and reliable. Adjusts to Misalignment: HRC [&hellip;]<\/p>","protected":false},"featured_media":6386,"comment_status":"open","ping_status":"closed","template":"","meta":{"_et_pb_use_builder":"","_et_pb_old_content":"","_et_gb_content_width":""},"product_brand":[],"product_cat":[101],"product_tag":[],"class_list":{"0":"post-6385","1":"product","2":"type-product","3":"status-publish","4":"has-post-thumbnail","6":"product_cat-coupling","8":"first","9":"instock","10":"shipping-taxable","11":"product-type-simple"},"_links":{"self":[{"href":"https:\/\/fmp-components.com\/sk\/wp-json\/wp\/v2\/product\/6385","targetHints":{"allow":["GET"]}}],"collection":[{"href":"https:\/\/fmp-components.com\/sk\/wp-json\/wp\/v2\/product"}],"about":[{"href":"https:\/\/fmp-components.com\/sk\/wp-json\/wp\/v2\/types\/product"}],"replies":[{"embeddable":true,"href":"https:\/\/fmp-components.com\/sk\/wp-json\/wp\/v2\/comments?post=6385"}],"wp:featuredmedia":[{"embeddable":true,"href":"https:\/\/fmp-components.com\/sk\/wp-json\/wp\/v2\/media\/6386"}],"wp:attachment":[{"href":"https:\/\/fmp-components.com\/sk\/wp-json\/wp\/v2\/media?parent=6385"}],"wp:term":[{"taxonomy":"product_brand","embeddable":true,"href":"https:\/\/fmp-components.com\/sk\/wp-json\/wp\/v2\/product_brand?post=6385"},{"taxonomy":"product_cat","embeddable":true,"href":"https:\/\/fmp-components.com\/sk\/wp-json\/wp\/v2\/product_cat?post=6385"},{"taxonomy":"product_tag","embeddable":true,"href":"https:\/\/fmp-components.com\/sk\/wp-json\/wp\/v2\/product_tag?post=6385"}],"curies":[{"name":"pracovn\u00fd list","href":"https:\/\/api.w.org\/{rel}","templated":true}]}}