{"id":6375,"date":"2025-03-10T03:17:22","date_gmt":"2025-03-10T03:17:22","guid":{"rendered":"https:\/\/fmp-components.com\/?post_type=product&#038;p=6375"},"modified":"2025-04-05T07:23:10","modified_gmt":"2025-04-05T07:23:10","slug":"flange-flexible-couplings","status":"publish","type":"product","link":"https:\/\/fmp-components.com\/sk\/product\/flange-flexible-couplings\/","title":{"rendered":"Pr\u00edrubov\u00e9 flexibiln\u00e9 spojky"},"content":{"rendered":"<p>Flexibiln\u00e9 spojky FMP s\u00fa vyroben\u00e9 tak, aby zni\u017eovali vibr\u00e1cie a n\u00e1klady na opravu prevodov\u00fdch syst\u00e9mov. Ich \u0161peci\u00e1lna kon\u0161trukcia pom\u00e1ha chr\u00e1ni\u0165 prevodovku pred po\u0161koden\u00edm a po\u010das prev\u00e1dzky sp\u00f4sobuje menej hluku, v\u010faka \u010domu syst\u00e9m funguje lep\u0161ie a vydr\u017e\u00ed dlh\u0161ie. Navy\u0161e sa tieto spojky \u013eahko in\u0161taluj\u00fa a nastavuj\u00fa, tak\u017ee m\u00f4\u017eete u\u0161etri\u0165 \u010das a n\u00e1mahu.<\/p>\n<p>Spolo\u010dnos\u0165 FMP pou\u017e\u00edva na v\u00fdrobu svojich spojok siln\u00fd polyesterov\u00fd elastom\u00e9r. Tento materi\u00e1l je odoln\u00fd a nedeformuje sa, a to ani pri kontakte s mazac\u00edmi kvapalinami. V\u010faka tomu je spojka pevn\u00e1 a dobre funguj\u00faca aj v n\u00e1ro\u010dn\u00fdch podmienkach.<\/p>\n<p>Spojka je skon\u0161truovan\u00e1 tak, aby pren\u00e1\u0161ala kr\u00fatiaci moment (druh oto\u010dnej sily) stabilne r\u00fdchlos\u0165ou pribli\u017ene \u0161tvr\u0165 palca za min\u00fatu. T\u00e1to plynul\u00e1 a stabiln\u00e1 sila pom\u00e1ha spojke vydr\u017ea\u0165 dlh\u0161ie, tak\u017ee m\u00f4\u017ee dobre fungova\u0165 roky s ve\u013emi malou \u00fadr\u017ebou.<\/p>\n<p>V\u010faka t\u00fdmto vlastnostiam s\u00fa flexibiln\u00e9 spojky FMP skvelou vo\u013ebou, ak chcete, aby v\u00e1\u0161 prevodov\u00fd syst\u00e9m fungoval lep\u0161ie a vydr\u017eal dlh\u0161ie.<\/p>\n<p><img loading=\"lazy\" decoding=\"async\" class=\"wp-image-6377 aligncenter\" src=\"https:\/\/fmp-components.com\/wp-content\/uploads\/2025\/03\/Flange-Flexible-Couplings-2.webp\" alt=\"Pr\u00edrubov\u00e9 flexibiln\u00e9 spojky\" width=\"836\" height=\"303\" title=\"\" srcset=\"https:\/\/fmp-components.com\/wp-content\/uploads\/2025\/03\/Flange-Flexible-Couplings-2.webp 836w, https:\/\/fmp-components.com\/wp-content\/uploads\/2025\/03\/Flange-Flexible-Couplings-2-480x174.webp 480w\" sizes=\"(min-width: 0px) and (max-width: 480px) 480px, (min-width: 481px) 836px, 100vw\" \/><\/p>\n<h2 style=\"text-align: left;\" align=\"center\">\u0160pecifik\u00e1cie pr\u00edrubov\u00fdch flexibiln\u00fdch spojok<\/h2>\n<p><img loading=\"lazy\" decoding=\"async\" class=\"wp-image-6378 aligncenter\" src=\"https:\/\/fmp-components.com\/wp-content\/uploads\/2025\/03\/Flange-Flexible-Couplings-3.webp\" alt=\"Pr\u00edrubov\u00e9 flexibiln\u00e9 spojky\" width=\"200\" height=\"216\" title=\"\"><\/p>\n<table style=\"width: 102.258%; height: 601px;\" border=\"1\" cellspacing=\"1\" cellpadding=\"1\" bgcolor=\"#99ccff\">\n<tbody>\n<tr>\n<td align=\"center\" width=\"45\">VE\u013dKOS\u0164<\/td>\n<td align=\"center\" width=\"35\">Nm<\/td>\n<td align=\"center\" width=\"29\">ot.\/min.<\/td>\n<td align=\"center\" width=\"21\">D<\/td>\n<td align=\"center\" width=\"25\">D1<\/td>\n<td align=\"center\" width=\"14\">d1<\/td>\n<td align=\"center\" width=\"25\">L<\/td>\n<td align=\"center\" width=\"9\">C<\/td>\n<td align=\"center\" width=\"73\">nM<\/td>\n<td align=\"center\" width=\"34\">KG<\/td>\n<\/tr>\n<tr bgcolor=\"#cccccc\">\n<td align=\"center\" width=\"45\">90<\/td>\n<td align=\"center\" width=\"35\">4<\/td>\n<td align=\"center\" width=\"29\">4000<\/td>\n<td align=\"center\" width=\"21\">90<\/td>\n<td align=\"center\" width=\"25\">35.5<\/td>\n<td align=\"center\" width=\"14\">11<\/td>\n<td align=\"center\" width=\"25\">28<\/td>\n<td align=\"center\" width=\"9\">3<\/td>\n<td align=\"center\" width=\"73\">4-M8*50<\/td>\n<td align=\"center\" width=\"34\">1.7<\/td>\n<\/tr>\n<tr>\n<td align=\"center\" width=\"45\">100<\/td>\n<td align=\"center\" width=\"35\">10<\/td>\n<td align=\"center\" width=\"29\">4000<\/td>\n<td align=\"center\" width=\"21\">100<\/td>\n<td align=\"center\" width=\"25\">40<\/td>\n<td align=\"center\" width=\"14\">11<\/td>\n<td align=\"center\" width=\"25\">35.5<\/td>\n<td align=\"center\" width=\"9\">3<\/td>\n<td align=\"center\" width=\"73\">4-M10*56<\/td>\n<td align=\"center\" width=\"34\">2.3<\/td>\n<\/tr>\n<tr bgcolor=\"#cccccc\">\n<td align=\"center\" width=\"45\">112<\/td>\n<td align=\"center\" width=\"35\">16<\/td>\n<td align=\"center\" width=\"29\">4000<\/td>\n<td align=\"center\" width=\"21\">112<\/td>\n<td align=\"center\" width=\"25\">45<\/td>\n<td align=\"center\" width=\"14\">13<\/td>\n<td align=\"center\" width=\"25\">40<\/td>\n<td align=\"center\" width=\"9\">3<\/td>\n<td align=\"center\" width=\"73\">4-M10*56<\/td>\n<td align=\"center\" width=\"34\">2.8<\/td>\n<\/tr>\n<tr>\n<td align=\"center\" width=\"45\">125<\/td>\n<td align=\"center\" width=\"35\">25<\/td>\n<td align=\"center\" width=\"29\">4000<\/td>\n<td align=\"center\" width=\"21\">125<\/td>\n<td align=\"center\" width=\"25\">50<\/td>\n<td align=\"center\" width=\"14\">13<\/td>\n<td align=\"center\" width=\"25\">45<\/td>\n<td align=\"center\" width=\"9\">3<\/td>\n<td align=\"center\" width=\"73\">4-M12*64<\/td>\n<td align=\"center\" width=\"34\">4.0<\/td>\n<\/tr>\n<tr bgcolor=\"#cccccc\">\n<td align=\"center\" width=\"45\">140<\/td>\n<td align=\"center\" width=\"35\">50<\/td>\n<td align=\"center\" width=\"29\">4000<\/td>\n<td align=\"center\" width=\"21\">140<\/td>\n<td align=\"center\" width=\"25\">63<\/td>\n<td align=\"center\" width=\"14\">13<\/td>\n<td align=\"center\" width=\"25\">50<\/td>\n<td align=\"center\" width=\"9\">3<\/td>\n<td align=\"center\" width=\"73\">6-M12*64<\/td>\n<td align=\"center\" width=\"34\">5.4<\/td>\n<\/tr>\n<tr>\n<td align=\"center\" width=\"45\">160<\/td>\n<td align=\"center\" width=\"35\">110<\/td>\n<td align=\"center\" width=\"29\">4000<\/td>\n<td align=\"center\" width=\"21\">160<\/td>\n<td align=\"center\" width=\"25\">80<\/td>\n<td align=\"center\" width=\"14\">15<\/td>\n<td align=\"center\" width=\"25\">56<\/td>\n<td align=\"center\" width=\"9\">3<\/td>\n<td align=\"center\" width=\"73\">8-M12*64<\/td>\n<td align=\"center\" width=\"34\">8.0<\/td>\n<\/tr>\n<tr bgcolor=\"#cccccc\">\n<td align=\"center\" width=\"45\">180<\/td>\n<td align=\"center\" width=\"35\">157<\/td>\n<td align=\"center\" width=\"29\">3500<\/td>\n<td align=\"center\" width=\"21\">180<\/td>\n<td align=\"center\" width=\"25\">90<\/td>\n<td align=\"center\" width=\"14\">15<\/td>\n<td align=\"center\" width=\"25\">63<\/td>\n<td align=\"center\" width=\"9\">3<\/td>\n<td align=\"center\" width=\"73\">8-M12*64<\/td>\n<td align=\"center\" width=\"34\">10.5<\/td>\n<\/tr>\n<tr>\n<td align=\"center\" width=\"45\">200<\/td>\n<td align=\"center\" width=\"35\">245<\/td>\n<td align=\"center\" width=\"29\">3200<\/td>\n<td align=\"center\" width=\"21\">200<\/td>\n<td align=\"center\" width=\"25\">100<\/td>\n<td align=\"center\" width=\"14\">21<\/td>\n<td align=\"center\" width=\"25\">71<\/td>\n<td align=\"center\" width=\"9\">4<\/td>\n<td align=\"center\" width=\"73\">8-M20*85<\/td>\n<td align=\"center\" width=\"34\">16.2<\/td>\n<\/tr>\n<tr bgcolor=\"#cccccc\">\n<td align=\"center\" width=\"45\">224<\/td>\n<td align=\"center\" width=\"35\">392<\/td>\n<td align=\"center\" width=\"29\">2850<\/td>\n<td align=\"center\" width=\"21\">224<\/td>\n<td align=\"center\" width=\"25\">112<\/td>\n<td align=\"center\" width=\"14\">21<\/td>\n<td align=\"center\" width=\"25\">80<\/td>\n<td align=\"center\" width=\"9\">4<\/td>\n<td align=\"center\" width=\"73\">8-M20*85<\/td>\n<td align=\"center\" width=\"34\">21.3<\/td>\n<\/tr>\n<tr>\n<td align=\"center\" width=\"45\">250<\/td>\n<td align=\"center\" width=\"35\">618<\/td>\n<td align=\"center\" width=\"29\">2550<\/td>\n<td align=\"center\" width=\"21\">250<\/td>\n<td align=\"center\" width=\"25\">125<\/td>\n<td align=\"center\" width=\"14\">25<\/td>\n<td align=\"center\" width=\"25\">90<\/td>\n<td align=\"center\" width=\"9\">4<\/td>\n<td align=\"center\" width=\"73\">8-M24*100<\/td>\n<td align=\"center\" width=\"34\">31.6<\/td>\n<\/tr>\n<tr bgcolor=\"#cccccc\">\n<td align=\"center\" width=\"45\">280<\/td>\n<td align=\"center\" width=\"35\">980<\/td>\n<td align=\"center\" width=\"29\">2300<\/td>\n<td align=\"center\" width=\"21\">280<\/td>\n<td align=\"center\" width=\"25\">140<\/td>\n<td align=\"center\" width=\"14\">34<\/td>\n<td align=\"center\" width=\"25\">100<\/td>\n<td align=\"center\" width=\"9\">4<\/td>\n<td align=\"center\" width=\"73\">8-M24*116<\/td>\n<td align=\"center\" width=\"34\">44.0<\/td>\n<\/tr>\n<tr>\n<td align=\"center\" width=\"45\">315<\/td>\n<td align=\"center\" width=\"35\">1568<\/td>\n<td align=\"center\" width=\"29\">2050<\/td>\n<td align=\"center\" width=\"21\">315<\/td>\n<td align=\"center\" width=\"25\">160<\/td>\n<td align=\"center\" width=\"14\">41<\/td>\n<td align=\"center\" width=\"25\">112<\/td>\n<td align=\"center\" width=\"9\">4<\/td>\n<td align=\"center\" width=\"73\">10-M24*116<\/td>\n<td align=\"center\" width=\"34\">57.7<\/td>\n<\/tr>\n<tr bgcolor=\"#cccccc\">\n<td align=\"center\" width=\"45\">355<\/td>\n<td align=\"center\" width=\"35\">2450<\/td>\n<td align=\"center\" width=\"29\">1800<\/td>\n<td align=\"center\" width=\"21\">355<\/td>\n<td align=\"center\" width=\"25\">180<\/td>\n<td align=\"center\" width=\"14\">60<\/td>\n<td align=\"center\" width=\"25\">125<\/td>\n<td align=\"center\" width=\"9\">5<\/td>\n<td align=\"center\" width=\"73\">8-M30*150<\/td>\n<td align=\"center\" width=\"34\">89.5<\/td>\n<\/tr>\n<tr>\n<td align=\"center\" width=\"45\">400<\/td>\n<td align=\"center\" width=\"35\">3920<\/td>\n<td align=\"center\" width=\"29\">1600<\/td>\n<td align=\"center\" width=\"21\">400<\/td>\n<td align=\"center\" width=\"25\">200<\/td>\n<td align=\"center\" width=\"14\">60<\/td>\n<td align=\"center\" width=\"25\">125<\/td>\n<td align=\"center\" width=\"9\">5<\/td>\n<td align=\"center\" width=\"73\">10-M30*150<\/td>\n<td align=\"center\" width=\"34\">89.5<\/td>\n<\/tr>\n<tr bgcolor=\"#cccccc\">\n<td align=\"center\" width=\"45\">450<\/td>\n<td align=\"center\" width=\"35\">6174<\/td>\n<td align=\"center\" width=\"29\">1400<\/td>\n<td align=\"center\" width=\"21\">450<\/td>\n<td align=\"center\" width=\"25\">224<\/td>\n<td align=\"center\" width=\"14\">65<\/td>\n<td align=\"center\" width=\"25\">140<\/td>\n<td align=\"center\" width=\"9\">5<\/td>\n<td align=\"center\" width=\"73\">12-M30*150<\/td>\n<td align=\"center\" width=\"34\">145<\/td>\n<\/tr>\n<tr>\n<td align=\"center\" width=\"45\">560<\/td>\n<td align=\"center\" width=\"35\">9800<\/td>\n<td align=\"center\" width=\"29\">1150<\/td>\n<td align=\"center\" width=\"21\">560<\/td>\n<td align=\"center\" width=\"25\">250<\/td>\n<td align=\"center\" width=\"14\">85<\/td>\n<td align=\"center\" width=\"25\">160<\/td>\n<td align=\"center\" width=\"9\">5<\/td>\n<td align=\"center\" width=\"73\">14-M30*150<\/td>\n<td align=\"center\" width=\"34\">229<\/td>\n<\/tr>\n<tr bgcolor=\"#cccccc\">\n<td align=\"center\" width=\"45\">630<\/td>\n<td align=\"center\" width=\"35\">15680<\/td>\n<td align=\"center\" width=\"29\">1000<\/td>\n<td align=\"center\" width=\"21\">630<\/td>\n<td align=\"center\" width=\"25\">280<\/td>\n<td align=\"center\" width=\"14\">95<\/td>\n<td align=\"center\" width=\"25\">180<\/td>\n<td align=\"center\" width=\"9\">5<\/td>\n<td align=\"center\" width=\"73\">18-M30*150<\/td>\n<td align=\"center\" width=\"34\">296<\/td>\n<\/tr>\n<\/tbody>\n<\/table>\n<h3>Typy flexibiln\u00fdch spojok<\/h3>\n<div>\n<p class=\"break-words\" dir=\"auto\">Pru\u017en\u00e9 spojky s\u00fa mechanick\u00e9 zariadenia pou\u017e\u00edvan\u00e9 na spojenie dvoch hriade\u013eov, ktor\u00e9 umo\u017e\u0148uj\u00fa prenos kr\u00fatiaceho momentu a z\u00e1rove\u0148 vyrovn\u00e1vaj\u00fa nes\u00faosos\u0165 a zni\u017euj\u00fa nam\u00e1hanie spojen\u00fdch komponentov. Jedn\u00fdm be\u017en\u00fdm typom je \u010de\u013eus\u0165ov\u00e1 spojka, ktor\u00e1 pozost\u00e1va z dvoch n\u00e1bojov s do seba zapadaj\u00facimi \u010de\u013eus\u0165ami a elastom\u00e9rovej pav\u00fakovej vlo\u017eky. Pav\u00fak absorbuje n\u00e1razy, tlm\u00ed vibr\u00e1cie a kompenzuje men\u0161ie uhlov\u00e9, rovnobe\u017en\u00e9 a axi\u00e1lne nes\u00faososti, v\u010faka \u010domu je ide\u00e1lny pre v\u0161eobecn\u00e9 aplik\u00e1cie, ako s\u00fa \u010derpadl\u00e1 a motory.<\/p>\n<p class=\"break-words\" dir=\"auto\">\u010eal\u0161\u00edm typom je vlnovcov\u00e1 spojka, ktor\u00e1 sa vyzna\u010duje tenk\u00fdm, flexibiln\u00fdm kovov\u00fdm vlnovcom, ktor\u00fd sp\u00e1ja hriadele. T\u00e1to kon\u0161trukcia poskytuje vysok\u00fa torzn\u00fa tuhos\u0165 pre presn\u00fd prenos kr\u00fatiaceho momentu a z\u00e1rove\u0148 umo\u017e\u0148uje flexibilitu pri zvl\u00e1dan\u00ed uhlov\u00fdch a axi\u00e1lnych odch\u00fdlok. Vlnovcov\u00e9 spojky sa \u010dasto pou\u017e\u00edvaj\u00fa vo vysoko presn\u00fdch syst\u00e9moch, ako s\u00fa servomotory a enkod\u00e9ry, kde je udr\u017eanie presnosti za dynamick\u00fdch podmienok kritick\u00e9.<\/p>\n<p class=\"break-words\" dir=\"auto\">Tret\u00edm typom je lamelov\u00e1 spojka, ktor\u00e1 vyu\u017e\u00edva s\u00e9riu tenk\u00fdch, flexibiln\u00fdch kovov\u00fdch diskov naskladan\u00fdch do jedn\u00e9ho celku a tvor\u00ed tak blok. Blok diskov sa oh\u00fdba, aby sa vyrovnalo s nespr\u00e1vnym zarovnan\u00edm a absorbuje vibr\u00e1cie, pri\u010dom st\u00e1le efekt\u00edvne pren\u00e1\u0161a kr\u00fatiaci moment. Lamelov\u00e9 spojky s\u00fa vysoko odoln\u00e9 a vhodn\u00e9 pre n\u00e1ro\u010dn\u00e9 aplik\u00e1cie, ako s\u00fa turb\u00edny a kompresory, kde je nevyhnutn\u00e1 spo\u013eahlivos\u0165 a minim\u00e1lna \u00fadr\u017eba.<\/p>\n<p dir=\"auto\"><img loading=\"lazy\" decoding=\"async\" class=\"wp-image-7803 aligncenter\" src=\"https:\/\/fmp-components.com\/wp-content\/uploads\/2025\/03\/flexible-coupling3.webp\" alt=\"flexibiln\u00e1 spojka\" width=\"531\" height=\"476\" title=\"\" srcset=\"https:\/\/fmp-components.com\/wp-content\/uploads\/2025\/03\/flexible-coupling3.webp 173w, https:\/\/fmp-components.com\/wp-content\/uploads\/2025\/03\/flexible-coupling3-13x12.webp 13w\" sizes=\"(max-width: 531px) 100vw, 531px\" \/><\/p>\n<\/div>\n<h2>Pr\u00edrubov\u00e9 flexibiln\u00e9 spojky: Presn\u00e9 in\u017einierstvo od talianskych expertov na spojky FMP<\/h2>\n<p>FMP je popredn\u00fd taliansky v\u00fdrobca, ktor\u00fd sa \u0161pecializuje na \u0161irok\u00fa \u0161k\u00e1lu spojok ur\u010den\u00fdch na prenos kr\u00fatiaceho momentu medzi hriade\u013emi a z\u00e1rove\u0148 vyrovn\u00e1va nes\u00faosos\u0165 a pohyb. \u010ci u\u017e sa nach\u00e1dzate v ru\u0161nom v\u00fdrobnom priemysle v Mil\u00e1ne alebo v remeseln\u00edckej dielni vo Florencii, na\u0161e pr\u00edrubov\u00e9 flexibiln\u00e9 spojky \u2013 vyroben\u00e9 z odoln\u00fdch materi\u00e1lov, ako je nehrdzavej\u00faca oce\u013e, guma a mosadz \u2013 zabezpe\u010duj\u00fa bezprobl\u00e9mov\u00fd prenos v\u00fdkonu a prev\u00e1dzkov\u00fa \u00fa\u010dinnos\u0165 v aplik\u00e1ci\u00e1ch od \u010derpac\u00edch s\u00faprav a\u017e po lodn\u00e9 pohony.<\/p>\n<p>Spolo\u010dnos\u0165 FMP sa p\u00fd\u0161i ponukou \u0161irokej \u0161k\u00e1ly typov spojok vr\u00e1tane mechanicky flexibiln\u00fdch, kovov\u00fdch a elastom\u00e9rov\u00fdch spojok, pri\u010dom v\u0161etky s\u00fa prisp\u00f4soben\u00e9 \u0161pecifick\u00fdm priemyseln\u00fdm potreb\u00e1m. Okrem n\u00e1\u0161ho rozsiahleho sortimentu produktov pon\u00fakame aj rie\u0161enia na mieru pre z\u00e1kazn\u00edkov v Taliansku a mimo neho. Ak sa nach\u00e1dzate v Bologni a potrebujete jedine\u010dn\u00fa pr\u00edrubov\u00fa flexibiln\u00fa spojku pre svoje po\u013enohospod\u00e1rske stroje alebo h\u013ead\u00e1te dizajn na mieru pre vysokor\u00fdchlostn\u00fa aplik\u00e1ciu v Mil\u00e1ne, odborn\u00ed in\u017einieri spolo\u010dnosti FMP s\u00fa pripraven\u00ed s vami spolupracova\u0165. N\u00e1\u0161 proces v\u00fdroby na mieru zabezpe\u010duje, \u017ee ka\u017ed\u00e1 spojka je vyroben\u00e1 presne pod\u013ea va\u0161ich \u0161pecifik\u00e1ci\u00ed a poskytuje v\u00fdkon a odolnos\u0165, na ktor\u00e9 sa m\u00f4\u017eete spo\u013eahn\u00fa\u0165.<\/p>\n<p>Neviete n\u00e1js\u0165 v na\u0161om zozname produktov presn\u00fd model, ktor\u00fd potrebujete? Nebojte sa \u2013 n\u00e1\u0161 katal\u00f3g neust\u00e1le aktualizujeme a mo\u017eno sme e\u0161te nenahrali v\u0161etky mo\u017enosti. Pre firmy vo Florencii, Bologni alebo kdeko\u013evek inde n\u00e1m jednoducho po\u0161lite svoje po\u017eiadavky e-mailom. N\u00e1\u0161 \u0161pecializovan\u00fd t\u00edm talianskych in\u017einierov v\u00e1m odpovie do 24 hod\u00edn s radami a rie\u0161eniami na mieru.<\/p>","protected":false},"excerpt":{"rendered":"<p>FMP&#8217;s flexible couplings are made to reduce vibration and cut down the cost of fixing transmission systems. Their special design helps protect the transmission from damage and makes less noise while running, which makes the system work better and last longer. Plus, these couplings are easy to install and adjust, so you can save time [&hellip;]<\/p>","protected":false},"featured_media":6376,"comment_status":"open","ping_status":"closed","template":"","meta":{"_et_pb_use_builder":"","_et_pb_old_content":"","_et_gb_content_width":""},"product_brand":[],"product_cat":[101],"product_tag":[],"class_list":{"0":"post-6375","1":"product","2":"type-product","3":"status-publish","4":"has-post-thumbnail","6":"product_cat-coupling","8":"first","9":"instock","10":"shipping-taxable","11":"product-type-simple"},"_links":{"self":[{"href":"https:\/\/fmp-components.com\/sk\/wp-json\/wp\/v2\/product\/6375","targetHints":{"allow":["GET"]}}],"collection":[{"href":"https:\/\/fmp-components.com\/sk\/wp-json\/wp\/v2\/product"}],"about":[{"href":"https:\/\/fmp-components.com\/sk\/wp-json\/wp\/v2\/types\/product"}],"replies":[{"embeddable":true,"href":"https:\/\/fmp-components.com\/sk\/wp-json\/wp\/v2\/comments?post=6375"}],"wp:featuredmedia":[{"embeddable":true,"href":"https:\/\/fmp-components.com\/sk\/wp-json\/wp\/v2\/media\/6376"}],"wp:attachment":[{"href":"https:\/\/fmp-components.com\/sk\/wp-json\/wp\/v2\/media?parent=6375"}],"wp:term":[{"taxonomy":"product_brand","embeddable":true,"href":"https:\/\/fmp-components.com\/sk\/wp-json\/wp\/v2\/product_brand?post=6375"},{"taxonomy":"product_cat","embeddable":true,"href":"https:\/\/fmp-components.com\/sk\/wp-json\/wp\/v2\/product_cat?post=6375"},{"taxonomy":"product_tag","embeddable":true,"href":"https:\/\/fmp-components.com\/sk\/wp-json\/wp\/v2\/product_tag?post=6375"}],"curies":[{"name":"pracovn\u00fd list","href":"https:\/\/api.w.org\/{rel}","templated":true}]}}