{"id":5271,"date":"2025-02-05T06:15:34","date_gmt":"2025-02-05T06:15:34","guid":{"rendered":"https:\/\/fmp-components.com\/?post_type=product&#038;p=5271"},"modified":"2025-02-05T06:20:23","modified_gmt":"2025-02-05T06:20:23","slug":"cast-iron-sprocket","status":"publish","type":"product","link":"https:\/\/fmp-components.com\/sk\/product\/cast-iron-sprocket\/","title":{"rendered":"Liatinov\u00e9 ozuben\u00e9 koleso"},"content":{"rendered":"<h2>Preh\u013ead liatinov\u00e9ho ozuben\u00e9ho kolesa<\/h2>\n<p>Na\u0161e liatinov\u00e9 ozuben\u00e9 koles\u00e1 s\u00fa navrhnut\u00e9 a vyroben\u00e9 tak, aby poskytovali v\u00fdnimo\u010dn\u00fd v\u00fdkon a odolnos\u0165. Tieto ozuben\u00e9 koles\u00e1 sa \u0161iroko pou\u017e\u00edvaj\u00fa v r\u00f4znych priemyseln\u00fdch aplik\u00e1ci\u00e1ch, kde je spo\u013eahlivos\u0165 a dlh\u00e1 \u017eivotnos\u0165 k\u013e\u00fa\u010dov\u00e1. Pou\u017e\u00edvame vysoko kvalitn\u00e9 materi\u00e1ly a pokro\u010dil\u00e9 v\u00fdrobn\u00e9 techniky na v\u00fdrobu ozuben\u00fdch kolies, ktor\u00e9 sp\u013a\u0148aj\u00fa najvy\u0161\u0161ie \u0161tandardy presnosti a odolnosti.<\/p>\n<h3>V\u00fdber materi\u00e1lu<\/h3>\n<p>Na\u0161e ve\u013ek\u00e9 a mal\u00e9 ozuben\u00e9 koles\u00e1 s\u00fa vyroben\u00e9 z vysoko kvalitnej uhl\u00edkovej kon\u0161truk\u010dnej ocele, \u010do zaru\u010duje vynikaj\u00facu pevnos\u0165 a odolnos\u0165 proti opotrebovaniu. Okrem toho pon\u00fakame mo\u017enosti prisp\u00f4sobenia z r\u00f4znych materi\u00e1lov, ako je nehrdzavej\u00faca oce\u013e, uhl\u00edkov\u00e1 oce\u013e a in\u00e9 \u0161peci\u00e1lne zliatiny, \u010do n\u00e1m umo\u017e\u0148uje prisp\u00f4sobi\u0165 ozuben\u00e9 koles\u00e1 \u0161pecifick\u00fdm po\u017eiadavk\u00e1m z\u00e1kazn\u00edka.<\/p>\n<h3>Technol\u00f3gia spracovania a \u00fapravy<\/h3>\n<p>Aby sme zabezpe\u010dili optim\u00e1lny v\u00fdkon, po\u010das v\u00fdrobn\u00e9ho procesu pou\u017e\u00edvame pokro\u010dil\u00fa technol\u00f3giu fr\u00e9zovania ozuben\u00fdch kolies. V\u00fdsledkom s\u00fa ozuben\u00e9 koles\u00e1 s vysoko presn\u00fdmi profilmi zubov. Po tvarovan\u00ed prech\u00e1dzaj\u00fa ozuben\u00e9 koles\u00e1 procesom kalenia a pop\u00fa\u0161\u0165ania, ktor\u00fd v\u00fdrazne zlep\u0161uje ich mechanick\u00e9 vlastnosti. Tvrdos\u0165 zubov je starostlivo kontrolovan\u00e1 a dosahuje \u00farovne medzi 68 \u2013 72 HRA, \u010do poskytuje vynikaj\u00facu odolnos\u0165 proti opotrebovaniu a pevnos\u0165.<\/p>\n<h3>Produktov\u00e1 rada<\/h3>\n<p>Pon\u00fakame \u0161irok\u00fd sortiment ozuben\u00fdch kolies, od \u0161tandardn\u00fdch, cenovo dostupn\u00fdch modelov a\u017e po pr\u00e9miov\u00e9 ozuben\u00e9 koles\u00e1 ur\u010den\u00e9 pre n\u00e1ro\u010dn\u00e9 aplik\u00e1cie. N\u00e1\u0161 v\u00fdrobn\u00fd proces je v ka\u017edej f\u00e1ze pr\u00edsne kontrolovan\u00fd, aby sme zaru\u010dili konzistentnos\u0165 a presnos\u0165 ka\u017ed\u00e9ho produktu.<\/p>\n<h3>K\u013e\u00fa\u010dov\u00e9 vlastnosti liatinov\u00fdch ozuben\u00fdch kolies<\/h3>\n<ul>\n<li><strong>Rozmanitos\u0165 materi\u00e1lov<\/strong>Na\u0161e liatinov\u00e9 ozuben\u00e9 koles\u00e1 s\u00fa dostupn\u00e9 v r\u00f4znych materi\u00e1lov\u00fdch variantoch vr\u00e1tane uhl\u00edkovej ocele, nehrdzavej\u00facej ocele a in\u00fdch zliatin, aby sme splnili rozmanit\u00e9 potreby na\u0161ich z\u00e1kazn\u00edkov.<\/li>\n<li><strong>Prisp\u00f4sobenie k dispoz\u00edcii<\/strong>Pon\u00fakame kompletn\u00e9 prisp\u00f4sobenie na z\u00e1klade po\u017eiadaviek pou\u017e\u00edvate\u013ea, \u010d\u00edm zabezpe\u010dujeme, aby ozuben\u00e9 koles\u00e1 boli vhodn\u00e9 pre \u0161pecifick\u00e9 prev\u00e1dzkov\u00e9 podmienky.<\/li>\n<li><strong>Tepeln\u00e9 spracovanie<\/strong>Ka\u017ed\u00e9 ozuben\u00e9 koleso je podroben\u00e9 procesu tepeln\u00e9ho spracovania, aby sa dosiahla po\u017eadovan\u00e1 tvrdos\u0165, \u010do zvy\u0161uje jeho trvanlivos\u0165 a odolnos\u0165 vo\u010di opotrebovaniu.<\/li>\n<li><strong>Presn\u00e1 v\u00fdroba<\/strong>Ozuben\u00e9 koles\u00e1 s\u00fa starostlivo opracovan\u00e9, aby sa zabezpe\u010dili \u010dist\u00e9 hrany a povrchy bez otrepov, \u010d\u00edm sa zlep\u0161uje celkov\u00e1 estetika a prev\u00e1dzkov\u00e1 kvalita.<\/li>\n<li><strong>Dlh\u00e1 \u017eivotnos\u0165<\/strong>V\u010faka pr\u00edsnemu v\u00fdberu materi\u00e1lu, vysokej tvrdosti a stabilnej prev\u00e1dzke s\u00fa na\u0161e liatinov\u00e9 ozuben\u00e9 koles\u00e1 vyroben\u00e9 tak, aby vydr\u017eali a pon\u00fakali dlh\u0161iu \u017eivotnos\u0165 aj vo vysoko nam\u00e1han\u00fdch prostrediach.<\/li>\n<li><strong>Stabiln\u00e1 prev\u00e1dzka<\/strong>Na\u0161e ozuben\u00e9 koles\u00e1 s\u00fa navrhnut\u00e9 na prev\u00e1dzku pri vysok\u00fdch r\u00fdchlostiach a poskytuj\u00fa plynul\u00fd a stabiln\u00fd v\u00fdkon, \u010d\u00edm zni\u017euj\u00fa riziko preru\u0161enia prev\u00e1dzky alebo vibr\u00e1ci\u00ed.<\/li>\n<\/ul>\n<p>Na\u0161e liatinov\u00e9 ozuben\u00e9 koles\u00e1 s\u00fa navrhnut\u00e9 pre spo\u013eahlivos\u0165 a v\u00fdkon. V\u010faka pr\u00edsnemu v\u00fdberu materi\u00e1lov, pokro\u010dil\u00fdm technik\u00e1m spracovania a mo\u017enostiam prisp\u00f4sobenia poskytuj\u00fa ide\u00e1lne rie\u0161enie pre aplik\u00e1cie vy\u017eaduj\u00face vysok\u00fa odolnos\u0165 a stabiln\u00fa prev\u00e1dzku. \u010ci u\u017e potrebujete \u0161tandardn\u00e9 ozuben\u00e9 koleso alebo ozuben\u00e9 koleso na mieru, sme tu, aby sme v\u00e1m pon\u00fakli vysokokvalitn\u00e9 rie\u0161enia prisp\u00f4soben\u00e9 va\u0161im potreb\u00e1m.<\/p>\n<h2>Zoznam ozuben\u00fdch kolies z liatiny\uff1a<\/h2>\n<p><img loading=\"lazy\" decoding=\"async\" class=\"alignnone size-full wp-image-5272\" src=\"https:\/\/fmp-components.com\/wp-content\/uploads\/2025\/02\/fmp-cast-iron-sprocket-1.webp\" alt=\"ozuben\u00e9 koleso z liatiny fmp\" width=\"1059\" height=\"464\" title=\"\" srcset=\"https:\/\/fmp-components.com\/wp-content\/uploads\/2025\/02\/fmp-cast-iron-sprocket-1.webp 1059w, https:\/\/fmp-components.com\/wp-content\/uploads\/2025\/02\/fmp-cast-iron-sprocket-1-980x429.webp 980w, https:\/\/fmp-components.com\/wp-content\/uploads\/2025\/02\/fmp-cast-iron-sprocket-1-480x210.webp 480w\" sizes=\"(min-width: 0px) and (max-width: 480px) 480px, (min-width: 481px) and (max-width: 980px) 980px, (min-width: 981px) 1059px, 100vw\" \/><\/p>\n<h3>Liatinov\u00e9 ozuben\u00e9 koleso 06B<\/h3>\n<p><img loading=\"lazy\" decoding=\"async\" class=\"alignnone size-full wp-image-5273\" src=\"https:\/\/fmp-components.com\/wp-content\/uploads\/2025\/02\/fmp-cast-iron-sprocket-2.webp\" alt=\"ozuben\u00e9 koleso z liatiny fmp\" width=\"935\" height=\"434\" title=\"\" srcset=\"https:\/\/fmp-components.com\/wp-content\/uploads\/2025\/02\/fmp-cast-iron-sprocket-2.webp 935w, https:\/\/fmp-components.com\/wp-content\/uploads\/2025\/02\/fmp-cast-iron-sprocket-2-480x223.webp 480w\" sizes=\"(min-width: 0px) and (max-width: 480px) 480px, (min-width: 481px) 935px, 100vw\" \/><\/p>\n<h3>Liatinov\u00e9 ozuben\u00e9 koleso 08B<\/h3>\n<p><img loading=\"lazy\" decoding=\"async\" class=\"alignnone size-full wp-image-5274\" src=\"https:\/\/fmp-components.com\/wp-content\/uploads\/2025\/02\/fmp-cast-iron-sprocket-3.webp\" alt=\"ozuben\u00e9 koleso z liatiny fmp\" width=\"934\" height=\"442\" title=\"\" srcset=\"https:\/\/fmp-components.com\/wp-content\/uploads\/2025\/02\/fmp-cast-iron-sprocket-3.webp 934w, https:\/\/fmp-components.com\/wp-content\/uploads\/2025\/02\/fmp-cast-iron-sprocket-3-480x227.webp 480w\" sizes=\"(min-width: 0px) and (max-width: 480px) 480px, (min-width: 481px) 934px, 100vw\" \/><\/p>\n<h3>Liatinov\u00e9 ozuben\u00e9 koleso 10B<\/h3>\n<p><img loading=\"lazy\" decoding=\"async\" class=\"alignnone size-full wp-image-5275\" src=\"https:\/\/fmp-components.com\/wp-content\/uploads\/2025\/02\/fmp-cast-iron-sprocket-4.webp\" alt=\"ozuben\u00e9 koleso z liatiny fmp\" width=\"937\" height=\"403\" title=\"\" srcset=\"https:\/\/fmp-components.com\/wp-content\/uploads\/2025\/02\/fmp-cast-iron-sprocket-4.webp 937w, https:\/\/fmp-components.com\/wp-content\/uploads\/2025\/02\/fmp-cast-iron-sprocket-4-480x206.webp 480w\" sizes=\"(min-width: 0px) and (max-width: 480px) 480px, (min-width: 481px) 937px, 100vw\" \/><\/p>\n<h3>Liatinov\u00e9 ozuben\u00e9 koleso 12B<\/h3>\n<p><img loading=\"lazy\" decoding=\"async\" class=\"alignnone size-full wp-image-5276\" src=\"https:\/\/fmp-components.com\/wp-content\/uploads\/2025\/02\/fmp-cast-iron-sprocket-5.webp\" alt=\"ozuben\u00e9 koleso z liatiny fmp\" width=\"937\" height=\"426\" title=\"\" srcset=\"https:\/\/fmp-components.com\/wp-content\/uploads\/2025\/02\/fmp-cast-iron-sprocket-5.webp 937w, https:\/\/fmp-components.com\/wp-content\/uploads\/2025\/02\/fmp-cast-iron-sprocket-5-480x218.webp 480w\" sizes=\"(min-width: 0px) and (max-width: 480px) 480px, (min-width: 481px) 937px, 100vw\" \/><\/p>\n<h3>Liatinov\u00e9 ozuben\u00e9 koleso 16B<\/h3>\n<p><img loading=\"lazy\" decoding=\"async\" class=\"alignnone size-full wp-image-5277\" src=\"https:\/\/fmp-components.com\/wp-content\/uploads\/2025\/02\/fmp-cast-iron-sprocket-6.webp\" alt=\"ozuben\u00e9 koleso z liatiny fmp\" width=\"938\" height=\"442\" title=\"\" srcset=\"https:\/\/fmp-components.com\/wp-content\/uploads\/2025\/02\/fmp-cast-iron-sprocket-6.webp 938w, https:\/\/fmp-components.com\/wp-content\/uploads\/2025\/02\/fmp-cast-iron-sprocket-6-480x226.webp 480w\" sizes=\"(min-width: 0px) and (max-width: 480px) 480px, (min-width: 481px) 938px, 100vw\" \/><\/p>\n<h3>Liatinov\u00e9 ozuben\u00e9 koleso 20B<\/h3>\n<p><img loading=\"lazy\" decoding=\"async\" class=\"alignnone size-full wp-image-5278\" src=\"https:\/\/fmp-components.com\/wp-content\/uploads\/2025\/02\/fmp-cast-iron-sprocket-7.webp\" alt=\"ozuben\u00e9 koleso z liatiny fmp\" width=\"938\" height=\"333\" title=\"\" srcset=\"https:\/\/fmp-components.com\/wp-content\/uploads\/2025\/02\/fmp-cast-iron-sprocket-7.webp 938w, https:\/\/fmp-components.com\/wp-content\/uploads\/2025\/02\/fmp-cast-iron-sprocket-7-480x170.webp 480w\" sizes=\"(min-width: 0px) and (max-width: 480px) 480px, (min-width: 481px) 938px, 100vw\" \/><\/p>\n<h3>Liatinov\u00e9 ozuben\u00e9 koleso 24B<\/h3>\n<p><img loading=\"lazy\" decoding=\"async\" class=\"alignnone size-full wp-image-5279\" src=\"https:\/\/fmp-components.com\/wp-content\/uploads\/2025\/02\/fmp-cast-iron-sprocket-8.webp\" alt=\"ozuben\u00e9 koleso z liatiny fmp\" width=\"935\" height=\"404\" title=\"\" srcset=\"https:\/\/fmp-components.com\/wp-content\/uploads\/2025\/02\/fmp-cast-iron-sprocket-8.webp 935w, https:\/\/fmp-components.com\/wp-content\/uploads\/2025\/02\/fmp-cast-iron-sprocket-8-480x207.webp 480w\" sizes=\"(min-width: 0px) and (max-width: 480px) 480px, (min-width: 481px) 935px, 100vw\" \/><\/p>\n<h3>Liatinov\u00e9 ozuben\u00e9 koleso 28B<\/h3>\n<p><img loading=\"lazy\" decoding=\"async\" class=\"alignnone size-full wp-image-5280\" src=\"https:\/\/fmp-components.com\/wp-content\/uploads\/2025\/02\/fmp-cast-iron-sprocket-9.webp\" alt=\"ozuben\u00e9 koleso z liatiny fmp\" width=\"938\" height=\"340\" title=\"\" srcset=\"https:\/\/fmp-components.com\/wp-content\/uploads\/2025\/02\/fmp-cast-iron-sprocket-9.webp 938w, https:\/\/fmp-components.com\/wp-content\/uploads\/2025\/02\/fmp-cast-iron-sprocket-9-480x174.webp 480w\" sizes=\"(min-width: 0px) and (max-width: 480px) 480px, (min-width: 481px) 938px, 100vw\" \/><\/p>\n<h3>Liatinov\u00e9 ozuben\u00e9 koleso 32B<\/h3>\n<p><img loading=\"lazy\" decoding=\"async\" class=\"alignnone size-full wp-image-5283\" src=\"https:\/\/fmp-components.com\/wp-content\/uploads\/2025\/02\/fmp-cast-iron-sprocket-10.webp\" alt=\"ozuben\u00e9 koleso z liatiny fmp\" width=\"937\" height=\"382\" title=\"\" srcset=\"https:\/\/fmp-components.com\/wp-content\/uploads\/2025\/02\/fmp-cast-iron-sprocket-10.webp 937w, https:\/\/fmp-components.com\/wp-content\/uploads\/2025\/02\/fmp-cast-iron-sprocket-10-480x196.webp 480w\" sizes=\"(min-width: 0px) and (max-width: 480px) 480px, (min-width: 481px) 937px, 100vw\" \/><\/p>\n<h2>O FMP<\/h2>\n<p>V spolo\u010dnosti FMP sme hrd\u00ed na to, \u017ee sme popredn\u00fdm v\u00fdrobcom vysokokvalitn\u00fdch ozuben\u00fdch kolies, ktor\u00e9 sa vyr\u00e1baj\u00fa v na\u0161om modernom z\u00e1vode v Taliansku. Pon\u00fakame \u0161irok\u00fd sortiment ozuben\u00fdch kolies navrhnut\u00fdch tak, aby sp\u013a\u0148ali jedine\u010dn\u00e9 potreby r\u00f4znych odvetv\u00ed. \u010ci u\u017e h\u013ead\u00e1te ozuben\u00e9 koles\u00e1 s hotov\u00fdm otvorom, nap\u00ednacie ozuben\u00e9 koles\u00e1, ozuben\u00e9 koles\u00e1 s ku\u017ee\u013eov\u00fdm z\u00e1mkom alebo ozuben\u00e9 koles\u00e1 pre dopravn\u00edky, ka\u017ed\u00fd produkt vyr\u00e1bame s presnos\u0165ou a odolnos\u0165ou, aby sme zabezpe\u010dili optim\u00e1lny v\u00fdkon. N\u00e1\u0161 v\u00fdber zah\u0155\u0148a ozuben\u00e9 koles\u00e1 z nehrdzavej\u00facej ocele, plastu a ocele, ako aj \u0161pecializovan\u00e9 modely, ako s\u00fa dvojradov\u00e9 a dvojradov\u00e9 ozuben\u00e9 koles\u00e1, \u010do n\u00e1m umo\u017e\u0148uje poskytn\u00fa\u0165 ide\u00e1lne rie\u0161enie pre ka\u017ed\u00fa aplik\u00e1ciu.<\/p>\n<p>Spolo\u010dnos\u0165 FMP sa odli\u0161uje od ostatn\u00fdch, a to odhodlan\u00edm prisp\u00f4sobi\u0165 sa na mieru. Uvedomujeme si, \u017ee ka\u017ed\u00fd projekt m\u00e1 svoje \u0161pecifick\u00e9 po\u017eiadavky, a preto pon\u00fakame rie\u0161enia ozuben\u00fdch kolies na mieru, ktor\u00e9 s\u00fa prisp\u00f4soben\u00e9 va\u0161im presn\u00fdm potreb\u00e1m. \u010ci u\u017e po\u017eadujete vlastn\u00fd dizajn alebo m\u00e1te \u0161peci\u00e1lne technick\u00e9 po\u017eiadavky, n\u00e1\u0161 t\u00edm odborn\u00edkov je pripraven\u00fd doda\u0165 presn\u00e9, spo\u013eahliv\u00e9 a vysoko v\u00fdkonn\u00e9 rie\u0161enia.<\/p>\n<p>Zaviazali sme sa k excelentnosti v oblasti in\u017einierstva aj v\u00fdroby, aby sme zabezpe\u010dili, \u017ee ka\u017ed\u00e9 ozuben\u00e9 koleso, ktor\u00e9 vyr\u00e1bame, sp\u013a\u0148a najvy\u0161\u0161ie \u0161tandardy kvality a je vyroben\u00e9 tak, aby vydr\u017ealo. Ak m\u00e1te ak\u00e9ko\u013evek ot\u00e1zky alebo potrebujete prisp\u00f4soben\u00e9 rie\u0161enie pre ozuben\u00e9 koleso, nev\u00e1hajte n\u00e1s kontaktova\u0165. N\u00e1\u0161 t\u00edm je tu, aby v\u00e1m poskytol odborn\u00e9 poradenstvo a v\u010dasn\u00e9 odpovede, aby sme zabezpe\u010dili va\u0161u \u00fapln\u00fa spokojnos\u0165. Sta\u010d\u00ed n\u00e1s kontaktova\u0165 e-mailom a my sa v\u00e1m \u010do najsk\u00f4r ozveme.<\/p>\n<p><img loading=\"lazy\" decoding=\"async\" class=\"alignnone size-full wp-image-5246\" src=\"https:\/\/fmp-components.com\/wp-content\/uploads\/2025\/02\/fmp-cast-sprocket-1.webp\" sizes=\"(min-width: 0px) and (max-width: 480px) 480px, (min-width: 481px) and (max-width: 980px) 980px, (min-width: 981px) and (max-width: 1280px) 1280px, (min-width: 1281px) 2492px, 100vw\" srcset=\"https:\/\/fmp-components.com\/wp-content\/uploads\/2025\/02\/fmp-cast-sprocket-1.webp 2492w, https:\/\/fmp-components.com\/wp-content\/uploads\/2025\/02\/fmp-cast-sprocket-1-1280x606.webp 1280w, https:\/\/fmp-components.com\/wp-content\/uploads\/2025\/02\/fmp-cast-sprocket-1-980x464.webp 980w, https:\/\/fmp-components.com\/wp-content\/uploads\/2025\/02\/fmp-cast-sprocket-1-480x227.webp 480w\" alt=\"ozuben\u00e9 koleso fmp-cast\" width=\"2492\" height=\"1179\" title=\"\"><\/p>","protected":false},"excerpt":{"rendered":"<p>Overview of Cast Iron Sprocket Our cast iron sprockets are designed and manufactured to provide exceptional performance and durability. These sprockets are widely used in various industrial applications where reliability and long service life are crucial. We use high-quality materials and advanced manufacturing techniques to produce sprockets that meet the highest standards of precision and [&hellip;]<\/p>","protected":false},"featured_media":5284,"comment_status":"open","ping_status":"closed","template":"","meta":{"_et_pb_use_builder":"","_et_pb_old_content":"","_et_gb_content_width":""},"product_brand":[],"product_cat":[99],"product_tag":[],"class_list":{"0":"post-5271","1":"product","2":"type-product","3":"status-publish","4":"has-post-thumbnail","6":"product_cat-specialty-sprockets","8":"first","9":"instock","10":"shipping-taxable","11":"product-type-simple"},"_links":{"self":[{"href":"https:\/\/fmp-components.com\/sk\/wp-json\/wp\/v2\/product\/5271","targetHints":{"allow":["GET"]}}],"collection":[{"href":"https:\/\/fmp-components.com\/sk\/wp-json\/wp\/v2\/product"}],"about":[{"href":"https:\/\/fmp-components.com\/sk\/wp-json\/wp\/v2\/types\/product"}],"replies":[{"embeddable":true,"href":"https:\/\/fmp-components.com\/sk\/wp-json\/wp\/v2\/comments?post=5271"}],"wp:featuredmedia":[{"embeddable":true,"href":"https:\/\/fmp-components.com\/sk\/wp-json\/wp\/v2\/media\/5284"}],"wp:attachment":[{"href":"https:\/\/fmp-components.com\/sk\/wp-json\/wp\/v2\/media?parent=5271"}],"wp:term":[{"taxonomy":"product_brand","embeddable":true,"href":"https:\/\/fmp-components.com\/sk\/wp-json\/wp\/v2\/product_brand?post=5271"},{"taxonomy":"product_cat","embeddable":true,"href":"https:\/\/fmp-components.com\/sk\/wp-json\/wp\/v2\/product_cat?post=5271"},{"taxonomy":"product_tag","embeddable":true,"href":"https:\/\/fmp-components.com\/sk\/wp-json\/wp\/v2\/product_tag?post=5271"}],"curies":[{"name":"pracovn\u00fd list","href":"https:\/\/api.w.org\/{rel}","templated":true}]}}