{"id":5256,"date":"2025-02-05T05:17:19","date_gmt":"2025-02-05T05:17:19","guid":{"rendered":"https:\/\/fmp-components.com\/?post_type=product&#038;p=5256"},"modified":"2025-02-05T06:13:06","modified_gmt":"2025-02-05T06:13:06","slug":"hand-or-electric-chain-hoist-sprocket-for-crane-lifting","status":"publish","type":"product","link":"https:\/\/fmp-components.com\/sk\/product\/hand-or-electric-chain-hoist-sprocket-for-crane-lifting\/","title":{"rendered":"Ru\u010dn\u00e9 alebo elektrick\u00e9 re\u0165azov\u00e9 kladkostroje na zdv\u00edhanie \u017eeriavom"},"content":{"rendered":"<h2>Preh\u013ead produktu re\u0165azov\u00e9ho kladkostroja<\/h2>\n<p>Re\u0165azov\u00e9 koleso re\u0165azov\u00e9ho kladkostroja je navrhnut\u00e9 pre jednoduch\u00fa obsluhu, prenosnos\u0165 a bezpe\u010dnos\u0165, v\u010faka \u010domu je ob\u013e\u00fabenou vo\u013ebou medzi pou\u017e\u00edvate\u013emi. V\u010faka svojmu inovat\u00edvnemu dizajnu a hladkej funk\u010dnosti toto ozuben\u00e9 koleso vynik\u00e1 v aplik\u00e1ci\u00e1ch s \u0165a\u017ek\u00fdm zdv\u00edhan\u00edm. \u010co ho v\u0161ak odli\u0161uje?<\/p>\n<p>Ozuben\u00e9 koleso re\u0165azov\u00e9ho kladkostroja je vyroben\u00e9 z komponentov, ako s\u00fa h\u00e1ky, re\u0165aze a \u010fal\u0161ie diely, ktor\u00e9 maj\u00fa vysok\u00fa nosnos\u0165, vynikaj\u00facu h\u00fa\u017eevnatos\u0165 a pevnos\u0165. Tieto vlastnosti zabezpe\u010duj\u00fa, \u017ee ozuben\u00e9 koleso zost\u00e1va odoln\u00e9 a odoln\u00e9 vo\u010di zlomeniu po\u010das pou\u017e\u00edvania, \u010do v\u00fdrazne zlep\u0161uje prev\u00e1dzkov\u00fa bezpe\u010dnos\u0165. Robustn\u00e1 kon\u0161trukcia ozuben\u00e9ho kolesa umo\u017e\u0148uje zdv\u00edha\u0165 \u0165a\u017ek\u00e9 bremen\u00e1 konzistentne po\u010das dlh\u00e9ho obdobia, \u010d\u00edm sa zvy\u0161uje efektivita pr\u00e1ce a zni\u017euje sa potreba manu\u00e1lnej pr\u00e1ce.<\/p>\n<p>Ozuben\u00e9 koleso re\u0165azov\u00e9ho kladkostroja, ktor\u00e9 sa \u0161iroko pou\u017e\u00edva v odvetviach, ako je energetika, doprava, v\u00fdstavba mostov a uhlie, pon\u00faka jedine\u010dn\u00e9 v\u00fdhody, ktor\u00e9 prispievaj\u00fa k efekt\u00edvnej\u0161ej a bezpe\u010dnej\u0161ej prev\u00e1dzke v r\u00f4znych oblastiach, v\u010faka \u010domu je neocenite\u013en\u00fdm n\u00e1strojom na zv\u00fd\u0161enie produktivity.<\/p>\n<h3>Vylep\u0161en\u00fd dizajn pevnej kladky<\/h3>\n<p>Ozuben\u00e9 koleso re\u0165azov\u00e9ho kladkostroja je pokro\u010dilou verziou tradi\u010dnej pevnej kladky, ktor\u00e1 kombinuje najlep\u0161ie vlastnosti pevnej kladky s pridanou funk\u010dnos\u0165ou. Integruje reduktor, sp\u00e4tn\u00fa brzdu a ozuben\u00e9 koleso re\u0165azov\u00e9ho kladkostroja, to v\u0161etko v r\u00e1mci symetrick\u00e9ho sekund\u00e1rneho ozuben\u00e9ho syst\u00e9mu s \u010deln\u00fdmi prevodmi. Toto nastavenie je jednoduch\u00e9, odoln\u00e9 a vysoko \u00fa\u010dinn\u00e9.<\/p>\n<p>Obsluha je jednoduch\u00e1: ru\u010dn\u00e1 re\u0165az a koleso ru\u010dnej re\u0165aze sa potiahnu, aby sa zapojili do ra\u010d\u0148ov\u00e9ho mechanizmu s trec\u00edm kot\u00fa\u010dom a brzdov\u00e9ho sedla, \u010d\u00edm sa za\u010dn\u00fa spolo\u010dne ot\u00e1\u010da\u0165. Ke\u010f\u017ee zubovit\u00fd hriade\u013e ot\u00e1\u010da ozuben\u00e9 koleso s kot\u00fa\u010dom, kr\u00e1tky zubovit\u00fd hriade\u013e a ozuben\u00e9 koleso s dr\u00e1\u017ekovan\u00fdm otvorom nasleduj\u00fa tento pohyb. T\u00e1to \u010dinnos\u0165 poh\u00e1\u0148a zdv\u00edhacie re\u0165azov\u00e9 koleso, ktor\u00e9 n\u00e1sledne pohybuje zdv\u00edhacou re\u0165azou, aby sa \u0165a\u017ek\u00fd n\u00e1klad rovnomerne zdvihol. Jednosmern\u00fd brzdov\u00fd mechanizmus s ra\u010d\u0148ov\u00fdm trec\u00edm kot\u00fa\u010dom navy\u0161e zais\u0165uje automatick\u00e9 brzdenie pri za\u0165a\u017een\u00ed. Z\u00e1padka sa zachyt\u00ed o ra\u010d\u0148ov\u00fd mechanizmus pod nap\u00e4t\u00edm pru\u017einy, \u010do umo\u017e\u0148uje bezpe\u010dn\u00fa a spo\u013eahliv\u00fa prev\u00e1dzku brzdy.<\/p>\n<p>Ozuben\u00e9 koleso re\u0165azov\u00e9ho kladkostroja je skon\u0161truovan\u00e9 tak, aby poskytovalo spo\u013eahliv\u00e9, efekt\u00edvne a bezpe\u010dn\u00e9 zdv\u00edhanie, v\u010faka \u010domu je ide\u00e1lnou vo\u013ebou pre n\u00e1ro\u010dn\u00e9 priemyseln\u00e9 \u00falohy.<\/p>\n<h3>\u00dadr\u017eba ozuben\u00e9ho kolesa ru\u010dn\u00e9ho re\u0165azov\u00e9ho kladkostroja<\/h3>\n<p>Re\u0165azov\u00e9 koleso ru\u010dn\u00e9ho kladkostroja sa pou\u017e\u00edva predov\u0161etk\u00fdm na zdv\u00edhanie \u0165a\u017ek\u00fdch predmetov a in\u0161tal\u00e1ciu zariaden\u00ed. Pre zaistenie bezpe\u010dnej a plynulej prev\u00e1dzky je potrebn\u00e9 pred za\u010dat\u00edm ak\u00fdchko\u013evek zdv\u00edhac\u00edch pr\u00e1c dodr\u017eiava\u0165 nasleduj\u00face kroky:<\/p>\n<ol>\n<li><strong>Skontrolujte nosnos\u0165<\/strong>: Uistite sa, \u017ee hmotnos\u0165 zdv\u00edhan\u00e9ho predmetu je v r\u00e1mci menovitej nosnosti ru\u010dn\u00e9ho re\u0165azov\u00e9ho kladkostroja, aby ste predi\u0161li pre\u0165a\u017eeniu.<\/li>\n<li><strong>Skontrolujte pracovn\u00e9 prostredie<\/strong>Overte, \u010di pracovn\u00fd priestor sp\u013a\u0148a potrebn\u00e9 bezpe\u010dnostn\u00e9 po\u017eiadavky. Vytvorte okolo zdv\u00edhacieho zariadenia vyhraden\u00fa bezpe\u010dnostn\u00fa z\u00f3nu, aby ste minimalizovali riziko neh\u00f4d.<\/li>\n<li><strong>Skontrolujte komponenty zdv\u00edhacieho zariadenia<\/strong>Skontrolujte ru\u010dn\u00fd re\u0165azov\u00fd kladkostroj a venujte zv\u00fd\u0161en\u00fa pozornos\u0165 ak\u00fdmko\u013evek zn\u00e1mkam hrdze, opotrebovania alebo praskl\u00edn na jeho \u010dastiach. Ak zist\u00edte ak\u00e9ko\u013evek probl\u00e9my, okam\u017eite zastavte prev\u00e1dzku a vyme\u0148te alebo opravte po\u0161koden\u00e9 komponenty.<\/li>\n<li><strong>Zabezpe\u010denie n\u00e1kladu<\/strong>Pred zdv\u00edhan\u00edm sa uistite, \u017ee je bremeno riadne zaisten\u00e9, aby sa zabr\u00e1nilo jeho p\u00e1du po\u010das prev\u00e1dzky.<\/li>\n<\/ol>\n<p>Dodr\u017eiavan\u00edm t\u00fdchto pokynov pre \u00fadr\u017ebu a bezpe\u010dnos\u0165 si m\u00f4\u017eete zabezpe\u010di\u0165 dlh\u00fa \u017eivotnos\u0165 re\u0165azov\u00e9ho kolesa v\u00e1\u0161ho ru\u010dn\u00e9ho re\u0165azov\u00e9ho kladkostroja a z\u00e1rove\u0148 udr\u017ea\u0165 bezpe\u010dn\u00e9 pracovn\u00e9 prostredie.<\/p>\n<table style=\"width: 100%;\" border=\"1\" width=\"100%\" cellspacing=\"0\" cellpadding=\"0\">\n<tbody>\n<tr style=\"height: 14.40pt;\">\n<td style=\"height: 14.4pt; width: 26.5659%;\" width=\"166\" height=\"24\">Ru\u010dn\u00fd re\u0165azov\u00fd kladkostroj<\/td>\n<td style=\"width: 26.5658%;\" width=\"187\">Elektrick\u00fd re\u0165azov\u00fd kladkostroj<\/td>\n<td style=\"width: 23.2181%;\" width=\"123\">P\u00e1kov\u00fd kladkostroj<\/td>\n<td style=\"width: 23.4341%;\" width=\"80\">Voz\u00edk na ozuben\u00e9 koles\u00e1<\/td>\n<\/tr>\n<tr style=\"height: 14.40pt;\">\n<td style=\"height: 14.4pt; width: 26.5659%;\" align=\"right\" height=\"24\"><img loading=\"lazy\" decoding=\"async\" class=\"alignnone size-full wp-image-5267\" src=\"https:\/\/fmp-components.com\/wp-content\/uploads\/2025\/02\/fmp_cast-sprocket-4.webp\" alt=\"ozuben\u00e9 koleso fmp_cast\" width=\"300\" height=\"300\" title=\"\" srcset=\"https:\/\/fmp-components.com\/wp-content\/uploads\/2025\/02\/fmp_cast-sprocket-4.webp 300w, https:\/\/fmp-components.com\/wp-content\/uploads\/2025\/02\/fmp_cast-sprocket-4-150x150.webp 150w, https:\/\/fmp-components.com\/wp-content\/uploads\/2025\/02\/fmp_cast-sprocket-4-12x12.webp 12w, https:\/\/fmp-components.com\/wp-content\/uploads\/2025\/02\/fmp_cast-sprocket-4-100x100.webp 100w\" sizes=\"(max-width: 300px) 100vw, 300px\" \/><\/td>\n<td style=\"width: 26.5658%;\" align=\"right\"><img loading=\"lazy\" decoding=\"async\" class=\"alignnone size-full wp-image-5259\" src=\"https:\/\/fmp-components.com\/wp-content\/uploads\/2025\/02\/fmp_cast-sprocket-7.webp\" alt=\"ozuben\u00e9 koleso fmp_cast\" width=\"300\" height=\"300\" title=\"\" srcset=\"https:\/\/fmp-components.com\/wp-content\/uploads\/2025\/02\/fmp_cast-sprocket-7.webp 300w, https:\/\/fmp-components.com\/wp-content\/uploads\/2025\/02\/fmp_cast-sprocket-7-150x150.webp 150w, https:\/\/fmp-components.com\/wp-content\/uploads\/2025\/02\/fmp_cast-sprocket-7-12x12.webp 12w, https:\/\/fmp-components.com\/wp-content\/uploads\/2025\/02\/fmp_cast-sprocket-7-100x100.webp 100w\" sizes=\"(max-width: 300px) 100vw, 300px\" \/><\/td>\n<td style=\"width: 23.2181%;\" align=\"right\"><img loading=\"lazy\" decoding=\"async\" class=\"alignnone size-full wp-image-5260\" src=\"https:\/\/fmp-components.com\/wp-content\/uploads\/2025\/02\/fmp_cast-sprocket-9.webp\" alt=\"ozuben\u00e9 koleso fmp_cast\" width=\"300\" height=\"300\" title=\"\" srcset=\"https:\/\/fmp-components.com\/wp-content\/uploads\/2025\/02\/fmp_cast-sprocket-9.webp 300w, https:\/\/fmp-components.com\/wp-content\/uploads\/2025\/02\/fmp_cast-sprocket-9-150x150.webp 150w, https:\/\/fmp-components.com\/wp-content\/uploads\/2025\/02\/fmp_cast-sprocket-9-12x12.webp 12w, https:\/\/fmp-components.com\/wp-content\/uploads\/2025\/02\/fmp_cast-sprocket-9-100x100.webp 100w\" sizes=\"(max-width: 300px) 100vw, 300px\" \/><\/td>\n<td style=\"width: 23.4341%;\" align=\"right\"><img loading=\"lazy\" decoding=\"async\" class=\"alignnone size-full wp-image-5266\" src=\"https:\/\/fmp-components.com\/wp-content\/uploads\/2025\/02\/fmp_cast-sprocket-101.webp\" alt=\"ozuben\u00e9 koleso fmp_cast\" width=\"225\" height=\"225\" title=\"\" srcset=\"https:\/\/fmp-components.com\/wp-content\/uploads\/2025\/02\/fmp_cast-sprocket-101.webp 225w, https:\/\/fmp-components.com\/wp-content\/uploads\/2025\/02\/fmp_cast-sprocket-101-150x150.webp 150w, https:\/\/fmp-components.com\/wp-content\/uploads\/2025\/02\/fmp_cast-sprocket-101-12x12.webp 12w, https:\/\/fmp-components.com\/wp-content\/uploads\/2025\/02\/fmp_cast-sprocket-101-100x100.webp 100w\" sizes=\"(max-width: 225px) 100vw, 225px\" \/><\/td>\n<\/tr>\n<tr style=\"height: 14.40pt;\">\n<td style=\"height: 14.4pt; width: 26.5659%;\" align=\"right\" height=\"24\"><img loading=\"lazy\" decoding=\"async\" class=\"alignnone size-full wp-image-5262\" src=\"https:\/\/fmp-components.com\/wp-content\/uploads\/2025\/02\/fmp_cast-sprocket-6.webp\" alt=\"fmp_cast-sprocket-\" width=\"300\" height=\"300\" title=\"\" srcset=\"https:\/\/fmp-components.com\/wp-content\/uploads\/2025\/02\/fmp_cast-sprocket-6.webp 300w, https:\/\/fmp-components.com\/wp-content\/uploads\/2025\/02\/fmp_cast-sprocket-6-150x150.webp 150w, https:\/\/fmp-components.com\/wp-content\/uploads\/2025\/02\/fmp_cast-sprocket-6-12x12.webp 12w, https:\/\/fmp-components.com\/wp-content\/uploads\/2025\/02\/fmp_cast-sprocket-6-100x100.webp 100w\" sizes=\"(max-width: 300px) 100vw, 300px\" \/><\/td>\n<td style=\"width: 26.5658%;\" align=\"right\"><img loading=\"lazy\" decoding=\"async\" class=\"alignnone size-full wp-image-5263\" src=\"https:\/\/fmp-components.com\/wp-content\/uploads\/2025\/02\/fmp_cast-sprocket-8.webp\" alt=\"ozuben\u00e9 koleso fmp_cast\" width=\"300\" height=\"300\" title=\"\" srcset=\"https:\/\/fmp-components.com\/wp-content\/uploads\/2025\/02\/fmp_cast-sprocket-8.webp 300w, https:\/\/fmp-components.com\/wp-content\/uploads\/2025\/02\/fmp_cast-sprocket-8-150x150.webp 150w, https:\/\/fmp-components.com\/wp-content\/uploads\/2025\/02\/fmp_cast-sprocket-8-12x12.webp 12w, https:\/\/fmp-components.com\/wp-content\/uploads\/2025\/02\/fmp_cast-sprocket-8-100x100.webp 100w\" sizes=\"(max-width: 300px) 100vw, 300px\" \/><\/td>\n<td style=\"width: 23.2181%;\" align=\"right\"><img loading=\"lazy\" decoding=\"async\" class=\"alignnone size-full wp-image-5264\" src=\"https:\/\/fmp-components.com\/wp-content\/uploads\/2025\/02\/fmp_cast-sprocket-81.webp\" alt=\"ozuben\u00e9 koleso fmp_cast\" width=\"347\" height=\"347\" title=\"\" srcset=\"https:\/\/fmp-components.com\/wp-content\/uploads\/2025\/02\/fmp_cast-sprocket-81.webp 347w, https:\/\/fmp-components.com\/wp-content\/uploads\/2025\/02\/fmp_cast-sprocket-81-300x300.webp 300w, https:\/\/fmp-components.com\/wp-content\/uploads\/2025\/02\/fmp_cast-sprocket-81-150x150.webp 150w, https:\/\/fmp-components.com\/wp-content\/uploads\/2025\/02\/fmp_cast-sprocket-81-12x12.webp 12w, https:\/\/fmp-components.com\/wp-content\/uploads\/2025\/02\/fmp_cast-sprocket-81-100x100.webp 100w\" sizes=\"(max-width: 347px) 100vw, 347px\" \/><\/td>\n<td style=\"width: 23.4341%;\" align=\"right\"><img loading=\"lazy\" decoding=\"async\" class=\"alignnone size-full wp-image-5265\" src=\"https:\/\/fmp-components.com\/wp-content\/uploads\/2025\/02\/fmp_cast-sprocket-11.webp\" alt=\"ozuben\u00e9 koleso fmp_cast\" width=\"300\" height=\"300\" title=\"\" srcset=\"https:\/\/fmp-components.com\/wp-content\/uploads\/2025\/02\/fmp_cast-sprocket-11.webp 300w, https:\/\/fmp-components.com\/wp-content\/uploads\/2025\/02\/fmp_cast-sprocket-11-150x150.webp 150w, https:\/\/fmp-components.com\/wp-content\/uploads\/2025\/02\/fmp_cast-sprocket-11-12x12.webp 12w, https:\/\/fmp-components.com\/wp-content\/uploads\/2025\/02\/fmp_cast-sprocket-11-100x100.webp 100w\" sizes=\"(max-width: 300px) 100vw, 300px\" \/><\/td>\n<\/tr>\n<\/tbody>\n<\/table>\n<h3>Ozuben\u00e9 koleso re\u0165azov\u00e9ho kladkostroja vyroben\u00e9 z in\u00fdch materi\u00e1lov<\/h3>\n<table style=\"width: 100%;\" border=\"1\" width=\"100%\" cellspacing=\"0\" cellpadding=\"0\">\n<tbody>\n<tr style=\"height: 14.40pt;\">\n<td style=\"height: 14.4pt; width: 49.0281%; text-align: center;\" align=\"right\" width=\"166\" height=\"24\">Plastov\u00e9 re\u0165azov\u00e9 ozuben\u00e9 koleso kladkostroja<\/td>\n<td style=\"width: 50.7559%; text-align: center;\" align=\"right\" width=\"187\">Ozuben\u00e9 koleso z nehrdzavej\u00facej ocele pre re\u0165azov\u00fd kladkostroj<\/td>\n<\/tr>\n<tr style=\"height: 14.40pt;\">\n<td class=\"et2\" style=\"height: 14.4pt; width: 49.0281%;\" height=\"24\"><img loading=\"lazy\" decoding=\"async\" class=\"alignnone wp-image-5268\" src=\"https:\/\/fmp-components.com\/wp-content\/uploads\/2025\/02\/fmp_plastic-sprocket-11.webp\" alt=\"ozuben\u00e9 koleso fmp_plastic\" width=\"447\" height=\"447\" title=\"\" srcset=\"https:\/\/fmp-components.com\/wp-content\/uploads\/2025\/02\/fmp_plastic-sprocket-11.webp 300w, https:\/\/fmp-components.com\/wp-content\/uploads\/2025\/02\/fmp_plastic-sprocket-11-150x150.webp 150w, https:\/\/fmp-components.com\/wp-content\/uploads\/2025\/02\/fmp_plastic-sprocket-11-12x12.webp 12w, https:\/\/fmp-components.com\/wp-content\/uploads\/2025\/02\/fmp_plastic-sprocket-11-100x100.webp 100w\" sizes=\"(max-width: 447px) 100vw, 447px\" \/><\/td>\n<td class=\"et2\" style=\"width: 50.7559%;\"><img loading=\"lazy\" decoding=\"async\" class=\"alignnone wp-image-5269\" src=\"https:\/\/fmp-components.com\/wp-content\/uploads\/2025\/02\/fmp_plastic-sprocket-12.webp\" alt=\"ozuben\u00e9 koleso fmp_plastic\" width=\"486\" height=\"486\" title=\"\" srcset=\"https:\/\/fmp-components.com\/wp-content\/uploads\/2025\/02\/fmp_plastic-sprocket-12.webp 300w, https:\/\/fmp-components.com\/wp-content\/uploads\/2025\/02\/fmp_plastic-sprocket-12-150x150.webp 150w, https:\/\/fmp-components.com\/wp-content\/uploads\/2025\/02\/fmp_plastic-sprocket-12-12x12.webp 12w, https:\/\/fmp-components.com\/wp-content\/uploads\/2025\/02\/fmp_plastic-sprocket-12-100x100.webp 100w\" sizes=\"(max-width: 486px) 100vw, 486px\" \/><\/td>\n<\/tr>\n<\/tbody>\n<\/table>\n<h2>O FMP<\/h2>\n<p>V spolo\u010dnosti FMP sme hrd\u00ed na to, \u017ee sme popredn\u00fdm v\u00fdrobcom vysokokvalitn\u00fdch ozuben\u00fdch kolies, ktor\u00e9 sa vyr\u00e1baj\u00fa v na\u0161om modernom z\u00e1vode v Taliansku. Pon\u00fakame \u0161irok\u00fd sortiment ozuben\u00fdch kolies navrhnut\u00fdch tak, aby sp\u013a\u0148ali jedine\u010dn\u00e9 potreby r\u00f4znych odvetv\u00ed. \u010ci u\u017e h\u013ead\u00e1te ozuben\u00e9 koles\u00e1 s hotov\u00fdm otvorom, nap\u00ednacie ozuben\u00e9 koles\u00e1, ozuben\u00e9 koles\u00e1 s ku\u017ee\u013eov\u00fdm z\u00e1mkom alebo ozuben\u00e9 koles\u00e1 pre dopravn\u00edky, ka\u017ed\u00fd produkt vyr\u00e1bame s presnos\u0165ou a odolnos\u0165ou, aby sme zabezpe\u010dili optim\u00e1lny v\u00fdkon. N\u00e1\u0161 v\u00fdber zah\u0155\u0148a ozuben\u00e9 koles\u00e1 z nehrdzavej\u00facej ocele, plastu a ocele, ako aj \u0161pecializovan\u00e9 modely, ako s\u00fa dvojradov\u00e9 a dvojradov\u00e9 ozuben\u00e9 koles\u00e1, \u010do n\u00e1m umo\u017e\u0148uje poskytn\u00fa\u0165 ide\u00e1lne rie\u0161enie pre ka\u017ed\u00fa aplik\u00e1ciu.<\/p>\n<p>Spolo\u010dnos\u0165 FMP sa odli\u0161uje od ostatn\u00fdch, a to odhodlan\u00edm prisp\u00f4sobi\u0165 sa na mieru. Uvedomujeme si, \u017ee ka\u017ed\u00fd projekt m\u00e1 svoje \u0161pecifick\u00e9 po\u017eiadavky, a preto pon\u00fakame rie\u0161enia ozuben\u00fdch kolies na mieru, ktor\u00e9 s\u00fa prisp\u00f4soben\u00e9 va\u0161im presn\u00fdm potreb\u00e1m. \u010ci u\u017e po\u017eadujete vlastn\u00fd dizajn alebo m\u00e1te \u0161peci\u00e1lne technick\u00e9 po\u017eiadavky, n\u00e1\u0161 t\u00edm odborn\u00edkov je pripraven\u00fd doda\u0165 presn\u00e9, spo\u013eahliv\u00e9 a vysoko v\u00fdkonn\u00e9 rie\u0161enia.<\/p>\n<p>Zaviazali sme sa k excelentnosti v oblasti in\u017einierstva aj v\u00fdroby, aby sme zabezpe\u010dili, \u017ee ka\u017ed\u00e9 ozuben\u00e9 koleso, ktor\u00e9 vyr\u00e1bame, sp\u013a\u0148a najvy\u0161\u0161ie \u0161tandardy kvality a je vyroben\u00e9 tak, aby vydr\u017ealo. Ak m\u00e1te ak\u00e9ko\u013evek ot\u00e1zky alebo potrebujete prisp\u00f4soben\u00e9 rie\u0161enie pre ozuben\u00e9 koleso, nev\u00e1hajte n\u00e1s kontaktova\u0165. N\u00e1\u0161 t\u00edm je tu, aby v\u00e1m poskytol odborn\u00e9 poradenstvo a v\u010dasn\u00e9 odpovede, aby sme zabezpe\u010dili va\u0161u \u00fapln\u00fa spokojnos\u0165. Sta\u010d\u00ed n\u00e1s kontaktova\u0165 e-mailom a my sa v\u00e1m \u010do najsk\u00f4r ozveme.<\/p>\n<p><img loading=\"lazy\" decoding=\"async\" class=\"alignnone size-full wp-image-5246\" src=\"https:\/\/fmp-components.com\/wp-content\/uploads\/2025\/02\/fmp-cast-sprocket-1.webp\" alt=\"ozuben\u00e9 koleso fmp-cast\" width=\"2492\" height=\"1179\" title=\"\" srcset=\"https:\/\/fmp-components.com\/wp-content\/uploads\/2025\/02\/fmp-cast-sprocket-1.webp 2492w, https:\/\/fmp-components.com\/wp-content\/uploads\/2025\/02\/fmp-cast-sprocket-1-1280x606.webp 1280w, https:\/\/fmp-components.com\/wp-content\/uploads\/2025\/02\/fmp-cast-sprocket-1-980x464.webp 980w, https:\/\/fmp-components.com\/wp-content\/uploads\/2025\/02\/fmp-cast-sprocket-1-480x227.webp 480w\" sizes=\"(min-width: 0px) and (max-width: 480px) 480px, (min-width: 481px) and (max-width: 980px) 980px, (min-width: 981px) and (max-width: 1280px) 1280px, (min-width: 1281px) 2492px, 100vw\" \/><\/p>","protected":false},"excerpt":{"rendered":"<p>Chain Hoist Sprocket Product Overview The chain hoist sprocket is designed for ease of operation, portability, and safety, making it a popular choice among users. With its innovative design and smooth functionality, this sprocket excels in heavy lifting applications. But what sets it apart? The chain hoist sprocket is built with components such as hooks, [&hellip;]<\/p>","protected":false},"featured_media":5257,"comment_status":"open","ping_status":"closed","template":"","meta":{"_et_pb_use_builder":"","_et_pb_old_content":"","_et_gb_content_width":""},"product_brand":[],"product_cat":[99],"product_tag":[],"class_list":{"0":"post-5256","1":"product","2":"type-product","3":"status-publish","4":"has-post-thumbnail","6":"product_cat-specialty-sprockets","8":"first","9":"instock","10":"shipping-taxable","11":"product-type-simple"},"_links":{"self":[{"href":"https:\/\/fmp-components.com\/sk\/wp-json\/wp\/v2\/product\/5256","targetHints":{"allow":["GET"]}}],"collection":[{"href":"https:\/\/fmp-components.com\/sk\/wp-json\/wp\/v2\/product"}],"about":[{"href":"https:\/\/fmp-components.com\/sk\/wp-json\/wp\/v2\/types\/product"}],"replies":[{"embeddable":true,"href":"https:\/\/fmp-components.com\/sk\/wp-json\/wp\/v2\/comments?post=5256"}],"wp:featuredmedia":[{"embeddable":true,"href":"https:\/\/fmp-components.com\/sk\/wp-json\/wp\/v2\/media\/5257"}],"wp:attachment":[{"href":"https:\/\/fmp-components.com\/sk\/wp-json\/wp\/v2\/media?parent=5256"}],"wp:term":[{"taxonomy":"product_brand","embeddable":true,"href":"https:\/\/fmp-components.com\/sk\/wp-json\/wp\/v2\/product_brand?post=5256"},{"taxonomy":"product_cat","embeddable":true,"href":"https:\/\/fmp-components.com\/sk\/wp-json\/wp\/v2\/product_cat?post=5256"},{"taxonomy":"product_tag","embeddable":true,"href":"https:\/\/fmp-components.com\/sk\/wp-json\/wp\/v2\/product_tag?post=5256"}],"curies":[{"name":"pracovn\u00fd list","href":"https:\/\/api.w.org\/{rel}","templated":true}]}}