{"id":5245,"date":"2025-02-05T03:47:45","date_gmt":"2025-02-05T03:47:45","guid":{"rendered":"https:\/\/fmp-components.com\/?post_type=product&#038;p=5245"},"modified":"2025-02-05T03:47:46","modified_gmt":"2025-02-05T03:47:46","slug":"bucket-elevator-sprocket","status":"publish","type":"product","link":"https:\/\/fmp-components.com\/sk\/product\/bucket-elevator-sprocket\/","title":{"rendered":"Ozuben\u00e9 koleso vedrov\u00e9ho v\u00fd\u0165ahu"},"content":{"rendered":"<h2>Ozuben\u00e9 koleso vedrov\u00e9ho v\u00fd\u0165ahu<\/h2>\n<p>Kore\u010dkov\u00fd v\u00fd\u0165ah je navrhnut\u00fd na efekt\u00edvnu prepravu materi\u00e1lov z ni\u017e\u0161\u00edch do vy\u0161\u0161\u00edch nadmorsk\u00fdch v\u00fd\u0161ok. <img loading=\"lazy\" decoding=\"async\" class=\"size-full wp-image-5248 alignright\" src=\"https:\/\/fmp-components.com\/wp-content\/uploads\/2025\/02\/fmp_cast-sprocket-16.webp\" alt=\"ozuben\u00e9 koleso fmp_cast\" width=\"538\" height=\"522\" title=\"\" srcset=\"https:\/\/fmp-components.com\/wp-content\/uploads\/2025\/02\/fmp_cast-sprocket-16.webp 538w, https:\/\/fmp-components.com\/wp-content\/uploads\/2025\/02\/fmp_cast-sprocket-16-480x466.webp 480w\" sizes=\"(min-width: 0px) and (max-width: 480px) 480px, (min-width: 481px) 538px, 100vw\" \/>Po umiestnen\u00ed materi\u00e1lov do n\u00e1sypky pomocou vibra\u010dn\u00e9ho stola stroj pracuje automaticky a nepretr\u017eite a zdv\u00edha materi\u00e1ly smerom nahor. R\u00fdchlos\u0165 dopravn\u00edka je mo\u017en\u00e9 nastavi\u0165 pod\u013ea po\u017eadovan\u00e9ho prepravovan\u00e9ho objemu a v\u00fd\u0161ku zdvihu je mo\u017en\u00e9 prisp\u00f4sobi\u0165 \u0161pecifick\u00fdm potreb\u00e1m.<\/p>\n<p>N\u00e1\u0161 kore\u010dkov\u00fd elev\u00e1tor je vybaven\u00fd n\u00e1sypkou z netoxick\u00e9ho polypropyl\u00e9nu vlastnej v\u00fdroby, ktor\u00e1 roz\u0161iruje jeho uplatnenie v r\u00f4znych odvetviach. N\u00e1sypka je starostlivo navrhnut\u00e1 pre optim\u00e1lny v\u00fdkon, zais\u0165uje odolnos\u0165 a bezpe\u010dn\u00fa manipul\u00e1ciu s materi\u00e1lmi. V\u0161etky rozmery syst\u00e9mu s\u00fa prisp\u00f4soben\u00e9 \u0161pecifick\u00fdm po\u017eiadavk\u00e1m aplik\u00e1cie.<\/p>\n<p>Tento kore\u010dkov\u00fd elev\u00e1tor je ide\u00e1lny na podporu vertik\u00e1lnych baliacich strojov a po\u010d\u00edta\u010dov\u00fdch d\u00e1vkovac\u00edch syst\u00e9mov. Je \u0161iroko pou\u017e\u00edvan\u00fd pri zdv\u00edhan\u00ed a pod\u00e1van\u00ed produktov, ako s\u00fa potraviny, lie\u010div\u00e1, priemyseln\u00e9 chemik\u00e1lie, skrutky, matice a in\u00e9 predmety. Prev\u00e1dzku stroja je mo\u017en\u00e9 automaticky riadi\u0165 rozpozn\u00e1van\u00edm sign\u00e1lu z pripojen\u00e9ho baliaceho stroja, \u010do umo\u017e\u0148uje bezprobl\u00e9mov\u00e9 spustenie a zastavenie.<\/p>\n<p>V\u010faka flexibilnej kon\u0161trukcii a vysoko kvalitn\u00fdm komponentom je n\u00e1\u0161 kore\u010dkov\u00fd elev\u00e1tor spo\u013eahliv\u00fdm rie\u0161en\u00edm pre efekt\u00edvnu vertik\u00e1lnu prepravu v r\u00f4znych odvetviach.<\/p>\n<h2>Princ\u00edp fungovania kore\u010dkov\u00e9ho v\u00fd\u0165ahu<\/h2>\n<p>Kore\u010dkov\u00fd elev\u00e1tor funguje na princ\u00edpe s\u00e9rie n\u00e1sypiek na naberanie materi\u00e1lu zo spodn\u00e9ho skladovacieho priestoru. Ke\u010f sa dopravn\u00fd p\u00e1s alebo re\u0165az zdvihne, prejde cez horn\u00e9 koleso a potom spadne, aby vypr\u00e1zdnil materi\u00e1l do prij\u00edmacej n\u00e1dr\u017ee. Tento proces umo\u017e\u0148uje kore\u010dkov\u00e9mu elev\u00e1toru prepravova\u0165 materi\u00e1l vertik\u00e1lne v nepretr\u017eitom pohybe.<\/p>\n<p><img loading=\"lazy\" decoding=\"async\" class=\"size-full wp-image-5247 alignleft\" src=\"https:\/\/fmp-components.com\/wp-content\/uploads\/2025\/02\/fmp_cast-sprocket-15.webp\" alt=\"ozuben\u00e9 koleso fmp_cast\" width=\"526\" height=\"435\" title=\"\" srcset=\"https:\/\/fmp-components.com\/wp-content\/uploads\/2025\/02\/fmp_cast-sprocket-15.webp 526w, https:\/\/fmp-components.com\/wp-content\/uploads\/2025\/02\/fmp_cast-sprocket-15-480x397.webp 480w\" sizes=\"(min-width: 0px) and (max-width: 480px) 480px, (min-width: 481px) 526px, 100vw\" \/>Vo v\u00e4\u010d\u0161ine kore\u010dkov\u00fdch elev\u00e1torov je pohonn\u00fd syst\u00e9m poh\u00e1\u0148an\u00fd gumen\u00fdm reme\u0148om, ktor\u00fd je nain\u0161talovan\u00fd na spodnom aj hornom hnacom bubne, ako aj na hornom a spodnom riadiacom bubne. Alternat\u00edvne s\u00fa kore\u010dkov\u00e9 elev\u00e1tory poh\u00e1\u0148an\u00e9 re\u0165azou vybaven\u00e9 dvoma paraleln\u00fdmi prevodov\u00fdmi re\u0165azami. Tieto re\u0165aze pracuj\u00fa v spojen\u00ed s dvojicou prevodov\u00fdch ozuben\u00fdch kolies v hornej alebo spodnej \u010dasti a s riadiacich ozuben\u00fdmi kolesami umiestnen\u00fdmi na opa\u010dnom konci.<\/p>\n<p>Pre zaistenie efekt\u00edvnej a \u010distej prev\u00e1dzky s\u00fa kore\u010dkov\u00e9 elev\u00e1tory zvy\u010dajne uzavret\u00e9 v krytoch, ktor\u00e9 pom\u00e1haj\u00fa predch\u00e1dza\u0165 \u00faniku prachu po\u010das prepravy materi\u00e1lu.<\/p>\n<p>Kor\u010dekov\u00e9 elev\u00e1tory s\u00fa ide\u00e1lne na vertik\u00e1lnu prepravu materi\u00e1lov. Po umiestnen\u00ed materi\u00e1lov do n\u00e1sypky pomocou vibra\u010dn\u00e9ho stola sa syst\u00e9m automaticky a nepretr\u017eite spust\u00ed, aby zdvihol materi\u00e1l do po\u017eadovanej v\u00fd\u0161ky, \u010d\u00edm zabezpe\u010d\u00ed spo\u013eahliv\u00fa a efekt\u00edvnu manipul\u00e1ciu s materi\u00e1lom.<\/p>\n<h2>O FMP<\/h2>\n<p>V spolo\u010dnosti FMP sme hrd\u00ed na to, \u017ee sme popredn\u00fdm v\u00fdrobcom vysokokvalitn\u00fdch ozuben\u00fdch kolies, ktor\u00e9 sa vyr\u00e1baj\u00fa v na\u0161om modernom z\u00e1vode v Taliansku. Pon\u00fakame \u0161irok\u00fd sortiment ozuben\u00fdch kolies navrhnut\u00fdch tak, aby sp\u013a\u0148ali jedine\u010dn\u00e9 potreby r\u00f4znych odvetv\u00ed. \u010ci u\u017e h\u013ead\u00e1te ozuben\u00e9 koles\u00e1 s hotov\u00fdm otvorom, nap\u00ednacie ozuben\u00e9 koles\u00e1, ozuben\u00e9 koles\u00e1 s ku\u017ee\u013eov\u00fdm z\u00e1mkom alebo ozuben\u00e9 koles\u00e1 pre dopravn\u00edky, ka\u017ed\u00fd produkt vyr\u00e1bame s presnos\u0165ou a odolnos\u0165ou, aby sme zabezpe\u010dili optim\u00e1lny v\u00fdkon. N\u00e1\u0161 v\u00fdber zah\u0155\u0148a ozuben\u00e9 koles\u00e1 z nehrdzavej\u00facej ocele, plastu a ocele, ako aj \u0161pecializovan\u00e9 modely, ako s\u00fa dvojradov\u00e9 a dvojradov\u00e9 ozuben\u00e9 koles\u00e1, \u010do n\u00e1m umo\u017e\u0148uje poskytn\u00fa\u0165 ide\u00e1lne rie\u0161enie pre ka\u017ed\u00fa aplik\u00e1ciu.<\/p>\n<p>Spolo\u010dnos\u0165 FMP sa odli\u0161uje od ostatn\u00fdch, a to odhodlan\u00edm prisp\u00f4sobi\u0165 sa na mieru. Uvedomujeme si, \u017ee ka\u017ed\u00fd projekt m\u00e1 svoje \u0161pecifick\u00e9 po\u017eiadavky, a preto pon\u00fakame rie\u0161enia ozuben\u00fdch kolies na mieru, ktor\u00e9 s\u00fa prisp\u00f4soben\u00e9 va\u0161im presn\u00fdm potreb\u00e1m. \u010ci u\u017e po\u017eadujete vlastn\u00fd dizajn alebo m\u00e1te \u0161peci\u00e1lne technick\u00e9 po\u017eiadavky, n\u00e1\u0161 t\u00edm odborn\u00edkov je pripraven\u00fd doda\u0165 presn\u00e9, spo\u013eahliv\u00e9 a vysoko v\u00fdkonn\u00e9 rie\u0161enia.<\/p>\n<p>Zaviazali sme sa k excelentnosti v oblasti in\u017einierstva aj v\u00fdroby, aby sme zabezpe\u010dili, \u017ee ka\u017ed\u00e9 ozuben\u00e9 koleso, ktor\u00e9 vyr\u00e1bame, sp\u013a\u0148a najvy\u0161\u0161ie \u0161tandardy kvality a je vyroben\u00e9 tak, aby vydr\u017ealo. Ak m\u00e1te ak\u00e9ko\u013evek ot\u00e1zky alebo potrebujete prisp\u00f4soben\u00e9 rie\u0161enie pre ozuben\u00e9 koleso, nev\u00e1hajte n\u00e1s kontaktova\u0165. N\u00e1\u0161 t\u00edm je tu, aby v\u00e1m poskytol odborn\u00e9 poradenstvo a v\u010dasn\u00e9 odpovede, aby sme zabezpe\u010dili va\u0161u \u00fapln\u00fa spokojnos\u0165. Sta\u010d\u00ed n\u00e1s kontaktova\u0165 e-mailom a my sa v\u00e1m \u010do najsk\u00f4r ozveme.<\/p>\n<p><img loading=\"lazy\" decoding=\"async\" class=\"alignnone size-full wp-image-5246\" src=\"https:\/\/fmp-components.com\/wp-content\/uploads\/2025\/02\/fmp-cast-sprocket-1.webp\" alt=\"ozuben\u00e9 koleso fmp-cast\" width=\"2492\" height=\"1179\" title=\"\" srcset=\"https:\/\/fmp-components.com\/wp-content\/uploads\/2025\/02\/fmp-cast-sprocket-1.webp 2492w, https:\/\/fmp-components.com\/wp-content\/uploads\/2025\/02\/fmp-cast-sprocket-1-1280x606.webp 1280w, https:\/\/fmp-components.com\/wp-content\/uploads\/2025\/02\/fmp-cast-sprocket-1-980x464.webp 980w, https:\/\/fmp-components.com\/wp-content\/uploads\/2025\/02\/fmp-cast-sprocket-1-480x227.webp 480w\" sizes=\"(min-width: 0px) and (max-width: 480px) 480px, (min-width: 481px) and (max-width: 980px) 980px, (min-width: 981px) and (max-width: 1280px) 1280px, (min-width: 1281px) 2492px, 100vw\" \/><\/p>","protected":false},"excerpt":{"rendered":"<p>Bucket Elevator Sprocket The bucket elevator is designed to efficiently transport materials from lower to higher elevations. After materials are placed into the hopper via a vibration table, the machine operates automatically and continuously, lifting the materials upward. The speed of the conveyor can be adjusted based on the required transport volume, and the lifting [&hellip;]<\/p>","protected":false},"featured_media":5249,"comment_status":"open","ping_status":"closed","template":"","meta":{"_et_pb_use_builder":"","_et_pb_old_content":"","_et_gb_content_width":""},"product_brand":[],"product_cat":[99],"product_tag":[],"class_list":{"0":"post-5245","1":"product","2":"type-product","3":"status-publish","4":"has-post-thumbnail","6":"product_cat-specialty-sprockets","8":"first","9":"instock","10":"shipping-taxable","11":"product-type-simple"},"_links":{"self":[{"href":"https:\/\/fmp-components.com\/sk\/wp-json\/wp\/v2\/product\/5245","targetHints":{"allow":["GET"]}}],"collection":[{"href":"https:\/\/fmp-components.com\/sk\/wp-json\/wp\/v2\/product"}],"about":[{"href":"https:\/\/fmp-components.com\/sk\/wp-json\/wp\/v2\/types\/product"}],"replies":[{"embeddable":true,"href":"https:\/\/fmp-components.com\/sk\/wp-json\/wp\/v2\/comments?post=5245"}],"wp:featuredmedia":[{"embeddable":true,"href":"https:\/\/fmp-components.com\/sk\/wp-json\/wp\/v2\/media\/5249"}],"wp:attachment":[{"href":"https:\/\/fmp-components.com\/sk\/wp-json\/wp\/v2\/media?parent=5245"}],"wp:term":[{"taxonomy":"product_brand","embeddable":true,"href":"https:\/\/fmp-components.com\/sk\/wp-json\/wp\/v2\/product_brand?post=5245"},{"taxonomy":"product_cat","embeddable":true,"href":"https:\/\/fmp-components.com\/sk\/wp-json\/wp\/v2\/product_cat?post=5245"},{"taxonomy":"product_tag","embeddable":true,"href":"https:\/\/fmp-components.com\/sk\/wp-json\/wp\/v2\/product_tag?post=5245"}],"curies":[{"name":"pracovn\u00fd list","href":"https:\/\/api.w.org\/{rel}","templated":true}]}}