{"id":5239,"date":"2025-02-05T03:00:22","date_gmt":"2025-02-05T03:00:22","guid":{"rendered":"https:\/\/fmp-components.com\/?post_type=product&#038;p=5239"},"modified":"2025-02-05T03:00:22","modified_gmt":"2025-02-05T03:00:22","slug":"fu-scraper-conveyor-cast-sprocket","status":"publish","type":"product","link":"https:\/\/fmp-components.com\/sk\/product\/fu-scraper-conveyor-cast-sprocket\/","title":{"rendered":"Liate ozuben\u00e9 koleso \u0161krab\u00e1kov\u00e9ho dopravn\u00edka FU"},"content":{"rendered":"<h2>Ozuben\u00e9 koleso \u0161krab\u00e1ka<\/h2>\n<p>Liate ozuben\u00e9 koleso \u0161krab\u00e1kov\u00e9ho dopravn\u00edka FU je k\u013e\u00fa\u010dovou s\u00fa\u010das\u0165ou pohonn\u00e9ho mechanizmu r\u00f4znych \u0161krab\u00e1kov\u00fdch dopravn\u00edkov. Spolu s re\u0165azou tvor\u00ed prim\u00e1rny pohonn\u00fd syst\u00e9m pre \u0161krab\u00e1kov\u00e9 dopravn\u00edky. Re\u0165azov\u00e9 koles\u00e1 a re\u0165aze t\u00fdchto strojov efekt\u00edvne prepravuj\u00fa sypk\u00e9 materi\u00e1ly v \u017e\u013eabe a pon\u00fakaj\u00fa stabilitu a odolnos\u0165. \u0160krab\u00e1kov\u00e9 stroje je mo\u017en\u00e9 pou\u017ei\u0165 na horizont\u00e1lnu aj \u0161ikm\u00fa prepravu materi\u00e1lu.<\/p>\n<p>Zostava ozuben\u00e9ho kolesa, \u010dasto ozna\u010dovan\u00e1 ako skupina ozuben\u00fdch kolies, je k\u013e\u00fa\u010dovou s\u00fa\u010das\u0165ou plne mechanizovanej hlavy \u0161krab\u00e1ka a naklada\u010da. V aplik\u00e1ci\u00e1ch \u0165a\u017eby uhlia poh\u00e1\u0148a ozuben\u00e9 koleso re\u0165az cez reduktor, \u010do umo\u017e\u0148uje \u0161krab\u00e1ku pres\u00fava\u0165 materi\u00e1ly, ako je uhlie, v centr\u00e1lnej \u0161trbine.<\/p>\n<p><img loading=\"lazy\" decoding=\"async\" class=\"wp-image-5241 alignleft\" src=\"https:\/\/fmp-components.com\/wp-content\/uploads\/2025\/02\/scraper2.webp\" alt=\"\u0161krabka\" width=\"304\" height=\"304\" title=\"\"> Ozuben\u00e9 koles\u00e1 \u0161krab\u00e1kov s\u00fa vyroben\u00e9 z vysokopevnostnej kon\u0161truk\u010dnej legovanej ocele a prech\u00e1dzaj\u00fa viacstup\u0148ov\u00fdm procesom spracovania. Tieto ozuben\u00e9 koles\u00e1 s\u00fa zn\u00e1me svojou vynikaj\u00facou pevnos\u0165ou, odolnos\u0165ou vo\u010di opotrebovaniu a celkovou spo\u013eahlivos\u0165ou. Tieto ozuben\u00e9 koles\u00e1 s\u00fa dostupn\u00e9 v r\u00f4znych modeloch, ktor\u00e9 vyhovuj\u00fa r\u00f4znym \u0161krabac\u00edm dopravn\u00edkom, a s\u00fa navrhnut\u00e9 tak, aby sp\u013a\u0148ali po\u017eiadavky r\u00f4znych prev\u00e1dzkov\u00fdch podmienok.<\/p>\n<h3>Medzi k\u013e\u00fa\u010dov\u00e9 vlastnosti ozuben\u00fdch kolies \u0161krab\u00e1ka patria:<\/h3>\n<p>Vysok\u00e1 pevnos\u0165 a odolnos\u0165 proti opotrebovaniu<br \/>\nSchopnos\u0165 odol\u00e1va\u0165 kombin\u00e1ci\u00e1m impulzov a n\u00e1razov\u00fdm za\u0165a\u017eeniam<br \/>\nTrvanlivos\u0165 a h\u00fa\u017eevnatos\u0165<br \/>\nPresn\u00e1 ve\u013ekos\u0165 zubov a vysok\u00e1 presnos\u0165 spracovania pre optim\u00e1lnu kompatibilitu s re\u0165azami<br \/>\nOzuben\u00e9 koles\u00e1 \u0161krab\u00e1kov maj\u00fa zvy\u010dajne 6 a\u017e 8 zubov v z\u00e1vislosti od konkr\u00e9tnej aplik\u00e1cie.<\/p>\n<h2>Materi\u00e1l ozuben\u00e9ho kolesa \u0161krab\u00e1ka<\/h2>\n<p>V\u00e4\u010d\u0161ina re\u0165azov\u00fdch kolies \u0161krab\u00e1kov je vyroben\u00e1 z vysokopevnostn\u00fdch legovan\u00fdch ocel\u00ed, ako napr\u00edklad 42CrMo alebo 45CrMnMo. Tieto materi\u00e1ly s\u00fa vybran\u00e9 pre svoju v\u00fdnimo\u010dn\u00fa pevnos\u0165, odolnos\u0165 a odolnos\u0165 vo\u010di opotrebovaniu, ktor\u00e9 s\u00fa nevyhnutn\u00e9 pre n\u00e1ro\u010dn\u00e9 podmienky, ktor\u00fdm \u010delia ozuben\u00e9 koles\u00e1 \u0161krab\u00e1kov po\u010das prev\u00e1dzky.<\/p>\n<p>Pre zv\u00fd\u0161enie odolnosti proti opotrebovaniu a celkov\u00e9ho v\u00fdkonu ozuben\u00fdch kolies prech\u00e1dzaj\u00fa re\u0165azov\u00e9 koles\u00e1 procesom kovania a kalenia. Proces kovania zabezpe\u010duje, \u017ee ozuben\u00e9 koles\u00e1 maj\u00fa hust\u00fa a rovnomern\u00fa \u0161trukt\u00faru, \u010do v\u00fdrazne zlep\u0161uje ich h\u00fa\u017eevnatos\u0165 a odolnos\u0165 proti \u00fanave. Kalenie \u010falej zvy\u0161uje tvrdos\u0165 materi\u00e1lu, v\u010faka \u010domu s\u00fa ozuben\u00e9 koles\u00e1 odolnej\u0161ie vo\u010di nam\u00e1haniu a opotrebovaniu, s ktor\u00fdm sa stret\u00e1vaj\u00fa v n\u00e1ro\u010dn\u00fdch aplik\u00e1ci\u00e1ch.<\/p>\n<p>Po\u010das v\u00fdrobn\u00e9ho procesu sa uplat\u0148uj\u00fa pr\u00edsne opatrenia na kontrolu kvality, aby sa zabezpe\u010dilo, \u017ee kovan\u00fd povrch ka\u017ed\u00e9ho re\u0165azov\u00e9ho kolesa neobsahuje \u017eiadne chyby, ako s\u00fa praskliny, medzivrstvy, vr\u00e1sky, vznikaj\u00face po\u0161kodenia a troskov\u00e9 inkl\u00fazie. Tieto nedokonalosti m\u00f4\u017eu ohrozi\u0165 pevnos\u0165 a funk\u010dnos\u0165 ozuben\u00fdch kolies, preto sa vykon\u00e1vaj\u00fa pr\u00edsne testy a kontroly, aby sa zabezpe\u010dili najvy\u0161\u0161ie \u0161tandardy kvality.<\/p>\n<p>V\u00fdroba ka\u017ed\u00e9ho re\u0165azov\u00e9ho kolesa zah\u0155\u0148a viac ako dvadsa\u0165 r\u00f4znych procesn\u00fdch krokov. Tieto kroky zah\u0155\u0148aj\u00fa presn\u00e9 obr\u00e1banie, tvarovanie a kone\u010dn\u00fa \u00fapravu, \u010d\u00edm sa zabezpe\u010d\u00ed, \u017ee ka\u017ed\u00e9 ozuben\u00e9 koleso sp\u013a\u0148a po\u017eadovan\u00e9 \u0161pecifik\u00e1cie pre \u0161krab\u00e1ky. Po vytvoren\u00ed sa re\u0165azov\u00e9 koles\u00e1 in\u0161taluj\u00fa do hlavy a zadnej \u010dasti \u0161krab\u00e1ka, kde zohr\u00e1vaj\u00fa k\u013e\u00fa\u010dov\u00fa \u00falohu pri pohone re\u0165aze a zabezpe\u010dovan\u00ed efekt\u00edvnej prepravy materi\u00e1lu.<\/p>\n<p>V\u010faka pou\u017eitiu pokro\u010dil\u00fdch v\u00fdrobn\u00fdch techn\u00edk a vysokokvalitn\u00fdch materi\u00e1lov poskytuj\u00fa ozuben\u00e9 koles\u00e1 \u0161krab\u00e1kov spo\u013eahliv\u00fd v\u00fdkon v n\u00e1ro\u010dn\u00fdch prostrediach, pon\u00fakaj\u00fa dlh\u00fa \u017eivotnos\u0165 a zv\u00fd\u0161en\u00fa prev\u00e1dzkov\u00fa efektivitu.<\/p>\n<p><img loading=\"lazy\" decoding=\"async\" class=\"wp-image-5243 aligncenter\" src=\"https:\/\/fmp-components.com\/wp-content\/uploads\/2025\/02\/fmp_cast-sprocket-12.webp\" alt=\"ozuben\u00e9 koleso fmp_cast\" width=\"863\" height=\"859\" title=\"\" srcset=\"https:\/\/fmp-components.com\/wp-content\/uploads\/2025\/02\/fmp_cast-sprocket-12.webp 863w, https:\/\/fmp-components.com\/wp-content\/uploads\/2025\/02\/fmp_cast-sprocket-12-480x478.webp 480w\" sizes=\"(min-width: 0px) and (max-width: 480px) 480px, (min-width: 481px) 863px, 100vw\" \/><\/p>\n<h3>Princ\u00edp fungovania \u0161krab\u00e1kov\u00e9ho dopravn\u00edka<\/h3>\n<p>\u0160krabovac\u00ed dopravn\u00edk funguje prostredn\u00edctvom jednoduch\u00e9ho, ale \u00fa\u010dinn\u00e9ho mechanizmu ur\u010den\u00e9ho na prepravu sypk\u00fdch materi\u00e1lov, ako je uhlie, hlu\u0161ina alebo in\u00e9 l\u00e1tky. Dopravn\u00edk m\u00e1 otvoren\u00fd \u017e\u013eab, ktor\u00fd sl\u00fa\u017ei ako vodiaca a nosn\u00e1 kon\u0161trukcia pre materi\u00e1ly. \u0160krab\u00e1k, ktor\u00fd je upevnen\u00fd pozd\u013a\u017e re\u0165aze (tvor\u00ed \u0161krab\u00e1kov\u00fa re\u0165az), p\u00f4sob\u00ed ako trak\u010dn\u00fd prvok, ktor\u00fd pos\u00fava materi\u00e1ly cez \u017e\u013eab.<\/p>\n<p>Ke\u010f sa aktivuje syst\u00e9m pohonu hlavy vr\u00e1tane prevodovky dopravn\u00edka, uvedie sa do pohybu re\u0165azov\u00e9 koleso na hriadeli hlavy dopravn\u00edka. T\u00e1to rot\u00e1cia poh\u00e1\u0148a re\u0165az \u0161krab\u00e1ka, \u010do sp\u00f4sobuje jej nepretr\u017eit\u00fa cirkul\u00e1ciu. Ke\u010f sa re\u0165az \u0161krab\u00e1ka pohybuje, \u0165ah\u00e1 materi\u00e1l pozd\u013a\u017e \u017e\u013eabu a efekt\u00edvne ho prepravuje od zadn\u00e9ho konca smerom k \u010delu dopravn\u00edka.<\/p>\n<p><img loading=\"lazy\" decoding=\"async\" class=\"wp-image-5242 aligncenter\" src=\"https:\/\/fmp-components.com\/wp-content\/uploads\/2025\/02\/fmp-scraper.webp\" alt=\"fmp-scraper\" width=\"880\" height=\"660\" title=\"\" srcset=\"https:\/\/fmp-components.com\/wp-content\/uploads\/2025\/02\/fmp-scraper.webp 880w, https:\/\/fmp-components.com\/wp-content\/uploads\/2025\/02\/fmp-scraper-480x360.webp 480w\" sizes=\"(min-width: 0px) and (max-width: 480px) 480px, (min-width: 481px) 880px, 100vw\" \/><\/p>\n<p>Na \u010dele dopravn\u00edka sa materi\u00e1l vylo\u017e\u00ed, \u010d\u00edm sa dokon\u010d\u00ed prepravn\u00fd cyklus. Re\u0165az \u0161krab\u00e1ka potom ob\u00edde re\u0165azov\u00e9 koleso a vracia sa syst\u00e9mom v kontinu\u00e1lnej, uzavretej slu\u010dke, \u010d\u00edm sa zabezpe\u010d\u00ed stabiln\u00fd tok materi\u00e1lu po\u010das cel\u00e9ho procesu. T\u00e1to bezprobl\u00e9mov\u00e1 prev\u00e1dzka umo\u017e\u0148uje efekt\u00edvnu a spo\u013eahliv\u00fa manipul\u00e1ciu s materi\u00e1lom, v\u010faka \u010domu s\u00fa \u0161krab\u00e1kov\u00e9 dopravn\u00edky ide\u00e1lne pre r\u00f4zne odvetvia, ako je ban\u00edctvo, manipul\u00e1cia s uhl\u00edm a preprava sypk\u00fdch materi\u00e1lov.<\/p>\n<p>Stru\u010dne povedan\u00e9, princ\u00edp fungovania \u0161krab\u00e1kov\u00e9ho dopravn\u00edkov\u00e9ho syst\u00e9mu sa spolieha na koordinovan\u00fd pohyb \u0161krab\u00e1kovej re\u0165aze a ozuben\u00fdch kolies, poh\u00e1\u0148an\u00fdch syst\u00e9mom pohonu hlavy, na nepretr\u017eit\u00fa prepravu materi\u00e1lov pozd\u013a\u017e \u017e\u013eabu v uzavretom cykle, \u010d\u00edm sa zabezpe\u010duje konzistentn\u00e1 a plynul\u00e1 prev\u00e1dzka.<\/p>\n<h2>O FMP<\/h2>\n<p>V na\u0161om modernom z\u00e1vode v Taliansku sa \u0161pecializujeme na v\u00fdrobu \u0161irokej \u0161k\u00e1ly vysokokvalitn\u00fdch ozuben\u00fdch kolies, aby sme splnili rozmanit\u00e9 potreby na\u0161ich z\u00e1kazn\u00edkov. Od ozuben\u00fdch kolies s hotov\u00fdm otvorom a\u017e po nap\u00ednacie ozuben\u00e9 koles\u00e1, ozuben\u00e9 koles\u00e1 s ku\u017ee\u013eov\u00fdm z\u00e1mkom a\u017e po ozuben\u00e9 koles\u00e1 dopravn\u00edkov, pon\u00fakame produkty vyroben\u00e9 s oh\u013eadom na presnos\u0165 a odolnos\u0165. N\u00e1\u0161 rozsiahly sortiment zah\u0155\u0148a ozuben\u00e9 koles\u00e1 z nehrdzavej\u00facej ocele, plastu a ocele, ako aj \u0161pecializovan\u00e9 prevedenia, ako s\u00fa dvojradov\u00e9 a dvojradov\u00e9 ozuben\u00e9 koles\u00e1, \u010do zaru\u010duje, \u017ee dok\u00e1\u017eeme poskytn\u00fa\u0165 dokonal\u00e9 rie\u0161enie pre ka\u017ed\u00fa aplik\u00e1ciu.<img loading=\"lazy\" decoding=\"async\" class=\"wp-image-5244 alignleft\" src=\"https:\/\/fmp-components.com\/wp-content\/uploads\/2025\/02\/fmp_cast-sprocket-13.webp\" alt=\"ozuben\u00e9 koleso fmp_cast\" width=\"235\" height=\"295\" title=\"\"><\/p>\n<p>Odli\u0161ujeme sa od ostatn\u00fdch v\u010faka n\u00e1\u0161mu z\u00e1v\u00e4zku prisp\u00f4sobi\u0165 sa potreb\u00e1m z\u00e1kazn\u00edkov. Ch\u00e1peme, \u017ee ka\u017ed\u00fd projekt je jedine\u010dn\u00fd, a preto pon\u00fakame rie\u0161enia ozuben\u00fdch kolies na mieru, ktor\u00e9 sp\u013a\u0148aj\u00fa va\u0161e \u0161pecifick\u00e9 po\u017eiadavky. \u010ci u\u017e potrebujete dizajn na mieru alebo m\u00e1te jedine\u010dn\u00e9 technick\u00e9 po\u017eiadavky, n\u00e1\u0161 t\u00edm odborn\u00edkov je tu, aby v\u00e1m poskytol presn\u00e9 a spo\u013eahliv\u00e9 rie\u0161enia.<\/p>\n<p>Sme hrd\u00ed na na\u0161e technick\u00e9 znalosti a kvalitu n\u00e1\u0161ho v\u00fdrobn\u00e9ho procesu, \u010d\u00edm zabezpe\u010dujeme, aby ka\u017ed\u00e9 ozuben\u00e9 koleso, ktor\u00e9 vyr\u00e1bame, bolo vyroben\u00e9 tak, aby vydr\u017ealo. Ak m\u00e1te ak\u00e9ko\u013evek ot\u00e1zky alebo potrebujete ozuben\u00e9 koleso na mieru, nev\u00e1hajte n\u00e1s kontaktova\u0165. N\u00e1\u0161 t\u00edm je pripraven\u00fd v\u00e1m pom\u00f4c\u0165 a poskytn\u00fa\u0165 v\u010dasn\u00e9 odborn\u00e9 poradenstvo, aby sme zabezpe\u010dili va\u0161u \u00fapln\u00fa spokojnos\u0165. Sta\u010d\u00ed n\u00e1m posla\u0165 e-mail a my sa v\u00e1m \u010do najsk\u00f4r ozveme.<\/p>","protected":false},"excerpt":{"rendered":"<p>Scraper Sprocket The FU Scraper Conveyor Cast Sprocket is a crucial component in the drive mechanism of various scraper machines. It works together with the chain to form the primary drive system for scraper conveyors. The chain sprockets and chains of these machines efficiently transport bulk materials within the trough, offering stability and durability. Scraper [&hellip;]<\/p>","protected":false},"featured_media":5240,"comment_status":"open","ping_status":"closed","template":"","meta":{"_et_pb_use_builder":"","_et_pb_old_content":"","_et_gb_content_width":""},"product_brand":[],"product_cat":[99],"product_tag":[],"class_list":{"0":"post-5239","1":"product","2":"type-product","3":"status-publish","4":"has-post-thumbnail","6":"product_cat-specialty-sprockets","8":"first","9":"instock","10":"shipping-taxable","11":"product-type-simple"},"_links":{"self":[{"href":"https:\/\/fmp-components.com\/sk\/wp-json\/wp\/v2\/product\/5239","targetHints":{"allow":["GET"]}}],"collection":[{"href":"https:\/\/fmp-components.com\/sk\/wp-json\/wp\/v2\/product"}],"about":[{"href":"https:\/\/fmp-components.com\/sk\/wp-json\/wp\/v2\/types\/product"}],"replies":[{"embeddable":true,"href":"https:\/\/fmp-components.com\/sk\/wp-json\/wp\/v2\/comments?post=5239"}],"wp:featuredmedia":[{"embeddable":true,"href":"https:\/\/fmp-components.com\/sk\/wp-json\/wp\/v2\/media\/5240"}],"wp:attachment":[{"href":"https:\/\/fmp-components.com\/sk\/wp-json\/wp\/v2\/media?parent=5239"}],"wp:term":[{"taxonomy":"product_brand","embeddable":true,"href":"https:\/\/fmp-components.com\/sk\/wp-json\/wp\/v2\/product_brand?post=5239"},{"taxonomy":"product_cat","embeddable":true,"href":"https:\/\/fmp-components.com\/sk\/wp-json\/wp\/v2\/product_cat?post=5239"},{"taxonomy":"product_tag","embeddable":true,"href":"https:\/\/fmp-components.com\/sk\/wp-json\/wp\/v2\/product_tag?post=5239"}],"curies":[{"name":"pracovn\u00fd list","href":"https:\/\/api.w.org\/{rel}","templated":true}]}}