{"id":5047,"date":"2025-01-26T03:31:20","date_gmt":"2025-01-26T03:31:20","guid":{"rendered":"https:\/\/fmp-components.com\/?post_type=product&#038;p=5047"},"modified":"2025-01-26T03:31:20","modified_gmt":"2025-01-26T03:31:20","slug":"cement-mixer-2810-gearbox-reducer-for-concrete-mixer-innovative-drive-system-%ef%bc%88zl-2810%ef%bc%89","status":"publish","type":"product","link":"https:\/\/fmp-components.com\/sk\/product\/cement-mixer-2810-gearbox-reducer-for-concrete-mixer-innovative-drive-system-%ef%bc%88zl-2810%ef%bc%89\/","title":{"rendered":"Prevodovka pre mie\u0161a\u010dku bet\u00f3nu 2810 s reduktorom pre inovat\u00edvny pohonn\u00fd syst\u00e9m mie\u0161a\u010dky bet\u00f3nu (ZL-2810)"},"content":{"rendered":"<h2>Sch\u00e9ma \u0161trukt\u00fary prevodovky 2810<\/h2>\n<p><img loading=\"lazy\" decoding=\"async\" class=\"wp-image-5048 aligncenter\" src=\"https:\/\/fmp-components.com\/wp-content\/uploads\/2025\/01\/cement-mixer-gearbox11.webp\" alt=\"prevodovka mie\u0161a\u010dky cementu\" width=\"855\" height=\"523\" title=\"\" srcset=\"https:\/\/fmp-components.com\/wp-content\/uploads\/2025\/01\/cement-mixer-gearbox11.webp 855w, https:\/\/fmp-components.com\/wp-content\/uploads\/2025\/01\/cement-mixer-gearbox11-480x294.webp 480w\" sizes=\"(min-width: 0px) and (max-width: 480px) 480px, (min-width: 481px) 855px, 100vw\" \/><\/p>\n<table style=\"width: 100%;\" border=\"1\" width=\"100%\" cellspacing=\"0\" cellpadding=\"0\">\n<tbody>\n<tr>\n<th>\u010c\u00edslo komponentu<\/th>\n<th>N\u00e1zov komponentu<\/th>\n<th>\u010c\u00edslo komponentu<\/th>\n<th>N\u00e1zov komponentu<\/th>\n<th>\u010c\u00edslo komponentu<\/th>\n<th>N\u00e1zov komponentu<\/th>\n<\/tr>\n<tr>\n<td>1<\/td>\n<td>Vstupn\u00fd hriade\u013e<\/td>\n<td>2<\/td>\n<td>olejov\u00e9 tesnenie<\/td>\n<td>3<\/td>\n<td>Gu\u013e\u00f4\u010dkov\u00e9 lo\u017eisko s hlbokou dr\u00e1\u017ekou<\/td>\n<\/tr>\n<tr>\n<td>4<\/td>\n<td>Kryt dver\u00ed<\/td>\n<td>5<\/td>\n<td>Gu\u013e\u00f4\u010dkov\u00e9 lo\u017eisko s hlbokou dr\u00e1\u017ekou<\/td>\n<td>6<\/td>\n<td>Skrutka so \u0161es\u0165hrannou hlavou<\/td>\n<\/tr>\n<tr>\n<td>7<\/td>\n<td>Ploch\u00fd k\u013e\u00fa\u010d<\/td>\n<td>8<\/td>\n<td>\u0160nekov\u00fd prevod<\/td>\n<td>9<\/td>\n<td>Skrutka olejovej z\u00e1tky<\/td>\n<\/tr>\n<tr>\n<td>10<\/td>\n<td>Krabica<\/td>\n<td>11<\/td>\n<td>Ploch\u00fd k\u013e\u00fa\u010d<\/td>\n<td>12<\/td>\n<td>Ku\u017ee\u013eov\u00e9 ozuben\u00e9 koleso<\/td>\n<\/tr>\n<tr>\n<td>13<\/td>\n<td>Poistn\u00fd kr\u00fa\u017eok<\/td>\n<td>14<\/td>\n<td>Podlo\u017eka<\/td>\n<td>15<\/td>\n<td>\u010cerv<\/td>\n<\/tr>\n<tr>\n<td>16<\/td>\n<td>Gu\u013e\u00f4\u010dkov\u00e9 lo\u017eisko s hlbokou dr\u00e1\u017ekou<\/td>\n<td>17<\/td>\n<td>Poistn\u00fd kr\u00fa\u017eok<\/td>\n<td>18<\/td>\n<td>olejov\u00e9 tesnenie<\/td>\n<\/tr>\n<tr>\n<td>19<\/td>\n<td>Dr\u00e1\u017ekovan\u00fd hriade\u013e<\/td>\n<td>20<\/td>\n<td>olejov\u00e9 tesnenie<\/td>\n<td>21<\/td>\n<td>Poistn\u00fd kr\u00fa\u017eok<\/td>\n<\/tr>\n<tr>\n<td>22<\/td>\n<td>Kryt dver\u00ed<\/td>\n<td>23<\/td>\n<td>Dr\u00e1\u017ekovan\u00e9 puzdro<\/td>\n<td><\/td>\n<td><\/td>\n<\/tr>\n<\/tbody>\n<\/table>\n<p>Pozn\u00e1mky\uff1a<br \/>\n1. Pred mont\u00e1\u017eou musia by\u0165 v\u0161etky diely vy\u010disten\u00e9.<br \/>\n2. Po\u010das mont\u00e1\u017ee mus\u00ed lo\u017eisko tesne prilieha\u0165 k ramenu hriade\u013ea<br \/>\n3. Pou\u017eite mazac\u00ed olej WA460 alebo vyberte zodpovedaj\u00faci olej pod\u013ea teploty okolia.<br \/>\n4. Vykonajte sk\u00fa\u0161ku bez z\u00e1\u0165a\u017ee a prev\u00e1dzka by mala by\u0165 flexibiln\u00e1 a vo\u013en\u00e1. Po 1 hodine prev\u00e1dzky by mal by\u0165 n\u00e1rast teploty \u2264 45 \u2103.<\/p>\n<p><img loading=\"lazy\" decoding=\"async\" class=\"alignnone  wp-image-5049\" src=\"https:\/\/fmp-components.com\/wp-content\/uploads\/2025\/01\/0_cement-mixer-gearbox51.webp\" alt=\"prevodovka mie\u0161a\u010dky cementu\" width=\"967\" height=\"910\" title=\"\" srcset=\"https:\/\/fmp-components.com\/wp-content\/uploads\/2025\/01\/0_cement-mixer-gearbox51.webp 967w, https:\/\/fmp-components.com\/wp-content\/uploads\/2025\/01\/0_cement-mixer-gearbox51-480x452.webp 480w\" sizes=\"(min-width: 0px) and (max-width: 480px) 480px, (min-width: 481px) 967px, 100vw\" \/><\/p>\n<h3>Ako funguje prevodovka v mie\u0161a\u010dke bet\u00f3nu?<\/h3>\n<p>Prevodovka v mie\u0161a\u010dke bet\u00f3nu zohr\u00e1va k\u013e\u00fa\u010dov\u00fa \u00falohu pri prenose v\u00fdkonu z motora na mie\u0161ac\u00ed bubon, \u010do umo\u017e\u0148uje proces mie\u0161ania. Tu je preh\u013ead fungovania prevodovky v mie\u0161a\u010dke bet\u00f3nu:<\/p>\n<ol>\n<li><strong>Prenos energie:<\/strong> Prevodovka je spojen\u00e1 s motorom, ktor\u00fd poskytuje energiu pre prev\u00e1dzku mie\u0161a\u010dky. Motor zvy\u010dajne pracuje pri vysok\u00fdch ot\u00e1\u010dkach, ale mie\u0161ac\u00ed bubon vy\u017eaduje pomal\u0161ie, kontrolovan\u00e9 ot\u00e1\u010dky s vy\u0161\u0161\u00edm kr\u00fatiacim momentom, aby sa bet\u00f3n spr\u00e1vne premie\u0161al. Prevodovka zni\u017euje vysok\u00e9 ot\u00e1\u010dky motora na pomal\u0161ie, vhodnej\u0161ie ot\u00e1\u010dky pre ot\u00e1\u010danie bubna.<\/li>\n<li><strong>Zn\u00ed\u017eenie r\u00fdchlosti:<\/strong> Prevodovka vyu\u017e\u00edva syst\u00e9m ozuben\u00fdch kolies \u2013 \u010dasto plan\u00e9tov\u00fdch alebo \u0161pir\u00e1lov\u00fdch \u2013 na dosiahnutie potrebn\u00e9ho zn\u00ed\u017eenia r\u00fdchlosti. To zabezpe\u010duje, \u017ee mie\u0161ac\u00ed bubon sa ot\u00e1\u010da pomal\u0161ou, kontrolovanou r\u00fdchlos\u0165ou, \u010do je nevyhnutn\u00e9 pre rovnomern\u00e9 mie\u0161anie bez pre\u0165a\u017eenia motora alebo po\u0161kodenia zariadenia.<\/li>\n<li><strong>Zosilnenie kr\u00fatiaceho momentu:<\/strong> Spolu so zn\u00ed\u017een\u00edm r\u00fdchlosti prevodovka tie\u017e zosil\u0148uje kr\u00fatiaci moment, \u010d\u00edm poskytuje dodato\u010dn\u00fa silu potrebn\u00fa na ot\u00e1\u010danie \u0165a\u017ek\u00e9ho bubna a efekt\u00edvne mie\u0161anie bet\u00f3nu. Zv\u00fd\u0161en\u00fd kr\u00fatiaci moment zais\u0165uje, \u017ee bubon sa ot\u00e1\u010da plynule aj pri preprave pln\u00e9ho n\u00e1kladu \u0165a\u017ek\u00fdch bet\u00f3nov\u00fdch pr\u00edsad.<\/li>\n<li><strong>Efekt\u00edvne rozlo\u017eenie energie:<\/strong> Prevodovka zabezpe\u010duje efekt\u00edvne rozlo\u017eenie v\u00fdkonu do mie\u0161acieho bubna a niekedy aj do in\u00fdch komponentov, ako s\u00fa napr\u00edklad z\u00e1vitovky alebo lopatky, ak je mie\u0161a\u010dka t\u00fdmito funkciami vybaven\u00e1. Zais\u0165uje stabiln\u00fd mie\u0161ac\u00ed proces, zni\u017euje straty energie a udr\u017eiava po\u017eadovan\u00fd v\u00fdkon.<\/li>\n<li><strong>Trvanlivos\u0165 a spo\u013eahlivos\u0165:<\/strong> Prevodovka v mie\u0161a\u010dke bet\u00f3nu je navrhnut\u00e1 tak, aby odolala n\u00e1ro\u010dnej a nepretr\u017eitej prev\u00e1dzke v n\u00e1ro\u010dn\u00fdch prostrediach. Je vyroben\u00e1 z vysokopevnostn\u00fdch materi\u00e1lov, aby zvl\u00e1dla nam\u00e1hanie \u010dast\u00fdch cyklov \u0161tartovania a zastavovania, \u0165a\u017ek\u00e9 bremen\u00e1 a vystavenie drsn\u00fdm podmienkam, ako je prach a vlhkos\u0165.<\/li>\n<li><strong>\u00dadr\u017eba a dlh\u00e1 \u017eivotnos\u0165:<\/strong> Prevodovka je tie\u017e navrhnut\u00e1 tak, aby sa \u013eahko udr\u017eiavala, s funkciami, ako je mazanie olejom a utesnen\u00e9 lo\u017eisk\u00e1, ktor\u00e9 zabezpe\u010duj\u00fa plynul\u00fd chod v priebehu \u010dasu. Pravideln\u00e1 \u00fadr\u017eba zabezpe\u010duje, \u017ee prevodovka bude na\u010falej fungova\u0165 efekt\u00edvne, \u010d\u00edm sa skracuj\u00fa prestoje a predl\u017euje \u017eivotnos\u0165 mie\u0161a\u010dky.<\/li>\n<\/ol>\n<p>Stru\u010dne povedan\u00e9, prevodovka v mie\u0161a\u010dke bet\u00f3nu je nevyhnutn\u00e1 na premenu vysokor\u00fdchlostn\u00e9ho v\u00fdkonu motora na n\u00edzkor\u00fdchlostn\u00fd pohyb s vysok\u00fdm kr\u00fatiacim momentom, \u010d\u00edm sa zabezpe\u010d\u00ed efekt\u00edvny a spo\u013eahliv\u00fd mie\u0161ac\u00ed v\u00fdkon. Jej \u00faloha je k\u013e\u00fa\u010dov\u00e1 pre zabezpe\u010denie rovnomern\u00e9ho mie\u0161ania, zn\u00ed\u017eenie opotrebenia komponentov a poskytnutie odolnosti potrebnej na dlhodob\u00e9 pou\u017e\u00edvanie v n\u00e1ro\u010dn\u00fdch prostrediach.<\/p>\n<table style=\"border-collapse: collapse; width: 99.6093%; height: 112px;\" border=\"0\" width=\"160\" cellspacing=\"0\" cellpadding=\"0\">\n<tbody>\n<tr style=\"height: 14.40pt;\">\n<td style=\"height: 14.4pt; width: 49.2308%;\" align=\"right\" width=\"80\" height=\"24\"><img loading=\"lazy\" decoding=\"async\" class=\"alignnone size-full wp-image-5051\" src=\"https:\/\/fmp-components.com\/wp-content\/uploads\/2025\/01\/fmp_2810-gearbox-3.webp\" alt=\"prevodovka fmp_2810\" width=\"2016\" height=\"1512\" title=\"\" srcset=\"https:\/\/fmp-components.com\/wp-content\/uploads\/2025\/01\/fmp_2810-gearbox-3.webp 2016w, https:\/\/fmp-components.com\/wp-content\/uploads\/2025\/01\/fmp_2810-gearbox-3-1280x960.webp 1280w, https:\/\/fmp-components.com\/wp-content\/uploads\/2025\/01\/fmp_2810-gearbox-3-980x735.webp 980w, https:\/\/fmp-components.com\/wp-content\/uploads\/2025\/01\/fmp_2810-gearbox-3-480x360.webp 480w\" sizes=\"(min-width: 0px) and (max-width: 480px) 480px, (min-width: 481px) and (max-width: 980px) 980px, (min-width: 981px) and (max-width: 1280px) 1280px, (min-width: 1281px) 2016px, 100vw\" \/><\/td>\n<td style=\"width: 49.2308%;\" align=\"right\" width=\"80\"><img loading=\"lazy\" decoding=\"async\" class=\"alignnone size-full wp-image-5050\" src=\"https:\/\/fmp-components.com\/wp-content\/uploads\/2025\/01\/fmp_2810-gearbox-2.webp\" alt=\"prevodovka fmp_2810\" width=\"2016\" height=\"1512\" title=\"\" srcset=\"https:\/\/fmp-components.com\/wp-content\/uploads\/2025\/01\/fmp_2810-gearbox-2.webp 2016w, https:\/\/fmp-components.com\/wp-content\/uploads\/2025\/01\/fmp_2810-gearbox-2-1280x960.webp 1280w, https:\/\/fmp-components.com\/wp-content\/uploads\/2025\/01\/fmp_2810-gearbox-2-980x735.webp 980w, https:\/\/fmp-components.com\/wp-content\/uploads\/2025\/01\/fmp_2810-gearbox-2-480x360.webp 480w\" sizes=\"(min-width: 0px) and (max-width: 480px) 480px, (min-width: 481px) and (max-width: 980px) 980px, (min-width: 981px) and (max-width: 1280px) 1280px, (min-width: 1281px) 2016px, 100vw\" \/><\/td>\n<\/tr>\n<\/tbody>\n<\/table>\n<h3>O FMP<\/h3>\n<p>FMP je profesion\u00e1lny z\u00e1vod na v\u00fdrobu prevodoviek so silnou reput\u00e1ciou excelentnosti. Sme hrd\u00ed na to, \u017ee pon\u00fakame cel\u00fd rad k\u013e\u00fa\u010dov\u00fdch v\u00fdhod, v\u010faka ktor\u00fdm sme d\u00f4veryhodn\u00fdm partnerom v odvetv\u00ed v\u00fdroby prevodoviek:<\/p>\n<p><img loading=\"lazy\" decoding=\"async\" class=\"size-full wp-image-5052 alignleft\" src=\"https:\/\/fmp-components.com\/wp-content\/uploads\/2025\/01\/0_cement-mixer-gearbox131.webp\" alt=\"0_prevodovka-mie\u0161a\u010dky-cementu13(1)\" width=\"562\" height=\"750\" title=\"\" srcset=\"https:\/\/fmp-components.com\/wp-content\/uploads\/2025\/01\/0_cement-mixer-gearbox131.webp 562w, https:\/\/fmp-components.com\/wp-content\/uploads\/2025\/01\/0_cement-mixer-gearbox131-480x641.webp 480w\" sizes=\"(min-width: 0px) and (max-width: 480px) 480px, (min-width: 481px) 562px, 100vw\" \/><\/p>\n<ol>\n<li><strong>Vynikaj\u00faci v\u00fdrobn\u00fd proces:<\/strong><br \/>\nPou\u017e\u00edvame modern\u00e9 medzin\u00e1rodn\u00e9 v\u00fdrobn\u00e9 zariadenia a presn\u00e9 v\u00fdrobn\u00e9 technol\u00f3gie, \u010d\u00edm zabezpe\u010dujeme, \u017ee ka\u017ed\u00e1 prevodovka sp\u013a\u0148a najvy\u0161\u0161ie priemyseln\u00e9 \u0161tandardy. Pr\u00edsne dodr\u017eiavame normy syst\u00e9mu riadenia kvality ISO, aby sme zaru\u010dili presnos\u0165, pevnos\u0165 a odolnos\u0165.<\/li>\n<li><strong>Diverzifikovan\u00e1 produktov\u00e1 rada:<\/strong><br \/>\nN\u00e1\u0161 rozsiahly sortiment produktov sl\u00fa\u017ei r\u00f4znym odvetviam vr\u00e1tane priemyseln\u00fdch zariaden\u00ed, po\u013enohospod\u00e1rskych strojov, stavebn\u00fdch zariaden\u00ed, lodn\u00fdch energetick\u00fdch syst\u00e9mov a nov\u00fdch syst\u00e9mov prenosu energie. Pon\u00fakame \u0161tandardn\u00e9 aj z\u00e1kazkov\u00e9 rie\u0161enia prisp\u00f4soben\u00e9 va\u0161im \u0161pecifick\u00fdm potreb\u00e1m bez oh\u013eadu na \u0161pecifik\u00e1cie alebo po\u017eiadavky.<\/li>\n<li><strong>Inovat\u00edvna sila v\u00fdskumu a v\u00fdvoja:<\/strong><br \/>\nV\u010faka sk\u00fasen\u00e9mu a inovat\u00edvnemu t\u00edmu pre v\u00fdskum a v\u00fdvoj neust\u00e1le zlep\u0161ujeme na\u0161e technol\u00f3gie a dizajn s cie\u013eom vyv\u00edja\u0165 nov\u00e9, efekt\u00edvne, energeticky \u00fasporn\u00e9, tich\u00e9 a vysoko v\u00fdkonn\u00e9 prevodovky. Dr\u017e\u00edme si krok s trendmi na trhu, aby sme sp\u013a\u0148ali najnov\u0161ie technologick\u00e9 po\u017eiadavky.<\/li>\n<li><strong>Vybran\u00e9 suroviny a pr\u00edslu\u0161enstvo:<\/strong><br \/>\nUprednost\u0148ujeme kvalitu pou\u017e\u00edvan\u00edm vysoko kvalitnej ocele a in\u00fdch odoln\u00fdch materi\u00e1lov. V\u0161etky podporn\u00e9 komponenty, ako s\u00fa lo\u017eisk\u00e1 a tesnenia, poch\u00e1dzaj\u00fa od renomovan\u00fdch dom\u00e1cich a medzin\u00e1rodn\u00fdch zna\u010diek, aby sa zabezpe\u010dil stabiln\u00fd a spo\u013eahliv\u00fd v\u00fdkon.<\/li>\n<li><strong>Pr\u00edsny syst\u00e9m kontroly kvality:<\/strong><br \/>\nPo\u010das cel\u00e9ho v\u00fdrobn\u00e9ho procesu vykon\u00e1vame pr\u00edsne kontroly kvality. Od vstupu surov\u00edn a\u017e po dodanie hotov\u00fdch v\u00fdrobkov prech\u00e1dza ka\u017ed\u00e1 prevodovka komplexn\u00fdm testovan\u00edm s pou\u017eit\u00edm modern\u00e9ho vybavenia, aby sa pred odoslan\u00edm zabezpe\u010dila nulov\u00e1 chyba.<\/li>\n<li><strong>Kompletn\u00e1 z\u00e1ruka servisu:<\/strong><br \/>\nZaviazali sme sa poskytova\u0165 nielen vysoko kvalitn\u00e9 produkty, ale aj komplexn\u00fa popredajn\u00fa podporu. Na\u0161e slu\u017eby zah\u0155\u0148aj\u00fa poradenstvo pri in\u0161tal\u00e1cii, \u00fadr\u017ebu, diagnostiku por\u00fach a dod\u00e1vku n\u00e1hradn\u00fdch dielov, aby sme zabezpe\u010dili \u00fapln\u00fa spokojnos\u0165 a pokoj v du\u0161i na\u0161ich z\u00e1kazn\u00edkov.<\/li>\n<li><strong>Bohat\u00e9 sk\u00fasenosti v odvetv\u00ed a dobr\u00e1 reput\u00e1cia:<\/strong><br \/>\nV\u010faka desa\u0165ro\u010diam sk\u00fasenost\u00ed vo v\u00fdrobe prevodoviek sme z\u00edskali neocenite\u013en\u00e9 sk\u00fasenosti a siln\u00fd technick\u00fd z\u00e1klad. Na\u0161a reput\u00e1cia kvality a spo\u013eahlivosti si z\u00edskala d\u00f4veru z\u00e1kazn\u00edkov na celom svete.<\/li>\n<\/ol>\n<p><strong>Rie\u0161enia na mieru:<\/strong><\/p>\n<p>V spolo\u010dnosti FMP radi podpor\u00edme aj n\u00e1vrhy na mieru pod\u013ea va\u0161ich \u0161pecifick\u00fdch potrieb. Ak m\u00e1te na mysli v\u00fdkres alebo n\u00e1vrh, jednoducho n\u00e1m ho po\u0161lite e-mailom a n\u00e1\u0161 t\u00edm odborn\u00edkov ho pos\u00fadi a do 24 hod\u00edn v\u00e1m poskytne cenov\u00fa ponuku. Sme odhodlan\u00ed pon\u00faka\u0165 r\u00fdchle, efekt\u00edvne a na mieru \u0161it\u00e9 rie\u0161enia, ktor\u00e9 v\u00e1m pom\u00f4\u017eu zrealizova\u0165 va\u0161e projekty.<\/p>","protected":false},"excerpt":{"rendered":"<p>Structure Diagram of 2810 Gearbox Component Number Component Name Component Number Component Name Component Number Component Name 1 Input Shaft 2 Oil Seal 3 Deep Groove Ball Bearing 4 Door Cover 5 Deep Groove Ball Bearing 6 Hexagonal Head Bolt 7 Flat Key 8 Worm Gear 9 Oil Plug Screw 10 Box 11 Flat Key [&hellip;]<\/p>","protected":false},"featured_media":5053,"comment_status":"open","ping_status":"closed","template":"","meta":{"_et_pb_use_builder":"","_et_pb_old_content":"","_et_gb_content_width":""},"product_brand":[],"product_cat":[94],"product_tag":[],"class_list":{"0":"post-5047","1":"product","2":"type-product","3":"status-publish","4":"has-post-thumbnail","6":"product_cat-industrial-gearbox","8":"first","9":"instock","10":"shipping-taxable","11":"product-type-simple"},"_links":{"self":[{"href":"https:\/\/fmp-components.com\/sk\/wp-json\/wp\/v2\/product\/5047","targetHints":{"allow":["GET"]}}],"collection":[{"href":"https:\/\/fmp-components.com\/sk\/wp-json\/wp\/v2\/product"}],"about":[{"href":"https:\/\/fmp-components.com\/sk\/wp-json\/wp\/v2\/types\/product"}],"replies":[{"embeddable":true,"href":"https:\/\/fmp-components.com\/sk\/wp-json\/wp\/v2\/comments?post=5047"}],"wp:featuredmedia":[{"embeddable":true,"href":"https:\/\/fmp-components.com\/sk\/wp-json\/wp\/v2\/media\/5053"}],"wp:attachment":[{"href":"https:\/\/fmp-components.com\/sk\/wp-json\/wp\/v2\/media?parent=5047"}],"wp:term":[{"taxonomy":"product_brand","embeddable":true,"href":"https:\/\/fmp-components.com\/sk\/wp-json\/wp\/v2\/product_brand?post=5047"},{"taxonomy":"product_cat","embeddable":true,"href":"https:\/\/fmp-components.com\/sk\/wp-json\/wp\/v2\/product_cat?post=5047"},{"taxonomy":"product_tag","embeddable":true,"href":"https:\/\/fmp-components.com\/sk\/wp-json\/wp\/v2\/product_tag?post=5047"}],"curies":[{"name":"pracovn\u00fd list","href":"https:\/\/api.w.org\/{rel}","templated":true}]}}