{"id":5040,"date":"2025-01-26T03:04:33","date_gmt":"2025-01-26T03:04:33","guid":{"rendered":"https:\/\/fmp-components.com\/?post_type=product&#038;p=5040"},"modified":"2025-01-26T03:04:33","modified_gmt":"2025-01-26T03:04:33","slug":"cement-polishing-gearbox-for-smooth-concrete-floors-and-walls","status":"publish","type":"product","link":"https:\/\/fmp-components.com\/sk\/product\/cement-polishing-gearbox-for-smooth-concrete-floors-and-walls\/","title":{"rendered":"Cementov\u00e1 le\u0161tiaca prevodovka pre hladk\u00e9 bet\u00f3nov\u00e9 podlahy a steny"},"content":{"rendered":"<h2>Prevodovka na le\u0161tenie cementu<\/h2>\n<p>Prevodovka na le\u0161tenie bet\u00f3nu je vysoko v\u00fdkonn\u00fd, prec\u00edzne vyroben\u00fd komponent ur\u010den\u00fd na pou\u017eitie v strojoch na br\u00fasenie a le\u0161tenie bet\u00f3nu. T\u00e1to prevodovka zohr\u00e1va k\u013e\u00fa\u010dov\u00fa \u00falohu pri zabezpe\u010dovan\u00ed plynulej a efekt\u00edvnej prev\u00e1dzky a poskytuje potrebn\u00fa regul\u00e1ciu kr\u00fatiaceho momentu a ot\u00e1\u010dok pre optim\u00e1lne v\u00fdsledky le\u0161tenia. \u010ci u\u017e sa pou\u017e\u00edva v priemyseln\u00fdch alebo komer\u010dn\u00fdch aplik\u00e1ci\u00e1ch s bet\u00f3nom, zais\u0165uje odolnos\u0165, spo\u013eahlivos\u0165 a v\u00fdkon v n\u00e1ro\u010dn\u00fdch podmienkach.<\/p>\n<p><strong>K\u013e\u00fa\u010dov\u00e9 vlastnosti:<\/strong><\/p>\n<ol>\n<li><strong>Vysok\u00fd kr\u00fatiaci moment a regul\u00e1cia ot\u00e1\u010dok:<\/strong> Prevodovka je navrhnut\u00e1 tak, aby zni\u017eovala vysok\u00e9 ot\u00e1\u010dky motora a poskytovala ide\u00e1lny kr\u00fatiaci moment a r\u00fdchlos\u0165 pre le\u0161tiace n\u00e1stroje. To umo\u017e\u0148uje konzistentn\u00e9 a rovnomern\u00e9 le\u0161tenie bet\u00f3nov\u00fdch povrchov, minimalizuje opotrebovanie n\u00e1strojov a zlep\u0161uje celkov\u00fd vzh\u013ead.<\/li>\n<li><strong>Trvanlivos\u0165 a spo\u013eahlivos\u0165:<\/strong> Prevodovka na le\u0161tenie bet\u00f3nu, vyroben\u00e1 z robustn\u00fdch materi\u00e1lov a s vysoko kvalitn\u00fdm spracovan\u00edm, je navrhnut\u00e1 tak, aby odolala n\u00e1ro\u010dn\u00fdm po\u017eiadavk\u00e1m le\u0161ti\u010diek bet\u00f3nu. Pon\u00faka v\u00fdnimo\u010dn\u00fa odolnos\u0165 aj v n\u00e1ro\u010dn\u00fdch prev\u00e1dzkov\u00fdch podmienkach, \u010do zaru\u010duje dlhotrvaj\u00faci v\u00fdkon.<\/li>\n<li><strong>Efekt\u00edvny prenos v\u00fdkonu:<\/strong> Prevodovka vyu\u017e\u00edva vysoko \u00fa\u010dinn\u00fd syst\u00e9m ozuben\u00fdch kolies \u2013 ako s\u00fa z\u00e1vitovkov\u00e9 alebo plan\u00e9tov\u00e9 prevody \u2013 ktor\u00e9 zabezpe\u010duj\u00fa plynul\u00fd prenos v\u00fdkonu z motora na le\u0161tiacu hlavu. V\u00fdsledkom je plynul\u00fd a nepretr\u017eit\u00fd pohyb, ktor\u00fd umo\u017e\u0148uje lep\u0161iu kontrolu a presnos\u0165 po\u010das procesu le\u0161tenia.<\/li>\n<li><strong>Zn\u00ed\u017eenie hluku a plynul\u00e1 prev\u00e1dzka:<\/strong> Prevodovka je navrhnut\u00e1 tak, aby minimalizovala hluk a vibr\u00e1cie, a zais\u0165uje tich\u0161iu prev\u00e1dzku, \u010do prispieva k pohodlnej\u0161iemu pracovn\u00e9mu prostrediu a lep\u0161ej stabilite stroja.<\/li>\n<li><strong>Tepeln\u00e1 odolnos\u0165:<\/strong> Prevodovka je skon\u0161truovan\u00e1 tak, aby zvl\u00e1dala vysok\u00e9 teploty vznikaj\u00face po\u010das nepretr\u017eitej prev\u00e1dzky, v\u010faka \u010domu je vhodn\u00e1 na dlh\u00e9 pracovn\u00e9 hodiny bez rizika prehriatia alebo zn\u00ed\u017eenia v\u00fdkonu.<\/li>\n<li><strong>Jednoduch\u00e1 \u00fadr\u017eba:<\/strong> V\u010faka jednoduchej, ale \u00fa\u010dinnej kon\u0161trukcii sa prevodovka na le\u0161tenie bet\u00f3nu \u013eahko udr\u017eiava. Pravideln\u00e1 \u00fadr\u017eba a mazanie s\u00fa nen\u00e1ro\u010dn\u00e9, \u010do zais\u0165uje minim\u00e1lne prestoje a n\u00edzke n\u00e1klady na \u00fadr\u017ebu.<\/li>\n<li><strong>Kompaktn\u00fd a \u013eahk\u00fd dizajn:<\/strong> Napriek svojej robustnej kon\u0161trukcii je prevodovka navrhnut\u00e1 tak, aby bola kompaktn\u00e1 a \u013eahk\u00e1, \u010do umo\u017e\u0148uje jednoduch\u00fa integr\u00e1ciu do r\u00f4znych le\u0161ti\u010diek bet\u00f3nu a poskytuje optim\u00e1lnu rovnov\u00e1hu a jednoduch\u00e9 pou\u017e\u00edvanie.<\/li>\n<\/ol>\n<p><strong>Aplik\u00e1cie:<\/strong><\/p>\n<ul>\n<li>Komer\u010dn\u00e9 a priemyseln\u00e9 le\u0161tiace stroje na bet\u00f3n<\/li>\n<li>Zariadenia na br\u00fasenie a kone\u010dn\u00fa \u00fapravu podl\u00e1h<\/li>\n<li>Pr\u00edprava a renov\u00e1cia n\u00e1ro\u010dn\u00fdch povrchov<\/li>\n<li>Le\u0161tenie a br\u00fasenie bet\u00f3nov\u00fdch podl\u00e1h vr\u00e1tane skladov, showroomov a priemyseln\u00fdch zariaden\u00ed<\/li>\n<\/ul>\n<p>Prevodovka na le\u0161tenie bet\u00f3nu je nevyhnutnou s\u00fa\u010das\u0165ou pre dosiahnutie vysokokvalitn\u00fdch a konzistentn\u00fdch v\u00fdsledkov pri le\u0161ten\u00ed bet\u00f3nu. V\u010faka kombin\u00e1cii vysok\u00e9ho kr\u00fatiaceho momentu, odolnosti a plynul\u00e9ho chodu poskytuje v\u00fdkon a spo\u013eahlivos\u0165 potrebn\u00fa pre efekt\u00edvny v\u00fdkon pri n\u00e1ro\u010dn\u00fdch aplik\u00e1ci\u00e1ch le\u0161tenia bet\u00f3nu.<\/p>\n<table style=\"width: 100%;\" border=\"1\" width=\"100%\" cellspacing=\"0\" cellpadding=\"0\">\n<tbody>\n<tr style=\"height: 14.40pt;\">\n<td style=\"height: 14.40pt; width: 48.00pt;\" align=\"right\" width=\"80\" height=\"24\"><img loading=\"lazy\" decoding=\"async\" class=\"alignnone size-full wp-image-5045\" src=\"https:\/\/fmp-components.com\/wp-content\/uploads\/2025\/01\/1-meter-long-shell-gearbox-copper-gear.webp\" alt=\"1 meter dlh\u00e1 pl\u00e1\u0161\u0165ov\u00e1 prevodovka - meden\u00e9 koleso\" width=\"427\" height=\"448\" title=\"\" srcset=\"https:\/\/fmp-components.com\/wp-content\/uploads\/2025\/01\/1-meter-long-shell-gearbox-copper-gear.webp 427w, https:\/\/fmp-components.com\/wp-content\/uploads\/2025\/01\/1-meter-long-shell-gearbox-copper-gear-286x300.webp 286w, https:\/\/fmp-components.com\/wp-content\/uploads\/2025\/01\/1-meter-long-shell-gearbox-copper-gear-11x12.webp 11w\" sizes=\"(max-width: 427px) 100vw, 427px\" \/><\/td>\n<td style=\"width: 48.00pt;\" align=\"right\" width=\"80\"><img loading=\"lazy\" decoding=\"async\" class=\"alignnone size-full wp-image-5044\" src=\"https:\/\/fmp-components.com\/wp-content\/uploads\/2025\/01\/1-meter-long-shell-gearbox-iron-gear.webp\" alt=\"1 meter dlh\u00e1 \u0161krupinov\u00e1 prevodovka - \u017eelezn\u00e9 ozuben\u00e9 koleso\" width=\"427\" height=\"448\" title=\"\" srcset=\"https:\/\/fmp-components.com\/wp-content\/uploads\/2025\/01\/1-meter-long-shell-gearbox-iron-gear.webp 427w, https:\/\/fmp-components.com\/wp-content\/uploads\/2025\/01\/1-meter-long-shell-gearbox-iron-gear-286x300.webp 286w, https:\/\/fmp-components.com\/wp-content\/uploads\/2025\/01\/1-meter-long-shell-gearbox-iron-gear-11x12.webp 11w\" sizes=\"(max-width: 427px) 100vw, 427px\" \/><\/td>\n<td style=\"width: 48.00pt;\" align=\"right\" width=\"80\"><img loading=\"lazy\" decoding=\"async\" class=\"alignnone size-full wp-image-5043\" src=\"https:\/\/fmp-components.com\/wp-content\/uploads\/2025\/01\/1-meter-square-shell-gearbox.webp\" alt=\"1-metrov\u00e1 \u0161tvorcov\u00e1 prevodovka\" width=\"427\" height=\"448\" title=\"\" srcset=\"https:\/\/fmp-components.com\/wp-content\/uploads\/2025\/01\/1-meter-square-shell-gearbox.webp 427w, https:\/\/fmp-components.com\/wp-content\/uploads\/2025\/01\/1-meter-square-shell-gearbox-286x300.webp 286w, https:\/\/fmp-components.com\/wp-content\/uploads\/2025\/01\/1-meter-square-shell-gearbox-11x12.webp 11w\" sizes=\"(max-width: 427px) 100vw, 427px\" \/><\/td>\n<td style=\"width: 48.00pt;\" align=\"right\" width=\"80\"><img loading=\"lazy\" decoding=\"async\" class=\"alignnone size-full wp-image-5042\" src=\"https:\/\/fmp-components.com\/wp-content\/uploads\/2025\/01\/60-90-Aluminum-case-gearbox.webp\" alt=\"Prevodovka s hlin\u00edkovou skri\u0148ou 60-90\" width=\"427\" height=\"448\" title=\"\" srcset=\"https:\/\/fmp-components.com\/wp-content\/uploads\/2025\/01\/60-90-Aluminum-case-gearbox.webp 427w, https:\/\/fmp-components.com\/wp-content\/uploads\/2025\/01\/60-90-Aluminum-case-gearbox-286x300.webp 286w, https:\/\/fmp-components.com\/wp-content\/uploads\/2025\/01\/60-90-Aluminum-case-gearbox-11x12.webp 11w\" sizes=\"(max-width: 427px) 100vw, 427px\" \/><\/td>\n<td style=\"width: 48.00pt;\" align=\"right\" width=\"80\"><img loading=\"lazy\" decoding=\"async\" class=\"alignnone size-full wp-image-5046\" src=\"https:\/\/fmp-components.com\/wp-content\/uploads\/2025\/01\/60-90-iron-case-gearbox1.webp\" alt=\"Prevodovka s liatinov\u00fdm puzdrom 60-90 (1)\" width=\"427\" height=\"448\" title=\"\" srcset=\"https:\/\/fmp-components.com\/wp-content\/uploads\/2025\/01\/60-90-iron-case-gearbox1.webp 427w, https:\/\/fmp-components.com\/wp-content\/uploads\/2025\/01\/60-90-iron-case-gearbox1-286x300.webp 286w, https:\/\/fmp-components.com\/wp-content\/uploads\/2025\/01\/60-90-iron-case-gearbox1-11x12.webp 11w\" sizes=\"(max-width: 427px) 100vw, 427px\" \/><\/td>\n<\/tr>\n<tr style=\"height: 14.40pt;\">\n<td style=\"height: 14.4pt; text-align: center;\" align=\"right\" height=\"24\"><strong>1 meter dlh\u00e1 pl\u00e1\u0161\u0165ov\u00e1 prevodovka - meden\u00e9 koleso<\/strong><\/td>\n<td style=\"text-align: center;\" align=\"right\"><strong>1 meter dlh\u00e1 \u0161krupinov\u00e1 prevodovka - \u017eelezn\u00e9 ozuben\u00e9 koleso<\/strong><\/td>\n<td style=\"text-align: center;\" align=\"right\"><strong>1-metrov\u00e1 \u0161tvorcov\u00e1 prevodovka<\/strong><\/td>\n<td style=\"text-align: center;\" align=\"right\"><strong>Prevodovka s hlin\u00edkovou skri\u0148ou 60-90<\/strong><\/td>\n<td style=\"text-align: center;\" align=\"right\"><strong>Prevodovka so \u017eeleznou skri\u0148ou 60-90<\/strong><\/td>\n<\/tr>\n<\/tbody>\n<\/table>\n<p>Pon\u00fakame rie\u0161enia na mieru prisp\u00f4soben\u00e9 va\u0161im \u0161pecifick\u00fdm potreb\u00e1m. Ak m\u00e1te n\u00e1vrh alebo v\u00fdkres, nev\u00e1hajte n\u00e1m ho posla\u0165 e-mailom. N\u00e1\u0161 t\u00edm odborn\u00edkov pos\u00fadi va\u0161e po\u017eiadavky a do 24 hod\u00edn v\u00e1m poskytne cenov\u00fa ponuku. Zaviazali sme sa poskytova\u0165 r\u00fdchle a presn\u00e9 odpovede, aby sme zabezpe\u010dili hladk\u00fd priebeh v\u00e1\u0161ho projektu.<\/p>","protected":false},"excerpt":{"rendered":"<p>Cement Polishing Gearbox The Concrete Polishing Gearbox is a high-performance, precision-engineered component designed for use in concrete grinding and polishing machinery. This gearbox plays a critical role in ensuring smooth and efficient operation, providing the necessary torque and speed control for optimal polishing results. Whether used in industrial or commercial concrete applications, it ensures durability, [&hellip;]<\/p>","protected":false},"featured_media":5041,"comment_status":"open","ping_status":"closed","template":"","meta":{"_et_pb_use_builder":"","_et_pb_old_content":"","_et_gb_content_width":""},"product_brand":[],"product_cat":[94],"product_tag":[],"class_list":{"0":"post-5040","1":"product","2":"type-product","3":"status-publish","4":"has-post-thumbnail","6":"product_cat-industrial-gearbox","8":"first","9":"instock","10":"shipping-taxable","11":"product-type-simple"},"_links":{"self":[{"href":"https:\/\/fmp-components.com\/sk\/wp-json\/wp\/v2\/product\/5040","targetHints":{"allow":["GET"]}}],"collection":[{"href":"https:\/\/fmp-components.com\/sk\/wp-json\/wp\/v2\/product"}],"about":[{"href":"https:\/\/fmp-components.com\/sk\/wp-json\/wp\/v2\/types\/product"}],"replies":[{"embeddable":true,"href":"https:\/\/fmp-components.com\/sk\/wp-json\/wp\/v2\/comments?post=5040"}],"wp:featuredmedia":[{"embeddable":true,"href":"https:\/\/fmp-components.com\/sk\/wp-json\/wp\/v2\/media\/5041"}],"wp:attachment":[{"href":"https:\/\/fmp-components.com\/sk\/wp-json\/wp\/v2\/media?parent=5040"}],"wp:term":[{"taxonomy":"product_brand","embeddable":true,"href":"https:\/\/fmp-components.com\/sk\/wp-json\/wp\/v2\/product_brand?post=5040"},{"taxonomy":"product_cat","embeddable":true,"href":"https:\/\/fmp-components.com\/sk\/wp-json\/wp\/v2\/product_cat?post=5040"},{"taxonomy":"product_tag","embeddable":true,"href":"https:\/\/fmp-components.com\/sk\/wp-json\/wp\/v2\/product_tag?post=5040"}],"curies":[{"name":"pracovn\u00fd list","href":"https:\/\/api.w.org\/{rel}","templated":true}]}}