{"id":4909,"date":"2025-01-23T06:50:33","date_gmt":"2025-01-23T06:50:33","guid":{"rendered":"https:\/\/fmp-components.com\/?post_type=product&#038;p=4909"},"modified":"2025-01-23T08:51:43","modified_gmt":"2025-01-23T08:51:43","slug":"xrv-series-car-washer-gearbox-for-automatic-car-wash-system-xrv050-gearmotor","status":"publish","type":"product","link":"https:\/\/fmp-components.com\/sk\/product\/xrv-series-car-washer-gearbox-for-automatic-car-wash-system-xrv050-gearmotor\/","title":{"rendered":"Prevodovka autoumyv\u00e1rne s\u00e9rie XRV pre automatick\u00fd syst\u00e9m autoumyv\u00e1rne XRV050 Prevodov\u00fd motor"},"content":{"rendered":"<table style=\"border-collapse: collapse; width: 102.047%; height: 5px;\" border=\"0\" width=\"160\" cellspacing=\"0\" cellpadding=\"0\">\n<tbody>\n<tr style=\"height: 14.40pt;\">\n<td style=\"height: 14.40pt; width: 48.00pt;\" align=\"right\" width=\"80\" height=\"24\"><img loading=\"lazy\" decoding=\"async\" class=\"alignnone size-full wp-image-4917\" src=\"https:\/\/fmp-components.com\/wp-content\/uploads\/2025\/01\/xrv050-worm-gearmotor-1.webp\" alt=\"xrv050-z\u00e1vitovkov\u00fd prevodov\u00fd motor\" width=\"500\" height=\"375\" title=\"\" srcset=\"https:\/\/fmp-components.com\/wp-content\/uploads\/2025\/01\/xrv050-worm-gearmotor-1.webp 500w, https:\/\/fmp-components.com\/wp-content\/uploads\/2025\/01\/xrv050-worm-gearmotor-1-480x360.webp 480w\" sizes=\"(min-width: 0px) and (max-width: 480px) 480px, (min-width: 481px) 500px, 100vw\" \/><\/td>\n<td style=\"width: 48.00pt;\" align=\"right\" width=\"80\"><img loading=\"lazy\" decoding=\"async\" class=\"alignnone size-full wp-image-4918\" src=\"https:\/\/fmp-components.com\/wp-content\/uploads\/2025\/01\/Car-Wash-Machine-Gearmotor-5.webp\" alt=\"Prevodov\u00fd motor autoumyv\u00e1rne-5\" width=\"493\" height=\"397\" title=\"\" srcset=\"https:\/\/fmp-components.com\/wp-content\/uploads\/2025\/01\/Car-Wash-Machine-Gearmotor-5.webp 493w, https:\/\/fmp-components.com\/wp-content\/uploads\/2025\/01\/Car-Wash-Machine-Gearmotor-5-480x387.webp 480w\" sizes=\"(min-width: 0px) and (max-width: 480px) 480px, (min-width: 481px) 493px, 100vw\" \/><\/td>\n<\/tr>\n<\/tbody>\n<\/table>\n<h2>\u0160pecifik\u00e1cie \u0161nekov\u00e9ho prevodov\u00e9ho mechanizmu pre um\u00fdva\u010dku \u00e1ut XRV050<\/h2>\n<p><img loading=\"lazy\" decoding=\"async\" class=\"size-full wp-image-4910 aligncenter\" src=\"https:\/\/fmp-components.com\/wp-content\/uploads\/2025\/01\/XRV050-worm-gear-reducer-parameters.webp\" alt=\"Parametre z\u00e1vitovkov\u00e9ho reduktora XRV050\" width=\"619\" height=\"551\" title=\"\" srcset=\"https:\/\/fmp-components.com\/wp-content\/uploads\/2025\/01\/XRV050-worm-gear-reducer-parameters.webp 619w, https:\/\/fmp-components.com\/wp-content\/uploads\/2025\/01\/XRV050-worm-gear-reducer-parameters-480x427.webp 480w\" sizes=\"(min-width: 0px) and (max-width: 480px) 480px, (min-width: 481px) 619px, 100vw\" \/><\/p>\n<table border=\"1\" width=\"100%\" cellspacing=\"0px\">\n<tbody>\n<tr>\n<td width=\"64\">Typ<\/td>\n<td width=\"64\">Pomer<\/td>\n<td width=\"64\">Pr\u00edruba<\/td>\n<td width=\"64\">V\u00fdkon<\/td>\n<\/tr>\n<tr>\n<td rowspan=\"2\">XRV050<\/td>\n<td rowspan=\"2\">5\u00a0\u00a0\u00a0\u00a0 7.5\u00a0 10\u00a0\u00a0\u00a0\u00a0 12\u00a0 15\u00a0\u00a0\u00a0\u00a0 20\u00a0 30\u00a0\u00a0\u00a0\u00a0 40\u00a0 50\u00a0\u00a0\u00a0\u00a0 60\u00a0 80\u00a0\u00a0\u00a0 100<\/td>\n<td>71B14<\/td>\n<td rowspan=\"2\">0,18 kW 0,25 kW 0,37 kW 0,55 kW 0,75 kW 1,1 kW<\/td>\n<\/tr>\n<tr>\n<td>80B14<\/td>\n<\/tr>\n<\/tbody>\n<\/table>\n<table border=\"1\" width=\"100%\" cellspacing=\"0px\">\n<tbody>\n<tr>\n<td width=\"64\">Typ<\/td>\n<td width=\"64\">ja<\/td>\n<td width=\"64\">n2\/ot\/min<\/td>\n<td width=\"64\">Mn2\/Nm<\/td>\n<td width=\"64\">Fr2\/N<\/td>\n<td width=\"64\">Motor<\/td>\n<td width=\"64\">P1\/kw<\/td>\n<td width=\"64\">l\/mm<\/td>\n<\/tr>\n<tr>\n<td rowspan=\"41\" width=\"64\">XRV050<\/td>\n<td rowspan=\"2\">5<\/td>\n<td>280<\/td>\n<td>17<\/td>\n<td>1577<\/td>\n<td>7134<\/td>\n<td>0.55<\/td>\n<td>180<\/td>\n<\/tr>\n<tr>\n<td>280<\/td>\n<td>23<\/td>\n<td>1577<\/td>\n<td>8024<\/td>\n<td>0.75<\/td>\n<td>205<\/td>\n<\/tr>\n<tr>\n<td rowspan=\"2\">7.5<\/td>\n<td>187<\/td>\n<td>25<\/td>\n<td>1805<\/td>\n<td>7134<\/td>\n<td>0.55<\/td>\n<td>180<\/td>\n<\/tr>\n<tr>\n<td>187<\/td>\n<td>34<\/td>\n<td>1805<\/td>\n<td>8024<\/td>\n<td>0.75<\/td>\n<td>205<\/td>\n<\/tr>\n<tr>\n<td rowspan=\"3\">10<\/td>\n<td>140<\/td>\n<td>22<\/td>\n<td>1987<\/td>\n<td>7124<\/td>\n<td>0.37<\/td>\n<td>180<\/td>\n<\/tr>\n<tr>\n<td>140<\/td>\n<td>32<\/td>\n<td>1987<\/td>\n<td>7134<\/td>\n<td>0.55<\/td>\n<td>180<\/td>\n<\/tr>\n<tr>\n<td>140<\/td>\n<td>44<\/td>\n<td>1987<\/td>\n<td>8024<\/td>\n<td>0.75<\/td>\n<td>205<\/td>\n<\/tr>\n<tr>\n<td rowspan=\"3\">12<\/td>\n<td>117<\/td>\n<td>26<\/td>\n<td>2016<\/td>\n<td>7124<\/td>\n<td>0.37<\/td>\n<td>180<\/td>\n<\/tr>\n<tr>\n<td>117<\/td>\n<td>33<\/td>\n<td>2016<\/td>\n<td>7134<\/td>\n<td>0.55<\/td>\n<td>205<\/td>\n<\/tr>\n<tr>\n<td>117<\/td>\n<td>48<\/td>\n<td>2016<\/td>\n<td>8024<\/td>\n<td>0.75<\/td>\n<td>205<\/td>\n<\/tr>\n<tr>\n<td rowspan=\"3\">15<\/td>\n<td>93<\/td>\n<td>31<\/td>\n<td>2274<\/td>\n<td>7124<\/td>\n<td>0.37<\/td>\n<td>180<\/td>\n<\/tr>\n<tr>\n<td>93<\/td>\n<td>46<\/td>\n<td>2274<\/td>\n<td>7134<\/td>\n<td>0.55<\/td>\n<td>180<\/td>\n<\/tr>\n<tr>\n<td>93<\/td>\n<td>63<\/td>\n<td>2274<\/td>\n<td>8024<\/td>\n<td>0.75<\/td>\n<td>205<\/td>\n<\/tr>\n<tr>\n<td rowspan=\"4\">20<\/td>\n<td>70<\/td>\n<td>27<\/td>\n<td>2503<\/td>\n<td>7114<\/td>\n<td>0.25<\/td>\n<td>180<\/td>\n<\/tr>\n<tr>\n<td>70<\/td>\n<td>40<\/td>\n<td>2503<\/td>\n<td>7124<\/td>\n<td>0.37<\/td>\n<td>180<\/td>\n<\/tr>\n<tr>\n<td>70<\/td>\n<td>59<\/td>\n<td>2503<\/td>\n<td>7134<\/td>\n<td>0.55<\/td>\n<td>180<\/td>\n<\/tr>\n<tr>\n<td>70<\/td>\n<td>81<\/td>\n<td>2503<\/td>\n<td>8024<\/td>\n<td>0.75<\/td>\n<td>205<\/td>\n<\/tr>\n<tr>\n<td rowspan=\"3\">25<\/td>\n<td>56<\/td>\n<td>32<\/td>\n<td>2696<\/td>\n<td>7114<\/td>\n<td>0.25<\/td>\n<td>180<\/td>\n<\/tr>\n<tr>\n<td>56<\/td>\n<td>48<\/td>\n<td>2696<\/td>\n<td>7124<\/td>\n<td>0.37<\/td>\n<td>180<\/td>\n<\/tr>\n<tr>\n<td>56<\/td>\n<td>71<\/td>\n<td>2696<\/td>\n<td>7134<\/td>\n<td>0.55<\/td>\n<td>180<\/td>\n<\/tr>\n<tr>\n<td rowspan=\"3\">30<\/td>\n<td>47<\/td>\n<td>37<\/td>\n<td>2865<\/td>\n<td>7114<\/td>\n<td>0.25<\/td>\n<td>180<\/td>\n<\/tr>\n<tr>\n<td>47<\/td>\n<td>55<\/td>\n<td>2865<\/td>\n<td>7124<\/td>\n<td>0.37<\/td>\n<td>180<\/td>\n<\/tr>\n<tr>\n<td>47<\/td>\n<td>81<\/td>\n<td>2865<\/td>\n<td>7134<\/td>\n<td>0.55<\/td>\n<td>180<\/td>\n<\/tr>\n<tr>\n<td rowspan=\"3\">40<\/td>\n<td>35<\/td>\n<td>33<\/td>\n<td>3153<\/td>\n<td>7114<\/td>\n<td>0.25<\/td>\n<td>180<\/td>\n<\/tr>\n<tr>\n<td>35<\/td>\n<td>46<\/td>\n<td>3153<\/td>\n<td>7124<\/td>\n<td>0.37<\/td>\n<td>180<\/td>\n<\/tr>\n<tr>\n<td>35<\/td>\n<td>68<\/td>\n<td>3153<\/td>\n<td>7134<\/td>\n<td>0.55<\/td>\n<td>180<\/td>\n<\/tr>\n<tr>\n<td rowspan=\"3\">50<\/td>\n<td>28<\/td>\n<td>54<\/td>\n<td>3397<\/td>\n<td>7114<\/td>\n<td>0.25<\/td>\n<td>180<\/td>\n<\/tr>\n<tr>\n<td>28<\/td>\n<td>72<\/td>\n<td>3397<\/td>\n<td>7124<\/td>\n<td>0.37<\/td>\n<td>180<\/td>\n<\/tr>\n<tr>\n<td>28<\/td>\n<td>80<\/td>\n<td>3397<\/td>\n<td>7134<\/td>\n<td>0.55<\/td>\n<td>180<\/td>\n<\/tr>\n<tr>\n<td rowspan=\"3\">52<\/td>\n<td>27<\/td>\n<td>55<\/td>\n<td>3482<\/td>\n<td>7114<\/td>\n<td>0.25<\/td>\n<td>180<\/td>\n<\/tr>\n<tr>\n<td>27<\/td>\n<td>73<\/td>\n<td>3482<\/td>\n<td>7124<\/td>\n<td>0.37<\/td>\n<td>180<\/td>\n<\/tr>\n<tr>\n<td>27<\/td>\n<td>82<\/td>\n<td>3482<\/td>\n<td>7134<\/td>\n<td>0.55<\/td>\n<td>180<\/td>\n<\/tr>\n<tr>\n<td rowspan=\"3\">60<\/td>\n<td>23<\/td>\n<td>60<\/td>\n<td>3610<\/td>\n<td>7114<\/td>\n<td>0.25<\/td>\n<td>180<\/td>\n<\/tr>\n<tr>\n<td>23<\/td>\n<td>75<\/td>\n<td>3610<\/td>\n<td>7124<\/td>\n<td>0.37<\/td>\n<td>180<\/td>\n<\/tr>\n<tr>\n<td>23<\/td>\n<td>84<\/td>\n<td>3610<\/td>\n<td>7134<\/td>\n<td>0.55<\/td>\n<td>180<\/td>\n<\/tr>\n<tr>\n<td rowspan=\"3\">80<\/td>\n<td>18<\/td>\n<td>64<\/td>\n<td>3973<\/td>\n<td>7114<\/td>\n<td>0.25<\/td>\n<td>180<\/td>\n<\/tr>\n<tr>\n<td>18<\/td>\n<td>77<\/td>\n<td>3973<\/td>\n<td>7124<\/td>\n<td>0.37<\/td>\n<td>180<\/td>\n<\/tr>\n<tr>\n<td>18<\/td>\n<td>89<\/td>\n<td>3973<\/td>\n<td>7134<\/td>\n<td>0.55<\/td>\n<td>180<\/td>\n<\/tr>\n<tr>\n<td rowspan=\"3\">100<\/td>\n<td>14<\/td>\n<td>68<\/td>\n<td>4280<\/td>\n<td>7114<\/td>\n<td>0.25<\/td>\n<td>180<\/td>\n<\/tr>\n<tr>\n<td>14<\/td>\n<td>79<\/td>\n<td>4280<\/td>\n<td>7124<\/td>\n<td>0.37<\/td>\n<td>180<\/td>\n<\/tr>\n<tr>\n<td>14<\/td>\n<td>93<\/td>\n<td>4280<\/td>\n<td>7134<\/td>\n<td>0.55<\/td>\n<td>180<\/td>\n<\/tr>\n<\/tbody>\n<\/table>\n<p><img loading=\"lazy\" decoding=\"async\" class=\"alignnone wp-image-4913\" src=\"https:\/\/fmp-components.com\/wp-content\/uploads\/2025\/01\/Car-Wash-Machine-Gearmotor.webp\" alt=\"Prevodov\u00fd motor autoumyv\u00e1rne\" width=\"937\" height=\"623\" title=\"\"><\/p>\n<h2>O pr\u00e1\u010dke do auta<\/h2>\n<p>Autoumyv\u00e1re\u0148 je automatizovan\u00e9 zariadenie, ktor\u00e9 vyu\u017e\u00edva po\u010d\u00edta\u010dov\u00e9 ovl\u00e1danie na ovl\u00e1danie kief a vysokotlakovej vody na um\u00fdvanie vozidiel. Ako majite\u013e auta si pri n\u00e1v\u0161teve autoumyv\u00e1rne v\u0161imnete r\u00f4zne typy prevodov\u00fdch syst\u00e9mov vr\u00e1tane horizont\u00e1lnych kief, vertik\u00e1lnych kief a kief na koles\u00e1. Tieto syst\u00e9my, ktor\u00e9 nevy\u017eaduj\u00fa manu\u00e1lny vstup, s\u00fa poh\u00e1\u0148an\u00e9 reduktorom autoumyv\u00e1rne. Reduktor hr\u00e1 k\u013e\u00fa\u010dov\u00fa \u00falohu v zariaden\u00ed autoumyv\u00e1rne t\u00fdm, \u017ee zni\u017euje r\u00fdchlos\u0165 motora a poskytuje stabiln\u00fd v\u00fdkon syst\u00e9mom rozpra\u0161ovania vody a rotuj\u00facim kief. To zais\u0165uje, \u017ee sa dosiahne spr\u00e1vna r\u00fdchlos\u0165 a kr\u00fatiaci moment pre efekt\u00edvnu prev\u00e1dzku komponentov autoumyv\u00e1rne, \u010do zaru\u010duje stabiln\u00fd v\u00fdkon a efekt\u00edvne \u010distenie v r\u00f4znych prostrediach.<\/p>\n<table style=\"border-collapse: collapse; width: 101.172%; height: 5px;\" border=\"0\" width=\"160\" cellspacing=\"0\" cellpadding=\"0\">\n<tbody>\n<tr style=\"height: 14.40pt;\">\n<td style=\"height: 14.4pt; width: 51.282%;\" align=\"right\" width=\"80\" height=\"24\"><img loading=\"lazy\" decoding=\"async\" class=\"alignnone size-full wp-image-4911\" src=\"https:\/\/fmp-components.com\/wp-content\/uploads\/2025\/01\/Car-Wash-Machine-Gearmotor-2.webp\" alt=\"Prevodov\u00fd motor autoumyv\u00e1rne-2\" width=\"926\" height=\"626\" title=\"\" srcset=\"https:\/\/fmp-components.com\/wp-content\/uploads\/2025\/01\/Car-Wash-Machine-Gearmotor-2.webp 926w, https:\/\/fmp-components.com\/wp-content\/uploads\/2025\/01\/Car-Wash-Machine-Gearmotor-2-480x324.webp 480w\" sizes=\"(min-width: 0px) and (max-width: 480px) 480px, (min-width: 481px) 926px, 100vw\" \/><\/td>\n<td style=\"width: 48.718%;\" align=\"right\" width=\"80\"><img loading=\"lazy\" decoding=\"async\" class=\"alignnone size-full wp-image-4912\" src=\"https:\/\/fmp-components.com\/wp-content\/uploads\/2025\/01\/Car-Wash-Machine-Gearmotor-1.webp\" alt=\"Prevodov\u00fd motor autoumyv\u00e1rne-1\" width=\"919\" height=\"655\" title=\"\" srcset=\"https:\/\/fmp-components.com\/wp-content\/uploads\/2025\/01\/Car-Wash-Machine-Gearmotor-1.webp 919w, https:\/\/fmp-components.com\/wp-content\/uploads\/2025\/01\/Car-Wash-Machine-Gearmotor-1-480x342.webp 480w\" sizes=\"(min-width: 0px) and (max-width: 480px) 480px, (min-width: 481px) 919px, 100vw\" \/><\/td>\n<\/tr>\n<\/tbody>\n<\/table>\n<p><strong>Automatick\u00e9 bubnov\u00e9 um\u00fdva\u010dky \u00e1ut<\/strong>Tieto pokro\u010dil\u00e9 um\u00fdva\u010dky vyu\u017e\u00edvaj\u00fa ve\u013ek\u00e9 rotuj\u00face kefy na d\u00f4kladn\u00e9 \u010distenie vozidla. Pre zaistenie optim\u00e1lneho v\u00fdkonu sa na pohon kief pou\u017e\u00edva z\u00e1vitovkov\u00fd prevod, ktor\u00fd im umo\u017e\u0148uje ot\u00e1\u010da\u0165 sa ide\u00e1lnou r\u00fdchlos\u0165ou na odstra\u0148ovanie ne\u010dist\u00f4t a \u00falomkov z povrchu vozidla.<\/p>\n<p><strong>Tunelov\u00e9 um\u00fdvacie syst\u00e9my pre aut\u00e1<\/strong>V t\u00fdchto syst\u00e9moch sa vozidl\u00e1 pohybuj\u00fa pevn\u00fdm tunelom vybaven\u00fdm pokro\u010dil\u00fdmi \u010distiacimi a voskovac\u00edmi zariadeniami. Na pohon rotuj\u00facich kief alebo valcov v syst\u00e9me sa zvy\u010dajne pou\u017e\u00edvaj\u00fa z\u00e1vitovkov\u00e9 prevodov\u00e9 motory, ktor\u00e9 poskytuj\u00fa spo\u013eahliv\u00fd v\u00fdstupn\u00fd v\u00fdkon pre konzistentn\u00e9 \u010distenie.<\/p>\n<p><strong>Dotykov\u00e9 a bezdotykov\u00e9 um\u00fdvacie syst\u00e9my<\/strong>Modern\u00e9 syst\u00e9my um\u00fdvania \u00e1ut pon\u00fakaj\u00fa dotykov\u00e9 aj bezdotykov\u00e9 mo\u017enosti, aby vyhovovali r\u00f4znym potreb\u00e1m. V dotykovom syst\u00e9me sa rotuj\u00face kefy fyzicky dot\u00fdkaj\u00fa povrchu vozidla a \u010distia ho. Bezdotykov\u00e9 syst\u00e9my na \u010distenie vozidla pou\u017e\u00edvaj\u00fa vysokotlakov\u00e9 vodn\u00e9 pr\u00fady. \u0160nekov\u00e1 prevodovka v dotykov\u00fdch syst\u00e9moch zais\u0165uje presn\u00e9 ovl\u00e1danie r\u00fdchlosti a tlaku kief, \u010d\u00edm sa zabezpe\u010duje efekt\u00edvne \u010distenie bez po\u0161kodenia laku vozidla.<\/p>\n<p><img loading=\"lazy\" decoding=\"async\" class=\"alignnone size-full wp-image-4919\" src=\"https:\/\/fmp-components.com\/wp-content\/uploads\/2025\/01\/Leisuwash-360-Longitudinal-drive-system.webp\" alt=\"pohonn\u00fd syst\u00e9m\" width=\"900\" height=\"600\" title=\"\" srcset=\"https:\/\/fmp-components.com\/wp-content\/uploads\/2025\/01\/Leisuwash-360-Longitudinal-drive-system.webp 900w, https:\/\/fmp-components.com\/wp-content\/uploads\/2025\/01\/Leisuwash-360-Longitudinal-drive-system-480x320.webp 480w\" sizes=\"(min-width: 0px) and (max-width: 480px) 480px, (min-width: 481px) 900px, 100vw\" \/><\/p>\n<h2>Ako funguj\u00fa prevodov\u00e9 motory automatick\u00fdch um\u00fdva\u010diek \u00e1ut?<\/h2>\n<p>Prevodov\u00e9 motory automatick\u00fdch um\u00fdva\u010diek \u00e1ut s\u00fa z\u00e1kladn\u00fdmi s\u00fa\u010das\u0165ami prev\u00e1dzky automatick\u00fdch um\u00fdvac\u00edch syst\u00e9mov. Poskytuj\u00fa potrebn\u00fd v\u00fdkon na pohyb r\u00f4znych \u010dast\u00ed zapojen\u00fdch do procesu um\u00fdvania, ako s\u00fa kefy, dopravn\u00edky a postrekovacie syst\u00e9my. Hoci sa kon\u0161trukcie m\u00f4\u017eu l\u00ed\u0161i\u0165, tu je v\u0161eobecn\u00fd preh\u013ead o tom, ako funguj\u00fa prevodov\u00e9 motory automatick\u00fdch um\u00fdva\u010diek \u00e1ut:<\/p>\n<ol>\n<li><strong>Motor<\/strong>Prevodov\u00fd motor pou\u017e\u00edva ako prim\u00e1rny zdroj energie elektromotor. Typicky je motor bu\u010f striedav\u00fd motor pre komer\u010dn\u00e9 autoumyv\u00e1rne, alebo jednosmern\u00fd motor pre men\u0161ie alebo prenosn\u00e9 syst\u00e9my.<\/li>\n<li><strong>Prevodovka<\/strong>Motor je spojen\u00fd s prevodovkou, ktor\u00e1 zni\u017euje vysok\u00e9 ot\u00e1\u010dky motora na ni\u017e\u0161ie ot\u00e1\u010dky s vy\u0161\u0161\u00edm kr\u00fatiacim momentom. Prevodovka obsahuje r\u00f4zne ozuben\u00e9 koles\u00e1 \u2013 ako s\u00fa z\u00e1vitovkov\u00e9 koles\u00e1, plan\u00e9tov\u00e9 koles\u00e1 alebo \u010deln\u00e9 ozuben\u00e9 koles\u00e1 \u2013 v z\u00e1vislosti od kon\u0161trukcie. Tieto ozuben\u00e9 koles\u00e1 spolupracuj\u00fa na dosiahnut\u00ed po\u017eadovanej premeny ot\u00e1\u010dok a kr\u00fatiaceho momentu.<\/li>\n<li><strong>Prenos v\u00fdkonu<\/strong>V\u00fdstupn\u00fd hriade\u013e prevodovky je pripojen\u00fd k syst\u00e9mu reme\u0148ov, re\u0165az\u00ed alebo priamej spojky, v z\u00e1vislosti od kon\u0161trukcie syst\u00e9mu um\u00fdvania \u00e1ut. Tento prevodov\u00fd syst\u00e9m pren\u00e1\u0161a rota\u010dn\u00fd pohyb z prevodov\u00e9ho motora na komponenty, ktor\u00e9 sa musia pohybova\u0165, ako s\u00fa kefy a dopravn\u00e9 p\u00e1sy.<\/li>\n<li><strong>Riadiaci syst\u00e9m<\/strong>Prevodov\u00fd motor je riaden\u00fd centr\u00e1lnym riadiacim syst\u00e9mom, ktor\u00fd riadi prev\u00e1dzku autoumyv\u00e1rne. Riadiaci syst\u00e9m prij\u00edma vstupy zo senzorov, sp\u00edna\u010dov alebo automatick\u00fdch sp\u00fa\u0161\u0165a\u010dov a vysiela sign\u00e1ly do prevodov\u00e9ho motora na spustenie \u0161pecifick\u00fdch oper\u00e1ci\u00ed v spr\u00e1vnom \u010dase. Napr\u00edklad, ke\u010f vozidlo vst\u00fapi do autoumyv\u00e1rne, syst\u00e9m m\u00f4\u017ee spusti\u0165 motor na spustenie dopravn\u00edka alebo aktiv\u00e1ciu kief.<\/li>\n<li><strong>Bezpe\u010dnostn\u00e9 prvky<\/strong>: Prevodov\u00e9 motory automatick\u00fdch um\u00fdva\u010diek \u00e1ut zvy\u010dajne obsahuj\u00fa bezpe\u010dnostn\u00e9 prvky, ktor\u00e9 zabra\u0148uj\u00fa po\u0161kodeniu alebo nehod\u00e1m. Tieto m\u00f4\u017eu zah\u0155\u0148a\u0165 koncov\u00e9 sp\u00edna\u010de alebo senzory na detekciu prek\u00e1\u017eok alebo nadmernej sily, tla\u010didl\u00e1 n\u00fadzov\u00e9ho zastavenia a mechanizmy ochrany proti pre\u0165a\u017eeniu. Tieto bezpe\u010dnostn\u00e9 funkcie pom\u00e1haj\u00fa zabezpe\u010di\u0165, aby motor fungoval v r\u00e1mci bezpe\u010dn\u00fdch parametrov a chr\u00e1nil zariadenie aj um\u00fdvan\u00e9 vozidlo.<\/li>\n<\/ol>\n<p>Kombin\u00e1ciou v\u00fdkonu motora, redukcie ot\u00e1\u010dok prevodovky a riaden\u00e9ho prenosu v\u00fdkonu synchronizuje prevodov\u00fd motor automatickej autoumyv\u00e1rne pohyb r\u00f4znych komponentov, \u010d\u00edm zabezpe\u010duje efekt\u00edvny proces um\u00fdvania.<\/p>\n<p>Reduk\u010dn\u00e9 prevody vyvinut\u00e9 a vyroben\u00e9 spolo\u010dnos\u0165ou FMP pre autoumyv\u00e1rne s\u00fa \u0161peci\u00e1lne navrhnut\u00e9 na pou\u017eitie v s\u00fa\u010dasn\u00fdch be\u017en\u00fdch zariadeniach autoumyv\u00e1rn\u00ed. Vyzna\u010duj\u00fa sa jednoduchou in\u0161tal\u00e1ciou, n\u00edzkou hlu\u010dnos\u0165ou, dlhou \u017eivotnos\u0165ou a vynikaj\u00facou ochranou. Vodotesn\u00e9 reduk\u010dn\u00e9 prevody poskytuj\u00fa vy\u0161\u0161iu \u00farove\u0148 ochrany ako konven\u010dn\u00e9 z\u00e1vitovkov\u00e9 reduk\u010dn\u00e9 prevody a s\u00fa prisp\u00f4soben\u00e9 pre modern\u00fd priemysel autoumyv\u00e1rn\u00ed.<\/p>\n<table style=\"border-collapse: collapse; width: 102.375%; height: 19px;\" border=\"0\" width=\"160\" cellspacing=\"0\" cellpadding=\"0\">\n<tbody>\n<tr style=\"height: 14.40pt;\">\n<td style=\"height: 14.40pt; width: 48.00pt;\" align=\"right\" width=\"80\" height=\"24\"><img loading=\"lazy\" decoding=\"async\" class=\"alignnone size-full wp-image-4921\" src=\"https:\/\/fmp-components.com\/wp-content\/uploads\/2025\/01\/Car-Wash-Machine-Gearmotor-8.webp\" alt=\"Prevodov\u00fd motor autoumyv\u00e1rne-8\" width=\"751\" height=\"580\" title=\"\" srcset=\"https:\/\/fmp-components.com\/wp-content\/uploads\/2025\/01\/Car-Wash-Machine-Gearmotor-8.webp 751w, https:\/\/fmp-components.com\/wp-content\/uploads\/2025\/01\/Car-Wash-Machine-Gearmotor-8-480x371.webp 480w\" sizes=\"(min-width: 0px) and (max-width: 480px) 480px, (min-width: 481px) 751px, 100vw\" \/><\/td>\n<td style=\"width: 48.00pt;\" align=\"right\" width=\"80\"><img loading=\"lazy\" decoding=\"async\" class=\"alignnone wp-image-4920\" src=\"https:\/\/fmp-components.com\/wp-content\/uploads\/2025\/01\/Car-Wash-Machine-Gearmotor-6.webp\" alt=\"Prevodov\u00fd motor autoumyv\u00e1rne\" width=\"944\" height=\"944\" title=\"\" srcset=\"https:\/\/fmp-components.com\/wp-content\/uploads\/2025\/01\/Car-Wash-Machine-Gearmotor-6.webp 944w, https:\/\/fmp-components.com\/wp-content\/uploads\/2025\/01\/Car-Wash-Machine-Gearmotor-6-480x480.webp 480w\" sizes=\"(min-width: 0px) and (max-width: 480px) 480px, (min-width: 481px) 944px, 100vw\" \/><\/td>\n<\/tr>\n<\/tbody>\n<\/table>\n<h2>Reduktor pre autoumyv\u00e1rne vyroben\u00fd spolo\u010dnos\u0165ou FMP m\u00e1 nasleduj\u00face vlastnosti a v\u00fdhody:<\/h2>\n<p>\u0160peci\u00e1lna konfigur\u00e1cia motora s v\u00fdkonom 0,25 kW, 0,37 kW, 0,55 kW, 0,75 kW a 2,2 kW at\u010f.;<\/p>\n<p>Pod\u013ea potrieb z\u00e1kazn\u00edka je mo\u017en\u00e9 vybra\u0165 r\u00f4zne typy pr\u00edrub;<\/p>\n<p>Ka\u017ed\u00fd modul m\u00e1 modul\u00e1rny dizajn a jeho \u010dasti s\u00fa univerz\u00e1lnej\u0161ie;<\/p>\n<p>Rozsah prevodov\u00fdch pomerov je \u0161irok\u00fd s viacer\u00fdmi mo\u017enos\u0165ami prevodov\u00fdch pomerov ako be\u017en\u00e9 modely;<\/p>\n<p>V\u00fdstupn\u00fd koniec je vyroben\u00fd z nehrdzavej\u00facej ocele 304, aby sa zabezpe\u010dilo, \u017ee po\u010das pou\u017e\u00edvania nehrdzavie;<\/p>\n<p>Kon\u0161trukcia karos\u00e9rie je kompaktn\u00e1 a vhodn\u00e1 na in\u0161tal\u00e1ciu v r\u00f4znych prostrediach;<\/p>\n<p>\u0160peci\u00e1lne plne syntetick\u00e9 mazivo, nie je potrebn\u00e9 meni\u0165 olej po cel\u00fa dobu jeho \u017eivotnosti;<\/p>\n<p>Povrch karos\u00e9rie je nastriekan\u00fd plastom, s dobrou odolnos\u0165ou proti kor\u00f3zii, kr\u00e1snym a praktick\u00fdm;<\/p>\n<p>Vstupn\u00e9 a v\u00fdstupn\u00e9 konce s\u00fa utesnen\u00e9 olejov\u00fdmi tesneniami, aby sa zabezpe\u010dil tesniaci v\u00fdkon;<\/p>\n<p>Z\u00e1vitovkov\u00e9 koleso je vyroben\u00e9 z c\u00ednov\u00e9ho bronzu odoln\u00e9ho vo\u010di opotrebovaniu a z\u00e1vitovka je cementovan\u00e1 a kalen\u00e1 so silnou tvrdos\u0165ou;<\/p>\n<p>Stupe\u0148 ochrany je IP67, \u010do umo\u017e\u0148uje pou\u017eitie v r\u00f4znych interi\u00e9rov\u00fdch aj exteri\u00e9rov\u00fdch podmienkach a v n\u00e1ro\u010dn\u00fdch pracovn\u00fdch prostrediach.<\/p>\n<p><img loading=\"lazy\" decoding=\"async\" class=\"alignnone  wp-image-4931\" src=\"https:\/\/fmp-components.com\/wp-content\/uploads\/2025\/01\/Car-Wash-Machine-Gearmotor-10.webp\" alt=\"Prevodov\u00fd motor autoumyv\u00e1rne\" width=\"943\" height=\"856\" title=\"\" srcset=\"https:\/\/fmp-components.com\/wp-content\/uploads\/2025\/01\/Car-Wash-Machine-Gearmotor-10.webp 943w, https:\/\/fmp-components.com\/wp-content\/uploads\/2025\/01\/Car-Wash-Machine-Gearmotor-10-480x436.webp 480w\" sizes=\"(min-width: 0px) and (max-width: 480px) 480px, (min-width: 481px) 943px, 100vw\" \/><\/p>\n<p><img loading=\"lazy\" decoding=\"async\" class=\"alignnone wp-image-4930\" src=\"https:\/\/fmp-components.com\/wp-content\/uploads\/2025\/01\/Car-Wash-Machine-Gearmotor-9.webp\" alt=\"Prevodov\u00fd motor autoumyv\u00e1rne\" width=\"944\" height=\"985\" title=\"\" srcset=\"https:\/\/fmp-components.com\/wp-content\/uploads\/2025\/01\/Car-Wash-Machine-Gearmotor-9.webp 944w, https:\/\/fmp-components.com\/wp-content\/uploads\/2025\/01\/Car-Wash-Machine-Gearmotor-9-480x501.webp 480w\" sizes=\"(min-width: 0px) and (max-width: 480px) 480px, (min-width: 481px) 944px, 100vw\" \/><\/p>","protected":false},"excerpt":{"rendered":"<p>Specifications of XRV050 Car Washer Worm Gear Reducer Type Ratio Flange Power XRV050 5\u00a0\u00a0\u00a0\u00a0 7.5\u00a0 10\u00a0\u00a0\u00a0\u00a0 12\u00a0 15\u00a0\u00a0\u00a0\u00a0 20\u00a0 30\u00a0\u00a0\u00a0\u00a0 40\u00a0 50\u00a0\u00a0\u00a0\u00a0 60\u00a0 80\u00a0\u00a0\u00a0 100 71B14 0.18KW\u00a0\u00a0\u00a0\u00a0 0.25KW\u00a0\u00a0\u00a0 0.37KW\u00a0\u00a0\u00a0 0.55KW\u00a0\u00a0\u00a0 0.75KW\u00a0\u00a0\u00a0\u00a0 1.1KW 80B14 Type i n2\/r\/min Mn2\/Nm Fr2\/N Motor P1\/kw L\/mm XRV050 5 280 17 1577 7134 0.55 180 280 23 1577 8024 0.75 205 [&hellip;]<\/p>","protected":false},"featured_media":4914,"comment_status":"open","ping_status":"closed","template":"","meta":{"_et_pb_use_builder":"","_et_pb_old_content":"","_et_gb_content_width":""},"product_brand":[],"product_cat":[93],"product_tag":[],"class_list":{"0":"post-4909","1":"product","2":"type-product","3":"status-publish","4":"has-post-thumbnail","6":"product_cat-car-wash-machine-gearmotor","8":"first","9":"instock","10":"shipping-taxable","11":"product-type-simple"},"_links":{"self":[{"href":"https:\/\/fmp-components.com\/sk\/wp-json\/wp\/v2\/product\/4909","targetHints":{"allow":["GET"]}}],"collection":[{"href":"https:\/\/fmp-components.com\/sk\/wp-json\/wp\/v2\/product"}],"about":[{"href":"https:\/\/fmp-components.com\/sk\/wp-json\/wp\/v2\/types\/product"}],"replies":[{"embeddable":true,"href":"https:\/\/fmp-components.com\/sk\/wp-json\/wp\/v2\/comments?post=4909"}],"wp:featuredmedia":[{"embeddable":true,"href":"https:\/\/fmp-components.com\/sk\/wp-json\/wp\/v2\/media\/4914"}],"wp:attachment":[{"href":"https:\/\/fmp-components.com\/sk\/wp-json\/wp\/v2\/media?parent=4909"}],"wp:term":[{"taxonomy":"product_brand","embeddable":true,"href":"https:\/\/fmp-components.com\/sk\/wp-json\/wp\/v2\/product_brand?post=4909"},{"taxonomy":"product_cat","embeddable":true,"href":"https:\/\/fmp-components.com\/sk\/wp-json\/wp\/v2\/product_cat?post=4909"},{"taxonomy":"product_tag","embeddable":true,"href":"https:\/\/fmp-components.com\/sk\/wp-json\/wp\/v2\/product_tag?post=4909"}],"curies":[{"name":"pracovn\u00fd list","href":"https:\/\/api.w.org\/{rel}","templated":true}]}}