{"id":4777,"date":"2025-01-20T08:49:32","date_gmt":"2025-01-20T08:49:32","guid":{"rendered":"https:\/\/fmp-components.com\/?page_id=8"},"modified":"2025-01-20T08:53:40","modified_gmt":"2025-01-20T08:53:40","slug":"curved-rack-and-pinion-gear","status":"publish","type":"product","link":"https:\/\/fmp-components.com\/sk\/product\/curved-rack-and-pinion-gear\/","title":{"rendered":"Zakriven\u00fd ozuben\u00fd hrebe\u0148 a pastorok"},"content":{"rendered":"<h2>\u0160pecifik\u00e1cia zakriven\u00fdch ozuben\u00fdch kolies s hrebe\u0148om a pastorkom<\/h2>\n<p>Presn\u00e9 obr\u00e1banie zakriven\u00e9ho ozuben\u00e9ho kolesa z nehrdzavej\u00facej ocele pre robota<\/p>\n<table class=\"table\" border=\"1\" width=\"100%\" cellspacing=\"0\" cellpadding=\"0\">\n<tbody>\n<tr class=\"firstRow\">\n<td><strong>\u010c\u00edslo modelu<\/strong><\/td>\n<td>M1, M1,5, M2, M2,5, M3, M4, M5, M8, M12 at\u010f.<\/td>\n<\/tr>\n<tr>\n<td><strong>Materi\u00e1l<\/strong><\/td>\n<td>Mosadz, oce\u013e C45, nehrdzavej\u00faca oce\u013e, me\u010f, POM, hlin\u00edk, zliatina at\u010f.<\/td>\n<\/tr>\n<tr>\n<td><strong>Povrchov\u00e1 \u00faprava<\/strong><\/td>\n<td>Pozinkovan\u00e9, niklovan\u00e9, pasiv\u00e1cia, oxid\u00e1cia, anodiz\u00e1cia, geometria, dacromet, \u010dierny oxid, fosf\u00e1tovanie, pr\u00e1\u0161kov\u00e9 lakovanie a elektrofor\u00e9za.<\/td>\n<\/tr>\n<tr>\n<td><strong>\u0160tandard<\/strong><\/td>\n<td>ISO, DIN, ANSI, JIS, BS a ne\u0161tandardn\u00e9.<\/td>\n<\/tr>\n<tr>\n<td><strong>Presnos\u0165<\/strong><\/td>\n<td>DIN6, DIN7, DIN8, DIN9.<\/td>\n<\/tr>\n<tr>\n<td><strong>O\u0161etrenie zubov<\/strong><\/td>\n<td>Kalen\u00e9, fr\u00e9zovan\u00e9 alebo br\u00fasen\u00e9<\/td>\n<\/tr>\n<tr>\n<td><strong>Tolerancia<\/strong><\/td>\n<td>0,001 mm \u2013 0,01 mm \u2013 0,1 mm<\/td>\n<\/tr>\n<tr>\n<td><strong>Dokon\u010di\u0165<\/strong><\/td>\n<td>pieskovanie\/brokovanie, tepeln\u00e9 spracovanie, \u017e\u00edhanie, pop\u00fa\u0161\u0165anie, le\u0161tenie, eloxovanie, pozinkovanie<\/td>\n<\/tr>\n<tr>\n<td><strong>Balenie vec\u00ed<\/strong><\/td>\n<td>Plastov\u00e9 vrecko + kart\u00f3ny alebo dreven\u00e9 balenie<\/td>\n<\/tr>\n<tr>\n<td><strong>Platobn\u00e9 podmienky<\/strong><\/td>\n<td>T\/T, akredit\u00edv<\/td>\n<\/tr>\n<tr>\n<td><strong>Vzorky<\/strong><\/td>\n<td>Uk\u00e1\u017ekov\u00e9 cenov\u00e9 rozp\u00e4tie od $2 do $100. Expresn\u00e1 \u017eiados\u0165 o vzorku hraden\u00e1 klientmi.<\/td>\n<\/tr>\n<tr>\n<td><strong>Aplik\u00e1cia<\/strong><\/td>\n<td>1. Automatick\u00e9 riadiace stroje 2. Polovodi\u010dov\u00fd priemysel 3. V\u0161eobecn\u00e9 priemyseln\u00e9 stroje 4. Zdravotn\u00edcke zariadenia 5. Zariadenia na sol\u00e1rnu energiu 6. Obr\u00e1bacie stroje 7. Parkovac\u00ed syst\u00e9m 8. Vysokor\u00fdchlostn\u00e9 \u017eelezni\u010dn\u00e9 a leteck\u00e9 dopravn\u00e9 zariadenia at\u010f.<\/td>\n<\/tr>\n<\/tbody>\n<\/table>\n<p>V\u00fdber materi\u00e1lu pre obl\u00fakov\u00fd alebo zakriven\u00fd ozuben\u00fd hrebe\u0148 je vedecky a rozumne zvolen\u00fd. Plne zoh\u013ead\u0148uje skuto\u010dn\u00e9 prostredie pou\u017eitia projektu a m\u00e1 dobr\u00fa odolnos\u0165 proti oderu. Zakriven\u00fd ozuben\u00fd hrebe\u0148 zva\u017euje \u0161pecifick\u00e9 prostredie pou\u017eitia a tokov\u00e9 vlastnosti materi\u00e1lu a po v\u00fdbere ho spracov\u00e1va. Zakriven\u00fd ozuben\u00fd hrebe\u0148 m\u00e1 po kalen\u00ed odolnos\u0165 proti oderu a stabilitu.<\/p>","protected":false},"excerpt":{"rendered":"<p>Specification of Curved Rack and Pinion Gears Precision Machining Stainless Steel Curved Rack and Pinion Gear for Robot Model Number M1,M1.5,M2,M2.5,M3,M4,M5,M8,M12 etc. Material Brass, \u00a0 C45 steel, Stainless steel, Copper, POM, Aluminum, Alloy, and so on Surface treatment Zinc-plated, Nickel plated, Passivation, Oxidation, Anodization,\u00a0 \u00a0 Geomet, Dacromet, Black Oxide, Phosphatizing, Powder Coating, and \u00a0 Electrophoresis. [&hellip;]<\/p>","protected":false},"featured_media":4778,"comment_status":"open","ping_status":"closed","template":"","meta":{"_et_pb_use_builder":"","_et_pb_old_content":"","_et_gb_content_width":""},"product_brand":[],"product_cat":[91],"product_tag":[],"class_list":{"0":"post-4777","1":"product","2":"type-product","3":"status-publish","4":"has-post-thumbnail","6":"product_cat-gear-racks","8":"first","9":"instock","10":"shipping-taxable","11":"product-type-simple"},"_links":{"self":[{"href":"https:\/\/fmp-components.com\/sk\/wp-json\/wp\/v2\/product\/4777","targetHints":{"allow":["GET"]}}],"collection":[{"href":"https:\/\/fmp-components.com\/sk\/wp-json\/wp\/v2\/product"}],"about":[{"href":"https:\/\/fmp-components.com\/sk\/wp-json\/wp\/v2\/types\/product"}],"replies":[{"embeddable":true,"href":"https:\/\/fmp-components.com\/sk\/wp-json\/wp\/v2\/comments?post=4777"}],"wp:featuredmedia":[{"embeddable":true,"href":"https:\/\/fmp-components.com\/sk\/wp-json\/wp\/v2\/media\/4778"}],"wp:attachment":[{"href":"https:\/\/fmp-components.com\/sk\/wp-json\/wp\/v2\/media?parent=4777"}],"wp:term":[{"taxonomy":"product_brand","embeddable":true,"href":"https:\/\/fmp-components.com\/sk\/wp-json\/wp\/v2\/product_brand?post=4777"},{"taxonomy":"product_cat","embeddable":true,"href":"https:\/\/fmp-components.com\/sk\/wp-json\/wp\/v2\/product_cat?post=4777"},{"taxonomy":"product_tag","embeddable":true,"href":"https:\/\/fmp-components.com\/sk\/wp-json\/wp\/v2\/product_tag?post=4777"}],"curies":[{"name":"pracovn\u00fd list","href":"https:\/\/api.w.org\/{rel}","templated":true}]}}