{"id":4763,"date":"2025-01-20T06:18:59","date_gmt":"2025-01-20T06:18:59","guid":{"rendered":"https:\/\/fmp-components.com\/?page_id=8"},"modified":"2025-01-20T06:45:54","modified_gmt":"2025-01-20T06:45:54","slug":"gear-rack-and-pinion","status":"publish","type":"product","link":"https:\/\/fmp-components.com\/sk\/product\/gear-rack-and-pinion\/","title":{"rendered":"Ozuben\u00fd hrebe\u0148 a pastorok"},"content":{"rendered":"<table style=\"border-collapse: collapse; width: 101.172%; height: 57px;\" border=\"0\" width=\"128\" cellspacing=\"0\" cellpadding=\"0\">\n<tbody>\n<tr style=\"height: 13.8pt;\">\n<td style=\"height: 13.8pt; width: 48pt;\" align=\"right\" width=\"64\" height=\"18\"><img loading=\"lazy\" decoding=\"async\" class=\"alignnone size-full wp-image-4765\" src=\"https:\/\/fmp-components.com\/wp-content\/uploads\/2025\/01\/Rack-and-Pinion-Gear.webp\" alt=\"Hrebe\u0148ov\u00e9 ozuben\u00e9 koleso\" width=\"600\" height=\"600\" title=\"\" srcset=\"https:\/\/fmp-components.com\/wp-content\/uploads\/2025\/01\/Rack-and-Pinion-Gear.webp 600w, https:\/\/fmp-components.com\/wp-content\/uploads\/2025\/01\/Rack-and-Pinion-Gear-480x480.webp 480w\" sizes=\"(min-width: 0px) and (max-width: 480px) 480px, (min-width: 481px) 600px, 100vw\" \/><\/td>\n<td style=\"width: 48pt;\" align=\"right\" width=\"64\"><img loading=\"lazy\" decoding=\"async\" class=\"alignnone size-full wp-image-4766\" src=\"https:\/\/fmp-components.com\/wp-content\/uploads\/2025\/01\/Rack-and-Pinion-Gears.webp\" alt=\"Hrebe\u0148ov\u00e9 ozuben\u00e9 koles\u00e1\" width=\"600\" height=\"600\" title=\"\" srcset=\"https:\/\/fmp-components.com\/wp-content\/uploads\/2025\/01\/Rack-and-Pinion-Gears.webp 600w, https:\/\/fmp-components.com\/wp-content\/uploads\/2025\/01\/Rack-and-Pinion-Gears-480x480.webp 480w\" sizes=\"(min-width: 0px) and (max-width: 480px) 480px, (min-width: 481px) 600px, 100vw\" \/><\/td>\n<\/tr>\n<\/tbody>\n<\/table>\n<h2>Materi\u00e1l ozuben\u00e9ho kolesa a pastorka<\/h2>\n<p>Pokia\u013e ide o materi\u00e1ly ozuben\u00fdch kolies a pastorkov, zoh\u013ead\u0148uje sa pevnos\u0165, odolnos\u0165 proti oderu a nasiakavos\u0165. Uhl\u00edkov\u00e1 oce\u013e je najbe\u017enej\u0161\u00edm materi\u00e1lom pou\u017e\u00edvan\u00fdm na v\u00fdrobu ozuben\u00fdch kolies a pastorkov.<\/p>\n<ol>\n<li>Tento materi\u00e1l je vynikaj\u00faci pre v\u00e4\u010d\u0161inu prostred\u00ed a scen\u00e1rov pou\u017eitia.<\/li>\n<li>Relat\u00edvna pevnos\u0165 zuba hrebe\u0148a v kombin\u00e1cii s pastorkom rob\u00ed tento materi\u00e1l \u00fa\u010dinn\u00fdm.<\/li>\n<li>Okrem toho je materi\u00e1l vhodn\u00fd na tepeln\u00e9 spracovanie na zv\u00fd\u0161enie pevnosti, umo\u017e\u0148uje vkladanie z\u00e1vitov\u00fdch alebo skrutkov\u00fdch otvorov, zachov\u00e1va si rozmerov\u00fa stabilitu a v pr\u00edpade potreby sa d\u00e1 narovna\u0165.<\/li>\n<\/ol>\n<table border=\"1\" cellspacing=\"0\" cellpadding=\"0\">\n<tbody>\n<tr>\n<td><b>Hlin\u00edk<\/b><\/td>\n<td>Hlin\u00edk je modrast\u00fd, strieborno-biely, tv\u00e1rny, \u013eahk\u00fd, trojmocn\u00fd kovov\u00fd prvok s dobrou elektrickou a tepelnou vodivos\u0165ou, vysokou odrazivos\u0165ou a odolnos\u0165ou vo\u010di oxid\u00e1cii. Je \u013eah\u0161\u00ed ako oce\u013e, ale nie je tak\u00fd pevn\u00fd.<\/td>\n<\/tr>\n<tr>\n<td><b>Mosadz<\/b><\/td>\n<td class=\"LtGrey\" valign=\"top\">Mosadz m\u00e1 dobr\u00fa pevnos\u0165, \u0165a\u017enos\u0165 pri vysok\u00fdch teplot\u00e1ch a flexibilitu za studena, elektrick\u00fa vodivos\u0165, odolnos\u0165 vo\u010di kor\u00f3zii, lo\u017eiskov\u00e9 vlastnosti a n\u00edzku magnetick\u00fa permeabilitu.<\/td>\n<\/tr>\n<tr>\n<td><b>Bronz\u00a0<\/b><\/td>\n<td class=\"LtGrey\" valign=\"top\">Bronz je zliatina na b\u00e1ze medi, ktor\u00e1 pozost\u00e1va z medi ako hlavn\u00e9ho leguj\u00faceho kovu a jedn\u00e9ho alebo viacer\u00fdch \u010fal\u0161\u00edch kovov, ako je c\u00edn, zinok alebo fosfor. Krem\u00edkov\u00fd bronz je typickou zliatinou bronzu.<\/td>\n<\/tr>\n<tr>\n<td><b>Liatina<\/b><\/td>\n<td class=\"LtGrey\" valign=\"top\">Liatina je ve\u013emi odoln\u00e1 zliatina \u017eeleza s vysok\u00fdm obsahom uhl\u00edka. Medzi typy patr\u00ed tv\u00e1rna liatina, siv\u00e1 liatina a biela liatina. Rozdiely v akostiach s\u00fa sp\u00f4soben\u00e9 rozdielmi v zlo\u017een\u00ed a spracovan\u00ed.<\/td>\n<\/tr>\n<tr>\n<td><b>Uhl\u00edkov\u00e1 \/ legovan\u00e1 oce\u013e<\/b><\/td>\n<td class=\"LtGrey\" valign=\"top\">Oce\u013e je komer\u010dn\u00e1 liatina, ktor\u00e1 obsahuje uhl\u00edk v \u013eubovo\u013enom mno\u017estve a\u017e do pribli\u017ene 1,7 percenta ako z\u00e1kladn\u00fa leguj\u00facu zlo\u017eku. K dispoz\u00edcii je mnoho druhov uhl\u00edkovej a legovanej ocele. M\u00f4\u017eu v\u0161ak vy\u017eadova\u0165 povlak na ochranu pred kor\u00f3ziou.<\/td>\n<\/tr>\n<tr>\n<td><b>Kalen\u00e1 oce\u013e<\/b><\/td>\n<td class=\"LtGrey\" valign=\"top\">Oce\u013e sa m\u00f4\u017ee kali\u0165 nieko\u013ek\u00fdmi sp\u00f4sobmi. Patria sem r\u00f4zne techniky kalenia v oleji a vode, prechod ocele cez induk\u010dn\u00e9 komory at\u010f. R\u00fdchle ochladzovanie ocele po\u010das spracovania zmraz\u00ed, zachyt\u00ed a zbal\u00ed at\u00f3my uhl\u00edka vo vn\u00fatri zmr\u0161ten\u00fdch kry\u0161t\u00e1lov \u017eeleza, \u010d\u00edm vznikne tuh\u00fd a krehk\u00fd kov. Hoci je to n\u00e1ro\u010dn\u00e9, nedok\u00e1\u017ee absorbova\u0165 ve\u013ek\u00e9 n\u00e1razy alebo n\u00e1razy bez toho, aby sa zlomil.<\/td>\n<\/tr>\n<tr>\n<td><b>Nerezov\u00e1 oce\u013e<\/b><\/td>\n<td class=\"LtGrey\" valign=\"top\">Nerezov\u00e1 oce\u013e je chemicky odoln\u00e1 a odoln\u00e1 vo\u010di kor\u00f3zii a m\u00f4\u017ee ma\u0165 relat\u00edvne vysok\u00e9 nam\u00e1hanie. V\u00e4\u010d\u0161inu nehrdzavej\u00facich ocel\u00ed nemo\u017eno kali\u0165 do rovnakej miery ako uhl\u00edkov\u00e9 ocele.<\/td>\n<\/tr>\n<tr>\n<td><b>Acet\u00e1l<\/b><\/td>\n<td>Acetal je stabiln\u00fd plastov\u00fd materi\u00e1l s inherentn\u00fdmi samomazac\u00edmi vlastnos\u0165ami, ktor\u00e9 mo\u017eno vylep\u0161i\u0165 mazac\u00edmi plnivami.<\/td>\n<\/tr>\n<tr>\n<td><b>Delrin<\/b><\/td>\n<td class=\"LtGrey\" valign=\"top\">Delrin je technick\u00fd plast s h\u00fa\u017eevnatos\u0165ou, tuhos\u0165ou, odolnos\u0165ou vo\u010di opotrebovaniu a oderu a n\u00edzkym tren\u00edm.<\/td>\n<\/tr>\n<tr>\n<td><b>Nylon<\/b><\/td>\n<td class=\"LtGrey\" valign=\"top\">Nylon, ktor\u00fd sa sklad\u00e1 z nieko\u013ek\u00fdch druhov polyamidov, je univerz\u00e1lny materi\u00e1l so \u0161irok\u00fdm pou\u017eit\u00edm. Je odoln\u00fd a trv\u00e1cny a m\u00e1 dobr\u00fa tlakov\u00fa odolnos\u0165.<\/td>\n<\/tr>\n<tr>\n<td><b>Polykarbon\u00e1t<\/b><\/td>\n<td class=\"LtGrey\" valign=\"top\">Polykarbon\u00e1t je extr\u00e9mne h\u00fa\u017eevnat\u00fd polym\u00e9r, ktor\u00fd sa d\u00e1 obr\u00e1ba\u0165 s presn\u00fdmi toleranciami. Mazanie je niekedy potrebn\u00e9, preto\u017ee vlastnosti polykarbon\u00e1tu vo\u010di opotrebovaniu nie s\u00fa tak\u00e9 dobr\u00e9 ako u niektor\u00fdch in\u00fdch polym\u00e9rov.<\/td>\n<\/tr>\n<\/tbody>\n<\/table>\n<h3>Pou\u017eitie ozuben\u00e9ho hrebe\u0148a<\/h3>\n<p>Pou\u017e\u00edva sa hlavne v r\u00f4znych mechanick\u00fdch prevodov\u00fdch syst\u00e9moch, ako s\u00fa automatizovan\u00e9 stroje, CNC obr\u00e1bacie stroje, dielne na stavebn\u00e9 materi\u00e1ly, v\u00fdrobn\u00e9 z\u00e1vody, opravovne strojov, stavebn\u00e9 projekty at\u010f.<\/p>\n<p><img loading=\"lazy\" decoding=\"async\" class=\"alignnone size-full wp-image-4767\" src=\"https:\/\/fmp-components.com\/wp-content\/uploads\/2025\/01\/gear-rack-11.webp\" alt=\"ozuben\u00e1 ty\u010d\" width=\"1200\" height=\"209\" title=\"\" srcset=\"https:\/\/fmp-components.com\/wp-content\/uploads\/2025\/01\/gear-rack-11.webp 1200w, https:\/\/fmp-components.com\/wp-content\/uploads\/2025\/01\/gear-rack-11-980x171.webp 980w, https:\/\/fmp-components.com\/wp-content\/uploads\/2025\/01\/gear-rack-11-480x84.webp 480w\" sizes=\"(min-width: 0px) and (max-width: 480px) 480px, (min-width: 481px) and (max-width: 980px) 980px, (min-width: 981px) 1200px, 100vw\" \/><\/p>","protected":false},"excerpt":{"rendered":"<p>Rack and Pinion Gear Material As for the materials of racks and pinions, strength, abrasion resistance, and absorbency are considered. Carbon steel is the most common material used to make racks and pinion steel. This material is excellent for most settings and usage scenarios. The relative strength of the rack tooth combined with the pinion [&hellip;]<\/p>","protected":false},"featured_media":4764,"comment_status":"open","ping_status":"closed","template":"","meta":{"_et_pb_use_builder":"","_et_pb_old_content":"","_et_gb_content_width":""},"product_brand":[],"product_cat":[91],"product_tag":[],"class_list":{"0":"post-4763","1":"product","2":"type-product","3":"status-publish","4":"has-post-thumbnail","6":"product_cat-gear-racks","8":"first","9":"instock","10":"shipping-taxable","11":"product-type-simple"},"_links":{"self":[{"href":"https:\/\/fmp-components.com\/sk\/wp-json\/wp\/v2\/product\/4763","targetHints":{"allow":["GET"]}}],"collection":[{"href":"https:\/\/fmp-components.com\/sk\/wp-json\/wp\/v2\/product"}],"about":[{"href":"https:\/\/fmp-components.com\/sk\/wp-json\/wp\/v2\/types\/product"}],"replies":[{"embeddable":true,"href":"https:\/\/fmp-components.com\/sk\/wp-json\/wp\/v2\/comments?post=4763"}],"wp:featuredmedia":[{"embeddable":true,"href":"https:\/\/fmp-components.com\/sk\/wp-json\/wp\/v2\/media\/4764"}],"wp:attachment":[{"href":"https:\/\/fmp-components.com\/sk\/wp-json\/wp\/v2\/media?parent=4763"}],"wp:term":[{"taxonomy":"product_brand","embeddable":true,"href":"https:\/\/fmp-components.com\/sk\/wp-json\/wp\/v2\/product_brand?post=4763"},{"taxonomy":"product_cat","embeddable":true,"href":"https:\/\/fmp-components.com\/sk\/wp-json\/wp\/v2\/product_cat?post=4763"},{"taxonomy":"product_tag","embeddable":true,"href":"https:\/\/fmp-components.com\/sk\/wp-json\/wp\/v2\/product_tag?post=4763"}],"curies":[{"name":"pracovn\u00fd list","href":"https:\/\/api.w.org\/{rel}","templated":true}]}}