{"id":452,"date":"2024-12-10T07:23:50","date_gmt":"2024-12-10T07:23:50","guid":{"rendered":"https:\/\/fmp-components.com\/?page_id=8"},"modified":"2024-12-10T07:26:39","modified_gmt":"2024-12-10T07:26:39","slug":"crane-pin-hydraulic-cylinder","status":"publish","type":"product","link":"https:\/\/fmp-components.com\/sk\/product\/crane-pin-hydraulic-cylinder\/","title":{"rendered":"Hydraulick\u00fd valec s \u010dapom \u017eeriavu"},"content":{"rendered":"<p style=\"text-align: center;\"><span style=\"font-size: 18pt;\">Hydraulick\u00fd valec s \u010dapom \u017eeriavu<\/span><\/p>\n<p>Hydraulick\u00fd valec pre \u010dapy \u017eeriavu je z\u00e1kladn\u00fdm komponentom ur\u010den\u00fdm na u\u013eah\u010denie presn\u00e9ho pohybu a bezpe\u010dn\u00e9ho zaistenia \u010dapov v r\u00f4znych \u017eeriavov\u00fdch aplik\u00e1ci\u00e1ch. Tento hydraulick\u00fd valec poskytuje spo\u013eahliv\u00fa silu na zapojenie a odpojenie \u010dapov, ktor\u00e9 sp\u00e1jaj\u00fa r\u00f4zne komponenty \u017eeriavu, \u010d\u00edm zais\u0165uje stabilitu a bezpe\u010dnos\u0165 po\u010das zdv\u00edhac\u00edch oper\u00e1ci\u00ed.<\/p>\n<p><img loading=\"lazy\" decoding=\"async\" class=\"size-full wp-image-453 aligncenter\" src=\"https:\/\/fmp-components.com\/wp-content\/uploads\/2024\/12\/Crane-Pin-Hydraulic-Cylinder.jpg\" alt=\"Hydraulick\u00fd valec s \u010dapom \u017eeriavu\" width=\"500\" height=\"500\" title=\"\" srcset=\"https:\/\/fmp-components.com\/wp-content\/uploads\/2024\/12\/Crane-Pin-Hydraulic-Cylinder.jpg 500w, https:\/\/fmp-components.com\/wp-content\/uploads\/2024\/12\/Crane-Pin-Hydraulic-Cylinder-480x480.jpg 480w\" sizes=\"(min-width: 0px) and (max-width: 480px) 480px, (min-width: 481px) 500px, 100vw\" \/><\/p>\n<h4>K\u013e\u00fa\u010dov\u00e9 vlastnosti:<\/h4>\n<ul>\n<li>Odoln\u00e1 kon\u0161trukcia: Hydraulick\u00fd valec s \u010dapom \u017eeriavu je vyroben\u00fd z vysokopevnostn\u00fdch materi\u00e1lov a je skon\u0161truovan\u00fd tak, aby odolal n\u00e1ro\u010dn\u00fdm podmienkam v stavebn\u00edctve a prostred\u00ed s \u0165a\u017ek\u00fdm zdv\u00edhan\u00edm, \u010d\u00edm zais\u0165uje dlhotrvaj\u00facu odolnos\u0165 a spo\u013eahlivos\u0165.<\/li>\n<li>Plynul\u00e1 prev\u00e1dzka: Pokro\u010dil\u00fd hydraulick\u00fd syst\u00e9m umo\u017e\u0148uje plynul\u00e9 a kontrolovan\u00e9 pohyby, \u010do umo\u017e\u0148uje r\u00fdchle a efekt\u00edvne zapojenie a odpojenie \u010dapov, \u010do zlep\u0161uje celkov\u00fa funk\u010dnos\u0165 \u017eeriavu.<\/li>\n<li>Zv\u00fd\u0161en\u00e1 bezpe\u010dnos\u0165: Zabezpe\u010den\u00edm bezpe\u010dn\u00e9ho zaistenia \u010dapov tento hydraulick\u00fd valec pom\u00e1ha udr\u017eiava\u0165 stabilitu komponentov \u017eeriavu po\u010das prev\u00e1dzky, \u010d\u00edm sa zni\u017euje riziko neh\u00f4d a zvy\u0161uje sa bezpe\u010dnos\u0165 obsluhy a person\u00e1lu staveniska.<\/li>\n<li>V\u0161estrann\u00e9 pou\u017eitie: \u010capov\u00fd hydraulick\u00fd valec je vhodn\u00fd pre \u0161irok\u00fa \u0161k\u00e1lu \u017eeriavov a zdv\u00edhac\u00edch zariaden\u00ed a mo\u017eno ho jednoducho integrova\u0165 do existuj\u00facich syst\u00e9mov, \u010d\u00edm sa st\u00e1va v\u0161estrann\u00fdm rie\u0161en\u00edm pre r\u00f4zne zdv\u00edhacie a stavebn\u00e9 \u00falohy.<\/li>\n<li>N\u00edzke n\u00e1roky na \u00fadr\u017ebu: Tento hydraulick\u00fd valec je navrhnut\u00fd pre efektivitu a odolnos\u0165 a vy\u017eaduje minim\u00e1lnu \u00fadr\u017ebu, \u010do prispieva k skr\u00e1teniu prestojov a zv\u00fd\u0161eniu produktivity.<\/li>\n<\/ul>\n<p>Hydraulick\u00fd valec \u017eeriavov\u00e9ho \u010dapu je k\u013e\u00fa\u010dov\u00fdm komponentom, ktor\u00fd zvy\u0161uje v\u00fdkon, bezpe\u010dnos\u0165 a spo\u013eahlivos\u0165 \u017eeriavov, v\u010faka \u010domu je nevyhnutn\u00fd pre efekt\u00edvne zdv\u00edhacie oper\u00e1cie v r\u00f4znych aplik\u00e1ci\u00e1ch.<\/p>\n<h2>Rozmery hydraulick\u00e9ho valca \u017eeriavov\u00e9ho \u010dapu:<\/h2>\n<table style=\"width: 100%;\">\n<tbody>\n<tr>\n<td style=\"width: 45.9228%;\"><img loading=\"lazy\" decoding=\"async\" class=\"size-full wp-image-453 aligncenter\" src=\"https:\/\/fmp-components.com\/wp-content\/uploads\/2024\/12\/Crane-Pin-Hydraulic-Cylinder.jpg\" alt=\"Hydraulick\u00fd valec s \u010dapom \u017eeriavu\" width=\"500\" height=\"500\" title=\"\" srcset=\"https:\/\/fmp-components.com\/wp-content\/uploads\/2024\/12\/Crane-Pin-Hydraulic-Cylinder.jpg 500w, https:\/\/fmp-components.com\/wp-content\/uploads\/2024\/12\/Crane-Pin-Hydraulic-Cylinder-480x480.jpg 480w\" sizes=\"(min-width: 0px) and (max-width: 480px) 480px, (min-width: 481px) 500px, 100vw\" \/><\/td>\n<td style=\"width: 53.4335%;\"><img loading=\"lazy\" decoding=\"async\" class=\"alignnone size-full wp-image-454\" src=\"https:\/\/fmp-components.com\/wp-content\/uploads\/2024\/12\/Crane-Pin-Hydraulic-Cylinder-Dimensions-2.webp\" alt=\"Hydraulick\u00fd valec s \u010dapom \u017eeriavu\" width=\"1024\" height=\"690\" title=\"\" srcset=\"https:\/\/fmp-components.com\/wp-content\/uploads\/2024\/12\/Crane-Pin-Hydraulic-Cylinder-Dimensions-2.webp 1024w, https:\/\/fmp-components.com\/wp-content\/uploads\/2024\/12\/Crane-Pin-Hydraulic-Cylinder-Dimensions-2-980x660.webp 980w, https:\/\/fmp-components.com\/wp-content\/uploads\/2024\/12\/Crane-Pin-Hydraulic-Cylinder-Dimensions-2-480x323.webp 480w\" sizes=\"(min-width: 0px) and (max-width: 480px) 480px, (min-width: 481px) and (max-width: 980px) 980px, (min-width: 981px) 1024px, 100vw\" \/><\/td>\n<\/tr>\n<\/tbody>\n<\/table>\n<table style=\"width: 100%; height: 133px;\" border=\"1\" cellspacing=\"0\" cellpadding=\"0\">\n<tbody>\n<tr style=\"height: 71px;\">\n<td style=\"height: 71px;\" width=\"246\">N\u00e1zov valca<\/td>\n<td style=\"height: 71px;\" width=\"336\">\u010c\u00edslo v\u00fdkresu<\/td>\n<td style=\"height: 71px;\" width=\"126\">Priemer otvoru (D)<\/td>\n<td style=\"height: 71px;\" width=\"123\">Priemer ty\u010de (d)<\/td>\n<td style=\"height: 71px;\" width=\"114\">Zdvih (S)<\/td>\n<td style=\"height: 71px;\" width=\"170\">In\u0161tala\u010dn\u00e1 vzdialenos\u0165 (L)<\/td>\n<td style=\"height: 71px;\" width=\"172\">Pracovn\u00fd tlak<\/td>\n<td style=\"height: 71px;\" width=\"366\">Rozmery rozhrania (M)<\/td>\n<td style=\"height: 71px;\" width=\"96\">Hmotnos\u0165<\/td>\n<\/tr>\n<tr style=\"height: 62px;\">\n<td class=\"et3\" style=\"height: 62px;\" width=\"246\" height=\"370\">\u010capov\u00fd hydraulick\u00fd valec<\/td>\n<td class=\"et4\" style=\"height: 62px;\" width=\"336\">ZXYG14.01-00<\/td>\n<td class=\"et4\" style=\"height: 62px;\" width=\"126\">\u03a680<\/td>\n<td class=\"et4\" style=\"height: 62px;\" width=\"123\">\u03a640<\/td>\n<td class=\"et4\" style=\"height: 62px;\" width=\"114\">225<\/td>\n<td class=\"et4\" style=\"height: 62px;\" width=\"170\">440<\/td>\n<td class=\"et4\" style=\"height: 62px;\" width=\"172\">25 MPa<\/td>\n<td class=\"et4\" style=\"height: 62px;\" width=\"366\">G1\/4<\/td>\n<td class=\"et4\" style=\"height: 62px;\" width=\"96\">97,8 kg<\/td>\n<\/tr>\n<\/tbody>\n<\/table>\n<h2>Parameter hydraulick\u00e9ho valca \u017eeriavov\u00e9ho \u010dapu:<\/h2>\n<table border=\"1\" width=\"100%\" cellspacing=\"0\" cellpadding=\"0\">\n<tbody>\n<tr>\n<td width=\"70\">Polo\u017eka<\/td>\n<td width=\"70\">Popis<\/td>\n<\/tr>\n<tr>\n<td width=\"70\">N\u00e1zov produktu<\/td>\n<td width=\"70\">Hydraulick\u00fd valec vyroben\u00fd na mieru<\/td>\n<\/tr>\n<tr>\n<td width=\"70\">Certifik\u00e1t:<\/td>\n<td width=\"70\">ISO9001, ISO4001, ISO 45003<\/td>\n<\/tr>\n<tr>\n<td width=\"70\">V\u00fdrobn\u00e1 kapacita:<\/td>\n<td width=\"70\">1 200 000 kusov ro\u010dne<\/td>\n<\/tr>\n<tr>\n<td width=\"70\">\u010cas vzorkovania<\/td>\n<td width=\"70\">Na z\u00e1klade skuto\u010dn\u00e9ho typu<\/td>\n<\/tr>\n<tr>\n<td width=\"70\">Zna\u010dka<\/td>\n<td width=\"70\">FMP alebo logo z\u00e1kazn\u00edka<\/td>\n<\/tr>\n<tr>\n<td width=\"70\">Slu\u017eba<\/td>\n<td width=\"70\">OEM a ODM<\/td>\n<\/tr>\n<tr>\n<td width=\"70\">Zna\u010dka tule\u0148ov<\/td>\n<td width=\"70\">Parker, NOK, BUSAK \u0160AMBAN<\/td>\n<\/tr>\n<tr>\n<td width=\"70\">Dodacia lehota<\/td>\n<td width=\"70\">Na z\u00e1klade mno\u017estva objedn\u00e1vky.<\/td>\n<\/tr>\n<tr>\n<td width=\"70\">Typ podnikania<\/td>\n<td width=\"70\">V\u00fdrobca a export\u00e9r<\/td>\n<\/tr>\n<\/tbody>\n<\/table>\n<h2>Dostupn\u00e9 zna\u010dky a modely hydraulick\u00fdch valcov:<\/h2>\n<table border=\"1\" cellspacing=\"0\" cellpadding=\"0\">\n<tbody>\n<tr>\n<td><span data-spm-anchor-id=\"a2700.details.0.i43.45d84a73e99C9z\">KOMATSU (PC)<\/span><\/td>\n<td>PC30, PC40, PC50, PC56, PC60, PC78, PC100, PC110, PC120, PC130, PC160, PC200-3\/5\/6\/7\/8\/8MO, PC210, PC220-5\/6\/7\/8\/8MO, PC240, PC300\/350\/360-5\/6\/7\/8\/8MO, PC400\/450-5\/6\/7\/8\/8MO, PC800, PC850<\/td>\n<\/tr>\n<tr>\n<td>CATERPILLAR (E)<\/td>\n<td>E301.5, E302, E305.5, E306, E307V1\/V2\/B\/C\/D\/E\/F, E308B\/C, E120B, E312V1\/V2\/B\/C\/D, E313D2, E312D2, E315D<br \/>\nE200B,E320V1\/V2\/A\/B\/C\/D,E324D,E325C\/D,E329D,E330\/336C\/D,E345C,E349D,E365C,E374,E390<\/td>\n<\/tr>\n<tr>\n<td>KOBELCO (SK)<\/td>\n<td>SK60-3\/5\/8,SK75-8\/SR, SK100 ,SK120-3\/5, SK135-8\/SR, SK140-8, SK200-3\/5\/6\/6E, SK210-3\/5\/6\/6E,<br \/>\nSK230\/250-6E,SK250-8,SK260-8,SK350-8\/S8,SK460\/480-8<\/td>\n<\/tr>\n<tr>\n<td>HYUNDAI (R)<\/td>\n<td>R55-5\/7, R60-5\/7, R80, R110, R130, R200-5, R210-5, R215-5\/7, R220-5\/7\/9, R225-5\/7\/9, R250, R260, R265, R290, R305, R445, R485, R505<\/td>\n<\/tr>\n<tr>\n<td><span data-spm-anchor-id=\"a2700.details.0.i53.45d84a73e99C9z\">HITACHI (napr. ZX)<\/span><\/td>\n<td>EX60, EX100-1\/2\/3, EX120-1\/3\/5\/6, EX200-1\/3\/5, EX230-5, EX300-1, EX400<br \/>\nZAX60,ZAX70,ZA120-6,ZAX200\/210-1\/3\/5\/5K,ZAX240,ZAX250,ZAX260,ZAX330-3\/5\/6,ZAX450\/470,ZAX650\/670,ZAX850\/870<\/td>\n<\/tr>\n<tr>\n<td>\n<div class=\"magic-32\"><span data-spm-anchor-id=\"a2700.details.0.i55.45d84a73e99C9z\">DOOSAN (DH\/DX)<\/span><\/div>\n<\/td>\n<td>\n<div class=\"magic-33\"><span class=\"magic-34\">DH55, DH60, DH80,DH150, DH215-5\/7,DH220-5,DH225-5\/7,DH258,DH300-5\/7, DH370,DH420,DH500<br \/>\nDX55, DX60, DX75, DX130, DX225-9, DX300, DX380, DX420, DX500<\/span><\/div>\n<\/td>\n<\/tr>\n<tr>\n<td>\n<div class=\"magic-32\">VOLVO (ES)<\/div>\n<\/td>\n<td>\n<div class=\"magic-33\"><span class=\"magic-34\">EC55, EC60, EC75, EC80, EC140, EC210B\/D, EC220D, EC240, EC250, EC290, EC300, EC360, EC380, EC460, EC480, EC700, EC750, EC950<\/span><\/div>\n<\/td>\n<\/tr>\n<tr>\n<td>\n<div class=\"magic-32\">KATO (HD)<\/div>\n<\/td>\n<td>\n<div class=\"magic-33\"><span class=\"magic-34\">HD307\/308, HD450, HD512, HD700-5\/7, HD820-1\/2\/3\/5\/R, HD1023-1\/3, HD1430-1\/3<\/span><\/div>\n<\/td>\n<\/tr>\n<tr>\n<td>\n<div class=\"magic-32\">IN\u00c1 ZNA\u010cKA<\/div>\n<\/td>\n<td>\n<div class=\"magic-33\"><span class=\"magic-34\">XCMG,LIUGONG,KUBOTA,CASE,YANMAR,SUNWARD,ZOOMLION,LISHIDE,LIEHERR<\/span><\/div>\n<\/td>\n<\/tr>\n<\/tbody>\n<\/table>\n<h3>V\u00fdhody hydraulick\u00e9ho valca s \u010dapom \u017eeriavu<\/h3>\n<h4>1. Presn\u00e9 zapojenie a odpojenie<\/h4>\n<p>Hydraulick\u00fd valec \u017eeriavov\u00e9ho \u010dapu umo\u017e\u0148uje presn\u00e9 ovl\u00e1danie zap\u00ednania a vyp\u00ednania \u010dapov, \u010d\u00edm sa zabezpe\u010d\u00ed bezpe\u010dn\u00e9 zaistenie komponentov \u017eeriavu po\u010das prev\u00e1dzky. T\u00e1to presnos\u0165 zvy\u0161uje bezpe\u010dnos\u0165 a prev\u00e1dzkov\u00fa efektivitu.<\/p>\n<h4>2. Zv\u00fd\u0161en\u00e1 stabilita<\/h4>\n<p>V\u010faka spo\u013eahliv\u00fdm blokovac\u00edm mechanizmom tento hydraulick\u00fd valec zais\u0165uje, \u017ee komponenty \u017eeriavu zostan\u00fa po\u010das zdv\u00edhac\u00edch oper\u00e1ci\u00ed stabiln\u00e9. T\u00e1to stabilita zni\u017euje riziko neh\u00f4d a zlep\u0161uje celkov\u00fa bezpe\u010dnos\u0165 obsluhy a okolit\u00e9ho person\u00e1lu.<\/p>\n<h4>3. Odoln\u00e1 kon\u0161trukcia<\/h4>\n<p>Hydraulick\u00fd valec \u017eeriavov\u00e9ho \u010dapu je vyroben\u00fd z vysokopevnostn\u00fdch materi\u00e1lov a je navrhnut\u00fd tak, aby odolal n\u00e1ro\u010dn\u00fdm stavebn\u00fdm podmienkam a zdv\u00edhaniu \u0165a\u017ek\u00fdch bremien. Jeho robustn\u00e1 kon\u0161trukcia zais\u0165uje dlhotrvaj\u00facu odolnos\u0165 a spo\u013eahlivos\u0165 v n\u00e1ro\u010dn\u00fdch podmienkach.<\/p>\n<h4>4. Hladk\u00e1 prev\u00e1dzka<\/h4>\n<p>Pokro\u010dil\u00fd hydraulick\u00fd syst\u00e9m umo\u017e\u0148uje plynul\u00e9 a kontrolovan\u00e9 pohyby, \u010do umo\u017e\u0148uje r\u00fdchle nastavenie. T\u00e1to \u00fa\u010dinnos\u0165 zvy\u0161uje v\u00fdkon \u017eeriavu a umo\u017e\u0148uje r\u00fdchlej\u0161ie cykly po\u010das prev\u00e1dzky.<\/p>\n<h4>5. V\u0161estrann\u00e9 pou\u017eitie<\/h4>\n<p>Tento hydraulick\u00fd valec je vhodn\u00fd pre \u0161irok\u00fa \u0161k\u00e1lu typov \u017eeriavov a zdv\u00edhac\u00edch zariaden\u00ed, v\u010faka \u010domu je v\u0161estrann\u00fdm rie\u0161en\u00edm pre r\u00f4zne aplik\u00e1cie v stavebn\u00edctve, \u00fadr\u017ebe a priemyselnom prostred\u00ed.<\/p>\n<h4>6. N\u00edzke n\u00e1roky na \u00fadr\u017ebu<\/h4>\n<p>Kon\u0161trukcia minimalizuje opotrebenie, \u010do vedie k zn\u00ed\u017een\u00fdm po\u017eiadavk\u00e1m na \u00fadr\u017ebu. V\u00fdsledkom s\u00fa ni\u017e\u0161ie prev\u00e1dzkov\u00e9 n\u00e1klady a krat\u0161ie prestoje, \u010do prispieva k celkovej produktivite.<\/p>\n<h4>7. Energetick\u00e1 \u00fa\u010dinnos\u0165<\/h4>\n<p>Hydraulick\u00fd syst\u00e9m je optimalizovan\u00fd na spotrebu energie, \u010d\u00edm sa zni\u017euje spotreba energie po\u010das prev\u00e1dzky. T\u00e1to \u00fa\u010dinnos\u0165 nielen\u017ee zni\u017euje prev\u00e1dzkov\u00e9 n\u00e1klady, ale tie\u017e podporuje ekologick\u00e9 postupy pri zdv\u00edhac\u00edch oper\u00e1ci\u00e1ch.<\/p>\n<p>Hydraulick\u00fd valec s \u010dapom \u017eeriavu pon\u00faka mno\u017estvo v\u00fdhod vr\u00e1tane presn\u00e9ho ovl\u00e1dania, zv\u00fd\u0161enej stability a odolnosti, v\u010faka \u010domu je nevyhnutnou s\u00fa\u010das\u0165ou efekt\u00edvnej a spo\u013eahlivej prev\u00e1dzky \u017eeriavu v r\u00f4znych aplik\u00e1ci\u00e1ch.<\/p>\n<p><img loading=\"lazy\" decoding=\"async\" class=\"alignnone size-full wp-image-447\" src=\"https:\/\/fmp-components.com\/wp-content\/uploads\/2024\/12\/Crane.webp\" alt=\"\u017deriav\" width=\"1234\" height=\"822\" title=\"\" srcset=\"https:\/\/fmp-components.com\/wp-content\/uploads\/2024\/12\/Crane.webp 1234w, https:\/\/fmp-components.com\/wp-content\/uploads\/2024\/12\/Crane-980x653.webp 980w, https:\/\/fmp-components.com\/wp-content\/uploads\/2024\/12\/Crane-480x320.webp 480w\" sizes=\"(min-width: 0px) and (max-width: 480px) 480px, (min-width: 481px) and (max-width: 980px) 980px, (min-width: 981px) 1234px, 100vw\" \/><\/p>\n<h2>O FMP<\/h2>\n<p>FMP je \u0161pecializovan\u00e1 spolo\u010dnos\u0165 zaoberaj\u00faca sa stroj\u00e1rskou v\u00fdrobou hydraulick\u00fdch valcov. Od svojho zalo\u017eenia sa spolo\u010dnos\u0165 zameriava na v\u00fdskum a v\u00fdrobu hydraulick\u00fdch technol\u00f3gi\u00ed a \u00faspe\u0161ne pre\u0161la z rozmanit\u00e9ho sortimentu produktov, ktor\u00fd zah\u0155\u0148al zberov\u00e9 a stavebn\u00e9 stroje, na \u0161pecializ\u00e1ciu na komponenty po\u013enohospod\u00e1rskych traktorov. S viac ako desa\u0165ro\u010dn\u00fdmi sk\u00fasenos\u0165ami vo v\u00fdrobe a riaden\u00ed zabezpe\u010duje FMP vysoko kvalitn\u00e9 produkty prostredn\u00edctvom pokro\u010dil\u00fdch v\u00fdrobn\u00fdch techn\u00edk.<\/p>\n<p>Ako sa spolo\u010dnos\u0165 vyv\u00edjala, vyvinula komplexn\u00fa obr\u00e1baciu v\u00fdrobn\u00fa linku, mont\u00e1\u017enu linku a linku na lakovanie. N\u00e1\u0161 t\u00edm pozost\u00e1va zo sk\u00fasen\u00fdch mana\u017e\u00e9rov, sk\u00fasen\u00fdch strojn\u00fdch kon\u0161trukt\u00e9rov a vysoko kvalifikovan\u00fdch technikov, ktor\u00ed spolo\u010dne pracuj\u00fa na udr\u017ean\u00ed stabilnej kvality v\u00fdroby a z\u00e1rove\u0148 efekt\u00edvnej kontrole kontinuity a efektivity procesov.<\/p>\n<p>Spolo\u010dnos\u0165 FMP sa riadi filozofiou \u201eTechnologick\u00e9 inov\u00e1cie poh\u00e1\u0148aj\u00face pokrok, kvalita vytv\u00e1raj\u00faca zna\u010dky, remeseln\u00e9 spracovanie zabezpe\u010duj\u00face kvalitu a budovanie dlhodob\u00fdch obojstranne v\u00fdhodn\u00fdch vz\u0165ahov\u201c. N\u00e1\u0161 z\u00e1v\u00e4zok poskytova\u0165 vysokokvalitn\u00e9 produkty a vynikaj\u00face slu\u017eby z\u00e1kazn\u00edkom zost\u00e1va hlavn\u00fdm cie\u013eom, ke\u010f\u017ee neust\u00e1le uspokojujeme vyv\u00edjaj\u00face sa potreby trhu.<\/p>\n<p><img loading=\"lazy\" decoding=\"async\" class=\"alignnone size-full wp-image-426\" src=\"https:\/\/fmp-components.com\/wp-content\/uploads\/2024\/12\/Sanitation-Machinery-Locking-Hydraulic-Cylinder-factory.webp\" sizes=\"(min-width: 0px) and (max-width: 480px) 480px, (min-width: 481px) and (max-width: 980px) 980px, (min-width: 981px) and (max-width: 1280px) 1280px, (min-width: 1281px) 1414px, 100vw\" srcset=\"https:\/\/fmp-components.com\/wp-content\/uploads\/2024\/12\/Sanitation-Machinery-Locking-Hydraulic-Cylinder-factory.webp 1414w, https:\/\/fmp-components.com\/wp-content\/uploads\/2024\/12\/Sanitation-Machinery-Locking-Hydraulic-Cylinder-factory-1280x529.webp 1280w, https:\/\/fmp-components.com\/wp-content\/uploads\/2024\/12\/Sanitation-Machinery-Locking-Hydraulic-Cylinder-factory-980x405.webp 980w, https:\/\/fmp-components.com\/wp-content\/uploads\/2024\/12\/Sanitation-Machinery-Locking-Hydraulic-Cylinder-factory-480x198.webp 480w\" alt=\"Sanit\u00e1rne stroje, uzamykacie hydraulick\u00e9 valce, tov\u00e1re\u0148\" width=\"1414\" height=\"584\" title=\"\"><\/p>\n<p>Autor: CX<\/p>","protected":false},"excerpt":{"rendered":"<p>Hydraulick\u00fd valec na \u010dapy \u017eeriavu je d\u00f4le\u017eit\u00fd komponent ur\u010den\u00fd na u\u013eah\u010denie presn\u00e9ho pohybu a zaistenia \u010dapov v \u017eeriavov\u00fdch aplik\u00e1ci\u00e1ch. Tento hydraulick\u00fd valec poskytuje spo\u013eahliv\u00fa silu na zaistenie a odistenie \u010dapov, ktor\u00e9 zais\u0165uj\u00fa r\u00f4zne komponenty \u017eeriavu, \u010d\u00edm zais\u0165uje stabilitu a bezpe\u010dnos\u0165 po\u010das zdv\u00edhac\u00edch oper\u00e1ci\u00ed. Je navrhnut\u00fd pre dlh\u00fa \u017eivotnos\u0165 a je vyroben\u00fd z vysokopevnostn\u00fdch materi\u00e1lov, aby odolal n\u00e1ro\u010dn\u00fdm po\u017eiadavk\u00e1m stavebn\u00e9ho prostredia. \u00da\u010dinn\u00fd hydraulick\u00fd syst\u00e9m umo\u017e\u0148uje plynul\u00fa a kontrolovan\u00fa prev\u00e1dzku, \u010do umo\u017e\u0148uje r\u00fdchle nastavenie a zlep\u0161uje celkov\u00fa funk\u010dnos\u0165 \u017eeriavu. Tento d\u00f4le\u017eit\u00fd valec zohr\u00e1va k\u013e\u00fa\u010dov\u00fa \u00falohu pri optimaliz\u00e1cii v\u00fdkonu \u017eeriavu a zabezpe\u010dovan\u00ed bezpe\u010dnej manipul\u00e1cie s \u0165a\u017ek\u00fdmi bremenami.<\/p>","protected":false},"featured_media":453,"comment_status":"open","ping_status":"closed","template":"","meta":{"_et_pb_use_builder":"","_et_pb_old_content":"","_et_gb_content_width":""},"product_brand":[],"product_cat":[24],"product_tag":[],"class_list":{"0":"post-452","1":"product","2":"type-product","3":"status-publish","4":"has-post-thumbnail","6":"product_cat-construction-machinery-hydraulic-cylinders","8":"first","9":"instock","10":"shipping-taxable","11":"product-type-simple"},"_links":{"self":[{"href":"https:\/\/fmp-components.com\/sk\/wp-json\/wp\/v2\/product\/452","targetHints":{"allow":["GET"]}}],"collection":[{"href":"https:\/\/fmp-components.com\/sk\/wp-json\/wp\/v2\/product"}],"about":[{"href":"https:\/\/fmp-components.com\/sk\/wp-json\/wp\/v2\/types\/product"}],"replies":[{"embeddable":true,"href":"https:\/\/fmp-components.com\/sk\/wp-json\/wp\/v2\/comments?post=452"}],"wp:featuredmedia":[{"embeddable":true,"href":"https:\/\/fmp-components.com\/sk\/wp-json\/wp\/v2\/media\/453"}],"wp:attachment":[{"href":"https:\/\/fmp-components.com\/sk\/wp-json\/wp\/v2\/media?parent=452"}],"wp:term":[{"taxonomy":"product_brand","embeddable":true,"href":"https:\/\/fmp-components.com\/sk\/wp-json\/wp\/v2\/product_brand?post=452"},{"taxonomy":"product_cat","embeddable":true,"href":"https:\/\/fmp-components.com\/sk\/wp-json\/wp\/v2\/product_cat?post=452"},{"taxonomy":"product_tag","embeddable":true,"href":"https:\/\/fmp-components.com\/sk\/wp-json\/wp\/v2\/product_tag?post=452"}],"curies":[{"name":"pracovn\u00fd list","href":"https:\/\/api.w.org\/{rel}","templated":true}]}}