{"id":444,"date":"2024-12-10T06:46:45","date_gmt":"2024-12-10T06:46:45","guid":{"rendered":"https:\/\/fmp-components.com\/?page_id=8"},"modified":"2024-12-10T07:23:36","modified_gmt":"2024-12-10T07:23:36","slug":"crane-counterweight-hydraulic-cylinder","status":"publish","type":"product","link":"https:\/\/fmp-components.com\/sk\/product\/crane-counterweight-hydraulic-cylinder\/","title":{"rendered":"Hydraulick\u00fd valec s protiz\u00e1va\u017e\u00edm \u017eeriavu"},"content":{"rendered":"<p style=\"text-align: center;\"><span style=\"font-size: 18pt;\">Hydraulick\u00fd valec s protiz\u00e1va\u017e\u00edm \u017eeriavu<\/span><\/p>\n<p>Hydraulick\u00fd valec s protiz\u00e1va\u017e\u00edm \u017eeriavu je z\u00e1kladn\u00fdm komponentom ur\u010den\u00fdm na zabezpe\u010denie presn\u00e9ho vyva\u017eovania \u017eeriavov po\u010das zdv\u00edhac\u00edch oper\u00e1ci\u00ed. Tento hydraulick\u00fd valec zohr\u00e1va k\u013e\u00fa\u010dov\u00fa \u00falohu pri nastavovan\u00ed polohy protiz\u00e1va\u017e\u00ed, \u010d\u00edm zabezpe\u010duje optim\u00e1lnu stabilitu a bezpe\u010dnos\u0165 pri manipul\u00e1cii s \u0165a\u017ek\u00fdmi bremenami.<\/p>\n<h4>K\u013e\u00fa\u010dov\u00e9 vlastnosti:<\/h4>\n<ul>\n<li>Robustn\u00e1 kon\u0161trukcia: Hydraulick\u00fd valec s protiz\u00e1va\u017e\u00edm je vyroben\u00fd z vysokopevnostn\u00fdch materi\u00e1lov a je navrhnut\u00fd tak, aby odolal n\u00e1ro\u010dn\u00fdm podmienkam v stavebn\u00edctve a prostred\u00ed s \u0165a\u017ek\u00fdm zdv\u00edhan\u00edm, \u010d\u00edm zais\u0165uje dlhotrvaj\u00facu odolnos\u0165 a spo\u013eahlivos\u0165.<\/li>\n<li>Plynul\u00e1 hydraulick\u00e1 prev\u00e1dzka: Pokro\u010dil\u00fd hydraulick\u00fd syst\u00e9m umo\u017e\u0148uje plynul\u00e9 a kontrolovan\u00e9 pohyby, presn\u00e9 nastavenie protiz\u00e1va\u017e\u00ed a zlep\u0161enie celkov\u00e9ho v\u00fdkonu \u017eeriavu.<\/li>\n<li>Zv\u00fd\u0161en\u00e1 stabilita: V\u010faka presn\u00e9mu vyv\u00e1\u017eeniu pom\u00e1ha tento hydraulick\u00fd valec udr\u017eiava\u0165 stabilitu \u017eeriavu po\u010das prev\u00e1dzky, \u010d\u00edm sa zni\u017euje riziko prevr\u00e1tenia alebo neh\u00f4d pri zdv\u00edhan\u00ed \u0165a\u017ek\u00fdch bremien.<\/li>\n<li>V\u0161estrann\u00e9 pou\u017eitie: Tento hydraulick\u00fd valec je vhodn\u00fd pre r\u00f4zne typy \u017eeriavov vr\u00e1tane mobiln\u00fdch \u017eeriavov a ve\u017eov\u00fdch \u017eeriavov a mo\u017eno ho jednoducho integrova\u0165 do existuj\u00facich \u017eeriavov\u00fdch syst\u00e9mov, \u010d\u00edm sa st\u00e1va v\u0161estrann\u00fdm rie\u0161en\u00edm pre zdv\u00edhacie oper\u00e1cie.<\/li>\n<li>N\u00edzke n\u00e1roky na \u00fadr\u017ebu: Hydraulick\u00fd valec s protiz\u00e1va\u017e\u00edm je navrhnut\u00fd pre efektivitu a odolnos\u0165 a vy\u017eaduje minim\u00e1lnu \u00fadr\u017ebu, \u010do vedie k skr\u00e1teniu prestojov a zv\u00fd\u0161eniu produktivity.<\/li>\n<\/ul>\n<p>Stru\u010dne povedan\u00e9, hydraulick\u00fd valec s protiz\u00e1va\u017e\u00edm \u017eeriavu je k\u013e\u00fa\u010dovou s\u00fa\u010das\u0165ou, ktor\u00e1 zvy\u0161uje funk\u010dnos\u0165 a bezpe\u010dnos\u0165 \u017eeriavu a zabezpe\u010duje efekt\u00edvne zdv\u00edhacie oper\u00e1cie pri zachovan\u00ed stability a kontroly.<\/p>\n<h2>Rozmery hydraulick\u00e9ho valca s protiz\u00e1va\u017e\u00edm \u017eeriavu:<\/h2>\n<table style=\"width: 100%;\">\n<tbody>\n<tr>\n<td style=\"width: 46.1373%;\"><img loading=\"lazy\" decoding=\"async\" class=\"alignnone size-full wp-image-445\" src=\"https:\/\/fmp-components.com\/wp-content\/uploads\/2024\/12\/Crane-Counterweight-Hydraulic-Cylinder.webp\" alt=\"Hydraulick\u00fd valec s protiz\u00e1va\u017e\u00edm \u017eeriavu\" width=\"500\" height=\"500\" title=\"\" srcset=\"https:\/\/fmp-components.com\/wp-content\/uploads\/2024\/12\/Crane-Counterweight-Hydraulic-Cylinder.webp 500w, https:\/\/fmp-components.com\/wp-content\/uploads\/2024\/12\/Crane-Counterweight-Hydraulic-Cylinder-480x480.webp 480w\" sizes=\"(min-width: 0px) and (max-width: 480px) 480px, (min-width: 481px) 500px, 100vw\" \/><\/td>\n<td style=\"width: 53.2189%;\"><img loading=\"lazy\" decoding=\"async\" class=\"alignnone size-full wp-image-446\" src=\"https:\/\/fmp-components.com\/wp-content\/uploads\/2024\/12\/YWMPMnZi-Crane-Counterweight-Hydraulic-Cylinder-Dimensions-2.webp\" alt=\"Hydraulick\u00fd valec s protiz\u00e1va\u017e\u00edm \u017eeriavu\" width=\"1024\" height=\"698\" title=\"\" srcset=\"https:\/\/fmp-components.com\/wp-content\/uploads\/2024\/12\/YWMPMnZi-Crane-Counterweight-Hydraulic-Cylinder-Dimensions-2.webp 1024w, https:\/\/fmp-components.com\/wp-content\/uploads\/2024\/12\/YWMPMnZi-Crane-Counterweight-Hydraulic-Cylinder-Dimensions-2-980x668.webp 980w, https:\/\/fmp-components.com\/wp-content\/uploads\/2024\/12\/YWMPMnZi-Crane-Counterweight-Hydraulic-Cylinder-Dimensions-2-480x327.webp 480w\" sizes=\"(min-width: 0px) and (max-width: 480px) 480px, (min-width: 481px) and (max-width: 980px) 980px, (min-width: 981px) 1024px, 100vw\" \/><\/td>\n<\/tr>\n<\/tbody>\n<\/table>\n<table style=\"width: 100%; height: 134px;\" border=\"1\" cellspacing=\"0\" cellpadding=\"0\">\n<tbody>\n<tr style=\"height: 71px;\">\n<td style=\"height: 71px;\" width=\"246\">N\u00e1zov valca<\/td>\n<td style=\"height: 71px;\" width=\"336\">\u010c\u00edslo v\u00fdkresu<\/td>\n<td style=\"height: 71px;\" width=\"126\">Priemer otvoru (D)<\/td>\n<td style=\"height: 71px;\" width=\"123\">Priemer ty\u010de (d)<\/td>\n<td style=\"height: 71px;\" width=\"114\">Zdvih (S)<\/td>\n<td style=\"height: 71px;\" width=\"170\">In\u0161tala\u010dn\u00e1 vzdialenos\u0165 (L)<\/td>\n<td style=\"height: 71px;\" width=\"172\">Pracovn\u00fd tlak<\/td>\n<td style=\"height: 71px;\" width=\"366\">Rozmery rozhrania (M)<\/td>\n<td style=\"height: 71px;\" width=\"96\">Hmotnos\u0165<\/td>\n<\/tr>\n<tr style=\"height: 63px;\">\n<td class=\"et3\" style=\"height: 63px;\" width=\"246\" height=\"356\">Hydraulick\u00fd valec s protiz\u00e1va\u017e\u00edm<\/td>\n<td class=\"et4\" style=\"height: 63px;\" width=\"336\">QAY220.12\/13A-00<\/td>\n<td class=\"et4\" style=\"height: 63px;\" width=\"126\">\u03a6200<\/td>\n<td class=\"et4\" style=\"height: 63px;\" width=\"123\">\u03a6100<\/td>\n<td class=\"et4\" style=\"height: 63px;\" width=\"114\">180<\/td>\n<td class=\"et4\" style=\"height: 63px;\" width=\"170\">530<\/td>\n<td class=\"et4\" style=\"height: 63px;\" width=\"172\">25 MPa; 40 MPa<\/td>\n<td class=\"et4\" style=\"height: 63px;\" width=\"366\">3-G1\/4;M20*1,5;2-M14*1,5<\/td>\n<td class=\"et4\" style=\"height: 63px;\" width=\"96\">124 kg<\/td>\n<\/tr>\n<\/tbody>\n<\/table>\n<h2>Parameter hydraulick\u00e9ho valca s protiz\u00e1va\u017e\u00edm \u017eeriavu:<\/h2>\n<table border=\"1\" width=\"100%\" cellspacing=\"0\" cellpadding=\"0\">\n<tbody>\n<tr>\n<td width=\"70\">Polo\u017eka<\/td>\n<td width=\"70\">Popis<\/td>\n<\/tr>\n<tr>\n<td width=\"70\">N\u00e1zov produktu<\/td>\n<td width=\"70\">Hydraulick\u00fd valec vyroben\u00fd na mieru<\/td>\n<\/tr>\n<tr>\n<td width=\"70\">Certifik\u00e1t:<\/td>\n<td width=\"70\">ISO9001, ISO4001, ISO 45003<\/td>\n<\/tr>\n<tr>\n<td width=\"70\">V\u00fdrobn\u00e1 kapacita:<\/td>\n<td width=\"70\">1 200 000 kusov ro\u010dne<\/td>\n<\/tr>\n<tr>\n<td width=\"70\">\u010cas vzorkovania<\/td>\n<td width=\"70\">Na z\u00e1klade skuto\u010dn\u00e9ho typu<\/td>\n<\/tr>\n<tr>\n<td width=\"70\">Zna\u010dka<\/td>\n<td width=\"70\">FMP alebo logo z\u00e1kazn\u00edka<\/td>\n<\/tr>\n<tr>\n<td width=\"70\">Slu\u017eba<\/td>\n<td width=\"70\">OEM a ODM<\/td>\n<\/tr>\n<tr>\n<td width=\"70\">Zna\u010dka tule\u0148ov<\/td>\n<td width=\"70\">Parker, NOK, BUSAK \u0160AMBAN<\/td>\n<\/tr>\n<tr>\n<td width=\"70\">Dodacia lehota<\/td>\n<td width=\"70\">Na z\u00e1klade mno\u017estva objedn\u00e1vky.<\/td>\n<\/tr>\n<tr>\n<td width=\"70\">Typ podnikania<\/td>\n<td width=\"70\">V\u00fdrobca a export\u00e9r<\/td>\n<\/tr>\n<\/tbody>\n<\/table>\n<h2>Dostupn\u00e9 zna\u010dky a modely hydraulick\u00fdch valcov:<\/h2>\n<table border=\"1\" cellspacing=\"0\" cellpadding=\"0\">\n<tbody>\n<tr>\n<td><span data-spm-anchor-id=\"a2700.details.0.i43.45d84a73e99C9z\">KOMATSU (PC)<\/span><\/td>\n<td>PC30, PC40, PC50, PC56, PC60, PC78, PC100, PC110, PC120, PC130, PC160, PC200-3\/5\/6\/7\/8\/8MO, PC210, PC220-5\/6\/7\/8\/8MO, PC240, PC300\/350\/360-5\/6\/7\/8\/8MO, PC400\/450-5\/6\/7\/8\/8MO, PC800, PC850<\/td>\n<\/tr>\n<tr>\n<td>CATERPILLAR (E)<\/td>\n<td>E301.5, E302, E305.5, E306, E307V1\/V2\/B\/C\/D\/E\/F, E308B\/C, E120B, E312V1\/V2\/B\/C\/D, E313D2, E312D2, E315D<br \/>\nE200B,E320V1\/V2\/A\/B\/C\/D,E324D,E325C\/D,E329D,E330\/336C\/D,E345C,E349D,E365C,E374,E390<\/td>\n<\/tr>\n<tr>\n<td>KOBELCO (SK)<\/td>\n<td>SK60-3\/5\/8,SK75-8\/SR, SK100 ,SK120-3\/5, SK135-8\/SR, SK140-8, SK200-3\/5\/6\/6E, SK210-3\/5\/6\/6E,<br \/>\nSK230\/250-6E,SK250-8,SK260-8,SK350-8\/S8,SK460\/480-8<\/td>\n<\/tr>\n<tr>\n<td>HYUNDAI (R)<\/td>\n<td>R55-5\/7, R60-5\/7, R80, R110, R130, R200-5, R210-5, R215-5\/7, R220-5\/7\/9, R225-5\/7\/9, R250, R260, R265, R290, R305, R445, R485, R505<\/td>\n<\/tr>\n<tr>\n<td><span data-spm-anchor-id=\"a2700.details.0.i53.45d84a73e99C9z\">HITACHI (napr. ZX)<\/span><\/td>\n<td>EX60, EX100-1\/2\/3, EX120-1\/3\/5\/6, EX200-1\/3\/5, EX230-5, EX300-1, EX400<br \/>\nZAX60,ZAX70,ZA120-6,ZAX200\/210-1\/3\/5\/5K,ZAX240,ZAX250,ZAX260,ZAX330-3\/5\/6,ZAX450\/470,ZAX650\/670,ZAX850\/870<\/td>\n<\/tr>\n<tr>\n<td>\n<div class=\"magic-32\"><span data-spm-anchor-id=\"a2700.details.0.i55.45d84a73e99C9z\">DOOSAN (DH\/DX)<\/span><\/div>\n<\/td>\n<td>\n<div class=\"magic-33\"><span class=\"magic-34\">DH55, DH60, DH80,DH150, DH215-5\/7,DH220-5,DH225-5\/7,DH258,DH300-5\/7, DH370,DH420,DH500<br \/>\nDX55, DX60, DX75, DX130, DX225-9, DX300, DX380, DX420, DX500<\/span><\/div>\n<\/td>\n<\/tr>\n<tr>\n<td>\n<div class=\"magic-32\">VOLVO (ES)<\/div>\n<\/td>\n<td>\n<div class=\"magic-33\"><span class=\"magic-34\">EC55, EC60, EC75, EC80, EC140, EC210B\/D, EC220D, EC240, EC250, EC290, EC300, EC360, EC380, EC460, EC480, EC700, EC750, EC950<\/span><\/div>\n<\/td>\n<\/tr>\n<tr>\n<td>\n<div class=\"magic-32\">KATO (HD)<\/div>\n<\/td>\n<td>\n<div class=\"magic-33\"><span class=\"magic-34\">HD307\/308, HD450, HD512, HD700-5\/7, HD820-1\/2\/3\/5\/R, HD1023-1\/3, HD1430-1\/3<\/span><\/div>\n<\/td>\n<\/tr>\n<tr>\n<td>\n<div class=\"magic-32\">IN\u00c1 ZNA\u010cKA<\/div>\n<\/td>\n<td>\n<div class=\"magic-33\"><span class=\"magic-34\">XCMG,LIUGONG,KUBOTA,CASE,YANMAR,SUNWARD,ZOOMLION,LISHIDE,LIEHERR<\/span><\/div>\n<\/td>\n<\/tr>\n<\/tbody>\n<\/table>\n<h2>Ako funguje hydraulick\u00fd valec s protiz\u00e1va\u017e\u00edm \u017eeriavu<\/h2>\n<p>Hydraulick\u00fd valec s protiz\u00e1va\u017e\u00edm \u017eeriavu funguje na z\u00e1klade hydraulick\u00fdch princ\u00edpov a vyu\u017e\u00edva tlak kvapaliny na nastavovanie a ovl\u00e1danie polohy protiz\u00e1va\u017e\u00ed v \u017eeriavoch. Tu je rozpis jeho fungovania:<\/p>\n<h3>1. Hydraulick\u00e1 dynamika tekut\u00edn<\/h3>\n<p>Valec obsahuje hydraulick\u00fa kvapalinu, zvy\u010dajne olej, ktor\u00e1 sa \u010derp\u00e1 do valca na vytvorenie tlaku. T\u00e1to kvapalina sl\u00fa\u017ei ako m\u00e9dium na prenos v\u00fdkonu v r\u00e1mci hydraulick\u00e9ho syst\u00e9mu.<\/p>\n<h3>2. Pohyb piestu<\/h3>\n<p>Vo vn\u00fatri hydraulick\u00e9ho valca sa piest pohybuje v reakcii na tlak hydraulickej kvapaliny. Ke\u010f obsluha aktivuje hydraulick\u00fd syst\u00e9m, kvapalina je smerovan\u00e1 do jednej strany valca, tla\u010d\u00ed na piest a sp\u00f4sobuje jeho vys\u00favanie alebo zas\u00favanie.<\/p>\n<h3>3. Nastavenie protiz\u00e1va\u017eia<\/h3>\n<p>Pohybom piesta sa upravuje poloha protiz\u00e1va\u017e\u00ed pripevnen\u00fdch k \u017eeriavu. Vysunut\u00edm piesta sa protiz\u00e1va\u017eia pos\u00favaj\u00fa smerom von, \u010d\u00edm sa zvy\u0161uje stabilita \u017eeriavu pri zdv\u00edhan\u00ed \u0165a\u017ek\u00fdch bremien. Naopak, zasunut\u00edm piesta sa protiz\u00e1va\u017eia pribl\u00ed\u017eia k \u017eeriavu, \u010do je potrebn\u00e9 na man\u00e9vrovanie alebo prepravu \u017eeriavu.<\/p>\n<h3>4. Regul\u00e1cia tlaku<\/h3>\n<p>Hydraulick\u00fd syst\u00e9m je vybaven\u00fd regula\u010dn\u00fdmi ventilmi tlaku, ktor\u00e9 reguluj\u00fa prietok a tlak hydraulickej kvapaliny. To zais\u0165uje plynul\u00e9 a kontrolovan\u00e9 nastavenie protiz\u00e1va\u017e\u00ed, \u010d\u00edm sa zabr\u00e1ni n\u00e1hlym pohybom, ktor\u00e9 by mohli destabilizova\u0165 \u017eeriav.<\/p>\n<h3>5. Bezpe\u010dnostn\u00e9 mechanizmy<\/h3>\n<p>Mnoh\u00e9 hydraulick\u00e9 valce s protiz\u00e1va\u017e\u00edm obsahuj\u00fa bezpe\u010dnostn\u00e9 prvky, ako je ochrana proti pre\u0165a\u017eeniu a pretlakov\u00e9 ventily. Tieto mechanizmy pom\u00e1haj\u00fa predch\u00e1dza\u0165 nadmern\u00e9mu hromadeniu tlaku a zabezpe\u010duj\u00fa bezpe\u010dn\u00fa prev\u00e1dzku, \u010d\u00edm \u010falej zvy\u0161uj\u00fa stabilitu a bezpe\u010dnos\u0165 \u017eeriavu po\u010das zdv\u00edhac\u00edch oper\u00e1ci\u00ed.<\/p>\n<p>Hydraulick\u00fd valec s protiz\u00e1va\u017e\u00edm \u017eeriavu je nevyhnutn\u00fd na udr\u017eanie rovnov\u00e1hy a stability \u017eeriavov pri zdv\u00edhan\u00ed \u0165a\u017ek\u00fdch bremien. Vyu\u017e\u00edvan\u00edm dynamiky hydraulick\u00fdch tekut\u00edn a presn\u00fdch pohybov piestov umo\u017e\u0148uje efekt\u00edvne nastavenie protiz\u00e1va\u017e\u00ed, \u010d\u00edm zabezpe\u010duje bezpe\u010dn\u00fa a efekt\u00edvnu prev\u00e1dzku \u017eeriavu v r\u00f4znych aplik\u00e1ci\u00e1ch.<\/p>\n<p><img loading=\"lazy\" decoding=\"async\" class=\"alignnone size-full wp-image-447\" src=\"https:\/\/fmp-components.com\/wp-content\/uploads\/2024\/12\/Crane.webp\" alt=\"\u017deriav\" width=\"1234\" height=\"822\" title=\"\" srcset=\"https:\/\/fmp-components.com\/wp-content\/uploads\/2024\/12\/Crane.webp 1234w, https:\/\/fmp-components.com\/wp-content\/uploads\/2024\/12\/Crane-980x653.webp 980w, https:\/\/fmp-components.com\/wp-content\/uploads\/2024\/12\/Crane-480x320.webp 480w\" sizes=\"(min-width: 0px) and (max-width: 480px) 480px, (min-width: 481px) and (max-width: 980px) 980px, (min-width: 981px) 1234px, 100vw\" \/><\/p>\n<h2>O FMP<\/h2>\n<p>FMP je \u0161pecializovan\u00e1 spolo\u010dnos\u0165 zaoberaj\u00faca sa stroj\u00e1rskou v\u00fdrobou hydraulick\u00fdch valcov. Od svojho zalo\u017eenia sa spolo\u010dnos\u0165 zameriava na v\u00fdskum a v\u00fdrobu hydraulick\u00fdch technol\u00f3gi\u00ed a \u00faspe\u0161ne pre\u0161la z rozmanit\u00e9ho sortimentu produktov, ktor\u00fd zah\u0155\u0148al zberov\u00e9 a stavebn\u00e9 stroje, na \u0161pecializ\u00e1ciu na komponenty po\u013enohospod\u00e1rskych traktorov. S viac ako desa\u0165ro\u010dn\u00fdmi sk\u00fasenos\u0165ami vo v\u00fdrobe a riaden\u00ed zabezpe\u010duje FMP vysoko kvalitn\u00e9 produkty prostredn\u00edctvom pokro\u010dil\u00fdch v\u00fdrobn\u00fdch techn\u00edk.<\/p>\n<p>Ako sa spolo\u010dnos\u0165 vyv\u00edjala, vyvinula komplexn\u00fa obr\u00e1baciu v\u00fdrobn\u00fa linku, mont\u00e1\u017enu linku a linku na lakovanie. N\u00e1\u0161 t\u00edm pozost\u00e1va zo sk\u00fasen\u00fdch mana\u017e\u00e9rov, sk\u00fasen\u00fdch strojn\u00fdch kon\u0161trukt\u00e9rov a vysoko kvalifikovan\u00fdch technikov, ktor\u00ed spolo\u010dne pracuj\u00fa na udr\u017ean\u00ed stabilnej kvality v\u00fdroby a z\u00e1rove\u0148 efekt\u00edvnej kontrole kontinuity a efektivity procesov.<\/p>\n<p>Spolo\u010dnos\u0165 FMP sa riadi filozofiou \u201eTechnologick\u00e9 inov\u00e1cie poh\u00e1\u0148aj\u00face pokrok, kvalita vytv\u00e1raj\u00faca zna\u010dky, remeseln\u00e9 spracovanie zabezpe\u010duj\u00face kvalitu a budovanie dlhodob\u00fdch obojstranne v\u00fdhodn\u00fdch vz\u0165ahov\u201c. N\u00e1\u0161 z\u00e1v\u00e4zok poskytova\u0165 vysokokvalitn\u00e9 produkty a vynikaj\u00face slu\u017eby z\u00e1kazn\u00edkom zost\u00e1va hlavn\u00fdm cie\u013eom, ke\u010f\u017ee neust\u00e1le uspokojujeme vyv\u00edjaj\u00face sa potreby trhu.<\/p>\n<p><img loading=\"lazy\" decoding=\"async\" class=\"alignnone size-full wp-image-426\" src=\"https:\/\/fmp-components.com\/wp-content\/uploads\/2024\/12\/Sanitation-Machinery-Locking-Hydraulic-Cylinder-factory.webp\" sizes=\"(min-width: 0px) and (max-width: 480px) 480px, (min-width: 481px) and (max-width: 980px) 980px, (min-width: 981px) and (max-width: 1280px) 1280px, (min-width: 1281px) 1414px, 100vw\" srcset=\"https:\/\/fmp-components.com\/wp-content\/uploads\/2024\/12\/Sanitation-Machinery-Locking-Hydraulic-Cylinder-factory.webp 1414w, https:\/\/fmp-components.com\/wp-content\/uploads\/2024\/12\/Sanitation-Machinery-Locking-Hydraulic-Cylinder-factory-1280x529.webp 1280w, https:\/\/fmp-components.com\/wp-content\/uploads\/2024\/12\/Sanitation-Machinery-Locking-Hydraulic-Cylinder-factory-980x405.webp 980w, https:\/\/fmp-components.com\/wp-content\/uploads\/2024\/12\/Sanitation-Machinery-Locking-Hydraulic-Cylinder-factory-480x198.webp 480w\" alt=\"Sanit\u00e1rne stroje, uzamykacie hydraulick\u00e9 valce, tov\u00e1re\u0148\" width=\"1414\" height=\"584\" title=\"\"><\/p>\n<p>Autor: CX<\/p>","protected":false},"excerpt":{"rendered":"<p data-id=\"a11392d4-7524-4709-8e84-2ea1d23339d0\" data-pm-slice=\"1 1 []\">\u00dalohou hydraulick\u00e9ho valca s protiz\u00e1va\u017e\u00edm \u017eeriavu je poskytn\u00fa\u0165 potrebn\u00fa protiv\u00e1hu pre \u017eeriavy po\u010das zdv\u00edhania. Vyu\u017eite tento hydraulick\u00fd valec na presn\u00e9, ale z\u00e1rove\u0148 dia\u013ekov\u00e9 polohovanie protiz\u00e1va\u017eia pre stabilitu a bezpe\u010dnos\u0165 pri zdv\u00edhan\u00ed \u0165a\u017ek\u00fdch bremien. Tento \u0165a\u017en\u00fd k\u00f4\u0148, \u0161peci\u00e1lne navrhnut\u00fd pre odolnos\u0165, je vyroben\u00fd z prvotriednych materi\u00e1lov, aby odolal drsnej realite stavebn\u00e9ho a \u0165a\u017ek\u00e9ho zdv\u00edhacieho priemyslu. Hydraulick\u00fd syst\u00e9m je navrhnut\u00fd tak, aby poskytoval efekt\u00edvne a responz\u00edvne ovl\u00e1danie, \u010d\u00edm zabezpe\u010duje plynul\u00e9 a vyv\u00e1\u017een\u00e9 pohyby, \u010do umo\u017e\u0148uje obsluhe optimalizova\u0165 v\u00fdkon \u017eeriavu a z\u00e1rove\u0148 zachova\u0165 stabilitu. Ako neoddelite\u013en\u00e1 s\u00fa\u010das\u0165 celkovej funkcie \u017eeriavov je nevyhnutn\u00fd pre ich bezpe\u010dn\u00fa prev\u00e1dzku a prispieva k efekt\u00edvnym zdv\u00edhac\u00edm rie\u0161eniam.<\/p>","protected":false},"featured_media":445,"comment_status":"open","ping_status":"closed","template":"","meta":{"_et_pb_use_builder":"","_et_pb_old_content":"","_et_gb_content_width":""},"product_brand":[],"product_cat":[24],"product_tag":[],"class_list":{"0":"post-444","1":"product","2":"type-product","3":"status-publish","4":"has-post-thumbnail","6":"product_cat-construction-machinery-hydraulic-cylinders","8":"first","9":"instock","10":"shipping-taxable","11":"product-type-simple"},"_links":{"self":[{"href":"https:\/\/fmp-components.com\/sk\/wp-json\/wp\/v2\/product\/444","targetHints":{"allow":["GET"]}}],"collection":[{"href":"https:\/\/fmp-components.com\/sk\/wp-json\/wp\/v2\/product"}],"about":[{"href":"https:\/\/fmp-components.com\/sk\/wp-json\/wp\/v2\/types\/product"}],"replies":[{"embeddable":true,"href":"https:\/\/fmp-components.com\/sk\/wp-json\/wp\/v2\/comments?post=444"}],"wp:featuredmedia":[{"embeddable":true,"href":"https:\/\/fmp-components.com\/sk\/wp-json\/wp\/v2\/media\/445"}],"wp:attachment":[{"href":"https:\/\/fmp-components.com\/sk\/wp-json\/wp\/v2\/media?parent=444"}],"wp:term":[{"taxonomy":"product_brand","embeddable":true,"href":"https:\/\/fmp-components.com\/sk\/wp-json\/wp\/v2\/product_brand?post=444"},{"taxonomy":"product_cat","embeddable":true,"href":"https:\/\/fmp-components.com\/sk\/wp-json\/wp\/v2\/product_cat?post=444"},{"taxonomy":"product_tag","embeddable":true,"href":"https:\/\/fmp-components.com\/sk\/wp-json\/wp\/v2\/product_tag?post=444"}],"curies":[{"name":"pracovn\u00fd list","href":"https:\/\/api.w.org\/{rel}","templated":true}]}}