{"id":432,"date":"2024-12-10T06:13:58","date_gmt":"2024-12-10T06:13:58","guid":{"rendered":"https:\/\/fmp-components.com\/?page_id=8"},"modified":"2024-12-10T06:13:58","modified_gmt":"2024-12-10T06:13:58","slug":"sanitation-machinery-forward-thrust-hydraulic-cylinder","status":"publish","type":"product","link":"https:\/\/fmp-components.com\/sk\/product\/sanitation-machinery-forward-thrust-hydraulic-cylinder\/","title":{"rendered":"Hydraulick\u00fd valec s predn\u00fdm \u0165ahom pre sanit\u00e1rne stroje"},"content":{"rendered":"<p style=\"text-align: center;\"><span style=\"font-size: 18pt;\">Hydraulick\u00fd valec s predn\u00fdm \u0165ahom pre sanit\u00e1rne stroje<\/span><\/p>\n<p>\u00a0Hydraulick\u00fd valec s predn\u00fdm \u0165ahom pre sanit\u00e1rne stroje je z\u00e1kladn\u00fdm komponentom navrhnut\u00fdm tak, aby poskytoval siln\u00fd a spo\u013eahliv\u00fd predn\u00fd \u0165ah pre r\u00f4zne sanit\u00e1rne zariadenia vr\u00e1tane smetiarskych \u00e1ut a zametac\u00edch strojov. Tento hydraulick\u00fd valec je navrhnut\u00fd tak, aby umo\u017e\u0148oval plynul\u00e9 a kontrolovan\u00e9 pohyby, \u010d\u00edm zvy\u0161uje efektivitu prev\u00e1dzky po\u010das zberu odpadu a \u010distenia ul\u00edc.<\/p>\n<p><img loading=\"lazy\" decoding=\"async\" class=\"size-full wp-image-439 aligncenter\" src=\"https:\/\/fmp-components.com\/wp-content\/uploads\/2024\/12\/Sanitation-Machinery-Forward-Thrust-Hydraulic-Cylinder.webp\" alt=\"Hydraulick\u00fd valec s posunom dopredu pre sanit\u00e1rne stroje\" width=\"500\" height=\"500\" title=\"\" srcset=\"https:\/\/fmp-components.com\/wp-content\/uploads\/2024\/12\/Sanitation-Machinery-Forward-Thrust-Hydraulic-Cylinder.webp 500w, https:\/\/fmp-components.com\/wp-content\/uploads\/2024\/12\/Sanitation-Machinery-Forward-Thrust-Hydraulic-Cylinder-480x480.webp 480w\" sizes=\"(min-width: 0px) and (max-width: 480px) 480px, (min-width: 481px) 500px, 100vw\" \/><\/p>\n<h4>K\u013e\u00fa\u010dov\u00e9 vlastnosti:<\/h4>\n<ul>\n<li>Robustn\u00e1 kon\u0161trukcia: Tento hydraulick\u00fd valec je vyroben\u00fd z vysokopevnostn\u00fdch materi\u00e1lov a je skon\u0161truovan\u00fd tak, aby odolal n\u00e1ro\u010dn\u00fdm podmienkam sanit\u00e1rneho priemyslu, \u010d\u00edm zais\u0165uje odolnos\u0165 a dlhotrvaj\u00faci v\u00fdkon.<\/li>\n<li>Plynul\u00e1 hydraulick\u00e1 prev\u00e1dzka: Pokro\u010dil\u00fd hydraulick\u00fd syst\u00e9m umo\u017e\u0148uje plynul\u00e9 a citliv\u00e9 pohyby, minimalizuje opotrebovanie strojov a optimalizuje prev\u00e1dzkov\u00fa efektivitu.<\/li>\n<li>Presn\u00e9 ovl\u00e1danie: Hydraulick\u00fd valec s predn\u00fdm \u0165ahom, navrhnut\u00fd pre presn\u00e9 ovl\u00e1danie, umo\u017e\u0148uje obsluhe efekt\u00edvne man\u00e9vrova\u0165 so sanit\u00e1rnym zariaden\u00edm, \u010d\u00edm sa zvy\u0161uje bezpe\u010dnos\u0165 a v\u00fdkon pri r\u00f4znych \u00faloh\u00e1ch.<\/li>\n<li>V\u0161estrann\u00e9 pou\u017eitie: Tento hydraulick\u00fd valec je vhodn\u00fd pre \u0161irok\u00fa \u0161k\u00e1lu sanita\u010dn\u00fdch strojov a mo\u017eno ho \u013eahko integrova\u0165 do existuj\u00facich syst\u00e9mov, \u010d\u00edm sa st\u00e1va v\u0161estrann\u00fdm rie\u0161en\u00edm pre oper\u00e1cie nakladania s odpadom.<\/li>\n<li>Energetick\u00e1 \u00fa\u010dinnos\u0165: Jeho dizajn optimalizuje spotrebu energie, zni\u017euje straty energie a prispieva k ni\u017e\u0161\u00edm prev\u00e1dzkov\u00fdm n\u00e1kladom, v\u010faka \u010domu je ekologickou vo\u013ebou pre sanit\u00e1rne slu\u017eby.<\/li>\n<\/ul>\n<p>Hydraulick\u00fd valec s predn\u00fdm \u0165ahom pre sanit\u00e1rne stroje zvy\u0161uje funk\u010dnos\u0165 a \u00fa\u010dinnos\u0165 sanit\u00e1rnych zariaden\u00ed, zabezpe\u010duje efekt\u00edvny v\u00fdkon pri prev\u00e1dzke odpadov\u00e9ho hospod\u00e1rstva a z\u00e1rove\u0148 si zachov\u00e1va vysok\u00fa \u00farove\u0148 odolnosti a kontroly.<\/p>\n<h2>Rozmery hydraulick\u00e9ho valca s predn\u00fdm \u0165ahom pre sanit\u00e1rne stroje:<\/h2>\n<table>\n<tbody>\n<tr>\n<td><img loading=\"lazy\" decoding=\"async\" class=\"alignnone size-full wp-image-435\" src=\"https:\/\/fmp-components.com\/wp-content\/uploads\/2024\/12\/Sanitation-Machinery-Forward-Thrust-Hydraulic-Cylinder-Dimensions-1.webp\" alt=\"V\u00fdhody sanit\u00e1rnych strojov s posunom dopredu a hydraulick\u00fdm valcom 1\" width=\"980\" height=\"416\" title=\"\" srcset=\"https:\/\/fmp-components.com\/wp-content\/uploads\/2024\/12\/Sanitation-Machinery-Forward-Thrust-Hydraulic-Cylinder-Dimensions-1.webp 980w, https:\/\/fmp-components.com\/wp-content\/uploads\/2024\/12\/Sanitation-Machinery-Forward-Thrust-Hydraulic-Cylinder-Dimensions-1-480x204.webp 480w\" sizes=\"(min-width: 0px) and (max-width: 480px) 480px, (min-width: 481px) 980px, 100vw\" \/><\/td>\n<td><img loading=\"lazy\" decoding=\"async\" class=\"alignnone size-full wp-image-436\" src=\"https:\/\/fmp-components.com\/wp-content\/uploads\/2024\/12\/Sanitation-Machinery-Forward-Thrust-Hydraulic-Cylinder-Dimensions-2.webp\" alt=\"V\u00fdhody sanit\u00e1rnych strojov s posunom dopredu a hydraulick\u00fdm valcom 1\" width=\"980\" height=\"416\" title=\"\" srcset=\"https:\/\/fmp-components.com\/wp-content\/uploads\/2024\/12\/Sanitation-Machinery-Forward-Thrust-Hydraulic-Cylinder-Dimensions-2.webp 980w, https:\/\/fmp-components.com\/wp-content\/uploads\/2024\/12\/Sanitation-Machinery-Forward-Thrust-Hydraulic-Cylinder-Dimensions-2-480x204.webp 480w\" sizes=\"(min-width: 0px) and (max-width: 480px) 480px, (min-width: 481px) 980px, 100vw\" \/><\/td>\n<\/tr>\n<\/tbody>\n<\/table>\n<table style=\"width: 100%; height: 133px;\" border=\"1\" cellspacing=\"0\" cellpadding=\"0\">\n<tbody>\n<tr style=\"height: 71px;\">\n<td style=\"height: 71px;\" width=\"246\">N\u00e1zov valca<\/td>\n<td style=\"height: 71px;\" width=\"336\">\u010c\u00edslo v\u00fdkresu<\/td>\n<td style=\"height: 71px;\" width=\"126\">Priemer otvoru (D)<\/td>\n<td style=\"height: 71px;\" width=\"123\">Priemer ty\u010de (d)<\/td>\n<td style=\"height: 71px;\" width=\"114\">Zdvih (S)<\/td>\n<td style=\"height: 71px;\" width=\"170\">In\u0161tala\u010dn\u00e1 vzdialenos\u0165 (L)<\/td>\n<td style=\"height: 71px;\" width=\"172\">Pracovn\u00fd tlak<\/td>\n<td style=\"height: 71px;\" width=\"366\">Rozmery rozhrania (M)<\/td>\n<td style=\"height: 71px;\" width=\"96\">Hmotnos\u0165<\/td>\n<\/tr>\n<tr style=\"height: 62px;\">\n<td class=\"et3\" style=\"height: 62px;\" width=\"246\" height=\"298\">Predn\u00fd pr\u00edtla\u010dn\u00fd valec<\/td>\n<td class=\"et4\" style=\"height: 62px;\" width=\"336\">LPE416B.4.4-2-00<\/td>\n<td class=\"et4\" style=\"height: 62px;\" width=\"126\">\u03a690<\/td>\n<td class=\"et4\" style=\"height: 62px;\" width=\"123\">\u03a663<\/td>\n<td class=\"et4\" style=\"height: 62px;\" width=\"114\">320<\/td>\n<td class=\"et4\" style=\"height: 62px;\" width=\"170\">878<\/td>\n<td class=\"et4\" style=\"height: 62px;\" width=\"172\">16 MPa<\/td>\n<td class=\"et4\" style=\"height: 62px;\" width=\"366\">2-M22*1,5<\/td>\n<td class=\"et4\" style=\"height: 62px;\" width=\"96\">47 kg<\/td>\n<\/tr>\n<\/tbody>\n<\/table>\n<table>\n<tbody>\n<tr>\n<td><img loading=\"lazy\" decoding=\"async\" class=\"alignnone size-full wp-image-437\" src=\"https:\/\/fmp-components.com\/wp-content\/uploads\/2024\/12\/Sanitation-Machinery-Forward-Thrust-Hydraulic-Cylinder-Dimensions-3.webp\" alt=\"V\u00fdhody sanit\u00e1rnych strojov s posunom dopredu a hydraulick\u00fdm valcom 1\" width=\"980\" height=\"375\" title=\"\" srcset=\"https:\/\/fmp-components.com\/wp-content\/uploads\/2024\/12\/Sanitation-Machinery-Forward-Thrust-Hydraulic-Cylinder-Dimensions-3.webp 980w, https:\/\/fmp-components.com\/wp-content\/uploads\/2024\/12\/Sanitation-Machinery-Forward-Thrust-Hydraulic-Cylinder-Dimensions-3-480x184.webp 480w\" sizes=\"(min-width: 0px) and (max-width: 480px) 480px, (min-width: 481px) 980px, 100vw\" \/><\/td>\n<td><img loading=\"lazy\" decoding=\"async\" class=\"alignnone size-full wp-image-438\" src=\"https:\/\/fmp-components.com\/wp-content\/uploads\/2024\/12\/Sanitation-Machinery-Forward-Thrust-Hydraulic-Cylinder-Dimensions-4.webp\" alt=\"V\u00fdhody sanit\u00e1rnych strojov s posunom dopredu a hydraulick\u00fdm valcom 1\" width=\"980\" height=\"375\" title=\"\" srcset=\"https:\/\/fmp-components.com\/wp-content\/uploads\/2024\/12\/Sanitation-Machinery-Forward-Thrust-Hydraulic-Cylinder-Dimensions-4.webp 980w, https:\/\/fmp-components.com\/wp-content\/uploads\/2024\/12\/Sanitation-Machinery-Forward-Thrust-Hydraulic-Cylinder-Dimensions-4-480x184.webp 480w\" sizes=\"(min-width: 0px) and (max-width: 480px) 480px, (min-width: 481px) 980px, 100vw\" \/><\/td>\n<\/tr>\n<\/tbody>\n<\/table>\n<table style=\"width: 100%; height: 119px;\" border=\"1\" cellspacing=\"0\" cellpadding=\"0\">\n<tbody>\n<tr style=\"height: 71px;\">\n<td style=\"height: 71px;\" width=\"246\">N\u00e1zov valca<\/td>\n<td style=\"height: 71px;\" width=\"336\">\u010c\u00edslo v\u00fdkresu<\/td>\n<td style=\"height: 71px;\" width=\"126\">Priemer otvoru (D)<\/td>\n<td style=\"height: 71px;\" width=\"123\">Priemer ty\u010de (d)<\/td>\n<td style=\"height: 71px;\" width=\"114\">Zdvih (S)<\/td>\n<td style=\"height: 71px;\" width=\"170\">In\u0161tala\u010dn\u00e1 vzdialenos\u0165 (L)<\/td>\n<td style=\"height: 71px;\" width=\"172\">Pracovn\u00fd tlak<\/td>\n<td style=\"height: 71px;\" width=\"366\">Rozmery rozhrania (M)<\/td>\n<td style=\"height: 71px;\" width=\"96\">Hmotnos\u0165<\/td>\n<\/tr>\n<tr style=\"height: 48px;\">\n<td class=\"et3\" style=\"height: 48px;\" width=\"246\" height=\"290\">Predn\u00fd pr\u00edtla\u010dn\u00fd valec<\/td>\n<td class=\"et4\" style=\"height: 48px;\" width=\"336\">LPG418.4.4-2-00<\/td>\n<td class=\"et4\" style=\"height: 48px;\" width=\"126\">\u03a6100<\/td>\n<td class=\"et4\" style=\"height: 48px;\" width=\"123\">\u03a655<\/td>\n<td class=\"et4\" style=\"height: 48px;\" width=\"114\">320<\/td>\n<td class=\"et4\" style=\"height: 48px;\" width=\"170\">700<\/td>\n<td class=\"et4\" style=\"height: 48px;\" width=\"172\">16 MPa<\/td>\n<td class=\"et4\" style=\"height: 48px;\" width=\"366\">2-M22*1,5<\/td>\n<td class=\"et4\" style=\"height: 48px;\" width=\"96\">41 kg<\/td>\n<\/tr>\n<\/tbody>\n<\/table>\n<h2>Dostupn\u00e9 zna\u010dky a modely hydraulick\u00fdch valcov:<\/h2>\n<table border=\"1\" cellspacing=\"0\" cellpadding=\"0\">\n<tbody>\n<tr>\n<td><span data-spm-anchor-id=\"a2700.details.0.i43.45d84a73e99C9z\">KOMATSU (PC)<\/span><\/td>\n<td>PC30, PC40, PC50, PC56, PC60, PC78, PC100, PC110, PC120, PC130, PC160, PC200-3\/5\/6\/7\/8\/8MO, PC210, PC220-5\/6\/7\/8\/8MO, PC240, PC300\/350\/360-5\/6\/7\/8\/8MO, PC400\/450-5\/6\/7\/8\/8MO, PC800, PC850<\/td>\n<\/tr>\n<tr>\n<td>CATERPILLAR (E)<\/td>\n<td>E301.5, E302, E305.5, E306, E307V1\/V2\/B\/C\/D\/E\/F, E308B\/C, E120B, E312V1\/V2\/B\/C\/D, E313D2, E312D2, E315D<br \/>\nE200B,E320V1\/V2\/A\/B\/C\/D,E324D,E325C\/D,E329D,E330\/336C\/D,E345C,E349D,E365C,E374,E390<\/td>\n<\/tr>\n<tr>\n<td>KOBELCO (SK)<\/td>\n<td>SK60-3\/5\/8,SK75-8\/SR, SK100 ,SK120-3\/5, SK135-8\/SR, SK140-8, SK200-3\/5\/6\/6E, SK210-3\/5\/6\/6E,<br \/>\nSK230\/250-6E,SK250-8,SK260-8,SK350-8\/S8,SK460\/480-8<\/td>\n<\/tr>\n<tr>\n<td>HYUNDAI (R)<\/td>\n<td>R55-5\/7, R60-5\/7, R80, R110, R130, R200-5, R210-5, R215-5\/7, R220-5\/7\/9, R225-5\/7\/9, R250, R260, R265, R290, R305, R445, R485, R505<\/td>\n<\/tr>\n<tr>\n<td><span data-spm-anchor-id=\"a2700.details.0.i53.45d84a73e99C9z\">HITACHI (napr. ZX)<\/span><\/td>\n<td>EX60, EX100-1\/2\/3, EX120-1\/3\/5\/6, EX200-1\/3\/5, EX230-5, EX300-1, EX400<br \/>\nZAX60,ZAX70,ZA120-6,ZAX200\/210-1\/3\/5\/5K,ZAX240,ZAX250,ZAX260,ZAX330-3\/5\/6,ZAX450\/470,ZAX650\/670,ZAX850\/870<\/td>\n<\/tr>\n<tr>\n<td>\n<div class=\"magic-32\"><span data-spm-anchor-id=\"a2700.details.0.i55.45d84a73e99C9z\">DOOSAN (DH\/DX)<\/span><\/div>\n<\/td>\n<td>\n<div class=\"magic-33\"><span class=\"magic-34\">DH55, DH60, DH80,DH150, DH215-5\/7,DH220-5,DH225-5\/7,DH258,DH300-5\/7, DH370,DH420,DH500<br \/>\nDX55, DX60, DX75, DX130, DX225-9, DX300, DX380, DX420, DX500<\/span><\/div>\n<\/td>\n<\/tr>\n<tr>\n<td>\n<div class=\"magic-32\">VOLVO (ES)<\/div>\n<\/td>\n<td>\n<div class=\"magic-33\"><span class=\"magic-34\">EC55, EC60, EC75, EC80, EC140, EC210B\/D, EC220D, EC240, EC250, EC290, EC300, EC360, EC380, EC460, EC480, EC700, EC750, EC950<\/span><\/div>\n<\/td>\n<\/tr>\n<tr>\n<td>\n<div class=\"magic-32\">KATO (HD)<\/div>\n<\/td>\n<td>\n<div class=\"magic-33\"><span class=\"magic-34\">HD307\/308, HD450, HD512, HD700-5\/7, HD820-1\/2\/3\/5\/R, HD1023-1\/3, HD1430-1\/3<\/span><\/div>\n<\/td>\n<\/tr>\n<tr>\n<td>\n<div class=\"magic-32\">IN\u00c1 ZNA\u010cKA<\/div>\n<\/td>\n<td>\n<div class=\"magic-33\"><span class=\"magic-34\">XCMG,LIUGONG,KUBOTA,CASE,YANMAR,SUNWARD,ZOOMLION,LISHIDE,LIEHERR<\/span><\/div>\n<\/td>\n<\/tr>\n<\/tbody>\n<\/table>\n<h3>Vlastnosti sanit\u00e1rneho stroja s predn\u00fdm \u0165ahom hydraulick\u00e9ho valca<\/h3>\n<h4>1. Odoln\u00e1 kon\u0161trukcia<\/h4>\n<p>Hydraulick\u00fd valec s predn\u00fdm pr\u00edtla\u010dn\u00fdm mechanizmom pre sanit\u00e1rne stroje je vyroben\u00fd z vysokopevnostn\u00fdch materi\u00e1lov, ktor\u00e9 zaru\u010duj\u00fa, \u017ee odol\u00e1 n\u00e1ro\u010dn\u00fdm podmienkam be\u017ene sa vyskytuj\u00facim v sanit\u00e1rnych prev\u00e1dzkach. T\u00e1to robustn\u00e1 kon\u0161trukcia zaru\u010duje dlhotrvaj\u00facu odolnos\u0165 a spo\u013eahlivos\u0165.<\/p>\n<h4>2. Plynul\u00e1 hydraulick\u00e1 prev\u00e1dzka<\/h4>\n<p>Tento valec je vybaven\u00fd pokro\u010dil\u00fdm hydraulick\u00fdm syst\u00e9mom a zais\u0165uje plynul\u00e9 a plynul\u00e9 pohyby. T\u00e1to funkcia minimalizuje opotrebovanie strojov a zvy\u0161uje celkov\u00fa prev\u00e1dzkov\u00fa efektivitu, \u010do umo\u017e\u0148uje bezprobl\u00e9mov\u00fd v\u00fdkon po\u010das zberu odpadu.<\/p>\n<h4>3. Presn\u00e9 ovl\u00e1danie<\/h4>\n<p>Hydraulick\u00fd valec je navrhnut\u00fd pre presn\u00e9 ovl\u00e1danie, ktor\u00e9 umo\u017e\u0148uje oper\u00e1torom presne man\u00e9vrova\u0165 so sanit\u00e1rnym zariaden\u00edm. T\u00e1to schopnos\u0165 zvy\u0161uje bezpe\u010dnos\u0165 a efektivitu pri r\u00f4znych \u00faloh\u00e1ch, ako je \u010distenie ul\u00edc a odvoz odpadu.<\/p>\n<h4>4. V\u0161estrann\u00e9 pou\u017eitie<\/h4>\n<p>Tento hydraulick\u00fd valec s dopredn\u00fdm \u0165ahom je vhodn\u00fd pre \u0161irok\u00fa \u0161k\u00e1lu sanita\u010dn\u00fdch strojov vr\u00e1tane smetiarskych \u00e1ut a zametac\u00edch strojov a mo\u017eno ho \u013eahko integrova\u0165 do existuj\u00facich syst\u00e9mov, v\u010faka \u010domu je v\u0161estrannou vo\u013ebou pre nakladanie s odpadom.<\/p>\n<h4>5. Energetick\u00e1 \u00fa\u010dinnos\u0165<\/h4>\n<p>Kon\u0161trukcia valca optimalizuje spotrebu energie a zni\u017euje straty energie po\u010das prev\u00e1dzky. T\u00e1to energetick\u00e1 \u00fa\u010dinnos\u0165 sa premieta do ni\u017e\u0161\u00edch prev\u00e1dzkov\u00fdch n\u00e1kladov, \u010do prispieva k udr\u017eate\u013enej\u0161\u00edm postupom v sanit\u00e1rnom priemysle.<\/p>\n<h4>6. N\u00edzke n\u00e1roky na \u00fadr\u017ebu<\/h4>\n<p>V\u010faka svojej robustnej kon\u0161trukcii a vysoko kvalitn\u00fdm materi\u00e1lom vy\u017eaduje hydraulick\u00fd valec s dopredn\u00fdm posuvom minim\u00e1lnu \u00fadr\u017ebu, \u010do vedie k skr\u00e1teniu prestojov a zv\u00fd\u0161eniu produktivity sanita\u010dn\u00fdch slu\u017eieb.<\/p>\n<h4>7. Bezpe\u010dnostn\u00e9 prvky<\/h4>\n<p>V\u010faka bezpe\u010dnostn\u00fdm mechanizmom, ako s\u00fa napr\u00edklad pretlakov\u00e9 ventily, hydraulick\u00fd valec pom\u00e1ha predch\u00e1dza\u0165 pre\u0165a\u017eeniu a zais\u0165uje stabiln\u00fa prev\u00e1dzku, \u010d\u00edm zvy\u0161uje bezpe\u010dnos\u0165 obsluhy aj okolit\u00e9ho prostredia.<\/p>\n<p>Stru\u010dne povedan\u00e9, hydraulick\u00fd valec s predn\u00fdm \u0165ahom pre sanit\u00e1rne stroje pon\u00faka kombin\u00e1ciu odolnosti, \u00fa\u010dinnosti a bezpe\u010dnosti, v\u010faka \u010domu je nevyhnutnou s\u00fa\u010das\u0165ou efekt\u00edvnych a spo\u013eahliv\u00fdch sanit\u00e1rnych oper\u00e1ci\u00ed.<\/p>\n<p><img loading=\"lazy\" decoding=\"async\" class=\"alignnone size-full wp-image-440\" src=\"https:\/\/fmp-components.com\/wp-content\/uploads\/2024\/12\/Sanitation-Machinery-Forward-Thrust-Hydraulic-Cylinder-1.webp\" alt=\"Hydraulick\u00fd valec s posunom dopredu pre sanit\u00e1rne stroje\" width=\"1000\" height=\"667\" title=\"\" srcset=\"https:\/\/fmp-components.com\/wp-content\/uploads\/2024\/12\/Sanitation-Machinery-Forward-Thrust-Hydraulic-Cylinder-1.webp 1000w, https:\/\/fmp-components.com\/wp-content\/uploads\/2024\/12\/Sanitation-Machinery-Forward-Thrust-Hydraulic-Cylinder-1-980x654.webp 980w, https:\/\/fmp-components.com\/wp-content\/uploads\/2024\/12\/Sanitation-Machinery-Forward-Thrust-Hydraulic-Cylinder-1-480x320.webp 480w\" sizes=\"(min-width: 0px) and (max-width: 480px) 480px, (min-width: 481px) and (max-width: 980px) 980px, (min-width: 981px) 1000px, 100vw\" \/><\/p>\n<h2>O FMP<\/h2>\n<p>FMP je \u0161pecializovan\u00e1 spolo\u010dnos\u0165 zaoberaj\u00faca sa stroj\u00e1rskou v\u00fdrobou hydraulick\u00fdch valcov. Od svojho zalo\u017eenia sa spolo\u010dnos\u0165 zameriava na v\u00fdskum a v\u00fdrobu hydraulick\u00fdch technol\u00f3gi\u00ed a \u00faspe\u0161ne pre\u0161la z rozmanit\u00e9ho sortimentu produktov, ktor\u00fd zah\u0155\u0148al zberov\u00e9 a stavebn\u00e9 stroje, na \u0161pecializ\u00e1ciu na komponenty po\u013enohospod\u00e1rskych traktorov. S viac ako desa\u0165ro\u010dn\u00fdmi sk\u00fasenos\u0165ami vo v\u00fdrobe a riaden\u00ed zabezpe\u010duje FMP vysoko kvalitn\u00e9 produkty prostredn\u00edctvom pokro\u010dil\u00fdch v\u00fdrobn\u00fdch techn\u00edk.<\/p>\n<p>Ako sa spolo\u010dnos\u0165 vyv\u00edjala, vyvinula komplexn\u00fa obr\u00e1baciu v\u00fdrobn\u00fa linku, mont\u00e1\u017enu linku a linku na lakovanie. N\u00e1\u0161 t\u00edm pozost\u00e1va zo sk\u00fasen\u00fdch mana\u017e\u00e9rov, sk\u00fasen\u00fdch strojn\u00fdch kon\u0161trukt\u00e9rov a vysoko kvalifikovan\u00fdch technikov, ktor\u00ed spolo\u010dne pracuj\u00fa na udr\u017ean\u00ed stabilnej kvality v\u00fdroby a z\u00e1rove\u0148 efekt\u00edvnej kontrole kontinuity a efektivity procesov.<\/p>\n<p>Spolo\u010dnos\u0165 FMP sa riadi filozofiou \u201eTechnologick\u00e9 inov\u00e1cie poh\u00e1\u0148aj\u00face pokrok, kvalita vytv\u00e1raj\u00faca zna\u010dky, remeseln\u00e9 spracovanie zabezpe\u010duj\u00face kvalitu a budovanie dlhodob\u00fdch obojstranne v\u00fdhodn\u00fdch vz\u0165ahov\u201c. N\u00e1\u0161 z\u00e1v\u00e4zok poskytova\u0165 vysokokvalitn\u00e9 produkty a vynikaj\u00face slu\u017eby z\u00e1kazn\u00edkom zost\u00e1va hlavn\u00fdm cie\u013eom, ke\u010f\u017ee neust\u00e1le uspokojujeme vyv\u00edjaj\u00face sa potreby trhu.<\/p>\n<p><img loading=\"lazy\" decoding=\"async\" class=\"alignnone size-full wp-image-426\" src=\"https:\/\/fmp-components.com\/wp-content\/uploads\/2024\/12\/Sanitation-Machinery-Locking-Hydraulic-Cylinder-factory.webp\" alt=\"Sanit\u00e1rne stroje, uzamykacie hydraulick\u00e9 valce, tov\u00e1re\u0148\" width=\"1414\" height=\"584\" title=\"\" srcset=\"https:\/\/fmp-components.com\/wp-content\/uploads\/2024\/12\/Sanitation-Machinery-Locking-Hydraulic-Cylinder-factory.webp 1414w, https:\/\/fmp-components.com\/wp-content\/uploads\/2024\/12\/Sanitation-Machinery-Locking-Hydraulic-Cylinder-factory-1280x529.webp 1280w, https:\/\/fmp-components.com\/wp-content\/uploads\/2024\/12\/Sanitation-Machinery-Locking-Hydraulic-Cylinder-factory-980x405.webp 980w, https:\/\/fmp-components.com\/wp-content\/uploads\/2024\/12\/Sanitation-Machinery-Locking-Hydraulic-Cylinder-factory-480x198.webp 480w\" sizes=\"(min-width: 0px) and (max-width: 480px) 480px, (min-width: 481px) and (max-width: 980px) 980px, (min-width: 981px) and (max-width: 1280px) 1280px, (min-width: 1281px) 1414px, 100vw\" \/><\/p>\n<p>Autor: CX<\/p>","protected":false},"excerpt":{"rendered":"<p>Hydraulick\u00fd valec s predn\u00fdm \u0165ahom pre sanita\u010dn\u00e9 stroje je d\u00f4le\u017eit\u00fdm komponentom ur\u010den\u00fdm na zabezpe\u010denie siln\u00e9ho predn\u00e9ho \u0165ahu pre sanita\u010dn\u00e9 zariadenia, ako s\u00fa smetiarske aut\u00e1 a zameta\u010de ul\u00edc. Tento hydraulick\u00fd valec, navrhnut\u00fd pre spo\u013eahlivos\u0165 a \u00fa\u010dinnos\u0165, umo\u017e\u0148uje plynul\u00e9 a kontrolovan\u00e9 pohyby, \u010d\u00edm u\u013eah\u010duje efekt\u00edvnu prev\u00e1dzku po\u010das zberu odpadu a \u010distenia ul\u00edc. Je vyroben\u00fd z vysokopevnostn\u00fdch materi\u00e1lov, tak\u017ee odol\u00e1va n\u00e1ro\u010dn\u00fdm podmienkam typick\u00fdm pre sanita\u010dn\u00e9 pr\u00e1ce a zais\u0165uje dlhotrvaj\u00facu \u017eivotnos\u0165. Jeho pokro\u010dil\u00e1 hydraulick\u00e1 kon\u0161trukcia umo\u017e\u0148uje presn\u00e9 ovl\u00e1danie a odozvu, v\u010faka \u010domu je nevyhnutn\u00fd pre optimaliz\u00e1ciu v\u00fdkonu a bezpe\u010dnosti sanita\u010dn\u00fdch strojov v r\u00f4znych aplik\u00e1ci\u00e1ch.<\/p>","protected":false},"featured_media":439,"comment_status":"open","ping_status":"closed","template":"","meta":{"_et_pb_use_builder":"","_et_pb_old_content":"","_et_gb_content_width":""},"product_brand":[],"product_cat":[23],"product_tag":[],"class_list":{"0":"post-432","1":"product","2":"type-product","3":"status-publish","4":"has-post-thumbnail","6":"product_cat-sanitation-machinery-hydraulic-cylinders","8":"first","9":"instock","10":"shipping-taxable","11":"product-type-simple"},"_links":{"self":[{"href":"https:\/\/fmp-components.com\/sk\/wp-json\/wp\/v2\/product\/432","targetHints":{"allow":["GET"]}}],"collection":[{"href":"https:\/\/fmp-components.com\/sk\/wp-json\/wp\/v2\/product"}],"about":[{"href":"https:\/\/fmp-components.com\/sk\/wp-json\/wp\/v2\/types\/product"}],"replies":[{"embeddable":true,"href":"https:\/\/fmp-components.com\/sk\/wp-json\/wp\/v2\/comments?post=432"}],"wp:featuredmedia":[{"embeddable":true,"href":"https:\/\/fmp-components.com\/sk\/wp-json\/wp\/v2\/media\/439"}],"wp:attachment":[{"href":"https:\/\/fmp-components.com\/sk\/wp-json\/wp\/v2\/media?parent=432"}],"wp:term":[{"taxonomy":"product_brand","embeddable":true,"href":"https:\/\/fmp-components.com\/sk\/wp-json\/wp\/v2\/product_brand?post=432"},{"taxonomy":"product_cat","embeddable":true,"href":"https:\/\/fmp-components.com\/sk\/wp-json\/wp\/v2\/product_cat?post=432"},{"taxonomy":"product_tag","embeddable":true,"href":"https:\/\/fmp-components.com\/sk\/wp-json\/wp\/v2\/product_tag?post=432"}],"curies":[{"name":"pracovn\u00fd list","href":"https:\/\/api.w.org\/{rel}","templated":true}]}}