{"id":427,"date":"2024-12-10T05:55:29","date_gmt":"2024-12-10T05:55:29","guid":{"rendered":"https:\/\/fmp-components.com\/?page_id=8"},"modified":"2024-12-10T05:55:29","modified_gmt":"2024-12-10T05:55:29","slug":"sanitation-machinery-reverse-thrust-hydraulic-cylinder","status":"publish","type":"product","link":"https:\/\/fmp-components.com\/sk\/product\/sanitation-machinery-reverse-thrust-hydraulic-cylinder\/","title":{"rendered":"Hydraulick\u00fd valec s reverzn\u00fdm \u0165ahom pre sanit\u00e1rne stroje"},"content":{"rendered":"<p style=\"text-align: center;\"><span style=\"font-size: 18pt;\">Hydraulick\u00fd valec s reverzn\u00fdm \u0165ahom pre sanit\u00e1rne stroje<\/span><\/p>\n<p>Hydraulick\u00fd valec s reverzn\u00fdm \u0165ahom pre sanit\u00e1rne stroje je z\u00e1kladn\u00fdm komponentom ur\u010den\u00fdm na zabezpe\u010denie spo\u013eahliv\u00e9ho reverzn\u00e9ho \u0165ahu pre r\u00f4zne sanit\u00e1rne zariadenia vr\u00e1tane smetiarskych \u00e1ut a zametac\u00edch strojov. Tento hydraulick\u00fd valec je navrhnut\u00fd tak, aby u\u013eah\u010doval plynul\u00e9 a kontrolovan\u00e9 pohyby a poskytoval efekt\u00edvne zap\u00ednanie a vyp\u00ednanie funkci\u00ed stroja po\u010das zberu odpadu a \u010distenia.<\/p>\n<p><img loading=\"lazy\" decoding=\"async\" class=\"size-full wp-image-428 aligncenter\" src=\"https:\/\/fmp-components.com\/wp-content\/uploads\/2024\/12\/Sanitation-Machinery-Reverse-Thrust-Hydraulic-Cylinder.webp\" alt=\"Hydraulick\u00fd valec s reverzn\u00fdm \u0165ahom pre sanit\u00e1rne stroje\" width=\"500\" height=\"500\" title=\"\" srcset=\"https:\/\/fmp-components.com\/wp-content\/uploads\/2024\/12\/Sanitation-Machinery-Reverse-Thrust-Hydraulic-Cylinder.webp 500w, https:\/\/fmp-components.com\/wp-content\/uploads\/2024\/12\/Sanitation-Machinery-Reverse-Thrust-Hydraulic-Cylinder-480x480.webp 480w\" sizes=\"(min-width: 0px) and (max-width: 480px) 480px, (min-width: 481px) 500px, 100vw\" \/><\/p>\n<h4>K\u013e\u00fa\u010dov\u00e9 vlastnosti:<\/h4>\n<ul>\n<li>Odoln\u00e1 kon\u0161trukcia: Tento hydraulick\u00fd valec je vyroben\u00fd z vysokopevnostn\u00fdch materi\u00e1lov a je skon\u0161truovan\u00fd tak, aby odolal pr\u00edsnym po\u017eiadavk\u00e1m sanit\u00e1rnych pr\u00e1c a zabezpe\u010dil dlhotrvaj\u00faci v\u00fdkon v n\u00e1ro\u010dn\u00fdch podmienkach.<\/li>\n<li>Plynul\u00e1 hydraulick\u00e1 prev\u00e1dzka: Pokro\u010dil\u00fd hydraulick\u00fd syst\u00e9m umo\u017e\u0148uje citliv\u00e9 a plynul\u00e9 pohyby, minimalizuje opotrebovanie zariaden\u00ed a zvy\u0161uje celkov\u00fa prev\u00e1dzkov\u00fa efektivitu.<\/li>\n<li>Vylep\u0161en\u00e9 ovl\u00e1danie: Hydraulick\u00fd valec s reverzn\u00fdm \u0165ahom, navrhnut\u00fd pre presn\u00e9 ovl\u00e1danie, umo\u017e\u0148uje obsluhe efekt\u00edvne navigova\u0165 a man\u00e9vrova\u0165 so sanita\u010dn\u00fdmi strojmi, \u010d\u00edm sa zvy\u0161uje bezpe\u010dnos\u0165 a v\u00fdkon.<\/li>\n<li>V\u0161estrann\u00e9 pou\u017eitie: Tento hydraulick\u00fd valec je vhodn\u00fd pre \u0161irok\u00fa \u0161k\u00e1lu sanita\u010dn\u00fdch strojov a mo\u017eno ho bezprobl\u00e9movo integrova\u0165 do r\u00f4znych syst\u00e9mov, \u010d\u00edm sa st\u00e1va v\u0161estrann\u00fdm rie\u0161en\u00edm pre nakladanie s odpadom.<\/li>\n<li>Energeticky \u00fasporn\u00fd: Jeho dizajn optimalizuje spotrebu energie, zni\u017euje straty energie a prispieva k ni\u017e\u0161\u00edm prev\u00e1dzkov\u00fdm n\u00e1kladom, v\u010faka \u010domu je ekologickou vo\u013ebou.<\/li>\n<\/ul>\n<p>Hydraulick\u00fd valec s reverzn\u00fdm \u0165ahom pre sanit\u00e1rne stroje je k\u013e\u00fa\u010dov\u00fdm komponentom, ktor\u00fd zvy\u0161uje funk\u010dnos\u0165 a \u00fa\u010dinnos\u0165 sanit\u00e1rnych zariaden\u00ed a zabezpe\u010duje efekt\u00edvny v\u00fdkon pri prev\u00e1dzke odpadov\u00e9ho hospod\u00e1rstva a z\u00e1rove\u0148 zachov\u00e1va vysok\u00fa \u00farove\u0148 odolnosti a kontroly.<\/p>\n<h2 style=\"box-sizing: border-box; user-select: initial !important; margin: 0px; padding: 0px 0px 10px; border: 0px; outline: 0px; font-size: 26px; text-size-adjust: 100%; vertical-align: baseline; background: #ffffff; color: #333333; line-height: 1em; font-weight: 500; font-family: Nunito, Helvetica, Arial, Lucida, sans-serif; font-style: normal; font-variant-ligatures: normal; font-variant-caps: normal; letter-spacing: normal; orphans: 2; text-align: start; text-indent: 0px; text-transform: none; widows: 2; word-spacing: 0px; -webkit-text-stroke-width: 0px; white-space: normal; text-decoration-thickness: initial; text-decoration-style: initial; text-decoration-color: initial;\">Rozmery hydraulick\u00e9ho valca s reverzn\u00fdm \u0165ahom pre sanit\u00e1rne stroje:<\/h2>\n<table style=\"box-sizing: border-box; user-select: initial !important; border-collapse: collapse; border-spacing: 0px; word-break: break-all !important; color: #666666; font-family: Nunito, Helvetica, Arial, Lucida, sans-serif; font-size: 16px; font-style: normal; font-variant-ligatures: normal; font-variant-caps: normal; font-weight: 500; letter-spacing: normal; orphans: 2; text-align: start; text-transform: none; widows: 2; word-spacing: 0px; -webkit-text-stroke-width: 0px; white-space: normal; background-color: #ffffff; text-decoration-thickness: initial; text-decoration-style: initial; text-decoration-color: initial; width: 735.139px;\">\n<tbody style=\"box-sizing: border-box; user-select: initial !important;\">\n<tr style=\"box-sizing: border-box; user-select: initial !important;\">\n<td style=\"box-sizing: border-box; user-select: initial !important; width: 367.569px;\"><img loading=\"lazy\" decoding=\"async\" class=\"alignnone size-full wp-image-430\" src=\"https:\/\/fmp-components.com\/wp-content\/uploads\/2024\/12\/Sanitation-Machinery-Reverse-thrust-Hydraulic-Cylinder-Dimensions-1.webp\" alt=\"Hydraulick\u00fd valec s reverzn\u00fdm \u0165ahom pre sanit\u00e1rne stroje\" width=\"806\" height=\"377\" title=\"\" srcset=\"https:\/\/fmp-components.com\/wp-content\/uploads\/2024\/12\/Sanitation-Machinery-Reverse-thrust-Hydraulic-Cylinder-Dimensions-1.webp 806w, https:\/\/fmp-components.com\/wp-content\/uploads\/2024\/12\/Sanitation-Machinery-Reverse-thrust-Hydraulic-Cylinder-Dimensions-1-480x225.webp 480w\" sizes=\"(min-width: 0px) and (max-width: 480px) 480px, (min-width: 481px) 806px, 100vw\" \/><\/td>\n<td style=\"box-sizing: border-box; user-select: initial !important; width: 367.569px;\"><img loading=\"lazy\" decoding=\"async\" class=\"alignnone size-full wp-image-431\" src=\"https:\/\/fmp-components.com\/wp-content\/uploads\/2024\/12\/Sanitation-Machinery-Reverse-thrust-Hydraulic-Cylinder-Dimensions-2.webp\" alt=\"Hydraulick\u00fd valec s reverzn\u00fdm \u0165ahom pre sanit\u00e1rne stroje\" width=\"806\" height=\"377\" title=\"\" srcset=\"https:\/\/fmp-components.com\/wp-content\/uploads\/2024\/12\/Sanitation-Machinery-Reverse-thrust-Hydraulic-Cylinder-Dimensions-2.webp 806w, https:\/\/fmp-components.com\/wp-content\/uploads\/2024\/12\/Sanitation-Machinery-Reverse-thrust-Hydraulic-Cylinder-Dimensions-2-480x225.webp 480w\" sizes=\"(min-width: 0px) and (max-width: 480px) 480px, (min-width: 481px) 806px, 100vw\" \/><\/td>\n<\/tr>\n<\/tbody>\n<\/table>\n<table style=\"box-sizing: border-box; border-collapse: collapse; border-spacing: 0px; color: #666666; font-family: Nunito, Helvetica, Arial, Lucida, sans-serif; font-size: 16px; font-style: normal; font-variant-ligatures: normal; font-variant-caps: normal; font-weight: 500; letter-spacing: normal; orphans: 2; text-align: start; text-transform: none; widows: 2; word-spacing: 0px; -webkit-text-stroke-width: 0px; white-space: normal; background-color: #ffffff; text-decoration-thickness: initial; text-decoration-style: initial; text-decoration-color: initial; height: 62px; width: 97.3832%; user-select: initial !important; word-break: break-all !important;\" border=\"1\" cellspacing=\"0\" cellpadding=\"0\">\n<tbody style=\"box-sizing: border-box; user-select: initial !important;\">\n<tr style=\"box-sizing: border-box; user-select: initial !important; height: 47px;\">\n<td style=\"box-sizing: border-box; height: 47px; width: 12.6359%; text-align: center; user-select: initial !important;\" width=\"246\">N\u00e1zov valca<\/td>\n<td style=\"box-sizing: border-box; height: 47px; width: 17.5272%; text-align: center; user-select: initial !important;\" width=\"336\">\u010c\u00edslo v\u00fdkresu<\/td>\n<td style=\"box-sizing: border-box; height: 47px; width: 8.55978%; text-align: center; user-select: initial !important;\" width=\"126\">Priemer otvoru (D)<\/td>\n<td style=\"box-sizing: border-box; height: 47px; width: 8.42391%; text-align: center; user-select: initial !important;\" width=\"123\">Priemer ty\u010de (d)<\/td>\n<td style=\"box-sizing: border-box; height: 47px; width: 7.06522%; text-align: center; user-select: initial !important;\" width=\"114\">Zdvih (S)<\/td>\n<td style=\"box-sizing: border-box; height: 47px; width: 11.0054%; text-align: center; user-select: initial !important;\" width=\"170\">In\u0161tala\u010dn\u00e1 vzdialenos\u0165 (L)<\/td>\n<td style=\"box-sizing: border-box; height: 47px; width: 10.0543%; text-align: center; user-select: initial !important;\" width=\"172\">Pracovn\u00fd tlak<\/td>\n<td style=\"box-sizing: border-box; height: 47px; width: 18.0707%; text-align: center; user-select: initial !important;\" width=\"366\">Rozmery rozhrania (M)<\/td>\n<td style=\"box-sizing: border-box; height: 47px; width: 28.7304%; text-align: center; user-select: initial !important;\" width=\"96\">Hmotnos\u0165<\/td>\n<\/tr>\n<tr style=\"box-sizing: border-box; user-select: initial !important; height: 15px;\">\n<td class=\"et3\" style=\"box-sizing: border-box; height: 15px; width: 12.6359%; text-align: center; user-select: initial !important;\" width=\"246\" height=\"303\">Valec s reverzn\u00fdm \u0165ahom<\/td>\n<td class=\"et4\" style=\"box-sizing: border-box; width: 17.5272%; height: 15px; text-align: center; user-select: initial !important;\" width=\"336\">LPE222.2.2-5-00<\/td>\n<td class=\"et4\" style=\"box-sizing: border-box; width: 8.55978%; height: 15px; text-align: center; user-select: initial !important;\" width=\"126\">\u03a6220<\/td>\n<td class=\"et4\" style=\"box-sizing: border-box; width: 8.42391%; height: 15px; text-align: center; user-select: initial !important;\" width=\"123\">\u03a6110<\/td>\n<td class=\"et4\" style=\"box-sizing: border-box; width: 7.06522%; height: 15px; text-align: center; user-select: initial !important;\" width=\"114\">420<\/td>\n<td class=\"et4\" style=\"box-sizing: border-box; width: 11.0054%; height: 15px; text-align: center; user-select: initial !important;\" width=\"170\">1110<\/td>\n<td class=\"et4\" style=\"box-sizing: border-box; width: 10.0543%; height: 15px; text-align: center; user-select: initial !important;\" width=\"172\">16 MPa<\/td>\n<td class=\"et4\" style=\"box-sizing: border-box; width: 18.0707%; height: 15px; text-align: center; user-select: initial !important;\" width=\"366\">2-M22*1,5<\/td>\n<td class=\"et4\" style=\"box-sizing: border-box; width: 28.7304%; height: 15px; text-align: center; user-select: initial !important;\" width=\"96\">323 kg<\/td>\n<\/tr>\n<\/tbody>\n<\/table>\n<h2>Dostupn\u00e9 zna\u010dky a modely hydraulick\u00fdch valcov:<\/h2>\n<table border=\"1\" cellspacing=\"0\" cellpadding=\"0\">\n<tbody>\n<tr>\n<td><span data-spm-anchor-id=\"a2700.details.0.i43.45d84a73e99C9z\">KOMATSU (PC)<\/span><\/td>\n<td>PC30, PC40, PC50, PC56, PC60, PC78, PC100, PC110, PC120, PC130, PC160, PC200-3\/5\/6\/7\/8\/8MO, PC210, PC220-5\/6\/7\/8\/8MO, PC240, PC300\/350\/360-5\/6\/7\/8\/8MO, PC400\/450-5\/6\/7\/8\/8MO, PC800, PC850<\/td>\n<\/tr>\n<tr>\n<td>CATERPILLAR (E)<\/td>\n<td>E301.5, E302, E305.5, E306, E307V1\/V2\/B\/C\/D\/E\/F, E308B\/C, E120B, E312V1\/V2\/B\/C\/D, E313D2, E312D2, E315D<br \/>\nE200B,E320V1\/V2\/A\/B\/C\/D,E324D,E325C\/D,E329D,E330\/336C\/D,E345C,E349D,E365C,E374,E390<\/td>\n<\/tr>\n<tr>\n<td>KOBELCO (SK)<\/td>\n<td>SK60-3\/5\/8,SK75-8\/SR, SK100 ,SK120-3\/5, SK135-8\/SR, SK140-8, SK200-3\/5\/6\/6E, SK210-3\/5\/6\/6E,<br \/>\nSK230\/250-6E,SK250-8,SK260-8,SK350-8\/S8,SK460\/480-8<\/td>\n<\/tr>\n<tr>\n<td>HYUNDAI (R)<\/td>\n<td>R55-5\/7, R60-5\/7, R80, R110, R130, R200-5, R210-5, R215-5\/7, R220-5\/7\/9, R225-5\/7\/9, R250, R260, R265, R290, R305, R445, R485, R505<\/td>\n<\/tr>\n<tr>\n<td><span data-spm-anchor-id=\"a2700.details.0.i53.45d84a73e99C9z\">HITACHI (napr. ZX)<\/span><\/td>\n<td>EX60, EX100-1\/2\/3, EX120-1\/3\/5\/6, EX200-1\/3\/5, EX230-5, EX300-1, EX400<br \/>\nZAX60,ZAX70,ZA120-6,ZAX200\/210-1\/3\/5\/5K,ZAX240,ZAX250,ZAX260,ZAX330-3\/5\/6,ZAX450\/470,ZAX650\/670,ZAX850\/870<\/td>\n<\/tr>\n<tr>\n<td>\n<div class=\"magic-32\"><span data-spm-anchor-id=\"a2700.details.0.i55.45d84a73e99C9z\">DOOSAN (DH\/DX)<\/span><\/div>\n<\/td>\n<td>\n<div class=\"magic-33\"><span class=\"magic-34\">DH55, DH60, DH80,DH150, DH215-5\/7,DH220-5,DH225-5\/7,DH258,DH300-5\/7, DH370,DH420,DH500<br \/>\nDX55, DX60, DX75, DX130, DX225-9, DX300, DX380, DX420, DX500<\/span><\/div>\n<\/td>\n<\/tr>\n<tr>\n<td>\n<div class=\"magic-32\">VOLVO (ES)<\/div>\n<\/td>\n<td>\n<div class=\"magic-33\"><span class=\"magic-34\">EC55, EC60, EC75, EC80, EC140, EC210B\/D, EC220D, EC240, EC250, EC290, EC300, EC360, EC380, EC460, EC480, EC700, EC750, EC950<\/span><\/div>\n<\/td>\n<\/tr>\n<tr>\n<td>\n<div class=\"magic-32\">KATO (HD)<\/div>\n<\/td>\n<td>\n<div class=\"magic-33\"><span class=\"magic-34\">HD307\/308, HD450, HD512, HD700-5\/7, HD820-1\/2\/3\/5\/R, HD1023-1\/3, HD1430-1\/3<\/span><\/div>\n<\/td>\n<\/tr>\n<tr>\n<td>\n<div class=\"magic-32\">IN\u00c1 ZNA\u010cKA<\/div>\n<\/td>\n<td>\n<div class=\"magic-33\"><span class=\"magic-34\">XCMG,LIUGONG,KUBOTA,CASE,YANMAR,SUNWARD,ZOOMLION,LISHIDE,LIEHERR<\/span><\/div>\n<\/td>\n<\/tr>\n<\/tbody>\n<\/table>\n<h3>V\u00fdhody hydraulick\u00e9ho valca s reverzn\u00fdm \u0165ahom sanit\u00e1rnych strojov<\/h3>\n<h4>1. Zlep\u0161en\u00e1 kontrola<\/h4>\n<p>Hydraulick\u00fd valec s reverzn\u00fdm \u0165ahom pre sanita\u010dn\u00e9 stroje poskytuje presn\u00e9 ovl\u00e1danie sp\u00e4tn\u00fdch pohybov sanita\u010dn\u00fdch zariaden\u00ed. T\u00e1to schopnos\u0165 umo\u017e\u0148uje oper\u00e1torom efekt\u00edvne man\u00e9vrova\u0165 a zlep\u0161uje celkov\u00fa efektivitu oper\u00e1ci\u00ed, ako je zber odpadu a \u010distenie ul\u00edc.<\/p>\n<h4>2. Robustn\u00e1 odolnos\u0165<\/h4>\n<p>Tento hydraulick\u00fd valec je navrhnut\u00fd tak, aby odolal n\u00e1ro\u010dn\u00fdm podmienkam sanit\u00e1rnych pr\u00e1c a je vyroben\u00fd z vysokopevnostn\u00fdch materi\u00e1lov. Jeho odolnos\u0165 zais\u0165uje dlhotrvaj\u00faci v\u00fdkon a zni\u017euje potrebu \u010dast\u00fdch v\u00fdmen a \u00fadr\u017eby.<\/p>\n<h4>3. Plynul\u00e1 prev\u00e1dzka<\/h4>\n<p>Pokro\u010dil\u00fd hydraulick\u00fd syst\u00e9m valca s reverzn\u00fdm \u0165ahom umo\u017e\u0148uje plynul\u00fa a citliv\u00fa prev\u00e1dzku. V\u00fdsledkom je zn\u00ed\u017een\u00e9 opotrebovanie zariadenia a minimalizuje sa riziko n\u00e1hlych pohybov, \u010d\u00edm sa zvy\u0161uje bezpe\u010dnos\u0165 po\u010das prev\u00e1dzky.<\/p>\n<h4>4. V\u0161estrannos\u0165<\/h4>\n<p>Tento hydraulick\u00fd valec je v\u0161estrann\u00fd a mo\u017eno ho pou\u017ei\u0165 v r\u00f4znych sanita\u010dn\u00fdch strojoch vr\u00e1tane smetiarskych \u00e1ut a zametac\u00edch strojov. Jeho prisp\u00f4sobivos\u0165 ho rob\u00ed vhodn\u00fdm pre \u0161irok\u00fa \u0161k\u00e1lu aplik\u00e1ci\u00ed v odpadovom hospod\u00e1rstve a komun\u00e1lnych slu\u017eb\u00e1ch.<\/p>\n<h4>5. Zlep\u0161en\u00e1 bezpe\u010dnos\u0165<\/h4>\n<p>V\u010faka spo\u013eahliv\u00e9mu riadeniu sp\u00e4tn\u00e9ho \u0165ahu zvy\u0161uje hydraulick\u00fd valec bezpe\u010dnos\u0165 sanita\u010dn\u00fdch oper\u00e1ci\u00ed. Pom\u00e1ha predch\u00e1dza\u0165 nehod\u00e1m a zabezpe\u010duje, aby strojov\u00e9 zariadenia fungovali v r\u00e1mci bezpe\u010dn\u00fdch parametrov, \u010d\u00edm chr\u00e1ni obsluhu aj okolit\u00e9 prostredie.<\/p>\n<h4>6. Energetick\u00e1 \u00fa\u010dinnos\u0165<\/h4>\n<p>Kon\u0161trukcia hydraulick\u00e9ho valca s reverzn\u00fdm \u0165ahom optimalizuje spotrebu energie a minimalizuje straty v\u00fdkonu po\u010das prev\u00e1dzky. T\u00e1to \u00fa\u010dinnos\u0165 sa premieta do ni\u017e\u0161\u00edch prev\u00e1dzkov\u00fdch n\u00e1kladov a prispieva k ekologick\u00fdm postupom v nakladan\u00ed s odpadom.<\/p>\n<h4>7. Jednoduch\u00e1 integr\u00e1cia<\/h4>\n<p>Valec je navrhnut\u00fd pre jednoduch\u00fa in\u0161tal\u00e1ciu do existuj\u00facich sanit\u00e1rnych zariaden\u00ed, \u010do umo\u017e\u0148uje r\u00fdchlu moderniz\u00e1ciu a minimalizuje prestoje po\u010das \u00fadr\u017eby alebo v\u00fdmeny.<\/p>\n<p>Hydraulick\u00fd valec s reverzn\u00fdm \u0165ahom pre sanit\u00e1rne stroje pon\u00faka mno\u017estvo v\u00fdhod vr\u00e1tane vylep\u0161enej kontroly, odolnosti a bezpe\u010dnosti, v\u010faka \u010domu je nevyhnutnou s\u00fa\u010das\u0165ou efekt\u00edvnych a \u00fa\u010dinn\u00fdch sanit\u00e1rnych oper\u00e1ci\u00ed. Jeho v\u0161estrannos\u0165 a energetick\u00e1 \u00fa\u010dinnos\u0165 \u010falej prispievaj\u00fa k jeho hodnote v odvetv\u00ed odpadov\u00e9ho hospod\u00e1rstva.<\/p>\n<p><img loading=\"lazy\" decoding=\"async\" class=\"alignnone size-full wp-image-429\" src=\"https:\/\/fmp-components.com\/wp-content\/uploads\/2024\/12\/Sanitation-Machinery-Reverse-Thrust-Hydraulic-Cylinder-1.webp\" alt=\"Hydraulick\u00fd valec s reverzn\u00fdm \u0165ahom pre sanit\u00e1rne stroje\" width=\"1000\" height=\"667\" title=\"\" srcset=\"https:\/\/fmp-components.com\/wp-content\/uploads\/2024\/12\/Sanitation-Machinery-Reverse-Thrust-Hydraulic-Cylinder-1.webp 1000w, https:\/\/fmp-components.com\/wp-content\/uploads\/2024\/12\/Sanitation-Machinery-Reverse-Thrust-Hydraulic-Cylinder-1-980x654.webp 980w, https:\/\/fmp-components.com\/wp-content\/uploads\/2024\/12\/Sanitation-Machinery-Reverse-Thrust-Hydraulic-Cylinder-1-480x320.webp 480w\" sizes=\"(min-width: 0px) and (max-width: 480px) 480px, (min-width: 481px) and (max-width: 980px) 980px, (min-width: 981px) 1000px, 100vw\" \/><\/p>\n<h2>O FMP<\/h2>\n<p>FMP je \u0161pecializovan\u00e1 spolo\u010dnos\u0165 zaoberaj\u00faca sa stroj\u00e1rskou v\u00fdrobou hydraulick\u00fdch valcov. Od svojho zalo\u017eenia sa spolo\u010dnos\u0165 zameriava na v\u00fdskum a v\u00fdrobu hydraulick\u00fdch technol\u00f3gi\u00ed a \u00faspe\u0161ne pre\u0161la z rozmanit\u00e9ho sortimentu produktov, ktor\u00fd zah\u0155\u0148al zberov\u00e9 a stavebn\u00e9 stroje, na \u0161pecializ\u00e1ciu na komponenty po\u013enohospod\u00e1rskych traktorov. S viac ako desa\u0165ro\u010dn\u00fdmi sk\u00fasenos\u0165ami vo v\u00fdrobe a riaden\u00ed zabezpe\u010duje FMP vysoko kvalitn\u00e9 produkty prostredn\u00edctvom pokro\u010dil\u00fdch v\u00fdrobn\u00fdch techn\u00edk.<\/p>\n<p>Ako sa spolo\u010dnos\u0165 vyv\u00edjala, vyvinula komplexn\u00fa obr\u00e1baciu v\u00fdrobn\u00fa linku, mont\u00e1\u017enu linku a linku na lakovanie. N\u00e1\u0161 t\u00edm pozost\u00e1va zo sk\u00fasen\u00fdch mana\u017e\u00e9rov, sk\u00fasen\u00fdch strojn\u00fdch kon\u0161trukt\u00e9rov a vysoko kvalifikovan\u00fdch technikov, ktor\u00ed spolo\u010dne pracuj\u00fa na udr\u017ean\u00ed stabilnej kvality v\u00fdroby a z\u00e1rove\u0148 efekt\u00edvnej kontrole kontinuity a efektivity procesov.<\/p>\n<p>Spolo\u010dnos\u0165 FMP sa riadi filozofiou \u201eTechnologick\u00e9 inov\u00e1cie poh\u00e1\u0148aj\u00face pokrok, kvalita vytv\u00e1raj\u00faca zna\u010dky, remeseln\u00e9 spracovanie zabezpe\u010duj\u00face kvalitu a budovanie dlhodob\u00fdch obojstranne v\u00fdhodn\u00fdch vz\u0165ahov\u201c. N\u00e1\u0161 z\u00e1v\u00e4zok poskytova\u0165 vysokokvalitn\u00e9 produkty a vynikaj\u00face slu\u017eby z\u00e1kazn\u00edkom zost\u00e1va hlavn\u00fdm cie\u013eom, ke\u010f\u017ee neust\u00e1le uspokojujeme vyv\u00edjaj\u00face sa potreby trhu.<\/p>\n<p><img loading=\"lazy\" decoding=\"async\" class=\"alignnone size-full wp-image-426\" src=\"https:\/\/fmp-components.com\/wp-content\/uploads\/2024\/12\/Sanitation-Machinery-Locking-Hydraulic-Cylinder-factory.webp\" alt=\"Sanit\u00e1rne stroje, uzamykacie hydraulick\u00e9 valce, tov\u00e1re\u0148\" width=\"1414\" height=\"584\" title=\"\" srcset=\"https:\/\/fmp-components.com\/wp-content\/uploads\/2024\/12\/Sanitation-Machinery-Locking-Hydraulic-Cylinder-factory.webp 1414w, https:\/\/fmp-components.com\/wp-content\/uploads\/2024\/12\/Sanitation-Machinery-Locking-Hydraulic-Cylinder-factory-1280x529.webp 1280w, https:\/\/fmp-components.com\/wp-content\/uploads\/2024\/12\/Sanitation-Machinery-Locking-Hydraulic-Cylinder-factory-980x405.webp 980w, https:\/\/fmp-components.com\/wp-content\/uploads\/2024\/12\/Sanitation-Machinery-Locking-Hydraulic-Cylinder-factory-480x198.webp 480w\" sizes=\"(min-width: 0px) and (max-width: 480px) 480px, (min-width: 481px) and (max-width: 980px) 980px, (min-width: 981px) and (max-width: 1280px) 1280px, (min-width: 1281px) 1414px, 100vw\" \/><\/p>\n<p>Autor: CX<\/p>","protected":false},"excerpt":{"rendered":"<p>Hydraulick\u00fd valec s reverzn\u00fdm \u0165ahom pre sanit\u00e1rne zariadenia je k\u013e\u00fa\u010dov\u00fdm komponentom ur\u010den\u00fdm na zabezpe\u010denie \u00fa\u010dinn\u00e9ho reverzn\u00e9ho \u0165ahu pre sanit\u00e1rne zariadenia, ako s\u00fa smetiarske aut\u00e1 a zameta\u010de ul\u00edc. Tento hydraulick\u00fd valec, navrhnut\u00fd tak, aby poskytoval spo\u013eahliv\u00fd v\u00fdkon, zais\u0165uje plynul\u00fd a kontrolovan\u00fd chod, \u010do umo\u017e\u0148uje presn\u00e9 pohyby pri zap\u00ednan\u00ed alebo vyp\u00ednan\u00ed r\u00f4znych funkci\u00ed stroja. Je vyroben\u00fd z vysokopevnostn\u00fdch materi\u00e1lov, tak\u017ee odol\u00e1va n\u00e1ro\u010dn\u00fdm pracovn\u00fdm podmienkam a zais\u0165uje odolnos\u0165 a dlh\u00fa \u017eivotnos\u0165. Efekt\u00edvna hydraulick\u00e1 kon\u0161trukcia minimalizuje straty energie a z\u00e1rove\u0148 maximalizuje prev\u00e1dzkov\u00fa \u00fa\u010dinnos\u0165, v\u010faka \u010domu je nevyhnutn\u00fdm n\u00e1strojom na zv\u00fd\u0161enie funk\u010dnosti a \u00fa\u010dinnosti sanit\u00e1rnych strojov v aplik\u00e1ci\u00e1ch nakladania s odpadom.<\/p>","protected":false},"featured_media":428,"comment_status":"open","ping_status":"closed","template":"","meta":{"_et_pb_use_builder":"","_et_pb_old_content":"","_et_gb_content_width":""},"product_brand":[],"product_cat":[23],"product_tag":[],"class_list":{"0":"post-427","1":"product","2":"type-product","3":"status-publish","4":"has-post-thumbnail","6":"product_cat-sanitation-machinery-hydraulic-cylinders","8":"first","9":"instock","10":"shipping-taxable","11":"product-type-simple"},"_links":{"self":[{"href":"https:\/\/fmp-components.com\/sk\/wp-json\/wp\/v2\/product\/427","targetHints":{"allow":["GET"]}}],"collection":[{"href":"https:\/\/fmp-components.com\/sk\/wp-json\/wp\/v2\/product"}],"about":[{"href":"https:\/\/fmp-components.com\/sk\/wp-json\/wp\/v2\/types\/product"}],"replies":[{"embeddable":true,"href":"https:\/\/fmp-components.com\/sk\/wp-json\/wp\/v2\/comments?post=427"}],"wp:featuredmedia":[{"embeddable":true,"href":"https:\/\/fmp-components.com\/sk\/wp-json\/wp\/v2\/media\/428"}],"wp:attachment":[{"href":"https:\/\/fmp-components.com\/sk\/wp-json\/wp\/v2\/media?parent=427"}],"wp:term":[{"taxonomy":"product_brand","embeddable":true,"href":"https:\/\/fmp-components.com\/sk\/wp-json\/wp\/v2\/product_brand?post=427"},{"taxonomy":"product_cat","embeddable":true,"href":"https:\/\/fmp-components.com\/sk\/wp-json\/wp\/v2\/product_cat?post=427"},{"taxonomy":"product_tag","embeddable":true,"href":"https:\/\/fmp-components.com\/sk\/wp-json\/wp\/v2\/product_tag?post=427"}],"curies":[{"name":"pracovn\u00fd list","href":"https:\/\/api.w.org\/{rel}","templated":true}]}}