{"id":420,"date":"2024-12-10T05:29:31","date_gmt":"2024-12-10T05:29:31","guid":{"rendered":"https:\/\/fmp-components.com\/?page_id=8"},"modified":"2024-12-10T05:45:25","modified_gmt":"2024-12-10T05:45:25","slug":"sanitation-machinery-locking-hydraulic-cylinder","status":"publish","type":"product","link":"https:\/\/fmp-components.com\/sk\/product\/sanitation-machinery-locking-hydraulic-cylinder\/","title":{"rendered":"Hydraulick\u00fd valec na uzamykanie sanit\u00e1rnych strojov"},"content":{"rendered":"<p style=\"text-align: center;\"><span style=\"font-size: 18pt;\">Hydraulick\u00fd valec na uzamykanie sanit\u00e1rnych strojov<\/span><\/p>\n<p>Hydraulick\u00fd valec na uzamykanie sanita\u010dn\u00fdch strojov je z\u00e1kladn\u00fdm komponentom ur\u010den\u00fdm na zabezpe\u010denie bezpe\u010dn\u00fdch a spo\u013eahliv\u00fdch uzamykac\u00edch mechanizmov pre sanita\u010dn\u00e9 zariadenia vr\u00e1tane smetiarskych \u00e1ut, zametac\u00edch strojov a zhut\u0148ova\u010dov odpadu. Tento hydraulick\u00fd valec zais\u0165uje, \u017ee r\u00f4zne \u010dasti stroja zostan\u00fa po\u010das prev\u00e1dzky a prepravy stabiln\u00e9 a bezpe\u010dn\u00e9, \u010d\u00edm sa zvy\u0161uje celkov\u00e1 bezpe\u010dnos\u0165 a efektivita.<\/p>\n<p><img loading=\"lazy\" decoding=\"async\" class=\"size-full wp-image-421 aligncenter\" src=\"https:\/\/fmp-components.com\/wp-content\/uploads\/2024\/12\/Sanitation-Machinery-Locking-Hydraulic-Cylinder.webp\" alt=\"Hydraulick\u00fd valec na uzamykanie sanit\u00e1rnych strojov\" width=\"500\" height=\"500\" title=\"\" srcset=\"https:\/\/fmp-components.com\/wp-content\/uploads\/2024\/12\/Sanitation-Machinery-Locking-Hydraulic-Cylinder.webp 500w, https:\/\/fmp-components.com\/wp-content\/uploads\/2024\/12\/Sanitation-Machinery-Locking-Hydraulic-Cylinder-480x480.webp 480w\" sizes=\"(min-width: 0px) and (max-width: 480px) 480px, (min-width: 481px) 500px, 100vw\" \/><\/p>\n<h4>K\u013e\u00fa\u010dov\u00e9 vlastnosti:<\/h4>\n<ul>\n<li>Robustn\u00e1 kon\u0161trukcia: Tento uzamykac\u00ed hydraulick\u00fd valec je vyroben\u00fd z vysokopevnostn\u00fdch materi\u00e1lov a je navrhnut\u00fd tak, aby odolal n\u00e1ro\u010dn\u00fdm podmienkam sanita\u010dn\u00fdch pr\u00e1c, \u010d\u00edm zais\u0165uje dlhotrvaj\u00facu odolnos\u0165 a spo\u013eahlivos\u0165.<\/li>\n<li>Efekt\u00edvna hydraulick\u00e1 kon\u0161trukcia: Valec vyu\u017e\u00edva pokro\u010dil\u00fa hydraulick\u00fa technol\u00f3giu, ktor\u00e1 umo\u017e\u0148uje plynul\u00fd a citliv\u00fd chod. R\u00fdchle zapnutie a vypnutie blokovacieho mechanizmu u\u013eah\u010duje efekt\u00edvny pracovn\u00fd postup.<\/li>\n<li>Zv\u00fd\u0161en\u00e1 bezpe\u010dnos\u0165: Bezpe\u010dn\u00fdm zaisten\u00edm kritick\u00fdch komponentov sanita\u010dn\u00fdch strojov pom\u00e1ha hydraulick\u00fd valec predch\u00e1dza\u0165 n\u00e1hodn\u00e9mu pohybu alebo uvo\u013eneniu po\u010das prev\u00e1dzky, \u010d\u00edm sa zni\u017euje riziko neh\u00f4d.<\/li>\n<li>V\u0161estrann\u00e9 pou\u017eitie: Tento uzamykate\u013en\u00fd hydraulick\u00fd valec, vhodn\u00fd pre \u0161irok\u00fa \u0161k\u00e1lu sanit\u00e1rnych zariaden\u00ed, je neoddelite\u013enou s\u00fa\u010das\u0165ou efekt\u00edvneho fungovania r\u00f4znych vozidiel a strojov pou\u017e\u00edvan\u00fdch pri nakladan\u00ed s odpadom a \u010disten\u00ed ul\u00edc.<\/li>\n<li>Jednoduch\u00e1 integr\u00e1cia: Hydraulick\u00fd valec s uzamykan\u00edm je navrhnut\u00fd pre jednoduch\u00fa in\u0161tal\u00e1ciu a mo\u017eno ho bezprobl\u00e9movo integrova\u0165 do existuj\u00facich syst\u00e9mov sanita\u010dn\u00fdch strojov, \u010d\u00edm sa minimalizuj\u00fa prestoje a zabezpe\u010duje sa r\u00fdchle nasadenie.<\/li>\n<\/ul>\n<p>Hydraulick\u00fd valec na uzamykanie sanita\u010dn\u00fdch strojov je k\u013e\u00fa\u010dov\u00fdm komponentom, ktor\u00fd zvy\u0161uje bezpe\u010dnos\u0165, \u00fa\u010dinnos\u0165 a spo\u013eahlivos\u0165 sanit\u00e1rnych zariaden\u00ed, v\u010faka \u010domu je nevyhnutn\u00fdm n\u00e1strojom pre efekt\u00edvne oper\u00e1cie nakladania s odpadom.<\/p>\n<h2>Rozmery hydraulick\u00e9ho valca pre sanit\u00e1rne stroje:<\/h2>\n<table>\n<tbody>\n<tr>\n<td><img loading=\"lazy\" decoding=\"async\" class=\"alignnone size-full wp-image-423\" src=\"https:\/\/fmp-components.com\/wp-content\/uploads\/2024\/12\/Sanitation-Machinery-Locking-Hydraulic-Cylinder-Dimensions-1.webp\" alt=\"Hydraulick\u00fd valec na uzamykanie sanit\u00e1rnych strojov\" width=\"980\" height=\"427\" title=\"\" srcset=\"https:\/\/fmp-components.com\/wp-content\/uploads\/2024\/12\/Sanitation-Machinery-Locking-Hydraulic-Cylinder-Dimensions-1.webp 980w, https:\/\/fmp-components.com\/wp-content\/uploads\/2024\/12\/Sanitation-Machinery-Locking-Hydraulic-Cylinder-Dimensions-1-480x209.webp 480w\" sizes=\"(min-width: 0px) and (max-width: 480px) 480px, (min-width: 481px) 980px, 100vw\" \/><\/td>\n<td><img loading=\"lazy\" decoding=\"async\" class=\"alignnone size-full wp-image-424\" src=\"https:\/\/fmp-components.com\/wp-content\/uploads\/2024\/12\/Sanitation-Machinery-Locking-Hydraulic-Cylinder-Dimensions-2.webp\" alt=\"Hydraulick\u00fd valec na uzamykanie sanit\u00e1rnych strojov\" width=\"980\" height=\"427\" title=\"\" srcset=\"https:\/\/fmp-components.com\/wp-content\/uploads\/2024\/12\/Sanitation-Machinery-Locking-Hydraulic-Cylinder-Dimensions-2.webp 980w, https:\/\/fmp-components.com\/wp-content\/uploads\/2024\/12\/Sanitation-Machinery-Locking-Hydraulic-Cylinder-Dimensions-2-480x209.webp 480w\" sizes=\"(min-width: 0px) and (max-width: 480px) 480px, (min-width: 481px) 980px, 100vw\" \/><\/td>\n<\/tr>\n<\/tbody>\n<\/table>\n<table style=\"width: 100%; height: 124px;\" border=\"1\" cellspacing=\"0\" cellpadding=\"0\">\n<tbody>\n<tr style=\"height: 47px;\">\n<td style=\"height: 47px;\" width=\"246\">N\u00e1zov valca<\/td>\n<td style=\"height: 47px;\" width=\"336\">\u010c\u00edslo v\u00fdkresu<\/td>\n<td style=\"height: 47px;\" width=\"126\">Priemer otvoru (D)<\/td>\n<td style=\"height: 47px;\" width=\"123\">Priemer ty\u010de (d)<\/td>\n<td style=\"height: 47px;\" width=\"114\">Zdvih (S)<\/td>\n<td style=\"height: 47px;\" width=\"170\">In\u0161tala\u010dn\u00e1 vzdialenos\u0165 (L)<\/td>\n<td style=\"height: 47px;\" width=\"172\">Pracovn\u00fd tlak<\/td>\n<td style=\"height: 47px;\" width=\"366\">Rozmery rozhrania (M)<\/td>\n<td style=\"height: 47px;\" width=\"96\">Hmotnos\u0165<\/td>\n<\/tr>\n<tr style=\"height: 33px;\">\n<td class=\"et3\" style=\"height: 33px;\" width=\"246\" height=\"286\">Zamykac\u00ed valec<\/td>\n<td class=\"et4\" style=\"height: 33px;\" width=\"336\">107504-00<\/td>\n<td class=\"et4\" style=\"height: 33px;\" width=\"126\">\u03a640<\/td>\n<td class=\"et4\" style=\"height: 33px;\" width=\"123\">\u03a620<\/td>\n<td class=\"et4\" style=\"height: 33px;\" width=\"114\">53<\/td>\n<td class=\"et4\" style=\"height: 33px;\" width=\"170\">245<\/td>\n<td class=\"et4\" style=\"height: 33px;\" width=\"172\">25 MPa<\/td>\n<td class=\"et4\" style=\"height: 33px;\" width=\"366\">2-G3\/8<\/td>\n<td class=\"et4\" style=\"height: 33px;\" width=\"96\">2,6 kg<\/td>\n<\/tr>\n<tr style=\"height: 44px;\">\n<td class=\"et3\" style=\"height: 44px;\" width=\"246\" height=\"316\">Zamykac\u00ed valec<\/td>\n<td class=\"et4\" style=\"height: 44px;\">103631-00<\/td>\n<td class=\"et4\" style=\"height: 44px;\">\u03a663<\/td>\n<td class=\"et4\" style=\"height: 44px;\">\u03a640<\/td>\n<td class=\"et4\" style=\"height: 44px;\">160<\/td>\n<td class=\"et4\" style=\"height: 44px;\">385<\/td>\n<td class=\"et4\" style=\"height: 44px;\">30 MPa<\/td>\n<td class=\"et4\" style=\"height: 44px;\">2-G3\/8<\/td>\n<td class=\"et4\" style=\"height: 44px;\">15 kg<\/td>\n<\/tr>\n<\/tbody>\n<\/table>\n<h3>Vlastnosti hydraulick\u00e9ho valca uzamykacieho zariadenia pre sanit\u00e1rne stroje<\/h3>\n<h4>1. Robustn\u00e1 kon\u0161trukcia<\/h4>\n<p>Hydraulick\u00fd valec na uzamykanie sanita\u010dn\u00fdch strojov je vyroben\u00fd z vysokopevnostn\u00fdch materi\u00e1lov, ktor\u00e9 zais\u0165uj\u00fa trvanlivos\u0165 a odolnos\u0165 vo\u010di opotrebovaniu, v\u010faka \u010domu je vhodn\u00fd pre n\u00e1ro\u010dn\u00e9 podmienky sanita\u010dn\u00fdch pr\u00e1c.<\/p>\n<h4>2. \u00da\u010dinn\u00fd uzamykac\u00ed mechanizmus<\/h4>\n<p>Tento hydraulick\u00fd valec je navrhnut\u00fd s pokro\u010dil\u00fdm blokovac\u00edm mechanizmom, ktor\u00fd umo\u017e\u0148uje r\u00fdchle a bezpe\u010dn\u00e9 zapnutie a vypnutie. T\u00e1to \u00fa\u010dinnos\u0165 zvy\u0161uje prev\u00e1dzkov\u00fd pracovn\u00fd postup a bezpe\u010dnos\u0165 po\u010das pou\u017e\u00edvania.<\/p>\n<h4>3. Plynul\u00e1 hydraulick\u00e1 prev\u00e1dzka<\/h4>\n<p>Valec vyu\u017e\u00edva dobre navrhnut\u00fd hydraulick\u00fd syst\u00e9m, ktor\u00fd zabezpe\u010duje plynul\u00fd a citliv\u00fd chod. T\u00e1to funkcia umo\u017e\u0148uje presn\u00e9 ovl\u00e1danie zamykania a odomykania, \u010d\u00edm zais\u0165uje spo\u013eahliv\u00fd v\u00fdkon.<\/p>\n<h4>4. Zlep\u0161enia bezpe\u010dnosti<\/h4>\n<p>V\u010faka bezpe\u010dnostn\u00fdm prvkom, ako s\u00fa napr\u00edklad pretlakov\u00e9 ventily, blokovac\u00ed hydraulick\u00fd valec zabra\u0148uje n\u00e1hodn\u00e9mu uvo\u013eneniu alebo pohybu. To zais\u0165uje, \u017ee komponenty zostan\u00fa po\u010das prev\u00e1dzky bezpe\u010dne zaisten\u00e9, \u010d\u00edm sa zni\u017euje riziko neh\u00f4d.<\/p>\n<h4>5. V\u0161estrann\u00e1 kompatibilita<\/h4>\n<p>Tento hydraulick\u00fd valec je navrhnut\u00fd tak, aby bol kompatibiln\u00fd so \u0161irokou \u0161k\u00e1lou sanit\u00e1rnych zariaden\u00ed vr\u00e1tane smetiarskych vozidiel a zametac\u00edch strojov, a mo\u017eno ho \u013eahko integrova\u0165 do r\u00f4znych strojn\u00fdch syst\u00e9mov, v\u010faka \u010domu je v\u0161estrannou vo\u013ebou pre oper\u00e1cie nakladania s odpadom.<\/p>\n<h4>6. N\u00edzke n\u00e1roky na \u00fadr\u017ebu<\/h4>\n<p>V\u010faka robustnej kon\u0161trukcii a odoln\u00fdm materi\u00e1lom vy\u017eaduje uzamykac\u00ed hydraulick\u00fd valec minim\u00e1lnu \u00fadr\u017ebu, \u010do vedie k zn\u00ed\u017eeniu prestojov a prev\u00e1dzkov\u00fdch n\u00e1kladov na sanita\u010dn\u00e9 slu\u017eby.<\/p>\n<h4>7. Kompaktn\u00fd dizajn<\/h4>\n<p>Kompaktn\u00e1 kon\u0161trukcia valca umo\u017e\u0148uje efekt\u00edvne vyu\u017eitie priestoru v sanita\u010dn\u00fdch strojoch, \u010do umo\u017e\u0148uje optim\u00e1lny v\u00fdkon bez kompromisov v celkovom usporiadan\u00ed zariadenia.<\/p>\n<h4>8. Odolnos\u0165 proti kor\u00f3zii<\/h4>\n<p>Mnoh\u00e9 modely maj\u00fa povrchov\u00e9 \u00fapravy, ktor\u00e9 chr\u00e1nia pred kor\u00f3ziou, \u010d\u00edm sa zabezpe\u010d\u00ed, \u017ee hydraulick\u00fd valec si zachov\u00e1 funk\u010dnos\u0165 a vzh\u013ead aj pri vystaven\u00ed drsn\u00fdm podmienkam prostredia, ktor\u00e9 sa be\u017ene vyskytuj\u00fa pri sanit\u00e1rnych pr\u00e1cach.<\/p>\n<p>Stru\u010dne povedan\u00e9, hydraulick\u00fd valec na uzamykanie sanit\u00e1rnych strojov kombinuje odolnos\u0165, \u00fa\u010dinnos\u0165 a bezpe\u010dnos\u0165, v\u010faka \u010domu je nevyhnutnou s\u00fa\u010das\u0165ou efekt\u00edvnej a spo\u013eahlivej prev\u00e1dzky v sanit\u00e1rnom priemysle.<\/p>\n<h2><img loading=\"lazy\" decoding=\"async\" class=\"alignnone size-full wp-image-422\" src=\"https:\/\/fmp-components.com\/wp-content\/uploads\/2024\/12\/Sanitation-Machinery.webp\" alt=\"Hydraulick\u00fd valec na uzamykanie sanit\u00e1rnych strojov\" width=\"1000\" height=\"667\" title=\"\" srcset=\"https:\/\/fmp-components.com\/wp-content\/uploads\/2024\/12\/Sanitation-Machinery.webp 1000w, https:\/\/fmp-components.com\/wp-content\/uploads\/2024\/12\/Sanitation-Machinery-980x654.webp 980w, https:\/\/fmp-components.com\/wp-content\/uploads\/2024\/12\/Sanitation-Machinery-480x320.webp 480w\" sizes=\"(min-width: 0px) and (max-width: 480px) 480px, (min-width: 481px) and (max-width: 980px) 980px, (min-width: 981px) 1000px, 100vw\" \/><\/h2>\n<h2>O FMP<\/h2>\n<p>FMP je \u0161pecializovan\u00e1 spolo\u010dnos\u0165 zaoberaj\u00faca sa stroj\u00e1rskou v\u00fdrobou hydraulick\u00fdch valcov. Od svojho zalo\u017eenia sa spolo\u010dnos\u0165 zameriava na v\u00fdskum a v\u00fdrobu hydraulick\u00fdch technol\u00f3gi\u00ed a \u00faspe\u0161ne pre\u0161la z rozmanit\u00e9ho sortimentu produktov, ktor\u00fd zah\u0155\u0148al zberov\u00e9 a stavebn\u00e9 stroje, na \u0161pecializ\u00e1ciu na komponenty po\u013enohospod\u00e1rskych traktorov. S viac ako desa\u0165ro\u010dn\u00fdmi sk\u00fasenos\u0165ami vo v\u00fdrobe a riaden\u00ed zabezpe\u010duje FMP vysoko kvalitn\u00e9 produkty prostredn\u00edctvom pokro\u010dil\u00fdch v\u00fdrobn\u00fdch techn\u00edk.<\/p>\n<p>Ako sa spolo\u010dnos\u0165 vyv\u00edjala, vyvinula komplexn\u00fa obr\u00e1baciu v\u00fdrobn\u00fa linku, mont\u00e1\u017enu linku a linku na lakovanie. N\u00e1\u0161 t\u00edm pozost\u00e1va zo sk\u00fasen\u00fdch mana\u017e\u00e9rov, sk\u00fasen\u00fdch strojn\u00fdch kon\u0161trukt\u00e9rov a vysoko kvalifikovan\u00fdch technikov, ktor\u00ed spolo\u010dne pracuj\u00fa na udr\u017ean\u00ed stabilnej kvality v\u00fdroby a z\u00e1rove\u0148 efekt\u00edvnej kontrole kontinuity a efektivity procesov.<\/p>\n<p>Spolo\u010dnos\u0165 FMP sa riadi filozofiou \u201eTechnologick\u00e9 inov\u00e1cie poh\u00e1\u0148aj\u00face pokrok, kvalita vytv\u00e1raj\u00faca zna\u010dky, remeseln\u00e9 spracovanie zabezpe\u010duj\u00face kvalitu a budovanie dlhodob\u00fdch obojstranne v\u00fdhodn\u00fdch vz\u0165ahov\u201c. N\u00e1\u0161 z\u00e1v\u00e4zok poskytova\u0165 vysokokvalitn\u00e9 produkty a vynikaj\u00face slu\u017eby z\u00e1kazn\u00edkom zost\u00e1va hlavn\u00fdm cie\u013eom, ke\u010f\u017ee neust\u00e1le uspokojujeme vyv\u00edjaj\u00face sa potreby trhu.<\/p>\n<p><img loading=\"lazy\" decoding=\"async\" class=\"alignnone size-full wp-image-426\" src=\"https:\/\/fmp-components.com\/wp-content\/uploads\/2024\/12\/Sanitation-Machinery-Locking-Hydraulic-Cylinder-factory.webp\" alt=\"Sanit\u00e1rne stroje, uzamykacie hydraulick\u00e9 valce, tov\u00e1re\u0148\" width=\"1414\" height=\"584\" title=\"\" srcset=\"https:\/\/fmp-components.com\/wp-content\/uploads\/2024\/12\/Sanitation-Machinery-Locking-Hydraulic-Cylinder-factory.webp 1414w, https:\/\/fmp-components.com\/wp-content\/uploads\/2024\/12\/Sanitation-Machinery-Locking-Hydraulic-Cylinder-factory-1280x529.webp 1280w, https:\/\/fmp-components.com\/wp-content\/uploads\/2024\/12\/Sanitation-Machinery-Locking-Hydraulic-Cylinder-factory-980x405.webp 980w, https:\/\/fmp-components.com\/wp-content\/uploads\/2024\/12\/Sanitation-Machinery-Locking-Hydraulic-Cylinder-factory-480x198.webp 480w\" sizes=\"(min-width: 0px) and (max-width: 480px) 480px, (min-width: 481px) and (max-width: 980px) 980px, (min-width: 981px) and (max-width: 1280px) 1280px, (min-width: 1281px) 1414px, 100vw\" \/><\/p>\n<p>Autor: CX<\/p>","protected":false},"excerpt":{"rendered":"<p>Hydraulick\u00fd valec na uzamykanie sanita\u010dn\u00fdch strojov je d\u00f4le\u017eit\u00fdm komponentom ur\u010den\u00fdm na zabezpe\u010denie bezpe\u010dnej prev\u00e1dzky sanita\u010dn\u00fdch zariaden\u00ed, ako s\u00fa smetiarske aut\u00e1 a zameta\u010de ul\u00edc. Tento hydraulick\u00fd valec poskytuje spo\u013eahliv\u00e9 uzamykacie mechanizmy, ktor\u00e9 udr\u017eiavaj\u00fa stabilitu a bezpe\u010dnos\u0165 stroja po\u010das prev\u00e1dzky a prepravy. Je vyroben\u00fd z vysokopevnostn\u00fdch materi\u00e1lov a je skon\u0161truovan\u00fd tak, aby odolal n\u00e1rokom n\u00e1ro\u010dn\u00e9ho pracovn\u00e9ho prostredia, \u010d\u00edm zais\u0165uje odolnos\u0165 a dlh\u00fa \u017eivotnos\u0165. Efekt\u00edvna hydraulick\u00e1 kon\u0161trukcia umo\u017e\u0148uje plynul\u00fa prev\u00e1dzku a r\u00fdchle zapnutie a vypnutie uzamykacieho syst\u00e9mu. Tento uzamykac\u00ed hydraulick\u00fd valec je nevyhnutn\u00fd pre zv\u00fd\u0161enie bezpe\u010dnosti a \u00fa\u010dinnosti a je k\u013e\u00fa\u010dov\u00fd pre efekt\u00edvne fungovanie sanita\u010dn\u00fdch strojov.<\/p>","protected":false},"featured_media":421,"comment_status":"open","ping_status":"closed","template":"","meta":{"_et_pb_use_builder":"","_et_pb_old_content":"","_et_gb_content_width":""},"product_brand":[],"product_cat":[23],"product_tag":[],"class_list":{"0":"post-420","1":"product","2":"type-product","3":"status-publish","4":"has-post-thumbnail","6":"product_cat-sanitation-machinery-hydraulic-cylinders","8":"first","9":"instock","10":"shipping-taxable","11":"product-type-simple"},"_links":{"self":[{"href":"https:\/\/fmp-components.com\/sk\/wp-json\/wp\/v2\/product\/420","targetHints":{"allow":["GET"]}}],"collection":[{"href":"https:\/\/fmp-components.com\/sk\/wp-json\/wp\/v2\/product"}],"about":[{"href":"https:\/\/fmp-components.com\/sk\/wp-json\/wp\/v2\/types\/product"}],"replies":[{"embeddable":true,"href":"https:\/\/fmp-components.com\/sk\/wp-json\/wp\/v2\/comments?post=420"}],"wp:featuredmedia":[{"embeddable":true,"href":"https:\/\/fmp-components.com\/sk\/wp-json\/wp\/v2\/media\/421"}],"wp:attachment":[{"href":"https:\/\/fmp-components.com\/sk\/wp-json\/wp\/v2\/media?parent=420"}],"wp:term":[{"taxonomy":"product_brand","embeddable":true,"href":"https:\/\/fmp-components.com\/sk\/wp-json\/wp\/v2\/product_brand?post=420"},{"taxonomy":"product_cat","embeddable":true,"href":"https:\/\/fmp-components.com\/sk\/wp-json\/wp\/v2\/product_cat?post=420"},{"taxonomy":"product_tag","embeddable":true,"href":"https:\/\/fmp-components.com\/sk\/wp-json\/wp\/v2\/product_tag?post=420"}],"curies":[{"name":"pracovn\u00fd list","href":"https:\/\/api.w.org\/{rel}","templated":true}]}}