{"id":411,"date":"2024-12-10T03:31:52","date_gmt":"2024-12-10T03:31:52","guid":{"rendered":"https:\/\/fmp-components.com\/?page_id=8"},"modified":"2024-12-10T03:51:35","modified_gmt":"2024-12-10T03:51:35","slug":"boom-aerial-work-vehicle-steering-hydraulic-cylinder","status":"publish","type":"product","link":"https:\/\/fmp-components.com\/sk\/product\/boom-aerial-work-vehicle-steering-hydraulic-cylinder\/","title":{"rendered":"Hydraulick\u00fd valec riadenia plo\u0161inov\u00e9ho pracovn\u00e9ho vozidla"},"content":{"rendered":"<p style=\"text-align: center;\"><span style=\"font-size: 18pt;\">Hydraulick\u00fd valec riadenia plo\u0161inov\u00e9ho pracovn\u00e9ho vozidla<\/span><\/p>\n<p>Hydraulick\u00fd valec riadenia plo\u0161inov\u00fdch pracovn\u00fdch plo\u0161\u00edn je k\u013e\u00fa\u010dov\u00fdm komponentom ur\u010den\u00fdm na zlep\u0161enie man\u00e9vrovate\u013enosti a ovl\u00e1dania plo\u0161inov\u00fdch pracovn\u00fdch plo\u0161\u00edn. Tento hydraulick\u00fd valec poskytuje presn\u00e9 riadenie, ktor\u00e9 umo\u017e\u0148uje obsluhe \u013eahko sa pohybova\u0165 v stiesnen\u00fdch priestoroch a presne polohova\u0165 plo\u0161inu po\u010das r\u00f4znych aplik\u00e1ci\u00ed.<\/p>\n<h2><img loading=\"lazy\" decoding=\"async\" class=\"size-full wp-image-416 aligncenter\" src=\"https:\/\/fmp-components.com\/wp-content\/uploads\/2024\/12\/Boom-Aerial-Work-Vehicle-Steering-Hydraulic-Cylinder.webp\" alt=\"Hydraulick\u00fd valec riadenia plo\u0161inov\u00e9ho pracovn\u00e9ho vozidla\" width=\"500\" height=\"500\" title=\"\" srcset=\"https:\/\/fmp-components.com\/wp-content\/uploads\/2024\/12\/Boom-Aerial-Work-Vehicle-Steering-Hydraulic-Cylinder.webp 500w, https:\/\/fmp-components.com\/wp-content\/uploads\/2024\/12\/Boom-Aerial-Work-Vehicle-Steering-Hydraulic-Cylinder-480x480.webp 480w\" sizes=\"(min-width: 0px) and (max-width: 480px) 480px, (min-width: 481px) 500px, 100vw\" \/><\/h2>\n<h4>K\u013e\u00fa\u010dov\u00e9 vlastnosti:<\/h4>\n<ul>\n<li>Plynul\u00e9 riadenie: Hydraulick\u00fd valec zais\u0165uje citliv\u00e9 a plynul\u00e9 riadenie, \u010do umo\u017e\u0148uje presn\u00e9 nastavenie a vynikaj\u00facu ovl\u00e1date\u013enos\u0165 pri navig\u00e1cii v zlo\u017eit\u00fdch pracovn\u00fdch prostrediach.<\/li>\n<li>Odoln\u00e1 kon\u0161trukcia: Tento hydraulick\u00fd valec riadenia je vyroben\u00fd z vysokopevnostn\u00fdch materi\u00e1lov a je skon\u0161truovan\u00fd tak, aby odolal n\u00e1ro\u010dn\u00fdm prev\u00e1dzkov\u00fdm podmienkam, \u010d\u00edm zabezpe\u010duje dlhotrvaj\u00faci v\u00fdkon a spo\u013eahlivos\u0165.<\/li>\n<li>Efekt\u00edvny hydraulick\u00fd syst\u00e9m: Pokro\u010dil\u00e1 hydraulick\u00e1 kon\u0161trukcia maximalizuje v\u00fdkon a z\u00e1rove\u0148 minimalizuje straty energie, \u010do prispieva k n\u00e1kladovo efekt\u00edvnej prev\u00e1dzke a zv\u00fd\u0161enej celkovej \u00fa\u010dinnosti.<\/li>\n<li>Vylep\u0161enia bezpe\u010dnosti: Valec je vybaven\u00fd bezpe\u010dnostn\u00fdmi prvkami, ktor\u00e9 zabra\u0148uj\u00fa pret\u00e1\u010daniu a zais\u0165uj\u00fa stabilitu, pom\u00e1ha udr\u017eiava\u0165 kontrolu po\u010das prev\u00e1dzky, \u010d\u00edm zni\u017euje riziko neh\u00f4d.<\/li>\n<li>V\u0161estrann\u00e9 pou\u017eitie: Tento hydraulick\u00fd valec riadenia, vhodn\u00fd pre r\u00f4zne \u00falohy v stavebn\u00edctve, \u00fadr\u017ebe a verejn\u00fdch slu\u017eb\u00e1ch, je nevyhnutn\u00fd pre maximaliz\u00e1ciu \u00fa\u010dinnosti plo\u0161inov\u00fdch pracovn\u00fdch vozidiel.<\/li>\n<\/ul>\n<p>Hydraulick\u00fd valec riadenia pre plo\u0161inov\u00e9 pracovn\u00e9 vozidl\u00e1 je navrhnut\u00fd tak, aby zlep\u0161il man\u00e9vrovate\u013enos\u0165, bezpe\u010dnos\u0165 a celkov\u00fd v\u00fdkon, v\u010faka \u010domu je nepostr\u00e1date\u013en\u00fdm n\u00e1strojom pre oper\u00e1torov v r\u00f4znych odvetviach, ktor\u00e9 vy\u017eaduj\u00fa rie\u0161enia pre zv\u00fd\u0161en\u00fd pr\u00edstup.<\/p>\n<h2>Rozmery hydraulick\u00e9ho valca riadenia plo\u0161inov\u00e9ho pracovn\u00e9ho vozidla:<\/h2>\n<table>\n<tbody>\n<tr>\n<td>\n<h2><img loading=\"lazy\" decoding=\"async\" class=\"alignnone size-full wp-image-414\" src=\"https:\/\/fmp-components.com\/wp-content\/uploads\/2024\/12\/Boom-Aerial-Work-Vehicle-Steering-Hydraulic-Cylinder-Dimensions-1.webp\" alt=\"Rozmery riadenia hydraulick\u00e9ho valca v\u00fdlo\u017en\u00edka pre pracovn\u00e9 vozidl\u00e1\" width=\"980\" height=\"390\" title=\"\" srcset=\"https:\/\/fmp-components.com\/wp-content\/uploads\/2024\/12\/Boom-Aerial-Work-Vehicle-Steering-Hydraulic-Cylinder-Dimensions-1.webp 980w, https:\/\/fmp-components.com\/wp-content\/uploads\/2024\/12\/Boom-Aerial-Work-Vehicle-Steering-Hydraulic-Cylinder-Dimensions-1-480x191.webp 480w\" sizes=\"(min-width: 0px) and (max-width: 480px) 480px, (min-width: 481px) 980px, 100vw\" \/><\/h2>\n<\/td>\n<td>\n<h2><img loading=\"lazy\" decoding=\"async\" class=\"alignnone size-full wp-image-415\" src=\"https:\/\/fmp-components.com\/wp-content\/uploads\/2024\/12\/Boom-Aerial-Work-Vehicle-Steering-Hydraulic-Cylinder-Dimensions-2.webp\" alt=\"Rozmery hydraulick\u00e9ho valca riadenia v\u00fdlo\u017en\u00edka pre pracovn\u00e9 vozidl\u00e1 - 2\" width=\"980\" height=\"390\" title=\"\" srcset=\"https:\/\/fmp-components.com\/wp-content\/uploads\/2024\/12\/Boom-Aerial-Work-Vehicle-Steering-Hydraulic-Cylinder-Dimensions-2.webp 980w, https:\/\/fmp-components.com\/wp-content\/uploads\/2024\/12\/Boom-Aerial-Work-Vehicle-Steering-Hydraulic-Cylinder-Dimensions-2-480x191.webp 480w\" sizes=\"(min-width: 0px) and (max-width: 480px) 480px, (min-width: 481px) 980px, 100vw\" \/><\/h2>\n<\/td>\n<\/tr>\n<\/tbody>\n<\/table>\n<table style=\"width: 100%; height: 130px;\" border=\"1\" cellspacing=\"0\" cellpadding=\"0\">\n<tbody>\n<tr style=\"height: 71px;\">\n<td style=\"height: 71px;\" width=\"246\">N\u00e1zov valca<\/td>\n<td style=\"height: 71px;\" width=\"336\">\u010c\u00edslo v\u00fdkresu<\/td>\n<td style=\"height: 71px;\" width=\"126\">Priemer otvoru (D)<\/td>\n<td style=\"height: 71px;\" width=\"123\">Priemer ty\u010de (d)<\/td>\n<td style=\"height: 71px;\" width=\"114\">Zdvih (S)<\/td>\n<td style=\"height: 71px;\" width=\"170\">In\u0161tala\u010dn\u00e1 vzdialenos\u0165 (L)<\/td>\n<td style=\"height: 71px;\" width=\"172\">Pracovn\u00fd tlak<\/td>\n<td style=\"height: 71px;\" width=\"366\">Rozmery rozhrania (M)<\/td>\n<td style=\"height: 71px;\" width=\"96\">Hmotnos\u0165<\/td>\n<\/tr>\n<tr style=\"height: 59px;\">\n<td class=\"et3\" style=\"height: 59px;\" width=\"246\" height=\"214\">Riadiaci valec<\/td>\n<td class=\"et4\" style=\"height: 59px;\" width=\"336\">GTHZ210C-620100-000<\/td>\n<td class=\"et4\" style=\"height: 59px;\" width=\"126\">\u03a663<\/td>\n<td class=\"et4\" style=\"height: 59px;\" width=\"123\">\u03a635<\/td>\n<td class=\"et4\" style=\"height: 59px;\" width=\"114\">320<\/td>\n<td class=\"et4\" style=\"height: 59px;\" width=\"170\">540<\/td>\n<td class=\"et4\" style=\"height: 59px;\" width=\"172\">21 MPa<\/td>\n<td class=\"et4\" style=\"height: 59px;\" width=\"366\">2-M14*1,5<\/td>\n<td class=\"et4\" style=\"height: 59px;\" width=\"96\">13 kg<\/td>\n<\/tr>\n<\/tbody>\n<\/table>\n<h2>Parameter hydraulick\u00e9ho valca riadenia v\u00fdlo\u017en\u00edka pre pracovn\u00e9 vozidl\u00e1:<\/h2>\n<table border=\"1\" width=\"100%\" cellspacing=\"0\" cellpadding=\"0\">\n<tbody>\n<tr>\n<td width=\"70\">Polo\u017eka<\/td>\n<td width=\"70\">Popis<\/td>\n<\/tr>\n<tr>\n<td width=\"70\">N\u00e1zov produktu<\/td>\n<td width=\"70\">Hydraulick\u00fd valec riadenia<\/td>\n<\/tr>\n<tr>\n<td width=\"70\">Aplik\u00e1cia<\/td>\n<td width=\"70\">V\u00fdlo\u017en\u00edk pracovn\u00e9ho vozidla<\/td>\n<\/tr>\n<tr>\n<td width=\"70\">Materi\u00e1l<\/td>\n<td width=\"70\">20#\/45#, Q345B, oce\u013e 40Cr<\/td>\n<\/tr>\n<tr>\n<td width=\"70\">Typ herectva<\/td>\n<td width=\"70\">Dvoj\u010dinn\u00fd Jedno\u010dinn\u00fd<\/td>\n<\/tr>\n<tr>\n<td width=\"70\">Z\u00e1kladn\u00e9 komponenty<\/td>\n<td width=\"70\">Piestna ty\u010d, piest<\/td>\n<\/tr>\n<tr>\n<td width=\"70\">Certifik\u00e1t:<\/td>\n<td width=\"70\">ISO9001, ISO4001, ISO 45003<\/td>\n<\/tr>\n<tr>\n<td width=\"70\">V\u00fdrobn\u00e1 kapacita:<\/td>\n<td width=\"70\">1 200 000 kusov ro\u010dne<\/td>\n<\/tr>\n<tr>\n<td width=\"70\">\u010cas vzorkovania<\/td>\n<td width=\"70\">Na z\u00e1klade skuto\u010dn\u00e9ho typu<\/td>\n<\/tr>\n<tr>\n<td width=\"70\">Zna\u010dka<\/td>\n<td width=\"70\">FMP alebo logo z\u00e1kazn\u00edka<\/td>\n<\/tr>\n<tr>\n<td width=\"70\">Slu\u017eba<\/td>\n<td width=\"70\">OEM a ODM<\/td>\n<\/tr>\n<tr>\n<td width=\"70\">Zna\u010dka tule\u0148ov<\/td>\n<td width=\"70\">Parker, NOK, BUSAK \u0160AMBAN<\/td>\n<\/tr>\n<tr>\n<td width=\"70\">Dodacia lehota<\/td>\n<td width=\"70\">Na z\u00e1klade mno\u017estva objedn\u00e1vky.<\/td>\n<\/tr>\n<tr>\n<td width=\"70\">Typ podnikania<\/td>\n<td width=\"70\">V\u00fdrobca a export\u00e9r<\/td>\n<\/tr>\n<\/tbody>\n<\/table>\n<h2>Dostupn\u00e9 zna\u010dky a modely hydraulick\u00fdch valcov:<\/h2>\n<table style=\"width: 100%;\" border=\"1\" cellspacing=\"0\" cellpadding=\"0\">\n<tbody>\n<tr>\n<td style=\"width: 11.2661%;\"><b data-spm-anchor-id=\"a2700.details.0.i43.45d84a73e99C9z\">KOMATSU (PC)<\/b><\/td>\n<td style=\"width: 88.6266%;\">PC30, PC40, PC50, PC56, PC60, PC78, PC100, PC110, PC120, PC130, PC160, PC200-3\/5\/6\/7\/8\/8MO, PC210, PC220-5\/6\/7\/8\/8MO, PC240, PC300\/350\/360-5\/6\/7\/8\/8MO, PC400\/450-5\/6\/7\/8\/8MO, PC800, PC850<\/td>\n<\/tr>\n<tr>\n<td style=\"width: 11.2661%;\"><b>CATERPILLAR (E)<\/b><\/td>\n<td style=\"width: 88.6266%;\">E301.5, E302, E305.5, E306, E307V1\/V2\/B\/C\/D\/E\/F, E308B\/C, E120B, E312V1\/V2\/B\/C\/D, E313D2, E312D2, E315D<br \/>\nE200B,E320V1\/V2\/A\/B\/C\/D,E324D,E325C\/D,E329D,E330\/336C\/D,E345C,E349D,E365C,E374,E390<\/td>\n<\/tr>\n<tr>\n<td style=\"width: 11.2661%;\"><b>KOBELCO (SK)<\/b><\/td>\n<td style=\"width: 88.6266%;\">SK60-3\/5\/8,SK75-8\/SR, SK100 ,SK120-3\/5, SK135-8\/SR, SK140-8, SK200-3\/5\/6\/6E, SK210-3\/5\/6\/6E,<br \/>\nSK230\/250-6E,SK250-8,SK260-8,SK350-8\/S8,SK460\/480-8<\/td>\n<\/tr>\n<tr>\n<td style=\"width: 11.2661%;\"><b>HYUNDAI (R)<\/b><\/td>\n<td style=\"width: 88.6266%;\">R55-5\/7, R60-5\/7, R80, R110, R130, R200-5, R210-5, R215-5\/7, R220-5\/7\/9, R225-5\/7\/9, R250, R260, R265, R290, R305, R445, R485, R505<\/td>\n<\/tr>\n<tr>\n<td style=\"width: 11.2661%;\"><b data-spm-anchor-id=\"a2700.details.0.i53.45d84a73e99C9z\">HITACHI (napr. ZX)<\/b><\/td>\n<td style=\"width: 88.6266%;\">EX60, EX100-1\/2\/3, EX120-1\/3\/5\/6, EX200-1\/3\/5, EX230-5, EX300-1, EX400<br \/>\nZAX60,ZAX70,ZA120-6,ZAX200\/210-1\/3\/5\/5K,ZAX240,ZAX250,ZAX260,ZAX330-3\/5\/6,ZAX450\/470,ZAX650\/670,ZAX850\/870<\/td>\n<\/tr>\n<tr>\n<td style=\"width: 11.2661%;\">\n<div class=\"magic-32\"><b data-spm-anchor-id=\"a2700.details.0.i55.45d84a73e99C9z\">DOOSAN (DH\/DX)<\/b><\/div>\n<\/td>\n<td style=\"width: 88.6266%;\">\n<div class=\"magic-33\"><span class=\"magic-34\">DH55, DH60, DH80,DH150, DH215-5\/7,DH220-5,DH225-5\/7,DH258,DH300-5\/7, DH370,DH420,DH500<br \/>\nDX55, DX60, DX75, DX130, DX225-9, DX300, DX380, DX420, DX500<\/span><\/div>\n<\/td>\n<\/tr>\n<tr>\n<td style=\"width: 11.2661%;\">\n<div class=\"magic-32\"><b>VOLVO (ES)<\/b><\/div>\n<\/td>\n<td style=\"width: 88.6266%;\">\n<div class=\"magic-33\"><span class=\"magic-34\">EC55, EC60, EC75, EC80, EC140, EC210B\/D, EC220D, EC240, EC250, EC290, EC300, EC360, EC380, EC460, EC480, EC700, EC750, EC950<\/span><\/div>\n<\/td>\n<\/tr>\n<tr>\n<td style=\"width: 11.2661%;\">\n<div class=\"magic-32\"><b>KATO (HD)<\/b><\/div>\n<\/td>\n<td style=\"width: 88.6266%;\">\n<div class=\"magic-33\"><span class=\"magic-34\">HD307\/308, HD450, HD512, HD700-5\/7, HD820-1\/2\/3\/5\/R, HD1023-1\/3, HD1430-1\/3<\/span><\/div>\n<\/td>\n<\/tr>\n<tr>\n<td style=\"width: 11.2661%;\">\n<div class=\"magic-32\"><b>IN\u00c1 ZNA\u010cKA<\/b><\/div>\n<\/td>\n<td style=\"width: 88.6266%;\">\n<div class=\"magic-33\"><span class=\"magic-34\">XCMG,LIUGONG,KUBOTA,CASE,YANMAR,SUNWARD,ZOOMLION,LISHIDE,LIEHERR<\/span><\/div>\n<\/td>\n<\/tr>\n<\/tbody>\n<\/table>\n<h3>Princ\u00edp hydraulick\u00e9ho valca riadenia v\u00fdlo\u017en\u00edka pre pracovn\u00e9 vozidl\u00e1<\/h3>\n<p>Hydraulick\u00fd valec riadenia plo\u0161inov\u00e9ho pracovn\u00e9ho vozidla funguje na princ\u00edpoch hydrauliky, pri\u010dom vyu\u017e\u00edva tlak kvapaliny na generovanie pohybu a sily na riadenie vozidla. Tu je rozpis fungovania:<\/p>\n<h4>1. Hydraulick\u00e1 dynamika tekut\u00edn<\/h4>\n<p>Valec obsahuje hydraulick\u00fa kvapalinu, zvy\u010dajne olej, ktor\u00e1 sa pou\u017e\u00edva na prenos v\u00fdkonu. Ke\u010f obsluha zapne ovl\u00e1danie riadenia, \u010derpadlo nasmeruje hydraulick\u00fa kvapalinu do valca.<\/p>\n<h4>2. Pohyb piestu<\/h4>\n<p>Vo vn\u00fatri valca je umiestnen\u00fd piest, ktor\u00fd rozde\u013euje valec na dve komory. Ke\u010f hydraulick\u00e1 kvapalina vst\u00fapi do jednej komory, tla\u010d\u00ed na piest a sp\u00f4sobuje jeho pohyb. Tento pohyb sa premieta do riadenia vozidla.<\/p>\n<h4>3. Regul\u00e1cia tlaku kvapaliny<\/h4>\n<p>Mno\u017estvo hydraulickej kvapaliny a jej tlak sa reguluj\u00fa tak, aby sa riadila r\u00fdchlos\u0165 a sila pohybu piestu. Nastaven\u00edm prietoku kvapaliny m\u00f4\u017ee obsluha dosiahnu\u0165 presn\u00e9 reakcie riadenia, \u010do umo\u017e\u0148uje plynul\u00e9 a presn\u00e9 man\u00e9vrovanie.<\/p>\n<h4>4. Mechanizmus n\u00e1vratu<\/h4>\n<p>Po dosiahnut\u00ed po\u017eadovan\u00e9ho uhla riadenia sa hydraulick\u00e1 kvapalina presmeruje sp\u00e4\u0165 do z\u00e1sobn\u00edka, \u010do umo\u017en\u00ed piestu vr\u00e1ti\u0165 sa do p\u00f4vodnej polohy. Tento n\u00e1vrat je nevyhnutn\u00fd pre resetovanie mechanizmu riadenia a pr\u00edpravu na \u010fal\u0161\u00ed man\u00e9ver.<\/p>\n<h4>5. Bezpe\u010dnostn\u00e9 prvky<\/h4>\n<p>Mnoh\u00e9 hydraulick\u00e9 valce riadenia obsahuj\u00fa bezpe\u010dnostn\u00e9 mechanizmy, ako s\u00fa napr\u00edklad pretlakov\u00e9 ventily, ktor\u00e9 zabra\u0148uj\u00fa pre\u0165a\u017eeniu a zabezpe\u010duj\u00fa stabiln\u00fa prev\u00e1dzku. Tieto funkcie pom\u00e1haj\u00fa udr\u017eiava\u0165 kontrolu a predch\u00e1dza\u0165 nehod\u00e1m po\u010das prev\u00e1dzky vozidla.<\/p>\n<p>Efekt\u00edvne vyu\u017eitie hydraulick\u00fdch princ\u00edpov riadiaceho hydraulick\u00e9ho valca umo\u017e\u0148uje presn\u00e9 ovl\u00e1danie a man\u00e9vrovate\u013enos\u0165 v\u00fdlo\u017en\u00edkov\u00fdch plo\u0161inov\u00fdch pracovn\u00fdch vozidiel. Premenou hydraulick\u00e9ho tlaku na line\u00e1rny pohyb umo\u017e\u0148uje oper\u00e1torom bezpe\u010dne a efekt\u00edvne sa pohybova\u0165 v zlo\u017eit\u00fdch prostrediach, v\u010faka \u010domu je nevyhnutnou s\u00fa\u010das\u0165ou pri leteck\u00fdch pr\u00e1cach.<\/p>\n<h2>O FMP<\/h2>\n<p>Spolo\u010dnos\u0165 FMP je \u0161pecializovan\u00fd v\u00fdrobca hydraulick\u00fdch valcov, zn\u00e1my svojim siln\u00fdm d\u00f4razom na v\u00fdskum a excelentnos\u0165 vo v\u00fdrobe. Od svojho vzniku sa spolo\u010dnos\u0165 venuje neust\u00e1lemu v\u00fdvoju technol\u00f3gie hydraulick\u00fdch valcov. Spo\u010diatku spolo\u010dnos\u0165 FMP vyr\u00e1bala \u0161irok\u00fa \u0161k\u00e1lu produktov pre zberov\u00e9 a stavebn\u00e9 stroje; odvtedy sa v\u0161ak zameriava najm\u00e4 na komponenty pre po\u013enohospod\u00e1rske traktory.<\/p>\n<p>Spolo\u010dnos\u0165 FMP s viac ako desa\u0165ro\u010dn\u00fdmi sk\u00fasenos\u0165ami vo v\u00fdrobe kombinuje rozsiahle mana\u017e\u00e9rske sk\u00fasenosti s pokro\u010dil\u00fdmi v\u00fdrobn\u00fdmi technol\u00f3giami, aby zabezpe\u010dila najvy\u0161\u0161ie \u0161tandardy kvality svojich produktov. Spolo\u010dnos\u0165 vybudovala komplexn\u00fa obr\u00e1baciu v\u00fdrobn\u00fa linku, mont\u00e1\u017enu linku a linku na lakovanie, \u010do jej umo\u017e\u0148uje poskytova\u0165 spo\u013eahliv\u00e9 a efekt\u00edvne v\u00fdrobn\u00e9 procesy.<\/p>\n<p>Rast spolo\u010dnosti FMP podporuje \u0161pecializovan\u00fd t\u00edm zlo\u017een\u00fd zo sk\u00fasen\u00fdch mana\u017e\u00e9rov, kvalifikovan\u00fdch strojn\u00fdch kon\u0161trukt\u00e9rov a vysokokvalifikovan\u00fdch technikov. Tento kolaborat\u00edvny pr\u00edstup zabezpe\u010duje konzistentn\u00fa kvalitu v\u00fdrobkov a efekt\u00edvne riadi kontinuitu procesov, \u010d\u00edm zvy\u0161uje celkov\u00fa efektivitu v\u00fdroby.<\/p>\n<p>Jadrom filozofie spolo\u010dnosti FMP s\u00fa hodnoty \u201eTechnologick\u00e1 inov\u00e1cia poh\u00e1\u0148aj\u00faca pokrok\u201c, \u201eKvalita vytv\u00e1raj\u00faca zna\u010dky\u201c, \u201eRemeseln\u00e9 spracovanie zabezpe\u010duj\u00face kvalitu\u201c a \u201eBudovanie dlhodob\u00fdch obojstranne v\u00fdhodn\u00fdch vz\u0165ahov\u201c. Spolo\u010dnos\u0165 sa zaviazala poskytova\u0165 vysokokvalitn\u00e9 produkty a z\u00e1rove\u0148 poskytova\u0165 v\u00fdnimo\u010dn\u00fd z\u00e1kazn\u00edcky servis. FMP sa neust\u00e1le sna\u017e\u00ed prisp\u00f4sobova\u0165 meniacim sa potreb\u00e1m trhu a prezentuje sa ako d\u00f4veryhodn\u00fd partner v odvetv\u00ed po\u013enohospod\u00e1rskych strojov. Prostredn\u00edctvom svojho z\u00e1v\u00e4zku k inov\u00e1ci\u00e1m a kvalite sa FMP sna\u017e\u00ed v\u00fdznamne prispie\u0165 k pokroku v hydraulickej technol\u00f3gii v po\u013enohospod\u00e1rskom sektore.<\/p>\n<p><img loading=\"lazy\" decoding=\"async\" class=\"alignnone wp-image-359\" src=\"https:\/\/fmp-components.com\/wp-content\/uploads\/2024\/12\/fmp-factory-3.webp\" sizes=\"(min-width: 0px) and (max-width: 480px) 480px, (min-width: 481px) 914px, 100vw\" srcset=\"https:\/\/fmp-components.com\/wp-content\/uploads\/2024\/12\/fmp-factory-3.webp 914w, https:\/\/fmp-components.com\/wp-content\/uploads\/2024\/12\/fmp-factory-3-480x321.webp 480w\" alt=\"fmp-factory\" width=\"914\" height=\"612\" title=\"\"><\/p>\n<p>Autor\uff1a CX<\/p>","protected":false},"excerpt":{"rendered":"<p>Hydraulick\u00fd valec riadenia pre plo\u0161iny je z\u00e1kladn\u00fdm komponentom ur\u010den\u00fdm na zabezpe\u010denie presn\u00e9ho ovl\u00e1dania riadenia pre plo\u0161iny. Tento hydraulick\u00fd valec umo\u017e\u0148uje plynul\u00fa a pohotov\u00fa man\u00e9vrovate\u013enos\u0165, \u010do umo\u017e\u0148uje obsluhe pohybova\u0165 sa v stiesnen\u00fdch priestoroch a presne polohova\u0165 vozidlo po\u010das r\u00f4znych \u00faloh. Je vyroben\u00fd z vysokopevnostn\u00fdch materi\u00e1lov, \u010do zaru\u010duje odolnos\u0165 a spo\u013eahlivos\u0165 v n\u00e1ro\u010dn\u00fdch prostrediach. \u00da\u010dinn\u00fd hydraulick\u00fd syst\u00e9m nielen zlep\u0161uje v\u00fdkon riadenia, ale prispieva aj k celkovej prev\u00e1dzkovej bezpe\u010dnosti. V\u010faka svojej schopnosti u\u013eah\u010di\u0165 navig\u00e1ciu je tento hydraulick\u00fd valec riadenia k\u013e\u00fa\u010dov\u00fd pre maximaliz\u00e1ciu \u00fa\u010dinnosti plo\u0161in v stavebn\u00edctve, \u00fadr\u017ebe a verejn\u00fdch slu\u017eb\u00e1ch.<\/p>","protected":false},"featured_media":416,"comment_status":"open","ping_status":"closed","template":"","meta":{"_et_pb_use_builder":"","_et_pb_old_content":"","_et_gb_content_width":""},"product_brand":[],"product_cat":[22],"product_tag":[],"class_list":{"0":"post-411","1":"product","2":"type-product","3":"status-publish","4":"has-post-thumbnail","6":"product_cat-aerial-work-vehicle-hydraulic-cylinders","8":"first","9":"instock","10":"shipping-taxable","11":"product-type-simple"},"_links":{"self":[{"href":"https:\/\/fmp-components.com\/sk\/wp-json\/wp\/v2\/product\/411","targetHints":{"allow":["GET"]}}],"collection":[{"href":"https:\/\/fmp-components.com\/sk\/wp-json\/wp\/v2\/product"}],"about":[{"href":"https:\/\/fmp-components.com\/sk\/wp-json\/wp\/v2\/types\/product"}],"replies":[{"embeddable":true,"href":"https:\/\/fmp-components.com\/sk\/wp-json\/wp\/v2\/comments?post=411"}],"wp:featuredmedia":[{"embeddable":true,"href":"https:\/\/fmp-components.com\/sk\/wp-json\/wp\/v2\/media\/416"}],"wp:attachment":[{"href":"https:\/\/fmp-components.com\/sk\/wp-json\/wp\/v2\/media?parent=411"}],"wp:term":[{"taxonomy":"product_brand","embeddable":true,"href":"https:\/\/fmp-components.com\/sk\/wp-json\/wp\/v2\/product_brand?post=411"},{"taxonomy":"product_cat","embeddable":true,"href":"https:\/\/fmp-components.com\/sk\/wp-json\/wp\/v2\/product_cat?post=411"},{"taxonomy":"product_tag","embeddable":true,"href":"https:\/\/fmp-components.com\/sk\/wp-json\/wp\/v2\/product_tag?post=411"}],"curies":[{"name":"pracovn\u00fd list","href":"https:\/\/api.w.org\/{rel}","templated":true}]}}