{"id":397,"date":"2024-12-10T02:38:22","date_gmt":"2024-12-10T02:38:22","guid":{"rendered":"https:\/\/fmp-components.com\/?page_id=8"},"modified":"2024-12-10T02:54:39","modified_gmt":"2024-12-10T02:54:39","slug":"scissor-fork-aerial-work-vehicle-lifting-hydraulic-cylinder","status":"publish","type":"product","link":"https:\/\/fmp-components.com\/sk\/product\/scissor-fork-aerial-work-vehicle-lifting-hydraulic-cylinder\/","title":{"rendered":"Hydraulick\u00fd valec na zdv\u00edhanie no\u017enicov\u00fdch vidl\u00edc pre leteck\u00e9 pracovn\u00e9 vozidl\u00e1"},"content":{"rendered":"<p style=\"text-align: center;\"><span style=\"font-size: 18pt;\">Hydraulick\u00fd valec na zdv\u00edhanie no\u017enicov\u00fdch vidl\u00edc pre leteck\u00e9 pracovn\u00e9 vozidl\u00e1<\/span><\/p>\n<p>Hydraulick\u00fd valec pre zdv\u00edhanie plo\u0161inov\u00fdch pracovn\u00fdch vozidiel s no\u017enicov\u00fdmi vidlicami je z\u00e1kladn\u00fdm komponentom ur\u010den\u00fdm na zabezpe\u010denie spo\u013eahliv\u00e9ho zdv\u00edhacieho v\u00fdkonu pre no\u017enicov\u00e9 zdv\u00edhacie plo\u0161iny. Tento hydraulick\u00fd valec je navrhnut\u00fd pre optim\u00e1lny v\u00fdkon, ktor\u00fd umo\u017e\u0148uje plynul\u00e9 a kontrolovan\u00e9 zdv\u00edhanie plo\u0161iny, \u010do je k\u013e\u00fa\u010dov\u00e9 pre bezpe\u010dn\u00fd a efekt\u00edvny pr\u00edstup k vyv\u00fd\u0161en\u00fdm pracovn\u00fdm ploch\u00e1m.<\/p>\n<p><img loading=\"lazy\" decoding=\"async\" class=\"size-full wp-image-407 aligncenter\" src=\"https:\/\/fmp-components.com\/wp-content\/uploads\/2024\/12\/Scissor-Fork-Aerial-Work-Vehicle-Lifting-Hydraulic-Cylinder.webp\" alt=\"Hydraulick\u00fd valec na zdv\u00edhanie no\u017enicov\u00fdch vidl\u00edc pre leteck\u00e9 pracovn\u00e9 vozidl\u00e1\" width=\"500\" height=\"500\" title=\"\" srcset=\"https:\/\/fmp-components.com\/wp-content\/uploads\/2024\/12\/Scissor-Fork-Aerial-Work-Vehicle-Lifting-Hydraulic-Cylinder.webp 500w, https:\/\/fmp-components.com\/wp-content\/uploads\/2024\/12\/Scissor-Fork-Aerial-Work-Vehicle-Lifting-Hydraulic-Cylinder-480x480.webp 480w\" sizes=\"(min-width: 0px) and (max-width: 480px) 480px, (min-width: 481px) 500px, 100vw\" \/><\/p>\n<h4>K\u013e\u00fa\u010dov\u00e9 vlastnosti:<\/h4>\n<ul>\n<li>Robustn\u00e1 kon\u0161trukcia: Tento zdv\u00edhac\u00ed hydraulick\u00fd valec je vyroben\u00fd z vysokopevnostn\u00fdch materi\u00e1lov a je skon\u0161truovan\u00fd tak, aby odolal \u0165a\u017ek\u00fdm za\u0165a\u017eeniam a n\u00e1ro\u010dn\u00fdm pracovn\u00fdm podmienkam, \u010d\u00edm zais\u0165uje odolnos\u0165 a dlhotrvaj\u00faci v\u00fdkon.<\/li>\n<li>Plynul\u00e1 hydraulick\u00e1 prev\u00e1dzka: Pokro\u010dil\u00fd hydraulick\u00fd syst\u00e9m umo\u017e\u0148uje plynul\u00e9 zdv\u00edhanie a sp\u00fa\u0161\u0165anie a poskytuje oper\u00e1torom presn\u00fa kontrolu nad v\u00fd\u0161kou plo\u0161iny po\u010das r\u00f4znych \u00faloh.<\/li>\n<li>Zv\u00fd\u0161en\u00e1 bezpe\u010dnos\u0165: Valec, navrhnut\u00fd s oh\u013eadom na bezpe\u010dnos\u0165, obsahuje prvky, ktor\u00e9 zabra\u0148uj\u00fa n\u00e1hlym pohybom a zabezpe\u010duj\u00fa stabiln\u00fa prev\u00e1dzku, \u010d\u00edm zni\u017euj\u00fa riziko neh\u00f4d pri pr\u00e1ci vo v\u00fd\u0161kach.<\/li>\n<li>V\u0161estrann\u00e9 pou\u017eitie: Tento zdv\u00edhac\u00ed hydraulick\u00fd valec je ide\u00e1lny pre \u0161irok\u00fa \u0161k\u00e1lu aplik\u00e1ci\u00ed vr\u00e1tane stavebn\u00edctva, \u00fadr\u017eby a priemyseln\u00e9ho prostredia a vylep\u0161uje funk\u010dnos\u0165 vysokozdvi\u017en\u00fdch pracovn\u00fdch vozidiel s no\u017enicov\u00fdmi vidlicami.<\/li>\n<li>Jednoduch\u00e1 integr\u00e1cia: Valec je navrhnut\u00fd pre jednoduch\u00fa in\u0161tal\u00e1ciu do existuj\u00facich v\u00fd\u0165ahov\u00fdch syst\u00e9mov, \u010d\u00edm sa minimalizuj\u00fa prestoje a umo\u017e\u0148uje r\u00fdchle nasadenie v ter\u00e9ne.<\/li>\n<\/ul>\n<p>Stru\u010dne povedan\u00e9, hydraulick\u00fd valec na zdv\u00edhanie plo\u0161inov\u00fdch pracovn\u00fdch plo\u0161\u00edn s no\u017enicov\u00fdmi vidlicami je k\u013e\u00fa\u010dovou s\u00fa\u010das\u0165ou, ktor\u00e1 zvy\u0161uje bezpe\u010dnos\u0165, efektivitu a produktivitu plo\u0161inov\u00fdch pracovn\u00fdch plo\u0161\u00edn, v\u010faka \u010domu je nevyhnutn\u00fdm n\u00e1strojom pre oper\u00e1torov v r\u00f4znych odvetviach, ktor\u00ed vy\u017eaduj\u00fa rie\u0161enia pre zv\u00fd\u0161en\u00fd pr\u00edstup.<\/p>\n<h2>\u010casti hydraulick\u00e9ho valca pre zdv\u00edhanie pracovn\u00fdch vozidiel s no\u017enicovou vidli\u010dkou:<\/h2>\n<p><img loading=\"lazy\" decoding=\"async\" class=\"alignnone size-full wp-image-404\" src=\"https:\/\/fmp-components.com\/wp-content\/uploads\/2024\/12\/Scissor-Fork-Aerial-Work-Vehicle-Lifting-Hydraulic-Cylinder-Parts.webp\" alt=\"\" width=\"1024\" height=\"634\" title=\"\" srcset=\"https:\/\/fmp-components.com\/wp-content\/uploads\/2024\/12\/Scissor-Fork-Aerial-Work-Vehicle-Lifting-Hydraulic-Cylinder-Parts.webp 1024w, https:\/\/fmp-components.com\/wp-content\/uploads\/2024\/12\/Scissor-Fork-Aerial-Work-Vehicle-Lifting-Hydraulic-Cylinder-Parts-980x607.webp 980w, https:\/\/fmp-components.com\/wp-content\/uploads\/2024\/12\/Scissor-Fork-Aerial-Work-Vehicle-Lifting-Hydraulic-Cylinder-Parts-480x297.webp 480w\" sizes=\"(min-width: 0px) and (max-width: 480px) 480px, (min-width: 481px) and (max-width: 980px) 980px, (min-width: 981px) 1024px, 100vw\" \/><\/p>\n<table class=\"has-title all magic-26\" style=\"width: 97.5988%; height: 214px;\" border=\"1\" cellspacing=\"0\" cellpadding=\"0\">\n<tbody>\n<tr>\n<td style=\"width: 6.0665%;\" colspan=\"1\" rowspan=\"1\">\n<div class=\"magic-27\" data-spm-anchor-id=\"a2700.details.0.i26.201d6d46acEaSr\">1<\/div>\n<\/td>\n<td style=\"width: 52.9018%;\" colspan=\"1\" rowspan=\"1\">\n<div class=\"magic-28\">Zostava telesa valca<\/div>\n<\/td>\n<td style=\"width: 6.16271%;\" colspan=\"1\" rowspan=\"1\">\n<div class=\"magic-27\">9<\/div>\n<\/td>\n<td style=\"width: 34.6345%;\" colspan=\"1\" rowspan=\"1\">\n<div class=\"magic-29\">Du Bush<\/div>\n<\/td>\n<\/tr>\n<tr>\n<td style=\"width: 6.0665%;\" colspan=\"1\" rowspan=\"1\">\n<div class=\"magic-27\">2<\/div>\n<\/td>\n<td style=\"width: 52.9018%;\" colspan=\"1\" rowspan=\"1\">\n<div class=\"magic-28\">Vodiaci puzdro<\/div>\n<\/td>\n<td style=\"width: 6.16271%;\" colspan=\"1\" rowspan=\"1\">\n<div class=\"magic-27\">10<\/div>\n<\/td>\n<td style=\"width: 34.6345%;\" colspan=\"1\" rowspan=\"1\">\n<div class=\"magic-29\">O-kr\u00fa\u017eok<\/div>\n<\/td>\n<\/tr>\n<tr>\n<td style=\"width: 6.0665%;\" colspan=\"1\" rowspan=\"1\">\n<div class=\"magic-27\">3<\/div>\n<\/td>\n<td style=\"width: 52.9018%;\" colspan=\"1\" rowspan=\"1\">\n<div class=\"magic-28\">Piest<\/div>\n<\/td>\n<td style=\"width: 6.16271%;\" colspan=\"1\" rowspan=\"1\">\n<div class=\"magic-27\">11<\/div>\n<\/td>\n<td style=\"width: 34.6345%;\" colspan=\"1\" rowspan=\"1\">\n<div class=\"magic-29\">O-kr\u00fa\u017eok<\/div>\n<\/td>\n<\/tr>\n<tr>\n<td style=\"width: 6.0665%;\" colspan=\"1\" rowspan=\"1\">\n<div class=\"magic-27\">4<\/div>\n<\/td>\n<td style=\"width: 52.9018%;\" colspan=\"1\" rowspan=\"1\">\n<div class=\"magic-28\">Piestna ty\u010d<\/div>\n<\/td>\n<td style=\"width: 6.16271%;\" colspan=\"1\" rowspan=\"1\">\n<div class=\"magic-27\">12<\/div>\n<\/td>\n<td style=\"width: 34.6345%;\" colspan=\"1\" rowspan=\"1\">\n<div class=\"magic-29\">Tesnenie otvoru<\/div>\n<\/td>\n<\/tr>\n<tr>\n<td style=\"width: 6.0665%;\" colspan=\"1\" rowspan=\"1\">\n<div class=\"magic-27\">5<\/div>\n<\/td>\n<td style=\"width: 52.9018%;\" colspan=\"1\" rowspan=\"1\">\n<div class=\"magic-28\">Kompozitn\u00e9 lo\u017eisko<\/div>\n<\/td>\n<td style=\"width: 6.16271%;\" colspan=\"1\" rowspan=\"1\">\n<div class=\"magic-27\">13<\/div>\n<\/td>\n<td style=\"width: 34.6345%;\" colspan=\"1\" rowspan=\"1\">\n<div class=\"magic-29\">Opotrebite\u013en\u00fd kr\u00fa\u017eok<\/div>\n<\/td>\n<\/tr>\n<tr>\n<td style=\"width: 6.0665%;\" colspan=\"1\" rowspan=\"1\">\n<div class=\"magic-27\">6<\/div>\n<\/td>\n<td style=\"width: 52.9018%;\" colspan=\"1\" rowspan=\"1\">\n<div class=\"magic-28\">Stiera\u010d prachu<\/div>\n<\/td>\n<td style=\"width: 6.16271%;\" colspan=\"1\" rowspan=\"1\">\n<div class=\"magic-27\">14<\/div>\n<\/td>\n<td style=\"width: 34.6345%;\" colspan=\"1\" rowspan=\"1\">\n<div class=\"magic-29\">Nastavovacie skrutky<\/div>\n<\/td>\n<\/tr>\n<tr>\n<td style=\"width: 6.0665%;\" colspan=\"1\" rowspan=\"1\">\n<div class=\"magic-27\">7<\/div>\n<\/td>\n<td style=\"width: 52.9018%;\" colspan=\"1\" rowspan=\"1\">\n<div class=\"magic-28\">U-kr\u00fa\u017eok<\/div>\n<\/td>\n<td style=\"width: 6.16271%;\" colspan=\"1\" rowspan=\"1\">\n<div class=\"magic-27\">15<\/div>\n<\/td>\n<td style=\"width: 34.6345%;\" colspan=\"1\" rowspan=\"1\">\n<div class=\"magic-29\">Kryt proti prachu<\/div>\n<\/td>\n<\/tr>\n<tr>\n<td style=\"width: 6.0665%;\" colspan=\"1\" rowspan=\"1\">\n<div class=\"magic-27\">8<\/div>\n<\/td>\n<td style=\"width: 52.9018%;\" colspan=\"1\" rowspan=\"1\">\n<div class=\"magic-28\">O-kr\u00fa\u017eok<\/div>\n<\/td>\n<td style=\"width: 6.16271%;\" colspan=\"1\" rowspan=\"1\">\n<div class=\"magic-27\"><\/div>\n<\/td>\n<td style=\"width: 34.6345%;\" colspan=\"1\" rowspan=\"1\"><\/td>\n<\/tr>\n<\/tbody>\n<\/table>\n<h2>Rozmery hydraulick\u00e9ho valca pre zdv\u00edhanie plo\u0161inov\u00fdch pracovn\u00fdch vozidiel s no\u017enicov\u00fdmi vidlicami:<\/h2>\n<table>\n<tbody>\n<tr>\n<td><img loading=\"lazy\" decoding=\"async\" class=\"alignnone size-full wp-image-400\" src=\"https:\/\/fmp-components.com\/wp-content\/uploads\/2024\/12\/Scissor-Fork-Aerial-Work-Vehicle-Lifting-Hydraulic-Cylinder-Dimensions-1.webp\" alt=\"\" width=\"680\" height=\"210\" title=\"\" srcset=\"https:\/\/fmp-components.com\/wp-content\/uploads\/2024\/12\/Scissor-Fork-Aerial-Work-Vehicle-Lifting-Hydraulic-Cylinder-Dimensions-1.webp 680w, https:\/\/fmp-components.com\/wp-content\/uploads\/2024\/12\/Scissor-Fork-Aerial-Work-Vehicle-Lifting-Hydraulic-Cylinder-Dimensions-1-480x148.webp 480w\" sizes=\"(min-width: 0px) and (max-width: 480px) 480px, (min-width: 481px) 680px, 100vw\" \/><\/td>\n<td><img loading=\"lazy\" decoding=\"async\" class=\"alignnone size-full wp-image-401\" src=\"https:\/\/fmp-components.com\/wp-content\/uploads\/2024\/12\/Scissor-Fork-Aerial-Work-Vehicle-Lifting-Hydraulic-Cylinder-Dimensions-2.webp\" alt=\"\" width=\"680\" height=\"210\" title=\"\" srcset=\"https:\/\/fmp-components.com\/wp-content\/uploads\/2024\/12\/Scissor-Fork-Aerial-Work-Vehicle-Lifting-Hydraulic-Cylinder-Dimensions-2.webp 680w, https:\/\/fmp-components.com\/wp-content\/uploads\/2024\/12\/Scissor-Fork-Aerial-Work-Vehicle-Lifting-Hydraulic-Cylinder-Dimensions-2-480x148.webp 480w\" sizes=\"(min-width: 0px) and (max-width: 480px) 480px, (min-width: 481px) 680px, 100vw\" \/><\/td>\n<\/tr>\n<\/tbody>\n<\/table>\n<table border=\"1\" cellspacing=\"0\" cellpadding=\"0\">\n<tbody>\n<tr>\n<td width=\"246\">N\u00e1zov valca<\/td>\n<td width=\"336\">\u010c\u00edslo v\u00fdkresu<\/td>\n<td width=\"126\">Priemer otvoru (D)<\/td>\n<td width=\"123\">Priemer ty\u010de (d)<\/td>\n<td width=\"114\">Zdvih (S)<\/td>\n<td width=\"170\">In\u0161tala\u010dn\u00e1 vzdialenos\u0165 (L)<\/td>\n<td width=\"172\">Pracovn\u00fd tlak<\/td>\n<td width=\"366\">Rozmery rozhrania (M)<\/td>\n<td width=\"96\">Hmotnos\u0165<\/td>\n<\/tr>\n<tr>\n<td class=\"et3\" width=\"246\" height=\"173\">Zdv\u00edhac\u00ed valec<\/td>\n<td class=\"et4\" width=\"336\">78XEN-620100-001<\/td>\n<td class=\"et4\" width=\"126\">\u03a665<\/td>\n<td class=\"et4\" width=\"123\">\u03a645<\/td>\n<td class=\"et4\" width=\"114\">840<\/td>\n<td class=\"et4\" width=\"170\">1075<\/td>\n<td class=\"et4\" width=\"172\">18 MPa<\/td>\n<td class=\"et4\" width=\"366\">G1\/4; \u03a66; M14*1,5<\/td>\n<td class=\"et4\" width=\"96\">27 kg<\/td>\n<\/tr>\n<\/tbody>\n<\/table>\n<table>\n<tbody>\n<tr>\n<td><img loading=\"lazy\" decoding=\"async\" class=\"alignnone size-full wp-image-402\" src=\"https:\/\/fmp-components.com\/wp-content\/uploads\/2024\/12\/Scissor-Fork-Aerial-Work-Vehicle-Lifting-Hydraulic-Cylinder-Dimensions-3.webp\" alt=\"\" width=\"680\" height=\"300\" title=\"\" srcset=\"https:\/\/fmp-components.com\/wp-content\/uploads\/2024\/12\/Scissor-Fork-Aerial-Work-Vehicle-Lifting-Hydraulic-Cylinder-Dimensions-3.webp 680w, https:\/\/fmp-components.com\/wp-content\/uploads\/2024\/12\/Scissor-Fork-Aerial-Work-Vehicle-Lifting-Hydraulic-Cylinder-Dimensions-3-480x212.webp 480w\" sizes=\"(min-width: 0px) and (max-width: 480px) 480px, (min-width: 481px) 680px, 100vw\" \/><\/td>\n<td><img loading=\"lazy\" decoding=\"async\" class=\"alignnone size-full wp-image-403\" src=\"https:\/\/fmp-components.com\/wp-content\/uploads\/2024\/12\/Scissor-Fork-Aerial-Work-Vehicle-Lifting-Hydraulic-Cylinder-Dimensions-4.webp\" alt=\"\" width=\"680\" height=\"300\" title=\"\" srcset=\"https:\/\/fmp-components.com\/wp-content\/uploads\/2024\/12\/Scissor-Fork-Aerial-Work-Vehicle-Lifting-Hydraulic-Cylinder-Dimensions-4.webp 680w, https:\/\/fmp-components.com\/wp-content\/uploads\/2024\/12\/Scissor-Fork-Aerial-Work-Vehicle-Lifting-Hydraulic-Cylinder-Dimensions-4-480x212.webp 480w\" sizes=\"(min-width: 0px) and (max-width: 480px) 480px, (min-width: 481px) 680px, 100vw\" \/><\/td>\n<\/tr>\n<\/tbody>\n<\/table>\n<table style=\"width: 100%; height: 168px;\" border=\"1\" cellspacing=\"0\" cellpadding=\"0\">\n<tbody>\n<tr style=\"height: 71px;\">\n<td style=\"height: 71px;\" width=\"246\">N\u00e1zov valca<\/td>\n<td style=\"height: 71px;\" width=\"336\">\u010c\u00edslo v\u00fdkresu<\/td>\n<td style=\"height: 71px;\" width=\"126\">Priemer otvoru (D)<\/td>\n<td style=\"height: 71px;\" width=\"123\">Priemer ty\u010de (d)<\/td>\n<td style=\"height: 71px;\" width=\"114\">Zdvih (S)<\/td>\n<td style=\"height: 71px;\" width=\"170\">In\u0161tala\u010dn\u00e1 vzdialenos\u0165 (L)<\/td>\n<td style=\"height: 71px;\" width=\"172\">Pracovn\u00fd tlak<\/td>\n<td style=\"height: 71px;\" width=\"366\">Rozmery rozhrania (M)<\/td>\n<td style=\"height: 71px;\" width=\"96\">Hmotnos\u0165<\/td>\n<\/tr>\n<tr style=\"height: 53px;\">\n<td class=\"et3\" style=\"height: 53px;\" width=\"246\" height=\"222\">Zdv\u00edhac\u00ed valec<\/td>\n<td class=\"et4\" style=\"height: 53px;\" width=\"336\">JCPT1212HD-531000-00A<\/td>\n<td class=\"et4\" style=\"height: 53px;\" width=\"126\">\u03a675<\/td>\n<td class=\"et4\" style=\"height: 53px;\" width=\"123\">\u03a663<\/td>\n<td class=\"et4\" style=\"height: 53px;\" width=\"114\">1269<\/td>\n<td class=\"et4\" style=\"height: 53px;\" width=\"170\">1530<\/td>\n<td class=\"et4\" style=\"height: 53px;\" width=\"172\">25 MPa<\/td>\n<td class=\"et4\" style=\"height: 53px;\" width=\"366\">G1\/4; M18*1,5<\/td>\n<td class=\"et4\" style=\"height: 53px;\" width=\"96\">60 kg<\/td>\n<\/tr>\n<tr style=\"height: 44px;\">\n<td class=\"et3\" style=\"height: 44px;\" width=\"246\" height=\"222\">Zdv\u00edhac\u00ed valec<\/td>\n<td class=\"et4\" style=\"height: 44px;\">JCPT0607DCS-531000-00A<\/td>\n<td class=\"et4\" style=\"height: 44px;\">\u03a663<\/td>\n<td class=\"et4\" style=\"height: 44px;\">\u03a640<\/td>\n<td class=\"et4\" style=\"height: 44px;\">563<\/td>\n<td class=\"et4\" style=\"height: 44px;\">812<\/td>\n<td class=\"et4\" style=\"height: 44px;\">20 MPa<\/td>\n<td class=\"et4\" style=\"height: 44px;\">G1\/4; M18*1,5<\/td>\n<td class=\"et4\" style=\"height: 44px;\">17 kg<\/td>\n<\/tr>\n<\/tbody>\n<\/table>\n<h2>Dostupn\u00e9 zna\u010dky a modely hydraulick\u00fdch valcov:<\/h2>\n<table border=\"1\" cellspacing=\"0\" cellpadding=\"0\">\n<tbody>\n<tr>\n<td><b data-spm-anchor-id=\"a2700.details.0.i43.45d84a73e99C9z\">KOMATSU (PC)<\/b><\/td>\n<td>PC30, PC40, PC50, PC56, PC60, PC78, PC100, PC110, PC120, PC130, PC160, PC200-3\/5\/6\/7\/8\/8MO, PC210, PC220-5\/6\/7\/8\/8MO, PC240, PC300\/350\/360-5\/6\/7\/8\/8MO, PC400\/450-5\/6\/7\/8\/8MO, PC800, PC850<\/td>\n<\/tr>\n<tr>\n<td><b>CATERPILLAR (E)<\/b><\/td>\n<td>E301.5, E302, E305.5, E306, E307V1\/V2\/B\/C\/D\/E\/F, E308B\/C, E120B, E312V1\/V2\/B\/C\/D, E313D2, E312D2, E315D<br \/>\nE200B,E320V1\/V2\/A\/B\/C\/D,E324D,E325C\/D,E329D,E330\/336C\/D,E345C,E349D,E365C,E374,E390<\/td>\n<\/tr>\n<tr>\n<td><b>KOBELCO (SK)<\/b><\/td>\n<td>SK60-3\/5\/8,SK75-8\/SR, SK100 ,SK120-3\/5, SK135-8\/SR, SK140-8, SK200-3\/5\/6\/6E, SK210-3\/5\/6\/6E,<br \/>\nSK230\/250-6E,SK250-8,SK260-8,SK350-8\/S8,SK460\/480-8<\/td>\n<\/tr>\n<tr>\n<td><b>HYUNDAI (R)<\/b><\/td>\n<td>R55-5\/7, R60-5\/7, R80, R110, R130, R200-5, R210-5, R215-5\/7, R220-5\/7\/9, R225-5\/7\/9, R250, R260, R265, R290, R305, R445, R485, R505<\/td>\n<\/tr>\n<tr>\n<td><b data-spm-anchor-id=\"a2700.details.0.i53.45d84a73e99C9z\">HITACHI (napr. ZX)<\/b><\/td>\n<td>EX60, EX100-1\/2\/3, EX120-1\/3\/5\/6, EX200-1\/3\/5, EX230-5, EX300-1, EX400<br \/>\nZAX60,ZAX70,ZA120-6,ZAX200\/210-1\/3\/5\/5K,ZAX240,ZAX250,ZAX260,ZAX330-3\/5\/6,ZAX450\/470,ZAX650\/670,ZAX850\/870<\/td>\n<\/tr>\n<tr>\n<td>\n<div class=\"magic-32\"><b data-spm-anchor-id=\"a2700.details.0.i55.45d84a73e99C9z\">DOOSAN (DH\/DX)<\/b><\/div>\n<\/td>\n<td>\n<div class=\"magic-33\"><span class=\"magic-34\">DH55, DH60, DH80,DH150, DH215-5\/7,DH220-5,DH225-5\/7,DH258,DH300-5\/7, DH370,DH420,DH500<br \/>\nDX55, DX60, DX75, DX130, DX225-9, DX300, DX380, DX420, DX500<\/span><\/div>\n<\/td>\n<\/tr>\n<tr>\n<td>\n<div class=\"magic-32\"><b>VOLVO (ES)<\/b><\/div>\n<\/td>\n<td>\n<div class=\"magic-33\"><span class=\"magic-34\">EC55, EC60, EC75, EC80, EC140, EC210B\/D, EC220D, EC240, EC250, EC290, EC300, EC360, EC380, EC460, EC480, EC700, EC750, EC950<\/span><\/div>\n<\/td>\n<\/tr>\n<tr>\n<td>\n<div class=\"magic-32\"><b>KATO (HD)<\/b><\/div>\n<\/td>\n<td>\n<div class=\"magic-33\"><span class=\"magic-34\">HD307\/308, HD450, HD512, HD700-5\/7, HD820-1\/2\/3\/5\/R, HD1023-1\/3, HD1430-1\/3<\/span><\/div>\n<\/td>\n<\/tr>\n<tr>\n<td>\n<div class=\"magic-32\"><b>IN\u00c1 ZNA\u010cKA<\/b><\/div>\n<\/td>\n<td>\n<div class=\"magic-33\"><span class=\"magic-34\">XCMG,LIUGONG,KUBOTA,CASE,YANMAR,SUNWARD,ZOOMLION,LISHIDE,LIEHERR<\/span><\/div>\n<\/td>\n<\/tr>\n<\/tbody>\n<\/table>\n<h3>V\u00fdhody hydraulick\u00e9ho valca na zdv\u00edhanie pracovn\u00fdch vozidiel s no\u017enicov\u00fdmi vidlicami<\/h3>\n<h4>1. Zv\u00fd\u0161en\u00e1 nosnos\u0165<\/h4>\n<p>Hydraulick\u00fd valec na zdv\u00edhanie plo\u0161inov\u00fdch pracovn\u00fdch vozidiel s no\u017enicov\u00fdmi vidlicami je navrhnut\u00fd tak, aby poskytoval zna\u010dn\u00fa zdv\u00edhaciu silu, ktor\u00e1 umo\u017e\u0148uje bezpe\u010dn\u00e9 zdv\u00edhanie \u0165a\u017ek\u00fdch bremien. T\u00e1to schopnos\u0165 umo\u017e\u0148uje oper\u00e1torom efekt\u00edvne zvl\u00e1da\u0165 r\u00f4zne \u00falohy, od stavebn\u00fdch pr\u00e1c a\u017e po \u00fadr\u017ebu, bez kompromisov v oblasti bezpe\u010dnosti alebo v\u00fdkonu.<\/p>\n<h4>2. Plynul\u00e1 a presn\u00e1 prev\u00e1dzka<\/h4>\n<p>Tento zdv\u00edhac\u00ed valec je vybaven\u00fd pokro\u010dil\u00fdm hydraulick\u00fdm syst\u00e9mom a zais\u0165uje plynul\u00e9 a kontrolovan\u00e9 pohyby. Obsluha m\u00f4\u017ee jednoducho a presne nastavi\u0165 v\u00fd\u0161ku plo\u0161iny, \u010do umo\u017e\u0148uje presn\u00e9 polohovanie pre r\u00f4zne aplik\u00e1cie a zlep\u0161uje celkov\u00fa efektivitu pracovn\u00e9ho postupu.<\/p>\n<h4>3. Robustn\u00e1 odolnos\u0165<\/h4>\n<p>Zdv\u00edhac\u00ed hydraulick\u00fd valec je vyroben\u00fd z vysokopevnostn\u00fdch materi\u00e1lov a je navrhnut\u00fd tak, aby odolal n\u00e1ro\u010dn\u00e9mu prostrediu a intenz\u00edvnemu pou\u017e\u00edvaniu. T\u00e1to odolnos\u0165 vedie k dlh\u0161ej \u017eivotnosti a zn\u00ed\u017een\u00fdm po\u017eiadavk\u00e1m na \u00fadr\u017ebu, \u010do v kone\u010dnom d\u00f4sledku zni\u017euje prev\u00e1dzkov\u00e9 n\u00e1klady pre firmy.<\/p>\n<h4>4. Bezpe\u010dnostn\u00e9 prvky<\/h4>\n<p>Bezpe\u010dnos\u0165 je pri pr\u00e1ci vo v\u00fd\u0161kach prvorad\u00e1 a tento hydraulick\u00fd valec obsahuje prvky navrhnut\u00e9 tak, aby zabr\u00e1nili n\u00e1hlym pohybom a zv\u00fd\u0161ili stabilitu. Tieto bezpe\u010dnostn\u00e9 mechanizmy poskytuj\u00fa obsluhe pokoj, umo\u017e\u0148uj\u00fa im s\u00fastredi\u0165 sa na svoje \u00falohy a z\u00e1rove\u0148 zni\u017euj\u00fa riziko neh\u00f4d.<\/p>\n<h4>5. V\u0161estrannos\u0165 naprie\u010d aplik\u00e1ciami<\/h4>\n<p>Hydraulick\u00fd valec na zdv\u00edhanie plo\u0161inov\u00fdch pracovn\u00fdch vozidiel s no\u017enicov\u00fdmi vidlicami je v\u0161estrann\u00fd a vhodn\u00fd pre \u0161irok\u00fa \u0161k\u00e1lu odvetv\u00ed vr\u00e1tane stavebn\u00edctva, \u00fadr\u017eby a priemyseln\u00fdch aplik\u00e1ci\u00ed. Jeho prisp\u00f4sobivos\u0165 z neho rob\u00ed nevyhnutn\u00fd n\u00e1stroj pre ka\u017ed\u00fa organiz\u00e1ciu, ktor\u00e1 sa spolieha na plo\u0161iny na zdv\u00edhanie plo\u0161in, a zabezpe\u010duje efekt\u00edvne zvl\u00e1dnutie r\u00f4znych \u00faloh vo v\u00fd\u0161kach.<\/p>\n<table style=\"width: 100.251%; height: 397px;\" width=\"290\">\n<tbody>\n<tr style=\"height: 397px;\">\n<td style=\"width: 52.0342%; height: 397px;\" width=\"226\"><img loading=\"lazy\" decoding=\"async\" class=\"wp-image-399 aligncenter\" src=\"https:\/\/fmp-components.com\/wp-content\/uploads\/2024\/12\/Scissor-Fork-Aerial-Work-Vehicle-Lifting-Hydraulic-Cylinder-Applications-2.webp\" alt=\"\" width=\"399\" height=\"399\" title=\"\"><\/td>\n<td style=\"width: 47.3234%; height: 397px;\" width=\"64\"><img loading=\"lazy\" decoding=\"async\" class=\"alignnone wp-image-398\" src=\"https:\/\/fmp-components.com\/wp-content\/uploads\/2024\/12\/Scissor-Fork-Aerial-Work-Vehicle-Lifting-Hydraulic-Cylinder-Applications-1.webp\" alt=\"\" width=\"401\" height=\"401\" title=\"\"><\/td>\n<\/tr>\n<\/tbody>\n<\/table>\n<h2>O FMP<\/h2>\n<p>Spolo\u010dnos\u0165 FMP je \u0161pecializovan\u00fd v\u00fdrobca hydraulick\u00fdch valcov, zn\u00e1my svojim siln\u00fdm d\u00f4razom na v\u00fdskum a excelentnos\u0165 vo v\u00fdrobe. Od svojho vzniku sa spolo\u010dnos\u0165 venuje neust\u00e1lemu v\u00fdvoju technol\u00f3gie hydraulick\u00fdch valcov. Spo\u010diatku spolo\u010dnos\u0165 FMP vyr\u00e1bala \u0161irok\u00fa \u0161k\u00e1lu produktov pre zberov\u00e9 a stavebn\u00e9 stroje; odvtedy sa v\u0161ak zameriava najm\u00e4 na komponenty pre po\u013enohospod\u00e1rske traktory.<\/p>\n<p>Spolo\u010dnos\u0165 FMP s viac ako desa\u0165ro\u010dn\u00fdmi sk\u00fasenos\u0165ami vo v\u00fdrobe kombinuje rozsiahle mana\u017e\u00e9rske sk\u00fasenosti s pokro\u010dil\u00fdmi v\u00fdrobn\u00fdmi technol\u00f3giami, aby zabezpe\u010dila najvy\u0161\u0161ie \u0161tandardy kvality svojich produktov. Spolo\u010dnos\u0165 vybudovala komplexn\u00fa obr\u00e1baciu v\u00fdrobn\u00fa linku, mont\u00e1\u017enu linku a linku na lakovanie, \u010do jej umo\u017e\u0148uje poskytova\u0165 spo\u013eahliv\u00e9 a efekt\u00edvne v\u00fdrobn\u00e9 procesy.<\/p>\n<p>Rast spolo\u010dnosti FMP podporuje \u0161pecializovan\u00fd t\u00edm zlo\u017een\u00fd zo sk\u00fasen\u00fdch mana\u017e\u00e9rov, kvalifikovan\u00fdch strojn\u00fdch kon\u0161trukt\u00e9rov a vysokokvalifikovan\u00fdch technikov. Tento kolaborat\u00edvny pr\u00edstup zabezpe\u010duje konzistentn\u00fa kvalitu v\u00fdrobkov a efekt\u00edvne riadi kontinuitu procesov, \u010d\u00edm zvy\u0161uje celkov\u00fa efektivitu v\u00fdroby.<\/p>\n<p>Jadrom filozofie spolo\u010dnosti FMP s\u00fa hodnoty \u201eTechnologick\u00e1 inov\u00e1cia poh\u00e1\u0148aj\u00faca pokrok\u201c, \u201eKvalita vytv\u00e1raj\u00faca zna\u010dky\u201c, \u201eRemeseln\u00e9 spracovanie zabezpe\u010duj\u00face kvalitu\u201c a \u201eBudovanie dlhodob\u00fdch obojstranne v\u00fdhodn\u00fdch vz\u0165ahov\u201c. Spolo\u010dnos\u0165 sa zaviazala poskytova\u0165 vysokokvalitn\u00e9 produkty a z\u00e1rove\u0148 poskytova\u0165 v\u00fdnimo\u010dn\u00fd z\u00e1kazn\u00edcky servis. FMP sa neust\u00e1le sna\u017e\u00ed prisp\u00f4sobova\u0165 meniacim sa potreb\u00e1m trhu a prezentuje sa ako d\u00f4veryhodn\u00fd partner v odvetv\u00ed po\u013enohospod\u00e1rskych strojov. Prostredn\u00edctvom svojho z\u00e1v\u00e4zku k inov\u00e1ci\u00e1m a kvalite sa FMP sna\u017e\u00ed v\u00fdznamne prispie\u0165 k pokroku v hydraulickej technol\u00f3gii v po\u013enohospod\u00e1rskom sektore.<\/p>\n<p><img loading=\"lazy\" decoding=\"async\" class=\"alignnone wp-image-359\" src=\"https:\/\/fmp-components.com\/wp-content\/uploads\/2024\/12\/fmp-factory-3.webp\" sizes=\"(min-width: 0px) and (max-width: 480px) 480px, (min-width: 481px) 914px, 100vw\" srcset=\"https:\/\/fmp-components.com\/wp-content\/uploads\/2024\/12\/fmp-factory-3.webp 914w, https:\/\/fmp-components.com\/wp-content\/uploads\/2024\/12\/fmp-factory-3-480x321.webp 480w\" alt=\"fmp-factory\" width=\"914\" height=\"612\" title=\"\"><\/p>\n<p>Autor\uff1a CX<\/p>","protected":false},"excerpt":{"rendered":"<p>Hydraulick\u00fd valec na zdv\u00edhanie plo\u0161inov\u00fdch pracovn\u00fdch vozidiel s no\u017enicov\u00fdmi vidlicami je k\u013e\u00fa\u010dov\u00fdm komponentom navrhnut\u00fdm na zabezpe\u010denie potrebnej zdv\u00edhacej sily pre no\u017enicov\u00e9 zdv\u00edhacie plo\u0161iny. Tento hydraulick\u00fd valec, navrhnut\u00fd pre efektivitu a spo\u013eahlivos\u0165, umo\u017e\u0148uje plynul\u00e9 a kontrolovan\u00e9 zdv\u00edhanie plo\u0161iny, \u010do umo\u017e\u0148uje obsluhe bezpe\u010dn\u00fd pr\u00edstup k vyv\u00fd\u0161en\u00fdm pracovn\u00fdm ploch\u00e1m. Je vyroben\u00fd z vysokopevnostn\u00fdch materi\u00e1lov, tak\u017ee odol\u00e1 \u0165a\u017ek\u00fdm n\u00e1kladom a drsn\u00fdm podmienkam, \u010d\u00edm zais\u0165uje dlhotrvaj\u00faci v\u00fdkon. Jeho pokro\u010dil\u00fd hydraulick\u00fd syst\u00e9m umo\u017e\u0148uje presn\u00e9 zdv\u00edhanie a sp\u00fa\u0161\u0165anie, v\u010faka \u010domu je ide\u00e1lny pre r\u00f4zne aplik\u00e1cie v stavebn\u00edctve, \u00fadr\u017ebe a priemyselnom prostred\u00ed. S t\u00fdmto zdv\u00edhac\u00edm hydraulick\u00fdm valcom m\u00f4\u017eu obsluha zv\u00fd\u0161i\u0165 produktivitu a z\u00e1rove\u0148 zabezpe\u010di\u0165 bezpe\u010dnos\u0165 vo v\u00fd\u0161kach.<\/p>","protected":false},"featured_media":407,"comment_status":"open","ping_status":"closed","template":"","meta":{"_et_pb_use_builder":"","_et_pb_old_content":"","_et_gb_content_width":""},"product_brand":[],"product_cat":[22],"product_tag":[],"class_list":{"0":"post-397","1":"product","2":"type-product","3":"status-publish","4":"has-post-thumbnail","6":"product_cat-aerial-work-vehicle-hydraulic-cylinders","8":"first","9":"instock","10":"shipping-taxable","11":"product-type-simple"},"_links":{"self":[{"href":"https:\/\/fmp-components.com\/sk\/wp-json\/wp\/v2\/product\/397","targetHints":{"allow":["GET"]}}],"collection":[{"href":"https:\/\/fmp-components.com\/sk\/wp-json\/wp\/v2\/product"}],"about":[{"href":"https:\/\/fmp-components.com\/sk\/wp-json\/wp\/v2\/types\/product"}],"replies":[{"embeddable":true,"href":"https:\/\/fmp-components.com\/sk\/wp-json\/wp\/v2\/comments?post=397"}],"wp:featuredmedia":[{"embeddable":true,"href":"https:\/\/fmp-components.com\/sk\/wp-json\/wp\/v2\/media\/407"}],"wp:attachment":[{"href":"https:\/\/fmp-components.com\/sk\/wp-json\/wp\/v2\/media?parent=397"}],"wp:term":[{"taxonomy":"product_brand","embeddable":true,"href":"https:\/\/fmp-components.com\/sk\/wp-json\/wp\/v2\/product_brand?post=397"},{"taxonomy":"product_cat","embeddable":true,"href":"https:\/\/fmp-components.com\/sk\/wp-json\/wp\/v2\/product_cat?post=397"},{"taxonomy":"product_tag","embeddable":true,"href":"https:\/\/fmp-components.com\/sk\/wp-json\/wp\/v2\/product_tag?post=397"}],"curies":[{"name":"pracovn\u00fd list","href":"https:\/\/api.w.org\/{rel}","templated":true}]}}