{"id":384,"date":"2024-12-10T02:01:03","date_gmt":"2024-12-10T02:01:03","guid":{"rendered":"https:\/\/fmp-components.com\/?page_id=8"},"modified":"2024-12-10T03:06:01","modified_gmt":"2024-12-10T03:06:01","slug":"scissor-fork-aerial-work-vehicle-steering-hydraulic-cylinder","status":"publish","type":"product","link":"https:\/\/fmp-components.com\/sk\/product\/scissor-fork-aerial-work-vehicle-steering-hydraulic-cylinder\/","title":{"rendered":"Hydraulick\u00fd valec riadenia no\u017enicov\u00fdch vidl\u00edc pre leteck\u00e9 pracovn\u00e9 vozidl\u00e1"},"content":{"rendered":"<p style=\"text-align: center;\"><span style=\"font-size: 18pt;\">Hydraulick\u00fd valec riadenia no\u017enicov\u00fdch vidl\u00edc pre leteck\u00e9 pracovn\u00e9 vozidl\u00e1<\/span><\/p>\n<p>Hydraulick\u00fd valec riadenia no\u017enicov\u00fdch vidl\u00edc pre plo\u0161iny je d\u00f4le\u017eit\u00fdm komponentom navrhnut\u00fdm na zlep\u0161enie man\u00e9vrovate\u013enosti a ovl\u00e1dania no\u017enicov\u00fdch zdv\u00edhac\u00edch plo\u0161\u00edn. Tento pokro\u010dil\u00fd hydraulick\u00fd valec poskytuje presn\u00e9 riadenie, ktor\u00e9 umo\u017e\u0148uje obsluhe pohybova\u0165 sa v \u00fazkych priestoroch a presne umiest\u0148ova\u0165 plo\u0161inu po\u010das r\u00f4znych aplik\u00e1ci\u00ed.<\/p>\n<h4>K\u013e\u00fa\u010dov\u00e9 vlastnosti:<\/h4>\n<ul>\n<li><strong>Presn\u00e9 riadenie:<\/strong> Tento hydraulick\u00fd valec, navrhnut\u00fd pre plynul\u00e9 a citliv\u00e9 riadenie, umo\u017e\u0148uje obsluhe vykon\u00e1va\u0165 presn\u00e9 ot\u00e1\u010dania a nastavenia, \u010d\u00edm zvy\u0161uje prev\u00e1dzkov\u00fa efektivitu.<\/li>\n<li><strong>Odoln\u00e1 kon\u0161trukcia:<\/strong> Valec riadenia je vyroben\u00fd z vysokopevnostn\u00fdch materi\u00e1lov, tak\u017ee odol\u00e1 aj n\u00e1ro\u010dn\u00fdm pracovn\u00fdm podmienkam, \u010d\u00edm zabezpe\u010duje dlhotrvaj\u00faci v\u00fdkon a spo\u013eahlivos\u0165.<\/li>\n<li><strong>Efekt\u00edvny hydraulick\u00fd mechanizmus:<\/strong> Valec je vybaven\u00fd \u00fa\u010dinn\u00fdm hydraulick\u00fdm syst\u00e9mom, ktor\u00fd maximalizuje v\u00fdkon a z\u00e1rove\u0148 minimalizuje spotrebu energie, \u010do prispieva k n\u00e1kladovo efekt\u00edvnej prev\u00e1dzke.<\/li>\n<li><strong>Vylep\u0161enia bezpe\u010dnosti:<\/strong> Hydraulick\u00fd valec riadenia je vybaven\u00fd pokro\u010dil\u00fdmi bezpe\u010dnostn\u00fdmi prvkami a pom\u00e1ha predch\u00e1dza\u0165 pret\u00e1\u010davosti a zais\u0165uje stabilitu po\u010das prev\u00e1dzky, \u010d\u00edm poskytuje obsluhe istotu pri pr\u00e1ci vo v\u00fd\u0161kach.<\/li>\n<li><strong>V\u0161estrann\u00e9 aplik\u00e1cie:<\/strong> Tento hydraulick\u00fd valec riadenia, vhodn\u00fd pre \u0161irok\u00fa \u0161k\u00e1lu \u00faloh v stavebn\u00edctve, \u00fadr\u017ebe a skladovan\u00ed, je z\u00e1kladn\u00fdm komponentom, ktor\u00fd zlep\u0161uje funk\u010dnos\u0165 vysokozdvi\u017en\u00fdch pracovn\u00fdch vozidiel s no\u017enicov\u00fdmi vidlicami.<\/li>\n<\/ul>\n<p>Hydraulick\u00fd valec riadenia pre plo\u0161inov\u00e9 pracovn\u00e9 vozidl\u00e1 s no\u017enicov\u00fdmi vidlicami je navrhnut\u00fd tak, aby zlep\u0161il man\u00e9vrovate\u013enos\u0165, bezpe\u010dnos\u0165 a efektivitu, v\u010faka \u010domu je nepostr\u00e1date\u013en\u00fdm n\u00e1strojom pre oper\u00e1torov v r\u00f4znych odvetviach, ktor\u00e9 vy\u017eaduj\u00fa rie\u0161enia pre zv\u00fd\u0161en\u00fd pr\u00edstup.<\/p>\n<h2>\u010casti hydraulick\u00e9ho valca riadenia no\u017enicov\u00fdch vidl\u00edc pre plo\u0161inov\u00e9 pracovn\u00e9 vozidl\u00e1:<\/h2>\n<p><img loading=\"lazy\" decoding=\"async\" class=\"alignnone size-full wp-image-347\" src=\"https:\/\/fmp-components.com\/wp-content\/uploads\/2024\/12\/Cart-Lift-Hydraulic-Cylinder-Parts.webp\" alt=\"Diely hydraulick\u00e9ho valca zdv\u00edhacieho voz\u00edka\" width=\"1024\" height=\"467\" title=\"\" srcset=\"https:\/\/fmp-components.com\/wp-content\/uploads\/2024\/12\/Cart-Lift-Hydraulic-Cylinder-Parts.webp 1024w, https:\/\/fmp-components.com\/wp-content\/uploads\/2024\/12\/Cart-Lift-Hydraulic-Cylinder-Parts-980x447.webp 980w, https:\/\/fmp-components.com\/wp-content\/uploads\/2024\/12\/Cart-Lift-Hydraulic-Cylinder-Parts-480x219.webp 480w\" sizes=\"(min-width: 0px) and (max-width: 480px) 480px, (min-width: 481px) and (max-width: 980px) 980px, (min-width: 981px) 1024px, 100vw\" \/><\/p>\n<table style=\"width: 100%;\" border=\"1\" width=\"100%\" cellspacing=\"0\" cellpadding=\"0\">\n<tbody>\n<tr>\n<td style=\"width: 3.86266%;\" colspan=\"1\" rowspan=\"1\">\n<div class=\"magic-27\" data-spm-anchor-id=\"a2700.details.0.i30.100a3bb4IMelB9\">1<\/div>\n<\/td>\n<td style=\"width: 48.927%;\" colspan=\"1\" rowspan=\"1\">\n<div class=\"magic-28\">Zostava telesa valca<\/div>\n<\/td>\n<td style=\"width: 6.33048%;\" colspan=\"1\" rowspan=\"1\">\n<div class=\"magic-29\">10<\/div>\n<\/td>\n<td style=\"width: 40.7725%;\" colspan=\"1\" rowspan=\"1\">\n<div class=\"magic-30\">Zadn\u00fd kr\u00fa\u017eok<\/div>\n<\/td>\n<\/tr>\n<tr>\n<td style=\"width: 3.86266%;\" colspan=\"1\" rowspan=\"1\">\n<div class=\"magic-27\">2<\/div>\n<\/td>\n<td style=\"width: 48.927%;\" colspan=\"1\" rowspan=\"1\">\n<div class=\"magic-28\">Vodiaci puzdro<\/div>\n<\/td>\n<td style=\"width: 6.33048%;\" colspan=\"1\" rowspan=\"1\">\n<div class=\"magic-29\">11<\/div>\n<\/td>\n<td style=\"width: 40.7725%;\" colspan=\"1\" rowspan=\"1\">\n<div class=\"magic-30\">O-kr\u00fa\u017eok<\/div>\n<\/td>\n<\/tr>\n<tr>\n<td style=\"width: 3.86266%;\" colspan=\"1\" rowspan=\"1\">\n<div class=\"magic-27\">3<\/div>\n<\/td>\n<td style=\"width: 48.927%;\" colspan=\"1\" rowspan=\"1\">\n<div class=\"magic-28\">Piest<\/div>\n<\/td>\n<td style=\"width: 6.33048%;\" colspan=\"1\" rowspan=\"1\">\n<div class=\"magic-29\">12<\/div>\n<\/td>\n<td style=\"width: 40.7725%;\" colspan=\"1\" rowspan=\"1\">\n<div class=\"magic-30\">Du Bush<\/div>\n<\/td>\n<\/tr>\n<tr>\n<td style=\"width: 3.86266%;\" colspan=\"1\" rowspan=\"1\">\n<div class=\"magic-27\">4<\/div>\n<\/td>\n<td style=\"width: 48.927%;\" colspan=\"1\" rowspan=\"1\">\n<div class=\"magic-28\">Piestna ty\u010d<\/div>\n<\/td>\n<td style=\"width: 6.33048%;\" colspan=\"1\" rowspan=\"1\">\n<div class=\"magic-29\">13<\/div>\n<\/td>\n<td style=\"width: 40.7725%;\" colspan=\"1\" rowspan=\"1\">\n<div class=\"magic-30\">Tesnenie otvoru<\/div>\n<\/td>\n<\/tr>\n<tr>\n<td style=\"width: 3.86266%;\" colspan=\"1\" rowspan=\"1\">\n<div class=\"magic-27\">5<\/div>\n<\/td>\n<td style=\"width: 48.927%;\" colspan=\"1\" rowspan=\"1\">\n<div class=\"magic-28\">Stiera\u010d prachu<\/div>\n<\/td>\n<td style=\"width: 6.33048%;\" colspan=\"1\" rowspan=\"1\">\n<div class=\"magic-29\">14<\/div>\n<\/td>\n<td style=\"width: 40.7725%;\" colspan=\"1\" rowspan=\"1\">\n<div class=\"magic-30\">O-kr\u00fa\u017eok<\/div>\n<\/td>\n<\/tr>\n<tr>\n<td style=\"width: 3.86266%;\" colspan=\"1\" rowspan=\"1\">\n<div class=\"magic-27\">6<\/div>\n<\/td>\n<td style=\"width: 48.927%;\" colspan=\"1\" rowspan=\"1\">\n<div class=\"magic-28\">Zadn\u00fd kr\u00fa\u017eok<\/div>\n<\/td>\n<td style=\"width: 6.33048%;\" colspan=\"1\" rowspan=\"1\">\n<div class=\"magic-29\">15<\/div>\n<\/td>\n<td style=\"width: 40.7725%;\" colspan=\"1\" rowspan=\"1\">\n<div class=\"magic-30\">Opotrebite\u013en\u00fd kr\u00fa\u017eok<\/div>\n<\/td>\n<\/tr>\n<tr>\n<td style=\"width: 3.86266%;\" colspan=\"1\" rowspan=\"1\">\n<div class=\"magic-27\">7<\/div>\n<\/td>\n<td style=\"width: 48.927%;\" colspan=\"1\" rowspan=\"1\">\n<div class=\"magic-28\">U-kr\u00fa\u017eok<\/div>\n<\/td>\n<td style=\"width: 6.33048%;\" colspan=\"1\" rowspan=\"1\">\n<div class=\"magic-29\">16<\/div>\n<\/td>\n<td style=\"width: 40.7725%;\" colspan=\"1\" rowspan=\"1\">\n<div class=\"magic-30\">Ore\u0161ka<\/div>\n<\/td>\n<\/tr>\n<tr>\n<td style=\"width: 3.86266%;\" colspan=\"1\" rowspan=\"1\">\n<div class=\"magic-27\">8<\/div>\n<\/td>\n<td style=\"width: 48.927%;\" colspan=\"1\" rowspan=\"1\">\n<div class=\"magic-28\">O-kr\u00fa\u017eok<\/div>\n<\/td>\n<td style=\"width: 6.33048%;\" colspan=\"1\" rowspan=\"1\">\n<div class=\"magic-29\">17<\/div>\n<\/td>\n<td style=\"width: 40.7725%;\" colspan=\"1\" rowspan=\"1\">\n<div class=\"magic-30\">Nastavovacie skrutky<\/div>\n<\/td>\n<\/tr>\n<tr>\n<td style=\"width: 3.86266%;\" colspan=\"1\" rowspan=\"1\">\n<div class=\"magic-27\">9<\/div>\n<\/td>\n<td style=\"width: 48.927%;\" colspan=\"1\" rowspan=\"1\">\n<div class=\"magic-28\">Tesnenie ty\u010de<\/div>\n<\/td>\n<td style=\"width: 6.33048%;\" colspan=\"1\" rowspan=\"1\">\n<div class=\"magic-29\">18<\/div>\n<\/td>\n<td style=\"width: 40.7725%;\" colspan=\"1\" rowspan=\"1\">\n<div class=\"magic-30\">Z\u00e1str\u010dka<\/div>\n<\/td>\n<\/tr>\n<\/tbody>\n<\/table>\n<h2>Rozmery hydraulick\u00e9ho valca riadenia no\u017enicov\u00fdch vidl\u00edc pre plo\u0161inov\u00e9 pracovn\u00e9 vozidl\u00e1:<\/h2>\n<table>\n<tbody>\n<tr>\n<td><img loading=\"lazy\" decoding=\"async\" class=\"alignnone size-full wp-image-390\" src=\"https:\/\/fmp-components.com\/wp-content\/uploads\/2024\/12\/Scissor-Fork-Aerial-Work-Vehicle-Steering-Hydraulic-Cylinder-Dimensions-1.webp\" alt=\"Rozmery riadenia hydraulick\u00e9ho valca no\u017enicov\u00fdch vidl\u00edc pre zdv\u00edhacie pracovn\u00e9 vozidl\u00e1\" width=\"980\" height=\"415\" title=\"\" srcset=\"https:\/\/fmp-components.com\/wp-content\/uploads\/2024\/12\/Scissor-Fork-Aerial-Work-Vehicle-Steering-Hydraulic-Cylinder-Dimensions-1.webp 980w, https:\/\/fmp-components.com\/wp-content\/uploads\/2024\/12\/Scissor-Fork-Aerial-Work-Vehicle-Steering-Hydraulic-Cylinder-Dimensions-1-480x203.webp 480w\" sizes=\"(min-width: 0px) and (max-width: 480px) 480px, (min-width: 481px) 980px, 100vw\" \/><\/td>\n<td><img loading=\"lazy\" decoding=\"async\" class=\"alignnone size-full wp-image-393\" src=\"https:\/\/fmp-components.com\/wp-content\/uploads\/2024\/12\/Scissor-Fork-Aerial-Work-Vehicle-Steering-Hydraulic-Cylinder-Dimensions-4.webp\" alt=\"Rozmery riadenia hydraulick\u00e9ho valca no\u017enicov\u00fdch vidl\u00edc pre zdv\u00edhacie pracovn\u00e9 vozidl\u00e1\" width=\"980\" height=\"388\" title=\"\" srcset=\"https:\/\/fmp-components.com\/wp-content\/uploads\/2024\/12\/Scissor-Fork-Aerial-Work-Vehicle-Steering-Hydraulic-Cylinder-Dimensions-4.webp 980w, https:\/\/fmp-components.com\/wp-content\/uploads\/2024\/12\/Scissor-Fork-Aerial-Work-Vehicle-Steering-Hydraulic-Cylinder-Dimensions-4-480x190.webp 480w\" sizes=\"(min-width: 0px) and (max-width: 480px) 480px, (min-width: 481px) 980px, 100vw\" \/><\/td>\n<\/tr>\n<\/tbody>\n<\/table>\n<table style=\"width: 100%; height: 106px;\" border=\"1\" cellspacing=\"0\" cellpadding=\"0\">\n<tbody>\n<tr style=\"height: 47px;\">\n<td style=\"height: 47px;\" width=\"246\">N\u00e1zov valca<\/td>\n<td style=\"height: 47px;\" width=\"336\">\u010c\u00edslo v\u00fdkresu<\/td>\n<td style=\"height: 47px;\" width=\"126\">Priemer otvoru (D)<\/td>\n<td style=\"height: 47px;\" width=\"123\">Priemer ty\u010de (d)<\/td>\n<td style=\"height: 47px;\" width=\"114\">Zdvih (S)<\/td>\n<td style=\"height: 47px;\" width=\"170\">In\u0161tala\u010dn\u00e1 vzdialenos\u0165 (L)<\/td>\n<td style=\"height: 47px;\" width=\"172\">Pracovn\u00fd tlak<\/td>\n<td style=\"height: 47px;\" width=\"366\">Rozmery rozhrania (M)<\/td>\n<td style=\"height: 47px;\" width=\"96\">Hmotnos\u0165<\/td>\n<\/tr>\n<tr style=\"height: 59px;\">\n<td class=\"et3\" style=\"height: 59px;\" width=\"246\" height=\"197\">Riadiaci valec<\/td>\n<td class=\"et4\" style=\"height: 59px;\" width=\"336\">140XEN-620300-001<\/td>\n<td class=\"et4\" style=\"height: 59px;\" width=\"126\">\u03a640<\/td>\n<td class=\"et4\" style=\"height: 59px;\" width=\"123\">\u03a620<\/td>\n<td class=\"et4\" style=\"height: 59px;\" width=\"114\">125<\/td>\n<td class=\"et4\" style=\"height: 59px;\" width=\"170\">400<\/td>\n<td class=\"et4\" style=\"height: 59px;\" width=\"172\">20 MPa<\/td>\n<td class=\"et4\" style=\"height: 59px;\" width=\"366\">2-G1\/4<\/td>\n<td class=\"et4\" style=\"height: 59px;\" width=\"96\">3 kg<\/td>\n<\/tr>\n<\/tbody>\n<\/table>\n<table>\n<tbody>\n<tr>\n<td><img loading=\"lazy\" decoding=\"async\" class=\"alignnone size-full wp-image-392\" src=\"https:\/\/fmp-components.com\/wp-content\/uploads\/2024\/12\/Scissor-Fork-Aerial-Work-Vehicle-Steering-Hydraulic-Cylinder-Dimensions-3.webp\" alt=\"Rozmery riadenia hydraulick\u00e9ho valca no\u017enicov\u00fdch vidl\u00edc pre zdv\u00edhacie pracovn\u00e9 vozidl\u00e1\" width=\"980\" height=\"388\" title=\"\" srcset=\"https:\/\/fmp-components.com\/wp-content\/uploads\/2024\/12\/Scissor-Fork-Aerial-Work-Vehicle-Steering-Hydraulic-Cylinder-Dimensions-3.webp 980w, https:\/\/fmp-components.com\/wp-content\/uploads\/2024\/12\/Scissor-Fork-Aerial-Work-Vehicle-Steering-Hydraulic-Cylinder-Dimensions-3-480x190.webp 480w\" sizes=\"(min-width: 0px) and (max-width: 480px) 480px, (min-width: 481px) 980px, 100vw\" \/><\/td>\n<td><img loading=\"lazy\" decoding=\"async\" class=\"alignnone size-full wp-image-391\" src=\"https:\/\/fmp-components.com\/wp-content\/uploads\/2024\/12\/Scissor-Fork-Aerial-Work-Vehicle-Steering-Hydraulic-Cylinder-Dimensions-2.webp\" alt=\"Rozmery riadenia hydraulick\u00e9ho valca no\u017enicov\u00fdch vidl\u00edc pre zdv\u00edhacie pracovn\u00e9 vozidl\u00e1\" width=\"980\" height=\"415\" title=\"\" srcset=\"https:\/\/fmp-components.com\/wp-content\/uploads\/2024\/12\/Scissor-Fork-Aerial-Work-Vehicle-Steering-Hydraulic-Cylinder-Dimensions-2.webp 980w, https:\/\/fmp-components.com\/wp-content\/uploads\/2024\/12\/Scissor-Fork-Aerial-Work-Vehicle-Steering-Hydraulic-Cylinder-Dimensions-2-480x203.webp 480w\" sizes=\"(min-width: 0px) and (max-width: 480px) 480px, (min-width: 481px) 980px, 100vw\" \/><\/td>\n<\/tr>\n<\/tbody>\n<\/table>\n<table style=\"width: 100%; height: 113px;\" border=\"1\" cellspacing=\"0\" cellpadding=\"0\">\n<tbody>\n<tr style=\"height: 47px;\">\n<td style=\"height: 47px;\" width=\"246\">N\u00e1zov valca<\/td>\n<td style=\"height: 47px;\" width=\"336\">\u010c\u00edslo v\u00fdkresu<\/td>\n<td style=\"height: 47px;\" width=\"126\">Priemer otvoru (D)<\/td>\n<td style=\"height: 47px;\" width=\"123\">Priemer ty\u010de (d)<\/td>\n<td style=\"height: 47px;\" width=\"114\">Zdvih (S)<\/td>\n<td style=\"height: 47px;\" width=\"170\">In\u0161tala\u010dn\u00e1 vzdialenos\u0165 (L)<\/td>\n<td style=\"height: 47px;\" width=\"172\">Pracovn\u00fd tlak<\/td>\n<td style=\"height: 47px;\" width=\"366\">Rozmery rozhrania (M)<\/td>\n<td style=\"height: 47px;\" width=\"96\">Hmotnos\u0165<\/td>\n<\/tr>\n<tr style=\"height: 66px;\">\n<td class=\"et3\" style=\"height: 66px;\" width=\"246\" height=\"173\">Riadiaci valec<\/td>\n<td class=\"et4\" style=\"height: 66px;\" width=\"336\">DL4020-00A<\/td>\n<td class=\"et4\" style=\"height: 66px;\" width=\"126\">\u03a640<\/td>\n<td class=\"et4\" style=\"height: 66px;\" width=\"123\">\u03a620<\/td>\n<td class=\"et4\" style=\"height: 66px;\" width=\"114\">150<\/td>\n<td class=\"et4\" style=\"height: 66px;\" width=\"170\">400<\/td>\n<td class=\"et4\" style=\"height: 66px;\" width=\"172\">12 MPa<\/td>\n<td class=\"et4\" style=\"height: 66px;\" width=\"366\">2-M14*1,5<\/td>\n<td class=\"et4\" style=\"height: 66px;\" width=\"96\">4 kg<\/td>\n<\/tr>\n<\/tbody>\n<\/table>\n<h2>Dostupn\u00e9 zna\u010dky a modely hydraulick\u00fdch valcov:<\/h2>\n<table border=\"1\" cellspacing=\"0\" cellpadding=\"0\">\n<tbody>\n<tr>\n<td><b data-spm-anchor-id=\"a2700.details.0.i43.45d84a73e99C9z\">KOMATSU (PC)<\/b><\/td>\n<td>PC30, PC40, PC50, PC56, PC60, PC78, PC100, PC110, PC120, PC130, PC160, PC200-3\/5\/6\/7\/8\/8MO, PC210, PC220-5\/6\/7\/8\/8MO, PC240, PC300\/350\/360-5\/6\/7\/8\/8MO, PC400\/450-5\/6\/7\/8\/8MO, PC800, PC850<\/td>\n<\/tr>\n<tr>\n<td><b>CATERPILLAR (E)<\/b><\/td>\n<td>E301.5, E302, E305.5, E306, E307V1\/V2\/B\/C\/D\/E\/F, E308B\/C, E120B, E312V1\/V2\/B\/C\/D, E313D2, E312D2, E315D<br \/>\nE200B,E320V1\/V2\/A\/B\/C\/D,E324D,E325C\/D,E329D,E330\/336C\/D,E345C,E349D,E365C,E374,E390<\/td>\n<\/tr>\n<tr>\n<td><b>KOBELCO (SK)<\/b><\/td>\n<td>SK60-3\/5\/8,SK75-8\/SR, SK100 ,SK120-3\/5, SK135-8\/SR, SK140-8, SK200-3\/5\/6\/6E, SK210-3\/5\/6\/6E,<br \/>\nSK230\/250-6E,SK250-8,SK260-8,SK350-8\/S8,SK460\/480-8<\/td>\n<\/tr>\n<tr>\n<td><b>HYUNDAI (R)<\/b><\/td>\n<td>R55-5\/7, R60-5\/7, R80, R110, R130, R200-5, R210-5, R215-5\/7, R220-5\/7\/9, R225-5\/7\/9, R250, R260, R265, R290, R305, R445, R485, R505<\/td>\n<\/tr>\n<tr>\n<td><b data-spm-anchor-id=\"a2700.details.0.i53.45d84a73e99C9z\">HITACHI (napr. ZX)<\/b><\/td>\n<td>EX60, EX100-1\/2\/3, EX120-1\/3\/5\/6, EX200-1\/3\/5, EX230-5, EX300-1, EX400<br \/>\nZAX60,ZAX70,ZA120-6,ZAX200\/210-1\/3\/5\/5K,ZAX240,ZAX250,ZAX260,ZAX330-3\/5\/6,ZAX450\/470,ZAX650\/670,ZAX850\/870<\/td>\n<\/tr>\n<tr>\n<td>\n<div class=\"magic-32\"><b data-spm-anchor-id=\"a2700.details.0.i55.45d84a73e99C9z\">DOOSAN (DH\/DX)<\/b><\/div>\n<\/td>\n<td>\n<div class=\"magic-33\"><span class=\"magic-34\">DH55, DH60, DH80,DH150, DH215-5\/7,DH220-5,DH225-5\/7,DH258,DH300-5\/7, DH370,DH420,DH500<br \/>\nDX55, DX60, DX75, DX130, DX225-9, DX300, DX380, DX420, DX500<\/span><\/div>\n<\/td>\n<\/tr>\n<tr>\n<td>\n<div class=\"magic-32\"><b>VOLVO (ES)<\/b><\/div>\n<\/td>\n<td>\n<div class=\"magic-33\"><span class=\"magic-34\">EC55, EC60, EC75, EC80, EC140, EC210B\/D, EC220D, EC240, EC250, EC290, EC300, EC360, EC380, EC460, EC480, EC700, EC750, EC950<\/span><\/div>\n<\/td>\n<\/tr>\n<tr>\n<td>\n<div class=\"magic-32\"><b>KATO (HD)<\/b><\/div>\n<\/td>\n<td>\n<div class=\"magic-33\"><span class=\"magic-34\">HD307\/308, HD450, HD512, HD700-5\/7, HD820-1\/2\/3\/5\/R, HD1023-1\/3, HD1430-1\/3<\/span><\/div>\n<\/td>\n<\/tr>\n<tr>\n<td>\n<div class=\"magic-32\"><b>IN\u00c1 ZNA\u010cKA<\/b><\/div>\n<\/td>\n<td>\n<div class=\"magic-33\"><span class=\"magic-34\">XCMG,LIUGONG,KUBOTA,CASE,YANMAR,SUNWARD,ZOOMLION,LISHIDE,LIEHERR<\/span><\/div>\n<\/td>\n<\/tr>\n<\/tbody>\n<\/table>\n<h3>Vlastnosti valca riadenia pre no\u017enicov\u00e9 vidlice pre leteck\u00e9 pracovn\u00e9 vozidl\u00e1<\/h3>\n<h4>1. Presn\u00e9 riadenie<\/h4>\n<p>Riadiaci valec pre plo\u0161inov\u00e9 pracovn\u00e9 vozidl\u00e1 s no\u017enicov\u00fdmi vidlicami je navrhnut\u00fd tak, aby poskytoval presn\u00e9 riadenie a umo\u017e\u0148oval oper\u00e1torom jednoduch\u00fa navig\u00e1ciu v stiesnen\u00fdch priestoroch. Jeho hydraulick\u00fd syst\u00e9m zais\u0165uje plynul\u00e9 a citliv\u00e9 pohyby, \u010do umo\u017e\u0148uje presn\u00e9 polohovanie plo\u0161iny po\u010das prev\u00e1dzky.<\/p>\n<h4>2. Vysok\u00e1 odolnos\u0165<\/h4>\n<p>Valec riadenia je vyroben\u00fd z vysokopevnostn\u00fdch materi\u00e1lov a je navrhnut\u00fd tak, aby odolal n\u00e1ro\u010dn\u00fdm pracovn\u00fdm prostrediam. Jeho robustn\u00e1 kon\u0161trukcia zais\u0165uje dlhotrvaj\u00faci v\u00fdkon, \u010d\u00edm sa zni\u017euje potreba \u010dastej \u00fadr\u017eby a v\u00fdmeny, \u010do prispieva k celkovej prev\u00e1dzkovej efektivite.<\/p>\n<h4>3. Efekt\u00edvna hydraulick\u00e1 prev\u00e1dzka<\/h4>\n<p>Valec vyu\u017e\u00edva efekt\u00edvny hydraulick\u00fd mechanizmus, ktor\u00fd minimalizuje straty v\u00fdkonu a z\u00e1rove\u0148 maximalizuje v\u00fdkon. T\u00e1to efekt\u00edvna prev\u00e1dzka nielen zlep\u0161uje odozvu riadenia, ale tie\u017e \u0161etr\u00ed energiu, v\u010faka \u010domu je prev\u00e1dzka plo\u0161inov\u00e9ho pracovn\u00e9ho vozidla \u00faspornej\u0161ia.<\/p>\n<h4>4. Bezpe\u010dnostn\u00e9 prvky<\/h4>\n<p>V\u010faka pokro\u010dil\u00fdm bezpe\u010dnostn\u00fdm prvkom pom\u00e1ha valec riadenia predch\u00e1dza\u0165 n\u00e1hodn\u00e9mu pret\u00e1\u010daniu a zais\u0165uje stabilitu po\u010das prev\u00e1dzky. Tieto bezpe\u010dnostn\u00e9 mechanizmy poskytuj\u00fa obsluhe pokoj v du\u0161i a umo\u017e\u0148uj\u00fa jej s\u00fastredi\u0165 sa na svoje \u00falohy bez ob\u00e1v z probl\u00e9mov s ovl\u00e1dan\u00edm.<\/p>\n<h4>5. V\u0161estrann\u00e9 pou\u017eitie<\/h4>\n<p>Riadiaci valec s no\u017enicovou vidlicou pre plo\u0161inov\u00e9 pracovn\u00e9 vozidl\u00e1 je vhodn\u00fd pre \u0161irok\u00fa \u0161k\u00e1lu aplik\u00e1ci\u00ed vr\u00e1tane stavebn\u00edctva, \u00fadr\u017eby a skladovania. Jeho v\u0161estrannos\u0165 z neho rob\u00ed nevyhnutn\u00fa s\u00fa\u010das\u0165 ka\u017ed\u00e9ho plo\u0161inov\u00e9ho pracovn\u00e9ho vozidla, ktor\u00e1 umo\u017e\u0148uje efekt\u00edvnu manipul\u00e1ciu a ovl\u00e1date\u013enos\u0165 v r\u00f4znych pracovn\u00fdch prostrediach.<\/p>\n<table style=\"width: 100%;\" border=\"1\" width=\"100%\" cellspacing=\"0\" cellpadding=\"0\">\n<tbody>\n<tr>\n<td style=\"width: 49.3563%;\" width=\"226\"><img loading=\"lazy\" decoding=\"async\" class=\"alignnone size-full wp-image-388\" src=\"https:\/\/fmp-components.com\/wp-content\/uploads\/2024\/12\/Scissor-Fork-Aerial-Work-Vehicle-Steering-Cylinder-Advantages-1.webp\" alt=\"V\u00fdhody valca riadenia no\u017enicov\u00fdch vidl\u00edc pre zdv\u00edhacie stroje\" width=\"800\" height=\"500\" title=\"\" srcset=\"https:\/\/fmp-components.com\/wp-content\/uploads\/2024\/12\/Scissor-Fork-Aerial-Work-Vehicle-Steering-Cylinder-Advantages-1.webp 800w, https:\/\/fmp-components.com\/wp-content\/uploads\/2024\/12\/Scissor-Fork-Aerial-Work-Vehicle-Steering-Cylinder-Advantages-1-480x300.webp 480w\" sizes=\"(min-width: 0px) and (max-width: 480px) 480px, (min-width: 481px) 800px, 100vw\" \/><\/td>\n<td style=\"width: 50.4291%;\" width=\"64\"><img loading=\"lazy\" decoding=\"async\" class=\"alignnone wp-image-389\" src=\"https:\/\/fmp-components.com\/wp-content\/uploads\/2024\/12\/Scissor-Fork-Aerial-Work-Vehicle-Steering-Cylinder-Advantages-2.webp\" alt=\"V\u00fdhody valca riadenia no\u017enicov\u00fdch vidl\u00edc pre zdv\u00edhacie stroje\" width=\"443\" height=\"277\" title=\"\"><\/td>\n<\/tr>\n<\/tbody>\n<\/table>\n<h2>O FMP<\/h2>\n<p>Spolo\u010dnos\u0165 FMP je \u0161pecializovan\u00fd v\u00fdrobca hydraulick\u00fdch valcov, zn\u00e1my svojim siln\u00fdm d\u00f4razom na v\u00fdskum a excelentnos\u0165 vo v\u00fdrobe. Od svojho vzniku sa spolo\u010dnos\u0165 venuje neust\u00e1lemu v\u00fdvoju technol\u00f3gie hydraulick\u00fdch valcov. Spo\u010diatku spolo\u010dnos\u0165 FMP vyr\u00e1bala \u0161irok\u00fa \u0161k\u00e1lu produktov pre zberov\u00e9 a stavebn\u00e9 stroje; odvtedy sa v\u0161ak zameriava najm\u00e4 na komponenty pre po\u013enohospod\u00e1rske traktory.<\/p>\n<p>Spolo\u010dnos\u0165 FMP s viac ako desa\u0165ro\u010dn\u00fdmi sk\u00fasenos\u0165ami vo v\u00fdrobe kombinuje rozsiahle mana\u017e\u00e9rske sk\u00fasenosti s pokro\u010dil\u00fdmi v\u00fdrobn\u00fdmi technol\u00f3giami, aby zabezpe\u010dila najvy\u0161\u0161ie \u0161tandardy kvality svojich produktov. Spolo\u010dnos\u0165 vybudovala komplexn\u00fa obr\u00e1baciu v\u00fdrobn\u00fa linku, mont\u00e1\u017enu linku a linku na lakovanie, \u010do jej umo\u017e\u0148uje poskytova\u0165 spo\u013eahliv\u00e9 a efekt\u00edvne v\u00fdrobn\u00e9 procesy.<\/p>\n<p>Rast spolo\u010dnosti FMP podporuje \u0161pecializovan\u00fd t\u00edm zlo\u017een\u00fd zo sk\u00fasen\u00fdch mana\u017e\u00e9rov, kvalifikovan\u00fdch strojn\u00fdch kon\u0161trukt\u00e9rov a vysokokvalifikovan\u00fdch technikov. Tento kolaborat\u00edvny pr\u00edstup zabezpe\u010duje konzistentn\u00fa kvalitu v\u00fdrobkov a efekt\u00edvne riadi kontinuitu procesov, \u010d\u00edm zvy\u0161uje celkov\u00fa efektivitu v\u00fdroby.<\/p>\n<p>Jadrom filozofie spolo\u010dnosti FMP s\u00fa hodnoty \u201eTechnologick\u00e1 inov\u00e1cia poh\u00e1\u0148aj\u00faca pokrok\u201c, \u201eKvalita vytv\u00e1raj\u00faca zna\u010dky\u201c, \u201eRemeseln\u00e9 spracovanie zabezpe\u010duj\u00face kvalitu\u201c a \u201eBudovanie dlhodob\u00fdch obojstranne v\u00fdhodn\u00fdch vz\u0165ahov\u201c. Spolo\u010dnos\u0165 sa zaviazala poskytova\u0165 vysokokvalitn\u00e9 produkty a z\u00e1rove\u0148 poskytova\u0165 v\u00fdnimo\u010dn\u00fd z\u00e1kazn\u00edcky servis. FMP sa neust\u00e1le sna\u017e\u00ed prisp\u00f4sobova\u0165 meniacim sa potreb\u00e1m trhu a prezentuje sa ako d\u00f4veryhodn\u00fd partner v odvetv\u00ed po\u013enohospod\u00e1rskych strojov. Prostredn\u00edctvom svojho z\u00e1v\u00e4zku k inov\u00e1ci\u00e1m a kvalite sa FMP sna\u017e\u00ed v\u00fdznamne prispie\u0165 k pokroku v hydraulickej technol\u00f3gii v po\u013enohospod\u00e1rskom sektore.<\/p>\n<p><img loading=\"lazy\" decoding=\"async\" class=\"alignnone wp-image-359\" src=\"https:\/\/fmp-components.com\/wp-content\/uploads\/2024\/12\/fmp-factory-3.webp\" sizes=\"(min-width: 0px) and (max-width: 480px) 480px, (min-width: 481px) 914px, 100vw\" srcset=\"https:\/\/fmp-components.com\/wp-content\/uploads\/2024\/12\/fmp-factory-3.webp 914w, https:\/\/fmp-components.com\/wp-content\/uploads\/2024\/12\/fmp-factory-3-480x321.webp 480w\" alt=\"fmp-factory\" width=\"914\" height=\"612\" title=\"\"><\/p>\n<p>Autor\uff1a CX<\/p>","protected":false},"excerpt":{"rendered":"<p>Hydraulick\u00fd valec riadenia no\u017enicov\u00fdch zdv\u00edhac\u00edch plo\u0161\u00edn je k\u013e\u00fa\u010dov\u00fdm komponentom ur\u010den\u00fdm na zabezpe\u010denie presn\u00e9ho riadenia a man\u00e9vrovate\u013enosti no\u017enicov\u00fdch zdv\u00edhac\u00edch plo\u0161\u00edn. Tento hydraulick\u00fd valec umo\u017e\u0148uje plynul\u00e9 a kontrolovan\u00e9 ot\u00e1\u010danie, \u010do umo\u017e\u0148uje obsluhe pohybova\u0165 sa v \u00fazkych priestoroch a presne umiest\u0148ova\u0165 plo\u0161inu na r\u00f4znych pracovisk\u00e1ch. Je vyroben\u00fd z vysokopevnostn\u00fdch materi\u00e1lov, ktor\u00e9 zais\u0165uj\u00fa odolnos\u0165 a spo\u013eahlivos\u0165 v n\u00e1ro\u010dn\u00fdch podmienkach a z\u00e1rove\u0148 pon\u00fakaj\u00fa pohotov\u00fd v\u00fdkon. V\u010faka efekt\u00edvnemu hydraulick\u00e9mu ovl\u00e1daniu tento valec zlep\u0161uje celkov\u00fa funk\u010dnos\u0165 zdv\u00edhac\u00edch plo\u0161\u00edn, v\u010faka \u010domu je nevyhnutn\u00fdm n\u00e1strojom pre stavebn\u00edctvo, \u00fadr\u017ebu a in\u00e9 aplik\u00e1cie, kde je dostupnos\u0165 a ovl\u00e1danie prvorad\u00e9.<\/p>","protected":false},"featured_media":396,"comment_status":"open","ping_status":"closed","template":"","meta":{"_et_pb_use_builder":"","_et_pb_old_content":"","_et_gb_content_width":""},"product_brand":[],"product_cat":[22],"product_tag":[],"class_list":{"0":"post-384","1":"product","2":"type-product","3":"status-publish","4":"has-post-thumbnail","6":"product_cat-aerial-work-vehicle-hydraulic-cylinders","8":"first","9":"instock","10":"shipping-taxable","11":"product-type-simple"},"_links":{"self":[{"href":"https:\/\/fmp-components.com\/sk\/wp-json\/wp\/v2\/product\/384","targetHints":{"allow":["GET"]}}],"collection":[{"href":"https:\/\/fmp-components.com\/sk\/wp-json\/wp\/v2\/product"}],"about":[{"href":"https:\/\/fmp-components.com\/sk\/wp-json\/wp\/v2\/types\/product"}],"replies":[{"embeddable":true,"href":"https:\/\/fmp-components.com\/sk\/wp-json\/wp\/v2\/comments?post=384"}],"wp:featuredmedia":[{"embeddable":true,"href":"https:\/\/fmp-components.com\/sk\/wp-json\/wp\/v2\/media\/396"}],"wp:attachment":[{"href":"https:\/\/fmp-components.com\/sk\/wp-json\/wp\/v2\/media?parent=384"}],"wp:term":[{"taxonomy":"product_brand","embeddable":true,"href":"https:\/\/fmp-components.com\/sk\/wp-json\/wp\/v2\/product_brand?post=384"},{"taxonomy":"product_cat","embeddable":true,"href":"https:\/\/fmp-components.com\/sk\/wp-json\/wp\/v2\/product_cat?post=384"},{"taxonomy":"product_tag","embeddable":true,"href":"https:\/\/fmp-components.com\/sk\/wp-json\/wp\/v2\/product_tag?post=384"}],"curies":[{"name":"pracovn\u00fd list","href":"https:\/\/api.w.org\/{rel}","templated":true}]}}