{"id":3691,"date":"2025-01-09T06:50:44","date_gmt":"2025-01-09T06:50:44","guid":{"rendered":"https:\/\/fmp-components.com\/?page_id=8"},"modified":"2025-01-09T06:59:56","modified_gmt":"2025-01-09T06:59:56","slug":"wheel-drive-planetary-gearbox-reducer-for-land-clearing-stone-crusher","status":"publish","type":"product","link":"https:\/\/fmp-components.com\/sk\/product\/wheel-drive-planetary-gearbox-reducer-for-land-clearing-stone-crusher\/","title":{"rendered":"Plan\u00e9tov\u00e1 prevodovka s reduktorom pohonu kolies pre drvi\u010d kame\u0148ov na \u010distenie p\u00f4dy"},"content":{"rendered":"<div class=\"flex max-w-full flex-col flex-grow\">\n<div class=\"min-h-8 text-message flex w-full flex-col items-end gap-2 whitespace-normal break-words text-start [.text-message+&amp;]:mt-5\" dir=\"auto\" data-message-author-role=\"assistant\" data-message-id=\"cb00f25b-f818-4caf-841a-79c479bfaa7e\" data-message-model-slug=\"gpt-4o\">\n<div class=\"flex w-full flex-col gap-1 empty:hidden first:pt-[3px]\">\n<div class=\"markdown prose w-full break-words dark:prose-invert light\">\n<h2>Umiestnenie prevodovky v drvi\u010di kame\u0148ov na \u010distenie p\u00f4dy<\/h2>\n<p>Prevodovka v drvi\u010di kame\u0148ov na \u010distenie pozemkov sa zvy\u010dajne nach\u00e1dza medzi motorom a mechanizmom drvi\u010da, zvy\u010dajne je namontovan\u00e1 priamo na hlavnom r\u00e1me stroja. Sl\u00fa\u017ei ako k\u013e\u00fa\u010dov\u00fd komponent na prenos v\u00fdkonu z motora na rotor drvi\u010da alebo drviacu komoru, ktor\u00e1 je zodpovedn\u00e1 za rozb\u00edjanie ve\u013ek\u00fdch kame\u0148ov a sutiny na men\u0161ie, lep\u0161ie zvl\u00e1dnute\u013en\u00e9 kusy.<\/p>\n<p>Prevodovka je \u010dasto umiestnen\u00e1 v zadnej alebo bo\u010dnej \u010dasti drvi\u010da kame\u0148a a je pripojen\u00e1 k hlavnej drviacej jednotke prostredn\u00edctvom s\u00e9rie hriade\u013eov a spojok. Toto umiestnenie zais\u0165uje, \u017ee prevodovka efekt\u00edvne zvl\u00e1da vysok\u00fd kr\u00fatiaci moment potrebn\u00fd na drvenie a z\u00e1rove\u0148 zachov\u00e1va spr\u00e1vne zarovnanie s motorom. M\u00f4\u017ee by\u0165 uzavret\u00e1 v ochrannom kryte, ktor\u00fd ju chr\u00e1ni pred ne\u010distotami, prachom a environment\u00e1lnymi faktormi, s ktor\u00fdmi sa zvy\u010dajne stret\u00e1vame pri \u010disten\u00ed p\u00f4dy.<\/p>\n<p>V mnoh\u00fdch drvi\u010doch kame\u0148a na \u010distenie p\u00f4dy je prevodovka navrhnut\u00e1 tak, aby zvl\u00e1dala zna\u010dn\u00e9 mechanick\u00e9 nam\u00e1hanie, preto\u017ee premie\u0148a rota\u010dn\u00fa energiu z motora na potrebn\u00fd kr\u00fatiaci moment na ovl\u00e1danie drviaceho mechanizmu, \u010d\u00edm zabezpe\u010duje efekt\u00edvne a spo\u013eahliv\u00e9 spracovanie kame\u0148a.<\/p>\n<p><img loading=\"lazy\" decoding=\"async\" class=\"alignnone wp-image-3694\" src=\"https:\/\/fmp-components.com\/wp-content\/uploads\/2025\/01\/0_wheel-drive-Land-Clearing-Stone-Crusher-11.webp\" alt=\"Drvi\u010d kame\u0148ov s pohonom kolies\" width=\"933\" height=\"525\" title=\"\" srcset=\"https:\/\/fmp-components.com\/wp-content\/uploads\/2025\/01\/0_wheel-drive-Land-Clearing-Stone-Crusher-11.webp 933w, https:\/\/fmp-components.com\/wp-content\/uploads\/2025\/01\/0_wheel-drive-Land-Clearing-Stone-Crusher-11-480x270.webp 480w\" sizes=\"(min-width: 0px) and (max-width: 480px) 480px, (min-width: 481px) 933px, 100vw\" \/><\/p>\n<h2>Funkcia plan\u00e9tovej prevodovky s pohonom kolies v drvi\u010di kame\u0148ov na \u010distenie p\u00f4dy<\/h2>\n<p>Plan\u00e9tov\u00e1 prevodovka s pohonom kolies v drvi\u010di kame\u0148ov na \u010distenie p\u00f4dy zohr\u00e1va k\u013e\u00fa\u010dov\u00fa \u00falohu pri efekt\u00edvnom prenose v\u00fdkonu z motora na koles\u00e1 alebo p\u00e1sy stroja. Jej prim\u00e1rnou funkciou je zn\u00ed\u017ei\u0165 r\u00fdchlos\u0165 ot\u00e1\u010dania motora a z\u00e1rove\u0148 zv\u00fd\u0161i\u0165 kr\u00fatiaci moment, \u010do umo\u017e\u0148uje drvi\u010du kame\u0148ov pohybova\u0165 sa po nerovnom ter\u00e9ne, ktor\u00fd sa zvy\u010dajne vyskytuje pri \u010disten\u00ed p\u00f4dy.<\/p>\n<p><strong>1. Prenos v\u00fdkonu a n\u00e1sobenie kr\u00fatiaceho momentu:<\/strong> Plan\u00e9tov\u00e1 prevodovka efekt\u00edvne pren\u00e1\u0161a v\u00fdkon generovan\u00fd motorom na koles\u00e1 alebo p\u00e1sy. Pou\u017eit\u00edm s\u00fapravy ozuben\u00fdch kolies usporiadan\u00fdch v plan\u00e9tovej konfigur\u00e1cii prevodovka zni\u017euje vstupn\u00e9 ot\u00e1\u010dky a zn\u00e1sobuje kr\u00fatiaci moment, \u010d\u00edm poskytuje potrebn\u00fa silu na prech\u00e1dzanie drvi\u010dom kame\u0148a cez tvrd\u00e9 povrchy, ako s\u00fa skaly, \u0161pina a nerovn\u00fd ter\u00e9n. V\u00fdsledkom je lep\u0161ia trakcia a man\u00e9vrovate\u013enos\u0165, \u010do zabezpe\u010duje, \u017ee stroj sa dok\u00e1\u017ee pohybova\u0165 v n\u00e1ro\u010dnom prostred\u00ed bez toho, aby uviazol.<\/p>\n<p><strong>2. Plynul\u00e1 a efekt\u00edvna prev\u00e1dzka:<\/strong> Plan\u00e9tov\u00e1 kon\u0161trukcia prevodovky umo\u017e\u0148uje rovnomern\u00e9 rozlo\u017eenie za\u0165a\u017eenia medzi ozuben\u00e9 koles\u00e1, \u010d\u00edm sa zni\u017euje opotrebovanie a z\u00e1rove\u0148 zvy\u0161uje \u00fa\u010dinnos\u0165 prenosu v\u00fdkonu. To prispieva k plynulej\u0161iemu chodu a dlh\u0161ej \u017eivotnosti komponentov pohonu stroja. Taktie\u017e pom\u00e1ha zabezpe\u010di\u0165, aby stroj dok\u00e1zal udr\u017eiava\u0165 konzistentn\u00fa r\u00fdchlos\u0165, \u010do je nevyhnutn\u00e9 pre optimaliz\u00e1ciu drviaceho v\u00fdkonu a \u00fasporu paliva po\u010das \u010distenia p\u00f4dy.<\/p>\n<p><strong>3. Zv\u00fd\u0161en\u00e1 odolnos\u0165 a spo\u013eahlivos\u0165:<\/strong> V drvi\u010doch kame\u0148a na \u010distenie pozemkov s\u00fa pracovn\u00e9 podmienky \u010dasto drsn\u00e9 a zah\u0155\u0148aj\u00fa n\u00e1ro\u010dn\u00e9 \u00falohy, ako je drvenie ve\u013ek\u00fdch kame\u0148ov a pohyb v n\u00e1ro\u010dnom ter\u00e9ne. Plan\u00e9tov\u00e1 prevodovka je skon\u0161truovan\u00e1 tak, aby odolala vysok\u00e9mu kr\u00fatiacemu momentu a nam\u00e1haniu, a pon\u00faka odolnos\u0165 a spo\u013eahlivos\u0165 v tak\u00fdchto n\u00e1ro\u010dn\u00fdch podmienkach. Zais\u0165uje, \u017ee drvi\u010d kame\u0148a m\u00f4\u017ee nepretr\u017eite pracova\u0165 na optim\u00e1lnej \u00farovni bez ohrozenia mechanickej integrity stroja, \u010do z neho rob\u00ed k\u013e\u00fa\u010dov\u00fa s\u00fa\u010das\u0165 pri maximaliz\u00e1cii prev\u00e1dzkyschopnosti a produktivity.<\/p>\n<p>Stru\u010dne povedan\u00e9, plan\u00e9tov\u00e1 prevodovka s pohonom kolies v drvi\u010di kame\u0148a na \u010distenie p\u00f4dy je nevyhnutn\u00e1 pre zabezpe\u010denie potrebn\u00e9ho kr\u00fatiaceho momentu, plynul\u00e9ho chodu a odolnosti na zvl\u00e1dnutie \u0165a\u017ek\u00fdch drviacich \u00faloh aj navig\u00e1cie v n\u00e1ro\u010dnom ter\u00e9ne.<\/p>\n<p><img loading=\"lazy\" decoding=\"async\" class=\"alignnone wp-image-3696\" src=\"https:\/\/fmp-components.com\/wp-content\/uploads\/2025\/01\/0_wheel-drive-Apple-harvester-machine-61.webp\" alt=\"zbera\u010dka jab\u013ak s pohonom kolies\" width=\"914\" height=\"513\" title=\"\" srcset=\"https:\/\/fmp-components.com\/wp-content\/uploads\/2025\/01\/0_wheel-drive-Apple-harvester-machine-61.webp 914w, https:\/\/fmp-components.com\/wp-content\/uploads\/2025\/01\/0_wheel-drive-Apple-harvester-machine-61-480x269.webp 480w\" sizes=\"(min-width: 0px) and (max-width: 480px) 480px, (min-width: 481px) 914px, 100vw\" \/><\/p>\n<h2>Technick\u00e9 \u0161pecifik\u00e1cie<\/h2>\n<table border=\"2\">\n<tbody>\n<tr>\n<td>Nosnos\u0165<\/td>\n<td>Dynamick\u00fd kr\u00fatiaci moment a\u017e 60 000 Nm zais\u0165uje dostato\u010dn\u00fd prenos v\u00fdkonu a odolnos\u0165 pri manipul\u00e1cii s tvrd\u00fdmi kame\u0148mi a p\u00f4dou.<\/td>\n<\/tr>\n<tr>\n<td>Rozsah pomeru r\u00fdchlosti<\/td>\n<td>Poskytuje r\u00f4zne konfigur\u00e1cie pomeru r\u00fdchlosti, nastavite\u013en\u00e9 od 5,3 do 200:1, na prisp\u00f4sobenie sa r\u00f4znym po\u017eiadavk\u00e1m na drvenie a regul\u00e1ciu r\u00fdchlosti jazdy.<\/td>\n<\/tr>\n<tr>\n<td>Materi\u00e1l<\/td>\n<td>Ozuben\u00e9 koles\u00e1 s\u00fa vyroben\u00e9 z vysoko kvalitnej legovanej ocele a pre\u0161li procesmi kalenia a tepeln\u00e9ho spracovania, aby sa zabezpe\u010dila vysok\u00e1 tvrdos\u0165, odolnos\u0165 proti opotrebovaniu a n\u00e1razu; teleso skrine je odliate z vysokopevnostnej liatiny alebo hlin\u00edkovej zliatiny s dobrou kon\u0161truk\u010dnou pevnos\u0165ou a odolnos\u0165ou proti kor\u00f3zii.<\/td>\n<\/tr>\n<tr>\n<td>Rozmery<\/td>\n<td>Prisp\u00f4sobite\u013en\u00e9<\/td>\n<\/tr>\n<tr>\n<td>Podpora<\/td>\n<td>Prevodovka m\u00e1 oto\u010dn\u00e9 pr\u00edruby krytu na upevnenie kolesa<\/td>\n<\/tr>\n<tr>\n<td>Pou\u017eite\u013en\u00e9 motory<\/td>\n<td>axi\u00e1lne piestov\u00e9 hydraulick\u00e9 motory, hydraulick\u00e9 orbit\u00e1lne motory alebo in\u00e9<\/td>\n<\/tr>\n<tr>\n<td>Mo\u017enosti hydraulick\u00e9ho motora<\/td>\n<td>pretlakov\u00fd ventil, nadstredov\u00fd ventil<\/td>\n<\/tr>\n<tr>\n<td>Lo\u017eisko:<\/td>\n<td>robustn\u00fd syst\u00e9m lo\u017e\u00edsk absorbuj\u00faci sily vyv\u00edjan\u00e9 ozuben\u00fdm vencom<\/td>\n<\/tr>\n<tr>\n<td>Brzda:<\/td>\n<td>hydraulicky uvo\u013enen\u00e1 parkovacia brzda<\/td>\n<\/tr>\n<\/tbody>\n<\/table>\n<h2>Kompatibilita s drvi\u010dom kame\u0148a na \u010distenie p\u00f4dy<\/h2>\n<p>Na\u0161e plan\u00e9tov\u00e9 prevodovky s pohonom kolies s\u00fa optimalizovan\u00e9 pre pou\u017eitie so v\u0161etk\u00fdmi hlavn\u00fdmi zna\u010dkami a modelmi drvi\u010dov kame\u0148a na \u010distenie p\u00f4dy na trhu.<\/p>\n<p>Nasleduj\u00faci zoznam uv\u00e1dza niektor\u00fdch be\u017en\u00fdch alebo zn\u00e1mych v\u00fdrobcov drviacich zariaden\u00ed v tomto odvetv\u00ed, ktor\u00ed s\u00fa vhodn\u00ed pre na\u0161e plan\u00e9tov\u00e9 prevodovky s pohonom kolies:<\/p>\n<ul>\n<li>Komatsu \u2013 Vyr\u00e1ba \u0161irok\u00fd sortiment p\u00e1sov\u00fdch a kolesov\u00fdch r\u00fdpadiel a pr\u00edslu\u0161enstva k kladiv\u00e1m vhodn\u00fdch na \u00falohy \u010distenia p\u00f4dy.<\/li>\n<li>Caterpillar \u2013 Pon\u00faka \u0161irok\u00fa \u0161k\u00e1lu \u0165a\u017ek\u00fdch strojov vr\u00e1tane kolesov\u00fdch a p\u00e1sov\u00fdch strojov, z ktor\u00fdch niektor\u00e9 sa daj\u00fa pou\u017ei\u0165 na \u010distenie p\u00f4dy v\u010faka vybaveniu \u0161pecializovan\u00fdmi kladivami.<\/li>\n<li>Bobcat \u2013 Vyr\u00e1ba kompaktn\u00e9 \u00fa\u017eitkov\u00e9 naklada\u010de a pr\u00edslu\u0161enstvo, z ktor\u00fdch niektor\u00e9 sa pou\u017e\u00edvaj\u00fa pri \u013eahk\u00fdch a\u017e stredne n\u00e1ro\u010dn\u00fdch \u010distiacich a \u0161trkov\u00fdch pr\u00e1cach.<\/li>\n<li>MB Crusher \u2013 \u0160pecializuje sa na v\u00fdrobu r\u00f4znych mobiln\u00fdch drvi\u010dov a s\u00edt, ktor\u00e9 je mo\u017en\u00e9 in\u0161talova\u0165 na bagre, naklada\u010de at\u010f.<\/li>\n<li>John Deere \u2013 Hoci je najzn\u00e1mej\u0161\u00ed pre po\u013enohospod\u00e1rske stroje, pon\u00faka aj \u0165a\u017ek\u00e9 zariadenia pre zemn\u00e9 pr\u00e1ce a stavebn\u00fd priemysel, ktor\u00e9 sa daj\u00fa pou\u017ei\u0165 so spr\u00e1vnym l\u00e1mac\u00edm n\u00e1rad\u00edm na vykon\u00e1vanie \u00faloh \u010distenia p\u00f4dy.<\/li>\n<\/ul>\n<p><span style=\"color: #ff0000;\"><em><strong>Pozn\u00e1mka: N\u00e1zvy zna\u010diek uveden\u00e9 v \u010dl\u00e1nku sl\u00fa\u017eia len pre na\u0161e pohodlie, aby si z\u00e1kazn\u00edci mohli vybra\u0165 a vymeni\u0165 pr\u00edslu\u0161enstvo pr\u00edslu\u0161nej zna\u010dky po\u013enohospod\u00e1rskych strojov a nepred\u00e1vaj\u00fa produkty danej zna\u010dky.<\/strong><\/em><\/span><\/p>\n<h2>O FMP<\/h2>\n<p>FMP je popredn\u00fd v\u00fdrobca \u0161pecializuj\u00faci sa na v\u00fdrobu \u0161irokej \u0161k\u00e1ly mechanick\u00fdch a hydraulick\u00fdch prevodov\u00fdch produktov. N\u00e1\u0161 sortiment zah\u0155\u0148a plan\u00e9tov\u00e9 prevodovky, z\u00e1vitovkov\u00e9 reduktory, radov\u00e9 \u0161pir\u00e1lov\u00e9 reduktory, \u0161pir\u00e1lov\u00e9 reduktory s paraleln\u00fdm hriade\u013eom, \u0161pir\u00e1lov\u00e9 ku\u017ee\u013eov\u00e9 reduktory, z\u00e1vitovkov\u00e9 reduktory so \u0161pir\u00e1lov\u00fdm prevodom, po\u013enohospod\u00e1rske prevodovky, prevodovky traktorov, automobilov\u00e9 prevodovky, v\u00fdstupn\u00e9 hriadele a \u0161pecializovan\u00e9 reduktory. Okrem toho pon\u00fakame komplexn\u00fd v\u00fdber doplnkov\u00fdch komponentov, ako s\u00fa ozuben\u00e9 koles\u00e1, hydraulick\u00e9 syst\u00e9my, v\u00e1kuov\u00e9 \u010derpadl\u00e1, hydraulick\u00e9 spojky, ozuben\u00e9 ty\u010de, re\u0165aze, rozvodov\u00e9 kladky, prevodovky UDL, remenice klinov\u00fdch reme\u0148ov, hydraulick\u00e9 valce, zubov\u00e9 \u010derpadl\u00e1, skrutkov\u00e9 vzduchov\u00e9 kompresory a z\u00e1vitovkov\u00e9 reduktory s n\u00edzkou v\u00f4\u013eou.<\/p>\n<p><strong>Rie\u0161enia na mieru pre ka\u017ed\u00fa potrebu<\/strong><\/p>\n<p>V spolo\u010dnosti FMP ch\u00e1peme, \u017ee ka\u017ed\u00e1 aplik\u00e1cia je jedine\u010dn\u00e1. Preto pon\u00fakame plne prisp\u00f4sobite\u013en\u00e9 rie\u0161enia vr\u00e1tane prevodoviek na mieru, prevodov\u00fdch motorov, hydraulick\u00fdch syst\u00e9mov a motorov navrhnut\u00fdch tak, aby sp\u013a\u0148ali \u0161pecifick\u00e9 po\u017eiadavky na\u0161ich klientov. Na\u0161e flexibiln\u00e9 v\u00fdrobn\u00e9 kapacity n\u00e1m umo\u017e\u0148uj\u00fa vytv\u00e1ra\u0165 prec\u00edzne navrhnut\u00e9 produkty prisp\u00f4soben\u00e9 tak, aby zabezpe\u010dili maxim\u00e1lnu \u00fa\u010dinnos\u0165 a optim\u00e1lny v\u00fdkon pre ak\u00fako\u013evek aplik\u00e1ciu.<\/p>\n<p><strong>Z\u00e1v\u00e4zok ku kvalite a inov\u00e1ci\u00e1m<\/strong><\/p>\n<p>Sme hlboko odhodlan\u00ed udr\u017eiava\u0165 najvy\u0161\u0161ie \u0161tandardy kvality a spo\u013eahlivosti ka\u017ed\u00e9ho produktu, ktor\u00fd vyr\u00e1bame. Na\u0161e modern\u00e9 testovacie a kontroln\u00e9 zariadenia spolu s vysoko kvalifikovan\u00fdm technick\u00fdm t\u00edmom zabezpe\u010duj\u00fa, \u017ee ka\u017ed\u00fd produkt sp\u013a\u0148a pr\u00edsne priemyseln\u00e9 \u0161tandardy. \u010ci u\u017e poskytujeme \u0161tandardn\u00e9 rie\u0161enia alebo vytv\u00e1rame produkty na mieru, spolo\u010dnos\u0165 FMP sa venuje dosahovaniu \u0161pi\u010dkov\u00fdch v\u00fdsledkov, ktor\u00e9 pod\u00e1vaj\u00fa v\u00fdnimo\u010dn\u00e9 v\u00fdsledky aj v t\u00fdch najn\u00e1ro\u010dnej\u0161\u00edch prostrediach.<\/p>\n<p>V posledn\u00fdch rokoch spolo\u010dnos\u0165 FMP zaznamenala r\u00fdchly rast, ktor\u00fd bol poh\u00e1\u0148an\u00fd na\u0161imi rozsiahlymi v\u00fdrobn\u00fdmi sk\u00fasenos\u0165ami, robustn\u00fdmi syst\u00e9mami riadenia a siln\u00fdmi technick\u00fdmi odborn\u00fdmi znalos\u0165ami. Na\u0161a filozofia \u201ekvalita pre pre\u017eitie a inov\u00e1cia pre rozvoj\u201c je z\u00e1kladn\u00fdm kame\u0148om n\u00e1\u0161ho \u00faspechu a poh\u00e1\u0148a neust\u00e1le zlep\u0161ovanie a rast.<\/p>\n<p><strong>Partnerstvo pre \u00faspech<\/strong><\/p>\n<p>V spolo\u010dnosti FMP uprednost\u0148ujeme spolupr\u00e1cu a dlhodob\u00e9 partnerstv\u00e1 s na\u0161imi klientmi. \u00dazko spolupracujeme s na\u0161imi z\u00e1kazn\u00edkmi, aby sme im poskytli inovat\u00edvne a spo\u013eahliv\u00e9 rie\u0161enia, ktor\u00e9 prekon\u00e1vaj\u00fa o\u010dak\u00e1vania. Na\u0161\u00edm cie\u013eom nie je len uspokoji\u0165 potreby na\u0161ich klientov, ale aj budova\u0165 trval\u00e9 vz\u0165ahy zalo\u017een\u00e9 na d\u00f4vere, kvalite a vz\u00e1jomnom \u00faspechu.<\/p>\n<p>Spolo\u010dnos\u0165 FMP sa zameriava na presn\u00e9 in\u017einierstvo, spo\u013eahlivos\u0165 a slu\u017eby na mieru a je d\u00f4veryhodn\u00fdm partnerom pre v\u0161etky va\u0161e potreby v oblasti mechanick\u00fdch a hydraulick\u00fdch prevodoviek. Te\u0161\u00edme sa na spolupr\u00e1cu s vami, aby sme spolo\u010dne dosiahli \u00faspech a excelentnos\u0165.<\/p>\n<p><img loading=\"lazy\" decoding=\"async\" class=\"alignnone size-full wp-image-3678\" src=\"https:\/\/fmp-components.com\/wp-content\/uploads\/2025\/01\/worm-gearbox-factory1.webp\" alt=\"tov\u00e1re\u0148 na z\u00e1vitovkov\u00e9 prevodovky\" width=\"1024\" height=\"888\" title=\"\" srcset=\"https:\/\/fmp-components.com\/wp-content\/uploads\/2025\/01\/worm-gearbox-factory1.webp 1024w, https:\/\/fmp-components.com\/wp-content\/uploads\/2025\/01\/worm-gearbox-factory1-980x850.webp 980w, https:\/\/fmp-components.com\/wp-content\/uploads\/2025\/01\/worm-gearbox-factory1-480x416.webp 480w\" sizes=\"(min-width: 0px) and (max-width: 480px) 480px, (min-width: 481px) and (max-width: 980px) 980px, (min-width: 981px) 1024px, 100vw\" \/><\/p>\n<p>Autor: CX<\/p>\n<\/div>\n<\/div>\n<\/div>\n<\/div>","protected":false},"excerpt":{"rendered":"<p>Location of the Gearbox in a Land Clearing Stone Crusher The gearbox in a land clearing stone crusher is typically located between the engine or motor and the crusher mechanism, usually mounted directly to the machine\u2019s main frame. It serves as a crucial component to transmit power from the engine to the crusher\u2019s rotor or [&hellip;]<\/p>","protected":false},"featured_media":3693,"comment_status":"open","ping_status":"closed","template":"","meta":{"_et_pb_use_builder":"","_et_pb_old_content":"","_et_gb_content_width":""},"product_brand":[],"product_cat":[90],"product_tag":[],"class_list":{"0":"post-3691","1":"product","2":"type-product","3":"status-publish","4":"has-post-thumbnail","6":"product_cat-planetary-gearbox","8":"first","9":"instock","10":"shipping-taxable","11":"product-type-simple"},"_links":{"self":[{"href":"https:\/\/fmp-components.com\/sk\/wp-json\/wp\/v2\/product\/3691","targetHints":{"allow":["GET"]}}],"collection":[{"href":"https:\/\/fmp-components.com\/sk\/wp-json\/wp\/v2\/product"}],"about":[{"href":"https:\/\/fmp-components.com\/sk\/wp-json\/wp\/v2\/types\/product"}],"replies":[{"embeddable":true,"href":"https:\/\/fmp-components.com\/sk\/wp-json\/wp\/v2\/comments?post=3691"}],"wp:featuredmedia":[{"embeddable":true,"href":"https:\/\/fmp-components.com\/sk\/wp-json\/wp\/v2\/media\/3693"}],"wp:attachment":[{"href":"https:\/\/fmp-components.com\/sk\/wp-json\/wp\/v2\/media?parent=3691"}],"wp:term":[{"taxonomy":"product_brand","embeddable":true,"href":"https:\/\/fmp-components.com\/sk\/wp-json\/wp\/v2\/product_brand?post=3691"},{"taxonomy":"product_cat","embeddable":true,"href":"https:\/\/fmp-components.com\/sk\/wp-json\/wp\/v2\/product_cat?post=3691"},{"taxonomy":"product_tag","embeddable":true,"href":"https:\/\/fmp-components.com\/sk\/wp-json\/wp\/v2\/product_tag?post=3691"}],"curies":[{"name":"pracovn\u00fd list","href":"https:\/\/api.w.org\/{rel}","templated":true}]}}