{"id":3686,"date":"2025-01-09T06:39:01","date_gmt":"2025-01-09T06:39:01","guid":{"rendered":"https:\/\/fmp-components.com\/?page_id=8"},"modified":"2025-01-09T06:39:01","modified_gmt":"2025-01-09T06:39:01","slug":"wheel-drive-planetary-gearbox-reducer-for-road-reclaimers-and-grades","status":"publish","type":"product","link":"https:\/\/fmp-components.com\/sk\/product\/wheel-drive-planetary-gearbox-reducer-for-road-reclaimers-and-grades\/","title":{"rendered":"Plan\u00e9tov\u00e1 prevodovka s reduktorom pohonu kolies pre rekultiv\u00e1tory a ter\u00e9nne \u00fapravy"},"content":{"rendered":"<p><img loading=\"lazy\" decoding=\"async\" class=\"alignnone wp-image-3687\" src=\"https:\/\/fmp-components.com\/wp-content\/uploads\/2025\/01\/0_wheel-drive-for-Road-Reclaimers-and-Grades-0.webp\" alt=\"pohon-koles-pre-recykl\u00e1tory-a-zimmery-cest\" width=\"863\" height=\"647\" title=\"\" srcset=\"https:\/\/fmp-components.com\/wp-content\/uploads\/2025\/01\/0_wheel-drive-for-Road-Reclaimers-and-Grades-0.webp 400w, https:\/\/fmp-components.com\/wp-content\/uploads\/2025\/01\/0_wheel-drive-for-Road-Reclaimers-and-Grades-0-300x225.webp 300w, https:\/\/fmp-components.com\/wp-content\/uploads\/2025\/01\/0_wheel-drive-for-Road-Reclaimers-and-Grades-0-16x12.webp 16w\" sizes=\"(max-width: 863px) 100vw, 863px\" \/><\/p>\n<h2>Pohon kolies pre rekultiv\u00e1tory ciest<\/h2>\n<p>Pohon kolies pre rekultiv\u00e1tory ciest je k\u013e\u00fa\u010dov\u00fdm komponentom, ktor\u00fd zabezpe\u010duje potrebn\u00fa mobilitu a trakciu pre stroje na rekultiv\u00e1ciu ciest. Rekultiv\u00e1tory ciest s\u00fa ve\u013ek\u00e9, \u0165a\u017ek\u00e9 stroje pou\u017e\u00edvan\u00e9 pri v\u00fdstavbe a \u00fadr\u017ebe ciest na fr\u00e9zovanie a obnovu povrchov vozoviek. Syst\u00e9m pohonu kolies umo\u017e\u0148uje t\u00fdmto strojom pohybova\u0165 sa po r\u00f4znych povrchoch vr\u00e1tane \u0161trku, asfaltu a nespevnen\u00fdch ciest a z\u00e1rove\u0148 si zachov\u00e1va\u0165 stabilitu a v\u00fdkon.<\/p>\n<p><img loading=\"lazy\" decoding=\"async\" class=\"size-full wp-image-3688 aligncenter\" src=\"https:\/\/fmp-components.com\/wp-content\/uploads\/2025\/01\/ep_wheel-drive-2-1.webp\" alt=\"pohon kolies\" width=\"608\" height=\"677\" title=\"\" srcset=\"https:\/\/fmp-components.com\/wp-content\/uploads\/2025\/01\/ep_wheel-drive-2-1.webp 608w, https:\/\/fmp-components.com\/wp-content\/uploads\/2025\/01\/ep_wheel-drive-2-1-480x534.webp 480w\" sizes=\"(min-width: 0px) and (max-width: 480px) 480px, (min-width: 481px) 608px, 100vw\" \/><\/p>\n<p><strong>K\u013e\u00fa\u010dov\u00e1 \u00faloha a funkcia:<\/strong><\/p>\n<p>Pohon kolies na cestn\u00fdch rekultiv\u00e1toroch je navrhnut\u00fd tak, aby pren\u00e1\u0161al v\u00fdkon z motora alebo hydraulick\u00e9ho syst\u00e9mu na koles\u00e1. To zais\u0165uje efekt\u00edvny pohyb, a to aj na nerovnom, drsnom alebo svahovitom ter\u00e9ne. Syst\u00e9m je zvy\u010dajne vybaven\u00fd pohonmi s vysok\u00fdm kr\u00fatiacim momentom, ktor\u00e9 umo\u017e\u0148uj\u00fa rekultiv\u00e1toru prech\u00e1dza\u0165 n\u00e1ro\u010dn\u00fdmi povrchmi bez straty trakcie, a to aj pri ve\u013ekom za\u0165a\u017een\u00ed. Umo\u017e\u0148uje tie\u017e kontrolovan\u00fa r\u00fdchlos\u0165, \u010d\u00edm sa zabezpe\u010d\u00ed, \u017ee rekultiv\u00e1tor sa pohybuje vhodn\u00fdm tempom pre fr\u00e9zovanie a pr\u00edpravu povrchu.<\/p>\n<p><strong>V\u00fdkon a odolnos\u0165:<\/strong><\/p>\n<p>Vzh\u013eadom na n\u00e1ro\u010dn\u00e9 podmienky, v ktor\u00fdch funguj\u00fa rekultiv\u00e1tory, je syst\u00e9m pohonu kolies skon\u0161truovan\u00fd pre odolnos\u0165 a spo\u013eahlivos\u0165. Je navrhnut\u00fd tak, aby odolal vysokej \u00farovni nam\u00e1hania vr\u00e1tane \u010dast\u00e9ho \u0161tartovania a zastavovania, ako aj prev\u00e1dzke v n\u00e1ro\u010dn\u00fdch prostrediach. Robustn\u00e1 kon\u0161trukcia syst\u00e9mu zais\u0165uje dlh\u00fa \u017eivotnos\u0165 a minim\u00e1lnu \u00fadr\u017ebu, \u010do je nevyhnutn\u00e9 pre skr\u00e1tenie prestojov a udr\u017eanie efekt\u00edvneho chodu zariadenia po\u010das dlh\u00fdch a intenz\u00edvnych pracovn\u00fdch cyklov.<\/p>\n<h2>Perfektne prisp\u00f4soben\u00e9 pracovn\u00e9mu prostrediu spolo\u010dnost\u00ed zaoberaj\u00facich sa odstra\u0148ovan\u00edm ciest<\/h2>\n<p>Syst\u00e9m pohonu kolies pre rekultiv\u00e1tory ciest je dokonale prisp\u00f4soben\u00fd n\u00e1ro\u010dn\u00e9mu pracovn\u00e9mu prostrediu v\u00fdstavby a \u00fadr\u017eby ciest. Tieto stroje \u010dasto pracuj\u00fa na nerovnom, drsnom a nepredv\u00eddate\u013enom ter\u00e9ne vr\u00e1tane asfaltu, \u0161trku a nespevnen\u00fdch ciest, a to v\u0161etko pri zvl\u00e1dan\u00ed ve\u013ek\u00e9ho pracovn\u00e9ho za\u0165a\u017eenia. Syst\u00e9m pohonu kolies je navrhnut\u00fd tak, aby poskytoval optim\u00e1lnu trakciu, stabilitu a mobilitu, \u010d\u00edm sa zabezpe\u010d\u00ed, \u017ee rekultiv\u00e1tor m\u00f4\u017ee efekt\u00edvne vykon\u00e1va\u0165 svoje \u00falohy, ako je fr\u00e9zovanie, rekon\u0161trukcia a recykl\u00e1cia povrchov ciest, bez oh\u013eadu na ter\u00e9nne podmienky.<\/p>\n<p><strong>Vysok\u00fd kr\u00fatiaci moment a trakcia pre n\u00e1ro\u010dn\u00e9 podmienky<\/strong><\/p>\n<p>Rekultiv\u00e1tory vy\u017eaduj\u00fa zna\u010dn\u00fd kr\u00fatiaci moment a trakciu na pohyb po n\u00e1ro\u010dn\u00fdch povrchoch a z\u00e1rove\u0148 si zachovali konzistentn\u00fd v\u00fdkon. Syst\u00e9m pohonu kolies je navrhnut\u00fd s vysok\u00fdm kr\u00fatiacim momentom, \u010do zabezpe\u010duje, \u017ee stroj zvl\u00e1dne aj tie najn\u00e1ro\u010dnej\u0161ie prostredia, ako s\u00fa strm\u00e9 st\u00fapania, sypk\u00fd \u0161trk a zhutnen\u00e9 povrchy vozoviek. V\u00fdsledkom je plynulej\u0161ia prev\u00e1dzka, lep\u0161ia kontrola a schopnos\u0165 pohybova\u0165 sa v n\u00e1ro\u010dnom ter\u00e9ne bez \u0161m\u00fdkania alebo zastavenia vozidla.<\/p>\n<p><strong>Trvanlivos\u0165 a spo\u013eahlivos\u0165 v n\u00e1ro\u010dn\u00fdch podmienkach<\/strong><\/p>\n<p>Drsn\u00e9 pracovn\u00e9 podmienky rekultiv\u00e1torov ciest vr\u00e1tane vystavenia prachu, vibr\u00e1ci\u00e1m a \u010dastej prev\u00e1dzky na nerovnom, nestabilnom povrchu si vy\u017eaduj\u00fa syst\u00e9m pohonu kolies navrhnut\u00fd pre odolnos\u0165 a spo\u013eahlivos\u0165. Syst\u00e9m je vyroben\u00fd z vysoko kvalitn\u00fdch materi\u00e1lov a pokro\u010dil\u00fdch technol\u00f3gi\u00ed, aby odolal tomuto nam\u00e1haniu po\u010das dlh\u00e9ho obdobia. V\u010faka minim\u00e1lnej \u00fadr\u017ebe a vynikaj\u00facemu v\u00fdkonu pri za\u0165a\u017een\u00ed zabezpe\u010duje pohon kolies, \u017ee rekultiv\u00e1tor zostane prev\u00e1dzkyschopn\u00fd a efekt\u00edvny po\u010das dlh\u00fdch a n\u00e1ro\u010dn\u00fdch pracovn\u00fdch zmien, \u010do v kone\u010dnom d\u00f4sledku skracuje prestoje a zlep\u0161uje celkov\u00fa produktivitu.<\/p>\n<p><img loading=\"lazy\" decoding=\"async\" class=\"alignnone wp-image-3689\" src=\"https:\/\/fmp-components.com\/wp-content\/uploads\/2025\/01\/0_Reggiana-Riduttori-8.webp\" alt=\"Reggiana-Riduttori\" width=\"859\" height=\"734\" title=\"\" srcset=\"https:\/\/fmp-components.com\/wp-content\/uploads\/2025\/01\/0_Reggiana-Riduttori-8.webp 859w, https:\/\/fmp-components.com\/wp-content\/uploads\/2025\/01\/0_Reggiana-Riduttori-8-480x410.webp 480w\" sizes=\"(min-width: 0px) and (max-width: 480px) 480px, (min-width: 481px) 859px, 100vw\" \/><\/p>\n<h3>Kompatibilita s popul\u00e1rnymi modelmi<\/h3>\n<p data-spm-anchor-id=\"5176.28103460.0.i154.22d63f99WoHmOF\">Uve\u010fte niektor\u00e9 be\u017en\u00e9 zna\u010dky a modely recykl\u00e1torov ciest, ktor\u00e9 m\u00f4\u017eu by\u0165 teoreticky kompatibiln\u00e9 s pohonom viacer\u00fdch kolies, ale \u0161pecifick\u00fa kompatibilitu je potrebn\u00e9 zladi\u0165 s technick\u00fdmi \u0161pecifik\u00e1ciami a po\u017eiadavkami na prisp\u00f4sobenie stanoven\u00fdmi v\u00fdrobcom:<\/p>\n<ul>\n<li data-spm-anchor-id=\"5176.28103460.0.i154.22d63f99WoHmOF\">Wirtgen: Stroje na regener\u00e1ciu ciest, ako napr\u00edklad s\u00e9rie Wirtgen WR 200 a WR 250.<\/li>\n<li data-spm-anchor-id=\"5176.28103460.0.i154.22d63f99WoHmOF\">Caterpillar: Napr\u00edklad stroje na regener\u00e1ciu ciest za studena Caterpillar PM620 a PM820.<\/li>\n<li data-spm-anchor-id=\"5176.28103460.0.i154.22d63f99WoHmOF\">Skupina Fayat (Bomag): ako napr\u00edklad regenera\u010dn\u00e9 stroje Bomag BF 600 C, s\u00e9rie BF 800 P.<\/li>\n<li data-spm-anchor-id=\"5176.28103460.0.i154.22d63f99WoHmOF\">Stavebn\u00e9 stroje Volvo: Napr\u00edklad stroj na regener\u00e1ciu ciest Volvo R900S, R1100S.<\/li>\n<li data-spm-anchor-id=\"5176.28103460.0.i154.22d63f99WoHmOF\">Dynapac: Regenera\u010dn\u00fd stroj Dynapac CR 250\/CR 280\/CR 350.<\/li>\n<\/ul>\n<p>Upozor\u0148ujeme, \u017ee r\u00f4zne zna\u010dky strojov na regener\u00e1ciu ciest sa m\u00f4\u017eu l\u00ed\u0161i\u0165 v kon\u0161trukcii, preto je potrebn\u00e9 vybra\u0165 alebo prisp\u00f4sobi\u0165 plan\u00e9tov\u00fa prevodovku s pohonom kolies, ktor\u00e1 je pre ne vhodn\u00e1 na z\u00e1klade ich \u0161pecifick\u00fdch technick\u00fdch parametrov. V praktick\u00fdch aplik\u00e1ci\u00e1ch je potrebn\u00e9 zabezpe\u010di\u0165, aby pohon kolies mohol poskytova\u0165 dostato\u010dn\u00fd kr\u00fatiaci moment a regul\u00e1ciu ot\u00e1\u010dok a aby sa plne zhodoval s hlavn\u00fdm telesom regenera\u010dn\u00e9ho stroja z h\u013eadiska kon\u0161truk\u010dn\u00fdch rozmerov, \u0161tandardov rozhrania a nosnosti.<\/p>\n<p><span style=\"color: #ff0000;\"><em><strong>Pozn\u00e1mka: N\u00e1zvy zna\u010diek uveden\u00e9 v \u010dl\u00e1nku sl\u00fa\u017eia len pre na\u0161e pohodlie, aby si z\u00e1kazn\u00edci mohli vybra\u0165 a vymeni\u0165 pr\u00edslu\u0161enstvo pr\u00edslu\u0161nej zna\u010dky po\u013enohospod\u00e1rskych strojov a nepred\u00e1vaj\u00fa produkty danej zna\u010dky.<\/strong><\/em><\/span><\/p>\n<h2>O FMP<\/h2>\n<p>FMP je popredn\u00fd v\u00fdrobca \u0161pecializuj\u00faci sa na v\u00fdrobu \u0161irokej \u0161k\u00e1ly mechanick\u00fdch a hydraulick\u00fdch prevodov\u00fdch produktov. N\u00e1\u0161 sortiment zah\u0155\u0148a plan\u00e9tov\u00e9 prevodovky, z\u00e1vitovkov\u00e9 reduktory, radov\u00e9 \u0161pir\u00e1lov\u00e9 reduktory, \u0161pir\u00e1lov\u00e9 reduktory s paraleln\u00fdm hriade\u013eom, \u0161pir\u00e1lov\u00e9 ku\u017ee\u013eov\u00e9 reduktory, z\u00e1vitovkov\u00e9 reduktory so \u0161pir\u00e1lov\u00fdm prevodom, po\u013enohospod\u00e1rske prevodovky, prevodovky traktorov, automobilov\u00e9 prevodovky, v\u00fdstupn\u00e9 hriadele a \u0161pecializovan\u00e9 reduktory. Okrem toho pon\u00fakame komplexn\u00fd v\u00fdber doplnkov\u00fdch komponentov, ako s\u00fa ozuben\u00e9 koles\u00e1, hydraulick\u00e9 syst\u00e9my, v\u00e1kuov\u00e9 \u010derpadl\u00e1, hydraulick\u00e9 spojky, ozuben\u00e9 ty\u010de, re\u0165aze, rozvodov\u00e9 kladky, prevodovky UDL, remenice klinov\u00fdch reme\u0148ov, hydraulick\u00e9 valce, zubov\u00e9 \u010derpadl\u00e1, skrutkov\u00e9 vzduchov\u00e9 kompresory a z\u00e1vitovkov\u00e9 reduktory s n\u00edzkou v\u00f4\u013eou.<\/p>\n<p><strong>Rie\u0161enia na mieru pre ka\u017ed\u00fa potrebu<\/strong><\/p>\n<p>V spolo\u010dnosti FMP ch\u00e1peme, \u017ee ka\u017ed\u00e1 aplik\u00e1cia je jedine\u010dn\u00e1. Preto pon\u00fakame plne prisp\u00f4sobite\u013en\u00e9 rie\u0161enia vr\u00e1tane prevodoviek na mieru, prevodov\u00fdch motorov, hydraulick\u00fdch syst\u00e9mov a motorov navrhnut\u00fdch tak, aby sp\u013a\u0148ali \u0161pecifick\u00e9 po\u017eiadavky na\u0161ich klientov. Na\u0161e flexibiln\u00e9 v\u00fdrobn\u00e9 kapacity n\u00e1m umo\u017e\u0148uj\u00fa vytv\u00e1ra\u0165 prec\u00edzne navrhnut\u00e9 produkty prisp\u00f4soben\u00e9 tak, aby zabezpe\u010dili maxim\u00e1lnu \u00fa\u010dinnos\u0165 a optim\u00e1lny v\u00fdkon pre ak\u00fako\u013evek aplik\u00e1ciu.<\/p>\n<p><strong>Z\u00e1v\u00e4zok ku kvalite a inov\u00e1ci\u00e1m<\/strong><\/p>\n<p>Sme hlboko odhodlan\u00ed udr\u017eiava\u0165 najvy\u0161\u0161ie \u0161tandardy kvality a spo\u013eahlivosti ka\u017ed\u00e9ho produktu, ktor\u00fd vyr\u00e1bame. Na\u0161e modern\u00e9 testovacie a kontroln\u00e9 zariadenia spolu s vysoko kvalifikovan\u00fdm technick\u00fdm t\u00edmom zabezpe\u010duj\u00fa, \u017ee ka\u017ed\u00fd produkt sp\u013a\u0148a pr\u00edsne priemyseln\u00e9 \u0161tandardy. \u010ci u\u017e poskytujeme \u0161tandardn\u00e9 rie\u0161enia alebo vytv\u00e1rame produkty na mieru, spolo\u010dnos\u0165 FMP sa venuje dosahovaniu \u0161pi\u010dkov\u00fdch v\u00fdsledkov, ktor\u00e9 pod\u00e1vaj\u00fa v\u00fdnimo\u010dn\u00e9 v\u00fdsledky aj v t\u00fdch najn\u00e1ro\u010dnej\u0161\u00edch prostrediach.<\/p>\n<p>V posledn\u00fdch rokoch spolo\u010dnos\u0165 FMP zaznamenala r\u00fdchly rast, ktor\u00fd bol poh\u00e1\u0148an\u00fd na\u0161imi rozsiahlymi v\u00fdrobn\u00fdmi sk\u00fasenos\u0165ami, robustn\u00fdmi syst\u00e9mami riadenia a siln\u00fdmi technick\u00fdmi odborn\u00fdmi znalos\u0165ami. Na\u0161a filozofia \u201ekvalita pre pre\u017eitie a inov\u00e1cia pre rozvoj\u201c je z\u00e1kladn\u00fdm kame\u0148om n\u00e1\u0161ho \u00faspechu a poh\u00e1\u0148a neust\u00e1le zlep\u0161ovanie a rast.<\/p>\n<p><strong>Partnerstvo pre \u00faspech<\/strong><\/p>\n<p>V spolo\u010dnosti FMP uprednost\u0148ujeme spolupr\u00e1cu a dlhodob\u00e9 partnerstv\u00e1 s na\u0161imi klientmi. \u00dazko spolupracujeme s na\u0161imi z\u00e1kazn\u00edkmi, aby sme im poskytli inovat\u00edvne a spo\u013eahliv\u00e9 rie\u0161enia, ktor\u00e9 prekon\u00e1vaj\u00fa o\u010dak\u00e1vania. Na\u0161\u00edm cie\u013eom nie je len uspokoji\u0165 potreby na\u0161ich klientov, ale aj budova\u0165 trval\u00e9 vz\u0165ahy zalo\u017een\u00e9 na d\u00f4vere, kvalite a vz\u00e1jomnom \u00faspechu.<\/p>\n<p>Spolo\u010dnos\u0165 FMP sa zameriava na presn\u00e9 in\u017einierstvo, spo\u013eahlivos\u0165 a slu\u017eby na mieru a je d\u00f4veryhodn\u00fdm partnerom pre v\u0161etky va\u0161e potreby v oblasti mechanick\u00fdch a hydraulick\u00fdch prevodoviek. Te\u0161\u00edme sa na spolupr\u00e1cu s vami, aby sme spolo\u010dne dosiahli \u00faspech a excelentnos\u0165.<\/p>\n<p><img loading=\"lazy\" decoding=\"async\" class=\"alignnone size-full wp-image-3678\" src=\"https:\/\/fmp-components.com\/wp-content\/uploads\/2025\/01\/worm-gearbox-factory1.webp\" alt=\"tov\u00e1re\u0148 na z\u00e1vitovkov\u00e9 prevodovky\" width=\"1024\" height=\"888\" title=\"\" srcset=\"https:\/\/fmp-components.com\/wp-content\/uploads\/2025\/01\/worm-gearbox-factory1.webp 1024w, https:\/\/fmp-components.com\/wp-content\/uploads\/2025\/01\/worm-gearbox-factory1-980x850.webp 980w, https:\/\/fmp-components.com\/wp-content\/uploads\/2025\/01\/worm-gearbox-factory1-480x416.webp 480w\" sizes=\"(min-width: 0px) and (max-width: 480px) 480px, (min-width: 481px) and (max-width: 980px) 980px, (min-width: 981px) 1024px, 100vw\" \/><\/p>\n<p>Autor: CX<\/p>\n<p>&nbsp;<\/p>","protected":false},"excerpt":{"rendered":"<p>Wheel Drive for Road Reclaimers The wheel drive for road reclaimers is a critical component that provides the necessary mobility and traction for road reclaiming machines. Road reclaimers are large, heavy-duty machines used in road construction and maintenance to mill and recondition road surfaces. The wheel drive system enables these machines to move across various [&hellip;]<\/p>","protected":false},"featured_media":3690,"comment_status":"open","ping_status":"closed","template":"","meta":{"_et_pb_use_builder":"","_et_pb_old_content":"","_et_gb_content_width":""},"product_brand":[],"product_cat":[90],"product_tag":[],"class_list":{"0":"post-3686","1":"product","2":"type-product","3":"status-publish","4":"has-post-thumbnail","6":"product_cat-planetary-gearbox","8":"first","9":"instock","10":"shipping-taxable","11":"product-type-simple"},"_links":{"self":[{"href":"https:\/\/fmp-components.com\/sk\/wp-json\/wp\/v2\/product\/3686","targetHints":{"allow":["GET"]}}],"collection":[{"href":"https:\/\/fmp-components.com\/sk\/wp-json\/wp\/v2\/product"}],"about":[{"href":"https:\/\/fmp-components.com\/sk\/wp-json\/wp\/v2\/types\/product"}],"replies":[{"embeddable":true,"href":"https:\/\/fmp-components.com\/sk\/wp-json\/wp\/v2\/comments?post=3686"}],"wp:featuredmedia":[{"embeddable":true,"href":"https:\/\/fmp-components.com\/sk\/wp-json\/wp\/v2\/media\/3690"}],"wp:attachment":[{"href":"https:\/\/fmp-components.com\/sk\/wp-json\/wp\/v2\/media?parent=3686"}],"wp:term":[{"taxonomy":"product_brand","embeddable":true,"href":"https:\/\/fmp-components.com\/sk\/wp-json\/wp\/v2\/product_brand?post=3686"},{"taxonomy":"product_cat","embeddable":true,"href":"https:\/\/fmp-components.com\/sk\/wp-json\/wp\/v2\/product_cat?post=3686"},{"taxonomy":"product_tag","embeddable":true,"href":"https:\/\/fmp-components.com\/sk\/wp-json\/wp\/v2\/product_tag?post=3686"}],"curies":[{"name":"pracovn\u00fd list","href":"https:\/\/api.w.org\/{rel}","templated":true}]}}