{"id":3674,"date":"2025-01-09T05:49:40","date_gmt":"2025-01-09T05:49:40","guid":{"rendered":"https:\/\/fmp-components.com\/?page_id=8"},"modified":"2025-01-09T06:11:10","modified_gmt":"2025-01-09T06:11:10","slug":"wheel-drive-planetary-gearbox-reducer-for-access-plateform","status":"publish","type":"product","link":"https:\/\/fmp-components.com\/sk\/product\/wheel-drive-planetary-gearbox-reducer-for-access-plateform\/","title":{"rendered":"Plan\u00e9tov\u00e1 prevodovka s reduktorom pohonu kolies pre pr\u00edstupov\u00fa plo\u0161inu"},"content":{"rendered":"<p style=\"text-align: center;\"><span style=\"font-size: 18pt;\">Plan\u00e9tov\u00e1 prevodovka s reduktorom pohonu kolies pre pr\u00edstupov\u00fa plo\u0161inu<\/span><\/p>\n<p>Plan\u00e9tov\u00e1 prevodovka s redukciou pohonu kolies pre pr\u00edstupov\u00e9 plo\u0161iny je vysokov\u00fdkonn\u00fd reduk\u010dn\u00fd syst\u00e9m \u0161peci\u00e1lne navrhnut\u00fd na pou\u017eitie vo v\u00fd\u0165ahov\u00fdch pracovn\u00fdch plo\u0161in\u00e1ch (AWP), no\u017enicov\u00fdch plo\u0161in\u00e1ch, ramenov\u00fdch plo\u0161in\u00e1ch a in\u00fdch pr\u00edstupov\u00fdch plo\u0161in\u00e1ch. T\u00e1to prevodovka, navrhnut\u00e1 pre spo\u013eahlivos\u0165, \u00fa\u010dinnos\u0165 a odolnos\u0165, je nevyhnutnou s\u00fa\u010das\u0165ou na zabezpe\u010denie plynul\u00e9ho a kontrolovan\u00e9ho pohybu plo\u0161iny.<\/p>\n<p><strong>K\u013e\u00fa\u010dov\u00e9 vlastnosti:<\/strong><\/p>\n<ol>\n<li><strong>Vysok\u00fd kr\u00fatiaci moment<\/strong><br \/>\nPlan\u00e9tov\u00e1 prevodovka, navrhnut\u00e1 na dosiahnutie vysok\u00e9ho kr\u00fatiaceho momentu, zais\u0165uje efekt\u00edvny prenos v\u00fdkonu na koles\u00e1 pr\u00edstupovej plo\u0161iny, \u010do umo\u017e\u0148uje plynul\u00fd a spo\u013eahliv\u00fd pohyb aj pri \u0165a\u017ek\u00fdch n\u00e1kladoch.<\/li>\n<li><strong>Kompaktn\u00fd a robustn\u00fd dizajn<\/strong><br \/>\nV\u010faka kompaktn\u00e9mu a priestorovo \u00fasporn\u00e9mu dizajnu je prevodovka skon\u0161truovan\u00e1 tak, aby sa zmestila do stiesnen\u00e9ho priestoru pr\u00edstupov\u00fdch plo\u0161\u00edn a z\u00e1rove\u0148 si zachovala pevnos\u0165 a odolnos\u0165. Jej robustn\u00e1 kon\u0161trukcia zais\u0165uje dlhotrvaj\u00faci v\u00fdkon v n\u00e1ro\u010dn\u00fdch prostrediach.<\/li>\n<li><strong>Mechanizmus plan\u00e9tov\u00e9ho prevodu<\/strong><br \/>\nPou\u017eitie plan\u00e9tov\u00e9ho prevodov\u00e9ho syst\u00e9mu zabezpe\u010duje vynikaj\u00face rozlo\u017eenie za\u0165a\u017eenia, zn\u00ed\u017een\u00e9 opotrebenie a zv\u00fd\u0161en\u00fa \u00fa\u010dinnos\u0165. T\u00e1to kon\u0161trukcia tie\u017e zlep\u0161uje pomer kr\u00fatiaceho momentu k hmotnosti, \u010do prispieva k celkovej \u00fa\u010dinnosti platformy.<\/li>\n<li><strong>Zv\u00fd\u0161en\u00e1 odolnos\u0165<\/strong><br \/>\nPrevodovka je vyroben\u00e1 z vysoko kvalitn\u00fdch materi\u00e1lov a je skon\u0161truovan\u00e1 tak, aby odolala n\u00e1ro\u010dn\u00fdm podmienkam vr\u00e1tane \u010dastej prev\u00e1dzky, vysok\u00fdch za\u0165a\u017eovac\u00edch cyklov a n\u00e1ro\u010dn\u00fdch environment\u00e1lnych faktorov. Poskytuje dlhodob\u00fa odolnos\u0165 a zn\u00ed\u017een\u00e9 po\u017eiadavky na \u00fadr\u017ebu.<\/li>\n<li><strong>Plynul\u00e1 a tich\u00e1 prev\u00e1dzka<\/strong><br \/>\nPresn\u00e9 spracovanie plan\u00e9tov\u00fdch prevodov zais\u0165uje plynul\u00fd a tich\u00fd chod, zni\u017euje hladinu hluku po\u010das prev\u00e1dzky a poskytuje pou\u017e\u00edvate\u013eom pohodlnej\u0161\u00ed z\u00e1\u017eitok.<\/li>\n<\/ol>\n<p><img loading=\"lazy\" decoding=\"async\" class=\"alignnone size-full wp-image-3676\" src=\"https:\/\/fmp-components.com\/wp-content\/uploads\/2025\/01\/0_wheel-drive-for-Access-Plateform-21.webp\" alt=\"0_pohon-koles-pre-pr\u00edstupov\u00fa-plo\u0161inu-2(1)\" width=\"980\" height=\"354\" title=\"\" srcset=\"https:\/\/fmp-components.com\/wp-content\/uploads\/2025\/01\/0_wheel-drive-for-Access-Plateform-21.webp 980w, https:\/\/fmp-components.com\/wp-content\/uploads\/2025\/01\/0_wheel-drive-for-Access-Plateform-21-480x173.webp 480w\" sizes=\"(min-width: 0px) and (max-width: 480px) 480px, (min-width: 481px) 980px, 100vw\" \/><\/p>\n<p>Plan\u00e9tov\u00e1 prevodovka s reduktorom pohonu kolies pre pr\u00edstupov\u00e9 plo\u0161iny je z\u00e1kladn\u00fd, vysoko v\u00fdkonn\u00fd komponent, ktor\u00fd poskytuje vynikaj\u00facu \u00fa\u010dinnos\u0165, odolnos\u0165 a plynul\u00fd chod pre r\u00f4zne aplik\u00e1cie pr\u00edstupov\u00fdch plo\u0161\u00edn. V\u010faka svojej robustnej kon\u0161trukcii, mo\u017enostiam prisp\u00f4sobenia a dlhej \u017eivotnosti t\u00e1to prevodovka zabezpe\u010duje, \u017ee va\u0161a pr\u00edstupov\u00e1 plo\u0161ina bude spo\u013eahlivo a efekt\u00edvne fungova\u0165 v n\u00e1ro\u010dn\u00fdch prostrediach.<\/p>\n<div class=\"group\/conversation-turn relative flex w-full min-w-0 flex-col agent-turn\">\n<div class=\"flex-col gap-1 md:gap-3\">\n<div class=\"flex max-w-full flex-col flex-grow\">\n<div class=\"min-h-8 text-message flex w-full flex-col items-end gap-2 whitespace-normal break-words text-start [.text-message+&amp;]:mt-5\" dir=\"auto\" data-message-author-role=\"assistant\" data-message-id=\"2334fcc5-ad49-42a5-89f5-7a90448f8b99\" data-message-model-slug=\"gpt-4o\">\n<div class=\"flex w-full flex-col gap-1 empty:hidden first:pt-[3px]\">\n<div class=\"markdown prose w-full break-words dark:prose-invert light\">\n<h2>Reduktor pohonu kolies pre stroje s pr\u00edstupovou plo\u0161inou<\/h2>\n<p>Reduktor pohonu kolies pre plo\u0161inov\u00e9 stroje je prec\u00edzne navrhnut\u00fd syst\u00e9m redukcie prevodov navrhnut\u00fd na optimaliz\u00e1ciu v\u00fdkonu plo\u0161inov\u00fdch pracovn\u00fdch plo\u0161\u00edn, no\u017enicov\u00fdch zdvih\u00e1kov a in\u00fdch strojov pre plo\u0161inov\u00e9 stroje. S d\u00f4razom na \u00fa\u010dinnos\u0165 prenosu v\u00fdkonu a odolnos\u0165 tento reduktor zais\u0165uje plynul\u00fd, spo\u013eahliv\u00fd a kontrolovan\u00fd pohyb aj v n\u00e1ro\u010dn\u00fdch priemyseln\u00fdch prostrediach.<\/p>\n<p><strong>K\u013e\u00fa\u010dov\u00e9 vlastnosti:<\/strong> Reduktor vyu\u017e\u00edva robustn\u00fa a kompaktn\u00fa kon\u0161trukciu s integrovanou pokro\u010dilou technol\u00f3giou prevodovky, ktor\u00e1 poskytuje vysok\u00fd kr\u00fatiaci moment a z\u00e1rove\u0148 minimalizuje straty energie. Jeho plan\u00e9tov\u00fd prevodov\u00fd mechanizmus zais\u0165uje efekt\u00edvne rozlo\u017eenie za\u0165a\u017eenia, zni\u017euje opotrebenie a z\u00e1rove\u0148 predl\u017euje \u017eivotnos\u0165 syst\u00e9mu. Reduktor je navrhnut\u00fd pre jednoduch\u00fa integr\u00e1ciu a je kompatibiln\u00fd s r\u00f4znymi modelmi pr\u00edstupov\u00fdch plo\u0161\u00edn, \u010do pon\u00faka flexibilitu a bezprobl\u00e9mov\u00fa in\u0161tal\u00e1ciu.<\/p>\n<p><strong>Trvanlivos\u0165 a v\u00fdkon:<\/strong> Reduktor pohonu kolies je vyroben\u00fd z vysoko kvalitn\u00fdch materi\u00e1lov a je vyroben\u00fd tak, aby odolal n\u00e1ro\u010dn\u00fdm prev\u00e1dzkov\u00fdm podmienkam. Pri neust\u00e1lom pou\u017e\u00edvan\u00ed pracuje hladko a efekt\u00edvne, \u010d\u00edm pon\u00faka vynikaj\u00facu odolnos\u0165 a zni\u017euje potrebu \u010dastej \u00fadr\u017eby. Kon\u0161trukcia prevodovky tie\u017e zais\u0165uje tich\u00fa prev\u00e1dzku, v\u010faka \u010domu je ide\u00e1lna pre prostredia citliv\u00e9 na hluk.<\/p>\n<p><strong>V\u0161estrann\u00e9 aplik\u00e1cie:<\/strong> Tento reduktor je ide\u00e1lny pre \u0161irok\u00fa \u0161k\u00e1lu strojov s pr\u00edstupov\u00fdmi plo\u0161inami vr\u00e1tane no\u017enicov\u00fdch zdv\u00edhac\u00edch plo\u0161in, ramenov\u00fdch zdv\u00edhac\u00edch plo\u0161in a in\u00fdch mobiln\u00fdch zdv\u00edhac\u00edch plo\u0161\u00edn. Jeho vysok\u00fd kr\u00fatiaci moment a \u00fa\u010dinnos\u0165 ho predur\u010duj\u00fa na pou\u017eitie v priemyseln\u00fdch, stavebn\u00fdch a \u00fadr\u017eb\u00e1rskych aplik\u00e1ci\u00e1ch, kde s\u00fa presnos\u0165, bezpe\u010dnos\u0165 a v\u00fdkon prvorad\u00e9.<\/p>\n<p>Reduktor pohonu kolies pre stroje s pr\u00edstupov\u00fdmi plo\u0161inami je spo\u013eahliv\u00e9 a vysoko v\u00fdkonn\u00e9 rie\u0161enie, ktor\u00e9 zlep\u0161uje funk\u010dnos\u0165 pr\u00edstupov\u00fdch plo\u0161\u00edn. Pon\u00faka vynikaj\u00facu \u00fa\u010dinnos\u0165, odolnos\u0165 a jednoduch\u00fa integr\u00e1ciu, \u010d\u00edm zabezpe\u010duje, \u017ee va\u0161e stroje funguj\u00fa na optim\u00e1lnej \u00farovni v\u00fdkonu, \u010do pom\u00e1ha zlep\u0161i\u0165 prev\u00e1dzkov\u00fa efektivitu a zn\u00ed\u017ei\u0165 n\u00e1klady na \u00fadr\u017ebu.<\/p>\n<p><img loading=\"lazy\" decoding=\"async\" class=\"wp-image-3677 alignnone\" src=\"https:\/\/fmp-components.com\/wp-content\/uploads\/2025\/01\/0_wheel-drive-for-Access-Plateform-4.webp\" alt=\"0_pohon-koles-pre-pr\u00edstupov\u00fa-plo\u0161inu-4\" width=\"897\" height=\"601\" title=\"\" srcset=\"https:\/\/fmp-components.com\/wp-content\/uploads\/2025\/01\/0_wheel-drive-for-Access-Plateform-4.webp 897w, https:\/\/fmp-components.com\/wp-content\/uploads\/2025\/01\/0_wheel-drive-for-Access-Plateform-4-480x321.webp 480w\" sizes=\"(min-width: 0px) and (max-width: 480px) 480px, (min-width: 481px) 897px, 100vw\" \/><\/p>\n<h2>Kompatibilita s popul\u00e1rnymi modelmi pr\u00edstupov\u00fdch platforiem<\/h2>\n<p>V praktick\u00fdch aplik\u00e1ci\u00e1ch je na\u0161a plan\u00e9tov\u00e1 prevodovka s pohonom kolies \u0161iroko kompatibiln\u00e1 s viacer\u00fdmi zn\u00e1mymi zna\u010dkami a modelmi pr\u00edstupov\u00fdch plo\u0161\u00edn. Nasleduje nieko\u013eko be\u017en\u00fdch pr\u00edkladov:<\/p>\n<ul>\n<li>JLG Industries: Napr\u00edklad vysokohorsk\u00e9 pracovn\u00e9 plo\u0161iny JLG s\u00e9rie 600S a s\u00e9rie 800AJ.<\/li>\n<li>Genie: ako napr\u00edklad Genie S-65, SX-180 a \u010fal\u0161ie s\u00e9rie no\u017enicov\u00fdch v\u00fd\u0165ahov a vysokohorsk\u00e9 pracovn\u00e9 vozidl\u00e1 s rovn\u00fdm ramenom.<\/li>\n<li>Haulotte: vr\u00e1tane s\u00e9rie HAULOTTE Star, samohybn\u00fdch v\u00fd\u0165ahov s priamym ramenom HA15IP alebo HA20PX.<\/li>\n<li>Skyjack: ako napr\u00edklad elektrick\u00fd no\u017enicov\u00fd zdvih\u00e1k Skyjack SJIII 3219, SJII 4632 at\u010f.<\/li>\n<li>Pracovn\u00e9 plo\u0161iny Terex (AWP): zah\u0155\u0148aj\u00fa ter\u00e9nne teleskopick\u00e9 v\u00fdlo\u017en\u00edky pre vysok\u00e9 pr\u00e1ce, ako napr\u00edklad Genie TZ-50 alebo nov\u00fd model SX-135XC Pro.<\/li>\n<\/ul>\n<p><span style=\"color: #ff0000;\"><em><strong>Pozn\u00e1mka: N\u00e1zvy zna\u010diek uveden\u00e9 v \u010dl\u00e1nku sl\u00fa\u017eia len pre na\u0161e pohodlie, aby si z\u00e1kazn\u00edci mohli vybra\u0165 a vymeni\u0165 pr\u00edslu\u0161enstvo pr\u00edslu\u0161nej zna\u010dky po\u013enohospod\u00e1rskych strojov a nepred\u00e1vaj\u00fa produkty danej zna\u010dky.<\/strong><\/em><\/span><\/p>\n<h2>O FMP<\/h2>\n<p>FMP je popredn\u00fd v\u00fdrobca \u0161pecializuj\u00faci sa na v\u00fdrobu \u0161irokej \u0161k\u00e1ly mechanick\u00fdch a hydraulick\u00fdch prevodov\u00fdch produktov. Na\u0161e odborn\u00e9 znalosti siahaj\u00fa do r\u00f4znych kateg\u00f3ri\u00ed produktov vr\u00e1tane plan\u00e9tov\u00fdch prevodoviek, z\u00e1vitovkov\u00fdch reduktorov, radov\u00fdch \u0161pir\u00e1lov\u00fdch reduktorov, \u0161pir\u00e1lov\u00fdch reduktorov s paraleln\u00fdm hriade\u013eom, \u0161pir\u00e1lov\u00fdch ku\u017ee\u013eov\u00fdch reduktorov, z\u00e1vitovkov\u00fdch reduktorov so \u0161pir\u00e1lov\u00fdm prevodom, po\u013enohospod\u00e1rskych prevodoviek, prevodoviek traktorov, automobilov\u00fdch prevodoviek, v\u00fdstupn\u00fdch hriade\u013eov a \u0161pecializovan\u00fdch reduktorov. Okrem toho pon\u00fakame komplexn\u00fd v\u00fdber s\u00favisiacich dielov prevodov, ozuben\u00fdch kolies, hydraulick\u00fdch syst\u00e9mov, v\u00e1kuov\u00fdch \u010derpadiel, hydraulick\u00fdch spojok, ozuben\u00fdch hrebe\u0148ov, re\u0165az\u00ed, rozvodov\u00fdch kladiek, prevodoviek UDL, remen\u00edc klinov\u00fdch reme\u0148ov, hydraulick\u00fdch valcov, zubov\u00fdch \u010derpadiel, skrutkov\u00fdch vzduchov\u00fdch kompresorov a z\u00e1vitovkov\u00fdch reduktorov s n\u00edzkou v\u00f4\u013eou.<\/p>\n<p>V spolo\u010dnosti FMP ch\u00e1peme d\u00f4le\u017eitos\u0165 prisp\u00f4sobenia pri uspokojovan\u00ed jedine\u010dn\u00fdch potrieb na\u0161ich klientov. Pon\u00fakame rie\u0161enia na mieru vr\u00e1tane prisp\u00f4soben\u00fdch prevodoviek, prevodov\u00fdch motorov, hydraulick\u00fdch produktov a motorov na z\u00e1klade \u0161pecifick\u00fdch v\u00fdkresov a po\u017eiadaviek z\u00e1kazn\u00edkov. Na\u0161e flexibiln\u00e9 v\u00fdrobn\u00e9 kapacity n\u00e1m umo\u017e\u0148uj\u00fa dod\u00e1va\u0165 produkty, ktor\u00e9 s\u00fa presne prisp\u00f4soben\u00e9 ka\u017edej aplik\u00e1cii a zabezpe\u010duj\u00fa optim\u00e1lny v\u00fdkon a \u00fa\u010dinnos\u0165.<\/p>\n<p><strong>Z\u00e1v\u00e4zok ku kvalite a inov\u00e1ci\u00e1m<\/strong><\/p>\n<p>Uprednost\u0148ujeme kvalitu a spo\u013eahlivos\u0165 na\u0161ich produktov, ktor\u00e9 podporujeme modern\u00fdm kontroln\u00fdm a testovac\u00edm vybaven\u00edm. N\u00e1\u0161 profesion\u00e1lny technick\u00fd t\u00edm v kombin\u00e1cii s najmodernej\u0161ou technol\u00f3giou spracovania a pr\u00edsnym kontroln\u00fdm syst\u00e9mom zabezpe\u010duje, \u017ee ka\u017ed\u00fd produkt sp\u013a\u0148a najvy\u0161\u0161ie priemyseln\u00e9 \u0161tandardy. \u010ci u\u017e ide o \u0161tandardn\u00e9 vybavenie alebo rie\u0161enia na mieru, spolo\u010dnos\u0165 FMP sa venuje poskytovaniu v\u00fdnimo\u010dn\u00fdch produktov, ktor\u00e9 poskytuj\u00fa vynikaj\u00faci v\u00fdkon v n\u00e1ro\u010dn\u00fdch aplik\u00e1ci\u00e1ch.<\/p>\n<p>V posledn\u00fdch rokoch spolo\u010dnos\u0165 FMP zaznamenala r\u00fdchly rast, ktor\u00fd bol poh\u00e1\u0148an\u00fd bohat\u00fdmi v\u00fdrobn\u00fdmi sk\u00fasenos\u0165ami, pokro\u010dil\u00fdm syst\u00e9mom riadenia a siln\u00fdmi technick\u00fdmi schopnos\u0165ami. Riadime sa filozofiou \u201epre\u017eitia v\u010faka kvalite a rozvoju prostredn\u00edctvom vedeck\u00fdch a technologick\u00fdch inov\u00e1ci\u00ed\u201c, ktor\u00e1 je z\u00e1kladn\u00fdm kame\u0148om n\u00e1\u0161ho \u00faspechu.<\/p>\n<p><strong>Kolaborat\u00edvny pr\u00edstup<\/strong><\/p>\n<p>Spolo\u010dnos\u0165 FMP sa zav\u00e4zuje \u00fazko spolupracova\u0165 s na\u0161imi z\u00e1kazn\u00edkmi na v\u00fdvoji inovat\u00edvnych rie\u0161en\u00ed a budovan\u00ed trval\u00fdch partnerstiev. Na\u0161\u00edm cie\u013eom je dod\u00e1va\u0165 vynikaj\u00face produkty a slu\u017eby, ktor\u00e9 nielen sp\u013a\u0148aj\u00fa, ale aj prekon\u00e1vaj\u00fa o\u010dak\u00e1vania z\u00e1kazn\u00edkov. Te\u0161\u00edme sa na spolupr\u00e1cu s vami, aby sme spolo\u010dne dosiahli \u00faspech a vytvorili brilantn\u00e9 v\u00fdsledky.<\/p>\n<p>V\u010faka zameraniu na presnos\u0165, spo\u013eahlivos\u0165 a prisp\u00f4soben\u00e9 slu\u017eby je spolo\u010dnos\u0165 FMP d\u00f4veryhodn\u00fdm partnerom, na ktor\u00e9ho sa m\u00f4\u017eete spo\u013eahn\u00fa\u0165, pokia\u013e ide o va\u0161e potreby v oblasti mechanick\u00fdch a hydraulick\u00fdch prevodoviek.<\/p>\n<p><img loading=\"lazy\" decoding=\"async\" class=\"alignnone size-full wp-image-3678\" src=\"https:\/\/fmp-components.com\/wp-content\/uploads\/2025\/01\/worm-gearbox-factory1.webp\" alt=\"tov\u00e1re\u0148 na z\u00e1vitovkov\u00e9 prevodovky\" width=\"1024\" height=\"888\" title=\"\" srcset=\"https:\/\/fmp-components.com\/wp-content\/uploads\/2025\/01\/worm-gearbox-factory1.webp 1024w, https:\/\/fmp-components.com\/wp-content\/uploads\/2025\/01\/worm-gearbox-factory1-980x850.webp 980w, https:\/\/fmp-components.com\/wp-content\/uploads\/2025\/01\/worm-gearbox-factory1-480x416.webp 480w\" sizes=\"(min-width: 0px) and (max-width: 480px) 480px, (min-width: 481px) and (max-width: 980px) 980px, (min-width: 981px) 1024px, 100vw\" \/><\/p>\n<p>Autor: CX<\/p>\n<\/div>\n<\/div>\n<\/div>\n<\/div>\n<\/div>\n<\/div>","protected":false},"excerpt":{"rendered":"<p>Wheel Drive Planetary Gearbox Reducer for Access Platform The Wheel Drive Planetary Gearbox Reducer for Access Platforms is a high-performance gear reduction system specifically designed for use in aerial work platforms (AWP), scissor lifts, boom lifts, and other access platforms. Engineered for reliability, efficiency, and durability, this gearbox is an essential component for ensuring smooth [&hellip;]<\/p>","protected":false},"featured_media":3680,"comment_status":"open","ping_status":"closed","template":"","meta":{"_et_pb_use_builder":"","_et_pb_old_content":"","_et_gb_content_width":""},"product_brand":[],"product_cat":[90],"product_tag":[],"class_list":{"0":"post-3674","1":"product","2":"type-product","3":"status-publish","4":"has-post-thumbnail","6":"product_cat-planetary-gearbox","8":"first","9":"instock","10":"shipping-taxable","11":"product-type-simple"},"_links":{"self":[{"href":"https:\/\/fmp-components.com\/sk\/wp-json\/wp\/v2\/product\/3674","targetHints":{"allow":["GET"]}}],"collection":[{"href":"https:\/\/fmp-components.com\/sk\/wp-json\/wp\/v2\/product"}],"about":[{"href":"https:\/\/fmp-components.com\/sk\/wp-json\/wp\/v2\/types\/product"}],"replies":[{"embeddable":true,"href":"https:\/\/fmp-components.com\/sk\/wp-json\/wp\/v2\/comments?post=3674"}],"wp:featuredmedia":[{"embeddable":true,"href":"https:\/\/fmp-components.com\/sk\/wp-json\/wp\/v2\/media\/3680"}],"wp:attachment":[{"href":"https:\/\/fmp-components.com\/sk\/wp-json\/wp\/v2\/media?parent=3674"}],"wp:term":[{"taxonomy":"product_brand","embeddable":true,"href":"https:\/\/fmp-components.com\/sk\/wp-json\/wp\/v2\/product_brand?post=3674"},{"taxonomy":"product_cat","embeddable":true,"href":"https:\/\/fmp-components.com\/sk\/wp-json\/wp\/v2\/product_cat?post=3674"},{"taxonomy":"product_tag","embeddable":true,"href":"https:\/\/fmp-components.com\/sk\/wp-json\/wp\/v2\/product_tag?post=3674"}],"curies":[{"name":"pracovn\u00fd list","href":"https:\/\/api.w.org\/{rel}","templated":true}]}}