{"id":3668,"date":"2025-01-09T03:46:28","date_gmt":"2025-01-09T03:46:28","guid":{"rendered":"https:\/\/fmp-components.com\/?page_id=8"},"modified":"2025-01-09T03:46:29","modified_gmt":"2025-01-09T03:46:29","slug":"spindle-motor-used-for-cnc-spindle-jszd202-2","status":"publish","type":"product","link":"https:\/\/fmp-components.com\/sk\/product\/spindle-motor-used-for-cnc-spindle-jszd202-2\/","title":{"rendered":"Vretenov\u00fd motor pou\u017e\u00edvan\u00fd pre CNC vreteno JSZD202"},"content":{"rendered":"<p><img loading=\"lazy\" decoding=\"async\" class=\"alignnone size-full wp-image-3671\" src=\"https:\/\/fmp-components.com\/wp-content\/uploads\/2025\/01\/spindle-motor-for-cnc-spindle-jszd202-2-1.webp\" alt=\"vretenov\u00fd-motor-pre-cnc-vreteno-jszd202-2 (1)\" width=\"1104\" height=\"642\" title=\"\" srcset=\"https:\/\/fmp-components.com\/wp-content\/uploads\/2025\/01\/spindle-motor-for-cnc-spindle-jszd202-2-1.webp 1104w, https:\/\/fmp-components.com\/wp-content\/uploads\/2025\/01\/spindle-motor-for-cnc-spindle-jszd202-2-1-980x570.webp 980w, https:\/\/fmp-components.com\/wp-content\/uploads\/2025\/01\/spindle-motor-for-cnc-spindle-jszd202-2-1-480x279.webp 480w\" sizes=\"(min-width: 0px) and (max-width: 480px) 480px, (min-width: 481px) and (max-width: 980px) 980px, (min-width: 981px) 1104px, 100vw\" \/><\/p>\n<p><img loading=\"lazy\" decoding=\"async\" class=\"alignnone size-full wp-image-3672\" src=\"https:\/\/fmp-components.com\/wp-content\/uploads\/2025\/01\/spindle-motor-for-cnc-spindle-jszd202-3-1.webp\" alt=\"vretenov\u00fd-motor-pre-cnc-vreteno-jszd202-3 (1)\" width=\"1115\" height=\"450\" title=\"\" srcset=\"https:\/\/fmp-components.com\/wp-content\/uploads\/2025\/01\/spindle-motor-for-cnc-spindle-jszd202-3-1.webp 1115w, https:\/\/fmp-components.com\/wp-content\/uploads\/2025\/01\/spindle-motor-for-cnc-spindle-jszd202-3-1-980x396.webp 980w, https:\/\/fmp-components.com\/wp-content\/uploads\/2025\/01\/spindle-motor-for-cnc-spindle-jszd202-3-1-480x194.webp 480w\" sizes=\"(min-width: 0px) and (max-width: 480px) 480px, (min-width: 481px) and (max-width: 980px) 980px, (min-width: 981px) 1115px, 100vw\" \/><\/p>\n<h2>Existuj\u00fa dva sp\u00f4soby v\u00fdstupu. Jeden je kon\u0161tantn\u00fd kr\u00fatiaci moment a druh\u00fd je kon\u0161tantn\u00fd v\u00fdkon, ako je uveden\u00e9 ni\u017e\u0161ie:<\/h2>\n<p><img loading=\"lazy\" decoding=\"async\" class=\"alignnone size-full wp-image-3573\" src=\"https:\/\/fmp-components.com\/wp-content\/uploads\/2025\/01\/spindle-motor-1.webp\" alt=\"vretenov\u00fd motor-1\" width=\"973\" height=\"551\" title=\"\" srcset=\"https:\/\/fmp-components.com\/wp-content\/uploads\/2025\/01\/spindle-motor-1.webp 973w, https:\/\/fmp-components.com\/wp-content\/uploads\/2025\/01\/spindle-motor-1-480x272.webp 480w\" sizes=\"(min-width: 0px) and (max-width: 480px) 480px, (min-width: 481px) 973px, 100vw\" \/><\/p>\n<h2>Vysvetlenie nomenklat\u00fary vretena motora<\/h2>\n<p><img loading=\"lazy\" decoding=\"async\" class=\"alignnone size-full wp-image-3574\" src=\"https:\/\/fmp-components.com\/wp-content\/uploads\/2025\/01\/spindle-motor-2.webp\" alt=\"vretenov\u00fd motor-2\" width=\"666\" height=\"351\" title=\"\" srcset=\"https:\/\/fmp-components.com\/wp-content\/uploads\/2025\/01\/spindle-motor-2.webp 666w, https:\/\/fmp-components.com\/wp-content\/uploads\/2025\/01\/spindle-motor-2-480x253.webp 480w\" sizes=\"(min-width: 0px) and (max-width: 480px) 480px, (min-width: 481px) 666px, 100vw\" \/><\/p>\n<h2>Koniec pripojenia vretena<\/h2>\n<p>M\u00e1 mnoho r\u00f4znych typov pripojenia v z\u00e1vislosti od modelu vretena, pozrite si tabu\u013eku ni\u017e\u0161ie.<\/p>\n<p><img loading=\"lazy\" decoding=\"async\" class=\"alignnone wp-image-3575\" src=\"https:\/\/fmp-components.com\/wp-content\/uploads\/2025\/01\/spindle-motor-3.webp\" alt=\"vretenov\u00fd motor-\" width=\"885\" height=\"231\" title=\"\" srcset=\"https:\/\/fmp-components.com\/wp-content\/uploads\/2025\/01\/spindle-motor-3.webp 885w, https:\/\/fmp-components.com\/wp-content\/uploads\/2025\/01\/spindle-motor-3-480x125.webp 480w\" sizes=\"(min-width: 0px) and (max-width: 480px) 480px, (min-width: 481px) 885px, 100vw\" \/><\/p>\n<h2>Pokyny pre vreteno<\/h2>\n<div><span id=\"spin1\">1<\/span>Frekven\u010dn\u00fd meni\u010d\u00a0<span id=\"spin2\">mus\u00ed<\/span>\u00a0zhoda\u00a0<span id=\"spin3\">elektrick\u00fd<\/span>\u00a0vretenov\u00e1 jednotka.\u00a0<span id=\"spin4\">z\u00e1kladn\u00e9<\/span>\u00a0frekvencia\u00a0<span id=\"spin5\">alebo dokonca<\/span>\u00a0nomin\u00e1lna frekvencia\u00a0<span id=\"spin6\">ako aj<\/span>\u00a0nap\u00e4tie\u00a0<span id=\"spin7\">bude musie\u0165<\/span>\u00a0sp\u013a\u0148a\u0165 technick\u00e9 parametre\u00a0<span id=\"spin8\">z<\/span>\u00a0<span id=\"spin9\">elektrick\u00e9<\/span>\u00a0vreteno.<br \/>\n<span id=\"spin10\">2<\/span>.\u00a0<span id=\"spin11\">Elektrick\u00e9<\/span>\u00a0vreteno\u00a0<span id=\"spin12\">je vo v\u0161eobecnosti<\/span>\u00a0chladen\u00e9 cirkuluj\u00facou vodou. Chladiaca voda\u00a0<span id=\"spin13\">mus\u00ed by\u0165<\/span>\u00a0odoln\u00fd vo\u010di hrdzi a \u010dist\u00fd filtrom. Ke\u010f\u00a0<span id=\"spin14\">z\u00edskavanie<\/span>\u00a0voda, pr\u00edvod\u00a0<span id=\"spin15\">mus\u00ed by\u0165<\/span>\u00a0<span id=\"spin16\">pod<\/span>\u00a0ten\u00a0<span id=\"spin17\">elektrick\u00fd<\/span>\u00a0vreteno.<br \/>\n<span id=\"spin18\">tri<\/span>Kedy\u00a0<span id=\"spin19\">pr\u00e1ca s<\/span>\u00a0vreteno mazan\u00e9 olejovou hmlou,\u00a0<span id=\"spin20\">stres<\/span>\u00a0regula\u010dn\u00fd ventil\u00a0<span id=\"spin21\">na<\/span>\u00a0olejov\u00e1 hmla\u00a0<span id=\"spin22\">gadget<\/span>\u00a0<span id=\"spin23\">malo by by\u0165<\/span>\u00a0nastaven\u00e9 na 0,25~0,3 MPA hmla\u00a0<span id=\"spin25\">tlak<\/span>\u00a0<span id=\"spin26\">malo by by\u0165<\/span>\u00a00,1~0,2 MPa\u00a0<span id=\"spin28\">a<\/span>\u00a0<span id=\"spin29\">r\u00f4zne<\/span>\u00a0kvapky oleja\u00a0<span id=\"spin30\">mus\u00ed by\u0165<\/span>\u00a060 \u2013 70 kvapiek\/min.\u00a0<span id=\"spin31\">a tie\u017e<\/span>\u00a0mazac\u00ed olej\u00a0<span id=\"spin32\">malo by by\u0165<\/span>\u00a0zvonov\u00fd olej alebo turb\u00ednov\u00fd olej \u010d.\u00a0<span id=\"spin33\">20<\/span>.<br \/>\n<span id=\"spin34\">\u0161tyri<\/span>. Ten\/t\u00e1\/to\u00a0<span id=\"spin35\">r\u00fdchlos\u0165<\/span>\u00a0<span id=\"spin36\">okolo<\/span>\u00a0motorizovan\u00e9 vreteno\u00a0<span id=\"spin37\">sprievodca<\/span>\u00a0<span id=\"spin38\">je ur\u010dite<\/span>\u00a0najvy\u0161\u0161\u00ed\u00a0<span id=\"spin39\">r\u00fdchlos\u0165<\/span>a\u00a0<span id=\"spin40\">m\u00f4\u017ee<\/span>\u00a0neby\u0165\u00a0<span id=\"spin41\">zv\u00fd\u0161en\u00fd<\/span>,\u00a0<span id=\"spin42\">napriek tomu,<\/span>\u00a0<span id=\"spin43\">m\u00f4\u017ee by\u0165<\/span>\u00a0<span id=\"spin44\">zamestnan\u00fd<\/span>\u00a0<span id=\"spin45\">zn\u00ed\u017ei\u0165<\/span><br \/>\nten\u00a0<span id=\"spin46\">tempo,<\/span>\u00a0nap\u00e4tie a frekvencia s\u00fa\u00a0<span id=\"spin47\">zn\u00ed\u017een\u00fd<\/span>\u00a0<span id=\"spin48\">akon\u00e1hle<\/span>\u00a0<span id=\"spin49\">r\u00fdchlos\u0165<\/span>\u00a0je zn\u00ed\u017een\u00e1.<br \/>\n<span id=\"spin50\">5<\/span>Rot\u00e1cia\u00a0<span id=\"spin51\">kurz<\/span>\u00a0<span id=\"spin52\">s<\/span>\u00a0motorizovan\u00e9 vreteno\u00a0<span id=\"spin53\">je zvy\u010dajne<\/span>\u00a0proti smeru hodinov\u00fdch ru\u010di\u010diek (pri poh\u013eade\u00a0<span id=\"spin54\">v<\/span>\u00a0hriade\u013e). okrem\u00a0<span id=\"spin55\">exkluz\u00edvny<\/span><br \/>\n<span id=\"spin56\">po\u017eiadavky<\/span>.<br \/>\n<span id=\"spin57\">6<\/span>Motorizovan\u00e9 vreteno mazan\u00e9 olejovou hmlou\u00a0<span id=\"spin58\">mus\u00ed by\u0165<\/span>\u00a0<span id=\"spin59\">prepojen\u00fd<\/span>\u00a0s vodou a\u00a0<span id=\"spin60\">benz\u00edn<\/span>\u00a0<span id=\"spin61\">pred<\/span>\u00a0<span id=\"spin62\">mohlo by to by\u0165 mo\u017en\u00e9<\/span>\u00a0<span id=\"spin63\">za\u010da\u0165<\/span>\u00a0a\u00a0<span id=\"spin64\">presta\u0165<\/span>\u00a0voda a\u00a0<span id=\"spin65\">palivo\u00a0<\/span><span id=\"spin66\">dod\u00e1vka<\/span>\u00a0<span id=\"spin67\">po<\/span>\u00a0vypnutie.<br \/>\nVysvetlenie:\u00a0<span id=\"spin68\">jedine\u010dn\u00fd<\/span>\u00a0oper\u00e1cia\u00a0<span id=\"spin69\">je povinn\u00e9<\/span>\u00a0<span id=\"spin70\">pod\u013ea<\/span>\u00a0<span id=\"spin71\">k<\/span>\u00a0<span id=\"spin72\">elektrick\u00fd<\/span>\u00a0vreteno\u00a0<span id=\"spin73\">pokyny<\/span>.<\/div>\n<div>\n<div class=\"flex max-w-full flex-col flex-grow\">\n<div class=\"min-h-8 text-message flex w-full flex-col items-end gap-2 whitespace-normal break-words text-start [.text-message+&amp;]:mt-5\" dir=\"auto\" data-message-author-role=\"assistant\" data-message-id=\"fbdee532-4424-41b2-a093-d85f55f880e4\" data-message-model-slug=\"gpt-4o-mini\">\n<div class=\"flex w-full flex-col gap-1 empty:hidden first:pt-[3px]\">\n<div class=\"markdown prose w-full break-words dark:prose-invert light\">\n<h2>O FMP<\/h2>\n<p>FMP je popredn\u00fd v\u00fdrobca \u0161pecializuj\u00faci sa na mechanick\u00e9 komponenty vr\u00e1tane \u0161pir\u00e1lov\u00fdch ku\u017ee\u013eov\u00fdch z\u00e1vitovkov\u00fdch reduktorov, ozuben\u00fdch kolies, ku\u017ee\u013eov\u00fdch puzdier, ozuben\u00fdch ty\u010d\u00ed, spojok a \u010fal\u0161\u00edch prevodov\u00fdch dielov. So siln\u00fdm zameran\u00edm na export sa na eur\u00f3pske trhy, ako s\u00fa Nemecko, Spojen\u00e9 kr\u00e1\u013eovstvo a Franc\u00fazsko, dod\u00e1va viac ako 651 ton na\u0161ich produktov, \u010do generuje ro\u010dn\u00fa hodnotu exportu 15 ton 18 mili\u00f3nov RMB. Na\u0161a celkov\u00e1 ro\u010dn\u00e1 produk\u010dn\u00e1 hodnota dosahuje 200 mili\u00f3nov RMB.<\/p>\n<p>V\u0161etky produkty FMP s\u00fa navrhnut\u00e9 a vyroben\u00e9 v s\u00falade s medzin\u00e1rodn\u00fdmi, eur\u00f3pskymi a americk\u00fdmi priemyseln\u00fdmi normami. Pou\u017e\u00edvame modern\u00e9 presn\u00e9 obr\u00e1bacie zariadenia, dodr\u017eiavame optimalizovan\u00e9 v\u00fdrobn\u00e9 procesy a udr\u017eiavame flexibiln\u00fd a efekt\u00edvny syst\u00e9m riadenia. N\u00e1\u0161 robustn\u00fd syst\u00e9m riadenia kvality zabezpe\u010duje vysok\u00fd \u0161tandard produktov a z\u00e1rove\u0148 udr\u017eiava konkurencieschopn\u00e9 ceny.<\/p>\n<p>V spolo\u010dnosti FMP dodr\u017eiavame z\u00e1kladn\u00e9 hodnoty: \u201eKvalita: z\u00e1kladn\u00fd kame\u0148 udr\u017eate\u013enosti podnikania; Integrita: hnacia sila rastu podnikania; Slu\u017eby: z\u00e1klad rozvoja; a Cenov\u00e1 dostupnos\u0165: k\u013e\u00fa\u010d k \u00faspechu.\u201c V\u00edtame spolupr\u00e1cu s dom\u00e1cimi aj medzin\u00e1rodn\u00fdmi z\u00e1kazn\u00edkmi a sme odhodlan\u00ed podporova\u0165 vz\u00e1jomn\u00fd rast a \u00faspech.<\/p>\n<\/div>\n<\/div>\n<\/div>\n<\/div>\n<p><img loading=\"lazy\" decoding=\"async\" class=\"alignnone wp-image-3563\" src=\"https:\/\/fmp-components.com\/wp-content\/uploads\/2025\/01\/company-2.webp\" alt=\"spolo\u010dnos\u0165\" width=\"873\" height=\"790\" title=\"\" srcset=\"https:\/\/fmp-components.com\/wp-content\/uploads\/2025\/01\/company-2.webp 873w, https:\/\/fmp-components.com\/wp-content\/uploads\/2025\/01\/company-2-480x435.webp 480w\" sizes=\"(min-width: 0px) and (max-width: 480px) 480px, (min-width: 481px) 873px, 100vw\" \/> <img loading=\"lazy\" decoding=\"async\" class=\"alignnone wp-image-3564\" src=\"https:\/\/fmp-components.com\/wp-content\/uploads\/2025\/01\/company-3.webp\" alt=\"spolo\u010dnos\u0165\" width=\"873\" height=\"776\" title=\"\" srcset=\"https:\/\/fmp-components.com\/wp-content\/uploads\/2025\/01\/company-3.webp 873w, https:\/\/fmp-components.com\/wp-content\/uploads\/2025\/01\/company-3-480x427.webp 480w\" sizes=\"(min-width: 0px) and (max-width: 480px) 480px, (min-width: 481px) 873px, 100vw\" \/> <img loading=\"lazy\" decoding=\"async\" class=\"alignnone wp-image-3565\" src=\"https:\/\/fmp-components.com\/wp-content\/uploads\/2025\/01\/company-1.webp\" alt=\"spolo\u010dnos\u0165\" width=\"877\" height=\"225\" title=\"\" srcset=\"https:\/\/fmp-components.com\/wp-content\/uploads\/2025\/01\/company-1.webp 877w, https:\/\/fmp-components.com\/wp-content\/uploads\/2025\/01\/company-1-480x123.webp 480w\" sizes=\"(min-width: 0px) and (max-width: 480px) 480px, (min-width: 481px) 877px, 100vw\" \/><\/p>\n<p>Autor: CX<\/p>\n<\/div>","protected":false},"excerpt":{"rendered":"<p>There are Two Ways for the Output One is Constant Torque, and Another is Constant Power as Below: Nomenclature Explanation of Motor Spindle The End of the Spindle Connection Its have many different types of connection, depending on the different model spindle, please refer to the table below. Spindle Instruction 1. The frequency converter\u00a0has to\u00a0match [&hellip;]<\/p>","protected":false},"featured_media":3673,"comment_status":"open","ping_status":"closed","template":"","meta":{"_et_pb_use_builder":"","_et_pb_old_content":"","_et_gb_content_width":""},"product_brand":[],"product_cat":[89],"product_tag":[],"class_list":{"0":"post-3668","1":"product","2":"type-product","3":"status-publish","4":"has-post-thumbnail","6":"product_cat-spindle-motor","8":"first","9":"instock","10":"shipping-taxable","11":"product-type-simple"},"_links":{"self":[{"href":"https:\/\/fmp-components.com\/sk\/wp-json\/wp\/v2\/product\/3668","targetHints":{"allow":["GET"]}}],"collection":[{"href":"https:\/\/fmp-components.com\/sk\/wp-json\/wp\/v2\/product"}],"about":[{"href":"https:\/\/fmp-components.com\/sk\/wp-json\/wp\/v2\/types\/product"}],"replies":[{"embeddable":true,"href":"https:\/\/fmp-components.com\/sk\/wp-json\/wp\/v2\/comments?post=3668"}],"wp:featuredmedia":[{"embeddable":true,"href":"https:\/\/fmp-components.com\/sk\/wp-json\/wp\/v2\/media\/3673"}],"wp:attachment":[{"href":"https:\/\/fmp-components.com\/sk\/wp-json\/wp\/v2\/media?parent=3668"}],"wp:term":[{"taxonomy":"product_brand","embeddable":true,"href":"https:\/\/fmp-components.com\/sk\/wp-json\/wp\/v2\/product_brand?post=3668"},{"taxonomy":"product_cat","embeddable":true,"href":"https:\/\/fmp-components.com\/sk\/wp-json\/wp\/v2\/product_cat?post=3668"},{"taxonomy":"product_tag","embeddable":true,"href":"https:\/\/fmp-components.com\/sk\/wp-json\/wp\/v2\/product_tag?post=3668"}],"curies":[{"name":"pracovn\u00fd list","href":"https:\/\/api.w.org\/{rel}","templated":true}]}}