{"id":364,"date":"2024-12-09T08:53:34","date_gmt":"2024-12-09T08:53:34","guid":{"rendered":"https:\/\/fmp-components.com\/?page_id=8"},"modified":"2024-12-10T03:21:34","modified_gmt":"2024-12-10T03:21:34","slug":"boom-aerial-work-vehicle-floating-hydraulic-cylinder","status":"publish","type":"product","link":"https:\/\/fmp-components.com\/sk\/product\/boom-aerial-work-vehicle-floating-hydraulic-cylinder\/","title":{"rendered":"Pl\u00e1vaj\u00faci hydraulick\u00fd valec pre plo\u0161inov\u00e9 pracovn\u00e9 vozidl\u00e1"},"content":{"rendered":"<p style=\"text-align: center;\"><span style=\"font-size: 18pt;\">Pl\u00e1vaj\u00faci hydraulick\u00fd valec pre plo\u0161inov\u00e9 pracovn\u00e9 vozidl\u00e1<\/span><\/p>\n<p>Pl\u00e1vaj\u00faci hydraulick\u00fd valec pre pracovn\u00e9 plo\u0161iny na v\u00fdlo\u017en\u00edku je \u0161pecializovan\u00fd komponent navrhnut\u00fd na zv\u00fd\u0161enie v\u00fdkonu a v\u0161estrannosti pracovn\u00fdch plo\u0161\u00edn na v\u00fdlo\u017en\u00edku. Tento inovat\u00edvny hydraulick\u00fd valec umo\u017e\u0148uje dynamick\u00fd pohyb a nastavenie v\u00fdlo\u017en\u00edka, \u010do obsluhe umo\u017e\u0148uje \u013eah\u0161ie a bezpe\u010dnej\u0161ie pohybova\u0165 sa po nerovn\u00fdch povrchoch a dosahova\u0165 vyv\u00fd\u0161en\u00e9 pracovn\u00e9 plochy.<\/p>\n<p><img loading=\"lazy\" decoding=\"async\" class=\"size-full wp-image-412 aligncenter\" src=\"https:\/\/fmp-components.com\/wp-content\/uploads\/2024\/12\/Boom-Aerial-Work-Vehicle-Floating-Hydraulic-Cylinder.webp\" alt=\"Pl\u00e1vaj\u00faci hydraulick\u00fd valec pre plo\u0161inov\u00e9 pracovn\u00e9 vozidl\u00e1\" width=\"500\" height=\"500\" title=\"\" srcset=\"https:\/\/fmp-components.com\/wp-content\/uploads\/2024\/12\/Boom-Aerial-Work-Vehicle-Floating-Hydraulic-Cylinder.webp 500w, https:\/\/fmp-components.com\/wp-content\/uploads\/2024\/12\/Boom-Aerial-Work-Vehicle-Floating-Hydraulic-Cylinder-480x480.webp 480w\" sizes=\"(min-width: 0px) and (max-width: 480px) 480px, (min-width: 481px) 500px, 100vw\" \/><\/p>\n<h4>K\u013e\u00fa\u010dov\u00e9 vlastnosti:<\/h4>\n<ul>\n<li>Pl\u00e1vaj\u00faca kon\u0161trukcia: Jedine\u010dn\u00fd pl\u00e1vaj\u00faci mechanizmus umo\u017e\u0148uje nez\u00e1visl\u00e9 nastavenie valca, prisp\u00f4sobenie sa zmen\u00e1m ter\u00e9nu a zabezpe\u010denie optim\u00e1lnej polohy ramena pre efekt\u00edvnu prev\u00e1dzku.<\/li>\n<li>Vysokopevnostn\u00e1 kon\u0161trukcia: Tento hydraulick\u00fd valec je vyroben\u00fd z odoln\u00fdch materi\u00e1lov a je navrhnut\u00fd tak, aby odolal \u0165a\u017ek\u00fdm za\u0165a\u017eeniam a n\u00e1ro\u010dn\u00fdm pracovn\u00fdm podmienkam, \u010d\u00edm zaru\u010duje dlhotrvaj\u00facu spo\u013eahlivos\u0165 a v\u00fdkon.<\/li>\n<li>Plynul\u00e1 prev\u00e1dzka: Pokro\u010dil\u00fd hydraulick\u00fd syst\u00e9m zais\u0165uje plynul\u00fd pohyb, \u010do umo\u017e\u0148uje presn\u00e9 ovl\u00e1danie v\u00fd\u0161ky a uhla ramena, \u010do je nevyhnutn\u00e9 pre \u00falohy vy\u017eaduj\u00face presnos\u0165.<\/li>\n<li>V\u0161estrann\u00e9 pou\u017eitie: Tento pl\u00e1vaj\u00faci hydraulick\u00fd valec, vhodn\u00fd pre \u0161irok\u00fa \u0161k\u00e1lu odvetv\u00ed vr\u00e1tane stavebn\u00edctva, \u00fadr\u017eby a verejn\u00fdch slu\u017eieb, podporuje \u00falohy ako in\u0161tal\u00e1cia, oprava a kontrola vo vyv\u00fd\u0161en\u00fdch miestach.<\/li>\n<li>Jednoduch\u00e1 in\u0161tal\u00e1cia: Pl\u00e1vaj\u00faci hydraulick\u00fd valec je navrhnut\u00fd pre jednoduch\u00fa integr\u00e1ciu do existuj\u00facich syst\u00e9mov zdv\u00edhania ramena a minimalizuje prestoje a umo\u017e\u0148uje r\u00fdchle nasadenie, v\u010faka \u010domu je pripraven\u00fd na okam\u017eit\u00e9 pou\u017eitie.<\/li>\n<\/ul>\n<h4>V\u00fdhody:<\/h4>\n<ul>\n<li>Zv\u00fd\u0161en\u00e1 stabilita: Hydraulick\u00fd valec zvy\u0161uje stabilitu po\u010das prev\u00e1dzky t\u00fdm, \u017ee umo\u017e\u0148uje v\u00fdlo\u017en\u00edku pl\u00e1va\u0165 a prisp\u00f4sobova\u0165 sa nerovn\u00e9mu povrchu, \u010d\u00edm sa zni\u017euje riziko prevr\u00e1tenia alebo neh\u00f4d.<\/li>\n<li>Zv\u00fd\u0161en\u00e1 produktivita: Schopnos\u0165 \u013eahko sa orientova\u0165 v n\u00e1ro\u010dn\u00fdch ter\u00e9noch a poloh\u00e1ch zlep\u0161uje efektivitu pracovn\u00e9ho postupu a umo\u017e\u0148uje oper\u00e1torom vykon\u00e1va\u0165 \u00falohy r\u00fdchlej\u0161ie a efekt\u00edvnej\u0161ie.<\/li>\n<li>Zaistenie bezpe\u010dnosti: Funkcia pl\u00e1vania prispieva k bezpe\u010dnej\u0161ej prev\u00e1dzke t\u00fdm, \u017ee poskytuje lep\u0161iu kontrolu a stabilitu, \u010do je nevyhnutn\u00e9 pri pr\u00e1ci vo v\u00fd\u0161kach.<\/li>\n<li>Cenovo v\u00fdhodn\u00e9 rie\u0161enie: Trvanlivos\u0165 a \u00fa\u010dinnos\u0165 hydraulick\u00e9ho valca ved\u00fa k ni\u017e\u0161\u00edm n\u00e1kladom na \u00fadr\u017ebu a skr\u00e1teniu prestojov, v\u010faka \u010domu je inteligentnou invest\u00edciou pre ak\u00fdko\u013evek vozov\u00fd park leteck\u00fdch pracovn\u00fdch vozidiel.<\/li>\n<li>Pohodlie a istota obsluhy: Plynul\u00e1 prev\u00e1dzka a vylep\u0161en\u00e9 ovl\u00e1danie, ktor\u00e9 poskytuje pl\u00e1vaj\u00faci hydraulick\u00fd valec, umo\u017e\u0148uj\u00fa obsluhe pracova\u0165 s istotou, \u010d\u00edm sa zni\u017euje \u00fanava a zvy\u0161uje spokojnos\u0165 s pr\u00e1cou.<\/li>\n<\/ul>\n<p>Stru\u010dne povedan\u00e9, pl\u00e1vaj\u00faci hydraulick\u00fd valec pre plo\u0161iny je z\u00e1kladn\u00fdm komponentom, ktor\u00fd v\u00fdrazne zlep\u0161uje funk\u010dnos\u0165, bezpe\u010dnos\u0165 a efektivitu plo\u0161in. Jeho inovat\u00edvny dizajn a spo\u013eahliv\u00fd v\u00fdkon ho robia ide\u00e1lnym pre r\u00f4zne aplik\u00e1cie a zabezpe\u010duj\u00fa, \u017ee oper\u00e1tori m\u00f4\u017eu vykon\u00e1va\u0165 svoje \u00falohy efekt\u00edvne a bezpe\u010dne v r\u00f4znych prostrediach.<\/p>\n<h2>Rozmery pl\u00e1vaj\u00faceho hydraulick\u00e9ho valca v\u00fdlo\u017en\u00edka pre plo\u0161inov\u00e9 pracovn\u00e9 vozidl\u00e1:<\/h2>\n<table>\n<tbody>\n<tr>\n<td><img loading=\"lazy\" decoding=\"async\" class=\"size-large wp-image-316543 aligncenter\" src=\"https:\/\/hzpt.com\/wp-content\/uploads\/2023\/08\/Boom-Aerial-Work-Vehicle-Floating-Hydraulic-Cylinder-Dimensions-1-1024x440.webp\" sizes=\"(min-width: 0px) and (max-width: 480px) 480px, (min-width: 481px) and (max-width: 980px) 980px, (min-width: 981px) 1024px, 100vw\" srcset=\"https:\/\/images.hzpt.com\/2023\/08\/WMVeeK5s-Boom-Aerial-Work-Vehicle-Floating-Hydraulic-Cylinder-Dimensions-1-1024x440.webp 1024w, https:\/\/images.hzpt.com\/2023\/08\/WMVeeK5s-Boom-Aerial-Work-Vehicle-Floating-Hydraulic-Cylinder-Dimensions-1-980x421.webp 980w, https:\/\/images.hzpt.com\/2023\/08\/WMVeeK5s-Boom-Aerial-Work-Vehicle-Floating-Hydraulic-Cylinder-Dimensions-1-480x206.webp 480w\" alt=\"Rozmery pl\u00e1vaj\u00faceho hydraulick\u00e9ho valca v\u00fdlo\u017en\u00edka pre plo\u0161inov\u00e9 pracovn\u00e9 vozidl\u00e1\" width=\"1024\" height=\"440\" title=\"\"><\/td>\n<td><img loading=\"lazy\" decoding=\"async\" class=\"size-large wp-image-316544 aligncenter\" src=\"https:\/\/hzpt.com\/wp-content\/uploads\/2023\/08\/Boom-Aerial-Work-Vehicle-Floating-Hydraulic-Cylinder-Dimensions-2-1024x440.webp\" sizes=\"(min-width: 0px) and (max-width: 480px) 480px, (min-width: 481px) and (max-width: 980px) 980px, (min-width: 981px) 1024px, 100vw\" srcset=\"https:\/\/images.hzpt.com\/2023\/08\/Boom-Aerial-Work-Vehicle-Floating-Hydraulic-Cylinder-Dimensions-2-1024x440.webp 1024w, https:\/\/images.hzpt.com\/2023\/08\/5WnLVrfo-Boom-Aerial-Work-Vehicle-Floating-Hydraulic-Cylinder-Dimensions-2-980x421.webp 980w, https:\/\/images.hzpt.com\/2023\/08\/5WnLVrfo-Boom-Aerial-Work-Vehicle-Floating-Hydraulic-Cylinder-Dimensions-2-480x206.webp 480w\" alt=\"Rozmery pl\u00e1vaj\u00faceho hydraulick\u00e9ho valca v\u00fdlo\u017en\u00edka pre plo\u0161inov\u00e9 pracovn\u00e9 vozidl\u00e1\" width=\"1024\" height=\"440\" title=\"\"><\/td>\n<\/tr>\n<\/tbody>\n<\/table>\n<table style=\"width: 100%; height: 101px;\" border=\"1\" cellspacing=\"0\" cellpadding=\"0\">\n<tbody>\n<tr style=\"height: 47px;\">\n<td style=\"height: 47px;\" width=\"246\">N\u00e1zov valca<\/td>\n<td style=\"height: 47px;\" width=\"336\">\u010c\u00edslo v\u00fdkresu<\/td>\n<td style=\"height: 47px;\" width=\"126\">Priemer otvoru (D)<\/td>\n<td style=\"height: 47px;\" width=\"123\">Priemer ty\u010de (d)<\/td>\n<td style=\"height: 47px;\" width=\"114\">Zdvih (S)<\/td>\n<td style=\"height: 47px;\" width=\"170\">In\u0161tala\u010dn\u00e1 vzdialenos\u0165 (L)<\/td>\n<td style=\"height: 47px;\" width=\"172\">Pracovn\u00fd tlak<\/td>\n<td style=\"height: 47px;\" width=\"366\">Rozmery rozhrania (M)<\/td>\n<td style=\"height: 47px;\" width=\"96\">Hmotnos\u0165<\/td>\n<\/tr>\n<tr style=\"height: 54px;\">\n<td class=\"et3\" style=\"height: 54px;\" width=\"246\" height=\"290\">Pl\u00e1vaj\u00faci valec<\/td>\n<td class=\"et4\" style=\"height: 54px;\" width=\"336\">GTHZ210C-620200-000<\/td>\n<td class=\"et4\" style=\"height: 54px;\" width=\"126\">\u03a663<\/td>\n<td class=\"et4\" style=\"height: 54px;\" width=\"123\">\u03a645<\/td>\n<td class=\"et4\" style=\"height: 54px;\" width=\"114\">60<\/td>\n<td class=\"et4\" style=\"height: 54px;\" width=\"170\">375<\/td>\n<td class=\"et4\" style=\"height: 54px;\" width=\"172\">25 MPa<\/td>\n<td class=\"et4\" style=\"height: 54px;\" width=\"366\">2-7\/8-14UNF<\/td>\n<td class=\"et4\" style=\"height: 54px;\" width=\"96\">16 kg<\/td>\n<\/tr>\n<\/tbody>\n<\/table>\n<h2>Parameter hydraulick\u00e9ho valca riadenia v\u00fdlo\u017en\u00edka pre pracovn\u00e9 vozidl\u00e1:<\/h2>\n<table border=\"1\" width=\"100%\" cellspacing=\"0\" cellpadding=\"0\">\n<tbody>\n<tr>\n<td width=\"70\">Polo\u017eka<\/td>\n<td width=\"70\">Popis<\/td>\n<\/tr>\n<tr>\n<td width=\"70\">N\u00e1zov produktu<\/td>\n<td width=\"70\">Hydraulick\u00fd valec riadenia<\/td>\n<\/tr>\n<tr>\n<td width=\"70\">Aplik\u00e1cia<\/td>\n<td width=\"70\">V\u00fdlo\u017en\u00edk pracovn\u00e9ho vozidla<\/td>\n<\/tr>\n<tr>\n<td width=\"70\">Materi\u00e1l<\/td>\n<td width=\"70\">20#\/45#, Q345B, oce\u013e 40Cr<\/td>\n<\/tr>\n<tr>\n<td width=\"70\">Typ herectva<\/td>\n<td width=\"70\">Dvoj\u010dinn\u00fd Jedno\u010dinn\u00fd<\/td>\n<\/tr>\n<tr>\n<td width=\"70\">Z\u00e1kladn\u00e9 komponenty<\/td>\n<td width=\"70\">Piestna ty\u010d, piest<\/td>\n<\/tr>\n<tr>\n<td width=\"70\">Certifik\u00e1t:<\/td>\n<td width=\"70\">ISO9001, ISO4001, ISO 45003<\/td>\n<\/tr>\n<tr>\n<td width=\"70\">V\u00fdrobn\u00e1 kapacita:<\/td>\n<td width=\"70\">1 200 000 kusov ro\u010dne<\/td>\n<\/tr>\n<tr>\n<td width=\"70\">\u010cas vzorkovania<\/td>\n<td width=\"70\">Na z\u00e1klade skuto\u010dn\u00e9ho typu<\/td>\n<\/tr>\n<tr>\n<td width=\"70\">Zna\u010dka<\/td>\n<td width=\"70\">FMP alebo logo z\u00e1kazn\u00edka<\/td>\n<\/tr>\n<tr>\n<td width=\"70\">Slu\u017eba<\/td>\n<td width=\"70\">OEM a ODM<\/td>\n<\/tr>\n<tr>\n<td width=\"70\">Zna\u010dka tule\u0148ov<\/td>\n<td width=\"70\">Parker, NOK, BUSAK \u0160AMBAN<\/td>\n<\/tr>\n<tr>\n<td width=\"70\">Dodacia lehota<\/td>\n<td width=\"70\">Na z\u00e1klade mno\u017estva objedn\u00e1vky.<\/td>\n<\/tr>\n<tr>\n<td width=\"70\">Typ podnikania<\/td>\n<td width=\"70\">V\u00fdrobca a export\u00e9r<\/td>\n<\/tr>\n<\/tbody>\n<\/table>\n<h3>Pou\u017eitie pl\u00e1vaj\u00faceho hydraulick\u00e9ho valca pre v\u00fdlo\u017en\u00edky na pracovisku<\/h3>\n<p>Pl\u00e1vaj\u00faci hydraulick\u00fd valec pre plo\u0161iny je v\u0161estrann\u00fd komponent pou\u017e\u00edvan\u00fd v r\u00f4znych odvetviach, ktor\u00fd v\u00fdrazne zvy\u0161uje funk\u010dnos\u0165 a bezpe\u010dnos\u0165 plo\u0161inov\u00fdch pracovn\u00fdch plo\u0161\u00edn. Tu je nieko\u013eko k\u013e\u00fa\u010dov\u00fdch aplik\u00e1ci\u00ed:<\/p>\n<h4>1. V\u00fdstavba<\/h4>\n<p>V stavebn\u00edctve je tento hydraulick\u00fd valec nevyhnutn\u00fd pre \u00falohy, ako napr\u00edklad:<\/p>\n<ul>\n<li>Zdv\u00edhanie pracovn\u00edkov: Umo\u017e\u0148uje stavebn\u00fdm \u010dat\u00e1m bezpe\u010dn\u00fd pr\u00edstup do vysok\u00fdch priestorov pri stavebn\u00fdch, strech\u00e1rskych a mont\u00e1\u017enych pr\u00e1cach.<\/li>\n<li>In\u0161tal\u00e1cia kon\u0161truk\u010dn\u00fdch prvkov: Funkcia pl\u00e1vaj\u00faceho ulo\u017eenia pom\u00e1ha presne umiestni\u0165 nosn\u00edky, priehradov\u00e9 nosn\u00edky a in\u00e9 \u0165a\u017ek\u00e9 materi\u00e1ly, a to aj na nerovnom ter\u00e9ne.<\/li>\n<\/ul>\n<h4>2. \u00dadr\u017eba a opravy<\/h4>\n<p>Pl\u00e1vaj\u00faci hydraulick\u00fd valec je neocenite\u013en\u00fd pre \u00fadr\u017eb\u00e1rske \u00falohy a umo\u017e\u0148uje technikom:<\/p>\n<ul>\n<li>Vykon\u00e1vanie kontrol: Jednoducho sa pohybujte v okol\u00ed stavieb a vykon\u00e1vajte be\u017en\u00e9 kontroly mostov, ve\u017e\u00ed a fas\u00e1d.<\/li>\n<li>Vykon\u00e1vanie opr\u00e1v: Pr\u00edstup k \u0165a\u017eko dostupn\u00fdm miestam pri oprav\u00e1ch elektrick\u00fdch syst\u00e9mov, jednotiek HVAC a vodovodn\u00fdch armat\u00far umiestnen\u00fdch vo v\u00fd\u0161kach.<\/li>\n<\/ul>\n<h4>3. Verejn\u00e9 slu\u017eby a telekomunik\u00e1cie<\/h4>\n<p>Dod\u00e1vatelia energi\u00ed vyu\u017e\u00edvaj\u00fa pl\u00e1vaj\u00faci hydraulick\u00fd valec na:<\/p>\n<ul>\n<li>\u00dadr\u017eba elektrick\u00e9ho vedenia: Umo\u017enenie bezpe\u010dn\u00e9ho pr\u00edstupu k nadzemn\u00e9mu elektrick\u00e9mu vedeniu na \u00fa\u010dely opr\u00e1v a moderniz\u00e1ci\u00ed.<\/li>\n<li>Telekomunika\u010dn\u00e9 pr\u00e1ce: In\u0161tal\u00e1cia a \u00fadr\u017eba ant\u00e9n a komunika\u010dn\u00fdch zariaden\u00ed na vysok\u00fdch stavb\u00e1ch, ako s\u00fa vysiela\u010de mobiln\u00fdch siet\u00ed.<\/li>\n<\/ul>\n<h4>4. Nastavenie udalosti<\/h4>\n<p>V priemysle podujat\u00ed a z\u00e1bavy tento hydraulick\u00fd valec podporuje:<\/p>\n<ul>\n<li>V\u00fdstavba p\u00f3di\u00ed: Pomoc pri in\u0161tal\u00e1cii p\u00f3di\u00ed, osvet\u013eovac\u00edch zariaden\u00ed a zvukov\u00e9ho zariadenia na vyv\u00fd\u0161en\u00fdch miestach.<\/li>\n<li>Bannery a displeje: Umo\u017enenie in\u0161tal\u00e1cie ve\u013ek\u00fdch bannerov a displejov na vysok\u00fdch miestach pre lep\u0161iu vidite\u013enos\u0165.<\/li>\n<\/ul>\n<h4>5. Filmov\u00e1 a telev\u00edzna produkcia<\/h4>\n<p>Vo filme a telev\u00edzii sa leteck\u00e9 pracovn\u00e9 vozidl\u00e1 vybaven\u00e9 pl\u00e1vaj\u00facimi hydraulick\u00fdmi valcami pou\u017e\u00edvaj\u00fa na:<\/p>\n<ul>\n<li>Kinematografia: Poskytovanie zv\u00fd\u0161en\u00fdch uhlov kamery a z\u00e1berov, \u010do umo\u017e\u0148uje kreat\u00edvne techniky nat\u00e1\u010dania.<\/li>\n<li>Nastavenie osvetlenia: Bezpe\u010dn\u00e9 umiestnenie svetiel a zariaden\u00ed na sc\u00e9nach, ktor\u00e9 vy\u017eaduj\u00fa nastavenie v\u00fd\u0161ky.<\/li>\n<\/ul>\n<h4>6. Po\u013enohospod\u00e1rske aplik\u00e1cie<\/h4>\n<p>V po\u013enohospod\u00e1rstve sa pl\u00e1vaj\u00faci hydraulick\u00fd valec m\u00f4\u017ee pou\u017ei\u0165 v:<\/p>\n<ul>\n<li>Orez\u00e1vanie a zber stromov: U\u013eah\u010denie pr\u00edstupu k vysok\u00fdm stromom na orez\u00e1vanie alebo zber ovocia, zabezpe\u010denie bezpe\u010dn\u00fdch a efekt\u00edvnych pracovn\u00fdch procesov.<\/li>\n<li>Postrekovanie plod\u00edn: Umo\u017e\u0148uje presn\u00e9 umiestnenie postrekovacieho zariadenia v r\u00f4znych v\u00fd\u0161kach, aby sa zabezpe\u010dilo rovnomern\u00e9 pokrytie.<\/li>\n<\/ul>\n<h4>7. \u00dadr\u017eba vetern\u00fdch turb\u00edn<\/h4>\n<p>Tento hydraulick\u00fd valec je tie\u017e k\u013e\u00fa\u010dov\u00fd v sektore obnovite\u013en\u00fdch zdrojov energie pre:<\/p>\n<ul>\n<li>Pr\u00edstup k vetern\u00fdm turb\u00ednam: Zabezpe\u010denie bezpe\u010dn\u00e9ho pr\u00edstupu k lopatk\u00e1m turb\u00edny na \u00fa\u010dely kontroly a \u00fadr\u017eby, \u010do je nevyhnutn\u00e9 pre zabezpe\u010denie optim\u00e1lneho v\u00fdkonu.<\/li>\n<\/ul>\n<p>Pl\u00e1vaj\u00faci hydraulick\u00fd valec pre plo\u0161iny s v\u00fdlo\u017en\u00edkom zvy\u0161uje v\u0161estrannos\u0165 a bezpe\u010dnos\u0165 plo\u0161inov\u00fdch pracovn\u00fdch plo\u0161\u00edn v mnoh\u00fdch aplik\u00e1ci\u00e1ch. Jeho schopnos\u0165 prisp\u00f4sobi\u0165 sa nerovn\u00e9mu povrchu umo\u017e\u0148uje obsluhe vykon\u00e1va\u0165 \u00falohy s presnos\u0165ou a stabilitou, v\u010faka \u010domu je nepostr\u00e1date\u013en\u00fdm n\u00e1strojom v stavebn\u00edctve, \u00fadr\u017ebe, verejn\u00fdch slu\u017eb\u00e1ch, z\u00e1bavnom priemysle a \u010fal\u0161\u00edch oblastiach.\u00a0<img loading=\"lazy\" decoding=\"async\" class=\"alignnone size-full wp-image-413\" src=\"https:\/\/fmp-components.com\/wp-content\/uploads\/2024\/12\/T6UAgYD0-Boom-Aerial-Work-Vehicle-Floating-Hydraulic-Cylinder-Applications.webp\" alt=\"Aplik\u00e1cie pre pl\u00e1vaj\u00face hydraulick\u00e9 valce s v\u00fdlo\u017en\u00edkom a plo\u0161inov\u00fdmi pracovn\u00fdmi vozidlami\" width=\"980\" height=\"719\" title=\"\" srcset=\"https:\/\/fmp-components.com\/wp-content\/uploads\/2024\/12\/T6UAgYD0-Boom-Aerial-Work-Vehicle-Floating-Hydraulic-Cylinder-Applications.webp 980w, https:\/\/fmp-components.com\/wp-content\/uploads\/2024\/12\/T6UAgYD0-Boom-Aerial-Work-Vehicle-Floating-Hydraulic-Cylinder-Applications-480x352.webp 480w\" sizes=\"(min-width: 0px) and (max-width: 480px) 480px, (min-width: 481px) 980px, 100vw\" \/><\/p>\n<h2>O FMP<\/h2>\n<p>Spolo\u010dnos\u0165 FMP je \u0161pecializovan\u00fd v\u00fdrobca hydraulick\u00fdch valcov, zn\u00e1my svojim siln\u00fdm d\u00f4razom na v\u00fdskum a excelentnos\u0165 vo v\u00fdrobe. Od svojho vzniku sa spolo\u010dnos\u0165 venuje neust\u00e1lemu v\u00fdvoju technol\u00f3gie hydraulick\u00fdch valcov. Spo\u010diatku spolo\u010dnos\u0165 FMP vyr\u00e1bala \u0161irok\u00fa \u0161k\u00e1lu produktov pre zberov\u00e9 a stavebn\u00e9 stroje; odvtedy sa v\u0161ak zameriava najm\u00e4 na komponenty pre po\u013enohospod\u00e1rske traktory.<\/p>\n<p>Spolo\u010dnos\u0165 FMP s viac ako desa\u0165ro\u010dn\u00fdmi sk\u00fasenos\u0165ami vo v\u00fdrobe kombinuje rozsiahle mana\u017e\u00e9rske sk\u00fasenosti s pokro\u010dil\u00fdmi v\u00fdrobn\u00fdmi technol\u00f3giami, aby zabezpe\u010dila najvy\u0161\u0161ie \u0161tandardy kvality svojich produktov. Spolo\u010dnos\u0165 vybudovala komplexn\u00fa obr\u00e1baciu v\u00fdrobn\u00fa linku, mont\u00e1\u017enu linku a linku na lakovanie, \u010do jej umo\u017e\u0148uje poskytova\u0165 spo\u013eahliv\u00e9 a efekt\u00edvne v\u00fdrobn\u00e9 procesy.<\/p>\n<p>Rast spolo\u010dnosti FMP podporuje \u0161pecializovan\u00fd t\u00edm zlo\u017een\u00fd zo sk\u00fasen\u00fdch mana\u017e\u00e9rov, kvalifikovan\u00fdch strojn\u00fdch kon\u0161trukt\u00e9rov a vysokokvalifikovan\u00fdch technikov. Tento kolaborat\u00edvny pr\u00edstup zabezpe\u010duje konzistentn\u00fa kvalitu v\u00fdrobkov a efekt\u00edvne riadi kontinuitu procesov, \u010d\u00edm zvy\u0161uje celkov\u00fa efektivitu v\u00fdroby.<\/p>\n<p>Jadrom filozofie spolo\u010dnosti FMP s\u00fa hodnoty \u201eTechnologick\u00e1 inov\u00e1cia poh\u00e1\u0148aj\u00faca pokrok\u201c, \u201eKvalita vytv\u00e1raj\u00faca zna\u010dky\u201c, \u201eRemeseln\u00e9 spracovanie zabezpe\u010duj\u00face kvalitu\u201c a \u201eBudovanie dlhodob\u00fdch obojstranne v\u00fdhodn\u00fdch vz\u0165ahov\u201c. Spolo\u010dnos\u0165 sa zaviazala poskytova\u0165 vysokokvalitn\u00e9 produkty a z\u00e1rove\u0148 poskytova\u0165 v\u00fdnimo\u010dn\u00fd z\u00e1kazn\u00edcky servis. FMP sa neust\u00e1le sna\u017e\u00ed prisp\u00f4sobova\u0165 meniacim sa potreb\u00e1m trhu a prezentuje sa ako d\u00f4veryhodn\u00fd partner v odvetv\u00ed po\u013enohospod\u00e1rskych strojov. Prostredn\u00edctvom svojho z\u00e1v\u00e4zku k inov\u00e1ci\u00e1m a kvalite sa FMP sna\u017e\u00ed v\u00fdznamne prispie\u0165 k pokroku v hydraulickej technol\u00f3gii v po\u013enohospod\u00e1rskom sektore.<\/p>\n<p><img loading=\"lazy\" decoding=\"async\" class=\"alignnone wp-image-359\" src=\"https:\/\/fmp-components.com\/wp-content\/uploads\/2024\/12\/fmp-factory-3.webp\" sizes=\"(min-width: 0px) and (max-width: 480px) 480px, (min-width: 481px) 914px, 100vw\" srcset=\"https:\/\/fmp-components.com\/wp-content\/uploads\/2024\/12\/fmp-factory-3.webp 914w, https:\/\/fmp-components.com\/wp-content\/uploads\/2024\/12\/fmp-factory-3-480x321.webp 480w\" alt=\"fmp-factory\" width=\"914\" height=\"612\" title=\"\"><\/p>\n<p>Autor\uff1a CX<\/p>","protected":false},"excerpt":{"rendered":"<p>Pl\u00e1vaj\u00faci hydraulick\u00fd valec pre plo\u0161iny s v\u00fdlo\u017en\u00edkom je \u0161pecializovan\u00fd komponent ur\u010den\u00fd na zv\u00fd\u0161enie v\u00fdkonu plo\u0161in s v\u00fdlo\u017en\u00edkom t\u00fdm, \u017ee umo\u017e\u0148uje dynamick\u00e9 prisp\u00f4sobenie v\u00fdlo\u017en\u00edka nerovn\u00e9mu povrchu. Tento inovat\u00edvny hydraulick\u00fd valec zais\u0165uje plynul\u00fd a presn\u00fd pohyb, \u010do umo\u017e\u0148uje obsluhe bezpe\u010dn\u00fd pr\u00edstup k vyv\u00fd\u0161en\u00fdm pracovn\u00fdm ploch\u00e1m so zlep\u0161enou stabilitou a ovl\u00e1dan\u00edm. Je vyroben\u00fd z vysokopevnostn\u00fdch materi\u00e1lov a je navrhnut\u00fd tak, aby odolal \u0165a\u017ek\u00fdm n\u00e1kladom a n\u00e1ro\u010dn\u00fdm pracovn\u00fdm podmienkam, \u010d\u00edm zais\u0165uje dlhotrvaj\u00facu spo\u013eahlivos\u0165. Jeho v\u0161estrannos\u0165 ho rob\u00ed ide\u00e1lnym pre r\u00f4zne aplik\u00e1cie vr\u00e1tane stavebn\u00edctva, \u00fadr\u017eby a in\u017einierskych siet\u00ed, kde je nevyhnutn\u00e1 schopnos\u0165 \u013eahk\u00e9ho a bezpe\u010dn\u00e9ho man\u00e9vrovania vo v\u00fd\u0161kach.<\/p>","protected":false},"featured_media":412,"comment_status":"open","ping_status":"closed","template":"","meta":{"_et_pb_use_builder":"","_et_pb_old_content":"","_et_gb_content_width":""},"product_brand":[],"product_cat":[22],"product_tag":[],"class_list":{"0":"post-364","1":"product","2":"type-product","3":"status-publish","4":"has-post-thumbnail","6":"product_cat-aerial-work-vehicle-hydraulic-cylinders","8":"first","9":"instock","10":"shipping-taxable","11":"product-type-simple"},"_links":{"self":[{"href":"https:\/\/fmp-components.com\/sk\/wp-json\/wp\/v2\/product\/364","targetHints":{"allow":["GET"]}}],"collection":[{"href":"https:\/\/fmp-components.com\/sk\/wp-json\/wp\/v2\/product"}],"about":[{"href":"https:\/\/fmp-components.com\/sk\/wp-json\/wp\/v2\/types\/product"}],"replies":[{"embeddable":true,"href":"https:\/\/fmp-components.com\/sk\/wp-json\/wp\/v2\/comments?post=364"}],"wp:featuredmedia":[{"embeddable":true,"href":"https:\/\/fmp-components.com\/sk\/wp-json\/wp\/v2\/media\/412"}],"wp:attachment":[{"href":"https:\/\/fmp-components.com\/sk\/wp-json\/wp\/v2\/media?parent=364"}],"wp:term":[{"taxonomy":"product_brand","embeddable":true,"href":"https:\/\/fmp-components.com\/sk\/wp-json\/wp\/v2\/product_brand?post=364"},{"taxonomy":"product_cat","embeddable":true,"href":"https:\/\/fmp-components.com\/sk\/wp-json\/wp\/v2\/product_cat?post=364"},{"taxonomy":"product_tag","embeddable":true,"href":"https:\/\/fmp-components.com\/sk\/wp-json\/wp\/v2\/product_tag?post=364"}],"curies":[{"name":"pracovn\u00fd list","href":"https:\/\/api.w.org\/{rel}","templated":true}]}}