{"id":3604,"date":"2025-01-09T01:34:23","date_gmt":"2025-01-09T01:34:23","guid":{"rendered":"https:\/\/fmp-components.com\/?page_id=8"},"modified":"2025-01-09T01:39:53","modified_gmt":"2025-01-09T01:39:53","slug":"spindle-motor-used-for-cnc-spindle-jszd240","status":"publish","type":"product","link":"https:\/\/fmp-components.com\/sk\/product\/spindle-motor-used-for-cnc-spindle-jszd240\/","title":{"rendered":"Vretenov\u00fd motor pou\u017e\u00edvan\u00fd pre CNC vreteno JSZD240"},"content":{"rendered":"<p><img loading=\"lazy\" decoding=\"async\" class=\"alignnone size-full wp-image-3605\" src=\"https:\/\/fmp-components.com\/wp-content\/uploads\/2025\/01\/spindle-motor-for-cnc-spindle-jszd220-2.webp\" alt=\"vretenov\u00fd-motor-pre-cnc-vreteno-jszd220-2\" width=\"1098\" height=\"635\" title=\"\" srcset=\"https:\/\/fmp-components.com\/wp-content\/uploads\/2025\/01\/spindle-motor-for-cnc-spindle-jszd220-2.webp 1098w, https:\/\/fmp-components.com\/wp-content\/uploads\/2025\/01\/spindle-motor-for-cnc-spindle-jszd220-2-980x567.webp 980w, https:\/\/fmp-components.com\/wp-content\/uploads\/2025\/01\/spindle-motor-for-cnc-spindle-jszd220-2-480x278.webp 480w\" sizes=\"(min-width: 0px) and (max-width: 480px) 480px, (min-width: 481px) and (max-width: 980px) 980px, (min-width: 981px) 1098px, 100vw\" \/><\/p>\n<p><img loading=\"lazy\" decoding=\"async\" class=\"alignnone size-full wp-image-3607\" src=\"https:\/\/fmp-components.com\/wp-content\/uploads\/2025\/01\/spindle-motor-for-cnc-spindle-jszd220-3.webp\" alt=\"vretenov\u00fd-motor-pre-cnc-vreteno-jszd220-3\" width=\"1111\" height=\"449\" title=\"\" srcset=\"https:\/\/fmp-components.com\/wp-content\/uploads\/2025\/01\/spindle-motor-for-cnc-spindle-jszd220-3.webp 1111w, https:\/\/fmp-components.com\/wp-content\/uploads\/2025\/01\/spindle-motor-for-cnc-spindle-jszd220-3-980x396.webp 980w, https:\/\/fmp-components.com\/wp-content\/uploads\/2025\/01\/spindle-motor-for-cnc-spindle-jszd220-3-480x194.webp 480w\" sizes=\"(min-width: 0px) and (max-width: 480px) 480px, (min-width: 481px) and (max-width: 980px) 980px, (min-width: 981px) 1111px, 100vw\" \/><\/p>\n<h3>V\u00fdber spr\u00e1vneho typu vretenov\u00e9ho motora pre CNC<\/h3>\n<p>V\u00fdber vhodn\u00e9ho CNC vretenov\u00e9ho motora je nevyhnutn\u00fd pre optimaliz\u00e1ciu v\u00fdkonu, presnosti a efekt\u00edvnosti obr\u00e1bac\u00edch oper\u00e1ci\u00ed. Spr\u00e1vny motor zabezpe\u010duje, \u017ee stroj zvl\u00e1dne po\u017eadovan\u00e9 pracovn\u00e9 za\u0165a\u017eenie a z\u00e1rove\u0148 dosiahne po\u017eadovan\u00fa kvalitu v\u00fdstupu. Tu s\u00fa k\u013e\u00fa\u010dov\u00e9 faktory, ktor\u00e9 treba zv\u00e1\u017ei\u0165 pri v\u00fdbere CNC vretenov\u00e9ho motora:<\/p>\n<ol>\n<li><strong>Po\u017eiadavky na v\u00fdkon a kr\u00fatiaci moment<\/strong><br \/>\nV\u00fdkon motora (meran\u00fd v konsk\u00fdch sil\u00e1ch alebo kilowattoch) a kr\u00fatiaci moment priamo ovplyv\u0148uj\u00fa jeho schopnos\u0165 spracova\u0165 r\u00f4zne materi\u00e1ly a vykon\u00e1va\u0165 rezn\u00e9 oper\u00e1cie. Pre n\u00e1ro\u010dn\u00e9 aplik\u00e1cie, ako je fr\u00e9zovanie alebo hlbok\u00e9 rezanie, je potrebn\u00fd motor s vysok\u00fdm kr\u00fatiacim momentom. Pre jemnej\u0161iu a presnej\u0161iu pr\u00e1cu m\u00f4\u017eu by\u0165 vhodnej\u0161ie motory s ni\u017e\u0161\u00edm v\u00fdkonom a vysok\u00fdmi ot\u00e1\u010dkami. Pos\u00fa\u010fte konkr\u00e9tne obr\u00e1bacie \u00falohy a ur\u010dte po\u017eadovan\u00fd v\u00fdkon a kr\u00fatiaci moment motora.<\/li>\n<li><strong>Rozsah r\u00fdchlosti a ovl\u00e1danie<\/strong><br \/>\nVretenov\u00e9 motory CNC s\u00fa dostupn\u00e9 v \u0161irokom rozsahu r\u00fdchlost\u00ed, zvy\u010dajne meran\u00fdch v ot\u00e1\u010dkach za min\u00fatu (RPM). Niektor\u00e9 aplik\u00e1cie vy\u017eaduj\u00fa vysokor\u00fdchlostn\u00e9 vreten\u00e1 pre procesy ako v\u0155tanie alebo grav\u00edrovanie, zatia\u013e \u010do in\u00e9, ako napr\u00edklad rezanie z\u00e1vitov alebo hrubovanie, m\u00f4\u017eu vy\u017eadova\u0165 ni\u017e\u0161ie r\u00fdchlosti s vy\u0161\u0161\u00edm kr\u00fatiacim momentom. Motor by mal ma\u0165 regul\u00e1ciu ot\u00e1\u010dok, aby sa ot\u00e1\u010dky vretena upravili pre r\u00f4zne materi\u00e1ly a oper\u00e1cie, \u010d\u00edm sa zabezpe\u010d\u00ed v\u0161estrannos\u0165 a optimalizuje v\u00fdkon.<\/li>\n<li><strong>Chladiaci syst\u00e9m<\/strong><br \/>\nVretenov\u00e9 motory generuj\u00fa po\u010das prev\u00e1dzky teplo, najm\u00e4 pri vysokov\u00fdkonn\u00fdch alebo nepretr\u017eit\u00fdch prev\u00e1dzkach. V\u00fdber motora s vhodn\u00fdm chladiacim syst\u00e9mom, ako je vzduchov\u00e9 alebo kvapalinov\u00e9 chladenie, pom\u00e1ha udr\u017eiava\u0165 optim\u00e1lny v\u00fdkon a predch\u00e1dza\u0165 prehriatiu. Kvapalinou chladen\u00e9 vreten\u00e1 s\u00fa zvy\u010dajne \u00fa\u010dinnej\u0161ie pri dlhodob\u00fdch alebo vysokov\u00fdkonn\u00fdch \u00faloh\u00e1ch, zatia\u013e \u010do vzduchom chladen\u00e9 motory \u010dasto posta\u010duj\u00fa pre \u013eahk\u00e9 aplik\u00e1cie.<\/li>\n<li><strong>Presnos\u0165 a h\u00e1dzanie<\/strong><br \/>\nPresnos\u0165 vretenov\u00e9ho motora je rozhoduj\u00faca pre vysoko presn\u00e9 obr\u00e1banie. Motory s n\u00edzkou h\u00e1dzavos\u0165ou (ve\u013ekos\u0165 odch\u00fdlky od skuto\u010dnej osi ot\u00e1\u010dania) zabezpe\u010duj\u00fa, \u017ee obrobok je bezpe\u010dne upnut\u00fd a rovnomerne sa ot\u00e1\u010da, \u010do vedie k lep\u0161ej rozmerovej presnosti a povrchovej \u00faprave. Vysoko presn\u00e9 vreten\u00e1 s\u00fa nevyhnutn\u00e9 pre odvetvia vy\u017eaduj\u00face pr\u00edsne tolerancie, ako je napr\u00edklad leteck\u00fd priemysel alebo v\u00fdroba zdravotn\u00edckych pom\u00f4cok.<\/li>\n<li><strong>Typ motora: AC vs. DC<\/strong><br \/>\nVretenov\u00e9 motory CNC s\u00fa vo v\u0161eobecnosti bu\u010f striedav\u00e9 (AC) alebo jednosmern\u00e9 (DC). Striedav\u00e9 motory s\u00fa zvy\u010dajne uprednost\u0148ovan\u00e9 pre priemyseln\u00e9 CNC aplik\u00e1cie kv\u00f4li ich spo\u013eahlivosti, lep\u0161ej energetickej \u00fa\u010dinnosti a dlh\u0161ej \u017eivotnosti. S\u00fa ide\u00e1lne pre vysokor\u00fdchlostn\u00e9 oper\u00e1cie s vysok\u00fdm kr\u00fatiacim momentom. Jednosmern\u00e9 motory, hoci pon\u00fakaj\u00fa vynikaj\u00faci kr\u00fatiaci moment pri n\u00edzkych r\u00fdchlostiach, s\u00fa \u010dasto vhodnej\u0161ie pre men\u0161ie alebo \u0161pecializovanej\u0161ie CNC stroje s ni\u017e\u0161\u00edmi n\u00e1rokmi na v\u00fdkon.<\/li>\n<\/ol>\n<p>V\u00fdber spr\u00e1vneho CNC vretenov\u00e9ho motora vy\u017eaduje vyv\u00e1\u017eenie faktorov vr\u00e1tane v\u00fdkonu, r\u00fdchlosti, chladenia, presnosti a kompatibility s riadiacim syst\u00e9mom stroja. Starostliv\u00fdm zv\u00e1\u017een\u00edm t\u00fdchto faktorov si v\u00fdrobcovia m\u00f4\u017eu vybra\u0165 vretenov\u00fd motor, ktor\u00fd zvy\u0161uje v\u00fdkon CNC stroja, zlep\u0161uje efektivitu obr\u00e1bania a poskytuje po\u017eadovan\u00fa kvalitu pre konkr\u00e9tne aplik\u00e1cie.<\/p>\n<h2>Existuj\u00fa dva sp\u00f4soby v\u00fdstupu. Jeden je kon\u0161tantn\u00fd kr\u00fatiaci moment a druh\u00fd je kon\u0161tantn\u00fd v\u00fdkon, ako je uveden\u00e9 ni\u017e\u0161ie:<\/h2>\n<p><img loading=\"lazy\" decoding=\"async\" class=\"alignnone size-full wp-image-3573\" src=\"https:\/\/fmp-components.com\/wp-content\/uploads\/2025\/01\/spindle-motor-1.webp\" alt=\"vretenov\u00fd motor-1\" width=\"973\" height=\"551\" title=\"\" srcset=\"https:\/\/fmp-components.com\/wp-content\/uploads\/2025\/01\/spindle-motor-1.webp 973w, https:\/\/fmp-components.com\/wp-content\/uploads\/2025\/01\/spindle-motor-1-480x272.webp 480w\" sizes=\"(min-width: 0px) and (max-width: 480px) 480px, (min-width: 481px) 973px, 100vw\" \/><\/p>\n<h2>Vysvetlenie nomenklat\u00fary vretena motora<\/h2>\n<p><img loading=\"lazy\" decoding=\"async\" class=\"alignnone size-full wp-image-3574\" src=\"https:\/\/fmp-components.com\/wp-content\/uploads\/2025\/01\/spindle-motor-2.webp\" alt=\"vretenov\u00fd motor-2\" width=\"666\" height=\"351\" title=\"\" srcset=\"https:\/\/fmp-components.com\/wp-content\/uploads\/2025\/01\/spindle-motor-2.webp 666w, https:\/\/fmp-components.com\/wp-content\/uploads\/2025\/01\/spindle-motor-2-480x253.webp 480w\" sizes=\"(min-width: 0px) and (max-width: 480px) 480px, (min-width: 481px) 666px, 100vw\" \/><\/p>\n<h2>Koniec pripojenia vretena<\/h2>\n<p>M\u00e1 mnoho r\u00f4znych typov pripojenia v z\u00e1vislosti od modelu vretena, pozrite si tabu\u013eku ni\u017e\u0161ie.<\/p>\n<p><img loading=\"lazy\" decoding=\"async\" class=\"alignnone wp-image-3575\" src=\"https:\/\/fmp-components.com\/wp-content\/uploads\/2025\/01\/spindle-motor-3.webp\" alt=\"vretenov\u00fd motor-\" width=\"885\" height=\"231\" title=\"\" srcset=\"https:\/\/fmp-components.com\/wp-content\/uploads\/2025\/01\/spindle-motor-3.webp 885w, https:\/\/fmp-components.com\/wp-content\/uploads\/2025\/01\/spindle-motor-3-480x125.webp 480w\" sizes=\"(min-width: 0px) and (max-width: 480px) 480px, (min-width: 481px) 885px, 100vw\" \/><\/p>\n<h2>Pokyny pre vreteno<\/h2>\n<div><span id=\"spin1\">1<\/span>Frekven\u010dn\u00fd meni\u010d\u00a0<span id=\"spin2\">mus\u00ed<\/span>\u00a0zhoda\u00a0<span id=\"spin3\">elektrick\u00fd<\/span>\u00a0vretenov\u00e1 jednotka.\u00a0<span id=\"spin4\">z\u00e1kladn\u00e9<\/span>\u00a0frekvencia\u00a0<span id=\"spin5\">alebo dokonca<\/span>\u00a0nomin\u00e1lna frekvencia\u00a0<span id=\"spin6\">ako aj<\/span>\u00a0nap\u00e4tie\u00a0<span id=\"spin7\">bude musie\u0165<\/span>\u00a0sp\u013a\u0148a\u0165 technick\u00e9 parametre\u00a0<span id=\"spin8\">z<\/span>\u00a0<span id=\"spin9\">elektrick\u00e9<\/span>\u00a0vreteno.<br \/>\n<span id=\"spin10\">2<\/span>.\u00a0<span id=\"spin11\">Elektrick\u00e9<\/span>\u00a0vreteno\u00a0<span id=\"spin12\">je vo v\u0161eobecnosti<\/span>\u00a0chladen\u00e9 cirkuluj\u00facou vodou. Chladiaca voda\u00a0<span id=\"spin13\">mus\u00ed by\u0165<\/span>\u00a0odoln\u00fd vo\u010di hrdzi a \u010dist\u00fd filtrom. Ke\u010f\u00a0<span id=\"spin14\">z\u00edskavanie<\/span>\u00a0voda, pr\u00edvod\u00a0<span id=\"spin15\">mus\u00ed by\u0165<\/span>\u00a0<span id=\"spin16\">pod<\/span>\u00a0ten\u00a0<span id=\"spin17\">elektrick\u00fd<\/span>\u00a0vreteno.<br \/>\n<span id=\"spin18\">tri<\/span>Kedy\u00a0<span id=\"spin19\">pr\u00e1ca s<\/span>\u00a0vreteno mazan\u00e9 olejovou hmlou,\u00a0<span id=\"spin20\">stres<\/span>\u00a0regula\u010dn\u00fd ventil\u00a0<span id=\"spin21\">na<\/span>\u00a0olejov\u00e1 hmla\u00a0<span id=\"spin22\">gadget<\/span>\u00a0<span id=\"spin23\">malo by by\u0165<\/span>\u00a0nastaven\u00e9 na 0,25~0,3 MPA hmla\u00a0<span id=\"spin25\">tlak<\/span>\u00a0<span id=\"spin26\">malo by by\u0165<\/span>\u00a00,1~0,2 MPa\u00a0<span id=\"spin28\">a<\/span>\u00a0<span id=\"spin29\">r\u00f4zne<\/span>\u00a0kvapky oleja\u00a0<span id=\"spin30\">mus\u00ed by\u0165<\/span>\u00a060 \u2013 70 kvapiek\/min.\u00a0<span id=\"spin31\">a tie\u017e<\/span>\u00a0mazac\u00ed olej\u00a0<span id=\"spin32\">malo by by\u0165<\/span>\u00a0zvonov\u00fd olej alebo turb\u00ednov\u00fd olej \u010d.\u00a0<span id=\"spin33\">20<\/span>.<br \/>\n<span id=\"spin34\">\u0161tyri<\/span>. Ten\/t\u00e1\/to\u00a0<span id=\"spin35\">r\u00fdchlos\u0165<\/span>\u00a0<span id=\"spin36\">okolo<\/span>\u00a0motorizovan\u00e9 vreteno\u00a0<span id=\"spin37\">sprievodca<\/span>\u00a0<span id=\"spin38\">je ur\u010dite<\/span>\u00a0najvy\u0161\u0161\u00ed\u00a0<span id=\"spin39\">r\u00fdchlos\u0165<\/span>a\u00a0<span id=\"spin40\">m\u00f4\u017ee<\/span>\u00a0neby\u0165\u00a0<span id=\"spin41\">zv\u00fd\u0161en\u00fd<\/span>,\u00a0<span id=\"spin42\">napriek tomu,<\/span>\u00a0<span id=\"spin43\">m\u00f4\u017ee by\u0165<\/span>\u00a0<span id=\"spin44\">zamestnan\u00fd<\/span>\u00a0<span id=\"spin45\">zn\u00ed\u017ei\u0165<\/span><br \/>\nten\u00a0<span id=\"spin46\">tempo,<\/span>\u00a0nap\u00e4tie a frekvencia s\u00fa\u00a0<span id=\"spin47\">zn\u00ed\u017een\u00fd<\/span>\u00a0<span id=\"spin48\">akon\u00e1hle<\/span>\u00a0<span id=\"spin49\">r\u00fdchlos\u0165<\/span>\u00a0je zn\u00ed\u017een\u00e1.<br \/>\n<span id=\"spin50\">5<\/span>Rot\u00e1cia\u00a0<span id=\"spin51\">kurz<\/span>\u00a0<span id=\"spin52\">s<\/span>\u00a0motorizovan\u00e9 vreteno\u00a0<span id=\"spin53\">je zvy\u010dajne<\/span>\u00a0proti smeru hodinov\u00fdch ru\u010di\u010diek (pri poh\u013eade\u00a0<span id=\"spin54\">v<\/span>\u00a0hriade\u013e). okrem\u00a0<span id=\"spin55\">exkluz\u00edvny<\/span><br \/>\n<span id=\"spin56\">po\u017eiadavky<\/span>.<br \/>\n<span id=\"spin57\">6<\/span>Motorizovan\u00e9 vreteno mazan\u00e9 olejovou hmlou\u00a0<span id=\"spin58\">mus\u00ed by\u0165<\/span>\u00a0<span id=\"spin59\">prepojen\u00fd<\/span>\u00a0s vodou a\u00a0<span id=\"spin60\">benz\u00edn<\/span>\u00a0<span id=\"spin61\">pred<\/span>\u00a0<span id=\"spin62\">mohlo by to by\u0165 mo\u017en\u00e9<\/span>\u00a0<span id=\"spin63\">za\u010da\u0165<\/span>\u00a0a\u00a0<span id=\"spin64\">presta\u0165<\/span>\u00a0voda a\u00a0<span id=\"spin65\">palivo\u00a0<\/span><span id=\"spin66\">dod\u00e1vka<\/span>\u00a0<span id=\"spin67\">po<\/span>\u00a0vypnutie.<br \/>\nVysvetlenie:\u00a0<span id=\"spin68\">jedine\u010dn\u00fd<\/span>\u00a0oper\u00e1cia\u00a0<span id=\"spin69\">je povinn\u00e9<\/span>\u00a0<span id=\"spin70\">pod\u013ea<\/span>\u00a0<span id=\"spin71\">k<\/span>\u00a0<span id=\"spin72\">elektrick\u00fd<\/span>\u00a0vreteno\u00a0<span id=\"spin73\">pokyny<\/span>.<\/div>\n<div>\n<div class=\"flex max-w-full flex-col flex-grow\">\n<div class=\"min-h-8 text-message flex w-full flex-col items-end gap-2 whitespace-normal break-words text-start [.text-message+&amp;]:mt-5\" dir=\"auto\" data-message-author-role=\"assistant\" data-message-id=\"fbdee532-4424-41b2-a093-d85f55f880e4\" data-message-model-slug=\"gpt-4o-mini\">\n<div class=\"flex w-full flex-col gap-1 empty:hidden first:pt-[3px]\">\n<div class=\"markdown prose w-full break-words dark:prose-invert light\">\n<h2>O FMP<\/h2>\n<p>FMP je renomovan\u00fd v\u00fdrobca \u0161pecializuj\u00faci sa na vysoko kvalitn\u00e9 mechanick\u00e9 komponenty vr\u00e1tane \u0161pir\u00e1lov\u00fdch ku\u017ee\u013eov\u00fdch z\u00e1vitovkov\u00fdch reduktorov, ozuben\u00fdch kolies, ku\u017ee\u013eov\u00fdch puzdier, ozuben\u00fdch ty\u010d\u00ed, spojok a \u010fal\u0161\u00edch prevodov\u00fdch dielov. V\u010faka silnej exportnej orient\u00e1cii dod\u00e1vame na eur\u00f3pske trhy vr\u00e1tane Nemecka, Ve\u013ekej Brit\u00e1nie a Franc\u00fazska viac ako 651 ton na\u0161ich produktov, \u010do prispieva k ro\u010dn\u00e9mu objemu exportu 15 ton 18 mili\u00f3nov RMB. Na\u0161a celkov\u00e1 ro\u010dn\u00e1 v\u00fdrobn\u00e1 hodnota presahuje 200 mili\u00f3nov RMB.<\/p>\n<p>Na\u0161e produkty s\u00fa starostlivo navrhnut\u00e9 a vyroben\u00e9 tak, aby sp\u013a\u0148ali medzin\u00e1rodn\u00e9, eur\u00f3pske a americk\u00e9 priemyseln\u00e9 normy. Pou\u017e\u00edvame najmodernej\u0161ie presn\u00e9 obr\u00e1bacie zariadenia, dodr\u017eiavame optimalizovan\u00e9 v\u00fdrobn\u00e9 procesy a implementujeme flexibiln\u00fd a efekt\u00edvny syst\u00e9m riadenia. N\u00e1\u0161 komplexn\u00fd syst\u00e9m riadenia kvality zaru\u010duje v\u00fdnimo\u010dn\u00fa kvalitu produktov a z\u00e1rove\u0148 udr\u017eiava konkurencieschopn\u00e9 ceny.<\/p>\n<p>V spolo\u010dnosti FMP sa riadime z\u00e1kladn\u00fdmi princ\u00edpmi \u201eKvalita: z\u00e1klad dlhodob\u00e9ho obchodn\u00e9ho \u00faspechu; Integrita: hnacia sila rastu; Slu\u017eby: z\u00e1kladn\u00fd kame\u0148 rozvoja; a Cenov\u00e1 dostupnos\u0165: k\u013e\u00fa\u010d k trval\u00e9mu \u00faspechu.\u201c Poz\u00fdvame na spolupr\u00e1cu dom\u00e1cich aj medzin\u00e1rodn\u00fdch partnerov a na\u010falej sa venujeme podpore vz\u00e1jomn\u00e9ho rastu a dosahovaniu kolekt\u00edvneho \u00faspechu.<\/p>\n<\/div>\n<\/div>\n<\/div>\n<\/div>\n<p><img loading=\"lazy\" decoding=\"async\" class=\"alignnone wp-image-3563\" src=\"https:\/\/fmp-components.com\/wp-content\/uploads\/2025\/01\/company-2.webp\" alt=\"spolo\u010dnos\u0165\" width=\"873\" height=\"790\" title=\"\" srcset=\"https:\/\/fmp-components.com\/wp-content\/uploads\/2025\/01\/company-2.webp 873w, https:\/\/fmp-components.com\/wp-content\/uploads\/2025\/01\/company-2-480x435.webp 480w\" sizes=\"(min-width: 0px) and (max-width: 480px) 480px, (min-width: 481px) 873px, 100vw\" \/> <img loading=\"lazy\" decoding=\"async\" class=\"alignnone wp-image-3564\" src=\"https:\/\/fmp-components.com\/wp-content\/uploads\/2025\/01\/company-3.webp\" alt=\"spolo\u010dnos\u0165\" width=\"873\" height=\"776\" title=\"\" srcset=\"https:\/\/fmp-components.com\/wp-content\/uploads\/2025\/01\/company-3.webp 873w, https:\/\/fmp-components.com\/wp-content\/uploads\/2025\/01\/company-3-480x427.webp 480w\" sizes=\"(min-width: 0px) and (max-width: 480px) 480px, (min-width: 481px) 873px, 100vw\" \/> <img loading=\"lazy\" decoding=\"async\" class=\"alignnone wp-image-3565\" src=\"https:\/\/fmp-components.com\/wp-content\/uploads\/2025\/01\/company-1.webp\" alt=\"spolo\u010dnos\u0165\" width=\"877\" height=\"225\" title=\"\" srcset=\"https:\/\/fmp-components.com\/wp-content\/uploads\/2025\/01\/company-1.webp 877w, https:\/\/fmp-components.com\/wp-content\/uploads\/2025\/01\/company-1-480x123.webp 480w\" sizes=\"(min-width: 0px) and (max-width: 480px) 480px, (min-width: 481px) 877px, 100vw\" \/><\/p>\n<p>Autor: CX<\/p>\n<\/div>","protected":false},"excerpt":{"rendered":"<p>Choosing the Right CNC Spindle Motor Type Selecting the appropriate CNC spindle motor is essential for optimizing performance, precision, and efficiency in machining operations. The right motor ensures the machine can handle the required workload while achieving the desired output quality. Here are key factors to consider when choosing a CNC spindle motor: Power and [&hellip;]<\/p>","protected":false},"featured_media":3606,"comment_status":"open","ping_status":"closed","template":"","meta":{"_et_pb_use_builder":"","_et_pb_old_content":"","_et_gb_content_width":""},"product_brand":[],"product_cat":[89],"product_tag":[],"class_list":{"0":"post-3604","1":"product","2":"type-product","3":"status-publish","4":"has-post-thumbnail","6":"product_cat-spindle-motor","8":"first","9":"instock","10":"shipping-taxable","11":"product-type-simple"},"_links":{"self":[{"href":"https:\/\/fmp-components.com\/sk\/wp-json\/wp\/v2\/product\/3604","targetHints":{"allow":["GET"]}}],"collection":[{"href":"https:\/\/fmp-components.com\/sk\/wp-json\/wp\/v2\/product"}],"about":[{"href":"https:\/\/fmp-components.com\/sk\/wp-json\/wp\/v2\/types\/product"}],"replies":[{"embeddable":true,"href":"https:\/\/fmp-components.com\/sk\/wp-json\/wp\/v2\/comments?post=3604"}],"wp:featuredmedia":[{"embeddable":true,"href":"https:\/\/fmp-components.com\/sk\/wp-json\/wp\/v2\/media\/3606"}],"wp:attachment":[{"href":"https:\/\/fmp-components.com\/sk\/wp-json\/wp\/v2\/media?parent=3604"}],"wp:term":[{"taxonomy":"product_brand","embeddable":true,"href":"https:\/\/fmp-components.com\/sk\/wp-json\/wp\/v2\/product_brand?post=3604"},{"taxonomy":"product_cat","embeddable":true,"href":"https:\/\/fmp-components.com\/sk\/wp-json\/wp\/v2\/product_cat?post=3604"},{"taxonomy":"product_tag","embeddable":true,"href":"https:\/\/fmp-components.com\/sk\/wp-json\/wp\/v2\/product_tag?post=3604"}],"curies":[{"name":"pracovn\u00fd list","href":"https:\/\/api.w.org\/{rel}","templated":true}]}}