{"id":360,"date":"2024-12-09T08:28:19","date_gmt":"2024-12-09T08:28:19","guid":{"rendered":"https:\/\/fmp-components.com\/?page_id=8"},"modified":"2024-12-10T03:04:10","modified_gmt":"2024-12-10T03:04:10","slug":"boom-aerial-work-vehicle-lower-arm-hydraulic-cylinder","status":"publish","type":"product","link":"https:\/\/fmp-components.com\/sk\/product\/boom-aerial-work-vehicle-lower-arm-hydraulic-cylinder\/","title":{"rendered":"Hydraulick\u00fd valec spodn\u00e9ho ramena v\u00fdlo\u017en\u00edka pre pracovn\u00e9 vozidl\u00e1"},"content":{"rendered":"<p style=\"text-align: center;\"><span style=\"font-size: 18pt;\">Hydraulick\u00fd valec spodn\u00e9ho ramena v\u00fdlo\u017en\u00edka pre pracovn\u00e9 vozidl\u00e1<\/span><\/p>\n<p>Hydraulick\u00fd valec spodn\u00e9ho ramena v\u00fdlo\u017en\u00edka pre plo\u0161iny je k\u013e\u00fa\u010dov\u00fdm komponentom navrhnut\u00fdm pre optim\u00e1lny v\u00fdkon plo\u0161inov\u00fdch v\u00fdlo\u017en\u00edkov. Tento hydraulick\u00fd valec je zodpovedn\u00fd za zabezpe\u010denie zdv\u00edhacej sily a stability potrebnej pre spodn\u00e9 rameno v\u00fdlo\u017en\u00edka, \u010do umo\u017e\u0148uje obsluhe presn\u00fd a bezpe\u010dn\u00fd pr\u00edstup k vyv\u00fd\u0161en\u00fdm pracovn\u00fdm ploch\u00e1m.<\/p>\n<h4>K\u013e\u00fa\u010dov\u00e9 vlastnosti:<\/h4>\n<ul>\n<li>Vysokopevnostn\u00e1 kon\u0161trukcia: Tento hydraulick\u00fd valec je vyroben\u00fd z odoln\u00fdch materi\u00e1lov a je navrhnut\u00fd tak, aby odolal \u0165a\u017ek\u00fdm za\u0165a\u017eeniam a n\u00e1ro\u010dn\u00fdm prev\u00e1dzkov\u00fdm podmienkam, \u010d\u00edm zabezpe\u010duje dlhotrvaj\u00faci v\u00fdkon a spo\u013eahlivos\u0165.<\/li>\n<li>Plynul\u00e1 hydraulick\u00e1 prev\u00e1dzka: Pokro\u010dil\u00fd hydraulick\u00fd syst\u00e9m umo\u017e\u0148uje plynul\u00e9 zdv\u00edhanie a sp\u00fa\u0161\u0165anie, \u010do umo\u017e\u0148uje presn\u00e9 ovl\u00e1danie po\u010das prev\u00e1dzky a zni\u017euje riziko n\u00e1hlych pohybov.<\/li>\n<li>Zv\u00fd\u0161en\u00e1 stabilita: Tento valec zohr\u00e1va d\u00f4le\u017eit\u00fa \u00falohu pri udr\u017eiavan\u00ed stability ramena, \u010do prispieva k bezpe\u010dnej\u0161ej prev\u00e1dzke pri pr\u00e1ci vo v\u00fd\u0161kach.<\/li>\n<li>V\u0161estrann\u00e9 pou\u017eitie: Tento hydraulick\u00fd valec je ide\u00e1lny pre r\u00f4zne odvetvia vr\u00e1tane stavebn\u00edctva, \u00fadr\u017eby, verejn\u00fdch slu\u017eieb a z\u00e1bavn\u00e9ho priemyslu a podporuje \u00falohy, ako je in\u0161tal\u00e1cia pr\u00edslu\u0161enstva, vykon\u00e1vanie opr\u00e1v a vykon\u00e1vanie kontrol.<\/li>\n<li>Jednoduch\u00e1 integr\u00e1cia: Hydraulick\u00fd valec spodn\u00e9ho ramena je navrhnut\u00fd pre jednoduch\u00fa in\u0161tal\u00e1ciu a mo\u017eno ho bezprobl\u00e9movo integrova\u0165 do existuj\u00facich syst\u00e9mov zdv\u00edhania v\u00fdlo\u017en\u00edka, \u010d\u00edm sa minimalizuj\u00fa prestoje a u\u013eah\u010duje r\u00fdchle nasadenie.<\/li>\n<\/ul>\n<h4>V\u00fdhody:<\/h4>\n<ul>\n<li>Zv\u00fd\u0161en\u00e1 produktivita: Spo\u013eahliv\u00e9 zdv\u00edhacie schopnosti hydraulick\u00e9ho valca zvy\u0161uj\u00fa efektivitu zdv\u00edhac\u00edch \u00faloh a umo\u017e\u0148uj\u00fa oper\u00e1torom vykon\u00e1va\u0165 \u00falohy r\u00fdchlej\u0161ie a efekt\u00edvnej\u0161ie.<\/li>\n<li>D\u00f4vera obsluhy: V\u010faka robustnej kon\u0161trukcii a plynul\u00e9mu chodu umo\u017e\u0148uje valec obsluhe pracova\u0165 s istotou, \u010d\u00edm sa zni\u017euje \u00fanava a zvy\u0161uje spokojnos\u0165 s pr\u00e1cou.<\/li>\n<li>Cenovo v\u00fdhodn\u00e9 rie\u0161enie: Trvanlivos\u0165 a \u00fa\u010dinnos\u0165 hydraulick\u00e9ho valca ved\u00fa k ni\u017e\u0161\u00edm n\u00e1kladom na \u00fadr\u017ebu a skr\u00e1teniu prestojov, v\u010faka \u010domu je inteligentnou invest\u00edciou pre ak\u00fdko\u013evek vozov\u00fd park leteck\u00fdch pracovn\u00fdch vozidiel.<\/li>\n<\/ul>\n<p>Stru\u010dne povedan\u00e9, hydraulick\u00fd valec spodn\u00e9ho ramena v\u00fdlo\u017en\u00edka pre plo\u0161iny je z\u00e1kladn\u00fdm komponentom, ktor\u00fd zvy\u0161uje funk\u010dnos\u0165, bezpe\u010dnos\u0165 a \u00fa\u010dinnos\u0165 plo\u0161inov\u00fdch pracovn\u00fdch plo\u0161\u00edn. Jeho spo\u013eahliv\u00fd v\u00fdkon ho rob\u00ed nevyhnutn\u00fdm pre \u0161irok\u00fa \u0161k\u00e1lu aplik\u00e1ci\u00ed a zabezpe\u010duje, aby oper\u00e1tori mohli efekt\u00edvne a bezpe\u010dne vykon\u00e1va\u0165 svoje \u00falohy vo v\u00fd\u0161kach.<\/p>\n<h2>Rozmery hydraulick\u00e9ho valca spodn\u00e9ho ramena v\u00fdlo\u017en\u00edka pre plo\u0161inov\u00e9 pracovn\u00e9 vozidl\u00e1:<\/h2>\n<table>\n<tbody>\n<tr>\n<td><img loading=\"lazy\" decoding=\"async\" class=\"size-large wp-image-316554 aligncenter\" src=\"https:\/\/hzpt.com\/wp-content\/uploads\/2023\/08\/Boom-Aerial-Work-Vehicle-Lower-Arm-Hydraulic-Cylinder-Dimensions-1-1024x379.webp\" sizes=\"(min-width: 0px) and (max-width: 480px) 480px, (min-width: 481px) and (max-width: 980px) 980px, (min-width: 981px) 1024px, 100vw\" srcset=\"https:\/\/images.hzpt.com\/2023\/08\/FMNqWZJ8-Boom-Aerial-Work-Vehicle-Lower-Arm-Hydraulic-Cylinder-Dimensions-1-980x363.webp 980w, https:\/\/images.hzpt.com\/2023\/08\/FMNqWZJ8-Boom-Aerial-Work-Vehicle-Lower-Arm-Hydraulic-Cylinder-Dimensions-1-480x178.webp 480w\" alt=\"Rozmery hydraulick\u00e9ho valca spodn\u00e9ho ramena v\u00fdlo\u017en\u00edka pre plo\u0161inov\u00e9 pracovn\u00e9 vozidl\u00e1\" width=\"1024\" height=\"379\" title=\"\"><\/td>\n<td><img loading=\"lazy\" decoding=\"async\" class=\"size-large wp-image-316555 aligncenter\" src=\"https:\/\/hzpt.com\/wp-content\/uploads\/2023\/08\/Boom-Aerial-Work-Vehicle-Lower-Arm-Hydraulic-Cylinder-Dimensions-2-1024x379.webp\" sizes=\"(min-width: 0px) and (max-width: 480px) 480px, (min-width: 481px) and (max-width: 980px) 980px, (min-width: 981px) 1024px, 100vw\" srcset=\"https:\/\/images.hzpt.com\/2023\/08\/Vym6PmKH-Boom-Aerial-Work-Vehicle-Lower-Arm-Hydraulic-Cylinder-Dimensions-2-980x363.webp 980w, https:\/\/images.hzpt.com\/2023\/08\/Vym6PmKH-Boom-Aerial-Work-Vehicle-Lower-Arm-Hydraulic-Cylinder-Dimensions-2-480x178.webp 480w\" alt=\"Rozmery hydraulick\u00e9ho valca spodn\u00e9ho ramena v\u00fdlo\u017en\u00edka pre plo\u0161inov\u00e9 pracovn\u00e9 vozidl\u00e1\" width=\"1024\" height=\"379\" title=\"\"><\/td>\n<\/tr>\n<\/tbody>\n<\/table>\n<table border=\"1\" cellspacing=\"0\" cellpadding=\"0\">\n<tbody>\n<tr>\n<td width=\"246\">N\u00e1zov valca<\/td>\n<td width=\"336\">\u010c\u00edslo v\u00fdkresu<\/td>\n<td width=\"126\">Priemer otvoru (D)<\/td>\n<td width=\"123\">Priemer ty\u010de (d)<\/td>\n<td width=\"114\">Zdvih (S)<\/td>\n<td width=\"170\">In\u0161tala\u010dn\u00e1 vzdialenos\u0165 (L)<\/td>\n<td width=\"172\">Pracovn\u00fd tlak<\/td>\n<td width=\"366\">Rozmery rozhrania (M)<\/td>\n<td width=\"96\">Hmotnos\u0165<\/td>\n<\/tr>\n<tr>\n<td class=\"et3\" width=\"246\" height=\"190\">Valec spodn\u00e9ho ramena<\/td>\n<td class=\"et4\" width=\"336\">GTHZ210C-620400-000<\/td>\n<td class=\"et4\" width=\"126\">\u03a6100<\/td>\n<td class=\"et4\" width=\"123\">\u03a680<\/td>\n<td class=\"et4\" width=\"114\">1458<\/td>\n<td class=\"et4\" width=\"170\">1899<\/td>\n<td class=\"et4\" width=\"172\">21 MPa<\/td>\n<td class=\"et4\" width=\"366\">2-\u03a69<\/td>\n<td class=\"et4\" width=\"96\">137 kg<\/td>\n<\/tr>\n<\/tbody>\n<\/table>\n<h2>Dostupn\u00e9 zna\u010dky a modely hydraulick\u00fdch valcov:<\/h2>\n<table border=\"1\" cellspacing=\"0\" cellpadding=\"0\">\n<tbody>\n<tr>\n<td><b data-spm-anchor-id=\"a2700.details.0.i43.45d84a73e99C9z\">KOMATSU (PC)<\/b><\/td>\n<td>PC30, PC40, PC50, PC56, PC60, PC78, PC100, PC110, PC120, PC130, PC160, PC200-3\/5\/6\/7\/8\/8MO, PC210, PC220-5\/6\/7\/8\/8MO, PC240, PC300\/350\/360-5\/6\/7\/8\/8MO, PC400\/450-5\/6\/7\/8\/8MO, PC800, PC850<\/td>\n<\/tr>\n<tr>\n<td><b>CATERPILLAR (E)<\/b><\/td>\n<td>E301.5, E302, E305.5, E306, E307V1\/V2\/B\/C\/D\/E\/F, E308B\/C, E120B, E312V1\/V2\/B\/C\/D, E313D2, E312D2, E315D<br \/>\nE200B,E320V1\/V2\/A\/B\/C\/D,E324D,E325C\/D,E329D,E330\/336C\/D,E345C,E349D,E365C,E374,E390<\/td>\n<\/tr>\n<tr>\n<td><b>KOBELCO (SK)<\/b><\/td>\n<td>SK60-3\/5\/8,SK75-8\/SR, SK100 ,SK120-3\/5, SK135-8\/SR, SK140-8, SK200-3\/5\/6\/6E, SK210-3\/5\/6\/6E,<br \/>\nSK230\/250-6E,SK250-8,SK260-8,SK350-8\/S8,SK460\/480-8<\/td>\n<\/tr>\n<tr>\n<td><b>HYUNDAI (R)<\/b><\/td>\n<td>R55-5\/7, R60-5\/7, R80, R110, R130, R200-5, R210-5, R215-5\/7, R220-5\/7\/9, R225-5\/7\/9, R250, R260, R265, R290, R305, R445, R485, R505<\/td>\n<\/tr>\n<tr>\n<td><b data-spm-anchor-id=\"a2700.details.0.i53.45d84a73e99C9z\">HITACHI (napr. ZX)<\/b><\/td>\n<td>EX60, EX100-1\/2\/3, EX120-1\/3\/5\/6, EX200-1\/3\/5, EX230-5, EX300-1, EX400<br \/>\nZAX60,ZAX70,ZA120-6,ZAX200\/210-1\/3\/5\/5K,ZAX240,ZAX250,ZAX260,ZAX330-3\/5\/6,ZAX450\/470,ZAX650\/670,ZAX850\/870<\/td>\n<\/tr>\n<tr>\n<td>\n<div class=\"magic-32\"><b data-spm-anchor-id=\"a2700.details.0.i55.45d84a73e99C9z\">DOOSAN (DH\/DX)<\/b><\/div>\n<\/td>\n<td>\n<div class=\"magic-33\"><span class=\"magic-34\">DH55, DH60, DH80,DH150, DH215-5\/7,DH220-5,DH225-5\/7,DH258,DH300-5\/7, DH370,DH420,DH500<br \/>\nDX55, DX60, DX75, DX130, DX225-9, DX300, DX380, DX420, DX500<\/span><\/div>\n<\/td>\n<\/tr>\n<tr>\n<td>\n<div class=\"magic-32\"><b>VOLVO (ES)<\/b><\/div>\n<\/td>\n<td>\n<div class=\"magic-33\"><span class=\"magic-34\">EC55, EC60, EC75, EC80, EC140, EC210B\/D, EC220D, EC240, EC250, EC290, EC300, EC360, EC380, EC460, EC480, EC700, EC750, EC950<\/span><\/div>\n<\/td>\n<\/tr>\n<tr>\n<td>\n<div class=\"magic-32\"><b>KATO (HD)<\/b><\/div>\n<\/td>\n<td>\n<div class=\"magic-33\"><span class=\"magic-34\">HD307\/308, HD450, HD512, HD700-5\/7, HD820-1\/2\/3\/5\/R, HD1023-1\/3, HD1430-1\/3<\/span><\/div>\n<\/td>\n<\/tr>\n<tr>\n<td>\n<div class=\"magic-32\"><b>IN\u00c1 ZNA\u010cKA<\/b><\/div>\n<\/td>\n<td>\n<div class=\"magic-33\"><span class=\"magic-34\">XCMG,LIUGONG,KUBOTA,CASE,YANMAR,SUNWARD,ZOOMLION,LISHIDE,LIEHERR<\/span><\/div>\n<\/td>\n<\/tr>\n<\/tbody>\n<\/table>\n<h3>V\u00fdhody hydraulick\u00e9ho valca spodn\u00e9ho ramena v\u00fdlo\u017en\u00edka pre pracovn\u00e9 vozidl\u00e1<\/h3>\n<p>Hydraulick\u00fd valec spodn\u00e9ho ramena plo\u0161iny pre pracovn\u00e9 plo\u0161iny pon\u00faka mno\u017estvo v\u00fdhod, ktor\u00e9 zvy\u0161uj\u00fa v\u00fdkon a bezpe\u010dnos\u0165 pracovn\u00fdch plo\u0161\u00edn. Tu s\u00fa niektor\u00e9 k\u013e\u00fa\u010dov\u00e9 v\u00fdhody:<\/p>\n<h4>1. Zv\u00fd\u0161en\u00e1 nosnos\u0165<\/h4>\n<p>Hydraulick\u00fd valec poskytuje zna\u010dn\u00fa zdv\u00edhaciu silu, ktor\u00e1 umo\u017e\u0148uje ramenu \u013eahko manipulova\u0165 s \u0165a\u017ek\u00fdmi bremenami. T\u00e1to schopnos\u0165 umo\u017e\u0148uje obsluhe efekt\u00edvne vykon\u00e1va\u0165 \u0161ir\u0161iu \u0161k\u00e1lu \u00faloh, od stavebn\u00fdch pr\u00e1c a\u017e po \u00fadr\u017ebu.<\/p>\n<h4>2. Presn\u00e9 ovl\u00e1danie<\/h4>\n<p>V\u010faka plynul\u00e9mu hydraulick\u00e9mu ovl\u00e1daniu umo\u017e\u0148uje valec presn\u00e9 ovl\u00e1danie pohybu ramena. Obsluha m\u00f4\u017ee jednoducho nastavi\u0165 v\u00fd\u0161ku a uhol, \u010d\u00edm zabezpe\u010d\u00ed presn\u00e9 polohovanie pre r\u00f4zne aplik\u00e1cie.<\/p>\n<h4>3. Zlep\u0161en\u00e1 stabilita<\/h4>\n<p>Hydraulick\u00fd valec spodn\u00e9ho ramena prispieva k celkovej stabilite plo\u0161inov\u00e9ho pracovn\u00e9ho vozidla. Udr\u017eiavan\u00edm rovnov\u00e1hy po\u010das zdv\u00edhania a sp\u00fa\u0161\u0165ania zvy\u0161uje bezpe\u010dnos\u0165 obsluhy aj okolit\u00e9ho person\u00e1lu.<\/p>\n<h4>4. Odoln\u00e1 kon\u0161trukcia<\/h4>\n<p>Hydraulick\u00fd valec je vyroben\u00fd z vysokopevnostn\u00fdch materi\u00e1lov a je navrhnut\u00fd tak, aby odolal n\u00e1ro\u010dn\u00fdm pracovn\u00fdm podmienkam a intenz\u00edvnemu pou\u017e\u00edvaniu. T\u00e1to odolnos\u0165 sa premieta do dlh\u0161ej \u017eivotnosti a zn\u00ed\u017een\u00fdch po\u017eiadaviek na \u00fadr\u017ebu.<\/p>\n<h4>5. V\u0161estrannos\u0165 aplik\u00e1ci\u00ed<\/h4>\n<p>Hydraulick\u00fd valec je vhodn\u00fd pre r\u00f4zne odvetvia vr\u00e1tane stavebn\u00edctva, verejn\u00fdch slu\u017eieb, \u00fadr\u017eby a organiz\u00e1cie podujat\u00ed. Jeho v\u0161estrannos\u0165 z neho rob\u00ed nepostr\u00e1date\u013en\u00fd n\u00e1stroj na pr\u00edstup k vyv\u00fd\u0161en\u00fdm pracovn\u00fdm priestorom v r\u00f4znych prostrediach.<\/p>\n<h4>6. R\u00fdchla in\u0161tal\u00e1cia a integr\u00e1cia<\/h4>\n<p>Hydraulick\u00fd valec spodn\u00e9ho ramena je navrhnut\u00fd pre jednoduch\u00fa in\u0161tal\u00e1ciu a mo\u017eno ho bezprobl\u00e9movo integrova\u0165 do existuj\u00facich pracovn\u00fdch plo\u0161\u00edn. T\u00e1to funkcia minimalizuje prestoje a umo\u017e\u0148uje r\u00fdchle nasadenie v ter\u00e9ne.<\/p>\n<h4>7. N\u00e1kladov\u00e1 efekt\u00edvnos\u0165<\/h4>\n<p>\u00da\u010dinnos\u0165 a spo\u013eahlivos\u0165 hydraulick\u00e9ho valca ved\u00fa k ni\u017e\u0161\u00edm prev\u00e1dzkov\u00fdm n\u00e1kladom. Zn\u00ed\u017een\u00e1 \u00fadr\u017eba a prestoje prispievaj\u00fa k celkov\u00fdm \u00faspor\u00e1m, v\u010faka \u010domu je pre podniky n\u00e1kladovo efekt\u00edvnym rie\u0161en\u00edm.<\/p>\n<h4>8. Bezpe\u010dnostn\u00e9 prvky<\/h4>\n<p>Mnoh\u00e9 hydraulick\u00e9 valce obsahuj\u00fa bezpe\u010dnostn\u00e9 mechanizmy, ako napr\u00edklad ochranu proti pre\u0165a\u017eeniu, ktor\u00e9 zabra\u0148uj\u00fa nehod\u00e1m po\u010das prev\u00e1dzky. Tieto funkcie zvy\u0161uj\u00fa bezpe\u010dnos\u0165 vysokozdvi\u017en\u00fdch vozidiel a poskytuj\u00fa obsluhe pokoj v du\u0161i.<\/p>\n<h4>9. Pohodlie obsluhy<\/h4>\n<p>Jednoduch\u00e1 obsluha v\u010faka hydraulick\u00e9mu valcu zni\u017euje fyzick\u00fa z\u00e1\u0165a\u017e obsluhy. Toto pohodlie umo\u017e\u0148uje dlh\u0161iu pracovn\u00fa dobu bez \u00fanavy, \u010d\u00edm sa zvy\u0161uje produktivita na pracovisku.<\/p>\n<p>Hydraulick\u00fd valec spodn\u00e9ho ramena plo\u0161iny pre pracovn\u00e9 plo\u0161iny je k\u013e\u00fa\u010dov\u00fdm komponentom, ktor\u00fd nielen zlep\u0161uje funk\u010dnos\u0165 pracovn\u00fdch plo\u0161\u00edn, ale aj zvy\u0161uje bezpe\u010dnos\u0165 a efektivitu. Jeho v\u00fdhody z neho robia nevyhnutn\u00fa vo\u013ebu pre ka\u017ed\u00fa organiz\u00e1ciu, ktor\u00e1 sa pri svojej prev\u00e1dzke spolieha na pracovn\u00e9 plo\u0161iny.<\/p>\n<table style=\"width: 99.9612%; height: 437px;\" width=\"290\">\n<tbody>\n<tr style=\"height: 437px;\">\n<td style=\"width: 51.7046%; height: 437px;\" width=\"226\">\n<h2><img loading=\"lazy\" decoding=\"async\" class=\"alignnone size-full wp-image-363\" src=\"https:\/\/fmp-components.com\/wp-content\/uploads\/2024\/12\/Boom-Aerial-Work-Vehicle-Lower-Arm-Hydraulic-Cylinder-Installation-2.webp\" alt=\"V\u00fdlo\u017en\u00edk-Plo\u0161ina-Vozidlo-Spodn\u00e9-Rameno-Hydraulick\u00fd-Valec\" width=\"1024\" height=\"849\" title=\"\" srcset=\"https:\/\/fmp-components.com\/wp-content\/uploads\/2024\/12\/Boom-Aerial-Work-Vehicle-Lower-Arm-Hydraulic-Cylinder-Installation-2.webp 1024w, https:\/\/fmp-components.com\/wp-content\/uploads\/2024\/12\/Boom-Aerial-Work-Vehicle-Lower-Arm-Hydraulic-Cylinder-Installation-2-980x813.webp 980w, https:\/\/fmp-components.com\/wp-content\/uploads\/2024\/12\/Boom-Aerial-Work-Vehicle-Lower-Arm-Hydraulic-Cylinder-Installation-2-480x398.webp 480w\" sizes=\"(min-width: 0px) and (max-width: 480px) 480px, (min-width: 481px) and (max-width: 980px) 980px, (min-width: 981px) 1024px, 100vw\" \/><\/h2>\n<\/td>\n<td style=\"width: 98.3102%; height: 437px;\" width=\"64\">\n<h2><img loading=\"lazy\" decoding=\"async\" class=\"alignnone size-full wp-image-362\" src=\"https:\/\/fmp-components.com\/wp-content\/uploads\/2024\/12\/Boom-Aerial-Work-Vehicle-Lower-Arm-Hydraulic-Cylinder-Installation-1.webp\" alt=\"V\u00fdlo\u017en\u00edk-Plo\u0161ina-Vozidlo-Spodn\u00e9-Rameno-Hydraulick\u00fd-Valec\" width=\"1024\" height=\"849\" title=\"\" srcset=\"https:\/\/fmp-components.com\/wp-content\/uploads\/2024\/12\/Boom-Aerial-Work-Vehicle-Lower-Arm-Hydraulic-Cylinder-Installation-1.webp 1024w, https:\/\/fmp-components.com\/wp-content\/uploads\/2024\/12\/Boom-Aerial-Work-Vehicle-Lower-Arm-Hydraulic-Cylinder-Installation-1-980x813.webp 980w, https:\/\/fmp-components.com\/wp-content\/uploads\/2024\/12\/Boom-Aerial-Work-Vehicle-Lower-Arm-Hydraulic-Cylinder-Installation-1-480x398.webp 480w\" sizes=\"(min-width: 0px) and (max-width: 480px) 480px, (min-width: 481px) and (max-width: 980px) 980px, (min-width: 981px) 1024px, 100vw\" \/><\/h2>\n<\/td>\n<\/tr>\n<\/tbody>\n<\/table>\n<h2>O FMP<\/h2>\n<p>Spolo\u010dnos\u0165 FMP je \u0161pecializovan\u00fd v\u00fdrobca hydraulick\u00fdch valcov, zn\u00e1my svojim siln\u00fdm d\u00f4razom na v\u00fdskum a excelentnos\u0165 vo v\u00fdrobe. Od svojho vzniku sa spolo\u010dnos\u0165 venuje neust\u00e1lemu v\u00fdvoju technol\u00f3gie hydraulick\u00fdch valcov. Spo\u010diatku spolo\u010dnos\u0165 FMP vyr\u00e1bala \u0161irok\u00fa \u0161k\u00e1lu produktov pre zberov\u00e9 a stavebn\u00e9 stroje; odvtedy sa v\u0161ak zameriava najm\u00e4 na komponenty pre po\u013enohospod\u00e1rske traktory.<\/p>\n<p>Spolo\u010dnos\u0165 FMP s viac ako desa\u0165ro\u010dn\u00fdmi sk\u00fasenos\u0165ami vo v\u00fdrobe kombinuje rozsiahle mana\u017e\u00e9rske sk\u00fasenosti s pokro\u010dil\u00fdmi v\u00fdrobn\u00fdmi technol\u00f3giami, aby zabezpe\u010dila najvy\u0161\u0161ie \u0161tandardy kvality svojich produktov. Spolo\u010dnos\u0165 vybudovala komplexn\u00fa obr\u00e1baciu v\u00fdrobn\u00fa linku, mont\u00e1\u017enu linku a linku na lakovanie, \u010do jej umo\u017e\u0148uje poskytova\u0165 spo\u013eahliv\u00e9 a efekt\u00edvne v\u00fdrobn\u00e9 procesy.<\/p>\n<p>Rast spolo\u010dnosti FMP podporuje \u0161pecializovan\u00fd t\u00edm zlo\u017een\u00fd zo sk\u00fasen\u00fdch mana\u017e\u00e9rov, kvalifikovan\u00fdch strojn\u00fdch kon\u0161trukt\u00e9rov a vysokokvalifikovan\u00fdch technikov. Tento kolaborat\u00edvny pr\u00edstup zabezpe\u010duje konzistentn\u00fa kvalitu v\u00fdrobkov a efekt\u00edvne riadi kontinuitu procesov, \u010d\u00edm zvy\u0161uje celkov\u00fa efektivitu v\u00fdroby.<\/p>\n<p>Jadrom filozofie spolo\u010dnosti FMP s\u00fa hodnoty \u201eTechnologick\u00e1 inov\u00e1cia poh\u00e1\u0148aj\u00faca pokrok\u201c, \u201eKvalita vytv\u00e1raj\u00faca zna\u010dky\u201c, \u201eRemeseln\u00e9 spracovanie zabezpe\u010duj\u00face kvalitu\u201c a \u201eBudovanie dlhodob\u00fdch obojstranne v\u00fdhodn\u00fdch vz\u0165ahov\u201c. Spolo\u010dnos\u0165 sa zaviazala poskytova\u0165 vysokokvalitn\u00e9 produkty a z\u00e1rove\u0148 poskytova\u0165 v\u00fdnimo\u010dn\u00fd z\u00e1kazn\u00edcky servis. FMP sa neust\u00e1le sna\u017e\u00ed prisp\u00f4sobova\u0165 meniacim sa potreb\u00e1m trhu a prezentuje sa ako d\u00f4veryhodn\u00fd partner v odvetv\u00ed po\u013enohospod\u00e1rskych strojov. Prostredn\u00edctvom svojho z\u00e1v\u00e4zku k inov\u00e1ci\u00e1m a kvalite sa FMP sna\u017e\u00ed v\u00fdznamne prispie\u0165 k pokroku v hydraulickej technol\u00f3gii v po\u013enohospod\u00e1rskom sektore.<\/p>\n<p><img loading=\"lazy\" decoding=\"async\" class=\"alignnone wp-image-359\" src=\"https:\/\/fmp-components.com\/wp-content\/uploads\/2024\/12\/fmp-factory-3.webp\" alt=\"fmp-factory\" width=\"914\" height=\"612\" title=\"\" srcset=\"https:\/\/fmp-components.com\/wp-content\/uploads\/2024\/12\/fmp-factory-3.webp 914w, https:\/\/fmp-components.com\/wp-content\/uploads\/2024\/12\/fmp-factory-3-480x321.webp 480w\" sizes=\"(min-width: 0px) and (max-width: 480px) 480px, (min-width: 481px) 914px, 100vw\" \/><\/p>\n<p>Autor\uff1a CX<\/p>","protected":false},"excerpt":{"rendered":"<p>Hydraulick\u00fd valec spodn\u00e9ho ramena v\u00fdlo\u017en\u00edka pre plo\u0161iny je k\u013e\u00fa\u010dov\u00fdm komponentom, ktor\u00fd zabezpe\u010duje potrebn\u00fa zdv\u00edhaciu silu a stabilitu pre plo\u0161iny. Tento hydraulick\u00fd valec, navrhnut\u00fd na podopretie spodn\u00e9ho ramena v\u00fdlo\u017en\u00edka, umo\u017e\u0148uje presn\u00e9 ovl\u00e1danie a pohyb, \u010do obsluhe umo\u017e\u0148uje bezpe\u010dn\u00fd pr\u00edstup do vyv\u00fd\u0161en\u00fdch pracovn\u00fdch priestorov. Je vyroben\u00fd z vysokopevnostn\u00fdch materi\u00e1lov, ktor\u00e9 zais\u0165uj\u00fa odolnos\u0165 a spo\u013eahlivos\u0165 pri vysok\u00fdch za\u0165a\u017eeniach a n\u00e1ro\u010dn\u00fdch podmienkach. Jeho plynul\u00fd hydraulick\u00fd chod umo\u017e\u0148uje efekt\u00edvne vertik\u00e1lne a horizont\u00e1lne pohyby, \u010d\u00edm zvy\u0161uje produktivitu a bezpe\u010dnos\u0165 pri \u00faloh\u00e1ch, ako je \u00fadr\u017eba, v\u00fdstavba a kontroly. Tento hydraulick\u00fd valec je nevyhnutn\u00fd na optimaliz\u00e1ciu v\u00fdkonu zdv\u00edhac\u00edch vozidiel v r\u00f4znych aplik\u00e1ci\u00e1ch.<\/p>","protected":false},"featured_media":356,"comment_status":"open","ping_status":"closed","template":"","meta":{"_et_pb_use_builder":"","_et_pb_old_content":"","_et_gb_content_width":""},"product_brand":[],"product_cat":[22],"product_tag":[],"class_list":{"0":"post-360","1":"product","2":"type-product","3":"status-publish","4":"has-post-thumbnail","6":"product_cat-aerial-work-vehicle-hydraulic-cylinders","8":"first","9":"instock","10":"shipping-taxable","11":"product-type-simple"},"_links":{"self":[{"href":"https:\/\/fmp-components.com\/sk\/wp-json\/wp\/v2\/product\/360","targetHints":{"allow":["GET"]}}],"collection":[{"href":"https:\/\/fmp-components.com\/sk\/wp-json\/wp\/v2\/product"}],"about":[{"href":"https:\/\/fmp-components.com\/sk\/wp-json\/wp\/v2\/types\/product"}],"replies":[{"embeddable":true,"href":"https:\/\/fmp-components.com\/sk\/wp-json\/wp\/v2\/comments?post=360"}],"wp:featuredmedia":[{"embeddable":true,"href":"https:\/\/fmp-components.com\/sk\/wp-json\/wp\/v2\/media\/356"}],"wp:attachment":[{"href":"https:\/\/fmp-components.com\/sk\/wp-json\/wp\/v2\/media?parent=360"}],"wp:term":[{"taxonomy":"product_brand","embeddable":true,"href":"https:\/\/fmp-components.com\/sk\/wp-json\/wp\/v2\/product_brand?post=360"},{"taxonomy":"product_cat","embeddable":true,"href":"https:\/\/fmp-components.com\/sk\/wp-json\/wp\/v2\/product_cat?post=360"},{"taxonomy":"product_tag","embeddable":true,"href":"https:\/\/fmp-components.com\/sk\/wp-json\/wp\/v2\/product_tag?post=360"}],"curies":[{"name":"pracovn\u00fd list","href":"https:\/\/api.w.org\/{rel}","templated":true}]}}