{"id":3584,"date":"2025-01-08T08:08:35","date_gmt":"2025-01-08T08:08:35","guid":{"rendered":"https:\/\/fmp-components.com\/?page_id=8"},"modified":"2025-01-08T08:08:35","modified_gmt":"2025-01-08T08:08:35","slug":"spindle-motor-used-for-lathe-jszd150h","status":"publish","type":"product","link":"https:\/\/fmp-components.com\/sk\/product\/spindle-motor-used-for-lathe-jszd150h\/","title":{"rendered":"Vretenov\u00fd motor pou\u017e\u00edvan\u00fd pre s\u00fastruh JSZD150H"},"content":{"rendered":"<p style=\"text-align: center;\"><span style=\"font-size: 18pt;\">Vretenov\u00fd motor pou\u017e\u00edvan\u00fd pre s\u00fastruh JSZD150H<\/span><\/p>\n<p>Vretenov\u00e9 motory maj\u00fa oproti in\u00fdm typom motorov mnoho v\u00fdhod, vr\u00e1tane mal\u00fdch rozmerov, vysokej spo\u013eahlivosti a n\u00edzkej spotreby energie. M\u00f4\u017eu tie\u017e bez probl\u00e9mov be\u017ea\u0165 tis\u00edce hod\u00edn a s\u00fa ve\u013emi tich\u00e9. To umo\u017e\u0148uje ich in\u0161tal\u00e1ciu v men\u0161\u00edch priestoroch a ko\u013eajnice zaberaj\u00fa menej miesta. Ko\u013eajnice s\u00fa s\u00fastredn\u00e9 kruhy z magnetick\u00e9ho materi\u00e1lu okolo hriade\u013ea vretenov\u00e9 motory.<\/p>\n<p><img loading=\"lazy\" decoding=\"async\" class=\"alignnone size-full wp-image-3590\" src=\"https:\/\/fmp-components.com\/wp-content\/uploads\/2025\/01\/spindle-motor-used-for-lathe-jszd220-2.webp\" alt=\"vretenov\u00fd-motor-pou\u017eit\u00fd-pre-s\u00fastruh-jszd220-2\" width=\"847\" height=\"518\" title=\"\" srcset=\"https:\/\/fmp-components.com\/wp-content\/uploads\/2025\/01\/spindle-motor-used-for-lathe-jszd220-2.webp 847w, https:\/\/fmp-components.com\/wp-content\/uploads\/2025\/01\/spindle-motor-used-for-lathe-jszd220-2-480x294.webp 480w\" sizes=\"(min-width: 0px) and (max-width: 480px) 480px, (min-width: 481px) 847px, 100vw\" \/> <img loading=\"lazy\" decoding=\"async\" class=\"alignnone size-full wp-image-3589\" src=\"https:\/\/fmp-components.com\/wp-content\/uploads\/2025\/01\/spindle-motor-used-for-lathe-jszd220-3.webp\" alt=\"vretenov\u00fd-motor-pou\u017eit\u00fd-pre-s\u00fastruh-jszd220-3\" width=\"856\" height=\"192\" title=\"\" srcset=\"https:\/\/fmp-components.com\/wp-content\/uploads\/2025\/01\/spindle-motor-used-for-lathe-jszd220-3.webp 856w, https:\/\/fmp-components.com\/wp-content\/uploads\/2025\/01\/spindle-motor-used-for-lathe-jszd220-3-480x108.webp 480w\" sizes=\"(min-width: 0px) and (max-width: 480px) 480px, (min-width: 481px) 856px, 100vw\" \/><\/p>\n<h3>Vlastnosti vretien pou\u017e\u00edvan\u00fdch pre s\u00fastruhy<\/h3>\n<ol>\n<li><strong>Vysok\u00fd kr\u00fatiaci moment a prenos v\u00fdkonu<\/strong><br \/>\nVreten\u00e1 pou\u017e\u00edvan\u00e9 v s\u00fastruhoch s\u00fa navrhnut\u00e9 tak, aby poskytovali konzistentn\u00fd vysok\u00fd kr\u00fatiaci moment, \u010do umo\u017e\u0148uje efekt\u00edvne odoberanie materi\u00e1lu aj pri vysok\u00fdch rezn\u00fdch za\u0165a\u017eeniach. To zais\u0165uje plynul\u00fd chod a schopnos\u0165 manipulova\u0165 s tvrd\u00fdmi materi\u00e1lmi bez straty v\u00fdkonu.<\/li>\n<li><strong>Regul\u00e1cia ot\u00e1\u010dok<\/strong><br \/>\nVreten\u00e1 s\u00fastruhov maj\u00fa \u010dasto mo\u017enos\u0165 nastavenia ot\u00e1\u010dok, \u010do umo\u017e\u0148uje obsluhe prisp\u00f4sobi\u0165 ot\u00e1\u010dky vretena r\u00f4znym obr\u00e1bac\u00edm \u00faloh\u00e1m. T\u00e1to flexibilita je k\u013e\u00fa\u010dov\u00e1 pre spracovanie r\u00f4znych materi\u00e1lov, od kovov a\u017e po plasty, a zais\u0165uje optim\u00e1lne rezn\u00e9 podmienky pre presn\u00fa pr\u00e1cu.<\/li>\n<li><strong>Presnos\u0165 a stabilita<\/strong><br \/>\nVreten\u00e1 s\u00fastruhov s\u00fa skon\u0161truovan\u00e9 pre vysok\u00fa presnos\u0165 a minim\u00e1lne h\u00e1dzanie, \u010do zabezpe\u010duje presn\u00e9 ot\u00e1\u010danie obrobku pozd\u013a\u017e jeho osi. T\u00e1to presnos\u0165 je k\u013e\u00fa\u010dov\u00e1 pri v\u00fdrobe dielov s pr\u00edsnymi toleranciami a dosahovan\u00ed jemn\u00fdch povrchov\u00fdch \u00faprav, najm\u00e4 vo vysoko kvalitn\u00fdch aplik\u00e1ci\u00e1ch, ako je leteck\u00fd alebo automobilov\u00fd priemysel.<\/li>\n<li><strong>Trvanlivos\u0165 a tepeln\u00e1 odolnos\u0165<\/strong><br \/>\nVzh\u013eadom na n\u00e1ro\u010dn\u00fa povahu s\u00fastru\u017en\u00edckych oper\u00e1ci\u00ed s\u00fa vreten\u00e1 skon\u0161truovan\u00e9 tak, aby vydr\u017eali dlhodob\u00e9 pou\u017e\u00edvanie pri vysok\u00fdch r\u00fdchlostiach a s r\u00f4znym za\u0165a\u017een\u00edm. Mnoh\u00e9 s\u00fastru\u017en\u00edcke vreten\u00e1 s\u00fa vybaven\u00e9 pokro\u010dil\u00fdmi chladiacimi syst\u00e9mami, ako je vzduchov\u00e9 alebo kvapalinov\u00e9 chladenie, ktor\u00e9 odv\u00e1dzaj\u00fa teplo a zabezpe\u010duj\u00fa stabiln\u00fd v\u00fdkon po\u010das dlh\u00e9ho obdobia.<\/li>\n<li><strong>N\u00edzke vibr\u00e1cie a hluk<\/strong><br \/>\nVysokokvalitn\u00e9 vreten\u00e1 s\u00fastruhov s\u00fa navrhnut\u00e9 tak, aby minimalizovali vibr\u00e1cie a hluk, ktor\u00e9 s\u00fa k\u013e\u00fa\u010dov\u00e9 pre udr\u017eanie presnosti obrobkov a vytvorenie tich\u0161ieho pracovn\u00e9ho prostredia. N\u00edzke \u00farovne vibr\u00e1ci\u00ed tie\u017e prispievaj\u00fa k lep\u0161ej \u017eivotnosti n\u00e1stroja a kvalite obrobku.<\/li>\n<\/ol>\n<p>Celkovo s\u00fa vreten\u00e1 s\u00fastruhov navrhnut\u00e9 s oh\u013eadom na spo\u013eahlivos\u0165, presnos\u0165 a v\u0161estrannos\u0165, \u010do z nich rob\u00ed k\u013e\u00fa\u010dov\u00fa s\u00fa\u010das\u0165 pri zabezpe\u010dovan\u00ed vysok\u00e9ho v\u00fdkonu a efekt\u00edvnosti s\u00fastruhov v \u0161irokej \u0161k\u00e1le aplik\u00e1ci\u00ed.<\/p>\n<h2>Existuj\u00fa dva sp\u00f4soby v\u00fdstupu. Jeden je kon\u0161tantn\u00fd kr\u00fatiaci moment a druh\u00fd je kon\u0161tantn\u00fd v\u00fdkon, ako je uveden\u00e9 ni\u017e\u0161ie:<\/h2>\n<p><img loading=\"lazy\" decoding=\"async\" class=\"alignnone size-full wp-image-3573\" src=\"https:\/\/fmp-components.com\/wp-content\/uploads\/2025\/01\/spindle-motor-1.webp\" alt=\"vretenov\u00fd motor-1\" width=\"973\" height=\"551\" title=\"\" srcset=\"https:\/\/fmp-components.com\/wp-content\/uploads\/2025\/01\/spindle-motor-1.webp 973w, https:\/\/fmp-components.com\/wp-content\/uploads\/2025\/01\/spindle-motor-1-480x272.webp 480w\" sizes=\"(min-width: 0px) and (max-width: 480px) 480px, (min-width: 481px) 973px, 100vw\" \/><\/p>\n<h2>Vysvetlenie nomenklat\u00fary vretena motora<\/h2>\n<p><img loading=\"lazy\" decoding=\"async\" class=\"alignnone size-full wp-image-3574\" src=\"https:\/\/fmp-components.com\/wp-content\/uploads\/2025\/01\/spindle-motor-2.webp\" alt=\"vretenov\u00fd motor-2\" width=\"666\" height=\"351\" title=\"\" srcset=\"https:\/\/fmp-components.com\/wp-content\/uploads\/2025\/01\/spindle-motor-2.webp 666w, https:\/\/fmp-components.com\/wp-content\/uploads\/2025\/01\/spindle-motor-2-480x253.webp 480w\" sizes=\"(min-width: 0px) and (max-width: 480px) 480px, (min-width: 481px) 666px, 100vw\" \/><\/p>\n<h2>Koniec pripojenia vretena<\/h2>\n<p>M\u00e1 mnoho r\u00f4znych typov pripojenia v z\u00e1vislosti od modelu vretena, pozrite si tabu\u013eku ni\u017e\u0161ie.<\/p>\n<p><img loading=\"lazy\" decoding=\"async\" class=\"alignnone wp-image-3575\" src=\"https:\/\/fmp-components.com\/wp-content\/uploads\/2025\/01\/spindle-motor-3.webp\" alt=\"vretenov\u00fd motor-\" width=\"885\" height=\"231\" title=\"\" srcset=\"https:\/\/fmp-components.com\/wp-content\/uploads\/2025\/01\/spindle-motor-3.webp 885w, https:\/\/fmp-components.com\/wp-content\/uploads\/2025\/01\/spindle-motor-3-480x125.webp 480w\" sizes=\"(min-width: 0px) and (max-width: 480px) 480px, (min-width: 481px) 885px, 100vw\" \/><\/p>\n<h2>Pokyny pre vreteno<\/h2>\n<div><span id=\"spin1\">1<\/span>Frekven\u010dn\u00fd meni\u010d\u00a0<span id=\"spin2\">mus\u00ed<\/span>\u00a0zhoda\u00a0<span id=\"spin3\">elektrick\u00fd<\/span>\u00a0vretenov\u00e1 jednotka.\u00a0<span id=\"spin4\">z\u00e1kladn\u00e9<\/span>\u00a0frekvencia\u00a0<span id=\"spin5\">alebo dokonca<\/span>\u00a0nomin\u00e1lna frekvencia\u00a0<span id=\"spin6\">ako aj<\/span>\u00a0nap\u00e4tie\u00a0<span id=\"spin7\">bude musie\u0165<\/span>\u00a0sp\u013a\u0148a\u0165 technick\u00e9 parametre\u00a0<span id=\"spin8\">z<\/span>\u00a0<span id=\"spin9\">elektrick\u00e9<\/span>\u00a0vreteno.<br \/>\n<span id=\"spin10\">2<\/span>.\u00a0<span id=\"spin11\">Elektrick\u00e9<\/span>\u00a0vreteno\u00a0<span id=\"spin12\">je vo v\u0161eobecnosti<\/span>\u00a0chladen\u00e9 cirkuluj\u00facou vodou. Chladiaca voda\u00a0<span id=\"spin13\">mus\u00ed by\u0165<\/span>\u00a0odoln\u00fd vo\u010di hrdzi a \u010dist\u00fd filtrom. Ke\u010f\u00a0<span id=\"spin14\">z\u00edskavanie<\/span>\u00a0voda, pr\u00edvod\u00a0<span id=\"spin15\">mus\u00ed by\u0165<\/span>\u00a0<span id=\"spin16\">pod<\/span>\u00a0ten\u00a0<span id=\"spin17\">elektrick\u00fd<\/span>\u00a0vreteno.<br \/>\n<span id=\"spin18\">tri<\/span>Kedy\u00a0<span id=\"spin19\">pr\u00e1ca s<\/span>\u00a0vreteno mazan\u00e9 olejovou hmlou,\u00a0<span id=\"spin20\">stres<\/span>\u00a0regula\u010dn\u00fd ventil\u00a0<span id=\"spin21\">na<\/span>\u00a0olejov\u00e1 hmla\u00a0<span id=\"spin22\">gadget<\/span>\u00a0<span id=\"spin23\">malo by by\u0165<\/span>\u00a0nastaven\u00e9 na 0,25~0,3 MPA hmla\u00a0<span id=\"spin25\">tlak<\/span>\u00a0<span id=\"spin26\">malo by by\u0165<\/span>\u00a00,1~0,2 MPa\u00a0<span id=\"spin28\">a<\/span>\u00a0<span id=\"spin29\">r\u00f4zne<\/span>\u00a0kvapky oleja\u00a0<span id=\"spin30\">mus\u00ed by\u0165<\/span>\u00a060 \u2013 70 kvapiek\/min.\u00a0<span id=\"spin31\">a tie\u017e<\/span>\u00a0mazac\u00ed olej\u00a0<span id=\"spin32\">malo by by\u0165<\/span>\u00a0zvonov\u00fd olej alebo turb\u00ednov\u00fd olej \u010d.\u00a0<span id=\"spin33\">20<\/span>.<br \/>\n<span id=\"spin34\">\u0161tyri<\/span>. Ten\/t\u00e1\/to\u00a0<span id=\"spin35\">r\u00fdchlos\u0165<\/span>\u00a0<span id=\"spin36\">okolo<\/span>\u00a0motorizovan\u00e9 vreteno\u00a0<span id=\"spin37\">sprievodca<\/span>\u00a0<span id=\"spin38\">je ur\u010dite<\/span>\u00a0najvy\u0161\u0161\u00ed\u00a0<span id=\"spin39\">r\u00fdchlos\u0165<\/span>a\u00a0<span id=\"spin40\">m\u00f4\u017ee<\/span>\u00a0neby\u0165\u00a0<span id=\"spin41\">zv\u00fd\u0161en\u00fd<\/span>,\u00a0<span id=\"spin42\">napriek tomu,<\/span>\u00a0<span id=\"spin43\">m\u00f4\u017ee by\u0165<\/span>\u00a0<span id=\"spin44\">zamestnan\u00fd<\/span>\u00a0<span id=\"spin45\">zn\u00ed\u017ei\u0165<\/span><br \/>\nten\u00a0<span id=\"spin46\">tempo,<\/span>\u00a0nap\u00e4tie a frekvencia s\u00fa\u00a0<span id=\"spin47\">zn\u00ed\u017een\u00fd<\/span>\u00a0<span id=\"spin48\">akon\u00e1hle<\/span>\u00a0<span id=\"spin49\">r\u00fdchlos\u0165<\/span>\u00a0je zn\u00ed\u017een\u00e1.<br \/>\n<span id=\"spin50\">5<\/span>Rot\u00e1cia\u00a0<span id=\"spin51\">kurz<\/span>\u00a0<span id=\"spin52\">s<\/span>\u00a0motorizovan\u00e9 vreteno\u00a0<span id=\"spin53\">je zvy\u010dajne<\/span>\u00a0proti smeru hodinov\u00fdch ru\u010di\u010diek (pri poh\u013eade\u00a0<span id=\"spin54\">v<\/span>\u00a0hriade\u013e). okrem\u00a0<span id=\"spin55\">exkluz\u00edvny<\/span><br \/>\n<span id=\"spin56\">po\u017eiadavky<\/span>.<br \/>\n<span id=\"spin57\">6<\/span>Motorizovan\u00e9 vreteno mazan\u00e9 olejovou hmlou\u00a0<span id=\"spin58\">mus\u00ed by\u0165<\/span>\u00a0<span id=\"spin59\">prepojen\u00fd<\/span>\u00a0s vodou a\u00a0<span id=\"spin60\">benz\u00edn<\/span>\u00a0<span id=\"spin61\">pred<\/span>\u00a0<span id=\"spin62\">mohlo by to by\u0165 mo\u017en\u00e9<\/span>\u00a0<span id=\"spin63\">za\u010da\u0165<\/span>\u00a0a\u00a0<span id=\"spin64\">presta\u0165<\/span>\u00a0voda a\u00a0<span id=\"spin65\">palivo\u00a0<\/span><span id=\"spin66\">dod\u00e1vka<\/span>\u00a0<span id=\"spin67\">po<\/span>\u00a0vypnutie.<br \/>\nVysvetlenie:\u00a0<span id=\"spin68\">jedine\u010dn\u00fd<\/span>\u00a0oper\u00e1cia\u00a0<span id=\"spin69\">je povinn\u00e9<\/span>\u00a0<span id=\"spin70\">pod\u013ea<\/span>\u00a0<span id=\"spin71\">k<\/span>\u00a0<span id=\"spin72\">elektrick\u00fd<\/span>\u00a0vreteno\u00a0<span id=\"spin73\">pokyny<\/span>.<\/div>\n<div>\n<div class=\"flex max-w-full flex-col flex-grow\">\n<div class=\"min-h-8 text-message flex w-full flex-col items-end gap-2 whitespace-normal break-words text-start [.text-message+&amp;]:mt-5\" dir=\"auto\" data-message-author-role=\"assistant\" data-message-id=\"fbdee532-4424-41b2-a093-d85f55f880e4\" data-message-model-slug=\"gpt-4o-mini\">\n<div class=\"flex w-full flex-col gap-1 empty:hidden first:pt-[3px]\">\n<div class=\"markdown prose w-full break-words dark:prose-invert light\">\n<h2>O FMP<\/h2>\n<p>FMP je popredn\u00fd v\u00fdrobca \u0161pecializuj\u00faci sa na mechanick\u00e9 komponenty vr\u00e1tane \u0161pir\u00e1lov\u00fdch ku\u017ee\u013eov\u00fdch z\u00e1vitovkov\u00fdch reduktorov, ozuben\u00fdch kolies, ku\u017ee\u013eov\u00fdch puzdier, ozuben\u00fdch ty\u010d\u00ed, spojok a \u010fal\u0161\u00edch prevodov\u00fdch dielov. So siln\u00fdm zameran\u00edm na export sa na eur\u00f3pske trhy, ako s\u00fa Nemecko, Spojen\u00e9 kr\u00e1\u013eovstvo a Franc\u00fazsko, dod\u00e1va viac ako 651 ton na\u0161ich produktov, \u010do generuje ro\u010dn\u00fa hodnotu exportu 15 ton 18 mili\u00f3nov RMB. Na\u0161a celkov\u00e1 ro\u010dn\u00e1 produk\u010dn\u00e1 hodnota dosahuje 200 mili\u00f3nov RMB.<\/p>\n<p>V\u0161etky produkty FMP s\u00fa navrhnut\u00e9 a vyroben\u00e9 v s\u00falade s medzin\u00e1rodn\u00fdmi, eur\u00f3pskymi a americk\u00fdmi priemyseln\u00fdmi normami. Pou\u017e\u00edvame modern\u00e9 presn\u00e9 obr\u00e1bacie zariadenia, dodr\u017eiavame optimalizovan\u00e9 v\u00fdrobn\u00e9 procesy a udr\u017eiavame flexibiln\u00fd a efekt\u00edvny syst\u00e9m riadenia. N\u00e1\u0161 robustn\u00fd syst\u00e9m riadenia kvality zabezpe\u010duje vysok\u00fd \u0161tandard produktov a z\u00e1rove\u0148 udr\u017eiava konkurencieschopn\u00e9 ceny.<\/p>\n<p>V spolo\u010dnosti FMP dodr\u017eiavame z\u00e1kladn\u00e9 hodnoty: \u201eKvalita: z\u00e1kladn\u00fd kame\u0148 udr\u017eate\u013enosti podnikania; Integrita: hnacia sila rastu podnikania; Slu\u017eby: z\u00e1klad rozvoja; a Cenov\u00e1 dostupnos\u0165: k\u013e\u00fa\u010d k \u00faspechu.\u201c V\u00edtame spolupr\u00e1cu s dom\u00e1cimi aj medzin\u00e1rodn\u00fdmi z\u00e1kazn\u00edkmi a sme odhodlan\u00ed podporova\u0165 vz\u00e1jomn\u00fd rast a \u00faspech.<\/p>\n<\/div>\n<\/div>\n<\/div>\n<\/div>\n<p><img loading=\"lazy\" decoding=\"async\" class=\"alignnone wp-image-3563\" src=\"https:\/\/fmp-components.com\/wp-content\/uploads\/2025\/01\/company-2.webp\" alt=\"spolo\u010dnos\u0165\" width=\"873\" height=\"790\" title=\"\" srcset=\"https:\/\/fmp-components.com\/wp-content\/uploads\/2025\/01\/company-2.webp 873w, https:\/\/fmp-components.com\/wp-content\/uploads\/2025\/01\/company-2-480x435.webp 480w\" sizes=\"(min-width: 0px) and (max-width: 480px) 480px, (min-width: 481px) 873px, 100vw\" \/> <img loading=\"lazy\" decoding=\"async\" class=\"alignnone wp-image-3564\" src=\"https:\/\/fmp-components.com\/wp-content\/uploads\/2025\/01\/company-3.webp\" alt=\"spolo\u010dnos\u0165\" width=\"873\" height=\"776\" title=\"\" srcset=\"https:\/\/fmp-components.com\/wp-content\/uploads\/2025\/01\/company-3.webp 873w, https:\/\/fmp-components.com\/wp-content\/uploads\/2025\/01\/company-3-480x427.webp 480w\" sizes=\"(min-width: 0px) and (max-width: 480px) 480px, (min-width: 481px) 873px, 100vw\" \/> <img loading=\"lazy\" decoding=\"async\" class=\"alignnone wp-image-3565\" src=\"https:\/\/fmp-components.com\/wp-content\/uploads\/2025\/01\/company-1.webp\" alt=\"spolo\u010dnos\u0165\" width=\"877\" height=\"225\" title=\"\" srcset=\"https:\/\/fmp-components.com\/wp-content\/uploads\/2025\/01\/company-1.webp 877w, https:\/\/fmp-components.com\/wp-content\/uploads\/2025\/01\/company-1-480x123.webp 480w\" sizes=\"(min-width: 0px) and (max-width: 480px) 480px, (min-width: 481px) 877px, 100vw\" \/><\/p>\n<p>Autor: CX<\/p>\n<\/div>","protected":false},"excerpt":{"rendered":"<p>Spindle Motor Used for Lathe JSZD150H Spindle motors have many advantages over other types of motors, including small size, high reliability, and low power consumption. They can also run for thousands of hours without trouble and are very quiet. This allows them to be installed in smaller spaces, and the tracks take up less space. [&hellip;]<\/p>","protected":false},"featured_media":3588,"comment_status":"open","ping_status":"closed","template":"","meta":{"_et_pb_use_builder":"","_et_pb_old_content":"","_et_gb_content_width":""},"product_brand":[],"product_cat":[89],"product_tag":[],"class_list":{"0":"post-3584","1":"product","2":"type-product","3":"status-publish","4":"has-post-thumbnail","6":"product_cat-spindle-motor","8":"first","9":"instock","10":"shipping-taxable","11":"product-type-simple"},"_links":{"self":[{"href":"https:\/\/fmp-components.com\/sk\/wp-json\/wp\/v2\/product\/3584","targetHints":{"allow":["GET"]}}],"collection":[{"href":"https:\/\/fmp-components.com\/sk\/wp-json\/wp\/v2\/product"}],"about":[{"href":"https:\/\/fmp-components.com\/sk\/wp-json\/wp\/v2\/types\/product"}],"replies":[{"embeddable":true,"href":"https:\/\/fmp-components.com\/sk\/wp-json\/wp\/v2\/comments?post=3584"}],"wp:featuredmedia":[{"embeddable":true,"href":"https:\/\/fmp-components.com\/sk\/wp-json\/wp\/v2\/media\/3588"}],"wp:attachment":[{"href":"https:\/\/fmp-components.com\/sk\/wp-json\/wp\/v2\/media?parent=3584"}],"wp:term":[{"taxonomy":"product_brand","embeddable":true,"href":"https:\/\/fmp-components.com\/sk\/wp-json\/wp\/v2\/product_brand?post=3584"},{"taxonomy":"product_cat","embeddable":true,"href":"https:\/\/fmp-components.com\/sk\/wp-json\/wp\/v2\/product_cat?post=3584"},{"taxonomy":"product_tag","embeddable":true,"href":"https:\/\/fmp-components.com\/sk\/wp-json\/wp\/v2\/product_tag?post=3584"}],"curies":[{"name":"pracovn\u00fd list","href":"https:\/\/api.w.org\/{rel}","templated":true}]}}