{"id":3569,"date":"2025-01-08T06:24:56","date_gmt":"2025-01-08T06:24:56","guid":{"rendered":"https:\/\/fmp-components.com\/?page_id=8"},"modified":"2025-01-08T07:57:44","modified_gmt":"2025-01-08T07:57:44","slug":"electrical-spindle-for-special-usage","status":"publish","type":"product","link":"https:\/\/fmp-components.com\/sk\/product\/electrical-spindle-for-special-usage\/","title":{"rendered":"Elektrick\u00e9 vreteno pre \u0161peci\u00e1lne pou\u017eitie"},"content":{"rendered":"<p><img loading=\"lazy\" decoding=\"async\" class=\"size-full wp-image-3577 aligncenter\" src=\"https:\/\/fmp-components.com\/wp-content\/uploads\/2025\/01\/electrical-spindle-for-special-usage-2.webp\" alt=\"elektrick\u00e9-vreteno-na-\u0161peci\u00e1lne-pou\u017eitie-2\" width=\"652\" height=\"256\" title=\"\" srcset=\"https:\/\/fmp-components.com\/wp-content\/uploads\/2025\/01\/electrical-spindle-for-special-usage-2.webp 652w, https:\/\/fmp-components.com\/wp-content\/uploads\/2025\/01\/electrical-spindle-for-special-usage-2-480x188.webp 480w\" sizes=\"(min-width: 0px) and (max-width: 480px) 480px, (min-width: 481px) 652px, 100vw\" \/>\u00a0<img loading=\"lazy\" decoding=\"async\" class=\"alignnone wp-image-3571\" src=\"https:\/\/fmp-components.com\/wp-content\/uploads\/2025\/01\/electrical-spindle-for-special-usage-3.webp\" alt=\"elektrick\u00e9-vreteno-na-\u0161peci\u00e1lne-pou\u017eitie-3\" width=\"895\" height=\"87\" title=\"\" srcset=\"https:\/\/fmp-components.com\/wp-content\/uploads\/2025\/01\/electrical-spindle-for-special-usage-3.webp 895w, https:\/\/fmp-components.com\/wp-content\/uploads\/2025\/01\/electrical-spindle-for-special-usage-3-480x47.webp 480w\" sizes=\"(min-width: 0px) and (max-width: 480px) 480px, (min-width: 481px) 895px, 100vw\" \/><\/p>\n<p><img loading=\"lazy\" decoding=\"async\" class=\"size-full wp-image-3576 aligncenter\" src=\"https:\/\/fmp-components.com\/wp-content\/uploads\/2025\/01\/electrical-spindle-for-special-usage-4.webp\" alt=\"elektrick\u00e9-vreteno-na-\u0161peci\u00e1lne-pou\u017eitie-4\" width=\"493\" height=\"246\" title=\"\" srcset=\"https:\/\/fmp-components.com\/wp-content\/uploads\/2025\/01\/electrical-spindle-for-special-usage-4.webp 493w, https:\/\/fmp-components.com\/wp-content\/uploads\/2025\/01\/electrical-spindle-for-special-usage-4-480x240.webp 480w\" sizes=\"(min-width: 0px) and (max-width: 480px) 480px, (min-width: 481px) 493px, 100vw\" \/> <img loading=\"lazy\" decoding=\"async\" class=\"alignnone wp-image-3572\" src=\"https:\/\/fmp-components.com\/wp-content\/uploads\/2025\/01\/electrical-spindle-for-special-usage-5.webp\" alt=\"elektrick\u00e9-vreteno-na-\u0161peci\u00e1lne-pou\u017eitie-5\" width=\"922\" height=\"128\" title=\"\" srcset=\"https:\/\/fmp-components.com\/wp-content\/uploads\/2025\/01\/electrical-spindle-for-special-usage-5.webp 922w, https:\/\/fmp-components.com\/wp-content\/uploads\/2025\/01\/electrical-spindle-for-special-usage-5-480x67.webp 480w\" sizes=\"(min-width: 0px) and (max-width: 480px) 480px, (min-width: 481px) 922px, 100vw\" \/><\/p>\n<p>Pr\u00edklady: Motorizovan\u00e9 vreteno JSZD120-12\/15 sa pou\u017e\u00edva hlavne na spracovanie mal\u00fdch dielov z ne\u017eelezn\u00fdch kovov. Z\u00e1kazn\u00edk m\u00e1 vlastn\u00fd pod\u00e1vac\u00ed mechanizmus, pod\u00e1vanie do dut\u00e9ho vretena, predn\u00e9 elastick\u00e9 upnutie, obr\u00e1bac\u00ed nulov\u00fd bod. M\u00e1 n\u00edzku drsnos\u0165, dobr\u00fa rozmerov\u00fa stabilitu a vysok\u00fa \u00fa\u010dinnos\u0165.<\/p>\n<div class=\"flex max-w-full flex-col flex-grow\">\n<div class=\"min-h-8 text-message flex w-full flex-col items-end gap-2 whitespace-normal break-words text-start [.text-message+&amp;]:mt-5\" dir=\"auto\" data-message-author-role=\"assistant\" data-message-id=\"876c8b08-b709-4638-9f07-28b349cfff1a\" data-message-model-slug=\"gpt-4o\">\n<div class=\"flex w-full flex-col gap-1 empty:hidden first:pt-[3px]\">\n<div class=\"markdown prose w-full break-words dark:prose-invert light\">\n<h3>V\u00fdhody elektrick\u00e9ho vretena pre \u0161peci\u00e1lne pou\u017eitie<\/h3>\n<p>Elektrick\u00e9 vreten\u00e1 pon\u00fakaj\u00fa nieko\u013eko v\u00fdrazn\u00fdch v\u00fdhod pre \u0161pecializovan\u00e9 aplik\u00e1cie v odvetviach, ako je CNC obr\u00e1banie, automatiz\u00e1cia a presn\u00e9 stroj\u00e1rstvo. Ni\u017e\u0161ie s\u00fa uveden\u00e9 k\u013e\u00fa\u010dov\u00e9 v\u00fdhody pou\u017eitia elektrick\u00e9ho vretena na \u0161peci\u00e1lne \u00fa\u010dely:<\/p>\n<ol>\n<li><strong>Vysok\u00e1 presnos\u0165 a spr\u00e1vnos\u0165<\/strong><br \/>\nElektrick\u00e9 vreten\u00e1 s\u00fa zn\u00e1me svojou vysokou presnos\u0165ou ot\u00e1\u010dania, ktor\u00e1 je k\u013e\u00fa\u010dov\u00e1 pre \u0161pecializovan\u00e9 aplik\u00e1cie vy\u017eaduj\u00face pr\u00edsne tolerancie. Umo\u017e\u0148uj\u00fa presn\u00fa kontrolu ot\u00e1\u010dok a kr\u00fatiaceho momentu, \u010d\u00edm zabezpe\u010duj\u00fa konzistentn\u00e9 a presn\u00e9 obr\u00e1banie alebo oper\u00e1cie.<\/li>\n<li><strong>Kompaktn\u00fd dizajn a priestorov\u00e1 efektivita<\/strong><br \/>\nElektrick\u00e9 vreten\u00e1 s\u00fa zvy\u010dajne kompaktnej\u0161ie ako tradi\u010dn\u00e9 mechanick\u00e9 vreten\u00e1. V\u010faka tomu s\u00fa ide\u00e1lne pre aplik\u00e1cie s obmedzen\u00fdm priestorom, kde je nevyhnutn\u00e1 men\u0161ia zastavan\u00e1 plocha bez kompromisov vo v\u00fdkone.<\/li>\n<li><strong>Vylep\u0161en\u00e1 kontrola r\u00fdchlosti a v\u0161estrannos\u0165<\/strong><br \/>\nR\u00fdchlos\u0165 elektrick\u00fdch vretien sa d\u00e1 \u013eahko ovl\u00e1da\u0165 a nastavova\u0165 pomocou elektronick\u00fdch ovl\u00e1dac\u00edch prvkov, \u010do pon\u00faka \u0161irok\u00fd rozsah prev\u00e1dzkov\u00fdch r\u00fdchlost\u00ed. T\u00e1to prisp\u00f4sobivos\u0165 im umo\u017e\u0148uje obsluhova\u0165 r\u00f4zne materi\u00e1ly a obr\u00e1bacie procesy, od vysokor\u00fdchlostn\u00e9ho rezania a\u017e po n\u00edzkor\u00fdchlostn\u00e9 br\u00fasenie.<\/li>\n<li><strong>Zn\u00ed\u017een\u00e1 \u00fadr\u017eba a dlh\u0161ia \u017eivotnos\u0165<\/strong><br \/>\nElektrick\u00e9 vreten\u00e1, na rozdiel od mechanick\u00fdch vretien, maj\u00fa menej pohybliv\u00fdch \u010dast\u00ed a nepotrebuj\u00fa zlo\u017eit\u00e9 prevodov\u00e9 syst\u00e9my. Toto zn\u00ed\u017eenie mechanick\u00e9ho opotrebenia sa premieta do ni\u017e\u0161\u00edch n\u00e1kladov na \u00fadr\u017ebu a dlh\u0161ej prev\u00e1dzkovej \u017eivotnosti, v\u010faka \u010domu s\u00fa spo\u013eahlivej\u0161ie pri dlhodobom pou\u017e\u00edvan\u00ed.<\/li>\n<li><strong>Zv\u00fd\u0161en\u00e1 \u00fa\u010dinnos\u0165<\/strong><br \/>\nElektrick\u00e9 vreten\u00e1 s\u00fa energeticky \u00faspornej\u0161ie v porovnan\u00ed s tradi\u010dn\u00fdmi vretenami, preto\u017ee premie\u0148aj\u00fa elektrick\u00fa energiu priamo na rota\u010dn\u00fd pohyb s minim\u00e1lnymi stratami energie. To vedie k ni\u017e\u0161\u00edm prev\u00e1dzkov\u00fdm n\u00e1kladom v priebehu \u010dasu, v\u010faka \u010domu s\u00fa cenovo v\u00fdhodn\u00fdm rie\u0161en\u00edm pre \u0161peci\u00e1lne aplik\u00e1cie s vysok\u00fdmi n\u00e1rokmi.<\/li>\n<\/ol>\n<p>Celkovo elektrick\u00e9 vreten\u00e1 poskytuj\u00fa v\u00fdnimo\u010dn\u00fd v\u00fdkon, \u00fa\u010dinnos\u0165 a prisp\u00f4sobivos\u0165 pre \u0161peci\u00e1lne scen\u00e1re pou\u017eitia. Ich presnos\u0165, zn\u00ed\u017een\u00e9 po\u017eiadavky na \u00fadr\u017ebu a schopnos\u0165 integr\u00e1cie do pokro\u010dil\u00fdch syst\u00e9mov z nich robia preferovan\u00fa vo\u013ebu v high-tech odvetviach.<\/p>\n<h2>Existuj\u00fa dva sp\u00f4soby v\u00fdstupu. Jeden je kon\u0161tantn\u00fd kr\u00fatiaci moment a druh\u00fd je kon\u0161tantn\u00fd v\u00fdkon, ako je uveden\u00e9 ni\u017e\u0161ie:<\/h2>\n<\/div>\n<\/div>\n<\/div>\n<\/div>\n<p><img loading=\"lazy\" decoding=\"async\" class=\"alignnone size-full wp-image-3573\" src=\"https:\/\/fmp-components.com\/wp-content\/uploads\/2025\/01\/spindle-motor-1.webp\" alt=\"vretenov\u00fd motor-1\" width=\"973\" height=\"551\" title=\"\" srcset=\"https:\/\/fmp-components.com\/wp-content\/uploads\/2025\/01\/spindle-motor-1.webp 973w, https:\/\/fmp-components.com\/wp-content\/uploads\/2025\/01\/spindle-motor-1-480x272.webp 480w\" sizes=\"(min-width: 0px) and (max-width: 480px) 480px, (min-width: 481px) 973px, 100vw\" \/><\/p>\n<h2>Vysvetlenie nomenklat\u00fary vretena motora<\/h2>\n<p><img loading=\"lazy\" decoding=\"async\" class=\"alignnone size-full wp-image-3574\" src=\"https:\/\/fmp-components.com\/wp-content\/uploads\/2025\/01\/spindle-motor-2.webp\" alt=\"vretenov\u00fd motor-2\" width=\"666\" height=\"351\" title=\"\" srcset=\"https:\/\/fmp-components.com\/wp-content\/uploads\/2025\/01\/spindle-motor-2.webp 666w, https:\/\/fmp-components.com\/wp-content\/uploads\/2025\/01\/spindle-motor-2-480x253.webp 480w\" sizes=\"(min-width: 0px) and (max-width: 480px) 480px, (min-width: 481px) 666px, 100vw\" \/><\/p>\n<h2>Koniec pripojenia vretena<\/h2>\n<p>M\u00e1 mnoho r\u00f4znych typov pripojenia v z\u00e1vislosti od modelu vretena, pozrite si tabu\u013eku ni\u017e\u0161ie.<\/p>\n<p><img loading=\"lazy\" decoding=\"async\" class=\"alignnone wp-image-3575\" src=\"https:\/\/fmp-components.com\/wp-content\/uploads\/2025\/01\/spindle-motor-3.webp\" alt=\"vretenov\u00fd motor-\" width=\"885\" height=\"231\" title=\"\" srcset=\"https:\/\/fmp-components.com\/wp-content\/uploads\/2025\/01\/spindle-motor-3.webp 885w, https:\/\/fmp-components.com\/wp-content\/uploads\/2025\/01\/spindle-motor-3-480x125.webp 480w\" sizes=\"(min-width: 0px) and (max-width: 480px) 480px, (min-width: 481px) 885px, 100vw\" \/><\/p>\n<h2>Pokyny pre vreteno<\/h2>\n<div><span id=\"spin1\">1<\/span>Frekven\u010dn\u00fd meni\u010d\u00a0<span id=\"spin2\">mus\u00ed<\/span>\u00a0zhoda\u00a0<span id=\"spin3\">elektrick\u00fd<\/span>\u00a0vretenov\u00e1 jednotka.\u00a0<span id=\"spin4\">z\u00e1kladn\u00e9<\/span>\u00a0frekvencia\u00a0<span id=\"spin5\">alebo dokonca<\/span>\u00a0nomin\u00e1lna frekvencia\u00a0<span id=\"spin6\">ako aj<\/span>\u00a0nap\u00e4tie\u00a0<span id=\"spin7\">bude musie\u0165<\/span>\u00a0sp\u013a\u0148a\u0165 technick\u00e9 parametre\u00a0<span id=\"spin8\">z<\/span>\u00a0<span id=\"spin9\">elektrick\u00e9<\/span>\u00a0vreteno.<br \/>\n<span id=\"spin10\">2<\/span>.\u00a0<span id=\"spin11\">Elektrick\u00e9<\/span>\u00a0vreteno\u00a0<span id=\"spin12\">je vo v\u0161eobecnosti<\/span>\u00a0chladen\u00e9 cirkuluj\u00facou vodou. Chladiaca voda\u00a0<span id=\"spin13\">mus\u00ed by\u0165<\/span>\u00a0odoln\u00fd vo\u010di hrdzi a \u010dist\u00fd filtrom. Ke\u010f\u00a0<span id=\"spin14\">z\u00edskavanie<\/span>\u00a0voda, pr\u00edvod\u00a0<span id=\"spin15\">mus\u00ed by\u0165<\/span>\u00a0<span id=\"spin16\">pod<\/span>\u00a0ten\u00a0<span id=\"spin17\">elektrick\u00fd<\/span>\u00a0vreteno.<br \/>\n<span id=\"spin18\">tri<\/span>Kedy\u00a0<span id=\"spin19\">pr\u00e1ca s<\/span>\u00a0vreteno mazan\u00e9 olejovou hmlou,\u00a0<span id=\"spin20\">stres<\/span>\u00a0regula\u010dn\u00fd ventil\u00a0<span id=\"spin21\">na<\/span>\u00a0olejov\u00e1 hmla\u00a0<span id=\"spin22\">gadget<\/span>\u00a0<span id=\"spin23\">malo by by\u0165<\/span>\u00a0nastaven\u00e9 na 0,25~0,3 MPA hmla\u00a0<span id=\"spin25\">tlak<\/span>\u00a0<span id=\"spin26\">malo by by\u0165<\/span>\u00a00,1~0,2 MPa\u00a0<span id=\"spin28\">a<\/span>\u00a0<span id=\"spin29\">r\u00f4zne<\/span>\u00a0kvapky oleja\u00a0<span id=\"spin30\">mus\u00ed by\u0165<\/span>\u00a060 \u2013 70 kvapiek\/min.\u00a0<span id=\"spin31\">a tie\u017e<\/span>\u00a0mazac\u00ed olej\u00a0<span id=\"spin32\">malo by by\u0165<\/span>\u00a0zvonov\u00fd olej alebo turb\u00ednov\u00fd olej \u010d.\u00a0<span id=\"spin33\">20<\/span>.<br \/>\n<span id=\"spin34\">\u0161tyri<\/span>. Ten\/t\u00e1\/to\u00a0<span id=\"spin35\">r\u00fdchlos\u0165<\/span>\u00a0<span id=\"spin36\">okolo<\/span>\u00a0motorizovan\u00e9 vreteno\u00a0<span id=\"spin37\">sprievodca<\/span>\u00a0<span id=\"spin38\">je ur\u010dite<\/span>\u00a0najvy\u0161\u0161\u00ed\u00a0<span id=\"spin39\">r\u00fdchlos\u0165<\/span>a\u00a0<span id=\"spin40\">m\u00f4\u017ee<\/span>\u00a0neby\u0165\u00a0<span id=\"spin41\">zv\u00fd\u0161en\u00fd<\/span>,\u00a0<span id=\"spin42\">napriek tomu,<\/span>\u00a0<span id=\"spin43\">m\u00f4\u017ee by\u0165<\/span>\u00a0<span id=\"spin44\">zamestnan\u00fd<\/span>\u00a0<span id=\"spin45\">zn\u00ed\u017ei\u0165<\/span><br \/>\nten\u00a0<span id=\"spin46\">tempo,<\/span>\u00a0nap\u00e4tie a frekvencia s\u00fa\u00a0<span id=\"spin47\">zn\u00ed\u017een\u00fd<\/span>\u00a0<span id=\"spin48\">akon\u00e1hle<\/span>\u00a0<span id=\"spin49\">r\u00fdchlos\u0165<\/span>\u00a0je zn\u00ed\u017een\u00e1.<br \/>\n<span id=\"spin50\">5<\/span>Rot\u00e1cia\u00a0<span id=\"spin51\">kurz<\/span>\u00a0<span id=\"spin52\">s<\/span>\u00a0motorizovan\u00e9 vreteno\u00a0<span id=\"spin53\">je zvy\u010dajne<\/span>\u00a0proti smeru hodinov\u00fdch ru\u010di\u010diek (pri poh\u013eade\u00a0<span id=\"spin54\">v<\/span>\u00a0hriade\u013e). okrem\u00a0<span id=\"spin55\">exkluz\u00edvny<\/span><br \/>\n<span id=\"spin56\">po\u017eiadavky<\/span>.<br \/>\n<span id=\"spin57\">6<\/span>Motorizovan\u00e9 vreteno mazan\u00e9 olejovou hmlou\u00a0<span id=\"spin58\">mus\u00ed by\u0165<\/span>\u00a0<span id=\"spin59\">prepojen\u00fd<\/span>\u00a0s vodou a\u00a0<span id=\"spin60\">benz\u00edn<\/span>\u00a0<span id=\"spin61\">pred<\/span>\u00a0<span id=\"spin62\">mohlo by to by\u0165 mo\u017en\u00e9<\/span>\u00a0<span id=\"spin63\">za\u010da\u0165<\/span>\u00a0a\u00a0<span id=\"spin64\">presta\u0165<\/span>\u00a0voda a\u00a0<span id=\"spin65\">palivo\u00a0<\/span><span id=\"spin66\">dod\u00e1vka<\/span>\u00a0<span id=\"spin67\">po<\/span>\u00a0vypnutie.<br \/>\nVysvetlenie:\u00a0<span id=\"spin68\">jedine\u010dn\u00fd<\/span>\u00a0oper\u00e1cia\u00a0<span id=\"spin69\">je povinn\u00e9<\/span>\u00a0<span id=\"spin70\">pod\u013ea<\/span>\u00a0<span id=\"spin71\">k<\/span>\u00a0<span id=\"spin72\">elektrick\u00fd<\/span>\u00a0vreteno\u00a0<span id=\"spin73\">pokyny<\/span>.<\/div>\n<div class=\"flex max-w-full flex-col flex-grow\">\n<div class=\"min-h-8 text-message flex w-full flex-col items-end gap-2 whitespace-normal break-words text-start [.text-message+&amp;]:mt-5\" dir=\"auto\" data-message-author-role=\"assistant\" data-message-id=\"fbdee532-4424-41b2-a093-d85f55f880e4\" data-message-model-slug=\"gpt-4o-mini\">\n<div class=\"flex w-full flex-col gap-1 empty:hidden first:pt-[3px]\">\n<div class=\"markdown prose w-full break-words dark:prose-invert light\">\n<h2>O FMP<\/h2>\n<p>FMP je profesion\u00e1lny v\u00fdrobca \u0161pecializuj\u00faci sa na v\u00fdrobu mechanick\u00fdch komponentov. Medzi na\u0161e hlavn\u00e9 produkty patria \u0161pir\u00e1lov\u00e9 ku\u017ee\u013eov\u00e9 z\u00e1vitovkov\u00e9 reduktory, ozuben\u00e9 koles\u00e1, ku\u017ee\u013eov\u00e9 puzdr\u00e1, ozuben\u00e9 ty\u010de, spojky a \u010fal\u0161ie prevodov\u00e9 diely. So siln\u00fdm zameran\u00edm na export sa na eur\u00f3pske trhy vr\u00e1tane Nemecka, Ve\u013ekej Brit\u00e1nie a Franc\u00fazska dod\u00e1va viac ako 651 ton na\u0161ich produktov, \u010d\u00edm sa dosahuje ro\u010dn\u00fd objem exportu 15 ton 18 mili\u00f3nov RMB. Na\u0161a celkov\u00e1 ro\u010dn\u00e1 v\u00fdrobn\u00e1 hodnota dosahuje 200 mili\u00f3nov RMB.<\/p>\n<p>V\u0161etky produkty FMP s\u00fa vyr\u00e1ban\u00e9 v s\u00falade s medzin\u00e1rodn\u00fdmi, eur\u00f3pskymi a americk\u00fdmi priemyseln\u00fdmi normami. Pou\u017e\u00edvame presn\u00e9 a vysoko kvalitn\u00e9 obr\u00e1bacie zariadenia, implementujeme dobre napl\u00e1novan\u00e9 v\u00fdrobn\u00e9 procesy a dodr\u017eiavame efekt\u00edvny a flexibiln\u00fd syst\u00e9m riadenia. N\u00e1\u0161 komplexn\u00fd syst\u00e9m riadenia kvality zaru\u010duje vynikaj\u00facu kvalitu produktov a konkurencieschopn\u00e9 ceny.<\/p>\n<p>Spolo\u010dnos\u0165 FMP funguje na z\u00e1klade z\u00e1kladn\u00fdch princ\u00edpov \u201eKvalita: z\u00e1klad pre\u017eitia podnikania, Integrita: hnacia sila rozvoja podnikania, Slu\u017eby: zdroj rastu podnikania a Cenov\u00e1 dostupnos\u0165: k\u013e\u00fa\u010d k \u00faspechu podnikania\u201c. V\u00edtame dom\u00e1cich aj medzin\u00e1rodn\u00fdch z\u00e1kazn\u00edkov a te\u0161\u00edme sa na spolupr\u00e1cu pre vz\u00e1jomn\u00fd rast a \u00faspech.<\/p>\n<\/div>\n<\/div>\n<\/div>\n<\/div>\n<p><img loading=\"lazy\" decoding=\"async\" class=\"alignnone wp-image-3563\" src=\"https:\/\/fmp-components.com\/wp-content\/uploads\/2025\/01\/company-2.webp\" alt=\"spolo\u010dnos\u0165\" width=\"873\" height=\"790\" title=\"\" srcset=\"https:\/\/fmp-components.com\/wp-content\/uploads\/2025\/01\/company-2.webp 873w, https:\/\/fmp-components.com\/wp-content\/uploads\/2025\/01\/company-2-480x435.webp 480w\" sizes=\"(min-width: 0px) and (max-width: 480px) 480px, (min-width: 481px) 873px, 100vw\" \/> <img loading=\"lazy\" decoding=\"async\" class=\"alignnone wp-image-3564\" src=\"https:\/\/fmp-components.com\/wp-content\/uploads\/2025\/01\/company-3.webp\" alt=\"spolo\u010dnos\u0165\" width=\"873\" height=\"776\" title=\"\" srcset=\"https:\/\/fmp-components.com\/wp-content\/uploads\/2025\/01\/company-3.webp 873w, https:\/\/fmp-components.com\/wp-content\/uploads\/2025\/01\/company-3-480x427.webp 480w\" sizes=\"(min-width: 0px) and (max-width: 480px) 480px, (min-width: 481px) 873px, 100vw\" \/> <img loading=\"lazy\" decoding=\"async\" class=\"alignnone wp-image-3565\" src=\"https:\/\/fmp-components.com\/wp-content\/uploads\/2025\/01\/company-1.webp\" alt=\"spolo\u010dnos\u0165\" width=\"877\" height=\"225\" title=\"\" srcset=\"https:\/\/fmp-components.com\/wp-content\/uploads\/2025\/01\/company-1.webp 877w, https:\/\/fmp-components.com\/wp-content\/uploads\/2025\/01\/company-1-480x123.webp 480w\" sizes=\"(min-width: 0px) and (max-width: 480px) 480px, (min-width: 481px) 877px, 100vw\" \/><\/p>\n<p>Autor: CX<\/p>","protected":false},"excerpt":{"rendered":"<p>\u00a0 Examples: JSZD120-12\/15 motorized spindle is mainly used for small parts processing of non-ferrous metals. Customers own\u3000feeding mechanism, spindle hollow feeding, front elastic clamping, processing zero. lt has low roughness\uff0c good dimensional\u3000stability, and high efficiency. Advantages of an Electrical Spindle for Special Usage Electrical spindles offer several distinct advantages for specialized applications in industries such [&hellip;]<\/p>","protected":false},"featured_media":3570,"comment_status":"open","ping_status":"closed","template":"","meta":{"_et_pb_use_builder":"","_et_pb_old_content":"","_et_gb_content_width":""},"product_brand":[],"product_cat":[88],"product_tag":[],"class_list":{"0":"post-3569","1":"product","2":"type-product","3":"status-publish","4":"has-post-thumbnail","6":"product_cat-stainless-steel-motors","8":"first","9":"instock","10":"shipping-taxable","11":"product-type-simple"},"_links":{"self":[{"href":"https:\/\/fmp-components.com\/sk\/wp-json\/wp\/v2\/product\/3569","targetHints":{"allow":["GET"]}}],"collection":[{"href":"https:\/\/fmp-components.com\/sk\/wp-json\/wp\/v2\/product"}],"about":[{"href":"https:\/\/fmp-components.com\/sk\/wp-json\/wp\/v2\/types\/product"}],"replies":[{"embeddable":true,"href":"https:\/\/fmp-components.com\/sk\/wp-json\/wp\/v2\/comments?post=3569"}],"wp:featuredmedia":[{"embeddable":true,"href":"https:\/\/fmp-components.com\/sk\/wp-json\/wp\/v2\/media\/3570"}],"wp:attachment":[{"href":"https:\/\/fmp-components.com\/sk\/wp-json\/wp\/v2\/media?parent=3569"}],"wp:term":[{"taxonomy":"product_brand","embeddable":true,"href":"https:\/\/fmp-components.com\/sk\/wp-json\/wp\/v2\/product_brand?post=3569"},{"taxonomy":"product_cat","embeddable":true,"href":"https:\/\/fmp-components.com\/sk\/wp-json\/wp\/v2\/product_cat?post=3569"},{"taxonomy":"product_tag","embeddable":true,"href":"https:\/\/fmp-components.com\/sk\/wp-json\/wp\/v2\/product_tag?post=3569"}],"curies":[{"name":"pracovn\u00fd list","href":"https:\/\/api.w.org\/{rel}","templated":true}]}}