{"id":3558,"date":"2025-01-08T05:55:51","date_gmt":"2025-01-08T05:55:51","guid":{"rendered":"https:\/\/fmp-components.com\/?page_id=8"},"modified":"2025-01-08T05:55:51","modified_gmt":"2025-01-08T05:55:51","slug":"iec-stainless-steel-motor-b3-foot-mounted-tenv","status":"publish","type":"product","link":"https:\/\/fmp-components.com\/sk\/product\/iec-stainless-steel-motor-b3-foot-mounted-tenv\/","title":{"rendered":"Nerezov\u00fd motor IEC B3 s p\u00e4tkovou mont\u00e1\u017eou - TENV"},"content":{"rendered":"<p><img loading=\"lazy\" decoding=\"async\" class=\"alignnone  wp-image-3560\" src=\"https:\/\/fmp-components.com\/wp-content\/uploads\/2025\/01\/fmp_2.stainless-steel-motor-2.webp\" alt=\"fmp_2.nerezov\u00fd-motor-2\" width=\"910\" height=\"450\" title=\"\" srcset=\"https:\/\/fmp-components.com\/wp-content\/uploads\/2025\/01\/fmp_2.stainless-steel-motor-2.webp 910w, https:\/\/fmp-components.com\/wp-content\/uploads\/2025\/01\/fmp_2.stainless-steel-motor-2-480x237.webp 480w\" sizes=\"(min-width: 0px) and (max-width: 480px) 480px, (min-width: 481px) 910px, 100vw\" \/><\/p>\n<table style=\"width: 98.5196%;\" border=\"1\">\n<tbody>\n<tr>\n<td style=\"width: 14.0541%;\">Typ r\u00e1mu<\/td>\n<td style=\"width: 7.02703%;\">Poliaci<\/td>\n<td style=\"width: 4.86486%;\">A<\/td>\n<td style=\"width: 5.58559%;\">A\/2<\/td>\n<td style=\"width: 4.86486%;\">B.<\/td>\n<td style=\"width: 3.42342%;\">C<\/td>\n<td style=\"width: 3.42342%;\">D<\/td>\n<td style=\"width: 3.42342%;\">V<\/td>\n<td style=\"width: 3.42342%;\">F<\/td>\n<td style=\"width: 5.58559%;\">G<\/td>\n<td style=\"width: 3.42342%;\">H<\/td>\n<td style=\"width: 3.42342%;\">K.<\/td>\n<td style=\"width: 4.86486%;\">P<\/td>\n<td style=\"width: 12.4324%;\">Otvor hriade\u013ea<\/td>\n<td style=\"width: 4.86486%;\">AB<\/td>\n<td style=\"width: 4.86486%;\">Klimatiz\u00e1cia<\/td>\n<td style=\"width: 68.8288%;\">REKLAMA<\/td>\n<\/tr>\n<tr>\n<td style=\"width: 14.0541%;\">63<\/td>\n<td style=\"width: 7.02703%;\">2, 4<\/td>\n<td style=\"width: 4.86486%;\">100<\/td>\n<td style=\"width: 5.58559%;\">50<\/td>\n<td style=\"width: 4.86486%;\">80<\/td>\n<td style=\"width: 3.42342%;\">40<\/td>\n<td style=\"width: 3.42342%;\">11<\/td>\n<td style=\"width: 3.42342%;\">23<\/td>\n<td style=\"width: 3.42342%;\">23<\/td>\n<td style=\"width: 5.58559%;\">8.5<\/td>\n<td style=\"width: 3.42342%;\">63<\/td>\n<td style=\"width: 3.42342%;\">7<\/td>\n<td style=\"width: 4.86486%;\">114<\/td>\n<td style=\"width: 12.4324%;\">M4<\/td>\n<td style=\"width: 4.86486%;\">125<\/td>\n<td style=\"width: 4.86486%;\">114<\/td>\n<td style=\"width: 68.8288%;\">117<\/td>\n<\/tr>\n<tr>\n<td style=\"width: 14.0541%;\">71<\/td>\n<td style=\"width: 7.02703%;\">2,4,6<\/td>\n<td style=\"width: 4.86486%;\">112<\/td>\n<td style=\"width: 5.58559%;\">56<\/td>\n<td style=\"width: 4.86486%;\">90<\/td>\n<td style=\"width: 3.42342%;\">45<\/td>\n<td style=\"width: 3.42342%;\">14<\/td>\n<td style=\"width: 3.42342%;\">30<\/td>\n<td style=\"width: 3.42342%;\">30<\/td>\n<td style=\"width: 5.58559%;\">11<\/td>\n<td style=\"width: 3.42342%;\">71<\/td>\n<td style=\"width: 3.42342%;\">7<\/td>\n<td style=\"width: 4.86486%;\">134<\/td>\n<td style=\"width: 12.4324%;\">M5<\/td>\n<td style=\"width: 4.86486%;\">140<\/td>\n<td style=\"width: 4.86486%;\">134<\/td>\n<td style=\"width: 68.8288%;\">129<\/td>\n<\/tr>\n<tr>\n<td style=\"width: 14.0541%;\">80<\/td>\n<td style=\"width: 7.02703%;\"><\/td>\n<td style=\"width: 4.86486%;\">125<\/td>\n<td style=\"width: 5.58559%;\">62.5<\/td>\n<td style=\"width: 4.86486%;\">100<\/td>\n<td style=\"width: 3.42342%;\">50<\/td>\n<td style=\"width: 3.42342%;\">19<\/td>\n<td style=\"width: 3.42342%;\">40<\/td>\n<td style=\"width: 3.42342%;\">40<\/td>\n<td style=\"width: 5.58559%;\">15.5<\/td>\n<td style=\"width: 3.42342%;\">80<\/td>\n<td style=\"width: 3.42342%;\">10<\/td>\n<td style=\"width: 4.86486%;\">144<\/td>\n<td style=\"width: 12.4324%;\">M6<\/td>\n<td style=\"width: 4.86486%;\">150<\/td>\n<td style=\"width: 4.86486%;\">144<\/td>\n<td style=\"width: 68.8288%;\">135<\/td>\n<\/tr>\n<tr>\n<td style=\"width: 14.0541%;\">90. roky<\/td>\n<td style=\"width: 7.02703%;\"><\/td>\n<td style=\"width: 4.86486%;\">140<\/td>\n<td style=\"width: 5.58559%;\">70<\/td>\n<td style=\"width: 4.86486%;\">100<\/td>\n<td style=\"width: 3.42342%;\">56<\/td>\n<td style=\"width: 3.42342%;\">24<\/td>\n<td style=\"width: 3.42342%;\">50<\/td>\n<td style=\"width: 3.42342%;\">50<\/td>\n<td style=\"width: 5.58559%;\">20<\/td>\n<td style=\"width: 3.42342%;\">90<\/td>\n<td style=\"width: 3.42342%;\">9<\/td>\n<td style=\"width: 4.86486%;\">164<\/td>\n<td style=\"width: 12.4324%;\">M8<\/td>\n<td style=\"width: 4.86486%;\">164<\/td>\n<td style=\"width: 4.86486%;\">164<\/td>\n<td style=\"width: 68.8288%;\">147<\/td>\n<\/tr>\n<\/tbody>\n<\/table>\n<h2>\u0160pecifik\u00e1cie motora z nehrdzavej\u00facej ocele IEC<\/h2>\n<table style=\"width: 98.4738%;\" border=\"1\">\n<tbody>\n<tr>\n<td style=\"width: 14.4262%;\">R\u00e1m<\/td>\n<td style=\"width: 24.918%;\">kW<\/td>\n<td style=\"width: 46.8852%;\">Mont\u00e1\u017e<\/td>\n<td style=\"width: 209.18%;\">IP adresa<\/td>\n<\/tr>\n<tr>\n<td style=\"width: 14.4262%;\">63<\/td>\n<td style=\"width: 24.918%;\">0.18<\/td>\n<td style=\"width: 46.8852%;\" rowspan=\"7\">B3, B5, B14, B34, B35<\/td>\n<td style=\"width: 209.18%;\" rowspan=\"7\">IP55<\/td>\n<\/tr>\n<tr>\n<td style=\"width: 14.4262%;\">71<\/td>\n<td style=\"width: 24.918%;\">0,25, 0,37<\/td>\n<\/tr>\n<tr>\n<td style=\"width: 14.4262%;\">80<\/td>\n<td style=\"width: 24.918%;\">0,55, 0,75<\/td>\n<\/tr>\n<tr>\n<td style=\"width: 14.4262%;\">90<\/td>\n<td style=\"width: 24.918%;\">1,1, 1,5<\/td>\n<\/tr>\n<tr>\n<td style=\"width: 14.4262%;\">100<\/td>\n<td style=\"width: 24.918%;\">2,2, 3,0<\/td>\n<\/tr>\n<tr>\n<td style=\"width: 14.4262%;\">112<\/td>\n<td style=\"width: 24.918%;\">4.0<\/td>\n<\/tr>\n<tr>\n<td style=\"width: 14.4262%;\">1332<\/td>\n<td style=\"width: 24.918%;\">5,5, 7,5<\/td>\n<\/tr>\n<\/tbody>\n<\/table>\n<p>Je k dispoz\u00edcii aj v pr\u00edpade, \u017ee m\u00e1te nejak\u00e9 \u0161peci\u00e1lne po\u017eiadavky na motor.<\/p>\n<h2>Vlastnosti motora z nehrdzavej\u00facej ocele IEC<\/h2>\n<p>Servomotor z nehrdzavej\u00facej ocele, statick\u00fd kr\u00fatiaci moment 0,45 a\u017e 20 Nm, \u0161pi\u010dkov\u00fd kr\u00fatiaci moment 64 Nm<br \/>\nServoreduk\u010dn\u00fd motor z nehrdzavej\u00facej ocele s plan\u00e9tov\u00fdm alebo ku\u017ee\u013eov\u00fdm prevodom<br \/>\nPl\u00e1\u0161\u0165 je vyroben\u00fd z nehrdzavej\u00facej ocele V2a 1.4301 (AISI 304) alebo V4A 1.4404 (AISI 316L) alebo z eloxovan\u00e9ho hlin\u00edka.<br \/>\nPovrchov\u00e1 a pr\u00edrubov\u00e1 in\u0161tal\u00e1cia (imb5, IMB14)<br \/>\nStupe\u0148 ochrany a\u017e do IP66k \/ IP69k za podmienok oplachovania<br \/>\nVe\u013ek\u00fd rozsah regul\u00e1cie r\u00fdchlosti<br \/>\nCertifik\u00e1cia UL\/CSA<br \/>\nCertifik\u00e1cia EHEDG sa \u010dak\u00e1 na vydanie (o\u010dak\u00e1va sa v roku 2022)<br \/>\nSp\u00e4tn\u00e1 v\u00e4zba pomocou resolvera alebo preface, EnDat alebo enkod\u00e9ra klipu pohonu<br \/>\nTechnol\u00f3gia jedn\u00e9ho k\u00e1bla (OCT)<br \/>\nMo\u017enosti brzdenia<br \/>\nAC servomotor, DC servomotor a AC asynchr\u00f3nny motor<br \/>\nDecentralizovan\u00fd servomotor s integrovan\u00fdm servo regul\u00e1torom<br \/>\nDod\u00e1va sa so servo regul\u00e1torom alebo frekven\u010dn\u00fdm meni\u010dom<br \/>\nDizajn na mieru<\/p>\n<h2>S\u00favisiaci motor z nehrdzavej\u00facej ocele<\/h2>\n<table style=\"width: 100%;\" border=\"1\" width=\"100%\" cellspacing=\"0\" cellpadding=\"0\">\n<tbody>\n<tr>\n<td style=\"width: 26.8899%;\" align=\"right\" width=\"64\" height=\"18\"><img loading=\"lazy\" decoding=\"async\" class=\"alignnone size-full wp-image-3507\" src=\"https:\/\/fmp-components.com\/wp-content\/uploads\/2025\/01\/ep_stainless-steel-motor-1.webp\" sizes=\"(max-width: 379px) 100vw, 379px\" srcset=\"https:\/\/fmp-components.com\/wp-content\/uploads\/2025\/01\/ep_stainless-steel-motor-1.webp 379w, https:\/\/fmp-components.com\/wp-content\/uploads\/2025\/01\/ep_stainless-steel-motor-1-300x200.webp 300w, https:\/\/fmp-components.com\/wp-content\/uploads\/2025\/01\/ep_stainless-steel-motor-1-18x12.webp 18w\" alt=\"motor z nehrdzavej\u00facej ocele\" width=\"379\" height=\"253\" title=\"\"><\/td>\n<td style=\"width: 26.9977%;\" align=\"right\" width=\"64\"><img loading=\"lazy\" decoding=\"async\" class=\"alignnone size-full wp-image-3508\" src=\"https:\/\/fmp-components.com\/wp-content\/uploads\/2025\/01\/ep_stainless-steel-motor-2-2.webp\" sizes=\"(max-width: 379px) 100vw, 379px\" srcset=\"https:\/\/fmp-components.com\/wp-content\/uploads\/2025\/01\/ep_stainless-steel-motor-2-2.webp 379w, https:\/\/fmp-components.com\/wp-content\/uploads\/2025\/01\/ep_stainless-steel-motor-2-2-300x200.webp 300w, https:\/\/fmp-components.com\/wp-content\/uploads\/2025\/01\/ep_stainless-steel-motor-2-2-18x12.webp 18w\" alt=\"motor z nehrdzavej\u00facej ocele\" width=\"379\" height=\"253\" title=\"\"><\/td>\n<td style=\"width: 23.2182%;\" align=\"right\" width=\"64\"><img loading=\"lazy\" decoding=\"async\" class=\"alignnone size-full wp-image-3509\" src=\"https:\/\/fmp-components.com\/wp-content\/uploads\/2025\/01\/ep_stainless-steel-motor-6.webp\" sizes=\"(max-width: 379px) 100vw, 379px\" srcset=\"https:\/\/fmp-components.com\/wp-content\/uploads\/2025\/01\/ep_stainless-steel-motor-6.webp 379w, https:\/\/fmp-components.com\/wp-content\/uploads\/2025\/01\/ep_stainless-steel-motor-6-300x200.webp 300w, https:\/\/fmp-components.com\/wp-content\/uploads\/2025\/01\/ep_stainless-steel-motor-6-18x12.webp 18w\" alt=\"motor z nehrdzavej\u00facej ocele\" width=\"379\" height=\"253\" title=\"\"><\/td>\n<td style=\"width: 22.6782%;\" align=\"right\" width=\"64\"><img loading=\"lazy\" decoding=\"async\" class=\"alignnone size-full wp-image-3510\" src=\"https:\/\/fmp-components.com\/wp-content\/uploads\/2025\/01\/ep_stainless-steel-motor-300x200-1.webp\" sizes=\"(max-width: 300px) 100vw, 300px\" srcset=\"https:\/\/fmp-components.com\/wp-content\/uploads\/2025\/01\/ep_stainless-steel-motor-300x200-1.webp 300w, https:\/\/fmp-components.com\/wp-content\/uploads\/2025\/01\/ep_stainless-steel-motor-300x200-1-18x12.webp 18w\" alt=\"motor z nehrdzavej\u00facej ocele\" width=\"300\" height=\"200\" title=\"\"><\/td>\n<\/tr>\n<tr>\n<td style=\"width: 26.8899%;\" align=\"right\" height=\"18\">Motor s permanentn\u00fdm magnetom z nehrdzavej\u00facej ocele<\/td>\n<td style=\"width: 26.9977%;\" align=\"right\">Vodou chladen\u00fd motor z nehrdzavej\u00facej ocele<\/td>\n<td style=\"width: 23.2182%;\" align=\"right\">Elektromotor pre potravin\u00e1rsky priemysel<\/td>\n<td style=\"width: 22.6782%;\" align=\"right\">Motor z nehrdzavej\u00facej ocele<\/td>\n<\/tr>\n<tr>\n<td style=\"width: 26.8899%;\" align=\"right\" height=\"18\"><img loading=\"lazy\" decoding=\"async\" class=\"alignnone size-full wp-image-3511\" src=\"https:\/\/fmp-components.com\/wp-content\/uploads\/2025\/01\/ep_stainless-steel-motor-4.webp\" sizes=\"(max-width: 379px) 100vw, 379px\" srcset=\"https:\/\/fmp-components.com\/wp-content\/uploads\/2025\/01\/ep_stainless-steel-motor-4.webp 379w, https:\/\/fmp-components.com\/wp-content\/uploads\/2025\/01\/ep_stainless-steel-motor-4-300x200.webp 300w, https:\/\/fmp-components.com\/wp-content\/uploads\/2025\/01\/ep_stainless-steel-motor-4-18x12.webp 18w\" alt=\"motor z nehrdzavej\u00facej ocele\" width=\"379\" height=\"253\" title=\"\"><\/td>\n<td style=\"width: 26.9977%;\" align=\"right\"><img loading=\"lazy\" decoding=\"async\" class=\"alignnone size-full wp-image-3512\" src=\"https:\/\/fmp-components.com\/wp-content\/uploads\/2025\/01\/ep_stainless-steel-motor-3.webp\" sizes=\"(max-width: 379px) 100vw, 379px\" srcset=\"https:\/\/fmp-components.com\/wp-content\/uploads\/2025\/01\/ep_stainless-steel-motor-3.webp 379w, https:\/\/fmp-components.com\/wp-content\/uploads\/2025\/01\/ep_stainless-steel-motor-3-300x200.webp 300w, https:\/\/fmp-components.com\/wp-content\/uploads\/2025\/01\/ep_stainless-steel-motor-3-18x12.webp 18w\" alt=\"motor z nehrdzavej\u00facej ocele\" width=\"379\" height=\"253\" title=\"\"><\/td>\n<td style=\"width: 23.2182%;\" align=\"right\"><img loading=\"lazy\" decoding=\"async\" class=\"alignnone size-full wp-image-3513\" src=\"https:\/\/fmp-components.com\/wp-content\/uploads\/2025\/01\/ep_stainless-steel-motor-5.webp\" sizes=\"(max-width: 379px) 100vw, 379px\" srcset=\"https:\/\/fmp-components.com\/wp-content\/uploads\/2025\/01\/ep_stainless-steel-motor-5.webp 379w, https:\/\/fmp-components.com\/wp-content\/uploads\/2025\/01\/ep_stainless-steel-motor-5-300x200.webp 300w, https:\/\/fmp-components.com\/wp-content\/uploads\/2025\/01\/ep_stainless-steel-motor-5-18x12.webp 18w\" alt=\"motor z nehrdzavej\u00facej ocele\" width=\"379\" height=\"253\" title=\"\"><\/td>\n<td style=\"width: 22.6782%;\" align=\"right\"><img loading=\"lazy\" decoding=\"async\" class=\"alignnone size-full wp-image-3514\" src=\"https:\/\/fmp-components.com\/wp-content\/uploads\/2025\/01\/ep_stainless-steel-motor-6-1.webp\" sizes=\"(max-width: 379px) 100vw, 379px\" srcset=\"https:\/\/fmp-components.com\/wp-content\/uploads\/2025\/01\/ep_stainless-steel-motor-6-1.webp 379w, https:\/\/fmp-components.com\/wp-content\/uploads\/2025\/01\/ep_stainless-steel-motor-6-1-300x200.webp 300w, https:\/\/fmp-components.com\/wp-content\/uploads\/2025\/01\/ep_stainless-steel-motor-6-1-18x12.webp 18w\" alt=\"motor z nehrdzavej\u00facej ocele\" width=\"379\" height=\"253\" title=\"\"><\/td>\n<\/tr>\n<tr>\n<td style=\"width: 26.8899%;\" align=\"right\" height=\"18\">IEC emulgovan\u00fd potravin\u00e1rsky stroj AC motor<\/td>\n<td style=\"width: 26.9977%;\" align=\"right\">Asynchr\u00f3nny motor NEMA 56C<\/td>\n<td style=\"width: 23.2182%;\" align=\"right\">IEC striedav\u00fd motor z nehrdzavej\u00facej ocele<\/td>\n<td style=\"width: 22.6782%;\">Vysoko\u00fa\u010dinn\u00fd motor IEC, cel\u00fd z nehrdzavej\u00facej ocele<\/td>\n<\/tr>\n<tr>\n<td style=\"width: 26.8899%;\" align=\"right\" width=\"64\" height=\"18\"><img loading=\"lazy\" decoding=\"async\" class=\"alignnone size-full wp-image-3515\" src=\"https:\/\/fmp-components.com\/wp-content\/uploads\/2025\/01\/ep_stainless-steel-motor-2.webp\" sizes=\"(max-width: 379px) 100vw, 379px\" srcset=\"https:\/\/fmp-components.com\/wp-content\/uploads\/2025\/01\/ep_stainless-steel-motor-2.webp 379w, https:\/\/fmp-components.com\/wp-content\/uploads\/2025\/01\/ep_stainless-steel-motor-2-300x200.webp 300w, https:\/\/fmp-components.com\/wp-content\/uploads\/2025\/01\/ep_stainless-steel-motor-2-18x12.webp 18w\" alt=\"motor z nehrdzavej\u00facej ocele\" width=\"379\" height=\"253\" title=\"\"><\/td>\n<td style=\"width: 26.9977%;\" align=\"right\" width=\"64\"><img loading=\"lazy\" decoding=\"async\" class=\"alignnone size-full wp-image-3516\" src=\"https:\/\/fmp-components.com\/wp-content\/uploads\/2025\/01\/ep_stainless-steel-motor-8.webp\" sizes=\"(max-width: 379px) 100vw, 379px\" srcset=\"https:\/\/fmp-components.com\/wp-content\/uploads\/2025\/01\/ep_stainless-steel-motor-8.webp 379w, https:\/\/fmp-components.com\/wp-content\/uploads\/2025\/01\/ep_stainless-steel-motor-8-300x200.webp 300w, https:\/\/fmp-components.com\/wp-content\/uploads\/2025\/01\/ep_stainless-steel-motor-8-18x12.webp 18w\" alt=\"motor z nehrdzavej\u00facej ocele\" width=\"379\" height=\"253\" title=\"\"><\/td>\n<td style=\"width: 23.2182%;\" align=\"right\" width=\"64\"><img loading=\"lazy\" decoding=\"async\" class=\"alignnone size-full wp-image-3517\" src=\"https:\/\/fmp-components.com\/wp-content\/uploads\/2025\/01\/ep_stainless-steel-motor-7.webp\" sizes=\"(max-width: 379px) 100vw, 379px\" srcset=\"https:\/\/fmp-components.com\/wp-content\/uploads\/2025\/01\/ep_stainless-steel-motor-7.webp 379w, https:\/\/fmp-components.com\/wp-content\/uploads\/2025\/01\/ep_stainless-steel-motor-7-300x200.webp 300w, https:\/\/fmp-components.com\/wp-content\/uploads\/2025\/01\/ep_stainless-steel-motor-7-18x12.webp 18w\" alt=\"motor z nehrdzavej\u00facej ocele\" width=\"379\" height=\"253\" title=\"\"><\/td>\n<td style=\"width: 22.6782%;\" align=\"right\" width=\"64\"><\/td>\n<\/tr>\n<tr>\n<td style=\"width: 26.8899%;\" align=\"right\" height=\"18\">Motor zariadenia na depil\u00e1ciu kur\u010diat a ka\u010d\u00edc<\/td>\n<td style=\"width: 26.9977%;\" align=\"right\">Motor z nehrdzavej\u00facej ocele NEMA potravin\u00e1rskej kvality<\/td>\n<td style=\"width: 23.2182%;\" align=\"right\">Motor z nehrdzavej\u00facej ocele IEC potravin\u00e1rskej kvality<\/td>\n<td style=\"width: 22.6782%;\" align=\"right\"><\/td>\n<\/tr>\n<\/tbody>\n<\/table>\n<h2>O FMP<\/h2>\n<p>FMP je n\u00e1rodn\u00fd high-tech podnik \u0161pecializuj\u00faci sa na n\u00e1vrh, v\u00fdvoj a v\u00fdrobu pokro\u010dil\u00fdch motorov a elektromechanick\u00fdch rie\u0161en\u00ed. Zameriavame sa na v\u00fdrobu motorov s\u00e9rie YE2, YE3 a YE4 spolu s radom odvoden\u00fdch produktov. Na\u0161a ponuka produktov zah\u0155\u0148a aj trojf\u00e1zov\u00e9 a jednof\u00e1zov\u00e9 motory pre hydraulick\u00e9 \u010derpadl\u00e1, motory s hlin\u00edkov\u00fdm krytom, ne\u0161tandardn\u00e9 motory pre hydraulick\u00e9 \u010derpadl\u00e1, elektromechanick\u00e9 integrovan\u00e9 turb\u00ednov\u00e9 reduktory a \u010fal\u0161ie \u0161pecializovan\u00e9 motory.<\/p>\n<p>Produkty spolo\u010dnosti FMP sa vo ve\u013ekej miere pou\u017e\u00edvaj\u00fa v priemyselnej automatiz\u00e1cii a sl\u00fa\u017eia k\u013e\u00fa\u010dov\u00fdm odvetviam, ako s\u00fa CNC s\u00fastruhy, obuvn\u00edcke stroje, drevoobr\u00e1bacie stroje, kovoobr\u00e1bacie stroje, stroje na v\u00fdrobu plastov a stavebn\u00e9 stroje. V\u010faka siln\u00e9mu z\u00e1v\u00e4zku k inov\u00e1ci\u00e1m a kvalite spolo\u010dnos\u0165 FMP zabezpe\u010duje, aby v\u0161etky produkty sp\u013a\u0148ali najvy\u0161\u0161ie v\u00fdkonnostn\u00e9 \u0161tandardy.<\/p>\n<p>Okrem n\u00e1\u0161ho komplexn\u00e9ho sortimentu produktov sme hrd\u00ed na to, \u017ee pon\u00fakame aj rie\u0161enia na mieru prisp\u00f4soben\u00e9 \u0161pecifick\u00fdm potreb\u00e1m na\u0161ich klientov. \u010ci u\u017e potrebujete \u0161pecializovan\u00e9 motory, ne\u0161tandardn\u00e9 produkty alebo integrovan\u00e9 syst\u00e9my, spolo\u010dnos\u0165 FMP \u00fazko spolupracuje s klientmi, aby im poskytla vysokokvalitn\u00e9 rie\u0161enia na mieru. Na\u0161e zameranie na presn\u00e9 in\u017einierstvo a spokojnos\u0165 klientov je hnacou silou n\u00e1\u0161ho trval\u00e9ho \u00faspechu na glob\u00e1lnych trhoch.<\/p>\n<p>V spolo\u010dnosti FMP sa venujeme budovaniu dlhodob\u00fdch a vz\u00e1jomne prospe\u0161n\u00fdch partnerstiev a podporujeme \u00faspech na\u0161ich klientov pri ka\u017edom projekte.<\/p>\n<table style=\"width: 100.629%;\" border=\"0\" width=\"128\" cellspacing=\"0\" cellpadding=\"0\">\n<tbody>\n<tr>\n<td style=\"width: 49.2308%;\" align=\"right\" width=\"64\" height=\"18\"><img loading=\"lazy\" decoding=\"async\" class=\"alignnone size-full wp-image-3398\" src=\"https:\/\/fmp-components.com\/wp-content\/uploads\/2025\/01\/Three-Phase-Motor-Factory.webp\" sizes=\"(min-width: 0px) and (max-width: 480px) 480px, (min-width: 481px) 900px, 100vw\" srcset=\"https:\/\/fmp-components.com\/wp-content\/uploads\/2025\/01\/Three-Phase-Motor-Factory.webp 900w, https:\/\/fmp-components.com\/wp-content\/uploads\/2025\/01\/Three-Phase-Motor-Factory-480x320.webp 480w\" alt=\"Tov\u00e1re\u0148 na trojf\u00e1zov\u00e9 motory\" width=\"900\" height=\"600\" title=\"\"><\/td>\n<td style=\"width: 659.231%;\" align=\"right\" width=\"64\"><img loading=\"lazy\" decoding=\"async\" class=\"alignnone size-full wp-image-3399\" src=\"https:\/\/fmp-components.com\/wp-content\/uploads\/2025\/01\/Three-Phase-Motor-Factory-2.webp\" sizes=\"(min-width: 0px) and (max-width: 480px) 480px, (min-width: 481px) 900px, 100vw\" srcset=\"https:\/\/fmp-components.com\/wp-content\/uploads\/2025\/01\/Three-Phase-Motor-Factory-2.webp 900w, https:\/\/fmp-components.com\/wp-content\/uploads\/2025\/01\/Three-Phase-Motor-Factory-2-480x320.webp 480w\" alt=\"Tov\u00e1re\u0148 na trojf\u00e1zov\u00e9 motory 2\" width=\"900\" height=\"600\" title=\"\"><\/td>\n<\/tr>\n<tr>\n<td style=\"width: 49.2308%;\" align=\"right\" height=\"18\"><img loading=\"lazy\" decoding=\"async\" class=\"alignnone size-full wp-image-3400\" src=\"https:\/\/fmp-components.com\/wp-content\/uploads\/2025\/01\/China-Three-Phase-Motor-Factory-1.webp\" sizes=\"(min-width: 0px) and (max-width: 480px) 480px, (min-width: 481px) 900px, 100vw\" srcset=\"https:\/\/fmp-components.com\/wp-content\/uploads\/2025\/01\/China-Three-Phase-Motor-Factory-1.webp 900w, https:\/\/fmp-components.com\/wp-content\/uploads\/2025\/01\/China-Three-Phase-Motor-Factory-1-480x320.webp 480w\" alt=\"Tov\u00e1re\u0148 na trojf\u00e1zov\u00e9 motory 1\" width=\"900\" height=\"600\" title=\"\"><\/td>\n<td style=\"width: 659.231%;\" align=\"right\"><img loading=\"lazy\" decoding=\"async\" class=\"alignnone size-full wp-image-3401\" src=\"https:\/\/fmp-components.com\/wp-content\/uploads\/2025\/01\/Three-Phase-Motor-Factory-3.webp\" sizes=\"(min-width: 0px) and (max-width: 480px) 480px, (min-width: 481px) 900px, 100vw\" srcset=\"https:\/\/fmp-components.com\/wp-content\/uploads\/2025\/01\/Three-Phase-Motor-Factory-3.webp 900w, https:\/\/fmp-components.com\/wp-content\/uploads\/2025\/01\/Three-Phase-Motor-Factory-3-480x320.webp 480w\" alt=\"Tov\u00e1re\u0148 na trojf\u00e1zov\u00e9 motory 3\" width=\"900\" height=\"600\" title=\"\"><\/td>\n<\/tr>\n<tr>\n<td style=\"width: 49.2308%;\"><img loading=\"lazy\" decoding=\"async\" class=\"alignnone size-full wp-image-3471\" src=\"https:\/\/fmp-components.com\/wp-content\/uploads\/2025\/01\/Single-Phase-Induction-Motor-Suppliers.webp\" sizes=\"(min-width: 0px) and (max-width: 480px) 480px, (min-width: 481px) 900px, 100vw\" srcset=\"https:\/\/fmp-components.com\/wp-content\/uploads\/2025\/01\/Single-Phase-Induction-Motor-Suppliers.webp 900w, https:\/\/fmp-components.com\/wp-content\/uploads\/2025\/01\/Single-Phase-Induction-Motor-Suppliers-480x320.webp 480w\" alt=\"Dod\u00e1vatelia jednof\u00e1zov\u00fdch induk\u010dn\u00fdch motorov\" width=\"900\" height=\"600\" title=\"\"><\/td>\n<td style=\"width: 659.231%;\"><img loading=\"lazy\" decoding=\"async\" class=\"alignnone size-full wp-image-3470\" src=\"https:\/\/fmp-components.com\/wp-content\/uploads\/2025\/01\/Single-Phase-Induction-Motor-Manufacturers-1.webp\" sizes=\"(min-width: 0px) and (max-width: 480px) 480px, (min-width: 481px) 900px, 100vw\" srcset=\"https:\/\/fmp-components.com\/wp-content\/uploads\/2025\/01\/Single-Phase-Induction-Motor-Manufacturers-1.webp 900w, https:\/\/fmp-components.com\/wp-content\/uploads\/2025\/01\/Single-Phase-Induction-Motor-Manufacturers-1-480x320.webp 480w\" alt=\"V\u00fdrobcovia jednof\u00e1zov\u00fdch induk\u010dn\u00fdch motorov 1\" width=\"900\" height=\"600\" title=\"\"><\/td>\n<\/tr>\n<tr>\n<td style=\"width: 49.2308%;\"><img loading=\"lazy\" decoding=\"async\" class=\"alignnone size-full wp-image-3472\" src=\"https:\/\/fmp-components.com\/wp-content\/uploads\/2025\/01\/Single-Phase-Induction-Motor-Manufacturers.webp\" sizes=\"(min-width: 0px) and (max-width: 480px) 480px, (min-width: 481px) 900px, 100vw\" srcset=\"https:\/\/fmp-components.com\/wp-content\/uploads\/2025\/01\/Single-Phase-Induction-Motor-Manufacturers.webp 900w, https:\/\/fmp-components.com\/wp-content\/uploads\/2025\/01\/Single-Phase-Induction-Motor-Manufacturers-480x320.webp 480w\" alt=\"V\u00fdrobcovia jednof\u00e1zov\u00fdch induk\u010dn\u00fdch motorov\" width=\"900\" height=\"600\" title=\"\"><\/td>\n<td style=\"width: 659.231%;\"><img loading=\"lazy\" decoding=\"async\" class=\"alignnone size-full wp-image-3473\" src=\"https:\/\/fmp-components.com\/wp-content\/uploads\/2025\/01\/Single-Phase-Induction-Motor-for-Sale.webp\" sizes=\"(min-width: 0px) and (max-width: 480px) 480px, (min-width: 481px) 900px, 100vw\" srcset=\"https:\/\/fmp-components.com\/wp-content\/uploads\/2025\/01\/Single-Phase-Induction-Motor-for-Sale.webp 900w, https:\/\/fmp-components.com\/wp-content\/uploads\/2025\/01\/Single-Phase-Induction-Motor-for-Sale-480x320.webp 480w\" alt=\"Jednof\u00e1zov\u00fd induk\u010dn\u00fd motor na predaj\" width=\"900\" height=\"600\" title=\"\"><\/td>\n<\/tr>\n<\/tbody>\n<\/table>\n<p>Autor: CX<\/p>\n<p>&nbsp;<\/p>","protected":false},"excerpt":{"rendered":"<p>Frame Type Poles A A\/2 B C D E F G H K P Shaft Hole AB AC AD 63 2, 4 100 50 80 40 11 23 23 8.5 63 7 114 M4 125 114 117 71 2,4,6 112 56 90 45 14 30 30 11 71 7 134 M5 140 134 129 80 [&hellip;]<\/p>","protected":false},"featured_media":3559,"comment_status":"open","ping_status":"closed","template":"","meta":{"_et_pb_use_builder":"","_et_pb_old_content":"","_et_gb_content_width":""},"product_brand":[],"product_cat":[88],"product_tag":[],"class_list":{"0":"post-3558","1":"product","2":"type-product","3":"status-publish","4":"has-post-thumbnail","6":"product_cat-stainless-steel-motors","8":"first","9":"instock","10":"shipping-taxable","11":"product-type-simple"},"_links":{"self":[{"href":"https:\/\/fmp-components.com\/sk\/wp-json\/wp\/v2\/product\/3558","targetHints":{"allow":["GET"]}}],"collection":[{"href":"https:\/\/fmp-components.com\/sk\/wp-json\/wp\/v2\/product"}],"about":[{"href":"https:\/\/fmp-components.com\/sk\/wp-json\/wp\/v2\/types\/product"}],"replies":[{"embeddable":true,"href":"https:\/\/fmp-components.com\/sk\/wp-json\/wp\/v2\/comments?post=3558"}],"wp:featuredmedia":[{"embeddable":true,"href":"https:\/\/fmp-components.com\/sk\/wp-json\/wp\/v2\/media\/3559"}],"wp:attachment":[{"href":"https:\/\/fmp-components.com\/sk\/wp-json\/wp\/v2\/media?parent=3558"}],"wp:term":[{"taxonomy":"product_brand","embeddable":true,"href":"https:\/\/fmp-components.com\/sk\/wp-json\/wp\/v2\/product_brand?post=3558"},{"taxonomy":"product_cat","embeddable":true,"href":"https:\/\/fmp-components.com\/sk\/wp-json\/wp\/v2\/product_cat?post=3558"},{"taxonomy":"product_tag","embeddable":true,"href":"https:\/\/fmp-components.com\/sk\/wp-json\/wp\/v2\/product_tag?post=3558"}],"curies":[{"name":"pracovn\u00fd list","href":"https:\/\/api.w.org\/{rel}","templated":true}]}}