{"id":355,"date":"2024-12-09T08:16:31","date_gmt":"2024-12-09T08:16:31","guid":{"rendered":"https:\/\/fmp-components.com\/?page_id=8"},"modified":"2024-12-09T08:21:04","modified_gmt":"2024-12-09T08:21:04","slug":"boom-aerial-work-vehicle-upper-arm-hydraulic-cylinder","status":"publish","type":"product","link":"https:\/\/fmp-components.com\/sk\/product\/boom-aerial-work-vehicle-upper-arm-hydraulic-cylinder\/","title":{"rendered":"Hydraulick\u00fd valec horn\u00e9ho ramena v\u00fdlo\u017en\u00edka pre plo\u0161inov\u00e9 pracovn\u00e9 vozidl\u00e1"},"content":{"rendered":"<p style=\"text-align: center;\"><span style=\"font-size: 18pt;\">Hydraulick\u00fd valec horn\u00e9ho ramena v\u00fdlo\u017en\u00edka pre plo\u0161inov\u00e9 pracovn\u00e9 vozidl\u00e1<\/span><\/p>\n<p>Hydraulick\u00fd valec horn\u00e9ho ramena v\u00fdlo\u017en\u00edka pre plo\u0161iny na zdv\u00edhanie v\u00fdlo\u017en\u00edka je z\u00e1kladn\u00fdm komponentom navrhnut\u00fdm pre optim\u00e1lny v\u00fdkon plo\u0161in na zdv\u00edhac\u00edch plo\u0161in\u00e1ch. Tento hydraulick\u00fd valec, navrhnut\u00fd tak, aby poskytoval robustn\u00fa zdv\u00edhaciu silu, podopiera horn\u00e9 rameno v\u00fdlo\u017en\u00edka a umo\u017e\u0148uje presn\u00fa vertik\u00e1lnu a horizont\u00e1lnu man\u00e9vrovate\u013enos\u0165 v r\u00f4znych aplik\u00e1ci\u00e1ch vr\u00e1tane \u00fadr\u017eby, stavebn\u00fdch a in\u0161pek\u010dn\u00fdch \u00faloh.<\/p>\n<h4>K\u013e\u00fa\u010dov\u00e9 vlastnosti:<\/h4>\n<ul>\n<li>Vysokopevnostn\u00e1 kon\u0161trukcia: Valec je vyroben\u00fd z odoln\u00fdch materi\u00e1lov a je skon\u0161truovan\u00fd tak, aby odolal \u0165a\u017ek\u00fdm za\u0165a\u017eeniam a n\u00e1ro\u010dn\u00fdm pracovn\u00fdm podmienkam, \u010d\u00edm zais\u0165uje dlh\u00fa \u017eivotnos\u0165 a spo\u013eahlivos\u0165.<\/li>\n<li>Plynul\u00fd hydraulick\u00fd chod: Pokro\u010dil\u00fd hydraulick\u00fd syst\u00e9m umo\u017e\u0148uje plynul\u00fd pohyb, \u010do obsluhe umo\u017e\u0148uje jednoducho a presne ovl\u00e1da\u0165 polohu ramena.<\/li>\n<li>Bezpe\u010dnostn\u00e9 mechanizmy: Vybaven\u00e9 bezpe\u010dnostn\u00fdmi prvkami, ktor\u00e9 zabra\u0148uj\u00fa nadmern\u00e9mu natiahnutiu a zais\u0165uj\u00fa stabilitu po\u010das prev\u00e1dzky, \u010d\u00edm sa zvy\u0161uje celkov\u00e1 bezpe\u010dnos\u0165 obsluhy a pozemn\u00e9ho person\u00e1lu.<\/li>\n<li>V\u0161estrann\u00e9 vyu\u017eitie: Ide\u00e1lne pre r\u00f4zne odvetvia, ako je stavebn\u00edctvo, \u00fadr\u017eba a verejn\u00e9 slu\u017eby, v\u010faka \u010domu je vhodn\u00e9 pre \u00falohy, ktor\u00e9 vy\u017eaduj\u00fa v\u00fd\u0161ku a pr\u00edstupnos\u0165.<\/li>\n<li>Jednoduch\u00e1 in\u0161tal\u00e1cia: Navrhnut\u00e9 pre jednoduch\u00fa integr\u00e1ciu do existuj\u00facich syst\u00e9mov zdv\u00edhac\u00edch plo\u0161in, minimalizuje prestoje a umo\u017e\u0148uje r\u00fdchle nasadenie.<\/li>\n<\/ul>\n<h4>V\u00fdhody:<\/h4>\n<ul>\n<li>Zv\u00fd\u0161en\u00e1 produktivita: Efekt\u00edvne zdv\u00edhacie a polohovacie schopnosti umo\u017e\u0148uj\u00fa r\u00fdchlej\u0161ie dokon\u010denie \u00faloh vo vzduchu a zlep\u0161uj\u00fa celkov\u00fd pracovn\u00fd postup.<\/li>\n<li>Pohodlie obsluhy: V\u010faka intuit\u00edvnym ovl\u00e1dac\u00edm prvkom a spo\u013eahliv\u00e9mu v\u00fdkonu m\u00f4\u017eu obsluhy s istotou pracova\u0165 vo v\u00fd\u0161kach, \u010d\u00edm sa zni\u017euje \u00fanava a zvy\u0161uje spokojnos\u0165 s pr\u00e1cou.<\/li>\n<li>Cenovo v\u00fdhodn\u00e9 rie\u0161enie: Trvanlivos\u0165 a \u00fa\u010dinnos\u0165 hydraulick\u00e9ho valca zni\u017euje n\u00e1klady na \u00fadr\u017ebu a prestoje, \u010d\u00edm poskytuje spo\u013eahliv\u00fa invest\u00edciu pre ak\u00fdko\u013evek vozov\u00fd park vysokozdvi\u017en\u00fdch vozidiel.<\/li>\n<\/ul>\n<p>Hydraulick\u00fd valec horn\u00e9ho ramena plo\u0161iny pre pracovn\u00e9 plo\u0161iny je d\u00f4le\u017eit\u00fdm prvkom, ktor\u00fd zvy\u0161uje funk\u010dnos\u0165, bezpe\u010dnos\u0165 a \u00fa\u010dinnos\u0165 pracovn\u00fdch plo\u0161\u00edn, v\u010faka \u010domu je nepostr\u00e1date\u013en\u00fdm n\u00e1strojom v modern\u00fdch stavebn\u00fdch a \u00fadr\u017eb\u00e1rskych prev\u00e1dzkach.<\/p>\n<p><img loading=\"lazy\" decoding=\"async\" class=\"size-full wp-image-356 aligncenter\" src=\"https:\/\/fmp-components.com\/wp-content\/uploads\/2024\/12\/Boom-Aerial-Work-Vehicle-Upper-Arm-Hydraulic-Cylinder.webp\" alt=\"Hydraulick\u00fd valec horn\u00e9ho ramena v\u00fdlo\u017en\u00edka pre plo\u0161inov\u00e9 pracovn\u00e9 vozidl\u00e1\" width=\"500\" height=\"500\" title=\"\" srcset=\"https:\/\/fmp-components.com\/wp-content\/uploads\/2024\/12\/Boom-Aerial-Work-Vehicle-Upper-Arm-Hydraulic-Cylinder.webp 500w, https:\/\/fmp-components.com\/wp-content\/uploads\/2024\/12\/Boom-Aerial-Work-Vehicle-Upper-Arm-Hydraulic-Cylinder-480x480.webp 480w\" sizes=\"(min-width: 0px) and (max-width: 480px) 480px, (min-width: 481px) 500px, 100vw\" \/><\/p>\n<h2>Rozmery hydraulick\u00e9ho valca horn\u00e9ho ramena v\u00fdlo\u017en\u00edka pre plo\u0161inov\u00e9 pracovn\u00e9 vozidl\u00e1:<\/h2>\n<table>\n<tbody>\n<tr>\n<td><img loading=\"lazy\" decoding=\"async\" class=\"size-large wp-image-316684 aligncenter\" src=\"https:\/\/hzpt.com\/wp-content\/uploads\/2023\/08\/Boom-Aerial-Work-Vehicle-Upper-Arm-Hydraulic-Cylinder-Dimensions-1-1024x379.webp\" sizes=\"(min-width: 0px) and (max-width: 480px) 480px, (min-width: 481px) and (max-width: 980px) 980px, (min-width: 981px) 1024px, 100vw\" srcset=\"https:\/\/images.hzpt.com\/2023\/08\/4xWURgNT-Boom-Aerial-Work-Vehicle-Upper-Arm-Hydraulic-Cylinder-Dimensions-1-980x363.webp 980w, https:\/\/images.hzpt.com\/2023\/08\/4xWURgNT-Boom-Aerial-Work-Vehicle-Upper-Arm-Hydraulic-Cylinder-Dimensions-1-480x178.webp 480w\" alt=\"Rozmery hydraulick\u00e9ho valca horn\u00e9ho ramena v\u00fdlo\u017en\u00edka pre plo\u0161inov\u00e9 pracovn\u00e9 vozidl\u00e1\" width=\"1024\" height=\"379\" title=\"\"><\/td>\n<td><img loading=\"lazy\" decoding=\"async\" class=\"size-large wp-image-316685 aligncenter\" src=\"https:\/\/hzpt.com\/wp-content\/uploads\/2023\/08\/Boom-Aerial-Work-Vehicle-Upper-Arm-Hydraulic-Cylinder-Dimensions-2-1024x379.webp\" sizes=\"(min-width: 0px) and (max-width: 480px) 480px, (min-width: 481px) and (max-width: 980px) 980px, (min-width: 981px) 1024px, 100vw\" srcset=\"https:\/\/images.hzpt.com\/2023\/08\/WaGgW14R-Boom-Aerial-Work-Vehicle-Upper-Arm-Hydraulic-Cylinder-Dimensions-2-980x363.webp 980w, https:\/\/images.hzpt.com\/2023\/08\/WaGgW14R-Boom-Aerial-Work-Vehicle-Upper-Arm-Hydraulic-Cylinder-Dimensions-2-480x178.webp 480w\" alt=\"Rozmery hydraulick\u00e9ho valca horn\u00e9ho ramena v\u00fdlo\u017en\u00edka pre plo\u0161inov\u00e9 pracovn\u00e9 vozidl\u00e1\" width=\"1024\" height=\"379\" title=\"\"><\/td>\n<\/tr>\n<\/tbody>\n<\/table>\n<table border=\"1\" cellspacing=\"0\" cellpadding=\"0\">\n<tbody>\n<tr>\n<td width=\"246\">N\u00e1zov valca<\/td>\n<td width=\"336\">\u010c\u00edslo v\u00fdkresu<\/td>\n<td width=\"126\">Priemer otvoru (D)<\/td>\n<td width=\"123\">Priemer ty\u010de (d)<\/td>\n<td width=\"114\">Zdvih (S)<\/td>\n<td width=\"170\">In\u0161tala\u010dn\u00e1 vzdialenos\u0165 (L)<\/td>\n<td width=\"172\">Pracovn\u00fd tlak<\/td>\n<td width=\"366\">Rozmery rozhrania (M)<\/td>\n<td width=\"96\">Hmotnos\u0165<\/td>\n<\/tr>\n<tr>\n<td class=\"et3\" width=\"246\" height=\"190\">Valec horn\u00e9ho ramena<\/td>\n<td class=\"et4\" width=\"336\">GTHZ210C-620500-000<\/td>\n<td class=\"et4\" width=\"126\">\u03a6110<\/td>\n<td class=\"et4\" width=\"123\">\u03a675<\/td>\n<td class=\"et4\" width=\"114\">815<\/td>\n<td class=\"et4\" width=\"170\">1433<\/td>\n<td class=\"et4\" width=\"172\">23 MPa<\/td>\n<td class=\"et4\" width=\"366\">2-\u03a69<\/td>\n<td class=\"et4\" width=\"96\">100 kg<\/td>\n<\/tr>\n<\/tbody>\n<\/table>\n<h2>Dostupn\u00e9 zna\u010dky a modely hydraulick\u00fdch valcov:<\/h2>\n<table border=\"1\" cellspacing=\"0\" cellpadding=\"0\">\n<tbody>\n<tr>\n<td><b data-spm-anchor-id=\"a2700.details.0.i43.45d84a73e99C9z\">KOMATSU (PC)<\/b><\/td>\n<td>PC30, PC40, PC50, PC56, PC60, PC78, PC100, PC110, PC120, PC130, PC160, PC200-3\/5\/6\/7\/8\/8MO, PC210, PC220-5\/6\/7\/8\/8MO, PC240, PC300\/350\/360-5\/6\/7\/8\/8MO, PC400\/450-5\/6\/7\/8\/8MO, PC800, PC850<\/td>\n<\/tr>\n<tr>\n<td><b>CATERPILLAR (E)<\/b><\/td>\n<td>E301.5, E302, E305.5, E306, E307V1\/V2\/B\/C\/D\/E\/F, E308B\/C, E120B, E312V1\/V2\/B\/C\/D, E313D2, E312D2, E315D<br \/>\nE200B,E320V1\/V2\/A\/B\/C\/D,E324D,E325C\/D,E329D,E330\/336C\/D,E345C,E349D,E365C,E374,E390<\/td>\n<\/tr>\n<tr>\n<td><b>KOBELCO (SK)<\/b><\/td>\n<td>SK60-3\/5\/8,SK75-8\/SR, SK100 ,SK120-3\/5, SK135-8\/SR, SK140-8, SK200-3\/5\/6\/6E, SK210-3\/5\/6\/6E,<br \/>\nSK230\/250-6E,SK250-8,SK260-8,SK350-8\/S8,SK460\/480-8<\/td>\n<\/tr>\n<tr>\n<td><b>HYUNDAI (R)<\/b><\/td>\n<td>R55-5\/7, R60-5\/7, R80, R110, R130, R200-5, R210-5, R215-5\/7, R220-5\/7\/9, R225-5\/7\/9, R250, R260, R265, R290, R305, R445, R485, R505<\/td>\n<\/tr>\n<tr>\n<td><b data-spm-anchor-id=\"a2700.details.0.i53.45d84a73e99C9z\">HITACHI (napr. ZX)<\/b><\/td>\n<td>EX60, EX100-1\/2\/3, EX120-1\/3\/5\/6, EX200-1\/3\/5, EX230-5, EX300-1, EX400<br \/>\nZAX60,ZAX70,ZA120-6,ZAX200\/210-1\/3\/5\/5K,ZAX240,ZAX250,ZAX260,ZAX330-3\/5\/6,ZAX450\/470,ZAX650\/670,ZAX850\/870<\/td>\n<\/tr>\n<tr>\n<td>\n<div class=\"magic-32\"><b data-spm-anchor-id=\"a2700.details.0.i55.45d84a73e99C9z\">DOOSAN (DH\/DX)<\/b><\/div>\n<\/td>\n<td>\n<div class=\"magic-33\"><span class=\"magic-34\">DH55, DH60, DH80,DH150, DH215-5\/7,DH220-5,DH225-5\/7,DH258,DH300-5\/7, DH370,DH420,DH500<br \/>\nDX55, DX60, DX75, DX130, DX225-9, DX300, DX380, DX420, DX500<\/span><\/div>\n<\/td>\n<\/tr>\n<tr>\n<td>\n<div class=\"magic-32\"><b>VOLVO (ES)<\/b><\/div>\n<\/td>\n<td>\n<div class=\"magic-33\"><span class=\"magic-34\">EC55, EC60, EC75, EC80, EC140, EC210B\/D, EC220D, EC240, EC250, EC290, EC300, EC360, EC380, EC460, EC480, EC700, EC750, EC950<\/span><\/div>\n<\/td>\n<\/tr>\n<tr>\n<td>\n<div class=\"magic-32\"><b>KATO (HD)<\/b><\/div>\n<\/td>\n<td>\n<div class=\"magic-33\"><span class=\"magic-34\">HD307\/308, HD450, HD512, HD700-5\/7, HD820-1\/2\/3\/5\/R, HD1023-1\/3, HD1430-1\/3<\/span><\/div>\n<\/td>\n<\/tr>\n<tr>\n<td>\n<div class=\"magic-32\"><b>IN\u00c1 ZNA\u010cKA<\/b><\/div>\n<\/td>\n<td>\n<div class=\"magic-33\"><span class=\"magic-34\">XCMG,LIUGONG,KUBOTA,CASE,YANMAR,SUNWARD,ZOOMLION,LISHIDE,LIEHERR<\/span><\/div>\n<\/td>\n<\/tr>\n<\/tbody>\n<\/table>\n<h3>Pou\u017eitie hydraulick\u00e9ho valca horn\u00e9ho ramena v\u00fdlo\u017en\u00edka pre pracovn\u00e9 vozidl\u00e1<\/h3>\n<p>Hydraulick\u00fd valec horn\u00e9ho ramena v\u00fdlo\u017en\u00edka pre plo\u0161iny je k\u013e\u00fa\u010dov\u00fdm komponentom pou\u017e\u00edvan\u00fdm v r\u00f4znych aplik\u00e1ci\u00e1ch v mnoh\u00fdch odvetviach. Jeho prim\u00e1rnou funkciou je zabezpe\u010di\u0165 potrebn\u00fa zdv\u00edhaciu silu a ovl\u00e1danie pre plo\u0161iny. Tu je nieko\u013eko k\u013e\u00fa\u010dov\u00fdch aplik\u00e1ci\u00ed:<\/p>\n<h3>1. V\u00fdstavba<\/h3>\n<p>V stavebn\u00fdch projektoch umo\u017e\u0148uje tento hydraulick\u00fd valec pracovn\u00edkom bezpe\u010dn\u00fd pr\u00edstup do vyv\u00fd\u0161en\u00fdch priestorov. Be\u017ene sa pou\u017e\u00edva na \u00falohy ako:<\/p>\n<ul>\n<li>In\u0161tal\u00e1cia kon\u0161truk\u010dn\u00fdch prvkov<\/li>\n<li>Vykon\u00e1vanie opr\u00e1v striech<\/li>\n<li>Vykon\u00e1vanie pr\u00e1c na v\u00fd\u0161kov\u00fdch stavb\u00e1ch<\/li>\n<\/ul>\n<h3>2. \u00dadr\u017eba a opravy<\/h3>\n<p>Hydraulick\u00fd valec horn\u00e9ho ramena je nevyhnutn\u00fd pre \u00fadr\u017eb\u00e1rske \u00falohy v komer\u010dnom aj priemyselnom prostred\u00ed. Umo\u017e\u0148uje technikom:<\/p>\n<ul>\n<li>Vykon\u00e1va\u0165 pravideln\u00e9 kontroly a opravy budov a zariaden\u00ed<\/li>\n<li>V\u00fdmena \u017eiaroviek alebo svietidiel vo vysok\u00fdch stropoch<\/li>\n<li>Servis syst\u00e9mov HVAC umiestnen\u00fdch vo zv\u00fd\u0161en\u00fdch v\u00fd\u0161kach<\/li>\n<\/ul>\n<h3>3. In\u017einierske siete a elektrick\u00e9 pr\u00e1ce<\/h3>\n<p>\u00da\u017eitkov\u00e9 spolo\u010dnosti pou\u017e\u00edvaj\u00fa vzdu\u0161n\u00e9 pracovn\u00e9 vozidl\u00e1 vybaven\u00e9 t\u00fdmito hydraulick\u00fdmi valcami na vykon\u00e1vanie kritick\u00fdch \u00faloh vr\u00e1tane:<\/p>\n<ul>\n<li>In\u0161tal\u00e1cia a \u00fadr\u017eba elektrick\u00e9ho vedenia a pouli\u010dn\u00e9ho osvetlenia<\/li>\n<li>Orez\u00e1vanie stromov v bl\u00edzkosti elektrick\u00e9ho vedenia<\/li>\n<li>Havarijn\u00e9 opravy po\u010das v\u00fdpadkov<\/li>\n<\/ul>\n<h3>4. Ma\u013eovanie a kone\u010dn\u00e1 \u00faprava<\/h3>\n<p>V maliarskom priemysle umo\u017e\u0148uje tento hydraulick\u00fd valec efekt\u00edvny pr\u00edstup k vysok\u00fdm sten\u00e1m a stropom, \u010d\u00edm u\u013eah\u010duje:<\/p>\n<ul>\n<li>Vonkaj\u0161ie a vn\u00fatorn\u00e9 ma\u013eovanie budov<\/li>\n<li>Aplik\u00e1cia povrchov\u00fdch \u00faprav na kon\u0161trukcie, ktor\u00e9 s\u00fa inak \u0165a\u017eko dostupn\u00e9<\/li>\n<\/ul>\n<h3>5. Filmov\u00e1 a telev\u00edzna produkcia<\/h3>\n<p>V z\u00e1bavnom priemysle sa pracovn\u00e9 plo\u0161iny s hydraulick\u00fdmi valcami horn\u00e9ho ramena pou\u017e\u00edvaj\u00fa na:<\/p>\n<ul>\n<li>Nat\u00e1\u010danie z vyv\u00fd\u0161en\u00fdch uhlov<\/li>\n<li>Nastavenie osvetlenia a vybavenia pre vonkaj\u0161ie fotenie<\/li>\n<\/ul>\n<h3>6. Nastavenie udalosti<\/h3>\n<p>Pri ve\u013ek\u00fdch podujatiach a koncertoch tieto hydraulick\u00e9 valce pom\u00e1haj\u00fa pri:<\/p>\n<ul>\n<li>Mont\u00e1\u017e p\u00f3di\u00ed a osvet\u013eovac\u00edch zariaden\u00ed<\/li>\n<li>In\u0161tal\u00e1cia bannerov a zna\u010denia vo v\u00fd\u0161kach<\/li>\n<\/ul>\n<h3>7. Sklad a logistika<\/h3>\n<p>V skladoch hydraulick\u00fd valec pom\u00e1ha pri:<\/p>\n<ul>\n<li>Pr\u00edstup k vysok\u00fdm skladovac\u00edm reg\u00e1lom pre spr\u00e1vu z\u00e1sob<\/li>\n<li>U\u013eah\u010denie \u00fadr\u017eby nadzemn\u00fdch syst\u00e9mov<\/li>\n<\/ul>\n<p>Hydraulick\u00fd valec horn\u00e9ho ramena v\u00fdlo\u017en\u00edka pre plo\u0161inov\u00e9 pracovn\u00e9 vozidl\u00e1 je v\u0161estrann\u00fd a d\u00f4le\u017eit\u00fd v mnoh\u00fdch aplik\u00e1ci\u00e1ch. Jeho schopnos\u0165 zabezpe\u010di\u0165 kontrolovan\u00e9 a siln\u00e9 zdv\u00edhanie ho rob\u00ed nevyhnutn\u00fdm pre \u00falohy vy\u017eaduj\u00face zdvih a pr\u00edstup, \u010d\u00edm zvy\u0161uje bezpe\u010dnos\u0165 a efektivitu v r\u00f4znych odvetviach.<\/p>\n<table style=\"width: 99.9612%; height: 437px;\" width=\"290\">\n<tbody>\n<tr style=\"height: 437px;\">\n<td style=\"width: 51.7046%; height: 437px;\" width=\"226\"><img loading=\"lazy\" decoding=\"async\" class=\"alignnone wp-image-357\" src=\"https:\/\/fmp-components.com\/wp-content\/uploads\/2024\/12\/Boom-Aerial-Work-Vehicle-Upper-Arm-Hydraulic-Cylinder-Uses-1.webp\" alt=\"Pou\u017eitie hydraulick\u00e9ho valca hornej \u010dasti ramena v\u00fdlo\u017en\u00edka pre pracovn\u00e9 vozidl\u00e1\" width=\"430\" height=\"430\" title=\"\"><\/td>\n<td style=\"width: 98.3102%; height: 437px;\" width=\"64\"><img loading=\"lazy\" decoding=\"async\" class=\"alignnone wp-image-358\" src=\"https:\/\/fmp-components.com\/wp-content\/uploads\/2024\/12\/Boom-Aerial-Work-Vehicle-Upper-Arm-Hydraulic-Cylinder-Uses-2.webp\" alt=\"Pou\u017eitie hydraulick\u00e9ho valca hornej \u010dasti ramena v\u00fdlo\u017en\u00edka pre zdv\u00edhacie stroje 2\" width=\"447\" height=\"447\" title=\"\"><\/td>\n<\/tr>\n<\/tbody>\n<\/table>\n<h2>O FMP<\/h2>\n<p>Spolo\u010dnos\u0165 FMP je \u0161pecializovan\u00fd v\u00fdrobca hydraulick\u00fdch valcov, zn\u00e1my svojim siln\u00fdm d\u00f4razom na v\u00fdskum a excelentnos\u0165 vo v\u00fdrobe. Od svojho vzniku sa spolo\u010dnos\u0165 venuje neust\u00e1lemu v\u00fdvoju technol\u00f3gie hydraulick\u00fdch valcov. Spo\u010diatku spolo\u010dnos\u0165 FMP vyr\u00e1bala \u0161irok\u00fa \u0161k\u00e1lu produktov pre zberov\u00e9 a stavebn\u00e9 stroje; odvtedy sa v\u0161ak zameriava najm\u00e4 na komponenty pre po\u013enohospod\u00e1rske traktory.<\/p>\n<p>Spolo\u010dnos\u0165 FMP s viac ako desa\u0165ro\u010dn\u00fdmi sk\u00fasenos\u0165ami vo v\u00fdrobe kombinuje rozsiahle mana\u017e\u00e9rske sk\u00fasenosti s pokro\u010dil\u00fdmi v\u00fdrobn\u00fdmi technol\u00f3giami, aby zabezpe\u010dila najvy\u0161\u0161ie \u0161tandardy kvality svojich produktov. Spolo\u010dnos\u0165 vybudovala komplexn\u00fa obr\u00e1baciu v\u00fdrobn\u00fa linku, mont\u00e1\u017enu linku a linku na lakovanie, \u010do jej umo\u017e\u0148uje poskytova\u0165 spo\u013eahliv\u00e9 a efekt\u00edvne v\u00fdrobn\u00e9 procesy.<\/p>\n<p>Rast spolo\u010dnosti FMP podporuje \u0161pecializovan\u00fd t\u00edm zlo\u017een\u00fd zo sk\u00fasen\u00fdch mana\u017e\u00e9rov, kvalifikovan\u00fdch strojn\u00fdch kon\u0161trukt\u00e9rov a vysokokvalifikovan\u00fdch technikov. Tento kolaborat\u00edvny pr\u00edstup zabezpe\u010duje konzistentn\u00fa kvalitu v\u00fdrobkov a efekt\u00edvne riadi kontinuitu procesov, \u010d\u00edm zvy\u0161uje celkov\u00fa efektivitu v\u00fdroby.<\/p>\n<p>Jadrom filozofie spolo\u010dnosti FMP s\u00fa hodnoty \u201eTechnologick\u00e1 inov\u00e1cia poh\u00e1\u0148aj\u00faca pokrok\u201c, \u201eKvalita vytv\u00e1raj\u00faca zna\u010dky\u201c, \u201eRemeseln\u00e9 spracovanie zabezpe\u010duj\u00face kvalitu\u201c a \u201eBudovanie dlhodob\u00fdch obojstranne v\u00fdhodn\u00fdch vz\u0165ahov\u201c. Spolo\u010dnos\u0165 sa zaviazala poskytova\u0165 vysokokvalitn\u00e9 produkty a z\u00e1rove\u0148 poskytova\u0165 v\u00fdnimo\u010dn\u00fd z\u00e1kazn\u00edcky servis. FMP sa neust\u00e1le sna\u017e\u00ed prisp\u00f4sobova\u0165 meniacim sa potreb\u00e1m trhu a prezentuje sa ako d\u00f4veryhodn\u00fd partner v odvetv\u00ed po\u013enohospod\u00e1rskych strojov. Prostredn\u00edctvom svojho z\u00e1v\u00e4zku k inov\u00e1ci\u00e1m a kvalite sa FMP sna\u017e\u00ed v\u00fdznamne prispie\u0165 k pokroku v hydraulickej technol\u00f3gii v po\u013enohospod\u00e1rskom sektore.<\/p>\n<p><img loading=\"lazy\" decoding=\"async\" class=\"alignnone wp-image-359\" src=\"https:\/\/fmp-components.com\/wp-content\/uploads\/2024\/12\/fmp-factory-3.webp\" alt=\"fmp-factory\" width=\"914\" height=\"612\" title=\"\" srcset=\"https:\/\/fmp-components.com\/wp-content\/uploads\/2024\/12\/fmp-factory-3.webp 914w, https:\/\/fmp-components.com\/wp-content\/uploads\/2024\/12\/fmp-factory-3-480x321.webp 480w\" sizes=\"(min-width: 0px) and (max-width: 480px) 480px, (min-width: 481px) 914px, 100vw\" \/><\/p>\n<p>Autor\uff1a CX<\/p>","protected":false},"excerpt":{"rendered":"<p>Hydraulick\u00fd valec horn\u00e9ho ramena v\u00fdlo\u017en\u00edka pre plo\u0161iny je k\u013e\u00fa\u010dov\u00fdm komponentom, ktor\u00fd zabezpe\u010duje potrebn\u00fa zdv\u00edhaciu silu a stabilitu pre plo\u0161iny. Tento hydraulick\u00fd valec, navrhnut\u00fd na podopretie horn\u00e9ho ramena v\u00fdlo\u017en\u00edka, umo\u017e\u0148uje presn\u00e9 ovl\u00e1danie a pohyb, \u010do obsluhe umo\u017e\u0148uje bezpe\u010dn\u00fd pr\u00edstup do vyv\u00fd\u0161en\u00fdch pracovn\u00fdch priestorov. Je vyroben\u00fd z vysokopevnostn\u00fdch materi\u00e1lov a zais\u0165uje odolnos\u0165 a spo\u013eahlivos\u0165 aj pri \u0165a\u017ek\u00fdch za\u0165a\u017eeniach a n\u00e1ro\u010dn\u00fdch pracovn\u00fdch podmienkach. V\u010faka plynul\u00e9mu hydraulick\u00e9mu chodu valec umo\u017e\u0148uje efekt\u00edvne vertik\u00e1lne a horizont\u00e1lne pohyby, \u010d\u00edm zvy\u0161uje produktivitu a bezpe\u010dnos\u0165 pri pr\u00e1cach vo v\u00fd\u0161ke, ako je \u00fadr\u017eba, stavebn\u00e9 pr\u00e1ce a opravy. Jeho robustn\u00e1 kon\u0161trukcia a efekt\u00edvny v\u00fdkon z neho robia nevyhnutn\u00fa s\u00fa\u010das\u0165 ka\u017ed\u00e9ho zdv\u00edhacieho vozidla.<\/p>","protected":false},"featured_media":356,"comment_status":"open","ping_status":"closed","template":"","meta":{"_et_pb_use_builder":"","_et_pb_old_content":"","_et_gb_content_width":""},"product_brand":[],"product_cat":[22],"product_tag":[],"class_list":{"0":"post-355","1":"product","2":"type-product","3":"status-publish","4":"has-post-thumbnail","6":"product_cat-aerial-work-vehicle-hydraulic-cylinders","8":"first","9":"instock","10":"shipping-taxable","11":"product-type-simple"},"_links":{"self":[{"href":"https:\/\/fmp-components.com\/sk\/wp-json\/wp\/v2\/product\/355","targetHints":{"allow":["GET"]}}],"collection":[{"href":"https:\/\/fmp-components.com\/sk\/wp-json\/wp\/v2\/product"}],"about":[{"href":"https:\/\/fmp-components.com\/sk\/wp-json\/wp\/v2\/types\/product"}],"replies":[{"embeddable":true,"href":"https:\/\/fmp-components.com\/sk\/wp-json\/wp\/v2\/comments?post=355"}],"wp:featuredmedia":[{"embeddable":true,"href":"https:\/\/fmp-components.com\/sk\/wp-json\/wp\/v2\/media\/356"}],"wp:attachment":[{"href":"https:\/\/fmp-components.com\/sk\/wp-json\/wp\/v2\/media?parent=355"}],"wp:term":[{"taxonomy":"product_brand","embeddable":true,"href":"https:\/\/fmp-components.com\/sk\/wp-json\/wp\/v2\/product_brand?post=355"},{"taxonomy":"product_cat","embeddable":true,"href":"https:\/\/fmp-components.com\/sk\/wp-json\/wp\/v2\/product_cat?post=355"},{"taxonomy":"product_tag","embeddable":true,"href":"https:\/\/fmp-components.com\/sk\/wp-json\/wp\/v2\/product_tag?post=355"}],"curies":[{"name":"pracovn\u00fd list","href":"https:\/\/api.w.org\/{rel}","templated":true}]}}