{"id":3548,"date":"2025-01-08T05:13:09","date_gmt":"2025-01-08T05:13:09","guid":{"rendered":"https:\/\/fmp-components.com\/?page_id=8"},"modified":"2025-01-08T05:13:10","modified_gmt":"2025-01-08T05:13:10","slug":"iec-motor-b5t-flange-mounted-stainless-steel-motor-tenv-replacement-of-sew-motor","status":"publish","type":"product","link":"https:\/\/fmp-components.com\/sk\/product\/iec-motor-b5t-flange-mounted-stainless-steel-motor-tenv-replacement-of-sew-motor\/","title":{"rendered":"Motor IEC B5T s pr\u00edrubou a mont\u00e1\u017eou z nehrdzavej\u00facej ocele, n\u00e1hrada motora TENV pre motor SEW"},"content":{"rendered":"<p><img loading=\"lazy\" decoding=\"async\" class=\"alignnone size-full wp-image-3539\" src=\"https:\/\/fmp-components.com\/wp-content\/uploads\/2025\/01\/fmp_0.stainless-steel-motor-2.webp\" alt=\"fmp_0.nerezov\u00fd-motor-2\" width=\"1579\" height=\"608\" title=\"\" srcset=\"https:\/\/fmp-components.com\/wp-content\/uploads\/2025\/01\/fmp_0.stainless-steel-motor-2.webp 1579w, https:\/\/fmp-components.com\/wp-content\/uploads\/2025\/01\/fmp_0.stainless-steel-motor-2-1280x493.webp 1280w, https:\/\/fmp-components.com\/wp-content\/uploads\/2025\/01\/fmp_0.stainless-steel-motor-2-980x377.webp 980w, https:\/\/fmp-components.com\/wp-content\/uploads\/2025\/01\/fmp_0.stainless-steel-motor-2-480x185.webp 480w\" sizes=\"(min-width: 0px) and (max-width: 480px) 480px, (min-width: 481px) and (max-width: 980px) 980px, (min-width: 981px) and (max-width: 1280px) 1280px, (min-width: 1281px) 1579px, 100vw\" \/><\/p>\n<p><span style=\"font-size: 18pt;\">Motory IEC B5T s pr\u00edrubovou mont\u00e1\u017eou z nehrdzavej\u00facej ocele \u2013 n\u00e1hrada TENV za motory SEW<\/span><\/p>\n<p>\u0160tandardn\u00e9 nerezov\u00e9 motory FMP s\u00fa navrhnut\u00e9 tak, aby sp\u013a\u0148ali extr\u00e9mne a pr\u00edsne hygienick\u00e9 po\u017eiadavky dne\u0161n\u00e9ho potravin\u00e1rskeho, farmaceutick\u00e9ho, baliaceho a n\u00e1pojov\u00e9ho priemyslu. Vysokotlakov\u00e9 nerezov\u00e9 motory FMP s\u00fa testovan\u00e9 na paru a vodu pod\u013ea pr\u00edsnych \u0161pecifik\u00e1ci\u00ed IP69K a poskytuj\u00fa dlhotrvaj\u00facu ochranu aj v najextr\u00e9mnej\u0161\u00edch koroz\u00edvnych prostrediach, pri\u010dom zachov\u00e1vaj\u00fa hygienick\u00e9 \u00farovne, aby sa zabezpe\u010dila bezpe\u010dnos\u0165 potrav\u00edn.<\/p>\n<p><img loading=\"lazy\" decoding=\"async\" class=\"alignnone  wp-image-3549\" src=\"https:\/\/fmp-components.com\/wp-content\/uploads\/2025\/01\/fmp_4.stainless-steel-motor-2.webp\" alt=\"fmp_4.nerezov\u00fd-motor-2\" width=\"917\" height=\"431\" title=\"\" srcset=\"https:\/\/fmp-components.com\/wp-content\/uploads\/2025\/01\/fmp_4.stainless-steel-motor-2.webp 400w, https:\/\/fmp-components.com\/wp-content\/uploads\/2025\/01\/fmp_4.stainless-steel-motor-2-300x141.webp 300w, https:\/\/fmp-components.com\/wp-content\/uploads\/2025\/01\/fmp_4.stainless-steel-motor-2-18x8.webp 18w\" sizes=\"(max-width: 917px) 100vw, 917px\" \/><\/p>\n<table style=\"width: 100.22%; height: 109px;\" border=\"1\">\n<tbody>\n<tr>\n<td>Typ r\u00e1mu<\/td>\n<td>pr\u00edruba<br \/>\ntyp<\/td>\n<td>Poliaci<\/td>\n<td>D<\/td>\n<td>V<\/td>\n<td>F<\/td>\n<td>G<\/td>\n<td>M<\/td>\n<td>N<\/td>\n<td>P<\/td>\n<td>R<\/td>\n<td>S<\/td>\n<td>T<\/td>\n<td>pr\u00edruba<br \/>\nDiera<\/td>\n<td>Klimatiz\u00e1cia<\/td>\n<td>REKLAMA<\/td>\n<\/tr>\n<tr>\n<td>71<\/td>\n<td>B5T<\/td>\n<td>4<\/td>\n<td>10<\/td>\n<td>35<\/td>\n<td>2<\/td>\n<td>8.6<\/td>\n<td>100<\/td>\n<td>80<\/td>\n<td>120<\/td>\n<td>16.5<\/td>\n<td>7<\/td>\n<td>3<\/td>\n<td>4<\/td>\n<td>134<\/td>\n<td>129<\/td>\n<\/tr>\n<tr>\n<td>80<\/td>\n<td>B5T<\/td>\n<td>4<\/td>\n<td>12<\/td>\n<td>35<\/td>\n<td>3<\/td>\n<td>10<\/td>\n<td>100<\/td>\n<td>80<\/td>\n<td>120<\/td>\n<td>14.5<\/td>\n<td>7<\/td>\n<td>3<\/td>\n<td>4<\/td>\n<td>134<\/td>\n<td>135<\/td>\n<\/tr>\n<\/tbody>\n<\/table>\n<h2>IEC Motor B5T Pr\u00edrubov\u00fd motor z nehrdzavej\u00facej ocele<\/h2>\n<ol>\n<li><strong>Kon\u0161trukcia odoln\u00e1 vo\u010di kor\u00f3zii<\/strong><br \/>\nPr\u00edrubov\u00fd motor z nehrdzavej\u00facej ocele pod\u013ea normy IEC B5T je vyroben\u00fd z vysoko kvalitnej nehrdzavej\u00facej ocele, ktor\u00e1 zais\u0165uje vynikaj\u00facu odolnos\u0165 vo\u010di kor\u00f3zii, hrdzi a opotrebeniu. V\u010faka tomu je ide\u00e1lny na pou\u017eitie v n\u00e1ro\u010dn\u00fdch prostrediach, ako je potravin\u00e1rsky, farmaceutick\u00fd a chemick\u00fd priemysel, kde je be\u017en\u00e9 vystavenie vlhkosti a agres\u00edvnym l\u00e1tkam.<\/li>\n<li><strong>Mont\u00e1\u017e pr\u00edrubou pre jednoduch\u00fa in\u0161tal\u00e1ciu<\/strong><br \/>\nMotor je navrhnut\u00fd s pr\u00edrubovou mont\u00e1\u017eou B5T, \u010do umo\u017e\u0148uje jednoduch\u00fa a bezpe\u010dn\u00fa in\u0161tal\u00e1ciu na strojoch. Tento sp\u00f4sob mont\u00e1\u017ee umo\u017e\u0148uje kompaktn\u00fa integr\u00e1ciu do existuj\u00facich syst\u00e9mov, \u010d\u00edm sa zni\u017euje potreba dodato\u010dn\u00fdch podporn\u00fdch kon\u0161trukci\u00ed alebo zlo\u017eit\u00fdch mont\u00e1\u017enych postupov.<\/li>\n<li><strong>Hygienick\u00fd a \u013eahko \u010distite\u013en\u00fd povrch<\/strong><br \/>\nV\u010faka hladk\u00e9mu a bez\u0161vov\u00e9mu povrchu sa motor \u013eahko \u010dist\u00ed a udr\u017eiava. Neexistuj\u00fa \u017eiadne odkryt\u00e9 \u0161trbiny ani spoje, kde by sa mohli hromadi\u0165 ne\u010distoty, prach alebo zvy\u0161ky jedla, v\u010faka \u010domu je vhodn\u00fd pre sanit\u00e1rne aplik\u00e1cie, kde je hygiena najvy\u0161\u0161ou prioritou. Kon\u0161trukcia motora pom\u00e1ha predch\u00e1dza\u0165 kontamin\u00e1cii a zabezpe\u010duje vysok\u00fa \u00farove\u0148 \u010distoty.<\/li>\n<li><strong>Stupe\u0148 krytia IP69K<\/strong><br \/>\nTento motor sa vyzna\u010duje stup\u0148om ochrany IP69K, ktor\u00fd poskytuje vynikaj\u00facu odolnos\u0165 vo\u010di vode a prachu. Motor odol\u00e1 aj vysokotlakov\u00fdm vodn\u00fdm pr\u00fadom, v\u010faka \u010domu je ide\u00e1lny do prostred\u00ed s \u010dast\u00fdm \u010disten\u00edm vodou a agres\u00edvnymi chemik\u00e1liami.<\/li>\n<li><strong>Efekt\u00edvny v\u00fdkon<\/strong><br \/>\nMotor z nehrdzavej\u00facej ocele sp\u013a\u0148a vysoko\u00fa\u010dinn\u00e9 \u0161tandardy, \u010d\u00edm zabezpe\u010duje optim\u00e1lny v\u00fdkon a z\u00e1rove\u0148 zni\u017euje spotrebu energie. Jeho prec\u00edzne navrhnut\u00e9 komponenty a efekt\u00edvny syst\u00e9m tepeln\u00e9ho mana\u017ementu pom\u00e1haj\u00fa minimalizova\u0165 hromadenie tepla a zais\u0165uj\u00fa dlhotrvaj\u00facu a spo\u013eahliv\u00fa prev\u00e1dzku.<\/li>\n<\/ol>\n<p>V\u010faka t\u00fdmto vlastnostiam je motor z nehrdzavej\u00facej ocele s pr\u00edrubou pod\u013ea normy IEC B5T ide\u00e1lnou vo\u013ebou pre aplik\u00e1cie vy\u017eaduj\u00face odolnos\u0165, hygienu a vysok\u00fd v\u00fdkon v n\u00e1ro\u010dn\u00fdch priemyseln\u00fdch prostrediach.<\/p>\n<h2>S\u00favisiaci motor z nehrdzavej\u00facej ocele<\/h2>\n<table style=\"width: 100%;\" border=\"1\" width=\"100%\" cellspacing=\"0\" cellpadding=\"0\">\n<tbody>\n<tr>\n<td style=\"width: 25.8099%;\" align=\"right\" width=\"64\" height=\"18\"><img loading=\"lazy\" decoding=\"async\" class=\"alignnone size-full wp-image-3507\" src=\"https:\/\/fmp-components.com\/wp-content\/uploads\/2025\/01\/ep_stainless-steel-motor-1.webp\" sizes=\"(max-width: 379px) 100vw, 379px\" srcset=\"https:\/\/fmp-components.com\/wp-content\/uploads\/2025\/01\/ep_stainless-steel-motor-1.webp 379w, https:\/\/fmp-components.com\/wp-content\/uploads\/2025\/01\/ep_stainless-steel-motor-1-300x200.webp 300w, https:\/\/fmp-components.com\/wp-content\/uploads\/2025\/01\/ep_stainless-steel-motor-1-18x12.webp 18w\" alt=\"motor z nehrdzavej\u00facej ocele\" width=\"379\" height=\"253\" title=\"\"><\/td>\n<td style=\"width: 26.134%;\" align=\"right\" width=\"64\"><img loading=\"lazy\" decoding=\"async\" class=\"alignnone size-full wp-image-3508\" src=\"https:\/\/fmp-components.com\/wp-content\/uploads\/2025\/01\/ep_stainless-steel-motor-2-2.webp\" sizes=\"(max-width: 379px) 100vw, 379px\" srcset=\"https:\/\/fmp-components.com\/wp-content\/uploads\/2025\/01\/ep_stainless-steel-motor-2-2.webp 379w, https:\/\/fmp-components.com\/wp-content\/uploads\/2025\/01\/ep_stainless-steel-motor-2-2-300x200.webp 300w, https:\/\/fmp-components.com\/wp-content\/uploads\/2025\/01\/ep_stainless-steel-motor-2-2-18x12.webp 18w\" alt=\"motor z nehrdzavej\u00facej ocele\" width=\"379\" height=\"253\" title=\"\"><\/td>\n<td style=\"width: 25.162%;\" align=\"right\" width=\"64\"><img loading=\"lazy\" decoding=\"async\" class=\"alignnone size-full wp-image-3509\" src=\"https:\/\/fmp-components.com\/wp-content\/uploads\/2025\/01\/ep_stainless-steel-motor-6.webp\" sizes=\"(max-width: 379px) 100vw, 379px\" srcset=\"https:\/\/fmp-components.com\/wp-content\/uploads\/2025\/01\/ep_stainless-steel-motor-6.webp 379w, https:\/\/fmp-components.com\/wp-content\/uploads\/2025\/01\/ep_stainless-steel-motor-6-300x200.webp 300w, https:\/\/fmp-components.com\/wp-content\/uploads\/2025\/01\/ep_stainless-steel-motor-6-18x12.webp 18w\" alt=\"motor z nehrdzavej\u00facej ocele\" width=\"379\" height=\"253\" title=\"\"><\/td>\n<td style=\"width: 22.6782%;\" align=\"right\" width=\"64\"><img loading=\"lazy\" decoding=\"async\" class=\"alignnone size-full wp-image-3510\" src=\"https:\/\/fmp-components.com\/wp-content\/uploads\/2025\/01\/ep_stainless-steel-motor-300x200-1.webp\" sizes=\"(max-width: 300px) 100vw, 300px\" srcset=\"https:\/\/fmp-components.com\/wp-content\/uploads\/2025\/01\/ep_stainless-steel-motor-300x200-1.webp 300w, https:\/\/fmp-components.com\/wp-content\/uploads\/2025\/01\/ep_stainless-steel-motor-300x200-1-18x12.webp 18w\" alt=\"motor z nehrdzavej\u00facej ocele\" width=\"300\" height=\"200\" title=\"\"><\/td>\n<\/tr>\n<tr>\n<td style=\"width: 25.8099%;\" align=\"right\" height=\"18\">Motor s permanentn\u00fdm magnetom z nehrdzavej\u00facej ocele<\/td>\n<td style=\"width: 26.134%;\" align=\"right\">Vodou chladen\u00fd motor z nehrdzavej\u00facej ocele<\/td>\n<td style=\"width: 25.162%;\" align=\"right\">Elektromotor pre potravin\u00e1rsky priemysel<\/td>\n<td style=\"width: 22.6782%;\" align=\"right\">Motor z nehrdzavej\u00facej ocele<\/td>\n<\/tr>\n<tr>\n<td style=\"width: 25.8099%;\" align=\"right\" height=\"18\"><img loading=\"lazy\" decoding=\"async\" class=\"alignnone size-full wp-image-3511\" src=\"https:\/\/fmp-components.com\/wp-content\/uploads\/2025\/01\/ep_stainless-steel-motor-4.webp\" sizes=\"(max-width: 379px) 100vw, 379px\" srcset=\"https:\/\/fmp-components.com\/wp-content\/uploads\/2025\/01\/ep_stainless-steel-motor-4.webp 379w, https:\/\/fmp-components.com\/wp-content\/uploads\/2025\/01\/ep_stainless-steel-motor-4-300x200.webp 300w, https:\/\/fmp-components.com\/wp-content\/uploads\/2025\/01\/ep_stainless-steel-motor-4-18x12.webp 18w\" alt=\"motor z nehrdzavej\u00facej ocele\" width=\"379\" height=\"253\" title=\"\"><\/td>\n<td style=\"width: 26.134%;\" align=\"right\"><img loading=\"lazy\" decoding=\"async\" class=\"alignnone size-full wp-image-3512\" src=\"https:\/\/fmp-components.com\/wp-content\/uploads\/2025\/01\/ep_stainless-steel-motor-3.webp\" sizes=\"(max-width: 379px) 100vw, 379px\" srcset=\"https:\/\/fmp-components.com\/wp-content\/uploads\/2025\/01\/ep_stainless-steel-motor-3.webp 379w, https:\/\/fmp-components.com\/wp-content\/uploads\/2025\/01\/ep_stainless-steel-motor-3-300x200.webp 300w, https:\/\/fmp-components.com\/wp-content\/uploads\/2025\/01\/ep_stainless-steel-motor-3-18x12.webp 18w\" alt=\"motor z nehrdzavej\u00facej ocele\" width=\"379\" height=\"253\" title=\"\"><\/td>\n<td style=\"width: 25.162%;\" align=\"right\"><img loading=\"lazy\" decoding=\"async\" class=\"alignnone size-full wp-image-3513\" src=\"https:\/\/fmp-components.com\/wp-content\/uploads\/2025\/01\/ep_stainless-steel-motor-5.webp\" sizes=\"(max-width: 379px) 100vw, 379px\" srcset=\"https:\/\/fmp-components.com\/wp-content\/uploads\/2025\/01\/ep_stainless-steel-motor-5.webp 379w, https:\/\/fmp-components.com\/wp-content\/uploads\/2025\/01\/ep_stainless-steel-motor-5-300x200.webp 300w, https:\/\/fmp-components.com\/wp-content\/uploads\/2025\/01\/ep_stainless-steel-motor-5-18x12.webp 18w\" alt=\"motor z nehrdzavej\u00facej ocele\" width=\"379\" height=\"253\" title=\"\"><\/td>\n<td style=\"width: 22.6782%;\" align=\"right\"><img loading=\"lazy\" decoding=\"async\" class=\"alignnone wp-image-3514\" src=\"https:\/\/fmp-components.com\/wp-content\/uploads\/2025\/01\/ep_stainless-steel-motor-6-1.webp\" sizes=\"(max-width: 379px) 100vw, 379px\" srcset=\"https:\/\/fmp-components.com\/wp-content\/uploads\/2025\/01\/ep_stainless-steel-motor-6-1.webp 379w, https:\/\/fmp-components.com\/wp-content\/uploads\/2025\/01\/ep_stainless-steel-motor-6-1-300x200.webp 300w, https:\/\/fmp-components.com\/wp-content\/uploads\/2025\/01\/ep_stainless-steel-motor-6-1-18x12.webp 18w\" alt=\"motor z nehrdzavej\u00facej ocele\" width=\"220\" height=\"147\" title=\"\"><\/td>\n<\/tr>\n<tr>\n<td style=\"width: 25.8099%;\" align=\"right\" height=\"18\">IEC emulgovan\u00fd potravin\u00e1rsky stroj AC motor<\/td>\n<td style=\"width: 26.134%;\" align=\"right\">Asynchr\u00f3nny motor NEMA 56C<\/td>\n<td style=\"width: 25.162%;\" align=\"right\">IEC striedav\u00fd motor z nehrdzavej\u00facej ocele<\/td>\n<td style=\"width: 22.6782%;\">Vysoko\u00fa\u010dinn\u00fd motor IEC, cel\u00fd z nehrdzavej\u00facej ocele<\/td>\n<\/tr>\n<tr>\n<td style=\"width: 25.8099%;\" align=\"right\" width=\"64\" height=\"18\"><img loading=\"lazy\" decoding=\"async\" class=\"alignnone size-full wp-image-3515\" src=\"https:\/\/fmp-components.com\/wp-content\/uploads\/2025\/01\/ep_stainless-steel-motor-2.webp\" sizes=\"(max-width: 379px) 100vw, 379px\" srcset=\"https:\/\/fmp-components.com\/wp-content\/uploads\/2025\/01\/ep_stainless-steel-motor-2.webp 379w, https:\/\/fmp-components.com\/wp-content\/uploads\/2025\/01\/ep_stainless-steel-motor-2-300x200.webp 300w, https:\/\/fmp-components.com\/wp-content\/uploads\/2025\/01\/ep_stainless-steel-motor-2-18x12.webp 18w\" alt=\"motor z nehrdzavej\u00facej ocele\" width=\"379\" height=\"253\" title=\"\"><\/td>\n<td style=\"width: 26.134%;\" align=\"right\" width=\"64\"><img loading=\"lazy\" decoding=\"async\" class=\"alignnone size-full wp-image-3516\" src=\"https:\/\/fmp-components.com\/wp-content\/uploads\/2025\/01\/ep_stainless-steel-motor-8.webp\" sizes=\"(max-width: 379px) 100vw, 379px\" srcset=\"https:\/\/fmp-components.com\/wp-content\/uploads\/2025\/01\/ep_stainless-steel-motor-8.webp 379w, https:\/\/fmp-components.com\/wp-content\/uploads\/2025\/01\/ep_stainless-steel-motor-8-300x200.webp 300w, https:\/\/fmp-components.com\/wp-content\/uploads\/2025\/01\/ep_stainless-steel-motor-8-18x12.webp 18w\" alt=\"motor z nehrdzavej\u00facej ocele\" width=\"379\" height=\"253\" title=\"\"><\/td>\n<td style=\"width: 25.162%;\" align=\"right\" width=\"64\"><img loading=\"lazy\" decoding=\"async\" class=\"alignnone size-full wp-image-3517\" src=\"https:\/\/fmp-components.com\/wp-content\/uploads\/2025\/01\/ep_stainless-steel-motor-7.webp\" sizes=\"(max-width: 379px) 100vw, 379px\" srcset=\"https:\/\/fmp-components.com\/wp-content\/uploads\/2025\/01\/ep_stainless-steel-motor-7.webp 379w, https:\/\/fmp-components.com\/wp-content\/uploads\/2025\/01\/ep_stainless-steel-motor-7-300x200.webp 300w, https:\/\/fmp-components.com\/wp-content\/uploads\/2025\/01\/ep_stainless-steel-motor-7-18x12.webp 18w\" alt=\"motor z nehrdzavej\u00facej ocele\" width=\"379\" height=\"253\" title=\"\"><\/td>\n<td style=\"width: 22.6782%;\" align=\"right\" width=\"64\"><\/td>\n<\/tr>\n<tr>\n<td style=\"width: 25.8099%;\" align=\"right\" height=\"18\">Motor zariadenia na depil\u00e1ciu kur\u010diat a ka\u010d\u00edc<\/td>\n<td style=\"width: 26.134%;\" align=\"right\">Motor z nehrdzavej\u00facej ocele NEMA potravin\u00e1rskej kvality<\/td>\n<td style=\"width: 25.162%;\" align=\"right\">Motor z nehrdzavej\u00facej ocele IEC potravin\u00e1rskej kvality<\/td>\n<td style=\"width: 22.6782%;\" align=\"right\"><\/td>\n<\/tr>\n<\/tbody>\n<\/table>\n<h2>O FMP<\/h2>\n<p>FMP je popredn\u00fd high-tech podnik \u0161pecializuj\u00faci sa na n\u00e1vrh, v\u00fdvoj a v\u00fdrobu pokro\u010dil\u00fdch motorov a elektromechanick\u00fdch rie\u0161en\u00ed. Na\u0161e produktov\u00e9 portf\u00f3lio zah\u0155\u0148a motory s\u00e9rie YE2, YE3 a YE4 spolu so \u0161irokou \u0161k\u00e1lou odvoden\u00fdch produktov. Pon\u00fakame tie\u017e \u0161pecializovan\u00e9 motory pre hydraulick\u00e9 \u010derpadl\u00e1, vr\u00e1tane trojf\u00e1zov\u00fdch aj jednof\u00e1zov\u00fdch variantov, motory s hlin\u00edkov\u00fdm krytom, ne\u0161tandardn\u00e9 motory, elektromechanick\u00e9 integrovan\u00e9 turb\u00ednov\u00e9 reduktory a \u010fal\u0161ie rie\u0161enia motorov na mieru.<\/p>\n<p>Na\u0161e produkty sa \u0161iroko pou\u017e\u00edvaj\u00fa v r\u00f4znych odvetviach vr\u00e1tane priemyselnej automatiz\u00e1cie, CNC obr\u00e1bania, v\u00fdroby obuvi, spracovania dreva, spracovania kovov, plastov a stavebn\u00fdch strojov. Z\u00e1v\u00e4zok spolo\u010dnosti FMP k inov\u00e1ci\u00e1m a kvalite zaru\u010duje, \u017ee v\u0161etky produkty sp\u013a\u0148aj\u00fa najvy\u0161\u0161ie \u0161tandardy v\u00fdkonu a spo\u013eahlivosti.<\/p>\n<p>Okrem na\u0161ich \u0161tandardn\u00fdch pon\u00fak sme hrd\u00ed na to, \u017ee poskytujeme rie\u0161enia na mieru, prisp\u00f4soben\u00e9 jedine\u010dn\u00fdm potreb\u00e1m na\u0161ich klientov. \u010ci u\u017e po\u017eadujete \u0161pecializovan\u00e9 motory, ne\u0161tandardn\u00e9 produkty alebo plne integrovan\u00e9 syst\u00e9my, spolo\u010dnos\u0165 FMP \u00fazko spolupracuje so z\u00e1kazn\u00edkmi, aby v\u00e1m poskytla presn\u00e9 a vysoko kvalitn\u00e9 rie\u0161enia. N\u00e1\u0161 d\u00f4raz na presn\u00e9 in\u017einierstvo a spokojnos\u0165 z\u00e1kazn\u00edkov je hnacou silou n\u00e1\u0161ho neust\u00e1leho rastu a \u00faspechu na glob\u00e1lnych trhoch.<\/p>\n<p>V spolo\u010dnosti FMP sa zameriavame na budovanie dlhodob\u00fdch a vz\u00e1jomne prospe\u0161n\u00fdch partnerstiev. Sme odhodlan\u00ed podporova\u0165 \u00faspech na\u0161ich klientov, zabezpe\u010di\u0165, aby ka\u017ed\u00fd projekt priniesol vynikaj\u00face v\u00fdsledky a posilnil na\u0161u glob\u00e1lnu pr\u00edtomnos\u0165.<\/p>\n<table style=\"width: 100.629%;\" border=\"0\" width=\"128\" cellspacing=\"0\" cellpadding=\"0\">\n<tbody>\n<tr>\n<td style=\"width: 49.2308%;\" align=\"right\" width=\"64\" height=\"18\"><img loading=\"lazy\" decoding=\"async\" class=\"alignnone size-full wp-image-3398\" src=\"https:\/\/fmp-components.com\/wp-content\/uploads\/2025\/01\/Three-Phase-Motor-Factory.webp\" sizes=\"(min-width: 0px) and (max-width: 480px) 480px, (min-width: 481px) 900px, 100vw\" srcset=\"https:\/\/fmp-components.com\/wp-content\/uploads\/2025\/01\/Three-Phase-Motor-Factory.webp 900w, https:\/\/fmp-components.com\/wp-content\/uploads\/2025\/01\/Three-Phase-Motor-Factory-480x320.webp 480w\" alt=\"Tov\u00e1re\u0148 na trojf\u00e1zov\u00e9 motory\" width=\"900\" height=\"600\" title=\"\"><\/td>\n<td style=\"width: 659.231%;\" align=\"right\" width=\"64\"><img loading=\"lazy\" decoding=\"async\" class=\"alignnone size-full wp-image-3399\" src=\"https:\/\/fmp-components.com\/wp-content\/uploads\/2025\/01\/Three-Phase-Motor-Factory-2.webp\" sizes=\"(min-width: 0px) and (max-width: 480px) 480px, (min-width: 481px) 900px, 100vw\" srcset=\"https:\/\/fmp-components.com\/wp-content\/uploads\/2025\/01\/Three-Phase-Motor-Factory-2.webp 900w, https:\/\/fmp-components.com\/wp-content\/uploads\/2025\/01\/Three-Phase-Motor-Factory-2-480x320.webp 480w\" alt=\"Tov\u00e1re\u0148 na trojf\u00e1zov\u00e9 motory 2\" width=\"900\" height=\"600\" title=\"\"><\/td>\n<\/tr>\n<tr>\n<td style=\"width: 49.2308%;\" align=\"right\" height=\"18\"><img loading=\"lazy\" decoding=\"async\" class=\"alignnone size-full wp-image-3400\" src=\"https:\/\/fmp-components.com\/wp-content\/uploads\/2025\/01\/China-Three-Phase-Motor-Factory-1.webp\" sizes=\"(min-width: 0px) and (max-width: 480px) 480px, (min-width: 481px) 900px, 100vw\" srcset=\"https:\/\/fmp-components.com\/wp-content\/uploads\/2025\/01\/China-Three-Phase-Motor-Factory-1.webp 900w, https:\/\/fmp-components.com\/wp-content\/uploads\/2025\/01\/China-Three-Phase-Motor-Factory-1-480x320.webp 480w\" alt=\"Tov\u00e1re\u0148 na trojf\u00e1zov\u00e9 motory 1\" width=\"900\" height=\"600\" title=\"\"><\/td>\n<td style=\"width: 659.231%;\" align=\"right\"><img loading=\"lazy\" decoding=\"async\" class=\"alignnone size-full wp-image-3401\" src=\"https:\/\/fmp-components.com\/wp-content\/uploads\/2025\/01\/Three-Phase-Motor-Factory-3.webp\" sizes=\"(min-width: 0px) and (max-width: 480px) 480px, (min-width: 481px) 900px, 100vw\" srcset=\"https:\/\/fmp-components.com\/wp-content\/uploads\/2025\/01\/Three-Phase-Motor-Factory-3.webp 900w, https:\/\/fmp-components.com\/wp-content\/uploads\/2025\/01\/Three-Phase-Motor-Factory-3-480x320.webp 480w\" alt=\"Tov\u00e1re\u0148 na trojf\u00e1zov\u00e9 motory 3\" width=\"900\" height=\"600\" title=\"\"><\/td>\n<\/tr>\n<tr>\n<td style=\"width: 49.2308%;\"><img loading=\"lazy\" decoding=\"async\" class=\"alignnone size-full wp-image-3471\" src=\"https:\/\/fmp-components.com\/wp-content\/uploads\/2025\/01\/Single-Phase-Induction-Motor-Suppliers.webp\" sizes=\"(min-width: 0px) and (max-width: 480px) 480px, (min-width: 481px) 900px, 100vw\" srcset=\"https:\/\/fmp-components.com\/wp-content\/uploads\/2025\/01\/Single-Phase-Induction-Motor-Suppliers.webp 900w, https:\/\/fmp-components.com\/wp-content\/uploads\/2025\/01\/Single-Phase-Induction-Motor-Suppliers-480x320.webp 480w\" alt=\"Dod\u00e1vatelia jednof\u00e1zov\u00fdch induk\u010dn\u00fdch motorov\" width=\"900\" height=\"600\" title=\"\"><\/td>\n<td style=\"width: 659.231%;\"><img loading=\"lazy\" decoding=\"async\" class=\"alignnone size-full wp-image-3470\" src=\"https:\/\/fmp-components.com\/wp-content\/uploads\/2025\/01\/Single-Phase-Induction-Motor-Manufacturers-1.webp\" sizes=\"(min-width: 0px) and (max-width: 480px) 480px, (min-width: 481px) 900px, 100vw\" srcset=\"https:\/\/fmp-components.com\/wp-content\/uploads\/2025\/01\/Single-Phase-Induction-Motor-Manufacturers-1.webp 900w, https:\/\/fmp-components.com\/wp-content\/uploads\/2025\/01\/Single-Phase-Induction-Motor-Manufacturers-1-480x320.webp 480w\" alt=\"V\u00fdrobcovia jednof\u00e1zov\u00fdch induk\u010dn\u00fdch motorov 1\" width=\"900\" height=\"600\" title=\"\"><\/td>\n<\/tr>\n<tr>\n<td style=\"width: 49.2308%;\"><img loading=\"lazy\" decoding=\"async\" class=\"alignnone size-full wp-image-3472\" src=\"https:\/\/fmp-components.com\/wp-content\/uploads\/2025\/01\/Single-Phase-Induction-Motor-Manufacturers.webp\" sizes=\"(min-width: 0px) and (max-width: 480px) 480px, (min-width: 481px) 900px, 100vw\" srcset=\"https:\/\/fmp-components.com\/wp-content\/uploads\/2025\/01\/Single-Phase-Induction-Motor-Manufacturers.webp 900w, https:\/\/fmp-components.com\/wp-content\/uploads\/2025\/01\/Single-Phase-Induction-Motor-Manufacturers-480x320.webp 480w\" alt=\"V\u00fdrobcovia jednof\u00e1zov\u00fdch induk\u010dn\u00fdch motorov\" width=\"900\" height=\"600\" title=\"\"><\/td>\n<td style=\"width: 659.231%;\"><img loading=\"lazy\" decoding=\"async\" class=\"alignnone size-full wp-image-3473\" src=\"https:\/\/fmp-components.com\/wp-content\/uploads\/2025\/01\/Single-Phase-Induction-Motor-for-Sale.webp\" sizes=\"(min-width: 0px) and (max-width: 480px) 480px, (min-width: 481px) 900px, 100vw\" srcset=\"https:\/\/fmp-components.com\/wp-content\/uploads\/2025\/01\/Single-Phase-Induction-Motor-for-Sale.webp 900w, https:\/\/fmp-components.com\/wp-content\/uploads\/2025\/01\/Single-Phase-Induction-Motor-for-Sale-480x320.webp 480w\" alt=\"Jednof\u00e1zov\u00fd induk\u010dn\u00fd motor na predaj\" width=\"900\" height=\"600\" title=\"\"><\/td>\n<\/tr>\n<\/tbody>\n<\/table>\n<p>Autor: CX<\/p>","protected":false},"excerpt":{"rendered":"<p>IEC Motors B5T Flange Mount Stainless Steel Motors &#8211; TENV Replacement for SEW Motors FMP standard stainless steel washdown motors are designed to meet the extreme and stringent hygiene requirements of today&#8217;s food processing, pharmaceutical, packaging and beverage industries. High pressure steam and water tested to stringent IP69K specifications, FMP&#8217;s food safe stainless steel motors [&hellip;]<\/p>","protected":false},"featured_media":3550,"comment_status":"open","ping_status":"closed","template":"","meta":{"_et_pb_use_builder":"","_et_pb_old_content":"","_et_gb_content_width":""},"product_brand":[],"product_cat":[88],"product_tag":[],"class_list":{"0":"post-3548","1":"product","2":"type-product","3":"status-publish","4":"has-post-thumbnail","6":"product_cat-stainless-steel-motors","8":"first","9":"instock","10":"shipping-taxable","11":"product-type-simple"},"_links":{"self":[{"href":"https:\/\/fmp-components.com\/sk\/wp-json\/wp\/v2\/product\/3548","targetHints":{"allow":["GET"]}}],"collection":[{"href":"https:\/\/fmp-components.com\/sk\/wp-json\/wp\/v2\/product"}],"about":[{"href":"https:\/\/fmp-components.com\/sk\/wp-json\/wp\/v2\/types\/product"}],"replies":[{"embeddable":true,"href":"https:\/\/fmp-components.com\/sk\/wp-json\/wp\/v2\/comments?post=3548"}],"wp:featuredmedia":[{"embeddable":true,"href":"https:\/\/fmp-components.com\/sk\/wp-json\/wp\/v2\/media\/3550"}],"wp:attachment":[{"href":"https:\/\/fmp-components.com\/sk\/wp-json\/wp\/v2\/media?parent=3548"}],"wp:term":[{"taxonomy":"product_brand","embeddable":true,"href":"https:\/\/fmp-components.com\/sk\/wp-json\/wp\/v2\/product_brand?post=3548"},{"taxonomy":"product_cat","embeddable":true,"href":"https:\/\/fmp-components.com\/sk\/wp-json\/wp\/v2\/product_cat?post=3548"},{"taxonomy":"product_tag","embeddable":true,"href":"https:\/\/fmp-components.com\/sk\/wp-json\/wp\/v2\/product_tag?post=3548"}],"curies":[{"name":"pracovn\u00fd list","href":"https:\/\/api.w.org\/{rel}","templated":true}]}}