{"id":3532,"date":"2025-01-08T03:11:19","date_gmt":"2025-01-08T03:11:19","guid":{"rendered":"https:\/\/fmp-components.com\/?page_id=8"},"modified":"2025-01-08T03:22:57","modified_gmt":"2025-01-08T03:22:57","slug":"ip67-waterproof-nema-stainless-steel-motor-tenv","status":"publish","type":"product","link":"https:\/\/fmp-components.com\/sk\/product\/ip67-waterproof-nema-stainless-steel-motor-tenv\/","title":{"rendered":"Vodotesn\u00fd motor z nehrdzavej\u00facej ocele NEMA s kryt\u00edm IP67 TENV"},"content":{"rendered":"<p style=\"text-align: center;\"><span style=\"font-size: 18pt;\">Vodotesn\u00fd motor z nehrdzavej\u00facej ocele NEMA s kryt\u00edm IP67 TENV<\/span><\/p>\n<p>Motory z nehrdzavej\u00facej ocele NEMA maj\u00fa dva kon\u0161truk\u010dn\u00e9 typy: plne uzavret\u00fd s vlastn\u00fdm chladen\u00edm a plne uzavret\u00fd s ventil\u00e1torov\u00fdm chladen\u00edm. Sp\u013a\u0148aj\u00fa normy NEMA a maj\u00fa vysok\u00fa \u00fa\u010dinnos\u0165. \u00da\u010dinnos\u0165 motorov nad 1 HP sp\u013a\u0148a \u0161peci\u00e1lny \u0161tandard \u00fa\u010dinnosti. Kryt motora, koncov\u00fd kryt, kapota, v\u00fdstup hriade\u013ea, no\u017ei\u010dky stroja a svorkovnica s\u00fa vyroben\u00e9 z nehrdzavej\u00facej ocele a vonkaj\u0161\u00ed povrch nie je natret\u00fd. Tento motor sa \u0161iroko pou\u017e\u00edva v potravin\u00e1rskom a farmaceutickom priemysle.<\/p>\n<p>Menovit\u00fd frekven\u010dn\u00fd meni\u010d - 6-60 Hz CT, VT\/PWM VFD 1.0 SF<br \/>\nVodotesn\u00e9 tesnenie na pred\u013a\u017eenej ty\u010di<br \/>\nKoncov\u00fd kryt je vybaven\u00fd dren\u00e1\u017enymi otvormi, ktor\u00e9 s\u00fa vhodn\u00e9 na odvodnenie pri akejko\u013evek met\u00f3de in\u0161tal\u00e1cie.<br \/>\nVyp\u00fa\u0161\u0165ac\u00ed otvor typu T je nain\u0161talovan\u00fd na z\u00e1kladni krytu konca bez hriade\u013ea \u2013 je mo\u017en\u00e9 ho premiestni\u0165.<br \/>\nDruh\u00fd odtokov\u00fd otvor typu T sa pou\u017e\u00edva na konci hriade\u013ea a z\u00e1kazn\u00edk ho m\u00f4\u017ee nain\u0161talova\u0165 na vhodn\u00e9 odtokov\u00e9 miesto.<\/p>\n<h2>Parameter motora z nehrdzavej\u00facej ocele<\/h2>\n<p><img loading=\"lazy\" decoding=\"async\" class=\"alignnone wp-image-3533\" src=\"https:\/\/fmp-components.com\/wp-content\/uploads\/2025\/01\/ep_8.stainless-steel-motor-1.webp\" alt=\"fmp_8.nerezov\u00fd-motor-1\" width=\"915\" height=\"375\" title=\"\" srcset=\"https:\/\/fmp-components.com\/wp-content\/uploads\/2025\/01\/ep_8.stainless-steel-motor-1.webp 915w, https:\/\/fmp-components.com\/wp-content\/uploads\/2025\/01\/ep_8.stainless-steel-motor-1-480x197.webp 480w\" sizes=\"(min-width: 0px) and (max-width: 480px) 480px, (min-width: 481px) 915px, 100vw\" \/><\/p>\n<table style=\"width: 99.8454%;\" border=\"1\">\n<tbody>\n<tr>\n<td style=\"width: 7.20461%;\"><strong>R\u00e1m\u00a0<\/strong><\/td>\n<td style=\"width: 3.31412%;\"><strong>A<\/strong><\/td>\n<td style=\"width: 4.46686%;\"><strong>BB<\/strong><\/td>\n<td style=\"width: 4.46686%;\"><strong>BA<\/strong><\/td>\n<td style=\"width: 4.46686%;\"><strong>SZ<\/strong><\/td>\n<td style=\"width: 5.6196%;\"><strong>U<\/strong><\/td>\n<td style=\"width: 5.6196%;\"><strong>R<\/strong><\/td>\n<td style=\"width: 5.6196%;\"><strong>S<\/strong><\/td>\n<td style=\"width: 4.46686%;\"><strong>ES<\/strong><\/td>\n<td style=\"width: 4.46686%;\"><strong>V<\/strong><\/td>\n<td style=\"width: 2.88184%;\"><strong>2. poschodie<\/strong><\/td>\n<td style=\"width: 4.46686%;\"><strong>B.<\/strong><\/td>\n<td style=\"width: 4.46686%;\"><strong>H<\/strong><\/td>\n<td style=\"width: 5.76369%;\"><strong>BF<\/strong><\/td>\n<td style=\"width: 5.6196%;\"><strong>AJ<\/strong><\/td>\n<td style=\"width: 3.45821%;\"><strong>Alja\u0161ka<\/strong><\/td>\n<td style=\"width: 4.46686%;\"><strong>P<\/strong><\/td>\n<td style=\"width: 4.46686%;\"><strong>AB<\/strong><\/td>\n<td style=\"width: 5.6196%;\"><strong>D<\/strong><\/td>\n<td style=\"width: 38.1844%;\"><strong>O<\/strong><\/td>\n<\/tr>\n<tr>\n<td style=\"width: 7.20461%;\">56 \u00b0C<\/td>\n<td style=\"width: 3.31412%;\">6.5<\/td>\n<td style=\"width: 4.46686%;\">0.16<\/td>\n<td style=\"width: 4.46686%;\">2.75<\/td>\n<td style=\"width: 4.46686%;\">1.88<\/td>\n<td style=\"width: 5.6196%;\">0.625<\/td>\n<td style=\"width: 5.6196%;\">0.517<\/td>\n<td style=\"width: 5.6196%;\">0.188<\/td>\n<td style=\"width: 4.46686%;\">1.41<\/td>\n<td style=\"width: 4.46686%;\">2.44<\/td>\n<td style=\"width: 2.88184%;\">3<\/td>\n<td style=\"width: 4.46686%;\">3.87<\/td>\n<td style=\"width: 4.46686%;\">0.34<\/td>\n<td style=\"width: 5.76369%;\">3\/8-16<\/td>\n<td style=\"width: 5.6196%;\">5.875<\/td>\n<td style=\"width: 3.45821%;\">4.5<\/td>\n<td style=\"width: 4.46686%;\">6.46<\/td>\n<td style=\"width: 4.46686%;\">5.79<\/td>\n<td style=\"width: 5.6196%;\">3.504<\/td>\n<td style=\"width: 38.1844%;\">6.73<\/td>\n<\/tr>\n<tr>\n<td style=\"width: 7.20461%;\">143TC<\/td>\n<td style=\"width: 3.31412%;\">6.5<\/td>\n<td style=\"width: 4.46686%;\">0.16<\/td>\n<td style=\"width: 4.46686%;\">2.75<\/td>\n<td style=\"width: 4.46686%;\">2.25<\/td>\n<td style=\"width: 5.6196%;\">0.771<\/td>\n<td style=\"width: 5.6196%;\">0.771<\/td>\n<td style=\"width: 5.6196%;\">0.188<\/td>\n<td style=\"width: 4.46686%;\">1.41<\/td>\n<td style=\"width: 4.46686%;\">2.44<\/td>\n<td style=\"width: 2.88184%;\">4<\/td>\n<td style=\"width: 4.46686%;\">4.87<\/td>\n<td style=\"width: 4.46686%;\">4.87<\/td>\n<td style=\"width: 5.76369%;\">3\/8-16<\/td>\n<td style=\"width: 5.6196%;\">5.875<\/td>\n<td style=\"width: 3.45821%;\">4.5<\/td>\n<td style=\"width: 4.46686%;\">6.46<\/td>\n<td style=\"width: 4.46686%;\">5.79<\/td>\n<td style=\"width: 5.6196%;\">3.504<\/td>\n<td style=\"width: 38.1844%;\">6.73<\/td>\n<\/tr>\n<tr>\n<td style=\"width: 7.20461%;\">145TC<\/td>\n<td style=\"width: 3.31412%;\">6.5<\/td>\n<td style=\"width: 4.46686%;\">0.16<\/td>\n<td style=\"width: 4.46686%;\">2.75<\/td>\n<td style=\"width: 4.46686%;\">2.25<\/td>\n<td style=\"width: 5.6196%;\">0.771<\/td>\n<td style=\"width: 5.6196%;\">0.771<\/td>\n<td style=\"width: 5.6196%;\">0.188<\/td>\n<td style=\"width: 4.46686%;\">1.41<\/td>\n<td style=\"width: 4.46686%;\">2.44<\/td>\n<td style=\"width: 2.88184%;\">5<\/td>\n<td style=\"width: 4.46686%;\">4.87<\/td>\n<td style=\"width: 4.46686%;\">5.87<\/td>\n<td style=\"width: 5.76369%;\">3\/8-16<\/td>\n<td style=\"width: 5.6196%;\">5.875<\/td>\n<td style=\"width: 3.45821%;\">4.5<\/td>\n<td style=\"width: 4.46686%;\">6.46<\/td>\n<td style=\"width: 4.46686%;\">5.79<\/td>\n<td style=\"width: 5.6196%;\">3.504<\/td>\n<td style=\"width: 38.1844%;\">6.73<\/td>\n<\/tr>\n<\/tbody>\n<\/table>\n<h2>S\u00favisiaci motor z nehrdzavej\u00facej ocele<\/h2>\n<table style=\"width: 100%;\" border=\"1\" width=\"100%\" cellspacing=\"0\" cellpadding=\"0\">\n<tbody>\n<tr>\n<td style=\"width: 25.378%;\" align=\"right\" width=\"64\" height=\"18\"><img loading=\"lazy\" decoding=\"async\" class=\"alignnone size-full wp-image-3507\" src=\"https:\/\/fmp-components.com\/wp-content\/uploads\/2025\/01\/ep_stainless-steel-motor-1.webp\" sizes=\"(max-width: 379px) 100vw, 379px\" srcset=\"https:\/\/fmp-components.com\/wp-content\/uploads\/2025\/01\/ep_stainless-steel-motor-1.webp 379w, https:\/\/fmp-components.com\/wp-content\/uploads\/2025\/01\/ep_stainless-steel-motor-1-300x200.webp 300w, https:\/\/fmp-components.com\/wp-content\/uploads\/2025\/01\/ep_stainless-steel-motor-1-18x12.webp 18w\" alt=\"motor z nehrdzavej\u00facej ocele\" width=\"379\" height=\"253\" title=\"\"><\/td>\n<td style=\"width: 26.3499%;\" align=\"right\" width=\"64\"><img loading=\"lazy\" decoding=\"async\" class=\"alignnone size-full wp-image-3508\" src=\"https:\/\/fmp-components.com\/wp-content\/uploads\/2025\/01\/ep_stainless-steel-motor-2-2.webp\" sizes=\"(max-width: 379px) 100vw, 379px\" srcset=\"https:\/\/fmp-components.com\/wp-content\/uploads\/2025\/01\/ep_stainless-steel-motor-2-2.webp 379w, https:\/\/fmp-components.com\/wp-content\/uploads\/2025\/01\/ep_stainless-steel-motor-2-2-300x200.webp 300w, https:\/\/fmp-components.com\/wp-content\/uploads\/2025\/01\/ep_stainless-steel-motor-2-2-18x12.webp 18w\" alt=\"motor z nehrdzavej\u00facej ocele\" width=\"379\" height=\"253\" title=\"\"><\/td>\n<td style=\"width: 25.486%;\" align=\"right\" width=\"64\"><img loading=\"lazy\" decoding=\"async\" class=\"alignnone size-full wp-image-3509\" src=\"https:\/\/fmp-components.com\/wp-content\/uploads\/2025\/01\/ep_stainless-steel-motor-6.webp\" sizes=\"(max-width: 379px) 100vw, 379px\" srcset=\"https:\/\/fmp-components.com\/wp-content\/uploads\/2025\/01\/ep_stainless-steel-motor-6.webp 379w, https:\/\/fmp-components.com\/wp-content\/uploads\/2025\/01\/ep_stainless-steel-motor-6-300x200.webp 300w, https:\/\/fmp-components.com\/wp-content\/uploads\/2025\/01\/ep_stainless-steel-motor-6-18x12.webp 18w\" alt=\"motor z nehrdzavej\u00facej ocele\" width=\"379\" height=\"253\" title=\"\"><\/td>\n<td style=\"width: 22.5702%;\" align=\"right\" width=\"64\"><img loading=\"lazy\" decoding=\"async\" class=\"alignnone size-full wp-image-3510\" src=\"https:\/\/fmp-components.com\/wp-content\/uploads\/2025\/01\/ep_stainless-steel-motor-300x200-1.webp\" sizes=\"(max-width: 300px) 100vw, 300px\" srcset=\"https:\/\/fmp-components.com\/wp-content\/uploads\/2025\/01\/ep_stainless-steel-motor-300x200-1.webp 300w, https:\/\/fmp-components.com\/wp-content\/uploads\/2025\/01\/ep_stainless-steel-motor-300x200-1-18x12.webp 18w\" alt=\"motor z nehrdzavej\u00facej ocele\" width=\"300\" height=\"200\" title=\"\"><\/td>\n<\/tr>\n<tr>\n<td style=\"width: 25.378%;\" align=\"right\" height=\"18\">Motor s permanentn\u00fdm magnetom z nehrdzavej\u00facej ocele<\/td>\n<td style=\"width: 26.3499%;\" align=\"right\">Vodou chladen\u00fd motor z nehrdzavej\u00facej ocele<\/td>\n<td style=\"width: 25.486%;\" align=\"right\">Elektromotor pre potravin\u00e1rsky priemysel<\/td>\n<td style=\"width: 22.5702%;\" align=\"right\">Motor z nehrdzavej\u00facej ocele<\/td>\n<\/tr>\n<tr>\n<td style=\"width: 25.378%;\" align=\"right\" height=\"18\"><img loading=\"lazy\" decoding=\"async\" class=\"alignnone size-full wp-image-3511\" src=\"https:\/\/fmp-components.com\/wp-content\/uploads\/2025\/01\/ep_stainless-steel-motor-4.webp\" sizes=\"(max-width: 379px) 100vw, 379px\" srcset=\"https:\/\/fmp-components.com\/wp-content\/uploads\/2025\/01\/ep_stainless-steel-motor-4.webp 379w, https:\/\/fmp-components.com\/wp-content\/uploads\/2025\/01\/ep_stainless-steel-motor-4-300x200.webp 300w, https:\/\/fmp-components.com\/wp-content\/uploads\/2025\/01\/ep_stainless-steel-motor-4-18x12.webp 18w\" alt=\"motor z nehrdzavej\u00facej ocele\" width=\"379\" height=\"253\" title=\"\"><\/td>\n<td style=\"width: 26.3499%;\" align=\"right\"><img loading=\"lazy\" decoding=\"async\" class=\"alignnone size-full wp-image-3512\" src=\"https:\/\/fmp-components.com\/wp-content\/uploads\/2025\/01\/ep_stainless-steel-motor-3.webp\" sizes=\"(max-width: 379px) 100vw, 379px\" srcset=\"https:\/\/fmp-components.com\/wp-content\/uploads\/2025\/01\/ep_stainless-steel-motor-3.webp 379w, https:\/\/fmp-components.com\/wp-content\/uploads\/2025\/01\/ep_stainless-steel-motor-3-300x200.webp 300w, https:\/\/fmp-components.com\/wp-content\/uploads\/2025\/01\/ep_stainless-steel-motor-3-18x12.webp 18w\" alt=\"motor z nehrdzavej\u00facej ocele\" width=\"379\" height=\"253\" title=\"\"><\/td>\n<td style=\"width: 25.486%;\" align=\"right\"><img loading=\"lazy\" decoding=\"async\" class=\"alignnone size-full wp-image-3513\" src=\"https:\/\/fmp-components.com\/wp-content\/uploads\/2025\/01\/ep_stainless-steel-motor-5.webp\" sizes=\"(max-width: 379px) 100vw, 379px\" srcset=\"https:\/\/fmp-components.com\/wp-content\/uploads\/2025\/01\/ep_stainless-steel-motor-5.webp 379w, https:\/\/fmp-components.com\/wp-content\/uploads\/2025\/01\/ep_stainless-steel-motor-5-300x200.webp 300w, https:\/\/fmp-components.com\/wp-content\/uploads\/2025\/01\/ep_stainless-steel-motor-5-18x12.webp 18w\" alt=\"motor z nehrdzavej\u00facej ocele\" width=\"379\" height=\"253\" title=\"\"><\/td>\n<td style=\"width: 22.5702%;\" align=\"right\"><img loading=\"lazy\" decoding=\"async\" class=\"alignnone size-full wp-image-3514\" src=\"https:\/\/fmp-components.com\/wp-content\/uploads\/2025\/01\/ep_stainless-steel-motor-6-1.webp\" sizes=\"(max-width: 379px) 100vw, 379px\" srcset=\"https:\/\/fmp-components.com\/wp-content\/uploads\/2025\/01\/ep_stainless-steel-motor-6-1.webp 379w, https:\/\/fmp-components.com\/wp-content\/uploads\/2025\/01\/ep_stainless-steel-motor-6-1-300x200.webp 300w, https:\/\/fmp-components.com\/wp-content\/uploads\/2025\/01\/ep_stainless-steel-motor-6-1-18x12.webp 18w\" alt=\"motor z nehrdzavej\u00facej ocele\" width=\"379\" height=\"253\" title=\"\"><\/td>\n<\/tr>\n<tr>\n<td style=\"width: 25.378%;\" align=\"right\" height=\"18\">IEC emulgovan\u00fd potravin\u00e1rsky stroj AC motor<\/td>\n<td style=\"width: 26.3499%;\" align=\"right\">Asynchr\u00f3nny motor NEMA 56C<\/td>\n<td style=\"width: 25.486%;\" align=\"right\">IEC striedav\u00fd motor z nehrdzavej\u00facej ocele<\/td>\n<td style=\"width: 22.5702%;\">Vysoko\u00fa\u010dinn\u00fd motor IEC, cel\u00fd z nehrdzavej\u00facej ocele<\/td>\n<\/tr>\n<tr>\n<td style=\"width: 25.378%;\" align=\"right\" width=\"64\" height=\"18\"><img loading=\"lazy\" decoding=\"async\" class=\"alignnone size-full wp-image-3515\" src=\"https:\/\/fmp-components.com\/wp-content\/uploads\/2025\/01\/ep_stainless-steel-motor-2.webp\" sizes=\"(max-width: 379px) 100vw, 379px\" srcset=\"https:\/\/fmp-components.com\/wp-content\/uploads\/2025\/01\/ep_stainless-steel-motor-2.webp 379w, https:\/\/fmp-components.com\/wp-content\/uploads\/2025\/01\/ep_stainless-steel-motor-2-300x200.webp 300w, https:\/\/fmp-components.com\/wp-content\/uploads\/2025\/01\/ep_stainless-steel-motor-2-18x12.webp 18w\" alt=\"motor z nehrdzavej\u00facej ocele\" width=\"379\" height=\"253\" title=\"\"><\/td>\n<td style=\"width: 26.3499%;\" align=\"right\" width=\"64\"><img loading=\"lazy\" decoding=\"async\" class=\"alignnone size-full wp-image-3516\" src=\"https:\/\/fmp-components.com\/wp-content\/uploads\/2025\/01\/ep_stainless-steel-motor-8.webp\" sizes=\"(max-width: 379px) 100vw, 379px\" srcset=\"https:\/\/fmp-components.com\/wp-content\/uploads\/2025\/01\/ep_stainless-steel-motor-8.webp 379w, https:\/\/fmp-components.com\/wp-content\/uploads\/2025\/01\/ep_stainless-steel-motor-8-300x200.webp 300w, https:\/\/fmp-components.com\/wp-content\/uploads\/2025\/01\/ep_stainless-steel-motor-8-18x12.webp 18w\" alt=\"motor z nehrdzavej\u00facej ocele\" width=\"379\" height=\"253\" title=\"\"><\/td>\n<td style=\"width: 25.486%;\" align=\"right\" width=\"64\"><img loading=\"lazy\" decoding=\"async\" class=\"alignnone size-full wp-image-3517\" src=\"https:\/\/fmp-components.com\/wp-content\/uploads\/2025\/01\/ep_stainless-steel-motor-7.webp\" sizes=\"(max-width: 379px) 100vw, 379px\" srcset=\"https:\/\/fmp-components.com\/wp-content\/uploads\/2025\/01\/ep_stainless-steel-motor-7.webp 379w, https:\/\/fmp-components.com\/wp-content\/uploads\/2025\/01\/ep_stainless-steel-motor-7-300x200.webp 300w, https:\/\/fmp-components.com\/wp-content\/uploads\/2025\/01\/ep_stainless-steel-motor-7-18x12.webp 18w\" alt=\"motor z nehrdzavej\u00facej ocele\" width=\"379\" height=\"253\" title=\"\"><\/td>\n<td style=\"width: 22.5702%;\" align=\"right\" width=\"64\"><\/td>\n<\/tr>\n<tr>\n<td style=\"width: 25.378%;\" align=\"right\" height=\"18\">Motor zariadenia na depil\u00e1ciu kur\u010diat a ka\u010d\u00edc<\/td>\n<td style=\"width: 26.3499%;\" align=\"right\">Motor z nehrdzavej\u00facej ocele NEMA potravin\u00e1rskej kvality<\/td>\n<td style=\"width: 25.486%;\" align=\"right\">Motor z nehrdzavej\u00facej ocele IEC potravin\u00e1rskej kvality<\/td>\n<td style=\"width: 22.5702%;\" align=\"right\"><\/td>\n<\/tr>\n<\/tbody>\n<\/table>\n<h2>O FMP<\/h2>\n<p>FMP je n\u00e1rodn\u00fd high-tech podnik \u0161pecializuj\u00faci sa na n\u00e1vrh, v\u00fdvoj a v\u00fdrobu pokro\u010dil\u00fdch motorov a elektromechanick\u00fdch rie\u0161en\u00ed. Zameriavame sa na v\u00fdrobu motorov s\u00e9rie YE2, YE3 a YE4 spolu s radom odvoden\u00fdch produktov. Na\u0161a ponuka produktov zah\u0155\u0148a aj trojf\u00e1zov\u00e9 a jednof\u00e1zov\u00e9 motory pre hydraulick\u00e9 \u010derpadl\u00e1, motory s hlin\u00edkov\u00fdm krytom, ne\u0161tandardn\u00e9 motory pre hydraulick\u00e9 \u010derpadl\u00e1, elektromechanick\u00e9 integrovan\u00e9 turb\u00ednov\u00e9 reduktory a \u010fal\u0161ie \u0161pecializovan\u00e9 motory.<\/p>\n<p>Produkty spolo\u010dnosti FMP sa vo ve\u013ekej miere pou\u017e\u00edvaj\u00fa v priemyselnej automatiz\u00e1cii a sl\u00fa\u017eia k\u013e\u00fa\u010dov\u00fdm odvetviam, ako s\u00fa CNC s\u00fastruhy, obuvn\u00edcke stroje, drevoobr\u00e1bacie stroje, kovoobr\u00e1bacie stroje, stroje na v\u00fdrobu plastov a stavebn\u00e9 stroje. V\u010faka siln\u00e9mu z\u00e1v\u00e4zku k inov\u00e1ci\u00e1m a kvalite spolo\u010dnos\u0165 FMP zabezpe\u010duje, aby v\u0161etky produkty sp\u013a\u0148ali najvy\u0161\u0161ie v\u00fdkonnostn\u00e9 \u0161tandardy.<\/p>\n<p>Okrem n\u00e1\u0161ho komplexn\u00e9ho sortimentu produktov sme hrd\u00ed na to, \u017ee pon\u00fakame aj rie\u0161enia na mieru prisp\u00f4soben\u00e9 \u0161pecifick\u00fdm potreb\u00e1m na\u0161ich klientov. \u010ci u\u017e potrebujete \u0161pecializovan\u00e9 motory, ne\u0161tandardn\u00e9 produkty alebo integrovan\u00e9 syst\u00e9my, spolo\u010dnos\u0165 FMP \u00fazko spolupracuje s klientmi, aby im poskytla vysokokvalitn\u00e9 rie\u0161enia na mieru. Na\u0161e zameranie na presn\u00e9 in\u017einierstvo a spokojnos\u0165 klientov je hnacou silou n\u00e1\u0161ho trval\u00e9ho \u00faspechu na glob\u00e1lnych trhoch.<\/p>\n<p>V spolo\u010dnosti FMP sa venujeme budovaniu dlhodob\u00fdch a vz\u00e1jomne prospe\u0161n\u00fdch partnerstiev a podporujeme \u00faspech na\u0161ich klientov pri ka\u017edom projekte.<\/p>\n<table style=\"width: 100.629%;\" border=\"0\" width=\"128\" cellspacing=\"0\" cellpadding=\"0\">\n<tbody>\n<tr>\n<td style=\"width: 49.2308%;\" align=\"right\" width=\"64\" height=\"18\"><img loading=\"lazy\" decoding=\"async\" class=\"alignnone size-full wp-image-3398\" src=\"https:\/\/fmp-components.com\/wp-content\/uploads\/2025\/01\/Three-Phase-Motor-Factory.webp\" sizes=\"(min-width: 0px) and (max-width: 480px) 480px, (min-width: 481px) 900px, 100vw\" srcset=\"https:\/\/fmp-components.com\/wp-content\/uploads\/2025\/01\/Three-Phase-Motor-Factory.webp 900w, https:\/\/fmp-components.com\/wp-content\/uploads\/2025\/01\/Three-Phase-Motor-Factory-480x320.webp 480w\" alt=\"Tov\u00e1re\u0148 na trojf\u00e1zov\u00e9 motory\" width=\"900\" height=\"600\" title=\"\"><\/td>\n<td style=\"width: 659.231%;\" align=\"right\" width=\"64\"><img loading=\"lazy\" decoding=\"async\" class=\"alignnone size-full wp-image-3399\" src=\"https:\/\/fmp-components.com\/wp-content\/uploads\/2025\/01\/Three-Phase-Motor-Factory-2.webp\" sizes=\"(min-width: 0px) and (max-width: 480px) 480px, (min-width: 481px) 900px, 100vw\" srcset=\"https:\/\/fmp-components.com\/wp-content\/uploads\/2025\/01\/Three-Phase-Motor-Factory-2.webp 900w, https:\/\/fmp-components.com\/wp-content\/uploads\/2025\/01\/Three-Phase-Motor-Factory-2-480x320.webp 480w\" alt=\"Tov\u00e1re\u0148 na trojf\u00e1zov\u00e9 motory 2\" width=\"900\" height=\"600\" title=\"\"><\/td>\n<\/tr>\n<tr>\n<td style=\"width: 49.2308%;\" align=\"right\" height=\"18\"><img loading=\"lazy\" decoding=\"async\" class=\"alignnone size-full wp-image-3400\" src=\"https:\/\/fmp-components.com\/wp-content\/uploads\/2025\/01\/China-Three-Phase-Motor-Factory-1.webp\" sizes=\"(min-width: 0px) and (max-width: 480px) 480px, (min-width: 481px) 900px, 100vw\" srcset=\"https:\/\/fmp-components.com\/wp-content\/uploads\/2025\/01\/China-Three-Phase-Motor-Factory-1.webp 900w, https:\/\/fmp-components.com\/wp-content\/uploads\/2025\/01\/China-Three-Phase-Motor-Factory-1-480x320.webp 480w\" alt=\"Tov\u00e1re\u0148 na trojf\u00e1zov\u00e9 motory 1\" width=\"900\" height=\"600\" title=\"\"><\/td>\n<td style=\"width: 659.231%;\" align=\"right\"><img loading=\"lazy\" decoding=\"async\" class=\"alignnone size-full wp-image-3401\" src=\"https:\/\/fmp-components.com\/wp-content\/uploads\/2025\/01\/Three-Phase-Motor-Factory-3.webp\" sizes=\"(min-width: 0px) and (max-width: 480px) 480px, (min-width: 481px) 900px, 100vw\" srcset=\"https:\/\/fmp-components.com\/wp-content\/uploads\/2025\/01\/Three-Phase-Motor-Factory-3.webp 900w, https:\/\/fmp-components.com\/wp-content\/uploads\/2025\/01\/Three-Phase-Motor-Factory-3-480x320.webp 480w\" alt=\"Tov\u00e1re\u0148 na trojf\u00e1zov\u00e9 motory 3\" width=\"900\" height=\"600\" title=\"\"><\/td>\n<\/tr>\n<tr>\n<td style=\"width: 49.2308%;\"><img loading=\"lazy\" decoding=\"async\" class=\"alignnone size-full wp-image-3471\" src=\"https:\/\/fmp-components.com\/wp-content\/uploads\/2025\/01\/Single-Phase-Induction-Motor-Suppliers.webp\" sizes=\"(min-width: 0px) and (max-width: 480px) 480px, (min-width: 481px) 900px, 100vw\" srcset=\"https:\/\/fmp-components.com\/wp-content\/uploads\/2025\/01\/Single-Phase-Induction-Motor-Suppliers.webp 900w, https:\/\/fmp-components.com\/wp-content\/uploads\/2025\/01\/Single-Phase-Induction-Motor-Suppliers-480x320.webp 480w\" alt=\"Dod\u00e1vatelia jednof\u00e1zov\u00fdch induk\u010dn\u00fdch motorov\" width=\"900\" height=\"600\" title=\"\"><\/td>\n<td style=\"width: 659.231%;\"><img loading=\"lazy\" decoding=\"async\" class=\"alignnone size-full wp-image-3470\" src=\"https:\/\/fmp-components.com\/wp-content\/uploads\/2025\/01\/Single-Phase-Induction-Motor-Manufacturers-1.webp\" sizes=\"(min-width: 0px) and (max-width: 480px) 480px, (min-width: 481px) 900px, 100vw\" srcset=\"https:\/\/fmp-components.com\/wp-content\/uploads\/2025\/01\/Single-Phase-Induction-Motor-Manufacturers-1.webp 900w, https:\/\/fmp-components.com\/wp-content\/uploads\/2025\/01\/Single-Phase-Induction-Motor-Manufacturers-1-480x320.webp 480w\" alt=\"V\u00fdrobcovia jednof\u00e1zov\u00fdch induk\u010dn\u00fdch motorov 1\" width=\"900\" height=\"600\" title=\"\"><\/td>\n<\/tr>\n<tr>\n<td style=\"width: 49.2308%;\"><img loading=\"lazy\" decoding=\"async\" class=\"alignnone size-full wp-image-3472\" src=\"https:\/\/fmp-components.com\/wp-content\/uploads\/2025\/01\/Single-Phase-Induction-Motor-Manufacturers.webp\" sizes=\"(min-width: 0px) and (max-width: 480px) 480px, (min-width: 481px) 900px, 100vw\" srcset=\"https:\/\/fmp-components.com\/wp-content\/uploads\/2025\/01\/Single-Phase-Induction-Motor-Manufacturers.webp 900w, https:\/\/fmp-components.com\/wp-content\/uploads\/2025\/01\/Single-Phase-Induction-Motor-Manufacturers-480x320.webp 480w\" alt=\"V\u00fdrobcovia jednof\u00e1zov\u00fdch induk\u010dn\u00fdch motorov\" width=\"900\" height=\"600\" title=\"\"><\/td>\n<td style=\"width: 659.231%;\"><img loading=\"lazy\" decoding=\"async\" class=\"alignnone size-full wp-image-3473\" src=\"https:\/\/fmp-components.com\/wp-content\/uploads\/2025\/01\/Single-Phase-Induction-Motor-for-Sale.webp\" sizes=\"(min-width: 0px) and (max-width: 480px) 480px, (min-width: 481px) 900px, 100vw\" srcset=\"https:\/\/fmp-components.com\/wp-content\/uploads\/2025\/01\/Single-Phase-Induction-Motor-for-Sale.webp 900w, https:\/\/fmp-components.com\/wp-content\/uploads\/2025\/01\/Single-Phase-Induction-Motor-for-Sale-480x320.webp 480w\" alt=\"Jednof\u00e1zov\u00fd induk\u010dn\u00fd motor na predaj\" width=\"900\" height=\"600\" title=\"\"><\/td>\n<\/tr>\n<\/tbody>\n<\/table>\n<p>Autor: CX<\/p>","protected":false},"excerpt":{"rendered":"<p>IP67 Waterproof NEMA Stainless Steel Motor TENV NEMA stainless steel motors have two structural forms: fully enclosed self-cooling and fully enclosed fan cooling. They meet NEMA standards and have high efficiency characteristics. The efficiency of motors above 1HP meets the special efficiency standard. The motor housing, end cover, hood, shaft outlet, machine feet, and terminal [&hellip;]<\/p>","protected":false},"featured_media":3534,"comment_status":"open","ping_status":"closed","template":"","meta":{"_et_pb_use_builder":"","_et_pb_old_content":"","_et_gb_content_width":""},"product_brand":[],"product_cat":[88],"product_tag":[],"class_list":{"0":"post-3532","1":"product","2":"type-product","3":"status-publish","4":"has-post-thumbnail","6":"product_cat-stainless-steel-motors","8":"first","9":"instock","10":"shipping-taxable","11":"product-type-simple"},"_links":{"self":[{"href":"https:\/\/fmp-components.com\/sk\/wp-json\/wp\/v2\/product\/3532","targetHints":{"allow":["GET"]}}],"collection":[{"href":"https:\/\/fmp-components.com\/sk\/wp-json\/wp\/v2\/product"}],"about":[{"href":"https:\/\/fmp-components.com\/sk\/wp-json\/wp\/v2\/types\/product"}],"replies":[{"embeddable":true,"href":"https:\/\/fmp-components.com\/sk\/wp-json\/wp\/v2\/comments?post=3532"}],"wp:featuredmedia":[{"embeddable":true,"href":"https:\/\/fmp-components.com\/sk\/wp-json\/wp\/v2\/media\/3534"}],"wp:attachment":[{"href":"https:\/\/fmp-components.com\/sk\/wp-json\/wp\/v2\/media?parent=3532"}],"wp:term":[{"taxonomy":"product_brand","embeddable":true,"href":"https:\/\/fmp-components.com\/sk\/wp-json\/wp\/v2\/product_brand?post=3532"},{"taxonomy":"product_cat","embeddable":true,"href":"https:\/\/fmp-components.com\/sk\/wp-json\/wp\/v2\/product_cat?post=3532"},{"taxonomy":"product_tag","embeddable":true,"href":"https:\/\/fmp-components.com\/sk\/wp-json\/wp\/v2\/product_tag?post=3532"}],"curies":[{"name":"pracovn\u00fd list","href":"https:\/\/api.w.org\/{rel}","templated":true}]}}