{"id":3364,"date":"2025-01-07T02:27:08","date_gmt":"2025-01-07T02:27:08","guid":{"rendered":"https:\/\/fmp-components.com\/?page_id=8"},"modified":"2025-01-07T03:32:13","modified_gmt":"2025-01-07T03:32:13","slug":"yyyn-jb-gear-reducer-single-three-phase-motor-series","status":"publish","type":"product","link":"https:\/\/fmp-components.com\/sk\/product\/yyyn-jb-gear-reducer-single-three-phase-motor-series\/","title":{"rendered":"YY(YN)\/JB Reduktor s jednof\u00e1zov\u00fdm\/trojf\u00e1zov\u00fdm motorom"},"content":{"rendered":"<h2>60YN6-2CZ\/JB150G8<\/h2>\n<p><img loading=\"lazy\" decoding=\"async\" class=\"size-full wp-image-3372 aligncenter\" src=\"https:\/\/fmp-components.com\/wp-content\/uploads\/2025\/01\/60YN6-2CZ-JB150G8-1.webp\" alt=\"60YN6-2CZ-JB150G8-1\" width=\"516\" height=\"330\" title=\"\" srcset=\"https:\/\/fmp-components.com\/wp-content\/uploads\/2025\/01\/60YN6-2CZ-JB150G8-1.webp 516w, https:\/\/fmp-components.com\/wp-content\/uploads\/2025\/01\/60YN6-2CZ-JB150G8-1-480x307.webp 480w\" sizes=\"(min-width: 0px) and (max-width: 480px) 480px, (min-width: 481px) 516px, 100vw\" \/><\/p>\n<table style=\"width: 100%;\" border=\"1\" width=\"100%\" cellspacing=\"0\" cellpadding=\"0\">\n<tbody>\n<tr>\n<th>N\u00e1zov produktu<\/th>\n<td>60YN6-2CZ\/JB150G8<\/td>\n<\/tr>\n<tr>\n<th>Typ motora<\/th>\n<td>Jednof\u00e1zov\u00fd, 4-p\u00f3lov\u00fd, 6W asynchr\u00f3nny motor<\/td>\n<\/tr>\n<tr>\n<th>Nap\u00e1jac\u00ed zdroj<\/th>\n<td>220 V, 50 Hz (mo\u017eno pou\u017ei\u0165 aj s 230 V, 110 V alebo 100 V)<\/td>\n<\/tr>\n<tr>\n<th>Vlastnosti motora<\/th>\n<td><strong>V\u00fdkon:<\/strong> 6W<br \/>\n<strong>Kryt motora:<\/strong> Ve\u013ekos\u0165 r\u00e1mu 60<br \/>\n<strong>\u010eal\u0161ie funkcie:<\/strong> Funkcia mechanick\u00e9ho tlmenia (Z)<br \/>\n<strong>Tepeln\u00e1 ochrana:<\/strong> Vybaven\u00e9 tepelnou ochranou (P)<\/td>\n<\/tr>\n<tr>\n<th>Prevodovka<\/th>\n<td><strong>Model:<\/strong> Reduk\u010dn\u00e1 prevodovka s necentr\u00e1lnym hriade\u013eom 60JB<br \/>\n<strong>Dizajn:<\/strong> Integrovan\u00e1 \u0161trukt\u00fara<br \/>\n<strong>Reduk\u010dn\u00fd pomer:<\/strong> 1:150<br \/>\n<strong>Lo\u017eisk\u00e1:<\/strong> Valiv\u00e9 lo\u017eisk\u00e1<br \/>\n<strong>Priemer hriade\u013ea:<\/strong> 8mm<\/td>\n<\/tr>\n<\/tbody>\n<\/table>\n<p><img loading=\"lazy\" decoding=\"async\" class=\"alignnone size-full wp-image-3373\" src=\"https:\/\/fmp-components.com\/wp-content\/uploads\/2025\/01\/60YN6-2CZ-JB150G8.webp\" alt=\"60YN6-2CZ-JB150G8\" width=\"919\" height=\"628\" title=\"\" srcset=\"https:\/\/fmp-components.com\/wp-content\/uploads\/2025\/01\/60YN6-2CZ-JB150G8.webp 919w, https:\/\/fmp-components.com\/wp-content\/uploads\/2025\/01\/60YN6-2CZ-JB150G8-480x328.webp 480w\" sizes=\"(min-width: 0px) and (max-width: 480px) 480px, (min-width: 481px) 919px, 100vw\" \/><\/p>\n<h2>70YN15-2CZ\/JB150G10<\/h2>\n<p><img loading=\"lazy\" decoding=\"async\" class=\"size-full wp-image-3376 aligncenter\" src=\"https:\/\/fmp-components.com\/wp-content\/uploads\/2025\/01\/70YN15-2CZ-JB150G10.webp\" alt=\"70YN15-2CZ-JB150G10\" width=\"325\" height=\"214\" title=\"\" srcset=\"https:\/\/fmp-components.com\/wp-content\/uploads\/2025\/01\/70YN15-2CZ-JB150G10.webp 325w, https:\/\/fmp-components.com\/wp-content\/uploads\/2025\/01\/70YN15-2CZ-JB150G10-300x198.webp 300w, https:\/\/fmp-components.com\/wp-content\/uploads\/2025\/01\/70YN15-2CZ-JB150G10-18x12.webp 18w\" sizes=\"(max-width: 325px) 100vw, 325px\" \/><\/p>\n<table style=\"width: 100%;\" border=\"1\" width=\"100%\" cellspacing=\"0\" cellpadding=\"0\">\n<tbody>\n<tr>\n<th>N\u00e1zov produktu<\/th>\n<td>70YN15-2CZ\/JB150G10<\/td>\n<\/tr>\n<tr>\n<th>Typ motora<\/th>\n<td>Jednof\u00e1zov\u00fd, 4-p\u00f3lov\u00fd, 15W induk\u010dn\u00fd motor<\/td>\n<\/tr>\n<tr>\n<th>Nap\u00e1jac\u00ed zdroj<\/th>\n<td>220 V, 50 Hz (kompatibiln\u00e9 aj s 230 V, 110 V alebo 100 V)<\/td>\n<\/tr>\n<tr>\n<th>Vlastnosti motora<\/th>\n<td><strong>V\u00fdkon:<\/strong> 15W<br \/>\n<strong>Ve\u013ekos\u0165 r\u00e1mu:<\/strong> 70<br \/>\n<strong>\u010eal\u0161ie funkcie:<\/strong> Funkcia mechanick\u00e9ho tlmenia (Z)<br \/>\n<strong>Tepeln\u00e1 ochrana:<\/strong> Vybaven\u00e9 tepelnou ochranou (P)<\/td>\n<\/tr>\n<tr>\n<th>Prevodovka<\/th>\n<td><strong>Model:<\/strong> 70JB necentr\u00e1lna reduk\u010dn\u00e1 prevodovka s hriade\u013eom<br \/>\n<strong>Dizajn:<\/strong> Integr\u00e1lna \u0161trukt\u00fara<br \/>\n<strong>Reduk\u010dn\u00fd pomer:<\/strong> 1:150<br \/>\n<strong>Lo\u017eisk\u00e1:<\/strong> Valiv\u00e9 lo\u017eisk\u00e1<br \/>\n<strong>Priemer hriade\u013ea:<\/strong> 10 mm<\/td>\n<\/tr>\n<\/tbody>\n<\/table>\n<p><img loading=\"lazy\" decoding=\"async\" class=\"alignnone size-full wp-image-3375\" src=\"https:\/\/fmp-components.com\/wp-content\/uploads\/2025\/01\/70YN15-2CZ-JB150G10-1.webp\" alt=\"70YN15-2CZ-JB150G10-1\" width=\"913\" height=\"731\" title=\"\" srcset=\"https:\/\/fmp-components.com\/wp-content\/uploads\/2025\/01\/70YN15-2CZ-JB150G10-1.webp 913w, https:\/\/fmp-components.com\/wp-content\/uploads\/2025\/01\/70YN15-2CZ-JB150G10-1-480x384.webp 480w\" sizes=\"(min-width: 0px) and (max-width: 480px) 480px, (min-width: 481px) 913px, 100vw\" \/><\/p>\n<h2>80YN25-2CZ\/JBE150G10<\/h2>\n<p><img loading=\"lazy\" decoding=\"async\" class=\"size-full wp-image-3377 aligncenter\" src=\"https:\/\/fmp-components.com\/wp-content\/uploads\/2025\/01\/80YN25-2CZ-JBE150G10-1.webp\" alt=\"80YN25-2CZ-JBE150G10-1\" width=\"305\" height=\"196\" title=\"\" srcset=\"https:\/\/fmp-components.com\/wp-content\/uploads\/2025\/01\/80YN25-2CZ-JBE150G10-1.webp 305w, https:\/\/fmp-components.com\/wp-content\/uploads\/2025\/01\/80YN25-2CZ-JBE150G10-1-300x193.webp 300w, https:\/\/fmp-components.com\/wp-content\/uploads\/2025\/01\/80YN25-2CZ-JBE150G10-1-18x12.webp 18w\" sizes=\"(max-width: 305px) 100vw, 305px\" \/><\/p>\n<table style=\"width: 100%;\" border=\"1\" width=\"100%\" cellspacing=\"0\" cellpadding=\"0\">\n<tbody>\n<tr>\n<th>N\u00e1zov produktu<\/th>\n<td>80YN25-2CZ\/JBE150G10<\/td>\n<\/tr>\n<tr>\n<th>Typ motora<\/th>\n<td>Jednof\u00e1zov\u00fd, 4-p\u00f3lov\u00fd, 25W induk\u010dn\u00fd motor<\/td>\n<\/tr>\n<tr>\n<th>Nap\u00e1jac\u00ed zdroj<\/th>\n<td>220 V, 50 Hz (kompatibiln\u00e9 aj s 230 V, 110 V alebo 100 V)<\/td>\n<\/tr>\n<tr>\n<th>Vlastnosti motora<\/th>\n<td><strong>V\u00fdkon:<\/strong> 25 W<br \/>\n<strong>Ve\u013ekos\u0165 r\u00e1mu:<\/strong> 80<br \/>\n<strong>\u010eal\u0161ie funkcie:<\/strong> Funkcia mechanick\u00e9ho tlmenia (Z)<br \/>\n<strong>Tepeln\u00e1 ochrana:<\/strong> Vybaven\u00e9 tepelnou ochranou (P)<\/td>\n<\/tr>\n<tr>\n<th>Prevodovka<\/th>\n<td><strong>Model:<\/strong> 80JB necentr\u00e1lna reduk\u010dn\u00e1 prevodovka s hriade\u013eom<br \/>\n<strong>Dizajn:<\/strong> Integr\u00e1lna \u0161trukt\u00fara<br \/>\n<strong>Reduk\u010dn\u00fd pomer:<\/strong> 1:150<br \/>\n<strong>Lo\u017eisk\u00e1:<\/strong> Valiv\u00e9 lo\u017eisk\u00e1<br \/>\n<strong>Priemer hriade\u013ea:<\/strong> 10 mm<\/td>\n<\/tr>\n<\/tbody>\n<\/table>\n<p><img loading=\"lazy\" decoding=\"async\" class=\"alignnone size-full wp-image-3378\" src=\"https:\/\/fmp-components.com\/wp-content\/uploads\/2025\/01\/80YN25-2CZ-JBE150G10-2.webp\" alt=\"80YN25-2CZ-JBE150G10-2\" width=\"919\" height=\"721\" title=\"\" srcset=\"https:\/\/fmp-components.com\/wp-content\/uploads\/2025\/01\/80YN25-2CZ-JBE150G10-2.webp 919w, https:\/\/fmp-components.com\/wp-content\/uploads\/2025\/01\/80YN25-2CZ-JBE150G10-2-480x377.webp 480w\" sizes=\"(min-width: 0px) and (max-width: 480px) 480px, (min-width: 481px) 919px, 100vw\" \/><\/p>\n<h2>90YY40-2CZ\/JB150G12<\/h2>\n<p><img loading=\"lazy\" decoding=\"async\" class=\"size-full wp-image-3380 aligncenter\" src=\"https:\/\/fmp-components.com\/wp-content\/uploads\/2025\/01\/90YY40-2CZ-JB150G12-1.webp\" alt=\"90YY40-2CZ-JB150G12-1\" width=\"333\" height=\"204\" title=\"\" srcset=\"https:\/\/fmp-components.com\/wp-content\/uploads\/2025\/01\/90YY40-2CZ-JB150G12-1.webp 333w, https:\/\/fmp-components.com\/wp-content\/uploads\/2025\/01\/90YY40-2CZ-JB150G12-1-300x184.webp 300w, https:\/\/fmp-components.com\/wp-content\/uploads\/2025\/01\/90YY40-2CZ-JB150G12-1-18x12.webp 18w\" sizes=\"(max-width: 333px) 100vw, 333px\" \/><\/p>\n<table style=\"width: 100%;\" border=\"1\" width=\"100%\" cellspacing=\"0\" cellpadding=\"0\">\n<tbody>\n<tr>\n<th>N\u00e1zov produktu<\/th>\n<td>90YY40-2CZ\/JB150G12<\/td>\n<\/tr>\n<tr>\n<th>Typ motora<\/th>\n<td>Jednof\u00e1zov\u00fd, 4-p\u00f3lov\u00fd, 40W induk\u010dn\u00fd motor<\/td>\n<\/tr>\n<tr>\n<th>Nap\u00e1jac\u00ed zdroj<\/th>\n<td>220 V, 50 Hz (kompatibiln\u00e9 aj s 230 V, 110 V alebo 100 V)<\/td>\n<\/tr>\n<tr>\n<th>Vlastnosti motora<\/th>\n<td><strong>V\u00fdkon:<\/strong> 40W<br \/>\n<strong>Ve\u013ekos\u0165 r\u00e1mu:<\/strong> 90<br \/>\n<strong>\u010eal\u0161ie funkcie:<\/strong> Funkcia mechanick\u00e9ho tlmenia (Z)<br \/>\n<strong>Tepeln\u00e1 ochrana:<\/strong> Vybaven\u00e9 tepelnou ochranou (P)<\/td>\n<\/tr>\n<tr>\n<th>Prevodovka<\/th>\n<td><strong>Model:<\/strong> 90JB necentr\u00e1lna reduk\u010dn\u00e1 prevodovka s hriade\u013eom<br \/>\n<strong>Dizajn:<\/strong> Integr\u00e1lna \u0161trukt\u00fara<br \/>\n<strong>Reduk\u010dn\u00fd pomer:<\/strong> 1:150<br \/>\n<strong>Lo\u017eisk\u00e1:<\/strong> Valiv\u00e9 lo\u017eisk\u00e1<br \/>\n<strong>Priemer hriade\u013ea:<\/strong> 12mm<\/td>\n<\/tr>\n<\/tbody>\n<\/table>\n<p><img loading=\"lazy\" decoding=\"async\" class=\"alignnone size-full wp-image-3379\" src=\"https:\/\/fmp-components.com\/wp-content\/uploads\/2025\/01\/90YY40-2CZ-JB150G12-2.webp\" alt=\"90YY40-2CZ-JB150G12-2\" width=\"925\" height=\"774\" title=\"\" srcset=\"https:\/\/fmp-components.com\/wp-content\/uploads\/2025\/01\/90YY40-2CZ-JB150G12-2.webp 925w, https:\/\/fmp-components.com\/wp-content\/uploads\/2025\/01\/90YY40-2CZ-JB150G12-2-480x402.webp 480w\" sizes=\"(min-width: 0px) and (max-width: 480px) 480px, (min-width: 481px) 925px, 100vw\" \/><\/p>\n<h2>90YY60-2CF\/JB150G12<\/h2>\n<p><img loading=\"lazy\" decoding=\"async\" class=\"size-full wp-image-3384 aligncenter\" src=\"https:\/\/fmp-components.com\/wp-content\/uploads\/2025\/01\/90YY60-2CF-JB150G12.webp\" alt=\"90YY60-2CF-JB150G12\" width=\"331\" height=\"204\" title=\"\" srcset=\"https:\/\/fmp-components.com\/wp-content\/uploads\/2025\/01\/90YY60-2CF-JB150G12.webp 331w, https:\/\/fmp-components.com\/wp-content\/uploads\/2025\/01\/90YY60-2CF-JB150G12-300x185.webp 300w, https:\/\/fmp-components.com\/wp-content\/uploads\/2025\/01\/90YY60-2CF-JB150G12-18x12.webp 18w\" sizes=\"(max-width: 331px) 100vw, 331px\" \/><\/p>\n<table style=\"width: 100%;\" border=\"1\" width=\"100%\" cellspacing=\"0\" cellpadding=\"0\">\n<tbody>\n<tr>\n<th>N\u00e1zov produktu<\/th>\n<td>90YY60-2CF\/JB150G12<\/td>\n<\/tr>\n<tr>\n<th>Typ motora<\/th>\n<td>Jednof\u00e1zov\u00fd, 4-p\u00f3lov\u00fd, 60W induk\u010dn\u00fd motor<\/td>\n<\/tr>\n<tr>\n<th>Nap\u00e1jac\u00ed zdroj<\/th>\n<td><strong>Jednof\u00e1zov\u00fd:<\/strong> 230 V, 220 V, 110 V, 100 V<br \/>\n<strong>Trojf\u00e1zov\u00e9:<\/strong> 440 V, 380 V, 220 V, 200 V<\/td>\n<\/tr>\n<tr>\n<th>Vlastnosti motora<\/th>\n<td><strong>V\u00fdkon:<\/strong> 60 W<br \/>\n<strong>Ve\u013ekos\u0165 r\u00e1mu:<\/strong> 90<br \/>\n<strong>\u010eal\u0161ie funkcie:<\/strong> Chladiaci ventil\u00e1tor<br \/>\n<strong>Tepeln\u00e1 ochrana:<\/strong> Vybaven\u00e9 tepelnou ochranou (P)<\/td>\n<\/tr>\n<tr>\n<th>Prevodovka<\/th>\n<td><strong>Model:<\/strong> 90JB necentr\u00e1lna reduk\u010dn\u00e1 prevodovka s hriade\u013eom<br \/>\n<strong>Dizajn:<\/strong> Integr\u00e1lna \u0161trukt\u00fara<br \/>\n<strong>Reduk\u010dn\u00fd pomer:<\/strong> 1:150<br \/>\n<strong>Lo\u017eisk\u00e1:<\/strong> Valiv\u00e9 lo\u017eisk\u00e1<br \/>\n<strong>Priemer hriade\u013ea:<\/strong> 12mm<\/td>\n<\/tr>\n<tr>\n<th>Doplnkov\u00e1 funkcia<\/th>\n<td>Funkcia mechanick\u00e9ho tlmenia (Z)<\/td>\n<\/tr>\n<\/tbody>\n<\/table>\n<p><img loading=\"lazy\" decoding=\"async\" class=\"alignnone wp-image-3383\" src=\"https:\/\/fmp-components.com\/wp-content\/uploads\/2025\/01\/90YY60-2CF-JB150G12-1.webp\" alt=\"90YY60-2CF-JB150G12-1\" width=\"863\" height=\"748\" title=\"\" srcset=\"https:\/\/fmp-components.com\/wp-content\/uploads\/2025\/01\/90YY60-2CF-JB150G12-1.webp 863w, https:\/\/fmp-components.com\/wp-content\/uploads\/2025\/01\/90YY60-2CF-JB150G12-1-480x416.webp 480w\" sizes=\"(min-width: 0px) and (max-width: 480px) 480px, (min-width: 481px) 863px, 100vw\" \/><\/p>\n<h2>90YY90-2CF\/JB150G15<\/h2>\n<p><img loading=\"lazy\" decoding=\"async\" class=\"size-full wp-image-3385 aligncenter\" src=\"https:\/\/fmp-components.com\/wp-content\/uploads\/2025\/01\/90YY90-2CF-JB150G15.webp\" alt=\"90YY90-2CF-JB150G15\" width=\"306\" height=\"197\" title=\"\" srcset=\"https:\/\/fmp-components.com\/wp-content\/uploads\/2025\/01\/90YY90-2CF-JB150G15.webp 306w, https:\/\/fmp-components.com\/wp-content\/uploads\/2025\/01\/90YY90-2CF-JB150G15-300x193.webp 300w, https:\/\/fmp-components.com\/wp-content\/uploads\/2025\/01\/90YY90-2CF-JB150G15-18x12.webp 18w\" sizes=\"(max-width: 306px) 100vw, 306px\" \/><\/p>\n<table style=\"width: 100%;\" border=\"1\" width=\"100%\" cellspacing=\"0\" cellpadding=\"0\">\n<tbody>\n<tr>\n<th>N\u00e1zov produktu<\/th>\n<td>90YY90-2CF\/JB150G15<\/td>\n<\/tr>\n<tr>\n<th>Typ motora<\/th>\n<td>Jednof\u00e1zov\u00fd, 4-p\u00f3lov\u00fd, 90W induk\u010dn\u00fd motor<\/td>\n<\/tr>\n<tr>\n<th>Nap\u00e1jac\u00ed zdroj<\/th>\n<td><strong>Jednof\u00e1zov\u00fd:<\/strong> 230 V, 220 V, 110 V, 100 V<br \/>\n<strong>Trojf\u00e1zov\u00e9:<\/strong> 440 V, 380 V, 220 V, 200 V<\/td>\n<\/tr>\n<tr>\n<th>Vlastnosti motora<\/th>\n<td><strong>V\u00fdkon:<\/strong> 90 W<br \/>\n<strong>Ve\u013ekos\u0165 r\u00e1mu:<\/strong> 90<br \/>\n<strong>\u010eal\u0161ie funkcie:<\/strong> Chladiaci ventil\u00e1tor<br \/>\n<strong>Tepeln\u00e1 ochrana:<\/strong> Vybaven\u00e9 tepelnou ochranou (P)<\/td>\n<\/tr>\n<tr>\n<th>Prevodovka<\/th>\n<td><strong>Model:<\/strong> 90JB necentr\u00e1lna reduk\u010dn\u00e1 prevodovka s hriade\u013eom<br \/>\n<strong>Dizajn:<\/strong> Integr\u00e1lna \u0161trukt\u00fara<br \/>\n<strong>Reduk\u010dn\u00fd pomer:<\/strong> 1:150<br \/>\n<strong>Lo\u017eisk\u00e1:<\/strong> Valiv\u00e9 lo\u017eisk\u00e1<br \/>\n<strong>Priemer hriade\u013ea:<\/strong> 15 mm<\/td>\n<\/tr>\n<tr>\n<th>\u010eal\u0161ie funkcie<\/th>\n<td>Funkcia mechanick\u00e9ho tlmenia (Z)<\/td>\n<\/tr>\n<\/tbody>\n<\/table>\n<p><img loading=\"lazy\" decoding=\"async\" class=\"alignnone size-full wp-image-3386\" src=\"https:\/\/fmp-components.com\/wp-content\/uploads\/2025\/01\/90YY90-2CF-JB150G15-1.webp\" alt=\"90YY90-2CF-JB150G15-1\" width=\"919\" height=\"736\" title=\"\" srcset=\"https:\/\/fmp-components.com\/wp-content\/uploads\/2025\/01\/90YY90-2CF-JB150G15-1.webp 919w, https:\/\/fmp-components.com\/wp-content\/uploads\/2025\/01\/90YY90-2CF-JB150G15-1-480x384.webp 480w\" sizes=\"(min-width: 0px) and (max-width: 480px) 480px, (min-width: 481px) 919px, 100vw\" \/><\/p>\n<h2>60YN4-2CZ\/JB150G8<\/h2>\n<p><img loading=\"lazy\" decoding=\"async\" class=\"size-full wp-image-3381 aligncenter\" src=\"https:\/\/fmp-components.com\/wp-content\/uploads\/2025\/01\/60YN4-2CZ-JB150G8-1.webp\" alt=\"60YN4-2CZ-JB150G8-1\" width=\"344\" height=\"208\" title=\"\" srcset=\"https:\/\/fmp-components.com\/wp-content\/uploads\/2025\/01\/60YN4-2CZ-JB150G8-1.webp 344w, https:\/\/fmp-components.com\/wp-content\/uploads\/2025\/01\/60YN4-2CZ-JB150G8-1-300x181.webp 300w, https:\/\/fmp-components.com\/wp-content\/uploads\/2025\/01\/60YN4-2CZ-JB150G8-1-18x12.webp 18w\" sizes=\"(max-width: 344px) 100vw, 344px\" \/><\/p>\n<table style=\"width: 100%;\" border=\"1\" width=\"100%\" cellspacing=\"0\" cellpadding=\"0\">\n<tbody>\n<tr>\n<th>N\u00e1zov produktu<\/th>\n<td>60YN4-2CZ\/JB150G8<\/td>\n<\/tr>\n<tr>\n<th>Typ motora<\/th>\n<td>Jednof\u00e1zov\u00fd, 4-p\u00f3lov\u00fd, 4W induk\u010dn\u00fd motor<\/td>\n<\/tr>\n<tr>\n<th>Nap\u00e1jac\u00ed zdroj<\/th>\n<td>220 V, 50 Hz (kompatibiln\u00e9 aj s 230 V, 110 V alebo 100 V)<\/td>\n<\/tr>\n<tr>\n<th>Vlastnosti motora<\/th>\n<td><strong>V\u00fdkon:<\/strong> 4W<br \/>\n<strong>Ve\u013ekos\u0165 r\u00e1mu:<\/strong> 60<br \/>\n<strong>\u010eal\u0161ie funkcie:<\/strong> Funkcia mechanick\u00e9ho tlmenia (Z)<br \/>\n<strong>Tepeln\u00e1 ochrana:<\/strong> Vybaven\u00e9 tepelnou ochranou (P)<\/td>\n<\/tr>\n<tr>\n<th>Prevodovka<\/th>\n<td><strong>Model:<\/strong> 60JB necentr\u00e1lna reduk\u010dn\u00e1 prevodovka s hriade\u013eom<br \/>\n<strong>Dizajn:<\/strong> Integr\u00e1lna \u0161trukt\u00fara<br \/>\n<strong>Reduk\u010dn\u00fd pomer:<\/strong> 1:150<br \/>\n<strong>Lo\u017eisk\u00e1:<\/strong> Valiv\u00e9 lo\u017eisk\u00e1<br \/>\n<strong>Priemer hriade\u013ea:<\/strong> 8mm<\/td>\n<\/tr>\n<\/tbody>\n<\/table>\n<p><img loading=\"lazy\" decoding=\"async\" class=\"alignnone size-full wp-image-3382\" src=\"https:\/\/fmp-components.com\/wp-content\/uploads\/2025\/01\/60YN4-2CZ-JB150G8-2.webp\" alt=\"60YN4-2CZ-JB150G8-2\" width=\"935\" height=\"676\" title=\"\" srcset=\"https:\/\/fmp-components.com\/wp-content\/uploads\/2025\/01\/60YN4-2CZ-JB150G8-2.webp 935w, https:\/\/fmp-components.com\/wp-content\/uploads\/2025\/01\/60YN4-2CZ-JB150G8-2-480x347.webp 480w\" sizes=\"(min-width: 0px) and (max-width: 480px) 480px, (min-width: 481px) 935px, 100vw\" \/><\/p>\n<h2>60YN10-2CZ\/JB150G8<\/h2>\n<p><img loading=\"lazy\" decoding=\"async\" class=\"size-full wp-image-3388 aligncenter\" src=\"https:\/\/fmp-components.com\/wp-content\/uploads\/2025\/01\/60YN10-2CZ-JB150G8.webp\" alt=\"60YN10-2CZ-JB150G8\" width=\"335\" height=\"211\" title=\"\" srcset=\"https:\/\/fmp-components.com\/wp-content\/uploads\/2025\/01\/60YN10-2CZ-JB150G8.webp 335w, https:\/\/fmp-components.com\/wp-content\/uploads\/2025\/01\/60YN10-2CZ-JB150G8-300x189.webp 300w, https:\/\/fmp-components.com\/wp-content\/uploads\/2025\/01\/60YN10-2CZ-JB150G8-18x12.webp 18w\" sizes=\"(max-width: 335px) 100vw, 335px\" \/><\/p>\n<table style=\"width: 100%;\" border=\"1\" width=\"100%\" cellspacing=\"0\" cellpadding=\"0\">\n<tbody>\n<tr>\n<th>N\u00e1zov produktu<\/th>\n<td>60YN10-2CZ\/JB150G8<\/td>\n<\/tr>\n<tr>\n<th>Typ motora<\/th>\n<td>Jednof\u00e1zov\u00fd, 4-p\u00f3lov\u00fd, 10W induk\u010dn\u00fd motor<\/td>\n<\/tr>\n<tr>\n<th>Nap\u00e1jac\u00ed zdroj<\/th>\n<td><strong>Jednof\u00e1zov\u00fd:<\/strong> 230 V, 220 V, 110 V, 100 V<\/td>\n<\/tr>\n<tr>\n<th>Vlastnosti motora<\/th>\n<td><strong>V\u00fdkon:<\/strong> 10W<br \/>\n<strong>Ve\u013ekos\u0165 r\u00e1mu:<\/strong> 60<br \/>\n<strong>\u010eal\u0161ie funkcie:<\/strong> Mechanick\u00e9 tlmenie<br \/>\n<strong>Tepeln\u00e1 ochrana:<\/strong> Vybaven\u00e9 tepelnou ochranou (P)<\/td>\n<\/tr>\n<tr>\n<th>Prevodovka<\/th>\n<td><strong>Model:<\/strong> 60JB necentr\u00e1lna reduk\u010dn\u00e1 prevodovka s hriade\u013eom<br \/>\n<strong>Dizajn:<\/strong> Integr\u00e1lna \u0161trukt\u00fara<br \/>\n<strong>Reduk\u010dn\u00fd pomer:<\/strong> 1:150<br \/>\n<strong>Lo\u017eisk\u00e1:<\/strong> Valiv\u00e9 lo\u017eisk\u00e1<br \/>\n<strong>Priemer hriade\u013ea:<\/strong> 8mm<\/td>\n<\/tr>\n<tr>\n<th>\u010eal\u0161ie funkcie<\/th>\n<td>Funkcia mechanick\u00e9ho tlmenia (Z)<\/td>\n<\/tr>\n<\/tbody>\n<\/table>\n<p><img loading=\"lazy\" decoding=\"async\" class=\"alignnone size-full wp-image-3387\" src=\"https:\/\/fmp-components.com\/wp-content\/uploads\/2025\/01\/60YN10-2CZ-JB150G8-1.webp\" alt=\"60YN10-2CZ-JB150G8-1\" width=\"920\" height=\"589\" title=\"\" srcset=\"https:\/\/fmp-components.com\/wp-content\/uploads\/2025\/01\/60YN10-2CZ-JB150G8-1.webp 920w, https:\/\/fmp-components.com\/wp-content\/uploads\/2025\/01\/60YN10-2CZ-JB150G8-1-480x307.webp 480w\" sizes=\"(min-width: 0px) and (max-width: 480px) 480px, (min-width: 481px) 920px, 100vw\" \/><\/p>","protected":false},"excerpt":{"rendered":"<p>60YN6-2CZ\/JB150G8 Product Name 60YN6-2CZ\/JB150G8 Motor Type Single-phase, 4-pole, 6W asynchronous motor Power Supply 220V, 50Hz (can also be used with 230V, 110V, or 100V) Motor Features Power: 6W Motor Housing: 60 frame size Additional Features: Mechanical damping function (Z) Thermal Protection: Equipped with a thermal protector (P) Gearbox Model: 60JB non-center shaft gear reduction gearbox [&hellip;]<\/p>","protected":false},"featured_media":3389,"comment_status":"open","ping_status":"closed","template":"","meta":{"_et_pb_use_builder":"","_et_pb_old_content":"","_et_gb_content_width":""},"product_brand":[],"product_cat":[85],"product_tag":[],"class_list":{"0":"post-3364","1":"product","2":"type-product","3":"status-publish","4":"has-post-thumbnail","6":"product_cat-dc-motors","8":"first","9":"instock","10":"shipping-taxable","11":"product-type-simple"},"_links":{"self":[{"href":"https:\/\/fmp-components.com\/sk\/wp-json\/wp\/v2\/product\/3364","targetHints":{"allow":["GET"]}}],"collection":[{"href":"https:\/\/fmp-components.com\/sk\/wp-json\/wp\/v2\/product"}],"about":[{"href":"https:\/\/fmp-components.com\/sk\/wp-json\/wp\/v2\/types\/product"}],"replies":[{"embeddable":true,"href":"https:\/\/fmp-components.com\/sk\/wp-json\/wp\/v2\/comments?post=3364"}],"wp:featuredmedia":[{"embeddable":true,"href":"https:\/\/fmp-components.com\/sk\/wp-json\/wp\/v2\/media\/3389"}],"wp:attachment":[{"href":"https:\/\/fmp-components.com\/sk\/wp-json\/wp\/v2\/media?parent=3364"}],"wp:term":[{"taxonomy":"product_brand","embeddable":true,"href":"https:\/\/fmp-components.com\/sk\/wp-json\/wp\/v2\/product_brand?post=3364"},{"taxonomy":"product_cat","embeddable":true,"href":"https:\/\/fmp-components.com\/sk\/wp-json\/wp\/v2\/product_cat?post=3364"},{"taxonomy":"product_tag","embeddable":true,"href":"https:\/\/fmp-components.com\/sk\/wp-json\/wp\/v2\/product_tag?post=3364"}],"curies":[{"name":"pracovn\u00fd list","href":"https:\/\/api.w.org\/{rel}","templated":true}]}}