{"id":3341,"date":"2025-01-07T01:06:38","date_gmt":"2025-01-07T01:06:38","guid":{"rendered":"https:\/\/fmp-components.com\/?page_id=8"},"modified":"2025-01-07T01:16:32","modified_gmt":"2025-01-07T01:16:32","slug":"plastic-gearbox-motor-tgp02d-a130-for-toy-robot-remote-control-toy-cars","status":"publish","type":"product","link":"https:\/\/fmp-components.com\/sk\/product\/plastic-gearbox-motor-tgp02d-a130-for-toy-robot-remote-control-toy-cars\/","title":{"rendered":"Plastov\u00fd prevodov\u00fd motor TGP02D-A130 pre dia\u013ekov\u00e9 ovl\u00e1danie hra\u010dk\u00e1rskych robotov a aut\u00ed\u010dok"},"content":{"rendered":"<h2>Postavy:<\/h2>\n<p>1. Dvojit\u00fd hriade\u013e. Mal\u00e1 ve\u013ekos\u0165 42,2 mm * 45,5 mm * 23 mm<br \/>\n2. Jednosmern\u00fd plastov\u00fd prevodov\u00fd motor s n\u00edzkou r\u00fdchlos\u0165ou a ve\u013ek\u00fdm kr\u00fatiacim momentom<br \/>\n3. Vhodn\u00e9 pre aplik\u00e1cie s mal\u00fdm priemerom, n\u00edzkou hlu\u010dnos\u0165ou a ve\u013ek\u00fdm kr\u00fatiacim momentom<br \/>\n4. Reduk\u010dn\u00fd pomer: 48, 120, 180, 220, 288<\/p>\n<p><img loading=\"lazy\" decoding=\"async\" class=\"alignnone wp-image-3349\" src=\"https:\/\/fmp-components.com\/wp-content\/uploads\/2025\/01\/fmp_3.TGP010-A130-2.webp\" alt=\"fmp_3.TGP010-A130-2\" width=\"909\" height=\"423\" title=\"\" srcset=\"https:\/\/fmp-components.com\/wp-content\/uploads\/2025\/01\/fmp_3.TGP010-A130-2.webp 909w, https:\/\/fmp-components.com\/wp-content\/uploads\/2025\/01\/fmp_3.TGP010-A130-2-480x223.webp 480w\" sizes=\"(min-width: 0px) and (max-width: 480px) 480px, (min-width: 481px) 909px, 100vw\" \/><\/p>\n<h2>Technick\u00e9 \u00fadaje mini jednosmern\u00e9ho motora<\/h2>\n<table style=\"width: 98.042%; height: 144px;\" border=\"1\">\n<tbody>\n<tr>\n<td style=\"width: 21.3647%;\">\u010c\u00edslo modelu motora<\/td>\n<td style=\"width: 15.8837%;\">Menovit\u00e9 nap\u00e4tie<br \/>\nVDC<\/td>\n<td style=\"width: 16.6667%;\">R\u00fdchlos\u0165 bez za\u0165a\u017eenia<br \/>\not.\/min.<\/td>\n<td style=\"width: 17.6734%;\">Pr\u00fad bez z\u00e1\u0165a\u017ee<br \/>\nmA<\/td>\n<td style=\"width: 13.0872%;\">Zastavovac\u00ed kr\u00fatiaci moment<br \/>\ng.cm<\/td>\n<td style=\"width: 15.3244%;\">Zastavovac\u00ed pr\u00fad<br \/>\nA<\/td>\n<\/tr>\n<tr>\n<td style=\"width: 21.3647%;\">TFE-130RA-12215<\/td>\n<td style=\"width: 15.8837%;\">6.0<\/td>\n<td style=\"width: 16.6667%;\">11500<\/td>\n<td style=\"width: 17.6734%;\">120<\/td>\n<td style=\"width: 13.0872%;\">20<\/td>\n<td style=\"width: 15.3244%;\">0.85<\/td>\n<\/tr>\n<tr>\n<td style=\"width: 21.3647%;\">TFE-130RA-14175<\/td>\n<td style=\"width: 15.8837%;\">3.0<\/td>\n<td style=\"width: 16.6667%;\">8000<\/td>\n<td style=\"width: 17.6734%;\">120<\/td>\n<td style=\"width: 13.0872%;\">13<\/td>\n<td style=\"width: 15.3244%;\">0.70<\/td>\n<\/tr>\n<tr>\n<td style=\"width: 21.3647%;\">TFE-130RA-18100<\/td>\n<td style=\"width: 15.8837%;\">3.0<\/td>\n<td style=\"width: 16.6667%;\">11500<\/td>\n<td style=\"width: 17.6734%;\">250<\/td>\n<td style=\"width: 13.0872%;\">20<\/td>\n<td style=\"width: 15.3244%;\">1.80<\/td>\n<\/tr>\n<\/tbody>\n<\/table>\n<h2>Technick\u00e9 \u00fadaje prevodov\u00e9ho motora<\/h2>\n<table style=\"width: 98.042%; height: 120px;\" border=\"1\">\n<tbody>\n<tr style=\"height: 30px;\">\n<th style=\"height: 30px; width: 32.774%; text-align: left;\">Model prevodovky<\/th>\n<td style=\"height: 30px; width: 68.0089%;\">TGP01D-A130-12215-XXX<\/td>\n<\/tr>\n<tr style=\"height: 30px;\">\n<th style=\"height: 30px; width: 32.774%; text-align: left;\">Reduk\u010dn\u00e9 pomery<\/th>\n<td style=\"height: 30px; width: 68.0089%;\">48, 120, 180, 220, 288<\/td>\n<\/tr>\n<tr style=\"height: 30px;\">\n<th style=\"height: 30px; width: 32.774%; text-align: left;\">Ot\u00e1\u010dky bez za\u0165a\u017eenia (ot.\/min.)<\/th>\n<td style=\"height: 30px; width: 68.0089%;\">230, 90, 60, 50, 38<\/td>\n<\/tr>\n<tr style=\"height: 30px;\">\n<th style=\"height: 30px; width: 32.774%; text-align: left;\">Maxim\u00e1lny momentov\u00fd toleran\u010dn\u00fd kr\u00fatiaci moment (kg.cm)<\/th>\n<td style=\"height: 30px; width: 68.0089%;\">0.7, 1.4, 2.0, 2.2, 2.8<\/td>\n<\/tr>\n<\/tbody>\n<\/table>\n<h2>Prevodovka s motorom<\/h2>\n<table style=\"width: 98.7983%; height: 96px;\" border=\"1\">\n<tbody>\n<tr style=\"height: 24px;\">\n<th style=\"height: 24px; text-align: left; width: 38.4787%;\">Model prevodovky<\/th>\n<td style=\"height: 24px; width: 63.0872%;\">TGP01D-A130-14175-XXX<\/td>\n<\/tr>\n<tr style=\"height: 24px;\">\n<th style=\"height: 24px; text-align: left; width: 38.4787%;\">Reduk\u010dn\u00e9 pomery<\/th>\n<td style=\"height: 24px; width: 63.0872%;\">48, 120, 180, 220, 288<\/td>\n<\/tr>\n<tr style=\"height: 24px;\">\n<th style=\"height: 24px; text-align: left; width: 38.4787%;\">Ot\u00e1\u010dky bez za\u0165a\u017eenia (ot.\/min.)<\/th>\n<td style=\"height: 24px; width: 63.0872%;\">150, 60, 40, 33, 25<\/td>\n<\/tr>\n<tr style=\"height: 24px;\">\n<th style=\"height: 24px; text-align: left; width: 38.4787%;\">Maxim\u00e1lny momentov\u00fd toleran\u010dn\u00fd kr\u00fatiaci moment (kg.cm)<\/th>\n<td style=\"height: 24px; width: 63.0872%;\">0.5, 0.9, 1.2, 1.4, 1.8<\/td>\n<\/tr>\n<\/tbody>\n<\/table>\n<table style=\"color: #666666; font-size: 14px; width: 98.9666%; height: 142px;\" border=\"1\">\n<tbody>\n<tr style=\"height: 24px;\">\n<th style=\"text-align: left; width: 38.5906%; height: 24px;\">Model prevodovky<\/th>\n<td style=\"width: 61.8421%; height: 24px;\">TGP01D-A130-18100-XXX<\/td>\n<\/tr>\n<tr style=\"height: 24px;\">\n<th style=\"text-align: left; width: 38.5906%; height: 24px;\">Reduk\u010dn\u00e9 pomery<\/th>\n<td style=\"width: 61.8421%; height: 24px;\">48, 120, 180, 220, 288<\/td>\n<\/tr>\n<tr style=\"height: 24px;\">\n<th style=\"text-align: left; width: 38.5906%; height: 24px;\">Ot\u00e1\u010dky bez za\u0165a\u017eenia (ot.\/min.)<\/th>\n<td style=\"width: 61.8421%; height: 24px;\">230, 90, 60, 50, 38<\/td>\n<\/tr>\n<tr style=\"height: 24px;\">\n<th style=\"text-align: left; width: 38.5906%; height: 24px;\">Maxim\u00e1lny momentov\u00fd toleran\u010dn\u00fd kr\u00fatiaci moment (kg.cm)<\/th>\n<td style=\"width: 61.8421%; height: 24px;\">0.7, 1.4, 2.0, 2.2, 2.8<\/td>\n<\/tr>\n<\/tbody>\n<\/table>\n<p>&nbsp;<\/p>\n<table border=\"1\" width=\"100%\" cellspacing=\"0\" cellpadding=\"0\">\n<tbody>\n<tr>\n<td colspan=\"2\" rowspan=\"3\" width=\"131\" height=\"65\" data-spm-anchor-id=\"a2700.details.0.i21.659d3e61kGVPBR\">MODEL<\/td>\n<td rowspan=\"3\" width=\"75\">REDUK\u010cN\u00dd POMER<\/td>\n<td colspan=\"2\" width=\"133\">NAP\u00c4TIE<\/td>\n<td colspan=\"2\" width=\"117\">BEZ ZA\u0164A\u017dENIA<\/td>\n<td colspan=\"4\" width=\"228\">S MAXIM\u00c1LNOU \u00da\u010cINNOS\u0164OU<\/td>\n<td colspan=\"2\" width=\"118\">ST\u00c1NOK<\/td>\n<\/tr>\n<tr>\n<td rowspan=\"2\" width=\"75\">PREV\u00c1DZKOV\u00dd ROZSAH<\/td>\n<td width=\"58\">NOMIN\u00c1LNA HODNOTA<\/td>\n<td width=\"55\">R\u00ddCHLOS\u0164<\/td>\n<td width=\"62\">PR\u00daD<\/td>\n<td width=\"55\">R\u00ddCHLOS\u0164<\/td>\n<td width=\"62\">PR\u00daD<\/td>\n<td width=\"56\">KR\u00daTIACI MOMENT<\/td>\n<td width=\"55\">V\u00ddSTUP<\/td>\n<td width=\"56\">KR\u00daTIACI MOMENT<\/td>\n<td width=\"62\">PR\u00daD<\/td>\n<\/tr>\n<tr>\n<td width=\"58\">V.<\/td>\n<td width=\"55\">ot\u00e1\u010dky za min\u00fatu<\/td>\n<td width=\"62\">A<\/td>\n<td width=\"55\">ot\u00e1\u010dky za min\u00fatu<\/td>\n<td width=\"62\">A<\/td>\n<td width=\"56\">kg.cm<\/td>\n<td width=\"55\">Z<\/td>\n<td width=\"56\">kg.cm<\/td>\n<td width=\"62\">A<\/td>\n<\/tr>\n<tr>\n<td colspan=\"2\" width=\"131\" height=\"24\">T130-02-06500<\/td>\n<td width=\"75\">48\/1<\/td>\n<td width=\"75\">3.0~7.0<\/td>\n<td width=\"58\">6.0<\/td>\n<td width=\"55\">500<\/td>\n<td width=\"62\">0.21<\/td>\n<td width=\"55\">416<\/td>\n<td width=\"62\">1.04<\/td>\n<td width=\"56\">0.4<\/td>\n<td width=\"55\">1.71<\/td>\n<td width=\"56\">2.4<\/td>\n<td width=\"62\">5.2<\/td>\n<\/tr>\n<tr>\n<td colspan=\"2\" width=\"131\" height=\"24\">T130-02-06200<\/td>\n<td width=\"75\">120\/1<\/td>\n<td width=\"75\">3.0~7.0<\/td>\n<td width=\"58\">6.0<\/td>\n<td width=\"55\">200<\/td>\n<td width=\"62\">0.21<\/td>\n<td width=\"55\">415<\/td>\n<td width=\"62\">1.06<\/td>\n<td width=\"56\">1.0<\/td>\n<td width=\"55\">4.26<\/td>\n<td width=\"56\">5.9<\/td>\n<td width=\"62\">5.2<\/td>\n<\/tr>\n<tr>\n<td colspan=\"2\" width=\"131\" height=\"24\">T130-02-09175<\/td>\n<td width=\"75\">48\/1<\/td>\n<td width=\"75\">3.0~10.0<\/td>\n<td width=\"58\">9.0<\/td>\n<td width=\"55\">175<\/td>\n<td width=\"62\">0.09<\/td>\n<td width=\"55\">133<\/td>\n<td width=\"62\">0.17<\/td>\n<td width=\"56\">0.3<\/td>\n<td width=\"55\">0.41<\/td>\n<td width=\"56\">1.3<\/td>\n<td width=\"62\">0.55<\/td>\n<\/tr>\n<tr>\n<td colspan=\"2\" width=\"131\" height=\"24\">T130-02-0938<\/td>\n<td width=\"75\">220\/1<\/td>\n<td width=\"75\">3.0~10.0<\/td>\n<td width=\"58\">9.0<\/td>\n<td width=\"55\">38<\/td>\n<td width=\"62\">0.09<\/td>\n<td width=\"55\">31<\/td>\n<td width=\"62\">0.14<\/td>\n<td width=\"56\">1.0<\/td>\n<td width=\"55\">0.32<\/td>\n<td width=\"56\">5.8<\/td>\n<td width=\"62\">0.55<\/td>\n<\/tr>\n<tr>\n<td colspan=\"2\" width=\"131\" height=\"24\">T130-02-1260<\/td>\n<td width=\"75\">220\/1<\/td>\n<td width=\"75\">3.0~13.0<\/td>\n<td width=\"58\">12.0<\/td>\n<td width=\"55\">60<\/td>\n<td width=\"62\">0.05<\/td>\n<td width=\"55\">48<\/td>\n<td width=\"62\">0.2<\/td>\n<td width=\"56\">1.5<\/td>\n<td width=\"55\">0.74<\/td>\n<td width=\"56\">5.8<\/td>\n<td width=\"62\">0.85<\/td>\n<\/tr>\n<\/tbody>\n<\/table>\n<h2>In\u00e9 Plastov\u00e1 prevodovka plus jednosmern\u00fd motor A130<\/h2>\n<table style=\"width: 100%; height: 71px;\" border=\"1\" width=\"100%\" cellspacing=\"0\" cellpadding=\"0\">\n<tbody>\n<tr style=\"height: 13.8pt;\">\n<td style=\"height: 13px; width: 49.892%;\" align=\"right\" width=\"64\" height=\"18\"><img loading=\"lazy\" decoding=\"async\" class=\"alignnone size-full wp-image-3344\" src=\"https:\/\/fmp-components.com\/wp-content\/uploads\/2025\/01\/fmp_1.TGP010-A130-1-1.webp\" alt=\"fmp_1.TGP010-A130-1-1\" width=\"600\" height=\"600\" title=\"\" srcset=\"https:\/\/fmp-components.com\/wp-content\/uploads\/2025\/01\/fmp_1.TGP010-A130-1-1.webp 600w, https:\/\/fmp-components.com\/wp-content\/uploads\/2025\/01\/fmp_1.TGP010-A130-1-1-480x480.webp 480w\" sizes=\"(min-width: 0px) and (max-width: 480px) 480px, (min-width: 481px) 600px, 100vw\" \/><\/td>\n<td style=\"width: 49.892%; height: 13px;\" align=\"right\" width=\"64\"><img loading=\"lazy\" decoding=\"async\" class=\"alignnone size-full wp-image-3345\" src=\"https:\/\/fmp-components.com\/wp-content\/uploads\/2025\/01\/fmp_2.TGP010-A130-1-1.webp\" alt=\"fmp_2.TGP010-A130-1-1\" width=\"600\" height=\"600\" title=\"\" srcset=\"https:\/\/fmp-components.com\/wp-content\/uploads\/2025\/01\/fmp_2.TGP010-A130-1-1.webp 600w, https:\/\/fmp-components.com\/wp-content\/uploads\/2025\/01\/fmp_2.TGP010-A130-1-1-480x480.webp 480w\" sizes=\"(min-width: 0px) and (max-width: 480px) 480px, (min-width: 481px) 600px, 100vw\" \/><\/td>\n<\/tr>\n<tr style=\"height: 22px;\">\n<td style=\"height: 22px; text-align: center;\"><strong>TGP01D-A130<\/strong><\/td>\n<td style=\"height: 22px; text-align: center;\"><strong>TGP01S-A130<\/strong><\/td>\n<\/tr>\n<tr style=\"height: 13.8pt;\">\n<td style=\"height: 13px; width: 49.892%;\" align=\"right\" height=\"18\"><img loading=\"lazy\" decoding=\"async\" class=\"alignnone size-full wp-image-3346\" src=\"https:\/\/fmp-components.com\/wp-content\/uploads\/2025\/01\/fmp_3.TGP010-A130-1.webp\" alt=\"fmp_3.TGP010-A130-1\" width=\"600\" height=\"600\" title=\"\" srcset=\"https:\/\/fmp-components.com\/wp-content\/uploads\/2025\/01\/fmp_3.TGP010-A130-1.webp 600w, https:\/\/fmp-components.com\/wp-content\/uploads\/2025\/01\/fmp_3.TGP010-A130-1-480x480.webp 480w\" sizes=\"(min-width: 0px) and (max-width: 480px) 480px, (min-width: 481px) 600px, 100vw\" \/><\/td>\n<td style=\"width: 49.892%; height: 13px;\" align=\"right\"><img loading=\"lazy\" decoding=\"async\" class=\"alignnone size-full wp-image-3347\" src=\"https:\/\/fmp-components.com\/wp-content\/uploads\/2025\/01\/fmp_4.TGP010-A130-1.webp\" alt=\"fmp_4.TGP010-A130-1\" width=\"600\" height=\"600\" title=\"\" srcset=\"https:\/\/fmp-components.com\/wp-content\/uploads\/2025\/01\/fmp_4.TGP010-A130-1.webp 600w, https:\/\/fmp-components.com\/wp-content\/uploads\/2025\/01\/fmp_4.TGP010-A130-1-480x480.webp 480w\" sizes=\"(min-width: 0px) and (max-width: 480px) 480px, (min-width: 481px) 600px, 100vw\" \/><\/td>\n<\/tr>\n<tr style=\"height: 23px;\">\n<td style=\"height: 23px; text-align: center;\"><strong>TGP02D-A130<\/strong><\/td>\n<td style=\"height: 23px; text-align: center;\"><strong>TGP02S-A130<\/strong><\/td>\n<\/tr>\n<\/tbody>\n<\/table>\n<h2>Aplik\u00e1cia\uff1a<\/h2>\n<table style=\"width: 100%;\" border=\"1\" width=\"100%\" cellspacing=\"0\" cellpadding=\"0\">\n<tbody>\n<tr>\n<th>Oblasti pou\u017eitia<\/th>\n<td><strong>Obchodn\u00e9 stroje:<\/strong> Bankomaty, kop\u00edrky a skenery, manipul\u00e1cia s menou, predajn\u00e9 miesta, tla\u010diarne, predajn\u00e9 automaty.<br \/>\n<strong>Jedlo a n\u00e1poje:<\/strong> D\u00e1vkovanie n\u00e1pojov, ru\u010dn\u00e9 mix\u00e9ry, mix\u00e9ry, k\u00e1vovary, kuchynsk\u00e9 roboty, od\u0161\u0165avova\u010de, frit\u00e9zy, v\u00fdrobn\u00edky \u013eadu, v\u00fdrobn\u00edky s\u00f3jov\u00e9ho mlieka.<br \/>\n<strong>Kamera a optika:<\/strong> Video, kamery, projektory.<br \/>\n<strong>Elektrick\u00e9 n\u00e1radie:<\/strong> V\u0155ta\u010dky a skrutkova\u010de, br\u00fasky, le\u0161ti\u010dky, p\u00edly.<br \/>\n<strong>Tr\u00e1vnik a z\u00e1hrada:<\/strong> Kosa\u010dky na tr\u00e1vu, snehov\u00e9 fr\u00e9zy, vy\u017e\u00edna\u010de, f\u00faka\u010de l\u00edstia.<\/td>\n<\/tr>\n<\/tbody>\n<\/table>\n<h2 data-pm-slice=\"0 0 []\">Vlastnosti plastov\u00e9ho prevodov\u00e9ho motora TGP02D-A130<\/h2>\n<p>TGP02D-A130 je vysokov\u00fdkonn\u00fd plastov\u00fd prevodov\u00fd motor, ktor\u00fd pon\u00faka v\u0161estrann\u00e9 a spo\u013eahliv\u00e9 rie\u0161enie pre \u0161irok\u00fa \u0161k\u00e1lu aplik\u00e1ci\u00ed. Tento motor kombinuje odoln\u00fa plastov\u00fa prevodovku s \u00fa\u010dinn\u00fdm jednosmern\u00fdm motorom, v\u010faka \u010domu je ide\u00e1lny pre r\u00f4zne po\u017eiadavky na n\u00edzky a\u017e stredn\u00fd kr\u00fatiaci moment. Ni\u017e\u0161ie s\u00fa uveden\u00e9 k\u013e\u00fa\u010dov\u00e9 vlastnosti modelu TGP02D-A130:<\/p>\n<ol>\n<li><strong>Kompaktn\u00fd dizajn<\/strong>Plastov\u00fd prevodov\u00fd motor sa vyzna\u010duje kompaktn\u00fdmi rozmermi, \u010do umo\u017e\u0148uje jednoduch\u00fa integr\u00e1ciu do priestorovo obmedzen\u00e9ho prostredia bez kompromisov vo v\u00fdkone.<\/li>\n<li><strong>Efekt\u00edvny v\u00fdkon<\/strong>Model TGP02D-A130 je vybaven\u00fd v\u00fdkonn\u00fdm jednosmern\u00fdm motorom a poskytuje plynul\u00fd a efekt\u00edvny v\u00fdkon s konzistentn\u00fdm kr\u00fatiacim momentom a r\u00fdchlos\u0165ou vhodnou pre r\u00f4zne pou\u017eitia.<\/li>\n<li><strong>Odoln\u00e1 plastov\u00e1 prevodovka<\/strong>Motor je spojen\u00fd s odolnou plastovou prevodovkou, \u010do zais\u0165uje dlhotrvaj\u00faci v\u00fdkon a zni\u017euje celkov\u00fa hmotnos\u0165 zostavy, \u010do je obzvl\u00e1\u0161\u0165 v\u00fdhodn\u00e9 pre \u013eahk\u00e9 aplik\u00e1cie.<\/li>\n<li><strong>Tich\u00e1 prev\u00e1dzka<\/strong>Model TGP02D-A130 je navrhnut\u00fd pre tich\u00fa prev\u00e1dzku a je ide\u00e1lny pre aplik\u00e1cie, kde je zn\u00ed\u017eenie hluku kritick\u00e9, napr\u00edklad v dom\u00e1cich spotrebi\u010doch a hra\u010dk\u00e1ch.<\/li>\n<li><strong>V\u0161estrannos\u0165<\/strong>Tento motor je vysoko v\u0161estrann\u00fd a mo\u017eno ho pou\u017ei\u0165 v \u0161irokej \u0161k\u00e1le zariaden\u00ed vr\u00e1tane robotick\u00fdch syst\u00e9mov, modelov, mal\u00fdch strojov a in\u00fdch zariaden\u00ed vy\u017eaduj\u00facich presn\u00e9 riadenie pohybu.<\/li>\n<\/ol>\n<p>Stru\u010dne povedan\u00e9, plastov\u00fd prevodov\u00fd motor TGP02D-A130 je spo\u013eahliv\u00e9, cenovo v\u00fdhodn\u00e9 a efekt\u00edvne rie\u0161enie pre r\u00f4zne aplik\u00e1cie s n\u00edzkym a\u017e stredn\u00fdm v\u00fdkonom. Kombinuje pevnos\u0165 plastovej prevodovky s presnos\u0165ou jednosmern\u00e9ho motora a pon\u00faka vysok\u00fd v\u00fdkon v kompaktnom a v\u0161estrannom dizajne.<\/p>\n<h2>O FMP<\/h2>\n<p>Spolo\u010dnos\u0165 FMP je popredn\u00fd v\u00fdrobca zn\u00e1my svojimi odborn\u00fdmi znalos\u0165ami v oblasti n\u00e1vrhu, v\u00fdvoja a v\u00fdroby vysoko presn\u00fdch prevodoviek, hydraulick\u00fdch valcov, motorov, v\u00fdvodov\u00fdch hriade\u013eov, mikromotorov a \u0161irokej \u0161k\u00e1ly \u010fal\u0161\u00edch d\u00f4le\u017eit\u00fdch komponentov. V\u010faka odhodlaniu a odborn\u00fdm znalostiam n\u00e1\u0161ho sk\u00fasen\u00e9ho t\u00edmu sme sa etablovali ako popredn\u00fd hr\u00e1\u010d v tomto odvetv\u00ed. Na\u0161e produkty s\u00fa distribuovan\u00e9 po celej Eur\u00f3pe, Severnej Amerike, juhov\u00fdchodnej \u00c1zii a \u010fal\u0161\u00edch k\u013e\u00fa\u010dov\u00fdch svetov\u00fdch trhoch, kde si z\u00edskali vynikaj\u00facu reput\u00e1ciu v\u010faka kvalite, spo\u013eahlivosti a v\u00fdkonu.<\/p>\n<p>V spolo\u010dnosti FMP sme vybaven\u00ed modern\u00fdmi v\u00fdrobn\u00fdmi zariadeniami vr\u00e1tane priestrann\u00fdch v\u00fdrobn\u00fdch dieln\u00ed, modern\u00fdch kancel\u00e1rskych priestorov a ubytovania pre zamestnancov. Na\u0161e najmodernej\u0161ie zariadenia pre v\u00fdskum a v\u00fdvoj, v\u00fdrobu a testovanie n\u00e1m umo\u017e\u0148uj\u00fa poskytova\u0165 na\u0161im klientom vysoko \u0161pecializovan\u00e9 a prisp\u00f4soben\u00e9 rie\u0161enia. V\u010faka siln\u00fdm technick\u00fdm mo\u017enostiam, efekt\u00edvnym v\u00fdrobn\u00fdm procesom a sol\u00eddnemu syst\u00e9mu riadenia zabezpe\u010dujeme, aby ka\u017ed\u00fd produkt sp\u013a\u0148al alebo prekra\u010doval najvy\u0161\u0161ie \u0161tandardy v odvetv\u00ed.<\/p>\n<p>Kvalita je stredobodom v\u0161etk\u00e9ho, \u010do rob\u00edme. Od v\u00fdberu materi\u00e1lu a n\u00e1vrhu a\u017e po v\u00fdrobu, dodanie a sp\u00e4tn\u00fa v\u00e4zbu od z\u00e1kazn\u00edkov, db\u00e1me na detaily s maxim\u00e1lnou pozornos\u0165ou. Spokojnos\u0165 z\u00e1kazn\u00edkov je na\u0161\u00edm hlavn\u00fdm cie\u013eom a po\u010das cel\u00e9ho procesu sa venujeme poskytovaniu vynikaj\u00facich slu\u017eieb. FMP uprednost\u0148uje dlhodob\u00e9 a vz\u00e1jomne prospe\u0161n\u00e9 vz\u0165ahy s na\u0161imi klientmi, podporuje rast a \u00faspech pred kr\u00e1tkodob\u00fdmi ziskami.<\/p>\n<p>Sme v\u017edy otvoren\u00ed spolupr\u00e1ci a te\u0161\u00edme sa na budovanie lep\u0161ej bud\u00facnosti po boku na\u0161ich partnerov. Na\u0161e rie\u0161enia na mieru s\u00fa navrhnut\u00e9 tak, aby sa prisp\u00f4sobili meniacim sa potreb\u00e1m na\u0161ich klientov a zabezpe\u010dili, \u017ee ka\u017ed\u00fd projekt dostane pln\u00fa pozornos\u0165 a odborn\u00e9 znalosti, ktor\u00e9 si zasl\u00fa\u017ei. \u010ci u\u017e potrebujete \u0161tandardn\u00e9 produkty alebo rie\u0161enia na mieru, spolo\u010dnos\u0165 FMP sa zav\u00e4zuje podporova\u0165 v\u00e1\u0161 \u00faspech v ka\u017edej f\u00e1ze tejto cesty.<\/p>\n<p><img loading=\"lazy\" decoding=\"async\" class=\"alignnone size-full wp-image-3335\" src=\"https:\/\/fmp-components.com\/wp-content\/uploads\/2025\/01\/DC-motor-tgp01d-a130-product-1.webp\" alt=\"DC-motor-tgp01d-a130\" width=\"883\" height=\"574\" title=\"\" srcset=\"https:\/\/fmp-components.com\/wp-content\/uploads\/2025\/01\/DC-motor-tgp01d-a130-product-1.webp 883w, https:\/\/fmp-components.com\/wp-content\/uploads\/2025\/01\/DC-motor-tgp01d-a130-product-1-480x312.webp 480w\" sizes=\"(min-width: 0px) and (max-width: 480px) 480px, (min-width: 481px) 883px, 100vw\" \/><\/p>\n<p>Autor: CX<\/p>","protected":false},"excerpt":{"rendered":"<p>Characters: 1. Double shaft.Small size 42.2mm*45.5mm*23mm 2. DC plastic gear motor with low speed and big torque 3. Suitable for small diameter, low noise, and big toque application 4. Reduction Ratio: 48\u3001120\u3001180\u3001220\u3001288 Mini DC Motor Technical Data Motor model No Rated voltage VDC No-load speed r\/min No-load current mA Stall torque g.cm Stall current A [&hellip;]<\/p>","protected":false},"featured_media":3351,"comment_status":"open","ping_status":"closed","template":"","meta":{"_et_pb_use_builder":"","_et_pb_old_content":"","_et_gb_content_width":""},"product_brand":[],"product_cat":[85],"product_tag":[],"class_list":{"0":"post-3341","1":"product","2":"type-product","3":"status-publish","4":"has-post-thumbnail","6":"product_cat-dc-motors","8":"first","9":"instock","10":"shipping-taxable","11":"product-type-simple"},"_links":{"self":[{"href":"https:\/\/fmp-components.com\/sk\/wp-json\/wp\/v2\/product\/3341","targetHints":{"allow":["GET"]}}],"collection":[{"href":"https:\/\/fmp-components.com\/sk\/wp-json\/wp\/v2\/product"}],"about":[{"href":"https:\/\/fmp-components.com\/sk\/wp-json\/wp\/v2\/types\/product"}],"replies":[{"embeddable":true,"href":"https:\/\/fmp-components.com\/sk\/wp-json\/wp\/v2\/comments?post=3341"}],"wp:featuredmedia":[{"embeddable":true,"href":"https:\/\/fmp-components.com\/sk\/wp-json\/wp\/v2\/media\/3351"}],"wp:attachment":[{"href":"https:\/\/fmp-components.com\/sk\/wp-json\/wp\/v2\/media?parent=3341"}],"wp:term":[{"taxonomy":"product_brand","embeddable":true,"href":"https:\/\/fmp-components.com\/sk\/wp-json\/wp\/v2\/product_brand?post=3341"},{"taxonomy":"product_cat","embeddable":true,"href":"https:\/\/fmp-components.com\/sk\/wp-json\/wp\/v2\/product_cat?post=3341"},{"taxonomy":"product_tag","embeddable":true,"href":"https:\/\/fmp-components.com\/sk\/wp-json\/wp\/v2\/product_tag?post=3341"}],"curies":[{"name":"pracovn\u00fd list","href":"https:\/\/api.w.org\/{rel}","templated":true}]}}