{"id":3339,"date":"2025-01-06T08:44:00","date_gmt":"2025-01-06T08:44:00","guid":{"rendered":"https:\/\/fmp-components.com\/?page_id=8"},"modified":"2025-01-07T01:03:57","modified_gmt":"2025-01-07T01:03:57","slug":"plastic-gearbox-mini-geared-motor-tgp01s-a130","status":"publish","type":"product","link":"https:\/\/fmp-components.com\/sk\/product\/plastic-gearbox-mini-geared-motor-tgp01s-a130\/","title":{"rendered":"Plastov\u00fd prevodov\u00fd mini prevodov\u00fd motor TGP01S-A130"},"content":{"rendered":"<h2>Plastov\u00fd prevodov\u00fd mini prevodov\u00fd motor TGP01S-A130<\/h2>\n<ul class=\"a-unordered-list a-vertical a-spacing-mini\">\n<li><span class=\"a-list-item\">Prevodovka z plastov\u00fdch ozuben\u00fdch kolies TGP plus jednosmern\u00fd motor s permanentn\u00fdm magnetom A130<\/span><\/li>\n<li><span class=\"a-list-item\">Mal\u00fd jednosmern\u00fd prevodov\u00fd motor s n\u00edzkou r\u00fdchlos\u0165ou a ve\u013ek\u00fdm kr\u00fatiacim momentom<\/span><\/li>\n<li><span class=\"a-list-item\">vhodn\u00e9 pre mal\u00e9 priemery, n\u00edzku hlu\u010dnos\u0165 a aplik\u00e1cie s ve\u013ek\u00fdm kr\u00fatiacim momentom<\/span><\/li>\n<li><span class=\"a-list-item\">reduk\u010dn\u00fd pomer: 48 120 180 220 288<\/span><\/li>\n<\/ul>\n<h2 align=\"left\" data-spm-anchor-id=\"a2700.details.0.i21.36dd6237ZBajCj\">Znaky mini prevodov\u00e9ho motora<\/h2>\n<ul>\n<li>Mal\u00fd jednosmern\u00fd prevodov\u00fd motor s n\u00edzkou r\u00fdchlos\u0165ou a ve\u013ek\u00fdm kr\u00fatiacim momentom<\/li>\n<li>Vhodn\u00e9 pre mal\u00e9 priemery. N\u00edzka hlu\u010dnos\u0165 a vysok\u00fd kr\u00fatiaci moment.<\/li>\n<li>Reduk\u010dn\u00fd pomer: 48, 120, 180, 220, 288<\/li>\n<li>Jednoduch\u00fd hriade\u013e. Mal\u00e1 ve\u013ekos\u0165 18,7 mm * 22,3 mm * 64,5 mm<\/li>\n<li>Jednosmern\u00fd plastov\u00fd prevodov\u00fd motor s n\u00edzkou r\u00fdchlos\u0165ou a ve\u013ek\u00fdm kr\u00fatiacim momentom<\/li>\n<\/ul>\n<p><img loading=\"lazy\" decoding=\"async\" class=\"alignnone size-full wp-image-3342\" src=\"https:\/\/fmp-components.com\/wp-content\/uploads\/2025\/01\/fmp_2.TGP010-A130-2.webp\" alt=\"fmp_2.TGP010-A130-2\" width=\"837\" height=\"522\" title=\"\" srcset=\"https:\/\/fmp-components.com\/wp-content\/uploads\/2025\/01\/fmp_2.TGP010-A130-2.webp 837w, https:\/\/fmp-components.com\/wp-content\/uploads\/2025\/01\/fmp_2.TGP010-A130-2-480x299.webp 480w\" sizes=\"(min-width: 0px) and (max-width: 480px) 480px, (min-width: 481px) 837px, 100vw\" \/><\/p>\n<h2>Technick\u00e9 \u00fadaje mini jednosmern\u00e9ho motora<\/h2>\n<table style=\"width: 96.6375%; height: 144px;\" border=\"1\">\n<tbody>\n<tr>\n<td>\u010c\u00edslo modelu motora<\/td>\n<td>Menovit\u00e9 nap\u00e4tie<br \/>\nVDC<\/td>\n<td>R\u00fdchlos\u0165 bez za\u0165a\u017eenia<br \/>\not.\/min.<\/td>\n<td>Pr\u00fad bez z\u00e1\u0165a\u017ee<br \/>\nmA<\/td>\n<td>Zastavovac\u00ed kr\u00fatiaci moment<br \/>\ng.cm<\/td>\n<td>Zastavovac\u00ed pr\u00fad<br \/>\nA<\/td>\n<\/tr>\n<tr>\n<td>TFE-130RA-12215<\/td>\n<td>6.0<\/td>\n<td>11500<\/td>\n<td>120<\/td>\n<td>20<\/td>\n<td>0.85<\/td>\n<\/tr>\n<tr>\n<td>TFE-130RA-14175<\/td>\n<td>3.0<\/td>\n<td>8000<\/td>\n<td>120<\/td>\n<td>13<\/td>\n<td>0.70<\/td>\n<\/tr>\n<tr>\n<td>TFE-130RA-18100<\/td>\n<td>3.0<\/td>\n<td>11500<\/td>\n<td>250<\/td>\n<td>20<\/td>\n<td>1.80<\/td>\n<\/tr>\n<\/tbody>\n<\/table>\n<h2>Technick\u00e9 \u00fadaje prevodov\u00e9ho motora<\/h2>\n<table style=\"width: 96.6375%; height: 120px;\" border=\"1\">\n<tbody>\n<tr style=\"height: 30px;\">\n<th style=\"height: 30px; width: 32.774%; text-align: left;\">Model prevodovky<\/th>\n<td style=\"height: 30px; width: 66.5548%;\">TGP01D-A130-12215-XXX<\/td>\n<\/tr>\n<tr style=\"height: 30px;\">\n<th style=\"height: 30px; width: 32.774%; text-align: left;\">Reduk\u010dn\u00e9 pomery<\/th>\n<td style=\"height: 30px; width: 66.5548%;\">48, 120, 180, 220, 288<\/td>\n<\/tr>\n<tr style=\"height: 30px;\">\n<th style=\"height: 30px; width: 32.774%; text-align: left;\">Ot\u00e1\u010dky bez za\u0165a\u017eenia (ot.\/min.)<\/th>\n<td style=\"height: 30px; width: 66.5548%;\">230, 90, 60, 50, 38<\/td>\n<\/tr>\n<tr style=\"height: 30px;\">\n<th style=\"height: 30px; width: 32.774%; text-align: left;\">Maxim\u00e1lny momentov\u00fd toleran\u010dn\u00fd kr\u00fatiaci moment (kg.cm)<\/th>\n<td style=\"height: 30px; width: 66.5548%;\">0.7, 1.4, 2.0, 2.2, 2.8<\/td>\n<\/tr>\n<\/tbody>\n<\/table>\n<h2>Prevodovka s motorom<\/h2>\n<table style=\"width: 96.6375%; height: 96px;\" border=\"1\">\n<tbody>\n<tr style=\"height: 24px;\">\n<th style=\"height: 24px; text-align: left; width: 38.4787%;\">Model prevodovky<\/th>\n<td style=\"height: 24px; width: 60.8501%;\">TGP01D-A130-14175-XXX<\/td>\n<\/tr>\n<tr style=\"height: 24px;\">\n<th style=\"height: 24px; text-align: left; width: 38.4787%;\">Reduk\u010dn\u00e9 pomery<\/th>\n<td style=\"height: 24px; width: 60.8501%;\">48, 120, 180, 220, 288<\/td>\n<\/tr>\n<tr style=\"height: 24px;\">\n<th style=\"height: 24px; text-align: left; width: 38.4787%;\">Ot\u00e1\u010dky bez za\u0165a\u017eenia (ot.\/min.)<\/th>\n<td style=\"height: 24px; width: 60.8501%;\">150, 60, 40, 33, 25<\/td>\n<\/tr>\n<tr style=\"height: 24px;\">\n<th style=\"height: 24px; text-align: left; width: 38.4787%;\">Maxim\u00e1lny momentov\u00fd toleran\u010dn\u00fd kr\u00fatiaci moment (kg.cm)<\/th>\n<td style=\"height: 24px; width: 60.8501%;\">0.5, 0.9, 1.2, 1.4, 1.8<\/td>\n<\/tr>\n<\/tbody>\n<\/table>\n<table style=\"width: 96.6375%; height: 120px;\" border=\"1\">\n<tbody>\n<tr>\n<th style=\"text-align: left; width: 38.5906%;\">Model prevodovky<\/th>\n<td style=\"width: 60.7383%;\">TGP01D-A130-18100-XXX<\/td>\n<\/tr>\n<tr>\n<th style=\"text-align: left; width: 38.5906%;\">Reduk\u010dn\u00e9 pomery<\/th>\n<td style=\"width: 60.7383%;\">48, 120, 180, 220, 288<\/td>\n<\/tr>\n<tr>\n<th style=\"text-align: left; width: 38.5906%;\">Ot\u00e1\u010dky bez za\u0165a\u017eenia (ot.\/min.)<\/th>\n<td style=\"width: 60.7383%;\">230, 90, 60, 50, 38<\/td>\n<\/tr>\n<tr>\n<th style=\"text-align: left; width: 38.5906%;\">Maxim\u00e1lny momentov\u00fd toleran\u010dn\u00fd kr\u00fatiaci moment (kg.cm)<\/th>\n<td style=\"width: 60.7383%;\">0.7, 1.4, 2.0, 2.2, 2.8<\/td>\n<\/tr>\n<\/tbody>\n<\/table>\n<h2>In\u00e9 Plastov\u00e1 prevodovka plus jednosmern\u00fd motor A130<\/h2>\n<table style=\"width: 100%; height: 71px;\" border=\"1\" width=\"100%\" cellspacing=\"0\" cellpadding=\"0\">\n<tbody>\n<tr style=\"height: 13.8pt;\">\n<td style=\"height: 13px; width: 49.892%;\" align=\"right\" width=\"64\" height=\"18\"><img loading=\"lazy\" decoding=\"async\" class=\"alignnone size-full wp-image-3344\" src=\"https:\/\/fmp-components.com\/wp-content\/uploads\/2025\/01\/fmp_1.TGP010-A130-1-1.webp\" alt=\"fmp_1.TGP010-A130-1-1\" width=\"600\" height=\"600\" title=\"\" srcset=\"https:\/\/fmp-components.com\/wp-content\/uploads\/2025\/01\/fmp_1.TGP010-A130-1-1.webp 600w, https:\/\/fmp-components.com\/wp-content\/uploads\/2025\/01\/fmp_1.TGP010-A130-1-1-480x480.webp 480w\" sizes=\"(min-width: 0px) and (max-width: 480px) 480px, (min-width: 481px) 600px, 100vw\" \/><\/td>\n<td style=\"width: 49.892%; height: 13px;\" align=\"right\" width=\"64\"><img loading=\"lazy\" decoding=\"async\" class=\"alignnone size-full wp-image-3345\" src=\"https:\/\/fmp-components.com\/wp-content\/uploads\/2025\/01\/fmp_2.TGP010-A130-1-1.webp\" alt=\"fmp_2.TGP010-A130-1-1\" width=\"600\" height=\"600\" title=\"\" srcset=\"https:\/\/fmp-components.com\/wp-content\/uploads\/2025\/01\/fmp_2.TGP010-A130-1-1.webp 600w, https:\/\/fmp-components.com\/wp-content\/uploads\/2025\/01\/fmp_2.TGP010-A130-1-1-480x480.webp 480w\" sizes=\"(min-width: 0px) and (max-width: 480px) 480px, (min-width: 481px) 600px, 100vw\" \/><\/td>\n<\/tr>\n<tr style=\"height: 22px;\">\n<td style=\"height: 22px; text-align: center;\"><strong>TGP01D-A130<\/strong><\/td>\n<td style=\"height: 22px; text-align: center;\"><strong>TGP01S-A130<\/strong><\/td>\n<\/tr>\n<tr style=\"height: 13.8pt;\">\n<td style=\"height: 13px; width: 49.892%;\" align=\"right\" height=\"18\"><img loading=\"lazy\" decoding=\"async\" class=\"alignnone size-full wp-image-3346\" src=\"https:\/\/fmp-components.com\/wp-content\/uploads\/2025\/01\/fmp_3.TGP010-A130-1.webp\" alt=\"fmp_3.TGP010-A130-1\" width=\"600\" height=\"600\" title=\"\" srcset=\"https:\/\/fmp-components.com\/wp-content\/uploads\/2025\/01\/fmp_3.TGP010-A130-1.webp 600w, https:\/\/fmp-components.com\/wp-content\/uploads\/2025\/01\/fmp_3.TGP010-A130-1-480x480.webp 480w\" sizes=\"(min-width: 0px) and (max-width: 480px) 480px, (min-width: 481px) 600px, 100vw\" \/><\/td>\n<td style=\"width: 49.892%; height: 13px;\" align=\"right\"><img loading=\"lazy\" decoding=\"async\" class=\"alignnone size-full wp-image-3347\" src=\"https:\/\/fmp-components.com\/wp-content\/uploads\/2025\/01\/fmp_4.TGP010-A130-1.webp\" alt=\"fmp_4.TGP010-A130-1\" width=\"600\" height=\"600\" title=\"\" srcset=\"https:\/\/fmp-components.com\/wp-content\/uploads\/2025\/01\/fmp_4.TGP010-A130-1.webp 600w, https:\/\/fmp-components.com\/wp-content\/uploads\/2025\/01\/fmp_4.TGP010-A130-1-480x480.webp 480w\" sizes=\"(min-width: 0px) and (max-width: 480px) 480px, (min-width: 481px) 600px, 100vw\" \/><\/td>\n<\/tr>\n<tr style=\"height: 23px;\">\n<td style=\"height: 23px; text-align: center;\"><strong>TGP02D-A130<\/strong><\/td>\n<td style=\"height: 23px; text-align: center;\"><strong>TGP02S-A130<\/strong><\/td>\n<\/tr>\n<\/tbody>\n<\/table>\n<h2 data-pm-slice=\"0 0 []\">Vlastnosti mini prevodov\u00e9ho motora s plastovou prevodovkou TGP01S-A130<\/h2>\n<p>Mini prevodov\u00fd motor s plastovou prevodovkou TGP01S-A130 je kompaktn\u00fd, \u013eahk\u00fd a efekt\u00edvny motor ur\u010den\u00fd pre mal\u00e9 aplik\u00e1cie, kde s\u00fa priestor a hmotnos\u0165 k\u013e\u00fa\u010dov\u00fdmi faktormi. Tento motor integruje plastov\u00fa prevodovku s mini jednosmern\u00fdm motorom, \u010do pon\u00faka v\u0161estrannos\u0165 a spo\u013eahlivos\u0165 v r\u00f4znych aplik\u00e1ci\u00e1ch. Tu s\u00fa k\u013e\u00fa\u010dov\u00e9 vlastnosti modelu TGP01S-A130:<\/p>\n<ol>\n<li><strong>Kompaktn\u00fd a \u013eahk\u00fd dizajn<\/strong>:\n<ul>\n<li>TGP01S-A130 je navrhnut\u00fd s kompaktnou kon\u0161trukciou, v\u010faka \u010domu je ide\u00e1lny pre aplik\u00e1cie s obmedzen\u00fdm priestorom. \u013dahk\u00e1 plastov\u00e1 prevodovka zni\u017euje celkov\u00fa hmotnos\u0165 motora, \u010do umo\u017e\u0148uje jednoduch\u00fa integr\u00e1ciu do mal\u00fdch zariaden\u00ed a syst\u00e9mov.<\/li>\n<\/ul>\n<\/li>\n<li><strong>Kon\u0161trukcia plastovej prevodovky<\/strong>:\n<ul>\n<li>Pou\u017eitie odoln\u00e9ho plastu v prevodovke zais\u0165uje \u013eahk\u00fa, no z\u00e1rove\u0148 pevn\u00fa kon\u0161trukciu, ktor\u00e1 umo\u017e\u0148uje plynul\u00fd chod a z\u00e1rove\u0148 udr\u017eiava celkov\u00fd motor n\u00e1kladovo efekt\u00edvny. Plastov\u00fd materi\u00e1l tie\u017e pom\u00e1ha zni\u017eova\u0165 hluk po\u010das prev\u00e1dzky.<\/li>\n<\/ul>\n<\/li>\n<li><strong>Vysok\u00fd kr\u00fatiaci moment<\/strong>:\n<ul>\n<li>Napriek svojej malej ve\u013ekosti pon\u00faka TGP01S-A130 dobr\u00fa rovnov\u00e1hu medzi kr\u00fatiacim momentom a r\u00fdchlos\u0165ou, v\u010faka \u010domu je vhodn\u00fd pre \u00falohy, ktor\u00e9 vy\u017eaduj\u00fa stredn\u00fd kr\u00fatiaci moment, ako je pohon mal\u00fdch kolies, aktu\u00e1torov alebo in\u00fdch \u013eahk\u00fdch strojov.<\/li>\n<\/ul>\n<\/li>\n<li><strong>Efekt\u00edvny prenos v\u00fdkonu<\/strong>:\n<ul>\n<li>Prevodov\u00fd motor je navrhnut\u00fd pre efekt\u00edvny prenos v\u00fdkonu, optimalizuje vyu\u017eitie elektrickej energie a z\u00e1rove\u0148 minimalizuje straty. V\u010faka tomu je motor ide\u00e1lny pre zariadenia a aplik\u00e1cie nap\u00e1jan\u00e9 z bat\u00e9ri\u00ed, ktor\u00e9 vy\u017eaduj\u00fa vysok\u00fa \u00fa\u010dinnos\u0165.<\/li>\n<\/ul>\n<\/li>\n<li><strong>Plynul\u00e1 a tich\u00e1 prev\u00e1dzka<\/strong>:\n<ul>\n<li>V\u010faka prec\u00edzne vyrobenej plastovej prevodovke pracuje motor ticho a plynulo, \u010do z neho rob\u00ed skvel\u00fa vo\u013ebu pre aplik\u00e1cie, kde je d\u00f4le\u017eit\u00e9 zn\u00ed\u017eenie hluku, napr\u00edklad v hra\u010dk\u00e1ch, zdravotn\u00edckych pom\u00f4ckach alebo dom\u00e1cich spotrebi\u010doch.<\/li>\n<\/ul>\n<\/li>\n<\/ol>\n<p>Mini prevodov\u00fd motor s plastovou prevodovkou TGP01S-A130 kombinuje kompaktn\u00e9 rozmery, n\u00edzku spotrebu energie, vysok\u00fd kr\u00fatiaci moment a tich\u00fa prev\u00e1dzku v cenovo dostupnom a v\u0161estrannom balen\u00ed. Jeho odolnos\u0165, \u00fa\u010dinnos\u0165 a \u0161irok\u00fd rozsah nap\u00e4tia ho robia ide\u00e1lnym pre \u0161irok\u00fa \u0161k\u00e1lu aplik\u00e1ci\u00ed, od robotiky a\u017e po spotrebn\u00e9 produkty.<\/p>\n<h2>O FMP<\/h2>\n<p>Spolo\u010dnos\u0165 FMP je popredn\u00fd v\u00fdrobca \u0161pecializuj\u00faci sa na n\u00e1vrh, v\u00fdvoj a v\u00fdrobu vysoko presn\u00fdch prevodoviek, hydraulick\u00fdch valcov, motorov, v\u00fdvodov\u00fdch hriade\u013eov, mikromotorov a \u0161irokej \u0161k\u00e1ly \u010fal\u0161\u00edch kritick\u00fdch komponentov. V\u010faka odhodlaniu a tvrdej pr\u00e1ci n\u00e1\u0161ho sk\u00fasen\u00e9ho t\u00edmu sme sa etablovali ako l\u00edder v tomto odvetv\u00ed. Na\u0161e produkty s\u00fa \u0161iroko distribuovan\u00e9 v Eur\u00f3pe, Severnej Amerike, juhov\u00fdchodnej \u00c1zii a na \u010fal\u0161\u00edch k\u013e\u00fa\u010dov\u00fdch trhoch a z\u00edskali si siln\u00fa reput\u00e1ciu v\u010faka kvalite a excelentnosti. Na\u0161i z\u00e1kazn\u00edci neust\u00e1le chv\u00e1lia v\u00fdkon a spo\u013eahlivos\u0165 na\u0161ich produktov.<\/p>\n<p>V spolo\u010dnosti FMP sme vybaven\u00ed najmodernej\u0161\u00edmi v\u00fdrobn\u00fdmi zariadeniami vr\u00e1tane rozsiahlych v\u00fdrobn\u00fdch dieln\u00ed, kancel\u00e1rskych priestorov a ubytovac\u00edch priestorov pre zamestnancov. Disponujeme tie\u017e najmodernej\u0161\u00edmi zariadeniami pre v\u00fdskum a v\u00fdvoj, v\u00fdrobu a testovanie. Na\u0161e \u0161pecializovan\u00e9 oddelenia in\u017einierstva, v\u00fdroby foriem a mont\u00e1\u017ee s\u00fa dobre vybaven\u00e9 na poskytovanie plne prisp\u00f4soben\u00fdch rie\u0161en\u00ed, ktor\u00e9 uspokoja jedine\u010dn\u00e9 potreby ka\u017ed\u00e9ho klienta. V\u010faka robustn\u00e9mu technick\u00e9mu z\u00e1kladu, zefekt\u00edvnen\u00fdm v\u00fdrobn\u00fdm procesom a efekt\u00edvnemu syst\u00e9mu riadenia spolo\u010dnos\u0165 FMP zabezpe\u010duje, aby v\u0161etky produkty sp\u013a\u0148ali najvy\u0161\u0161ie priemyseln\u00e9 \u0161tandardy.<\/p>\n<p>Kvalita je jadrom n\u00e1\u0161ho fungovania. Od v\u00fdberu materi\u00e1lu a n\u00e1vrhu a\u017e po v\u00fdrobu, dodanie a sp\u00e4tn\u00fa v\u00e4zbu od z\u00e1kazn\u00edkov venujeme ve\u013ek\u00fa pozornos\u0165 ka\u017ed\u00e9mu detailu. Spokojnos\u0165 z\u00e1kazn\u00edkov je na\u0161ou najvy\u0161\u0161ou prioritou a sme odhodlan\u00ed pon\u00faka\u0165 v\u00fdnimo\u010dn\u00e9 slu\u017eby v ka\u017edej f\u00e1ze procesu. FMP sa nezameriava na nadmern\u00fd zisk, ale na budovanie dlhodob\u00fdch, vz\u00e1jomne prospe\u0161n\u00fdch partnerstiev s na\u0161imi klientmi, \u010d\u00edm zabezpe\u010duje trval\u00fd rast a \u00faspech.<\/p>\n<p>V\u00edtame pr\u00edle\u017eitosti na spolupr\u00e1cu a te\u0161\u00edme sa na vytvorenie lep\u0161ej bud\u00facnosti s na\u0161imi partnermi. Na\u0161e rie\u0161enia na mieru s\u00fa navrhnut\u00e9 tak, aby sp\u013a\u0148ali meniace sa po\u017eiadavky na\u0161ich z\u00e1kazn\u00edkov a zabezpe\u010dovali, \u017ee ka\u017ed\u00fd projekt dostane pln\u00fa pozornos\u0165 a odborn\u00e9 znalosti, ktor\u00e9 si zasl\u00fa\u017ei. \u010ci u\u017e h\u013ead\u00e1te \u0161tandardn\u00e9 produkty alebo rie\u0161enia na mieru, spolo\u010dnos\u0165 FMP sa venuje podpore v\u00e1\u0161ho \u00faspechu v ka\u017edom kroku.<\/p>\n<p><img loading=\"lazy\" decoding=\"async\" class=\"alignnone size-full wp-image-3335\" src=\"https:\/\/fmp-components.com\/wp-content\/uploads\/2025\/01\/DC-motor-tgp01d-a130-product-1.webp\" alt=\"DC-motor-tgp01d-a130\" width=\"883\" height=\"574\" title=\"\" srcset=\"https:\/\/fmp-components.com\/wp-content\/uploads\/2025\/01\/DC-motor-tgp01d-a130-product-1.webp 883w, https:\/\/fmp-components.com\/wp-content\/uploads\/2025\/01\/DC-motor-tgp01d-a130-product-1-480x312.webp 480w\" sizes=\"(min-width: 0px) and (max-width: 480px) 480px, (min-width: 481px) 883px, 100vw\" \/><\/p>\n<p>Autor: CX<\/p>","protected":false},"excerpt":{"rendered":"<p>Plastic Gearbox Mini Geared Motor TGP01S-A130 TGP plastic gears gearbox plus A130 permanent magnet DC motor small size dc gear motor with low speed and big torque suitable to small diameter, low noise, and big torque application reduction ratio: 48,120,180,220,288 Characters of Mini Geared Motor Small size dc gear motor with low speed and big [&hellip;]<\/p>","protected":false},"featured_media":3340,"comment_status":"open","ping_status":"closed","template":"","meta":{"_et_pb_use_builder":"","_et_pb_old_content":"","_et_gb_content_width":""},"product_brand":[],"product_cat":[85],"product_tag":[],"class_list":{"0":"post-3339","1":"product","2":"type-product","3":"status-publish","4":"has-post-thumbnail","6":"product_cat-dc-motors","8":"first","9":"instock","10":"shipping-taxable","11":"product-type-simple"},"_links":{"self":[{"href":"https:\/\/fmp-components.com\/sk\/wp-json\/wp\/v2\/product\/3339","targetHints":{"allow":["GET"]}}],"collection":[{"href":"https:\/\/fmp-components.com\/sk\/wp-json\/wp\/v2\/product"}],"about":[{"href":"https:\/\/fmp-components.com\/sk\/wp-json\/wp\/v2\/types\/product"}],"replies":[{"embeddable":true,"href":"https:\/\/fmp-components.com\/sk\/wp-json\/wp\/v2\/comments?post=3339"}],"wp:featuredmedia":[{"embeddable":true,"href":"https:\/\/fmp-components.com\/sk\/wp-json\/wp\/v2\/media\/3340"}],"wp:attachment":[{"href":"https:\/\/fmp-components.com\/sk\/wp-json\/wp\/v2\/media?parent=3339"}],"wp:term":[{"taxonomy":"product_brand","embeddable":true,"href":"https:\/\/fmp-components.com\/sk\/wp-json\/wp\/v2\/product_brand?post=3339"},{"taxonomy":"product_cat","embeddable":true,"href":"https:\/\/fmp-components.com\/sk\/wp-json\/wp\/v2\/product_cat?post=3339"},{"taxonomy":"product_tag","embeddable":true,"href":"https:\/\/fmp-components.com\/sk\/wp-json\/wp\/v2\/product_tag?post=3339"}],"curies":[{"name":"pracovn\u00fd list","href":"https:\/\/api.w.org\/{rel}","templated":true}]}}