{"id":3331,"date":"2025-01-06T08:18:18","date_gmt":"2025-01-06T08:18:18","guid":{"rendered":"https:\/\/fmp-components.com\/?page_id=8"},"modified":"2025-01-06T08:34:45","modified_gmt":"2025-01-06T08:34:45","slug":"italy-supplier-mini-dc-motor-tgp01d-a130-plastic-gearbox-plus-a130","status":"publish","type":"product","link":"https:\/\/fmp-components.com\/sk\/product\/italy-supplier-mini-dc-motor-tgp01d-a130-plastic-gearbox-plus-a130\/","title":{"rendered":"Taliansky dod\u00e1vate\u013e Mini DC motor TGP01D-A130 Plastov\u00e1 prevodovka Plus A130"},"content":{"rendered":"<p><img loading=\"lazy\" decoding=\"async\" class=\"wp-image-3334 aligncenter\" src=\"https:\/\/fmp-components.com\/wp-content\/uploads\/2025\/01\/DC-motor-tgp01d-a130-1.webp\" alt=\"DC-motor-tgp01d-a130\" width=\"524\" height=\"539\" title=\"\" srcset=\"https:\/\/fmp-components.com\/wp-content\/uploads\/2025\/01\/DC-motor-tgp01d-a130-1.webp 524w, https:\/\/fmp-components.com\/wp-content\/uploads\/2025\/01\/DC-motor-tgp01d-a130-1-480x494.webp 480w\" sizes=\"(min-width: 0px) and (max-width: 480px) 480px, (min-width: 481px) 524px, 100vw\" \/><\/p>\n<h2>\u0160pecifik\u00e1cia<\/h2>\n<table style=\"width: 100%;\" border=\"1\" width=\"100%\" cellspacing=\"0\" cellpadding=\"0\">\n<tbody>\n<tr>\n<th>Typ motora<\/th>\n<td>Mal\u00fd jednosmern\u00fd prevodov\u00fd motor<\/td>\n<\/tr>\n<tr>\n<th>Charakteristiky<\/th>\n<td>N\u00edzka r\u00fdchlos\u0165, ve\u013ek\u00fd kr\u00fatiaci moment, n\u00edzka hlu\u010dnos\u0165<\/td>\n<\/tr>\n<tr>\n<th>Reduk\u010dn\u00e9 pomery<\/th>\n<td>48, 120, 180, 220, 288<\/td>\n<\/tr>\n<tr>\n<th>Aplik\u00e1cie<\/th>\n<td>Motorizovan\u00e1 hra\u010dka, hra\u010dka na odr\u00e1\u017eanie, robot<\/td>\n<\/tr>\n<\/tbody>\n<\/table>\n<h2>Rozmer prevodov\u00e9ho motora (mm)<\/h2>\n<p><img loading=\"lazy\" decoding=\"async\" class=\"alignnone size-full wp-image-3332\" src=\"https:\/\/fmp-components.com\/wp-content\/uploads\/2025\/01\/fmp_1.TGP010-A130-2.webp\" alt=\"fmp_1.TGP010-A130-2\" width=\"922\" height=\"512\" title=\"\" srcset=\"https:\/\/fmp-components.com\/wp-content\/uploads\/2025\/01\/fmp_1.TGP010-A130-2.webp 922w, https:\/\/fmp-components.com\/wp-content\/uploads\/2025\/01\/fmp_1.TGP010-A130-2-480x267.webp 480w\" sizes=\"(min-width: 0px) and (max-width: 480px) 480px, (min-width: 481px) 922px, 100vw\" \/><\/p>\n<h2>Technick\u00e9 \u00fadaje mini jednosmern\u00e9ho motora<\/h2>\n<table style=\"width: 96.6375%; height: 144px;\" border=\"1\">\n<tbody>\n<tr>\n<td>\u010c\u00edslo modelu motora<\/td>\n<td>Menovit\u00e9 nap\u00e4tie<br \/>\nVDC<\/td>\n<td>R\u00fdchlos\u0165 bez za\u0165a\u017eenia<br \/>\not.\/min.<\/td>\n<td>Pr\u00fad bez z\u00e1\u0165a\u017ee<br \/>\nmA<\/td>\n<td>Zastavovac\u00ed kr\u00fatiaci moment<br \/>\ng.cm<\/td>\n<td>Zastavovac\u00ed pr\u00fad<br \/>\nA<\/td>\n<\/tr>\n<tr>\n<td>TFE-130RA-12215<\/td>\n<td>6.0<\/td>\n<td>11500<\/td>\n<td>120<\/td>\n<td>20<\/td>\n<td>0.85<\/td>\n<\/tr>\n<tr>\n<td>TFE-130RA-14175<\/td>\n<td>3.0<\/td>\n<td>8000<\/td>\n<td>120<\/td>\n<td>13<\/td>\n<td>0.70<\/td>\n<\/tr>\n<tr>\n<td>TFE-130RA-18100<\/td>\n<td>3.0<\/td>\n<td>11500<\/td>\n<td>250<\/td>\n<td>20<\/td>\n<td>1.80<\/td>\n<\/tr>\n<\/tbody>\n<\/table>\n<h2>Technick\u00e9 \u00fadaje prevodov\u00e9ho motora<\/h2>\n<table style=\"width: 96.6375%; height: 120px;\" border=\"1\">\n<tbody>\n<tr style=\"height: 30px;\">\n<th style=\"height: 30px; width: 32.774%; text-align: left;\">Model prevodovky<\/th>\n<td style=\"height: 30px; width: 66.5548%;\">TGP01D-A130-12215-XXX<\/td>\n<\/tr>\n<tr style=\"height: 30px;\">\n<th style=\"height: 30px; width: 32.774%; text-align: left;\">Reduk\u010dn\u00e9 pomery<\/th>\n<td style=\"height: 30px; width: 66.5548%;\">48, 120, 180, 220, 288<\/td>\n<\/tr>\n<tr style=\"height: 30px;\">\n<th style=\"height: 30px; width: 32.774%; text-align: left;\">Ot\u00e1\u010dky bez za\u0165a\u017eenia (ot.\/min.)<\/th>\n<td style=\"height: 30px; width: 66.5548%;\">230, 90, 60, 50, 38<\/td>\n<\/tr>\n<tr style=\"height: 30px;\">\n<th style=\"height: 30px; width: 32.774%; text-align: left;\">Maxim\u00e1lny momentov\u00fd toleran\u010dn\u00fd kr\u00fatiaci moment (kg.cm)<\/th>\n<td style=\"height: 30px; width: 66.5548%;\">0.7, 1.4, 2.0, 2.2, 2.8<\/td>\n<\/tr>\n<\/tbody>\n<\/table>\n<h2>Prevodovka s motorom<\/h2>\n<table style=\"width: 96.6375%; height: 96px;\" border=\"1\">\n<tbody>\n<tr style=\"height: 24px;\">\n<th style=\"height: 24px; text-align: left; width: 38.4787%;\">Model prevodovky<\/th>\n<td style=\"height: 24px; width: 60.8501%;\">TGP01D-A130-14175-XXX<\/td>\n<\/tr>\n<tr style=\"height: 24px;\">\n<th style=\"height: 24px; text-align: left; width: 38.4787%;\">Reduk\u010dn\u00e9 pomery<\/th>\n<td style=\"height: 24px; width: 60.8501%;\">48, 120, 180, 220, 288<\/td>\n<\/tr>\n<tr style=\"height: 24px;\">\n<th style=\"height: 24px; text-align: left; width: 38.4787%;\">Ot\u00e1\u010dky bez za\u0165a\u017eenia (ot.\/min.)<\/th>\n<td style=\"height: 24px; width: 60.8501%;\">150, 60, 40, 33, 25<\/td>\n<\/tr>\n<tr style=\"height: 24px;\">\n<th style=\"height: 24px; text-align: left; width: 38.4787%;\">Maxim\u00e1lny momentov\u00fd toleran\u010dn\u00fd kr\u00fatiaci moment (kg.cm)<\/th>\n<td style=\"height: 24px; width: 60.8501%;\">0.5, 0.9, 1.2, 1.4, 1.8<\/td>\n<\/tr>\n<\/tbody>\n<\/table>\n<table style=\"width: 96.6375%; height: 120px;\" border=\"1\">\n<tbody>\n<tr>\n<th style=\"text-align: left; width: 38.5906%;\">Model prevodovky<\/th>\n<td style=\"width: 60.7383%;\">TGP01D-A130-18100-XXX<\/td>\n<\/tr>\n<tr>\n<th style=\"text-align: left; width: 38.5906%;\">Reduk\u010dn\u00e9 pomery<\/th>\n<td style=\"width: 60.7383%;\">48, 120, 180, 220, 288<\/td>\n<\/tr>\n<tr>\n<th style=\"text-align: left; width: 38.5906%;\">Ot\u00e1\u010dky bez za\u0165a\u017eenia (ot.\/min.)<\/th>\n<td style=\"width: 60.7383%;\">230, 90, 60, 50, 38<\/td>\n<\/tr>\n<tr>\n<th style=\"text-align: left; width: 38.5906%;\">Maxim\u00e1lny momentov\u00fd toleran\u010dn\u00fd kr\u00fatiaci moment (kg.cm)<\/th>\n<td style=\"width: 60.7383%;\">0.7, 1.4, 2.0, 2.2, 2.8<\/td>\n<\/tr>\n<\/tbody>\n<\/table>\n<h2 data-pm-slice=\"0 0 []\">Vlastnosti mini jednosmern\u00e9ho motora TGP01D-A130<\/h2>\n<p>Mini jednosmern\u00fd motor TGP01D-A130 je kompaktn\u00fd a efekt\u00edvny motor ur\u010den\u00fd pre r\u00f4zne aplik\u00e1cie, kde s\u00fa k\u013e\u00fa\u010dov\u00fdmi faktormi priestorov\u00e9 obmedzenia a v\u00fdkon. Ni\u017e\u0161ie s\u00fa uveden\u00e9 v\u00fdznamn\u00e9 vlastnosti tohto motora:<\/p>\n<ol>\n<li><strong>Kompaktn\u00e1 ve\u013ekos\u0165<\/strong>:\n<ul>\n<li>Navrhnut\u00e9 tak, aby sa zmestili do mal\u00fdch priestorov, v\u010faka \u010domu s\u00fa ide\u00e1lne pre aplik\u00e1cie, kde je ve\u013ekos\u0165 kritick\u00fdm faktorom, ako s\u00fa prenosn\u00e9 zariadenia alebo miniat\u00farne stroje.<\/li>\n<\/ul>\n<\/li>\n<li><strong>Vysok\u00e1 \u00fa\u010dinnos\u0165<\/strong>:\n<ul>\n<li>Navrhnut\u00e9 pre efekt\u00edvny v\u00fdkon, zabezpe\u010denie optim\u00e1lnej spotreby energie a minimaliz\u00e1ciu tvorby tepla po\u010das prev\u00e1dzky.<\/li>\n<\/ul>\n<\/li>\n<li><strong>Trvanlivos\u0165<\/strong>:\n<ul>\n<li>V\u010faka vysoko kvalitn\u00fdm materi\u00e1lom pon\u00faka model TGP01D-A130 dlhotrvaj\u00facu odolnos\u0165 a spo\u013eahlivos\u0165, \u010do zais\u0165uje pred\u013a\u017een\u00fa prev\u00e1dzkov\u00fa \u017eivotnos\u0165 aj pri miernom a\u017e intenz\u00edvnom pou\u017e\u00edvan\u00ed.<\/li>\n<\/ul>\n<\/li>\n<li><strong>N\u00edzka spotreba energie<\/strong>:\n<ul>\n<li>Motor pracuje s minim\u00e1lnymi energetick\u00fdmi n\u00e1rokmi, v\u010faka \u010domu je vysoko energeticky \u00fasporn\u00fd a vhodn\u00fd pre zariadenia nap\u00e1jan\u00e9 z bat\u00e9ri\u00ed.<\/li>\n<\/ul>\n<\/li>\n<li><strong>Plynul\u00e1 a tich\u00e1 prev\u00e1dzka<\/strong>:\n<ul>\n<li>Je navrhnut\u00fd pre plynul\u00fd a tich\u00fd chod, v\u010faka \u010domu je ide\u00e1lny pre aplik\u00e1cie vy\u017eaduj\u00face n\u00edzku hladinu hluku, ako napr\u00edklad v zdravotn\u00edckych pom\u00f4ckach, hra\u010dk\u00e1ch a malej elektronike.<\/li>\n<\/ul>\n<\/li>\n<\/ol>\n<p>Stru\u010dne povedan\u00e9, mini jednosmern\u00fd motor TGP01D-A130 je v\u0161estrann\u00e9, odoln\u00e9 a efekt\u00edvne rie\u0161enie pre aplik\u00e1cie, kde s\u00fa nevyhnutn\u00e9 rozmery, energetick\u00e1 \u00fa\u010dinnos\u0165 a spo\u013eahlivos\u0165.<\/p>\n<p><img loading=\"lazy\" decoding=\"async\" class=\"alignnone size-full wp-image-3336\" src=\"https:\/\/fmp-components.com\/wp-content\/uploads\/2025\/01\/DC-motor-tgp01d-a130-product.webp\" alt=\"DC-motor-tgp01d-a130\" width=\"1071\" height=\"742\" title=\"\" srcset=\"https:\/\/fmp-components.com\/wp-content\/uploads\/2025\/01\/DC-motor-tgp01d-a130-product.webp 1071w, https:\/\/fmp-components.com\/wp-content\/uploads\/2025\/01\/DC-motor-tgp01d-a130-product-980x679.webp 980w, https:\/\/fmp-components.com\/wp-content\/uploads\/2025\/01\/DC-motor-tgp01d-a130-product-480x333.webp 480w\" sizes=\"(min-width: 0px) and (max-width: 480px) 480px, (min-width: 481px) and (max-width: 980px) 980px, (min-width: 981px) 1071px, 100vw\" \/><\/p>\n<h2>O FMP<\/h2>\n<p>Spolo\u010dnos\u0165 FMP je popredn\u00fd v\u00fdrobca \u0161pecializuj\u00faci sa na n\u00e1vrh, v\u00fdvoj a v\u00fdrobu vysoko presn\u00fdch prevodoviek, hydraulick\u00fdch valcov, motorov, v\u00fdvodov\u00fdch hriade\u013eov, mikromotorov a \u0161irokej \u0161k\u00e1ly \u010fal\u0161\u00edch d\u00f4le\u017eit\u00fdch komponentov. V\u010faka neust\u00e1lemu odhodlaniu a tvrdej pr\u00e1ci cel\u00e9ho n\u00e1\u0161ho t\u00edmu sme sa etablovali ako jeden z l\u00eddrov v tomto odvetv\u00ed. Na\u0161e v\u00fdrobky sa vyv\u00e1\u017eaj\u00fa do cel\u00e9ho sveta so siln\u00fdm zast\u00fapen\u00edm v Eur\u00f3pe, Severnej Amerike, juhov\u00fdchodnej \u00c1zii a \u010fal\u0161\u00edch regi\u00f3noch. Z\u00edskali sme si reput\u00e1ciu v\u00fdnimo\u010dnej kvality a na\u0161e v\u00fdrobky si vysoko v\u00e1\u017eia z\u00e1kazn\u00edci na celom svete.<\/p>\n<p>V spolo\u010dnosti FMP sme vybaven\u00ed rozsiahlymi v\u00fdrobn\u00fdmi diel\u0148ami, kancel\u00e1rskymi budovami a ubytov\u0148ami pre zamestnancov. Disponujeme tie\u017e modern\u00fdm vybaven\u00edm pre v\u00fdskum a v\u00fdvoj, v\u00fdrobu a testovanie. Na\u0161e profesion\u00e1lne oddelenie produktov\u00e9ho in\u017einierstva, v\u00fdroba foriem a mont\u00e1\u017ene centrum n\u00e1m umo\u017e\u0148uj\u00fa pon\u00faka\u0165 plne prisp\u00f4soben\u00e9 rie\u0161enia prisp\u00f4soben\u00e9 \u0161pecifick\u00fdm potreb\u00e1m na\u0161ich klientov. V\u010faka siln\u00e9mu technick\u00e9mu z\u00e1kladu, efekt\u00edvnym v\u00fdrobn\u00fdm procesom a robustn\u00e9mu syst\u00e9mu riadenia spolo\u010dnos\u0165 FMP vynik\u00e1 v dod\u00e1van\u00ed produktov, ktor\u00e9 sp\u013a\u0148aj\u00fa najvy\u0161\u0161ie \u0161tandardy.<\/p>\n<p>N\u00e1\u0161 z\u00e1v\u00e4zok ku kvalite sa odr\u00e1\u017ea v ka\u017edom detaile na\u0161ich oper\u00e1ci\u00ed, od v\u00fdberu materi\u00e1lu, cez n\u00e1vrh a v\u00fdrobu, a\u017e po dodanie a sp\u00e4tn\u00fa v\u00e4zbu od z\u00e1kazn\u00edkov. Uprednost\u0148ujeme spokojnos\u0165 z\u00e1kazn\u00edkov a sna\u017e\u00edme sa poskytova\u0165 vynikaj\u00face slu\u017eby v ka\u017edej f\u00e1ze procesu. FMP sa nesna\u017e\u00ed o nadmern\u00e9 zisky, ale zameriava sa na budovanie a udr\u017eiavanie dlhodob\u00fdch, vz\u00e1jomne prospe\u0161n\u00fdch partnerstiev s na\u0161imi klientmi.<\/p>\n<p>Sme v\u017edy otvoren\u00ed spolupr\u00e1ci a te\u0161\u00edme sa na vytvorenie svetlej bud\u00facnosti spolu s na\u0161imi partnermi. Na\u0161e rie\u0161enia na mieru s\u00fa navrhnut\u00e9 tak, aby sp\u013a\u0148ali meniace sa potreby na\u0161ich z\u00e1kazn\u00edkov a zabezpe\u010dovali, \u017ee ka\u017ed\u00fd projekt dostane najvy\u0161\u0161iu \u00farove\u0148 pozornosti a odborn\u00fdch znalost\u00ed. \u010ci u\u017e potrebujete \u0161tandardn\u00e9 produkty alebo rie\u0161enia na mieru, spolo\u010dnos\u0165 FMP sa zaviazala podporova\u0165 v\u00e1\u0161 \u00faspech.<\/p>\n<p><img loading=\"lazy\" decoding=\"async\" class=\"alignnone size-full wp-image-3335\" src=\"https:\/\/fmp-components.com\/wp-content\/uploads\/2025\/01\/DC-motor-tgp01d-a130-product-1.webp\" alt=\"DC-motor-tgp01d-a130\" width=\"883\" height=\"574\" title=\"\" srcset=\"https:\/\/fmp-components.com\/wp-content\/uploads\/2025\/01\/DC-motor-tgp01d-a130-product-1.webp 883w, https:\/\/fmp-components.com\/wp-content\/uploads\/2025\/01\/DC-motor-tgp01d-a130-product-1-480x312.webp 480w\" sizes=\"(min-width: 0px) and (max-width: 480px) 480px, (min-width: 481px) 883px, 100vw\" \/><\/p>\n<p>Autor: CX<\/p>","protected":false},"excerpt":{"rendered":"<p>Specification Motor Type Small Size DC Gear Motor Characteristics Low Speed, Big Torque, Low Noise Reduction Ratios 48, 120, 180, 220, 288 Applications Motorized Toy, Ride-on Toy, Robot Gear motor dimension (mm) Mini DC Motor Technical Data Motor model No Rated voltage VDC No-load speed r\/min No-load current mA Stall torque g.cm Stall current A [&hellip;]<\/p>","protected":false},"featured_media":3337,"comment_status":"open","ping_status":"closed","template":"","meta":{"_et_pb_use_builder":"","_et_pb_old_content":"","_et_gb_content_width":""},"product_brand":[],"product_cat":[85],"product_tag":[],"class_list":{"0":"post-3331","1":"product","2":"type-product","3":"status-publish","4":"has-post-thumbnail","6":"product_cat-dc-motors","8":"first","9":"instock","10":"shipping-taxable","11":"product-type-simple"},"_links":{"self":[{"href":"https:\/\/fmp-components.com\/sk\/wp-json\/wp\/v2\/product\/3331","targetHints":{"allow":["GET"]}}],"collection":[{"href":"https:\/\/fmp-components.com\/sk\/wp-json\/wp\/v2\/product"}],"about":[{"href":"https:\/\/fmp-components.com\/sk\/wp-json\/wp\/v2\/types\/product"}],"replies":[{"embeddable":true,"href":"https:\/\/fmp-components.com\/sk\/wp-json\/wp\/v2\/comments?post=3331"}],"wp:featuredmedia":[{"embeddable":true,"href":"https:\/\/fmp-components.com\/sk\/wp-json\/wp\/v2\/media\/3337"}],"wp:attachment":[{"href":"https:\/\/fmp-components.com\/sk\/wp-json\/wp\/v2\/media?parent=3331"}],"wp:term":[{"taxonomy":"product_brand","embeddable":true,"href":"https:\/\/fmp-components.com\/sk\/wp-json\/wp\/v2\/product_brand?post=3331"},{"taxonomy":"product_cat","embeddable":true,"href":"https:\/\/fmp-components.com\/sk\/wp-json\/wp\/v2\/product_cat?post=3331"},{"taxonomy":"product_tag","embeddable":true,"href":"https:\/\/fmp-components.com\/sk\/wp-json\/wp\/v2\/product_tag?post=3331"}],"curies":[{"name":"pracovn\u00fd list","href":"https:\/\/api.w.org\/{rel}","templated":true}]}}