{"id":332,"date":"2024-12-09T07:11:22","date_gmt":"2024-12-09T07:11:22","guid":{"rendered":"https:\/\/fmp-components.com\/?page_id=8"},"modified":"2024-12-09T07:14:00","modified_gmt":"2024-12-09T07:14:00","slug":"forklift-distance-adjustment-hydraulic-cylinder","status":"publish","type":"product","link":"https:\/\/fmp-components.com\/sk\/product\/forklift-distance-adjustment-hydraulic-cylinder\/","title":{"rendered":"Hydraulick\u00fd valec na nastavenie vzdialenosti vysokozdvi\u017en\u00e9ho voz\u00edka"},"content":{"rendered":"<p style=\"text-align: center;\"><span style=\"font-size: 18pt;\">Hydraulick\u00fd valec na nastavenie vzdialenosti vysokozdvi\u017en\u00e9ho voz\u00edka<\/span><\/p>\n<p><img loading=\"lazy\" decoding=\"async\" class=\"size-full wp-image-343 aligncenter\" src=\"https:\/\/fmp-components.com\/wp-content\/uploads\/2024\/12\/Forklift-Distance-Adjustment-Hydraulic-Cylinder.webp\" alt=\"Hydraulick\u00fd valec na nastavenie vzdialenosti vysokozdvi\u017en\u00e9ho voz\u00edka\" width=\"500\" height=\"500\" title=\"\" srcset=\"https:\/\/fmp-components.com\/wp-content\/uploads\/2024\/12\/Forklift-Distance-Adjustment-Hydraulic-Cylinder.webp 500w, https:\/\/fmp-components.com\/wp-content\/uploads\/2024\/12\/Forklift-Distance-Adjustment-Hydraulic-Cylinder-480x480.webp 480w\" sizes=\"(min-width: 0px) and (max-width: 480px) 480px, (min-width: 481px) 500px, 100vw\" \/><\/p>\n<h2>Rozmery hydraulick\u00e9ho valca pre nastavenie vzdialenosti vysokozdvi\u017en\u00e9ho voz\u00edka:<\/h2>\n<table>\n<tbody>\n<tr>\n<td>\n<h2><img loading=\"lazy\" decoding=\"async\" class=\"alignnone size-full wp-image-333\" src=\"https:\/\/fmp-components.com\/wp-content\/uploads\/2024\/12\/Forklift-Distance-Adjustment-Hydraulic-Cylinder-Dimensions-1.webp\" alt=\"Rozmery hydraulick\u00e9ho valca pre nastavenie vzdialenosti vysokozdvi\u017en\u00e9ho voz\u00edka\" width=\"600\" height=\"240\" title=\"\" srcset=\"https:\/\/fmp-components.com\/wp-content\/uploads\/2024\/12\/Forklift-Distance-Adjustment-Hydraulic-Cylinder-Dimensions-1.webp 600w, https:\/\/fmp-components.com\/wp-content\/uploads\/2024\/12\/Forklift-Distance-Adjustment-Hydraulic-Cylinder-Dimensions-1-480x192.webp 480w\" sizes=\"(min-width: 0px) and (max-width: 480px) 480px, (min-width: 481px) 600px, 100vw\" \/><\/h2>\n<\/td>\n<td>\n<h2><img loading=\"lazy\" decoding=\"async\" class=\"alignnone size-full wp-image-334\" src=\"https:\/\/fmp-components.com\/wp-content\/uploads\/2024\/12\/Forklift-Distance-Adjustment-Hydraulic-Cylinder-Dimensions-2.webp\" alt=\"Rozmery hydraulick\u00e9ho valca pre nastavenie vzdialenosti vysokozdvi\u017en\u00e9ho voz\u00edka\" width=\"600\" height=\"240\" title=\"\" srcset=\"https:\/\/fmp-components.com\/wp-content\/uploads\/2024\/12\/Forklift-Distance-Adjustment-Hydraulic-Cylinder-Dimensions-2.webp 600w, https:\/\/fmp-components.com\/wp-content\/uploads\/2024\/12\/Forklift-Distance-Adjustment-Hydraulic-Cylinder-Dimensions-2-480x192.webp 480w\" sizes=\"(min-width: 0px) and (max-width: 480px) 480px, (min-width: 481px) 600px, 100vw\" \/><\/h2>\n<\/td>\n<\/tr>\n<\/tbody>\n<\/table>\n<table border=\"1\" cellspacing=\"0\" cellpadding=\"0\">\n<tbody>\n<tr>\n<td width=\"246\">N\u00e1zov valca<\/td>\n<td width=\"336\">\u010c\u00edslo v\u00fdkresu<\/td>\n<td width=\"126\">Priemer otvoru (D)<\/td>\n<td width=\"123\">Priemer ty\u010de (d)<\/td>\n<td width=\"114\">Zdvih (S)<\/td>\n<td width=\"170\">In\u0161tala\u010dn\u00e1 vzdialenos\u0165 (L)<\/td>\n<td width=\"172\">Pracovn\u00fd tlak<\/td>\n<td width=\"366\">Rozmery rozhrania (M)<\/td>\n<td width=\"96\">Hmotnos\u0165<\/td>\n<\/tr>\n<tr>\n<td class=\"et3\" width=\"246\" height=\"286\">Valec na nastavenie vzdialenosti<\/td>\n<td class=\"et4\" width=\"336\">3CS17G-30-00T4<\/td>\n<td class=\"et4\" width=\"126\">\u03a650<\/td>\n<td class=\"et4\" width=\"123\">\u03a625<\/td>\n<td class=\"et4\" width=\"114\">295<\/td>\n<td class=\"et4\" width=\"170\">503<\/td>\n<td class=\"et4\" width=\"172\">16 MPa<\/td>\n<td class=\"et4\" width=\"366\">2-M16*1,5<\/td>\n<td class=\"et4\" width=\"96\">7 kg<\/td>\n<\/tr>\n<\/tbody>\n<\/table>\n<table>\n<tbody>\n<tr>\n<td>\n<h2><img loading=\"lazy\" decoding=\"async\" class=\"alignnone size-full wp-image-335\" src=\"https:\/\/fmp-components.com\/wp-content\/uploads\/2024\/12\/Forklift-Distance-Adjustment-Hydraulic-Cylinder-Dimensions-3.webp\" alt=\"Rozmery hydraulick\u00e9ho valca pre nastavenie vzdialenosti vysokozdvi\u017en\u00e9ho voz\u00edka\" width=\"680\" height=\"260\" title=\"\" srcset=\"https:\/\/fmp-components.com\/wp-content\/uploads\/2024\/12\/Forklift-Distance-Adjustment-Hydraulic-Cylinder-Dimensions-3.webp 680w, https:\/\/fmp-components.com\/wp-content\/uploads\/2024\/12\/Forklift-Distance-Adjustment-Hydraulic-Cylinder-Dimensions-3-480x184.webp 480w\" sizes=\"(min-width: 0px) and (max-width: 480px) 480px, (min-width: 481px) 680px, 100vw\" \/><\/h2>\n<\/td>\n<td>\n<h2><img loading=\"lazy\" decoding=\"async\" class=\"alignnone size-full wp-image-336\" src=\"https:\/\/fmp-components.com\/wp-content\/uploads\/2024\/12\/Forklift-Distance-Adjustment-Hydraulic-Cylinder-Dimensions-4.webp\" alt=\"Rozmery hydraulick\u00e9ho valca pre nastavenie vzdialenosti vysokozdvi\u017en\u00e9ho voz\u00edka\" width=\"680\" height=\"260\" title=\"\" srcset=\"https:\/\/fmp-components.com\/wp-content\/uploads\/2024\/12\/Forklift-Distance-Adjustment-Hydraulic-Cylinder-Dimensions-4.webp 680w, https:\/\/fmp-components.com\/wp-content\/uploads\/2024\/12\/Forklift-Distance-Adjustment-Hydraulic-Cylinder-Dimensions-4-480x184.webp 480w\" sizes=\"(min-width: 0px) and (max-width: 480px) 480px, (min-width: 481px) 680px, 100vw\" \/><\/h2>\n<\/td>\n<\/tr>\n<\/tbody>\n<\/table>\n<table border=\"1\" cellspacing=\"0\" cellpadding=\"0\">\n<tbody>\n<tr>\n<td width=\"246\">N\u00e1zov valca<\/td>\n<td width=\"336\">\u010c\u00edslo v\u00fdkresu<\/td>\n<td width=\"126\">Priemer otvoru (D)<\/td>\n<td width=\"123\">Priemer ty\u010de (d)<\/td>\n<td width=\"114\">Zdvih (S)<\/td>\n<td width=\"170\">In\u0161tala\u010dn\u00e1 vzdialenos\u0165 (L)<\/td>\n<td width=\"172\">Pracovn\u00fd tlak<\/td>\n<td width=\"366\">Rozmery rozhrania (M)<\/td>\n<td width=\"96\">Hmotnos\u0165<\/td>\n<\/tr>\n<tr>\n<td class=\"et3\" width=\"246\" height=\"286\">Valec na nastavenie vzdialenosti<\/td>\n<td class=\"et4\" width=\"336\">7B3-303000-00TA<\/td>\n<td class=\"et4\" width=\"126\">\u03a650<\/td>\n<td class=\"et4\" width=\"123\">\u03a628<\/td>\n<td class=\"et4\" width=\"114\">750<\/td>\n<td class=\"et4\" width=\"170\">1040<\/td>\n<td class=\"et4\" width=\"172\">18 MPa<\/td>\n<td class=\"et4\" width=\"366\">M14*1,5; M16*1,5<\/td>\n<td class=\"et4\" width=\"96\">14 kg<\/td>\n<\/tr>\n<\/tbody>\n<\/table>\n<table>\n<tbody>\n<tr>\n<td>\n<h2><img loading=\"lazy\" decoding=\"async\" class=\"alignnone size-full wp-image-337\" src=\"https:\/\/fmp-components.com\/wp-content\/uploads\/2024\/12\/Forklift-Distance-Adjustment-Hydraulic-Cylinder-Dimensions-5.webp\" alt=\"Rozmery hydraulick\u00e9ho valca pre nastavenie vzdialenosti vysokozdvi\u017en\u00e9ho voz\u00edka\" width=\"680\" height=\"280\" title=\"\" srcset=\"https:\/\/fmp-components.com\/wp-content\/uploads\/2024\/12\/Forklift-Distance-Adjustment-Hydraulic-Cylinder-Dimensions-5.webp 680w, https:\/\/fmp-components.com\/wp-content\/uploads\/2024\/12\/Forklift-Distance-Adjustment-Hydraulic-Cylinder-Dimensions-5-480x198.webp 480w\" sizes=\"(min-width: 0px) and (max-width: 480px) 480px, (min-width: 481px) 680px, 100vw\" \/><\/h2>\n<\/td>\n<td>\n<h2><img loading=\"lazy\" decoding=\"async\" class=\"alignnone size-full wp-image-338\" src=\"https:\/\/fmp-components.com\/wp-content\/uploads\/2024\/12\/Forklift-Distance-Adjustment-Hydraulic-Cylinder-Dimensions-6.webp\" alt=\"Rozmery hydraulick\u00e9ho valca pre nastavenie vzdialenosti vysokozdvi\u017en\u00e9ho voz\u00edka\" width=\"680\" height=\"280\" title=\"\" srcset=\"https:\/\/fmp-components.com\/wp-content\/uploads\/2024\/12\/Forklift-Distance-Adjustment-Hydraulic-Cylinder-Dimensions-6.webp 680w, https:\/\/fmp-components.com\/wp-content\/uploads\/2024\/12\/Forklift-Distance-Adjustment-Hydraulic-Cylinder-Dimensions-6-480x198.webp 480w\" sizes=\"(min-width: 0px) and (max-width: 480px) 480px, (min-width: 481px) 680px, 100vw\" \/><\/h2>\n<\/td>\n<\/tr>\n<\/tbody>\n<\/table>\n<table border=\"1\" cellspacing=\"0\" cellpadding=\"0\">\n<tbody>\n<tr>\n<td width=\"246\">N\u00e1zov valca<\/td>\n<td width=\"336\">\u010c\u00edslo v\u00fdkresu<\/td>\n<td width=\"126\">Priemer otvoru (D)<\/td>\n<td width=\"123\">Priemer ty\u010de (d)<\/td>\n<td width=\"114\">Zdvih (S)<\/td>\n<td width=\"170\">In\u0161tala\u010dn\u00e1 vzdialenos\u0165 (L)<\/td>\n<td width=\"172\">Pracovn\u00fd tlak<\/td>\n<td width=\"366\">Rozmery rozhrania (M)<\/td>\n<td width=\"96\">Hmotnos\u0165<\/td>\n<\/tr>\n<tr>\n<td class=\"et3\" width=\"246\" height=\"284\">Valec na nastavenie vzdialenosti<\/td>\n<td class=\"et4\" width=\"336\">5CS17-40-00Z<\/td>\n<td class=\"et4\" width=\"126\">\u03a650<\/td>\n<td class=\"et4\" width=\"123\">\u03a625<\/td>\n<td class=\"et4\" width=\"114\">619<\/td>\n<td class=\"et4\" width=\"170\">889<\/td>\n<td class=\"et4\" width=\"172\">15 MPa<\/td>\n<td class=\"et4\" width=\"366\">M14*1,5<\/td>\n<td class=\"et4\" width=\"96\">13 kg<\/td>\n<\/tr>\n<\/tbody>\n<\/table>\n<table>\n<tbody>\n<tr>\n<td>\n<h2><img loading=\"lazy\" decoding=\"async\" class=\"alignnone size-full wp-image-339\" src=\"https:\/\/fmp-components.com\/wp-content\/uploads\/2024\/12\/Forklift-Distance-Adjustment-Hydraulic-Cylinder-Dimensions-7.webp\" alt=\"Rozmery hydraulick\u00e9ho valca pre nastavenie vzdialenosti vysokozdvi\u017en\u00e9ho voz\u00edka\" width=\"680\" height=\"290\" title=\"\" srcset=\"https:\/\/fmp-components.com\/wp-content\/uploads\/2024\/12\/Forklift-Distance-Adjustment-Hydraulic-Cylinder-Dimensions-7.webp 680w, https:\/\/fmp-components.com\/wp-content\/uploads\/2024\/12\/Forklift-Distance-Adjustment-Hydraulic-Cylinder-Dimensions-7-480x205.webp 480w\" sizes=\"(min-width: 0px) and (max-width: 480px) 480px, (min-width: 481px) 680px, 100vw\" \/><\/h2>\n<\/td>\n<td>\n<h2><img loading=\"lazy\" decoding=\"async\" class=\"alignnone size-full wp-image-340\" src=\"https:\/\/fmp-components.com\/wp-content\/uploads\/2024\/12\/Forklift-Distance-Adjustment-Hydraulic-Cylinder-Dimensions-8.webp\" alt=\"Rozmery hydraulick\u00e9ho valca pre nastavenie vzdialenosti vysokozdvi\u017en\u00e9ho voz\u00edka\" width=\"680\" height=\"290\" title=\"\" srcset=\"https:\/\/fmp-components.com\/wp-content\/uploads\/2024\/12\/Forklift-Distance-Adjustment-Hydraulic-Cylinder-Dimensions-8.webp 680w, https:\/\/fmp-components.com\/wp-content\/uploads\/2024\/12\/Forklift-Distance-Adjustment-Hydraulic-Cylinder-Dimensions-8-480x205.webp 480w\" sizes=\"(min-width: 0px) and (max-width: 480px) 480px, (min-width: 481px) 680px, 100vw\" \/><\/h2>\n<\/td>\n<\/tr>\n<\/tbody>\n<\/table>\n<table border=\"1\" cellspacing=\"0\" cellpadding=\"0\">\n<tbody>\n<tr>\n<td width=\"246\">N\u00e1zov valca<\/td>\n<td width=\"336\">\u010c\u00edslo v\u00fdkresu<\/td>\n<td width=\"126\">Priemer otvoru (D)<\/td>\n<td width=\"123\">Priemer ty\u010de (d)<\/td>\n<td width=\"114\">Zdvih (S)<\/td>\n<td width=\"170\">In\u0161tala\u010dn\u00e1 vzdialenos\u0165 (L)<\/td>\n<td width=\"172\">Pracovn\u00fd tlak<\/td>\n<td width=\"366\">Rozmery rozhrania (M)<\/td>\n<td width=\"96\">Hmotnos\u0165<\/td>\n<\/tr>\n<tr>\n<td class=\"et3\" width=\"246\" height=\"334\">Valec na nastavenie vzdialenosti<\/td>\n<td class=\"et4\" width=\"336\">8M3-304000A-625<\/td>\n<td class=\"et4\" width=\"126\">\u03a663<\/td>\n<td class=\"et4\" width=\"123\">\u03a632<\/td>\n<td class=\"et4\" width=\"114\">855<\/td>\n<td class=\"et4\" width=\"170\">1174<\/td>\n<td class=\"et4\" width=\"172\">20 MPa<\/td>\n<td class=\"et4\" width=\"366\">2-M16*1,5<\/td>\n<td class=\"et4\" width=\"96\">22 kg<\/td>\n<\/tr>\n<\/tbody>\n<\/table>\n<table>\n<tbody>\n<tr>\n<td>\n<h2><img loading=\"lazy\" decoding=\"async\" class=\"alignnone size-full wp-image-341\" src=\"https:\/\/fmp-components.com\/wp-content\/uploads\/2024\/12\/Forklift-Distance-Adjustment-Hydraulic-Cylinder-Dimensions-9.webp\" alt=\"Rozmery hydraulick\u00e9ho valca pre nastavenie vzdialenosti vysokozdvi\u017en\u00e9ho voz\u00edka\" width=\"680\" height=\"265\" title=\"\" srcset=\"https:\/\/fmp-components.com\/wp-content\/uploads\/2024\/12\/Forklift-Distance-Adjustment-Hydraulic-Cylinder-Dimensions-9.webp 680w, https:\/\/fmp-components.com\/wp-content\/uploads\/2024\/12\/Forklift-Distance-Adjustment-Hydraulic-Cylinder-Dimensions-9-480x187.webp 480w\" sizes=\"(min-width: 0px) and (max-width: 480px) 480px, (min-width: 481px) 680px, 100vw\" \/><\/h2>\n<\/td>\n<td>\n<h2><img loading=\"lazy\" decoding=\"async\" class=\"alignnone size-full wp-image-342\" src=\"https:\/\/fmp-components.com\/wp-content\/uploads\/2024\/12\/Forklift-Distance-Adjustment-Hydraulic-Cylinder-Dimensions-10.webp\" alt=\"Rozmery hydraulick\u00e9ho valca pre nastavenie vzdialenosti vysokozdvi\u017en\u00e9ho voz\u00edka\" width=\"680\" height=\"265\" title=\"\" srcset=\"https:\/\/fmp-components.com\/wp-content\/uploads\/2024\/12\/Forklift-Distance-Adjustment-Hydraulic-Cylinder-Dimensions-10.webp 680w, https:\/\/fmp-components.com\/wp-content\/uploads\/2024\/12\/Forklift-Distance-Adjustment-Hydraulic-Cylinder-Dimensions-10-480x187.webp 480w\" sizes=\"(min-width: 0px) and (max-width: 480px) 480px, (min-width: 481px) 680px, 100vw\" \/><\/h2>\n<\/td>\n<\/tr>\n<\/tbody>\n<\/table>\n<table border=\"1\" cellspacing=\"0\" cellpadding=\"0\">\n<tbody>\n<tr>\n<td width=\"246\">N\u00e1zov valca<\/td>\n<td width=\"336\">\u010c\u00edslo v\u00fdkresu<\/td>\n<td width=\"126\">Priemer otvoru (D)<\/td>\n<td width=\"123\">Priemer ty\u010de (d)<\/td>\n<td width=\"114\">Zdvih (S)<\/td>\n<td width=\"170\">In\u0161tala\u010dn\u00e1 vzdialenos\u0165 (L)<\/td>\n<td width=\"172\">Pracovn\u00fd tlak<\/td>\n<td width=\"366\">Rozmery rozhrania (M)<\/td>\n<td width=\"96\">Hmotnos\u0165<\/td>\n<\/tr>\n<tr>\n<td class=\"et3\" width=\"246\" height=\"284\">Valec na nastavenie vzdialenosti<\/td>\n<td class=\"et4\" width=\"336\">7B3-304000-00<\/td>\n<td class=\"et4\" width=\"126\">\u03a670<\/td>\n<td class=\"et4\" width=\"123\">\u03a630<\/td>\n<td class=\"et4\" width=\"114\">300<\/td>\n<td class=\"et4\" width=\"170\">536<\/td>\n<td class=\"et4\" width=\"172\">18 MPa<\/td>\n<td class=\"et4\" width=\"366\">2-M14*1,5<\/td>\n<td class=\"et4\" width=\"96\">13,5 kg<\/td>\n<\/tr>\n<\/tbody>\n<\/table>\n<h2>Dostupn\u00e9 zna\u010dky a modely hydraulick\u00fdch valcov:<\/h2>\n<table border=\"1\" cellspacing=\"0\" cellpadding=\"0\">\n<tbody>\n<tr>\n<td><b data-spm-anchor-id=\"a2700.details.0.i43.45d84a73e99C9z\">KOMATSU (PC)<\/b><\/td>\n<td>PC30, PC40, PC50, PC56, PC60, PC78, PC100, PC110, PC120, PC130, PC160, PC200-3\/5\/6\/7\/8\/8MO, PC210, PC220-5\/6\/7\/8\/8MO, PC240, PC300\/350\/360-5\/6\/7\/8\/8MO, PC400\/450-5\/6\/7\/8\/8MO, PC800, PC850<\/td>\n<\/tr>\n<tr>\n<td><b>CATERPILLAR (E)<\/b><\/td>\n<td>E301.5, E302, E305.5, E306, E307V1\/V2\/B\/C\/D\/E\/F, E308B\/C, E120B, E312V1\/V2\/B\/C\/D, E313D2, E312D2, E315D<br \/>\nE200B,E320V1\/V2\/A\/B\/C\/D,E324D,E325C\/D,E329D,E330\/336C\/D,E345C,E349D,E365C,E374,E390<\/td>\n<\/tr>\n<tr>\n<td><b>KOBELCO (SK)<\/b><\/td>\n<td>SK60-3\/5\/8,SK75-8\/SR, SK100 ,SK120-3\/5, SK135-8\/SR, SK140-8, SK200-3\/5\/6\/6E, SK210-3\/5\/6\/6E,<br \/>\nSK230\/250-6E,SK250-8,SK260-8,SK350-8\/S8,SK460\/480-8<\/td>\n<\/tr>\n<tr>\n<td><b>HYUNDAI (R)<\/b><\/td>\n<td>R55-5\/7, R60-5\/7, R80, R110, R130, R200-5, R210-5, R215-5\/7, R220-5\/7\/9, R225-5\/7\/9, R250, R260, R265, R290, R305, R445, R485, R505<\/td>\n<\/tr>\n<tr>\n<td><b data-spm-anchor-id=\"a2700.details.0.i53.45d84a73e99C9z\">HITACHI (napr. ZX)<\/b><\/td>\n<td>EX60, EX100-1\/2\/3, EX120-1\/3\/5\/6, EX200-1\/3\/5, EX230-5, EX300-1, EX400<br \/>\nZAX60,ZAX70,ZA120-6,ZAX200\/210-1\/3\/5\/5K,ZAX240,ZAX250,ZAX260,ZAX330-3\/5\/6,ZAX450\/470,ZAX650\/670,ZAX850\/870<\/td>\n<\/tr>\n<tr>\n<td>\n<div class=\"magic-32\"><b data-spm-anchor-id=\"a2700.details.0.i55.45d84a73e99C9z\">DOOSAN (DH\/DX)<\/b><\/div>\n<\/td>\n<td>\n<div class=\"magic-33\"><span class=\"magic-34\">DH55, DH60, DH80,DH150, DH215-5\/7,DH220-5,DH225-5\/7,DH258,DH300-5\/7, DH370,DH420,DH500<br \/>\nDX55, DX60, DX75, DX130, DX225-9, DX300, DX380, DX420, DX500<\/span><\/div>\n<\/td>\n<\/tr>\n<tr>\n<td>\n<div class=\"magic-32\"><b>VOLVO (ES)<\/b><\/div>\n<\/td>\n<td>\n<div class=\"magic-33\"><span class=\"magic-34\">EC55, EC60, EC75, EC80, EC140, EC210B\/D, EC220D, EC240, EC250, EC290, EC300, EC360, EC380, EC460, EC480, EC700, EC750, EC950<\/span><\/div>\n<\/td>\n<\/tr>\n<tr>\n<td>\n<div class=\"magic-32\"><b>KATO (HD)<\/b><\/div>\n<\/td>\n<td>\n<div class=\"magic-33\"><span class=\"magic-34\">HD307\/308, HD450, HD512, HD700-5\/7, HD820-1\/2\/3\/5\/R, HD1023-1\/3, HD1430-1\/3<\/span><\/div>\n<\/td>\n<\/tr>\n<tr>\n<td>\n<div class=\"magic-32\"><b>IN\u00c1 ZNA\u010cKA<\/b><\/div>\n<\/td>\n<td>\n<div class=\"magic-33\"><span class=\"magic-34\">XCMG,LIUGONG,KUBOTA,CASE,YANMAR,SUNWARD,ZOOMLION,LISHIDE,LIEHERR<\/span><\/div>\n<\/td>\n<\/tr>\n<\/tbody>\n<\/table>\n<h3>Pou\u017eitie hydraulick\u00e9ho valca na nastavenie vzdialenosti vysokozdvi\u017en\u00e9ho voz\u00edka<\/h3>\n<p>Hydraulick\u00fd valec na nastavenie vzdialenosti vysokozdvi\u017en\u00e9ho voz\u00edka je z\u00e1kladn\u00fdm komponentom, ktor\u00fd zohr\u00e1va v\u00fdznamn\u00fa \u00falohu v r\u00f4znych aplik\u00e1ci\u00e1ch v oblasti manipul\u00e1cie s materi\u00e1lom a logistiky. Tu s\u00fa niektor\u00e9 k\u013e\u00fa\u010dov\u00e9 aplik\u00e1cie:<\/p>\n<h4>1. V\u0161estrannos\u0165 za\u0165a\u017eenia<\/h4>\n<p>Hydraulick\u00fd valec umo\u017e\u0148uje nastavenie rozstupu vidl\u00edc, \u010do umo\u017e\u0148uje vysokozdvi\u017en\u00fdm voz\u00edkom manipulova\u0165 so \u0161irokou \u0161k\u00e1lou ve\u013ekost\u00ed a tvarov n\u00e1kladu. T\u00e1to v\u0161estrannos\u0165 je k\u013e\u00fa\u010dov\u00e1 v prostrediach, kde sa pou\u017e\u00edvaj\u00fa r\u00f4zne palety alebo kontajnery, \u010do zabezpe\u010duje efekt\u00edvnu manipul\u00e1ciu a prepravu materi\u00e1lov.<\/p>\n<h3>2. Zv\u00fd\u0161en\u00e1 bezpe\u010dnos\u0165<\/h3>\n<p>V\u010faka presn\u00e9mu ovl\u00e1daniu vzdialenosti medzi vidlicami pom\u00e1ha hydraulick\u00fd valec efekt\u00edvnej\u0161ie zaisti\u0165 bremen\u00e1. Zni\u017euje sa t\u00fdm riziko prevr\u00e1tenia alebo p\u00e1du, \u010d\u00edm sa zvy\u0161uje bezpe\u010dnos\u0165 obsluhy aj okolit\u00fdch pracovn\u00edkov.<\/p>\n<h4>3. Efekt\u00edvna manipul\u00e1cia s materi\u00e1lom<\/h4>\n<p>V skladoch a distribu\u010dn\u00fdch centr\u00e1ch zefekt\u00edv\u0148uje prev\u00e1dzku mo\u017enos\u0165 r\u00fdchleho nastavenia vzdialenost\u00ed vidl\u00edc. Vysokozdvi\u017en\u00e9 voz\u00edky dok\u00e1\u017eu jednoducho prep\u00edna\u0165 medzi manipul\u00e1ciou so \u0161tandardn\u00fdmi paletami a \u0161pecializovan\u00fdmi n\u00e1kladmi, \u010d\u00edm zlep\u0161uj\u00fa celkov\u00fd pracovn\u00fd postup a produktivitu.<\/p>\n<h4>4. \u0160pecializovan\u00e9 vybavenie<\/h4>\n<p>Okrem \u0161tandardnej manipul\u00e1cie s paletami je hydraulick\u00fd valec u\u017eito\u010dn\u00fd aj pre \u0161pecializovan\u00e9 pr\u00eddavn\u00e9 zariadenia, ako s\u00fa svorky alebo bo\u010dn\u00e9 posuvn\u00edky, ktor\u00e9 vy\u017eaduj\u00fa presn\u00e9 polohovanie vidl\u00edc. T\u00e1to prisp\u00f4sobivos\u0165 umo\u017e\u0148uje vysokozdvi\u017en\u00fdm voz\u00edkom vykon\u00e1va\u0165 r\u00f4zne \u00falohy nad r\u00e1mec jednoduch\u00e9ho zdv\u00edhania, v\u010faka \u010domu s\u00fa v\u0161estrannej\u0161ie.<\/p>\n<h4>5. Stavebn\u00e9 a priemyseln\u00e9 aplik\u00e1cie<\/h4>\n<p>Na stavenisk\u00e1ch a v priemyselnom prostred\u00ed je schopnos\u0165 nastavi\u0165 vzdialenos\u0165 vidl\u00edc nevyhnutn\u00e1 pre manipul\u00e1ciu s materi\u00e1lmi r\u00f4znych rozmerov, ako s\u00fa oce\u013eov\u00e9 nosn\u00edky, bloky a prepravky. T\u00e1to flexibilita zabezpe\u010duje, \u017ee vysokozdvi\u017en\u00e9 voz\u00edky dok\u00e1\u017eu efekt\u00edvne manipulova\u0165 s r\u00f4znymi materi\u00e1lmi be\u017ene sa vyskytuj\u00facimi v t\u00fdchto prostrediach.<\/p>\n<h4>6. Optimaliz\u00e1cia \u00falo\u017en\u00fdch rie\u0161en\u00ed<\/h4>\n<p>Hydraulick\u00fd valec pom\u00e1ha maximalizova\u0165 efektivitu skladovania t\u00fdm, \u017ee umo\u017e\u0148uje vysokozdvi\u017en\u00fdm voz\u00edkom vybera\u0165 a umiest\u0148ova\u0165 predmety v stiesnen\u00fdch priestoroch. To je obzvl\u00e1\u0161\u0165 v\u00fdhodn\u00e9 v syst\u00e9moch skladovania s vysokou hustotou, kde je priestor obmedzen\u00fd a vy\u017eaduje sa presn\u00e1 manipul\u00e1cia.<\/p>\n<p>Hydraulick\u00fd valec na nastavenie vzdialenosti vysokozdvi\u017en\u00e9ho voz\u00edka v\u00fdrazne zvy\u0161uje funk\u010dnos\u0165 a bezpe\u010dnos\u0165 vysokozdvi\u017en\u00fdch voz\u00edkov v r\u00f4znych aplik\u00e1ci\u00e1ch. Jeho schopnos\u0165 r\u00fdchlo nastavi\u0165 rozstup vidl\u00edc zabezpe\u010duje, \u017ee oper\u00e1tori m\u00f4\u017eu efekt\u00edvne a bezpe\u010dne manipulova\u0165 s r\u00f4znymi bremenami, \u010do z neho rob\u00ed neocenite\u013en\u00fd pr\u00ednos pri manipul\u00e1cii s materi\u00e1lom.<\/p>\n<h3>O FMP<\/h3>\n<p>FMP je \u0161pecializovan\u00fd v\u00fdrobca hydraulick\u00fdch valcov so siln\u00fdm zameran\u00edm na v\u00fdskum a v\u00fdrobu. Od svojho zalo\u017eenia sa spolo\u010dnos\u0165 neust\u00e1le zameriava na v\u00fdvoj hydraulick\u00fdch valcov, pri\u010dom sa vyvinula z v\u00fdroby r\u00f4znych produktov, ako s\u00fa zbern\u00e9 a stavebn\u00e9 stroje, a\u017e po \u0161pecializ\u00e1ciu na komponenty po\u013enohospod\u00e1rskych traktorov. V\u010faka viac ako desa\u0165ro\u010dn\u00fdm sk\u00fasenostiam vo v\u00fdrobe, mana\u017e\u00e9rskym sk\u00fasenostiam a pokro\u010dil\u00fdm v\u00fdrobn\u00fdm technol\u00f3gi\u00e1m spolo\u010dnos\u0165 FMP zaru\u010duje najvy\u0161\u0161iu kvalitu svojich produktov.<\/p>\n<p>S rastom spolo\u010dnosti v oblasti profesion\u00e1lneho rozvoja si vybudovala komplexn\u00fa obr\u00e1baciu v\u00fdrobn\u00fa linku, mont\u00e1\u017enu linku a linku na povrchov\u00e9 \u00fapravy. FMP je podporovan\u00e1 \u0161pecializovan\u00fdm t\u00edmom sk\u00fasen\u00fdch mana\u017e\u00e9rov, kvalifikovan\u00fdch strojn\u00fdch kon\u0161trukt\u00e9rov a vysoko kvalifikovan\u00fdch technick\u00fdch pracovn\u00edkov. To zabezpe\u010duje stabiln\u00fa kvalitu v\u00fdrobkov a z\u00e1rove\u0148 efekt\u00edvne riadi kontinuitu procesov a celkov\u00fa efektivitu v\u00fdroby.<\/p>\n<p>Spolo\u010dnos\u0165 FMP sa dr\u017e\u00ed z\u00e1kladn\u00fdch hodn\u00f4t \u201eTechnologick\u00e9 inov\u00e1cie poh\u00e1\u0148aj\u00face pokrok, kvalita vytv\u00e1raj\u00faca zna\u010dky, remeseln\u00e9 spracovanie zabezpe\u010duj\u00face kvalitu a budovanie dlhodob\u00fdch obojstranne v\u00fdhodn\u00fdch vz\u0165ahov\u201c. Spolo\u010dnos\u0165 je na\u010falej odhodlan\u00e1 poskytova\u0165 vysokokvalitn\u00e9 produkty a z\u00e1rove\u0148 poskytova\u0165 vynikaj\u00face slu\u017eby z\u00e1kazn\u00edkom a v\u017edy sa sna\u017e\u00ed uspokojova\u0165 vyv\u00edjaj\u00face sa potreby trhu.<\/p>\n<p><img loading=\"lazy\" decoding=\"async\" class=\"alignnone wp-image-303\" src=\"https:\/\/fmp-components.com\/wp-content\/uploads\/2024\/12\/hydraulic-cylinder-factory-11_1.webp\" alt=\"tov\u00e1re\u0148 na hydraulick\u00e9 valce\" width=\"917\" height=\"1003\" title=\"\" srcset=\"https:\/\/fmp-components.com\/wp-content\/uploads\/2024\/12\/hydraulic-cylinder-factory-11_1.webp 917w, https:\/\/fmp-components.com\/wp-content\/uploads\/2024\/12\/hydraulic-cylinder-factory-11_1-480x525.webp 480w\" sizes=\"(min-width: 0px) and (max-width: 480px) 480px, (min-width: 481px) 917px, 100vw\" \/><\/p>\n<table style=\"width: 100%;\" border=\"1\" width=\"100%\" cellspacing=\"0\" cellpadding=\"0\">\n<tbody>\n<tr>\n<td style=\"width: 41.9294%;\" width=\"226\"><img loading=\"lazy\" decoding=\"async\" class=\"alignnone size-full wp-image-309\" src=\"https:\/\/fmp-components.com\/wp-content\/uploads\/2024\/12\/Forklift-Tilt-Hydraulic-Cylinder.webp\" alt=\"Hydraulick\u00fd valec nakl\u00e1pania vysokozdvi\u017en\u00e9ho voz\u00edka\" width=\"1000\" height=\"750\" title=\"\" srcset=\"https:\/\/fmp-components.com\/wp-content\/uploads\/2024\/12\/Forklift-Tilt-Hydraulic-Cylinder.webp 1000w, https:\/\/fmp-components.com\/wp-content\/uploads\/2024\/12\/Forklift-Tilt-Hydraulic-Cylinder-980x735.webp 980w, https:\/\/fmp-components.com\/wp-content\/uploads\/2024\/12\/Forklift-Tilt-Hydraulic-Cylinder-480x360.webp 480w\" sizes=\"(min-width: 0px) and (max-width: 480px) 480px, (min-width: 481px) and (max-width: 980px) 980px, (min-width: 981px) 1000px, 100vw\" \/><\/td>\n<td style=\"width: 55.6484%;\" width=\"64\"><img loading=\"lazy\" decoding=\"async\" class=\"alignnone wp-image-283\" src=\"https:\/\/fmp-components.com\/wp-content\/uploads\/2024\/12\/hydraulic-cylinder-factory-5.webp\" alt=\"tov\u00e1re\u0148 na hydraulick\u00e9 valce\" width=\"542\" height=\"312\" title=\"\"><\/td>\n<\/tr>\n<\/tbody>\n<\/table>\n<p>Autor\uff1a CX<\/p>","protected":false},"excerpt":{"rendered":"<p>Hydraulick\u00fd valec na nastavenie vzdialenosti vysokozdvi\u017en\u00e9ho voz\u00edka je k\u013e\u00fa\u010dov\u00fdm komponentom navrhnut\u00fdm na zv\u00fd\u0161enie v\u0161estrannosti a efekt\u00edvnosti prev\u00e1dzky vysokozdvi\u017en\u00e9ho voz\u00edka. Tento hydraulick\u00fd valec umo\u017e\u0148uje presn\u00e9 nastavenie vzdialenosti medzi vidlicami, \u010do umo\u017e\u0148uje obsluhe \u013eahko prisp\u00f4sobi\u0165 sa r\u00f4znym ve\u013ekostiam a tvarom n\u00e1kladu. Je vyroben\u00fd z vysokopevnostn\u00fdch materi\u00e1lov, \u010do zaru\u010duje odolnos\u0165 a spo\u013eahlivos\u0165 pri \u0165a\u017ek\u00fdch za\u0165a\u017eeniach. Valec sa vyzna\u010duje plynul\u00fdm prev\u00e1dzkov\u00fdm mechanizmom, ktor\u00fd poskytuje konzistentn\u00fd v\u00fdkon a umo\u017e\u0148uje r\u00fdchle a efekt\u00edvne nastavenie. T\u00e1to schopnos\u0165 nielen zvy\u0161uje produktivitu, ale aj zvy\u0161uje bezpe\u010dnos\u0165 t\u00fdm, \u017ee zabezpe\u010duje spr\u00e1vne zabezpe\u010denie a vyv\u00e1\u017eenie n\u00e1kladu po\u010das prepravy. Tento hydraulick\u00fd valec je ide\u00e1lny na pou\u017eitie v skladoch, na stavenisk\u00e1ch a v priemyseln\u00fdch aplik\u00e1ci\u00e1ch a je nevyhnutn\u00fd pre optimaliz\u00e1ciu funk\u010dnosti vysokozdvi\u017en\u00e9ho voz\u00edka.<\/p>","protected":false},"featured_media":343,"comment_status":"open","ping_status":"closed","template":"","meta":{"_et_pb_use_builder":"","_et_pb_old_content":"","_et_gb_content_width":""},"product_brand":[],"product_cat":[15],"product_tag":[],"class_list":{"0":"post-332","1":"product","2":"type-product","3":"status-publish","4":"has-post-thumbnail","6":"product_cat-uncategorized","8":"first","9":"instock","10":"shipping-taxable","11":"product-type-simple"},"_links":{"self":[{"href":"https:\/\/fmp-components.com\/sk\/wp-json\/wp\/v2\/product\/332","targetHints":{"allow":["GET"]}}],"collection":[{"href":"https:\/\/fmp-components.com\/sk\/wp-json\/wp\/v2\/product"}],"about":[{"href":"https:\/\/fmp-components.com\/sk\/wp-json\/wp\/v2\/types\/product"}],"replies":[{"embeddable":true,"href":"https:\/\/fmp-components.com\/sk\/wp-json\/wp\/v2\/comments?post=332"}],"wp:featuredmedia":[{"embeddable":true,"href":"https:\/\/fmp-components.com\/sk\/wp-json\/wp\/v2\/media\/343"}],"wp:attachment":[{"href":"https:\/\/fmp-components.com\/sk\/wp-json\/wp\/v2\/media?parent=332"}],"wp:term":[{"taxonomy":"product_brand","embeddable":true,"href":"https:\/\/fmp-components.com\/sk\/wp-json\/wp\/v2\/product_brand?post=332"},{"taxonomy":"product_cat","embeddable":true,"href":"https:\/\/fmp-components.com\/sk\/wp-json\/wp\/v2\/product_cat?post=332"},{"taxonomy":"product_tag","embeddable":true,"href":"https:\/\/fmp-components.com\/sk\/wp-json\/wp\/v2\/product_tag?post=332"}],"curies":[{"name":"pracovn\u00fd list","href":"https:\/\/api.w.org\/{rel}","templated":true}]}}