{"id":3319,"date":"2025-01-06T06:55:29","date_gmt":"2025-01-06T06:55:29","guid":{"rendered":"https:\/\/fmp-components.com\/?page_id=8"},"modified":"2025-01-06T06:55:29","modified_gmt":"2025-01-06T06:55:29","slug":"agriculture-gearbox-for-hay-tedder-fmp04","status":"publish","type":"product","link":"https:\/\/fmp-components.com\/sk\/product\/agriculture-gearbox-for-hay-tedder-fmp04\/","title":{"rendered":"Po\u013enohospod\u00e1rska prevodovka pre obraca\u010d sena FMP04"},"content":{"rendered":"<h2>Po\u013enohospod\u00e1rska prevodovka pre obraca\u010d sena FMP04 \u0160pecifik\u00e1cia <img loading=\"lazy\" decoding=\"async\" class=\"alignnone  wp-image-3321\" src=\"https:\/\/fmp-components.com\/wp-content\/uploads\/2025\/01\/agricutural-gearbox-ep04.png\" alt=\"po\u013enohospod\u00e1rska-prevodovka-fmp04\" width=\"820\" height=\"859\" title=\"\" srcset=\"https:\/\/fmp-components.com\/wp-content\/uploads\/2025\/01\/agricutural-gearbox-ep04.png 820w, https:\/\/fmp-components.com\/wp-content\/uploads\/2025\/01\/agricutural-gearbox-ep04-480x503.png 480w\" sizes=\"(min-width: 0px) and (max-width: 480px) 480px, (min-width: 481px) 820px, 100vw\" \/><\/h2>\n<table style=\"width: 86.9315%; height: 69px;\" border=\"1\" width=\"100%\" cellspacing=\"0\" cellpadding=\"0\">\n<tbody>\n<tr style=\"height: 23px;\">\n<th style=\"width: 40.3888%; height: 23px;\">Pomer<\/th>\n<td style=\"width: 46.0249%; height: 23px;\">2:1<\/td>\n<\/tr>\n<tr style=\"height: 23px;\">\n<th style=\"width: 40.3888%; height: 23px;\">Vstupn\u00e1 r\u00fdchlos\u0165<\/th>\n<td style=\"width: 46.0249%; height: 23px;\">305 ot.\/min.<\/td>\n<\/tr>\n<tr style=\"height: 23px;\">\n<th style=\"width: 40.3888%; height: 23px;\">Vstupn\u00fd hriade\u013e<\/th>\n<td style=\"width: 46.0249%; height: 23px;\">X<\/td>\n<\/tr>\n<\/tbody>\n<\/table>\n<h2>Vlastnosti prevodovky FMP04 pre obraca\u010d sena<\/h2>\n<p>Po\u013enohospod\u00e1rska prevodovka pre obraca\u010d sena FMP04 je \u0161peci\u00e1lne navrhnut\u00e1 pre po\u013enohospod\u00e1rske stroje, najm\u00e4 pre obraca\u010de sena. T\u00e1to prevodovka pon\u00faka kombin\u00e1ciu odolnosti, presnosti a vysok\u00e9ho v\u00fdkonu, \u010do zabezpe\u010duje optim\u00e1lnu prev\u00e1dzku v n\u00e1ro\u010dn\u00fdch po\u013enohospod\u00e1rskych prostrediach. Tu s\u00fa niektor\u00e9 k\u013e\u00fa\u010dov\u00e9 vlastnosti po\u013enohospod\u00e1rskej prevodovky pre obraca\u010d sena FMP04:<\/p>\n<p>1. <strong>Vysok\u00e1 odolnos\u0165<\/strong><\/p>\n<ul>\n<li>Prevodovka FMP04 je vyroben\u00e1 z vysoko kvalitn\u00fdch materi\u00e1lov a je skon\u0161truovan\u00e1 tak, aby odolala n\u00e1ro\u010dn\u00fdm podmienkam po\u013enohospod\u00e1rskych pol\u00ed, \u010d\u00edm zabezpe\u010duje dlhotrvaj\u00faci v\u00fdkon a spo\u013eahlivos\u0165.<\/li>\n<\/ul>\n<p>2. <strong>Presn\u00e9 in\u017einierstvo<\/strong><\/p>\n<ul>\n<li>Prevodovka navrhnut\u00e1 s d\u00f4razom na detail zais\u0165uje plynul\u00fd a efekt\u00edvny prenos v\u00fdkonu, \u010d\u00edm zvy\u0161uje prev\u00e1dzkov\u00fa \u00fa\u010dinnos\u0165 obraca\u010dov sena.<\/li>\n<\/ul>\n<p>3. <strong>Kompaktn\u00fd a robustn\u00fd dizajn<\/strong><\/p>\n<ul>\n<li>Kompaktn\u00fd dizajn u\u013eah\u010duje integr\u00e1ciu do r\u00f4znych modelov obraca\u010dov sena, zatia\u013e \u010do jeho robustn\u00e1 kon\u0161trukcia zais\u0165uje odolnos\u0165 vo\u010di opotrebovaniu aj pri intenz\u00edvnom pou\u017e\u00edvan\u00ed.<\/li>\n<\/ul>\n<p>4. <strong>Efekt\u00edvny prenos v\u00fdkonu<\/strong><\/p>\n<ul>\n<li>Optimalizovan\u00e9 prevodov\u00e9 pomery zabezpe\u010duj\u00fa efekt\u00edvny prenos v\u00fdkonu z v\u00fdvodov\u00e9ho hriade\u013ea na komponenty obraca\u010da sena, \u010d\u00edm sa minimalizuj\u00fa straty energie a maximalizuje prev\u00e1dzkov\u00e1 \u00fa\u010dinnos\u0165.<\/li>\n<\/ul>\n<p>5. <strong>Jednoduch\u00e1 \u00fadr\u017eba<\/strong><\/p>\n<ul>\n<li>Prevodovka FMP04 je navrhnut\u00e1 pre jednoduch\u00fa \u00fadr\u017ebu s u\u017e\u00edvate\u013esky pr\u00edvetiv\u00fdmi funkciami, ktor\u00e9 umo\u017e\u0148uj\u00fa r\u00fdchle kontroly a servis, \u010d\u00edm sa minimalizuj\u00fa prestoje po\u010das n\u00e1ro\u010dnej po\u013enohospod\u00e1rskej sez\u00f3ny.<\/li>\n<\/ul>\n<p>Po\u013enohospod\u00e1rska prevodovka pre obraca\u010d sena FMP04 je vynikaj\u00facou vo\u013ebou pre po\u013enohospod\u00e1rov, ktor\u00ed h\u013eadaj\u00fa odoln\u00e9, efekt\u00edvne a v\u0161estrann\u00e9 rie\u0161enie pre obracanie sena, ktor\u00e9 poskytuje optim\u00e1lny prenos v\u00fdkonu a dlhodob\u00fa spo\u013eahlivos\u0165.<\/p>\n<h2>O FMP<\/h2>\n<p>Spolo\u010dnos\u0165 FMP so s\u00eddlom v Taliansku je popredn\u00fdm l\u00eddrom v oblasti n\u00e1vrhu, v\u00fdvoja a v\u00fdroby vysokov\u00fdkonn\u00fdch prevodoviek so zameran\u00edm na sektor po\u013enohospod\u00e1rskych strojov. Spolo\u010dnos\u0165 FMP, zn\u00e1ma pre svoje presn\u00e9 in\u017einierstvo, inovat\u00edvne rie\u0161enia a neochvejn\u00fa spo\u013eahlivos\u0165, sa etablovala ako d\u00f4veryhodn\u00fd partner na po\u013enohospod\u00e1rskom aj priemyselnom trhu. Na\u0161e rozsiahle portf\u00f3lio zah\u0155\u0148a prevodovky na mieru pre kosa\u010dky na tr\u00e1vu, v\u00fdvodov\u00e9 hriadele a \u010fal\u0161ie kritick\u00e9 komponenty, pri\u010dom ka\u017ed\u00e1 z nich je vyroben\u00e1 tak, aby sp\u013a\u0148ala jedine\u010dn\u00e9 po\u017eiadavky r\u00f4znych aplik\u00e1ci\u00ed.<\/p>\n<p>V spolo\u010dnosti FMP si uvedomujeme, \u017ee ka\u017ed\u00fd klient m\u00e1 jedine\u010dn\u00e9 v\u00fdzvy a po\u017eiadavky. Tento preh\u013ead n\u00e1s motivuje k poskytovaniu rie\u0161en\u00ed na mieru, \u010di u\u017e ide o jednotliv\u00e9 komponenty alebo plne integrovan\u00e9 syst\u00e9my. \u00dazkou spolupr\u00e1cou s na\u0161imi klientmi zabezpe\u010dujeme, aby ka\u017ed\u00e9 rie\u0161enie presne zodpovedalo ich potreb\u00e1m, optimalizovalo v\u00fdkon a maximalizovalo hodnotu. Na\u0161e odhodlanie poskytova\u0165 r\u00fdchle a profesion\u00e1lne slu\u017eby a odborn\u00e9 poradenstvo zabezpe\u010duje, \u017ee ka\u017ed\u00fd projekt je spracovan\u00fd s presnos\u0165ou a konzistentne dosahuje najlep\u0161ie mo\u017en\u00e9 v\u00fdsledky.<\/p>\n<p>Uprednost\u0148ujeme jasn\u00fa a nepretr\u017eit\u00fa komunik\u00e1ciu v ka\u017edej f\u00e1ze cyklu v\u00fdvoja produktu. N\u00e1\u0161 t\u00edm odborn\u00edkov \u00fazko spolupracuje s klientmi, aby plne pochopil ich po\u017eiadavky a pon\u00fakal praktick\u00e9 poznatky a odpor\u00fa\u010dania na zabezpe\u010denie optim\u00e1lnych v\u00fdsledkov. \u010ci u\u017e vytv\u00e1rame inovat\u00edvne produkty alebo pln\u00edme be\u017en\u00e9 objedn\u00e1vky, spolo\u010dnos\u0165 FMP sa zav\u00e4zuje dod\u00e1va\u0165 vysokokvalitn\u00e9, prec\u00edzne navrhnut\u00e9 rie\u0161enia v\u010das a v\u017edy. Na\u0161\u00edm poslan\u00edm je prekona\u0165 o\u010dak\u00e1vania klientov a pon\u00faka\u0165 v\u00fdnimo\u010dn\u00e9 slu\u017eby a v\u00fdsledky v ka\u017edom projekte, ktor\u00fd realizujeme.<\/p>\n<p>Jadrom \u010dinnosti spolo\u010dnosti FMP je neochvejn\u00fd z\u00e1v\u00e4zok ku kvalite. Dodr\u017eiavame najvy\u0161\u0161ie priemyseln\u00e9 \u0161tandardy a implementujeme pr\u00edsne procesy kontroly kvality, aby sme zabezpe\u010dili, \u017ee ka\u017ed\u00fd produkt sp\u013a\u0148a a prekon\u00e1va priemyseln\u00e9 \u0161tandardy. Tento z\u00e1v\u00e4zok k excelentnosti v kombin\u00e1cii s na\u0161imi z\u00e1kladn\u00fdmi hodnotami integrity, t\u00edmovej pr\u00e1ce a vytrvalosti n\u00e1m umo\u017enil vybudova\u0165 si dlhodob\u00e9 vz\u0165ahy zalo\u017een\u00e9 na d\u00f4vere s klientmi v takmer 30 krajin\u00e1ch sveta.<\/p>\n<p>Spolo\u010dnos\u0165 FMP s nad\u0161en\u00edm podporuje glob\u00e1lne partnerstv\u00e1 a pon\u00faka odborn\u00e9 poradenstvo a rie\u0161enia na mieru, ktor\u00e9 sa vyv\u00edjaj\u00fa v reakcii na neust\u00e1le sa meniace potreby na\u0161ich klientov. Sme odhodlan\u00ed budova\u0165 dlhodob\u00e9 a vz\u00e1jomne prospe\u0161n\u00e9 vz\u0165ahy, ktor\u00e9 prispievaj\u00fa k \u00faspechu ka\u017ed\u00e9ho projektu. \u010ci u\u017e potrebujete inovat\u00edvne rie\u0161enia pre nov\u00fa iniciat\u00edvu alebo priebe\u017en\u00fa podporu pre existuj\u00faci syst\u00e9m, FMP je tu, aby v\u00e1m pomohla zvl\u00e1dnu\u0165 technick\u00e9 v\u00fdzvy a zabezpe\u010di\u0165 v\u00e1\u0161 trval\u00fd \u00faspech.<\/p>\n<p><img loading=\"lazy\" decoding=\"async\" class=\"alignnone wp-image-2695\" src=\"https:\/\/fmp-components.com\/wp-content\/uploads\/2025\/01\/agricultural-gearbox3.webp\" alt=\"po\u013enohospod\u00e1rska prevodovka\" width=\"1140\" height=\"1138\" title=\"\" srcset=\"https:\/\/fmp-components.com\/wp-content\/uploads\/2025\/01\/agricultural-gearbox3.webp 1140w, https:\/\/fmp-components.com\/wp-content\/uploads\/2025\/01\/agricultural-gearbox3-480x479.webp 480w\" sizes=\"(min-width: 0px) and (max-width: 480px) 480px, (min-width: 481px) 1140px, 100vw\" \/><\/p>\n<p>Autor: CX<\/p>","protected":false},"excerpt":{"rendered":"<p>Agriculture Gearbox For Hay Tedder FMP04 Specification Ratio 2:1 Input Speed 305 rpm Input Shaft X Features of Hay Tedder Agriculture Gearbox FMP04 The FMP04 Hay Tedder Agricultural Gearbox is specifically designed for agricultural machinery, particularly for hay tedders. This gearbox offers a combination of durability, precision, and high performance, ensuring optimal operation in demanding [&hellip;]<\/p>","protected":false},"featured_media":3320,"comment_status":"open","ping_status":"closed","template":"","meta":{"_et_pb_use_builder":"","_et_pb_old_content":"","_et_gb_content_width":""},"product_brand":[],"product_cat":[83],"product_tag":[],"class_list":{"0":"post-3319","1":"product","2":"type-product","3":"status-publish","4":"has-post-thumbnail","6":"product_cat-gearbox-for-hay-tedders","8":"first","9":"instock","10":"shipping-taxable","11":"product-type-simple"},"_links":{"self":[{"href":"https:\/\/fmp-components.com\/sk\/wp-json\/wp\/v2\/product\/3319","targetHints":{"allow":["GET"]}}],"collection":[{"href":"https:\/\/fmp-components.com\/sk\/wp-json\/wp\/v2\/product"}],"about":[{"href":"https:\/\/fmp-components.com\/sk\/wp-json\/wp\/v2\/types\/product"}],"replies":[{"embeddable":true,"href":"https:\/\/fmp-components.com\/sk\/wp-json\/wp\/v2\/comments?post=3319"}],"wp:featuredmedia":[{"embeddable":true,"href":"https:\/\/fmp-components.com\/sk\/wp-json\/wp\/v2\/media\/3320"}],"wp:attachment":[{"href":"https:\/\/fmp-components.com\/sk\/wp-json\/wp\/v2\/media?parent=3319"}],"wp:term":[{"taxonomy":"product_brand","embeddable":true,"href":"https:\/\/fmp-components.com\/sk\/wp-json\/wp\/v2\/product_brand?post=3319"},{"taxonomy":"product_cat","embeddable":true,"href":"https:\/\/fmp-components.com\/sk\/wp-json\/wp\/v2\/product_cat?post=3319"},{"taxonomy":"product_tag","embeddable":true,"href":"https:\/\/fmp-components.com\/sk\/wp-json\/wp\/v2\/product_tag?post=3319"}],"curies":[{"name":"pracovn\u00fd list","href":"https:\/\/api.w.org\/{rel}","templated":true}]}}