{"id":3316,"date":"2025-01-06T05:54:00","date_gmt":"2025-01-06T05:54:00","guid":{"rendered":"https:\/\/fmp-components.com\/?page_id=8"},"modified":"2025-01-06T05:54:00","modified_gmt":"2025-01-06T05:54:00","slug":"agriculture-gearbox-for-hay-tedder-fmp03","status":"publish","type":"product","link":"https:\/\/fmp-components.com\/sk\/product\/agriculture-gearbox-for-hay-tedder-fmp03\/","title":{"rendered":"Po\u013enohospod\u00e1rska prevodovka pre obraca\u010d sena FMP03"},"content":{"rendered":"<h2 class=\"et_pb_module_header\">Po\u013enohospod\u00e1rska prevodovka pre \u0161pecifik\u00e1ciu obraca\u010da sena<\/h2>\n<p><img loading=\"lazy\" decoding=\"async\" class=\"alignnone wp-image-3318\" src=\"https:\/\/fmp-components.com\/wp-content\/uploads\/2025\/01\/agricutural-gearbox-fmp03.png\" alt=\"po\u013enohospod\u00e1rska-prevodovka-fmp03\" width=\"809\" height=\"766\" title=\"\" srcset=\"https:\/\/fmp-components.com\/wp-content\/uploads\/2025\/01\/agricutural-gearbox-fmp03.png 809w, https:\/\/fmp-components.com\/wp-content\/uploads\/2025\/01\/agricutural-gearbox-fmp03-480x455.png 480w\" sizes=\"(min-width: 0px) and (max-width: 480px) 480px, (min-width: 481px) 809px, 100vw\" \/><\/p>\n<table style=\"width: 86.9328%;\" border=\"1\" width=\"100%\" cellspacing=\"0\" cellpadding=\"0\">\n<tbody>\n<tr>\n<th style=\"width: 38.0987%;\">Pomer<\/th>\n<td style=\"width: 48.6184%;\">2.63:1<\/td>\n<\/tr>\n<tr>\n<th style=\"width: 38.0987%;\">Vstupn\u00e1 r\u00fdchlos\u0165<\/th>\n<td style=\"width: 48.6184%;\">400 ot.\/min.<\/td>\n<\/tr>\n<tr>\n<th style=\"width: 38.0987%;\">Vstupn\u00fd hriade\u013e<\/th>\n<td style=\"width: 48.6184%;\">X<\/td>\n<\/tr>\n<\/tbody>\n<\/table>\n<h3>Vlastnosti prevodovky pre obraca\u010d sena<\/h3>\n<ol>\n<li><strong>Vysoko v\u00fdkonn\u00e1 kon\u0161trukcia<\/strong><br \/>\nPrevodovka obraca\u010da sena je skon\u0161truovan\u00e1 pre robustn\u00fd v\u00fdkon v n\u00e1ro\u010dn\u00fdch po\u013enohospod\u00e1rskych podmienkach. Je vybaven\u00e1 odoln\u00fdm krytom vyroben\u00fdm z vysokopevnostn\u00fdch materi\u00e1lov, aby odolala n\u00e1rokom nepretr\u017eit\u00e9ho pou\u017e\u00edvania v n\u00e1ro\u010dn\u00fdch prostrediach.<\/li>\n<li><strong>Dizajn presn\u00fdch ozuben\u00fdch kolies<\/strong><br \/>\nPresne opracovan\u00e9 ozuben\u00e9 koles\u00e1 zais\u0165uj\u00fa plynul\u00fd a efekt\u00edvny chod, \u010d\u00edm zni\u017euj\u00fa opotrebovanie. To predl\u017euje celkov\u00fa \u017eivotnos\u0165 prevodovky a minimalizuje po\u017eiadavky na \u00fadr\u017ebu.<\/li>\n<li><strong>Vysok\u00fd kr\u00fatiaci moment<\/strong><br \/>\nPrevodovka, navrhnut\u00e1 pre \u0165a\u017ek\u00e9 po\u013enohospod\u00e1rske stroje, pon\u00faka vysok\u00fd kr\u00fatiaci moment, ktor\u00fd zais\u0165uje optim\u00e1lny v\u00fdkon aj pri n\u00e1ro\u010dn\u00fdch \u00faloh\u00e1ch, ako je obracanie sena, a poskytuje konzistentn\u00fd v\u00fdkon pre rovnomern\u00e9 rozmetanie.<\/li>\n<li><strong>Efekt\u00edvny prenos v\u00fdkonu<\/strong><br \/>\nPrevodovka je navrhnut\u00e1 tak, aby poskytovala efekt\u00edvny prenos v\u00fdkonu z v\u00fdvodov\u00e9ho hriade\u013ea traktora na obraca\u010d sena, \u010d\u00edm sa zabezpe\u010d\u00ed minim\u00e1lna strata energie a maxim\u00e1lna produktivita.<\/li>\n<li><strong>Kompaktn\u00fd a \u013eahk\u00fd<\/strong><br \/>\nNapriek svojim vysok\u00fdm prev\u00e1dzkov\u00fdm mo\u017enostiam je prevodovka kompaktn\u00e1 a \u013eahk\u00e1, \u010do u\u013eah\u010duje manipul\u00e1ciu, in\u0161tal\u00e1ciu a \u00fadr\u017ebu, \u010do zvy\u0161uje celkov\u00fa \u00fa\u010dinnos\u0165 stroja.<\/li>\n<\/ol>\n<p>V\u010faka t\u00fdmto vlastnostiam je prevodovka obraca\u010da sena spo\u013eahliv\u00fdm a efekt\u00edvnym komponentom po\u013enohospod\u00e1rskych strojov, ktor\u00fd zais\u0165uje optim\u00e1lny v\u00fdkon a dlhotrvaj\u00facu \u017eivotnos\u0165 pri obracan\u00ed sena.<\/p>\n<h2>O FMP<\/h2>\n<p>Spolo\u010dnos\u0165 FMP so s\u00eddlom v Taliansku je popredn\u00fdm v\u00fdrobcom zn\u00e1mym svojimi odborn\u00fdmi znalos\u0165ami v oblasti n\u00e1vrhu, v\u00fdvoja a v\u00fdroby vysokov\u00fdkonn\u00fdch prevodoviek so siln\u00fdm zameran\u00edm na sektor po\u013enohospod\u00e1rskych strojov. Spolo\u010dnos\u0165 FMP, zn\u00e1ma prec\u00edznym in\u017einierstvom, inovat\u00edvnymi rie\u0161eniami a neochvejnou spo\u013eahlivos\u0165ou, si vybudovala reput\u00e1ciu d\u00f4veryhodn\u00e9ho partnera v po\u013enohospod\u00e1rskom aj priemyselnom sektore. Na\u0161e rozmanit\u00e9 portf\u00f3lio zah\u0155\u0148a prevodovky na mieru pre kosa\u010dky na tr\u00e1vu, v\u00fdvodov\u00e9 hriadele a rad \u010fal\u0161\u00edch d\u00f4le\u017eit\u00fdch komponentov, ktor\u00e9 s\u00fa v\u0161etky navrhnut\u00e9 tak, aby sp\u013a\u0148ali jedine\u010dn\u00e9 po\u017eiadavky r\u00f4znych aplik\u00e1ci\u00ed.<\/p>\n<p>V spolo\u010dnosti FMP ch\u00e1peme, \u017ee ka\u017ed\u00fd klient \u010del\u00ed jedine\u010dn\u00fdm v\u00fdzvam, a preto sa venujeme poskytovaniu rie\u0161en\u00ed na mieru. \u010ci u\u017e ide o jeden komponent alebo plne integrovan\u00fd syst\u00e9m, \u00fazko spolupracujeme s klientmi, aby sme zabezpe\u010dili, \u017ee ka\u017ed\u00e9 rie\u0161enie nielen sp\u013a\u0148a ich \u0161pecifik\u00e1cie, ale aj optimalizuje v\u00fdkon a prin\u00e1\u0161a pridan\u00fa hodnotu. N\u00e1\u0161 z\u00e1v\u00e4zok poskytova\u0165 r\u00fdchle a profesion\u00e1lne odpovede a odborn\u00e9 poradenstvo zaru\u010duje, \u017ee ka\u017ed\u00e1 po\u017eiadavka bude spracovan\u00e1 s presnos\u0165ou a starostlivos\u0165ou, \u010do povedie k \u010do najlep\u0161\u00edm v\u00fdsledkom.<\/p>\n<p>Uprednost\u0148ujeme transparentn\u00fa komunik\u00e1ciu v ka\u017edej f\u00e1ze v\u00fdvojov\u00e9ho cyklu produktu. N\u00e1\u0161 \u0161pecializovan\u00fd t\u00edm \u00fazko spolupracuje s klientmi, aby plne pochopil ich potreby, a pon\u00faka im praktick\u00e9 poznatky a odborn\u00e9 odpor\u00fa\u010dania na dosiahnutie najefekt\u00edvnej\u0161\u00edch v\u00fdsledkov. \u010ci u\u017e vytv\u00e1rame \u0161pi\u010dkov\u00e9 produkty alebo pln\u00edme be\u017en\u00e9 objedn\u00e1vky, spolo\u010dnos\u0165 FMP sa zav\u00e4zuje dod\u00e1va\u0165 vysokokvalitn\u00e9, prec\u00edzne navrhnut\u00e9 rie\u0161enia v\u010das a v\u017edy. Na\u0161\u00edm poslan\u00edm je neust\u00e1le prekon\u00e1va\u0165 o\u010dak\u00e1vania klientov poskytovan\u00edm v\u00fdnimo\u010dn\u00fdch slu\u017eieb a vynikaj\u00facich v\u00fdsledkov.<\/p>\n<p>Jadrom \u010dinnosti spolo\u010dnosti FMP je siln\u00fd z\u00e1v\u00e4zok ku kvalite. Dodr\u017eiavame najvy\u0161\u0161ie v\u00fdrobn\u00e9 \u0161tandardy a zav\u00e1dzame pr\u00edsne opatrenia na kontrolu kvality, aby sme zabezpe\u010dili, \u017ee ka\u017ed\u00fd produkt nielen sp\u013a\u0148a, ale aj prekon\u00e1va priemyseln\u00e9 \u0161tandardy. Toto odhodlanie k dokonalosti spolu s na\u0161imi z\u00e1kladn\u00fdmi hodnotami integrity, t\u00edmovej pr\u00e1ce a vytrvalosti n\u00e1m umo\u017enilo vybudova\u0165 si dlhodob\u00e9 vz\u0165ahy zalo\u017een\u00e9 na d\u00f4vere s klientmi vo viac ako 30 krajin\u00e1ch sveta.<\/p>\n<p>Spolo\u010dnos\u0165 FMP sa zav\u00e4zuje podporova\u0165 glob\u00e1lne partnerstv\u00e1 t\u00fdm, \u017ee pon\u00faka odborn\u00e9 poradenstvo a rie\u0161enia na mieru, ktor\u00e9 sa vyv\u00edjaj\u00fa s dynamick\u00fdmi potrebami na\u0161ich klientov. Na\u0161\u00edm cie\u013eom je budova\u0165 dlhodob\u00e9 a vz\u00e1jomne prospe\u0161n\u00e9 vz\u0165ahy, ktor\u00e9 prispievaj\u00fa k \u00faspechu ka\u017ed\u00e9ho projektu. \u010ci u\u017e h\u013ead\u00e1te inovat\u00edvne rie\u0161enia pre nov\u00fa iniciat\u00edvu alebo h\u013ead\u00e1te trval\u00fa podporu pre existuj\u00faci syst\u00e9m, FMP je tu, aby v\u00e1m pomohla prekona\u0165 technick\u00e9 v\u00fdzvy a zabezpe\u010di\u0165 v\u00e1\u0161 trval\u00fd \u00faspech.<\/p>\n<p><img loading=\"lazy\" decoding=\"async\" class=\"alignnone wp-image-2695\" src=\"https:\/\/fmp-components.com\/wp-content\/uploads\/2025\/01\/agricultural-gearbox3.webp\" alt=\"po\u013enohospod\u00e1rska prevodovka\" width=\"1140\" height=\"1138\" title=\"\" srcset=\"https:\/\/fmp-components.com\/wp-content\/uploads\/2025\/01\/agricultural-gearbox3.webp 1140w, https:\/\/fmp-components.com\/wp-content\/uploads\/2025\/01\/agricultural-gearbox3-480x479.webp 480w\" sizes=\"(min-width: 0px) and (max-width: 480px) 480px, (min-width: 481px) 1140px, 100vw\" \/><\/p>\n<p>Autor: CX<\/p>","protected":false},"excerpt":{"rendered":"<p>Agriculture Gearbox For Hay Tedder Specification Ratio 2.63:1 Input Speed 400 rpm Input Shaft X Features of Hay Tedder Agriculture Gearbox High-Performance Construction The Hay Tedder gearbox is engineered for robust performance in demanding agricultural conditions. It features a durable housing made from high-strength materials to withstand the rigors of continuous use in tough environments. [&hellip;]<\/p>","protected":false},"featured_media":3317,"comment_status":"open","ping_status":"closed","template":"","meta":{"_et_pb_use_builder":"","_et_pb_old_content":"","_et_gb_content_width":""},"product_brand":[],"product_cat":[83],"product_tag":[],"class_list":{"0":"post-3316","1":"product","2":"type-product","3":"status-publish","4":"has-post-thumbnail","6":"product_cat-gearbox-for-hay-tedders","8":"first","9":"instock","10":"shipping-taxable","11":"product-type-simple"},"_links":{"self":[{"href":"https:\/\/fmp-components.com\/sk\/wp-json\/wp\/v2\/product\/3316","targetHints":{"allow":["GET"]}}],"collection":[{"href":"https:\/\/fmp-components.com\/sk\/wp-json\/wp\/v2\/product"}],"about":[{"href":"https:\/\/fmp-components.com\/sk\/wp-json\/wp\/v2\/types\/product"}],"replies":[{"embeddable":true,"href":"https:\/\/fmp-components.com\/sk\/wp-json\/wp\/v2\/comments?post=3316"}],"wp:featuredmedia":[{"embeddable":true,"href":"https:\/\/fmp-components.com\/sk\/wp-json\/wp\/v2\/media\/3317"}],"wp:attachment":[{"href":"https:\/\/fmp-components.com\/sk\/wp-json\/wp\/v2\/media?parent=3316"}],"wp:term":[{"taxonomy":"product_brand","embeddable":true,"href":"https:\/\/fmp-components.com\/sk\/wp-json\/wp\/v2\/product_brand?post=3316"},{"taxonomy":"product_cat","embeddable":true,"href":"https:\/\/fmp-components.com\/sk\/wp-json\/wp\/v2\/product_cat?post=3316"},{"taxonomy":"product_tag","embeddable":true,"href":"https:\/\/fmp-components.com\/sk\/wp-json\/wp\/v2\/product_tag?post=3316"}],"curies":[{"name":"pracovn\u00fd list","href":"https:\/\/api.w.org\/{rel}","templated":true}]}}