{"id":3308,"date":"2025-01-06T05:16:18","date_gmt":"2025-01-06T05:16:18","guid":{"rendered":"https:\/\/fmp-components.com\/?page_id=8"},"modified":"2025-01-06T05:16:18","modified_gmt":"2025-01-06T05:16:18","slug":"fmp11-series-agricultural-micro-tiller-gearbox","status":"publish","type":"product","link":"https:\/\/fmp-components.com\/sk\/product\/fmp11-series-agricultural-micro-tiller-gearbox\/","title":{"rendered":"Prevodovka pre po\u013enohospod\u00e1rske mikro kultiv\u00e1tory s\u00e9rie FMP11"},"content":{"rendered":"<h2>\u0160pecifik\u00e1cia prevodovky Micro Tiller<\/h2>\n<p><img loading=\"lazy\" decoding=\"async\" class=\"alignnone  wp-image-3310\" src=\"https:\/\/fmp-components.com\/wp-content\/uploads\/2025\/01\/agricutural-gearbox-FMP11.png\" alt=\"po\u013enohospod\u00e1rska-prevodovka-FMP11\" width=\"892\" height=\"936\" title=\"\" srcset=\"https:\/\/fmp-components.com\/wp-content\/uploads\/2025\/01\/agricutural-gearbox-FMP11.png 892w, https:\/\/fmp-components.com\/wp-content\/uploads\/2025\/01\/agricutural-gearbox-FMP11-480x504.png 480w\" sizes=\"(min-width: 0px) and (max-width: 480px) 480px, (min-width: 481px) 892px, 100vw\" \/><\/p>\n<table style=\"width: 100%;\" border=\"1\" width=\"100%\" cellspacing=\"0\" cellpadding=\"0\">\n<tbody>\n<tr>\n<th>Pomer<\/th>\n<td>3.38:1<\/td>\n<\/tr>\n<tr>\n<th>Vstupn\u00e1 r\u00fdchlos\u0165<\/th>\n<td>540 ot.\/min.<\/td>\n<\/tr>\n<tr>\n<th>Vstupn\u00fd hriade\u013e<\/th>\n<td>X\/Y<\/td>\n<\/tr>\n<tr>\n<th>Vstupn\u00fd v\u00fdkon<\/th>\n<td>16,9 kW, 23 kon\u00ed<\/td>\n<\/tr>\n<tr>\n<th>V\u00fdstupn\u00fd kr\u00fatiaci moment<\/th>\n<td>985 Nm<\/td>\n<\/tr>\n<\/tbody>\n<\/table>\n<h2>V\u00fdhody prevodovky Micro Tiller<\/h2>\n<p>Prevodovka Micro Tiller pon\u00faka nieko\u013eko v\u00fdhod, v\u010faka \u010domu je nevyhnutnou s\u00fa\u010das\u0165ou mal\u00fdch po\u013enohospod\u00e1rskych a z\u00e1hradn\u00fdch strojov. Tieto v\u00fdhody zabezpe\u010duj\u00fa plynulej\u0161iu prev\u00e1dzku, zv\u00fd\u0161en\u00fa \u00fa\u010dinnos\u0165 a dlh\u0161iu \u017eivotnos\u0165, v\u010faka \u010domu je ide\u00e1lna na \u00falohy, ako je obr\u00e1banie p\u00f4dy, pr\u00edprava p\u00f4dy a in\u00e9 podobn\u00e9 po\u013enohospod\u00e1rske \u010dinnosti. Tu s\u00fa k\u013e\u00fa\u010dov\u00e9 v\u00fdhody:<\/p>\n<p>1. <strong>Kompaktn\u00fd a \u013eahk\u00fd dizajn<\/strong><\/p>\n<ul>\n<li>Prevodovka mikro kultiv\u00e1tora je navrhnut\u00e1 tak, aby bola kompaktn\u00e1 a \u013eahk\u00e1, \u010do zlep\u0161uje man\u00e9vrovate\u013enos\u0165 a prenosnos\u0165 kultiv\u00e1tora. Je ide\u00e1lna na pou\u017eitie v men\u0161\u00edch, stiesnen\u00fdch priestoroch, ako s\u00fa z\u00e1hrady, sady alebo mal\u00e9 pozemky, kde by ve\u013ek\u00e9 stroje boli \u0165a\u017ekop\u00e1dne.<\/li>\n<\/ul>\n<p>2. <strong>Vylep\u0161en\u00fd prenos kr\u00fatiaceho momentu a v\u00fdkonu<\/strong><\/p>\n<ul>\n<li>Prevodovky mikro kultiv\u00e1torov s\u00fa navrhnut\u00e9 tak, aby efekt\u00edvne pren\u00e1\u0161ali v\u00fdkon z motora na n\u00e1stroje na obr\u00e1banie p\u00f4dy a poskytovali potrebn\u00fd kr\u00fatiaci moment na zar\u00fdvanie do p\u00f4dy. To zais\u0165uje lep\u0161iu h\u013abku obr\u00e1bania a prevzdu\u0161nenie p\u00f4dy, \u010do umo\u017e\u0148uje efekt\u00edvnej\u0161iu pr\u00edpravu p\u00f4dy na siatie.<\/li>\n<\/ul>\n<p>3. <strong>Trvanlivos\u0165 a dlh\u00e1 \u017eivotnos\u0165<\/strong><\/p>\n<ul>\n<li>Mikro prevodovky kultiv\u00e1torov s\u00fa vyroben\u00e9 z vysoko kvalitn\u00fdch materi\u00e1lov, ako je kalen\u00e1 oce\u013e, a s\u00fa skon\u0161truovan\u00e9 tak, aby odolali n\u00e1ro\u010dn\u00fdm prev\u00e1dzkov\u00fdm podmienkam. Ich robustn\u00e1 kon\u0161trukcia pom\u00e1ha predch\u00e1dza\u0165 pred\u010dasn\u00e9mu opotrebovaniu, zni\u017euje frekvenciu \u00fadr\u017eby a predl\u017euje celkov\u00fa \u017eivotnos\u0165 prevodovky a kultiv\u00e1tora.<\/li>\n<\/ul>\n<p>4. <strong>Energetick\u00e1 \u00fa\u010dinnos\u0165<\/strong><\/p>\n<ul>\n<li>Tieto prevodovky s\u00fa navrhnut\u00e9 tak, aby optimalizovali vyu\u017eitie energie, \u010d\u00edm zabezpe\u010duj\u00fa efekt\u00edvny chod motora a ni\u017e\u0161iu spotrebu paliva. To zni\u017euje prev\u00e1dzkov\u00e9 n\u00e1klady, v\u010faka \u010domu s\u00fa ekologickej\u0161ou mo\u017enos\u0165ou pre men\u0161ie po\u013enohospod\u00e1rske alebo z\u00e1hradn\u00edcke prev\u00e1dzky.<\/li>\n<\/ul>\n<p>5. <strong>Jednoduchos\u0165 pou\u017e\u00edvania<\/strong><\/p>\n<ul>\n<li>Prevodovka je navrhnut\u00e1 pre jednoduch\u00fa integr\u00e1ciu s mal\u00fdmi kultiv\u00e1tormi, \u010do umo\u017e\u0148uje pou\u017e\u00edvate\u013eom obsluhova\u0165 stroj s minim\u00e1lnou n\u00e1mahou. Kompaktn\u00e1 kon\u0161trukcia tie\u017e zni\u017euje celkov\u00fa hmotnos\u0165 stroja, \u010d\u00edm sa u\u013eah\u010duje manipul\u00e1cia a zni\u017euje \u00fanava obsluhy.<\/li>\n<\/ul>\n<p>Prevodovka Micro Tiller je neocenite\u013en\u00fdm komponentom pre mal\u00e9 zariadenia na obr\u00e1banie p\u00f4dy, ktor\u00fd pon\u00faka kombin\u00e1ciu odolnosti, \u00fa\u010dinnosti a n\u00e1kladovej efekt\u00edvnosti, ktor\u00e1 sp\u013a\u0148a potreby hobbyistov aj profesion\u00e1lnych z\u00e1hradk\u00e1rov.<\/p>\n<p><img loading=\"lazy\" decoding=\"async\" class=\"alignnone size-full wp-image-3311\" src=\"https:\/\/fmp-components.com\/wp-content\/uploads\/2025\/01\/tractor-pto-shaft-1.jpg\" alt=\"v\u00fdvodov\u00fd hriade\u013e traktora\" width=\"960\" height=\"360\" title=\"\" srcset=\"https:\/\/fmp-components.com\/wp-content\/uploads\/2025\/01\/tractor-pto-shaft-1.jpg 960w, https:\/\/fmp-components.com\/wp-content\/uploads\/2025\/01\/tractor-pto-shaft-1-480x180.jpg 480w\" sizes=\"(min-width: 0px) and (max-width: 480px) 480px, (min-width: 481px) 960px, 100vw\" \/><\/p>\n<h2>O FMP<\/h2>\n<p>Spolo\u010dnos\u0165 FMP so s\u00eddlom v Taliansku je popredn\u00fdm v\u00fdrobcom uzn\u00e1van\u00fdm pre svoje odborn\u00e9 znalosti v oblasti navrhovania, v\u00fdvoja a v\u00fdroby vysokov\u00fdkonn\u00fdch prevodoviek so zameran\u00edm na sektor po\u013enohospod\u00e1rskych strojov. Spolo\u010dnos\u0165 FMP je zn\u00e1ma pre svoje presn\u00e9 in\u017einierstvo, inovat\u00edvne rie\u0161enia a neochvejn\u00fa spo\u013eahlivos\u0165 a vybudovala si siln\u00fa reput\u00e1ciu d\u00f4veryhodn\u00e9ho partnera v po\u013enohospod\u00e1rskom aj priemyselnom sektore. Na\u0161e rozsiahle portf\u00f3lio zah\u0155\u0148a prevodovky na mieru pre kosa\u010dky na tr\u00e1vu, v\u00fdvodov\u00e9 hriadele a \u0161irok\u00fa \u0161k\u00e1lu \u010fal\u0161\u00edch d\u00f4le\u017eit\u00fdch komponentov, ktor\u00e9 s\u00fa starostlivo navrhnut\u00e9 tak, aby sp\u013a\u0148ali \u0161pecifick\u00e9 po\u017eiadavky r\u00f4znych aplik\u00e1ci\u00ed.<\/p>\n<p>V spolo\u010dnosti FMP ch\u00e1peme, \u017ee ka\u017ed\u00fd klient \u010del\u00ed jedine\u010dn\u00fdm v\u00fdzvam. Tento poznatok je na\u0161ou prioritou poskytova\u0165 rie\u0161enia na mieru, \u010di u\u017e ide o jednotliv\u00e9 komponenty alebo plne integrovan\u00e9 syst\u00e9my. \u00dazkou spolupr\u00e1cou s na\u0161imi klientmi zabezpe\u010dujeme, aby ka\u017ed\u00e9 rie\u0161enie nielen\u017ee rie\u0161ilo ich presn\u00e9 potreby, ale aj optimalizovalo v\u00fdkon a maximalizovalo hodnotu. Na\u0161e odhodlanie poskytova\u0165 v\u010dasn\u00e9 a profesion\u00e1lne odpovede a odborn\u00e9 poradenstvo zaru\u010duje, \u017ee ka\u017ed\u00e1 po\u017eiadavka bude spracovan\u00e1 s presnos\u0165ou a konzistentne prin\u00e1\u0161a\u0165 optim\u00e1lne v\u00fdsledky.<\/p>\n<p>Uprednost\u0148ujeme transparentn\u00fa a nepretr\u017eit\u00fa komunik\u00e1ciu po\u010das cel\u00e9ho procesu v\u00fdvoja produktu. N\u00e1\u0161 \u0161pecializovan\u00fd t\u00edm \u00fazko spolupracuje s klientmi, aby plne pochopil ich po\u017eiadavky, a pon\u00faka cenn\u00e9 poznatky a odborn\u00e9 odpor\u00fa\u010dania na zabezpe\u010denie najlep\u0161\u00edch v\u00fdsledkov. \u010ci u\u017e vyv\u00edjame \u0161pi\u010dkov\u00e9 produkty alebo pln\u00edme be\u017en\u00e9 objedn\u00e1vky, spolo\u010dnos\u0165 FMP sa zav\u00e4zuje dod\u00e1va\u0165 vysokokvalitn\u00e9, prec\u00edzne navrhnut\u00e9 rie\u0161enia v\u010das a v\u017edy. Na\u0161\u00edm cie\u013eom je neust\u00e1le prekon\u00e1va\u0165 o\u010dak\u00e1vania klientov, poskytova\u0165 v\u00fdnimo\u010dn\u00e9 slu\u017eby a vynikaj\u00face v\u00fdsledky pri ka\u017edom projekte.<\/p>\n<p>Jadrom \u010dinnosti spolo\u010dnosti FMP je neochvejn\u00fd z\u00e1v\u00e4zok ku kvalite. Dodr\u017eiavame najvy\u0161\u0161ie v\u00fdrobn\u00e9 \u0161tandardy a implementujeme pr\u00edsne opatrenia na kontrolu kvality, aby sme zabezpe\u010dili, \u017ee ka\u017ed\u00fd produkt nielen sp\u013a\u0148a, ale aj prekon\u00e1va priemyseln\u00e9 \u0161tandardy. Tento z\u00e1v\u00e4zok k dokonalosti v kombin\u00e1cii s na\u0161imi z\u00e1kladn\u00fdmi hodnotami integrity, t\u00edmovej pr\u00e1ce a vytrvalosti n\u00e1m umo\u017enil vybudova\u0165 si dlhodob\u00e9 vz\u0165ahy zalo\u017een\u00e9 na d\u00f4vere s klientmi v takmer 30 krajin\u00e1ch sveta.<\/p>\n<p>Spolo\u010dnos\u0165 FMP sa venuje podpore glob\u00e1lnych partnerstiev t\u00fdm, \u017ee pon\u00faka odborn\u00e9 poradenstvo a rie\u0161enia na mieru, ktor\u00e9 sp\u013a\u0148aj\u00fa meniace sa potreby na\u0161ich klientov. Na\u0161\u00edm cie\u013eom je budova\u0165 trval\u00e9 a vz\u00e1jomne prospe\u0161n\u00e9 vz\u0165ahy, ktor\u00e9 prispievaj\u00fa k \u00faspechu ka\u017ed\u00e9ho projektu. \u010ci u\u017e h\u013ead\u00e1te inovat\u00edvne rie\u0161enia pre nov\u00fa iniciat\u00edvu alebo potrebujete neust\u00e1lu podporu pre existuj\u00faci syst\u00e9m, FMP je pripraven\u00e1 v\u00e1m pom\u00f4c\u0165 prekona\u0165 technick\u00e9 v\u00fdzvy a zabezpe\u010di\u0165 v\u00e1\u0161 trval\u00fd \u00faspech.<\/p>\n<p><img loading=\"lazy\" decoding=\"async\" class=\"alignnone wp-image-2695\" src=\"https:\/\/fmp-components.com\/wp-content\/uploads\/2025\/01\/agricultural-gearbox3.webp\" alt=\"po\u013enohospod\u00e1rska prevodovka\" width=\"1140\" height=\"1138\" title=\"\" srcset=\"https:\/\/fmp-components.com\/wp-content\/uploads\/2025\/01\/agricultural-gearbox3.webp 1140w, https:\/\/fmp-components.com\/wp-content\/uploads\/2025\/01\/agricultural-gearbox3-480x479.webp 480w\" sizes=\"(min-width: 0px) and (max-width: 480px) 480px, (min-width: 481px) 1140px, 100vw\" \/><\/p>\n<p>Autor: CX<\/p>","protected":false},"excerpt":{"rendered":"<p>Micro Tiller Gearbox Specification Ratio 3.38:1 Input Speed 540 rpm Input Shaft X\/Y Input Power 16.9 kW, 23 hp Output Torque 985 Nm Benefits of Micro Tiller Gearbox The Micro Tiller Gearbox offers several benefits, making it an essential component in small-scale farming and gardening machinery. These advantages ensure smoother operation, increased efficiency, and enhanced [&hellip;]<\/p>","protected":false},"featured_media":3309,"comment_status":"open","ping_status":"closed","template":"","meta":{"_et_pb_use_builder":"","_et_pb_old_content":"","_et_gb_content_width":""},"product_brand":[],"product_cat":[81],"product_tag":[],"class_list":{"0":"post-3308","1":"product","2":"type-product","3":"status-publish","4":"has-post-thumbnail","6":"product_cat-micro-tiller-gearbox","8":"first","9":"instock","10":"shipping-taxable","11":"product-type-simple"},"_links":{"self":[{"href":"https:\/\/fmp-components.com\/sk\/wp-json\/wp\/v2\/product\/3308","targetHints":{"allow":["GET"]}}],"collection":[{"href":"https:\/\/fmp-components.com\/sk\/wp-json\/wp\/v2\/product"}],"about":[{"href":"https:\/\/fmp-components.com\/sk\/wp-json\/wp\/v2\/types\/product"}],"replies":[{"embeddable":true,"href":"https:\/\/fmp-components.com\/sk\/wp-json\/wp\/v2\/comments?post=3308"}],"wp:featuredmedia":[{"embeddable":true,"href":"https:\/\/fmp-components.com\/sk\/wp-json\/wp\/v2\/media\/3309"}],"wp:attachment":[{"href":"https:\/\/fmp-components.com\/sk\/wp-json\/wp\/v2\/media?parent=3308"}],"wp:term":[{"taxonomy":"product_brand","embeddable":true,"href":"https:\/\/fmp-components.com\/sk\/wp-json\/wp\/v2\/product_brand?post=3308"},{"taxonomy":"product_cat","embeddable":true,"href":"https:\/\/fmp-components.com\/sk\/wp-json\/wp\/v2\/product_cat?post=3308"},{"taxonomy":"product_tag","embeddable":true,"href":"https:\/\/fmp-components.com\/sk\/wp-json\/wp\/v2\/product_tag?post=3308"}],"curies":[{"name":"pracovn\u00fd list","href":"https:\/\/api.w.org\/{rel}","templated":true}]}}