{"id":3291,"date":"2025-01-06T03:05:06","date_gmt":"2025-01-06T03:05:06","guid":{"rendered":"https:\/\/fmp-components.com\/?page_id=8"},"modified":"2025-01-06T03:15:19","modified_gmt":"2025-01-06T03:15:19","slug":"fmp-01-229-snow-plow-gearbox-for-spreader","status":"publish","type":"product","link":"https:\/\/fmp-components.com\/sk\/product\/fmp-01-229-snow-plow-gearbox-for-spreader\/","title":{"rendered":"Prevodovka snehov\u00e9ho pluhu FMP-01-229 pre rozmetadlo"},"content":{"rendered":"<h2>\u0160pecifik\u00e1cie prevodovky sne\u017en\u00e9ho pluhu<\/h2>\n<p><img loading=\"lazy\" decoding=\"async\" class=\"alignnone  wp-image-3297\" src=\"https:\/\/fmp-components.com\/wp-content\/uploads\/2025\/01\/fmp_Snow-plow-gearbox-draw1.webp\" alt=\"fmp_\u0165ahanie-prevodovky-odh\u0155\u0148a\u010da-snehou-pluhou(1)\" width=\"877\" height=\"748\" title=\"\" srcset=\"https:\/\/fmp-components.com\/wp-content\/uploads\/2025\/01\/fmp_Snow-plow-gearbox-draw1.webp 877w, https:\/\/fmp-components.com\/wp-content\/uploads\/2025\/01\/fmp_Snow-plow-gearbox-draw1-480x410.webp 480w\" sizes=\"(min-width: 0px) and (max-width: 480px) 480px, (min-width: 481px) 877px, 100vw\" \/><\/p>\n<table style=\"width: 100.071%; height: 460px;\" border=\"1\">\n<tbody>\n<tr style=\"height: 23px;\">\n<td style=\"width: 28.7257%; text-align: center; height: 23px;\"><strong>POLO\u017dKA<\/strong><\/td>\n<td style=\"width: 70.6263%; height: 23px;\">FMP-01-229<\/td>\n<\/tr>\n<tr style=\"height: 23px;\">\n<td style=\"width: 28.7257%; text-align: center; height: 23px;\"><strong>Pomer<\/strong><\/td>\n<td style=\"width: 70.6263%; height: 23px;\">1:1.35<\/td>\n<\/tr>\n<tr style=\"height: 23px;\">\n<td style=\"width: 28.7257%; text-align: center; height: 23px;\"><strong>Zuby<\/strong><\/td>\n<td style=\"width: 70.6263%; height: 23px;\">16\/16<\/td>\n<\/tr>\n<tr style=\"height: 23px;\">\n<td style=\"width: 28.7257%; text-align: center; height: 23px;\"><strong>Modul<\/strong><\/td>\n<td style=\"width: 70.6263%; height: 23px;\">4.5<\/td>\n<\/tr>\n<tr style=\"height: 23px;\">\n<td style=\"width: 28.7257%; text-align: center; height: 23px;\"><strong>V\u00fdkon (HP)<\/strong><\/td>\n<td style=\"width: 70.6263%; height: 23px;\">&#8211;<\/td>\n<\/tr>\n<tr style=\"height: 23px;\">\n<td style=\"width: 28.7257%; text-align: center; height: 23px;\"><strong>Menovit\u00fd vstup<\/strong><\/td>\n<td style=\"width: 70.6263%; height: 23px;\">540 ot.\/min.<\/td>\n<\/tr>\n<tr style=\"height: 23px;\">\n<td style=\"width: 28.7257%; height: 23px; text-align: center;\"><strong>Popis vstupu\/v\u00fdstupu<\/strong><\/td>\n<td style=\"width: 70.6263%; height: 23px;\">Optick\u00e1 os 1 3\/8 Z6 \u03c625<\/td>\n<\/tr>\n<tr style=\"height: 23px;\">\n<td style=\"width: 28.7257%; height: 23px; text-align: center;\"><strong>Hmotnos\u0165 (NW)<\/strong><\/td>\n<td style=\"width: 70.6263%; height: 23px;\">13 kg<\/td>\n<\/tr>\n<tr style=\"height: 23px;\">\n<th style=\"height: 23px;\">Vstupn\u00fd hriade\u013e<\/th>\n<td style=\"height: 23px;\">1-3\/8\u2033 (6 dr\u00e1\u017eok)<\/td>\n<\/tr>\n<tr style=\"height: 23px;\">\n<th style=\"height: 23px;\">D\u013a\u017eka hriade\u013ea (vstup)<\/th>\n<td style=\"height: 23px;\">3-1\/2&#8243;<\/td>\n<\/tr>\n<tr style=\"height: 23px;\">\n<th style=\"height: 23px;\">V\u00fdstupn\u00fd hriade\u013e<\/th>\n<td style=\"height: 23px;\">1&#8243;<\/td>\n<\/tr>\n<tr style=\"height: 23px;\">\n<th style=\"height: 23px;\">D\u013a\u017eka hriade\u013ea (v\u00fdstup)<\/th>\n<td style=\"height: 23px;\">3&#8243;<\/td>\n<\/tr>\n<tr style=\"height: 23px;\">\n<th style=\"height: 23px;\">Otvory vo v\u00fdstupnom hriadeli<\/th>\n<td style=\"height: 23px;\">1-1\/2\u2033 od stredu k stredu<\/td>\n<\/tr>\n<tr style=\"height: 23px;\">\n<th style=\"height: 23px;\">Po\u010det mont\u00e1\u017enych otvorov<\/th>\n<td style=\"height: 23px;\">6<\/td>\n<\/tr>\n<tr style=\"height: 23px;\">\n<th style=\"height: 23px;\">Celkov\u00e1 d\u013a\u017eka (OL)<\/th>\n<td style=\"height: 23px;\">11&#8243;<\/td>\n<\/tr>\n<tr style=\"height: 23px;\">\n<th style=\"height: 23px;\">Celkov\u00e1 v\u00fd\u0161ka (OH)<\/th>\n<td style=\"height: 23px;\">9&#8243;<\/td>\n<\/tr>\n<tr style=\"height: 23px;\">\n<th style=\"height: 23px;\">Prevodov\u00fd pomer<\/th>\n<td style=\"height: 23px;\">1:1<\/td>\n<\/tr>\n<tr style=\"height: 23px;\">\n<th style=\"height: 23px;\">Rozstup otvorov pre skrutky (dlh\u00e1 strana)<\/th>\n<td style=\"height: 23px;\">2-3\/8\u2033 od stredu k stredu<\/td>\n<\/tr>\n<tr style=\"height: 23px;\">\n<th style=\"height: 23px;\">Rozstup otvorov pre skrutky (\u0161\u00edrka)<\/th>\n<td style=\"height: 23px;\">3-3\/4\u2033 od stredu k stredu<\/td>\n<\/tr>\n<tr style=\"height: 23px;\">\n<th style=\"height: 23px;\">Funkcia prevodovky<\/th>\n<td style=\"height: 23px;\">M\u00e1 zirk<\/td>\n<\/tr>\n<\/tbody>\n<\/table>\n<h2>Vlastnosti prevodovky sne\u017en\u00e9ho pluhu<\/h2>\n<ol>\n<li><strong>Trv\u00e1cna bytov\u00e1 v\u00fdstavba<\/strong>\n<ul>\n<li>Zvy\u010dajne sa vyr\u00e1baj\u00fa z vysokopevnostnej liatiny alebo hlin\u00edkov\u00fdch zliatin, aby sa zabezpe\u010dila dlhotrvaj\u00faca \u017eivotnos\u0165 a odolnos\u0165 vo\u010di n\u00e1ro\u010dn\u00fdm prev\u00e1dzkov\u00fdm podmienkam, ako s\u00fa n\u00edzke teploty a prostredie s vysok\u00fdm n\u00e1razom.<\/li>\n<\/ul>\n<\/li>\n<li><strong>Vysok\u00fd kr\u00fatiaci moment<\/strong>\n<ul>\n<li>Prevodovka, navrhnut\u00e1 na zvl\u00e1dnutie n\u00e1ro\u010dn\u00fdch oper\u00e1ci\u00ed odstra\u0148ovania snehu, je skon\u0161truovan\u00e1 tak, aby efekt\u00edvne pren\u00e1\u0161ala vysok\u00fd kr\u00fatiaci moment, \u010do umo\u017e\u0148uje sne\u017en\u00e9mu pluhu efekt\u00edvne sa pohybova\u0165 cez hust\u00fd sneh a \u013ead.<\/li>\n<\/ul>\n<\/li>\n<li><strong>Prec\u00edzne navrhnut\u00e9 ozuben\u00e9 koles\u00e1<\/strong>\n<ul>\n<li>V\u010faka prec\u00edzne br\u00fasen\u00fdm ozuben\u00fdm koles\u00e1m zabezpe\u010duje plynul\u00fd prenos v\u00fdkonu, minimalizuje trenie a zais\u0165uje konzistentn\u00fd v\u00fdkon aj pri vysokom za\u0165a\u017een\u00ed.<\/li>\n<\/ul>\n<\/li>\n<li><strong>Tesnenia odoln\u00e9 vo\u010di poveternostn\u00fdm vplyvom<\/strong>\n<ul>\n<li>Vybaven\u00e1 pokro\u010dil\u00fdmi tesneniami, ktor\u00e9 zabra\u0148uj\u00fa vnikaniu vlhkosti, snehu a \u013eadu do prevodovky, \u010d\u00edm sa zabezpe\u010duje optim\u00e1lna funk\u010dnos\u0165 a chr\u00e1ni pred kor\u00f3ziou a opotreben\u00edm.<\/li>\n<\/ul>\n<\/li>\n<li><strong>Prisp\u00f4sobite\u013en\u00e9 prevodov\u00e9 pomery<\/strong>\n<ul>\n<li>Prevodovky s\u00fa k dispoz\u00edcii v r\u00f4znych prevodov\u00fdch pomeroch, aby poskytovali potrebn\u00fa r\u00fdchlos\u0165 a v\u00fdkon pre r\u00f4zne aplik\u00e1cie odh\u0155\u0148ania snehu, \u010do umo\u017e\u0148uje prisp\u00f4sobenie sa r\u00f4znym modelom strojov a ter\u00e9nom.<\/li>\n<\/ul>\n<\/li>\n<\/ol>\n<p>V\u010faka t\u00fdmto vlastnostiam prevodovka sne\u017en\u00e9ho pluhu poskytuje maxim\u00e1lnu odolnos\u0165, \u00fa\u010dinnos\u0165 a spo\u013eahlivos\u0165 pri zvl\u00e1dan\u00ed n\u00e1ro\u010dn\u00fdch zimn\u00fdch poveternostn\u00fdch podmienok a zabezpe\u010duje plynul\u00fa a nepreru\u0161ovan\u00fa prev\u00e1dzku po\u010das celej sez\u00f3ny odstra\u0148ovania snehu.<\/p>\n<p><img loading=\"lazy\" decoding=\"async\" class=\"alignnone  wp-image-3299\" src=\"https:\/\/fmp-components.com\/wp-content\/uploads\/2025\/01\/FMP-gearbox1.jpg\" alt=\"Prevodovka FMP\" width=\"931\" height=\"623\" title=\"\" srcset=\"https:\/\/fmp-components.com\/wp-content\/uploads\/2025\/01\/FMP-gearbox1.jpg 931w, https:\/\/fmp-components.com\/wp-content\/uploads\/2025\/01\/FMP-gearbox1-480x321.jpg 480w\" sizes=\"(min-width: 0px) and (max-width: 480px) 480px, (min-width: 481px) 931px, 100vw\" \/><\/p>\n<h2>O FMP<\/h2>\n<p>Spolo\u010dnos\u0165 FMP so s\u00eddlom v Taliansku je popredn\u00fdm v\u00fdrobcom zn\u00e1mym svojimi odborn\u00fdmi znalos\u0165ami v oblasti n\u00e1vrhu, v\u00fdvoja a v\u00fdroby vysokov\u00fdkonn\u00fdch prevodoviek so \u0161pecializ\u00e1ciou na sektor po\u013enohospod\u00e1rskych strojov. Spolo\u010dnos\u0165 FMP, zn\u00e1ma pre svoje presn\u00e9 in\u017einierstvo, inovat\u00edvne rie\u0161enia a neochvejn\u00fa spo\u013eahlivos\u0165, si z\u00edskala siln\u00fa reput\u00e1ciu d\u00f4veryhodn\u00e9ho partnera v po\u013enohospod\u00e1rskom aj priemyselnom sektore. Na\u0161e rozsiahle portf\u00f3lio zah\u0155\u0148a prevodovky na mieru pre kosa\u010dky na tr\u00e1vu, v\u00fdvodov\u00e9 hriadele a \u0161irok\u00fa \u0161k\u00e1lu kritick\u00fdch komponentov, pri\u010dom v\u0161etky s\u00fa vyroben\u00e9 s d\u00f4razom na detail, aby sp\u013a\u0148ali jedine\u010dn\u00e9 po\u017eiadavky r\u00f4znych aplik\u00e1ci\u00ed.<\/p>\n<p>V spolo\u010dnosti FMP ch\u00e1peme, \u017ee ka\u017ed\u00fd klient \u010del\u00ed jedine\u010dn\u00fdm v\u00fdzvam. Tento poznatok je z\u00e1kladom n\u00e1\u0161ho z\u00e1v\u00e4zku poskytova\u0165 rie\u0161enia na mieru, \u010di u\u017e ide o jednotliv\u00e9 komponenty alebo plne integrovan\u00e9 syst\u00e9my. \u00dazkou spolupr\u00e1cou s na\u0161imi klientmi zabezpe\u010dujeme, aby ka\u017ed\u00e9 rie\u0161enie nielen sp\u013a\u0148alo ich presn\u00e9 potreby, ale aj optimalizovalo v\u00fdkon a prin\u00e1\u0161alo v\u00fdnimo\u010dn\u00fa hodnotu. Na\u0161e odhodlanie poskytova\u0165 responz\u00edvne, profesion\u00e1lne slu\u017eby a odborn\u00e9 poradenstvo zabezpe\u010duje, \u017ee ka\u017ed\u00e1 po\u017eiadavka bude spracovan\u00e1 s presnos\u0165ou a dosiahnut\u00edm najlep\u0161\u00edch mo\u017en\u00fdch v\u00fdsledkov.<\/p>\n<p>Kladieme ve\u013ek\u00fd d\u00f4raz na transparentn\u00fa a nepretr\u017eit\u00fa komunik\u00e1ciu po\u010das cel\u00e9ho procesu v\u00fdvoja produktu. N\u00e1\u0161 t\u00edm \u00fazko spolupracuje s klientmi, aby plne pochopil ich po\u017eiadavky, a pon\u00faka cenn\u00e9 poznatky a praktick\u00e9 odpor\u00fa\u010dania na dosiahnutie optim\u00e1lnych v\u00fdsledkov. \u010ci u\u017e ide o v\u00fdvoj \u0161pi\u010dkov\u00fdch rie\u0161en\u00ed alebo plnenie be\u017en\u00fdch objedn\u00e1vok, spolo\u010dnos\u0165 FMP sa venuje dod\u00e1vaniu vysokokvalitn\u00fdch, prec\u00edzne vyroben\u00fdch produktov na\u010das a v\u017edy. Na\u0161\u00edm poslan\u00edm je neust\u00e1le prekon\u00e1va\u0165 o\u010dak\u00e1vania klientov a poskytova\u0165 vynikaj\u00face slu\u017eby a v\u00fdnimo\u010dn\u00e9 v\u00fdsledky pri ka\u017edom projekte.<\/p>\n<p>Jadrom \u010dinnosti spolo\u010dnosti FMP je neochvejn\u00fd z\u00e1v\u00e4zok ku kvalite. Dodr\u017eiavame najvy\u0161\u0161ie v\u00fdrobn\u00e9 \u0161tandardy a implementujeme pr\u00edsne opatrenia na kontrolu kvality, aby sme zabezpe\u010dili, \u017ee ka\u017ed\u00fd produkt nielen sp\u013a\u0148a, ale aj prekon\u00e1va priemyseln\u00e9 \u0161tandardy. Tento z\u00e1v\u00e4zok k dokonalosti v kombin\u00e1cii s na\u0161imi z\u00e1kladn\u00fdmi hodnotami integrity, t\u00edmovej pr\u00e1ce a vytrvalosti n\u00e1m umo\u017enil vybudova\u0165 si dlhodob\u00e9 vz\u0165ahy zalo\u017een\u00e9 na d\u00f4vere s klientmi v takmer 30 krajin\u00e1ch sveta.<\/p>\n<p>Spolo\u010dnos\u0165 FMP sa zav\u00e4zuje podporova\u0165 glob\u00e1lne partnerstv\u00e1, pon\u00faka\u0165 odborn\u00e9 poradenstvo a rie\u0161enia na mieru, ktor\u00e9 sp\u013a\u0148aj\u00fa meniace sa potreby na\u0161ich klientov. Na\u0161\u00edm cie\u013eom je budova\u0165 dlhodob\u00e9 a vz\u00e1jomne prospe\u0161n\u00e9 vz\u0165ahy, ktor\u00e9 s\u00fa hnacou silou \u00faspechu ka\u017ed\u00e9ho projektu. \u010ci u\u017e h\u013ead\u00e1te inovat\u00edvne rie\u0161enia pre nov\u00fa iniciat\u00edvu alebo priebe\u017en\u00fa podporu pre existuj\u00faci syst\u00e9m, FMP je tu, aby v\u00e1m pomohla prekona\u0165 technick\u00e9 v\u00fdzvy a zabezpe\u010di\u0165 v\u00e1\u0161 trval\u00fd \u00faspech.<\/p>\n<p><img loading=\"lazy\" decoding=\"async\" class=\"alignnone wp-image-2695\" src=\"https:\/\/fmp-components.com\/wp-content\/uploads\/2025\/01\/agricultural-gearbox3.webp\" alt=\"po\u013enohospod\u00e1rska prevodovka\" width=\"1140\" height=\"1138\" title=\"\" srcset=\"https:\/\/fmp-components.com\/wp-content\/uploads\/2025\/01\/agricultural-gearbox3.webp 1140w, https:\/\/fmp-components.com\/wp-content\/uploads\/2025\/01\/agricultural-gearbox3-480x479.webp 480w\" sizes=\"(min-width: 0px) and (max-width: 480px) 480px, (min-width: 481px) 1140px, 100vw\" \/><\/p>\n<p>Autor: CX<\/p>","protected":false},"excerpt":{"rendered":"<p>Specifications of snow plow gearbox ITEM FMP-01-229 Ratio 1:1.35 Teeth 16\/16 Module 4.5 Power\uff08HP\uff09 &#8211; Rated Input 540rpm Input\/Output description 1 3\/8 Z6 \u03c625 Optic axis Weight\uff08N.W\uff09 13Kg Input Shaft 1-3\/8&#8243; (6 spline) Shaft Length (Input) 3-1\/2&#8243; Output Shaft 1&#8243; Shaft Length (Output) 3&#8243; Holes in Output Shaft 1-1\/2&#8243; center to center Number of Mounting [&hellip;]<\/p>","protected":false},"featured_media":3298,"comment_status":"open","ping_status":"closed","template":"","meta":{"_et_pb_use_builder":"","_et_pb_old_content":"","_et_gb_content_width":""},"product_brand":[],"product_cat":[80],"product_tag":[],"class_list":{"0":"post-3291","1":"product","2":"type-product","3":"status-publish","4":"has-post-thumbnail","6":"product_cat-snowblower-gearbox","8":"first","9":"instock","10":"shipping-taxable","11":"product-type-simple"},"_links":{"self":[{"href":"https:\/\/fmp-components.com\/sk\/wp-json\/wp\/v2\/product\/3291","targetHints":{"allow":["GET"]}}],"collection":[{"href":"https:\/\/fmp-components.com\/sk\/wp-json\/wp\/v2\/product"}],"about":[{"href":"https:\/\/fmp-components.com\/sk\/wp-json\/wp\/v2\/types\/product"}],"replies":[{"embeddable":true,"href":"https:\/\/fmp-components.com\/sk\/wp-json\/wp\/v2\/comments?post=3291"}],"wp:featuredmedia":[{"embeddable":true,"href":"https:\/\/fmp-components.com\/sk\/wp-json\/wp\/v2\/media\/3298"}],"wp:attachment":[{"href":"https:\/\/fmp-components.com\/sk\/wp-json\/wp\/v2\/media?parent=3291"}],"wp:term":[{"taxonomy":"product_brand","embeddable":true,"href":"https:\/\/fmp-components.com\/sk\/wp-json\/wp\/v2\/product_brand?post=3291"},{"taxonomy":"product_cat","embeddable":true,"href":"https:\/\/fmp-components.com\/sk\/wp-json\/wp\/v2\/product_cat?post=3291"},{"taxonomy":"product_tag","embeddable":true,"href":"https:\/\/fmp-components.com\/sk\/wp-json\/wp\/v2\/product_tag?post=3291"}],"curies":[{"name":"pracovn\u00fd list","href":"https:\/\/api.w.org\/{rel}","templated":true}]}}