{"id":3253,"date":"2025-01-06T01:10:21","date_gmt":"2025-01-06T01:10:21","guid":{"rendered":"https:\/\/fmp-components.com\/?page_id=8"},"modified":"2025-01-06T01:15:31","modified_gmt":"2025-01-06T01:15:31","slug":"gearbox-for-agricultural-machinery-600-series","status":"publish","type":"product","link":"https:\/\/fmp-components.com\/sk\/product\/gearbox-for-agricultural-machinery-600-series\/","title":{"rendered":"Prevodovka pre po\u013enohospod\u00e1rske stroje radu 600"},"content":{"rendered":"<h2>Hodnotiaca tabu\u013eka<\/h2>\n<p><img loading=\"lazy\" decoding=\"async\" class=\"alignnone wp-image-3255\" src=\"https:\/\/fmp-components.com\/wp-content\/uploads\/2025\/01\/R600-rating-charts.webp\" alt=\"Hodnotiace grafy R600\" width=\"844\" height=\"1536\" title=\"\" srcset=\"https:\/\/fmp-components.com\/wp-content\/uploads\/2025\/01\/R600-rating-charts.webp 339w, https:\/\/fmp-components.com\/wp-content\/uploads\/2025\/01\/R600-rating-charts-165x300.webp 165w, https:\/\/fmp-components.com\/wp-content\/uploads\/2025\/01\/R600-rating-charts-7x12.webp 7w\" sizes=\"(max-width: 844px) 100vw, 844px\" \/><\/p>\n<h3>V\u00fdkres pre s\u00e9riu 600<\/h3>\n<p><img loading=\"lazy\" decoding=\"async\" class=\"alignnone wp-image-3254\" src=\"https:\/\/fmp-components.com\/wp-content\/uploads\/2025\/01\/600drawing.webp\" alt=\"600 kresieb\" width=\"889\" height=\"1149\" title=\"\" srcset=\"https:\/\/fmp-components.com\/wp-content\/uploads\/2025\/01\/600drawing.webp 889w, https:\/\/fmp-components.com\/wp-content\/uploads\/2025\/01\/600drawing-480x621.webp 480w\" sizes=\"(min-width: 0px) and (max-width: 480px) 480px, (min-width: 481px) 889px, 100vw\" \/><\/p>\n<h3>Zarovnanie rot\u00e1cie hriade\u013ea pre s\u00e9riu 600<\/h3>\n<p><img loading=\"lazy\" decoding=\"async\" class=\"alignnone size-full wp-image-3257\" src=\"https:\/\/fmp-components.com\/wp-content\/uploads\/2025\/01\/R400-600Rotation.webp\" alt=\"R400-600Rot\u00e1cia\" width=\"1024\" height=\"384\" title=\"\" srcset=\"https:\/\/fmp-components.com\/wp-content\/uploads\/2025\/01\/R400-600Rotation.webp 1024w, https:\/\/fmp-components.com\/wp-content\/uploads\/2025\/01\/R400-600Rotation-980x368.webp 980w, https:\/\/fmp-components.com\/wp-content\/uploads\/2025\/01\/R400-600Rotation-480x180.webp 480w\" sizes=\"(min-width: 0px) and (max-width: 480px) 480px, (min-width: 481px) and (max-width: 980px) 980px, (min-width: 981px) 1024px, 100vw\" \/><\/p>\n<h3>K\u013e\u00fa\u010dov\u00e9 vlastnosti prevodovky pre po\u013enohospod\u00e1rske stroje \u2013 s\u00e9ria 600<\/h3>\n<p>Prevodovka radu 600 je navrhnut\u00e1 pre n\u00e1ro\u010dn\u00e9 po\u013enohospod\u00e1rske aplik\u00e1cie a je navrhnut\u00e1 tak, aby poskytovala v\u00fdnimo\u010dn\u00fd v\u00fdkon a odolnos\u0165. T\u00e1to prevodovka, vyroben\u00e1 z robustn\u00e9ho dvojdielneho hlin\u00edkov\u00e9ho krytu, pon\u00faka vynikaj\u00facu pevnos\u0165, odolnos\u0165 proti kor\u00f3zii a tepeln\u00fa kapacitu, \u010do zais\u0165uje spo\u013eahliv\u00fa prev\u00e1dzku aj v n\u00e1ro\u010dn\u00fdch podmienkach. \u010ci u\u017e sa pou\u017e\u00edva v po\u013enohospod\u00e1rskych strojoch alebo in\u00fdch \u0165a\u017ek\u00fdch zariadeniach, t\u00e1to prevodovka je navrhnut\u00e1 pre dlhodob\u00fa spo\u013eahlivos\u0165 a \u00fa\u010dinnos\u0165.<\/p>\n<ul>\n<li><strong>Dvojdielne hlin\u00edkov\u00e9 puzdro<\/strong>Kryt je vyroben\u00fd z vysoko kvalitn\u00e9ho hlin\u00edka, ktor\u00fd pon\u00faka optim\u00e1lnu kombin\u00e1ciu pevnosti a n\u00edzkej hmotnosti. Je odoln\u00fd vo\u010di kor\u00f3zii a m\u00e1 vysok\u00fa tepeln\u00fa kapacitu, v\u010faka \u010domu je ide\u00e1lny pre dlhodob\u00fa prev\u00e1dzku a n\u00e1ro\u010dn\u00e9 prostredie.<\/li>\n<li><strong>Presne obr\u00e1ban\u00e9 komponenty<\/strong>Ka\u017ed\u00fd komponent vr\u00e1tane ozuben\u00fdch kolies a lo\u017e\u00edsk je prec\u00edzne opracovan\u00fd, aby sa zabezpe\u010dil presn\u00fd z\u00e1ber ozuben\u00fdch kolies a predp\u00e4tie lo\u017e\u00edsk, \u010d\u00edm sa minimalizuje trenie a opotrebenie. To zvy\u0161uje \u017eivotnos\u0165 a v\u00fdkon prevodovky.<\/li>\n<li><strong>\u0160irok\u00fd rozsah prevodov\u00fdch pomerov<\/strong>Prevodovka m\u00e1 \u0161es\u0165 presne kovan\u00fdch prevodov\u00fdch pomerov:\n<ul>\n<li>1:1<\/li>\n<li>1.18:1<\/li>\n<li>1.35:1<\/li>\n<li>1.5:1<\/li>\n<li>1.86:1<\/li>\n<li>2:1 T\u00e1to vari\u00e1cia poskytuje flexibilitu a umo\u017e\u0148uje prisp\u00f4sobi\u0165 prevodovku \u0161pecifick\u00fdm po\u017eiadavk\u00e1m na prenos v\u00fdkonu r\u00f4znych po\u013enohospod\u00e1rskych strojov.<\/li>\n<\/ul>\n<\/li>\n<li><strong>Ku\u017eel\u00edkov\u00e9 lo\u017eisk\u00e1<\/strong>Prevodovka vybaven\u00e1 ku\u017eel\u00edkov\u00fdmi lo\u017eiskami pon\u00faka zv\u00fd\u0161en\u00fa nosnos\u0165 a predl\u017euje \u017eivotnos\u0165 lo\u017e\u00edsk, a to aj v n\u00e1ro\u010dn\u00fdch prev\u00e1dzkach. T\u00e1to funkcia pom\u00e1ha zni\u017eova\u0165 prestoje a n\u00e1klady na \u00fadr\u017ebu.<\/li>\n<li><strong>Vysokopevnostn\u00fd oce\u013eov\u00fd hriade\u013e<\/strong>1,75\u2033 hriade\u013e je vyroben\u00fd z vysokopevnostnej ocele, ktor\u00e1 poskytuje vynikaj\u00facu odolnos\u0165 a odolnos\u0165 vo\u010di \u0165a\u017ek\u00fdm za\u0165a\u017eeniam a drsn\u00fdm podmienkam, \u010d\u00edm zais\u0165uje stabiln\u00fd v\u00fdkon v priebehu \u010dasu.<\/li>\n<li><strong>Mazanie a testovanie<\/strong>Prevodovka je predplnen\u00e1 prevodov\u00fdm mazivom 80W90 pre optim\u00e1lne mazanie, \u010d\u00edm sa zni\u017euje opotrebovanie po\u010das prev\u00e1dzky. Pred odoslan\u00edm je tie\u017e testovan\u00e1 na tesnos\u0165, aby sa zabezpe\u010dila spo\u013eahlivos\u0165 a predi\u0161lo sa potenci\u00e1lnym prev\u00e1dzkov\u00fdm probl\u00e9mom.<\/li>\n<li><strong>Hmotnos\u0165<\/strong>S\u00e9ria 600 v\u00e1\u017ei 60-70 libier<strong>.<\/strong>, vr\u00e1tane oleja, \u010do poskytuje vyv\u00e1\u017een\u00fa hmotnos\u0165 pre jednoduch\u00fa in\u0161tal\u00e1ciu a robustn\u00fa oporu pre \u0165a\u017ek\u00e9 po\u013enohospod\u00e1rske stroje.<\/li>\n<\/ul>\n<p>Prevodovka radu 600 je ide\u00e1lna pre \u0161irok\u00fa \u0161k\u00e1lu po\u013enohospod\u00e1rskych strojov, ako s\u00fa kombajny, pluhy a traktory. Jej vysok\u00e1 nosnos\u0165 a presn\u00e9 kon\u0161truk\u010dn\u00e9 rie\u0161enie zabezpe\u010duj\u00fa, \u017ee zvl\u00e1dne n\u00e1ro\u010dn\u00e9 po\u017eiadavky modern\u00fdch po\u013enohospod\u00e1rskych oper\u00e1ci\u00ed a zabezpe\u010duje optim\u00e1lny v\u00fdkon a dlh\u00fa \u017eivotnos\u0165 kritick\u00fdch zariaden\u00ed.<\/p>\n<p>V\u010faka svojej robustnej kon\u0161trukcii, v\u0161estrann\u00fdm prevodov\u00fdm pomerom a vynikaj\u00facim komponentom vynik\u00e1 prevodovka radu 600 ako spo\u013eahliv\u00e1 vo\u013eba pre po\u013enohospod\u00e1rske stroje. Je skon\u0161truovan\u00e1 tak, aby odolala n\u00e1ro\u010dn\u00fdm pracovn\u00fdm podmienkam a z\u00e1rove\u0148 poskytovala efekt\u00edvny prenos v\u00fdkonu, a je nevyhnutn\u00fdm komponentom pre ka\u017ed\u00e9ho, kto h\u013ead\u00e1 dlhotrvaj\u00face a vysoko v\u00fdkonn\u00e9 prevodovky v po\u013enohospod\u00e1rskom sektore.<\/p>\n<h3>O FMP<\/h3>\n<p>Spolo\u010dnos\u0165 FMP so s\u00eddlom v Taliansku je popredn\u00fdm v\u00fdrobcom zn\u00e1mym svojimi odborn\u00fdmi znalos\u0165ami v oblasti n\u00e1vrhu, v\u00fdvoja a v\u00fdroby vysokov\u00fdkonn\u00fdch prevodoviek so zameran\u00edm na sektor po\u013enohospod\u00e1rskych strojov. FMP si vybudovala siln\u00fa reput\u00e1ciu v\u010faka presn\u00e9mu in\u017einierstvu, inovat\u00edvnym rie\u0161eniam a neochvejnej spo\u013eahlivosti, \u010d\u00edm sa etablovala ako d\u00f4veryhodn\u00fd partner pre po\u013enohospod\u00e1rsky aj priemyseln\u00fd trh. Na\u0161e rozsiahle portf\u00f3lio zah\u0155\u0148a prevodovky na mieru pre kosa\u010dky na tr\u00e1vu, v\u00fdvodov\u00e9 hriadele a \u010fal\u0161ie d\u00f4le\u017eit\u00e9 komponenty, pri\u010dom ka\u017ed\u00fd z nich je starostlivo vyroben\u00fd tak, aby sp\u013a\u0148al presn\u00e9 po\u017eiadavky r\u00f4znych aplik\u00e1ci\u00ed.<\/p>\n<p>V spolo\u010dnosti FMP ch\u00e1peme, \u017ee ka\u017ed\u00fd klient \u010del\u00ed jedine\u010dn\u00fdm v\u00fdzvam. Tento poznatok je na\u0161ou prioritou poskytova\u0165 rie\u0161enia na mieru, \u010di u\u017e ide o jednotliv\u00e9 komponenty alebo plne integrovan\u00e9 syst\u00e9my. \u00dazkou spolupr\u00e1cou s na\u0161imi klientmi zabezpe\u010dujeme, aby ka\u017ed\u00e9 rie\u0161enie nielen sp\u013a\u0148alo ich presn\u00e9 po\u017eiadavky, ale aj maximalizovalo v\u00fdkon a hodnotu. Na\u0161e odhodlanie poskytova\u0165 r\u00fdchle a profesion\u00e1lne odpovede a odborn\u00e9 poradenstvo zaru\u010duje, \u017ee ka\u017ed\u00e1 po\u017eiadavka bude spracovan\u00e1 s presnos\u0165ou a konzistentne prin\u00e1\u0161a\u0165 optim\u00e1lne v\u00fdsledky.<\/p>\n<p>Kladieme ve\u013ek\u00fd d\u00f4raz na transparentn\u00fa a priebe\u017en\u00fa komunik\u00e1ciu v ka\u017edej f\u00e1ze v\u00fdvojov\u00e9ho cyklu produktu. N\u00e1\u0161 \u0161pecializovan\u00fd t\u00edm spolupracuje priamo s klientmi, aby d\u00f4kladne pochopil ich potreby a pon\u00faka cenn\u00e9 poznatky a odborn\u00e9 odpor\u00fa\u010dania na zabezpe\u010denie najlep\u0161\u00edch v\u00fdsledkov. \u010ci u\u017e navrhujeme \u0161pi\u010dkov\u00e9 produkty alebo pln\u00edme be\u017en\u00e9 objedn\u00e1vky, spolo\u010dnos\u0165 FMP sa zav\u00e4zuje dod\u00e1va\u0165 vysokokvalitn\u00e9, prec\u00edzne navrhnut\u00e9 rie\u0161enia v\u010das a v\u017edy. Na\u0161\u00edm cie\u013eom je neust\u00e1le prekon\u00e1va\u0165 o\u010dak\u00e1vania klientov poskytovan\u00edm v\u00fdnimo\u010dn\u00fdch slu\u017eieb a dosahovan\u00edm vynikaj\u00facich v\u00fdsledkov v ka\u017edom projekte.<\/p>\n<p>Jadrom \u010dinnosti spolo\u010dnosti FMP je neochvejn\u00fd z\u00e1v\u00e4zok ku kvalite. Dodr\u017eiavame najvy\u0161\u0161ie v\u00fdrobn\u00e9 \u0161tandardy a implementujeme pr\u00edsne procesy kontroly kvality, aby sme zabezpe\u010dili, \u017ee ka\u017ed\u00fd produkt nielen sp\u013a\u0148a, ale aj prekon\u00e1va priemyseln\u00e9 \u0161tandardy. Tento z\u00e1v\u00e4zok k dokonalosti v kombin\u00e1cii s na\u0161imi z\u00e1kladn\u00fdmi hodnotami integrity, t\u00edmovej pr\u00e1ce a vytrvalosti n\u00e1m umo\u017enil vybudova\u0165 si dlhodob\u00e9 vz\u0165ahy zalo\u017een\u00e9 na d\u00f4vere s klientmi v takmer 30 krajin\u00e1ch sveta.<\/p>\n<p>Spolo\u010dnos\u0165 FMP sa venuje podpore glob\u00e1lnych partnerstiev t\u00fdm, \u017ee pon\u00faka odborn\u00e9 poradenstvo a rie\u0161enia na mieru, ktor\u00e9 rie\u0161ia meniace sa potreby na\u0161ich klientov. Sna\u017e\u00edme sa budova\u0165 dlhodob\u00e9 a vz\u00e1jomne prospe\u0161n\u00e9 vz\u0165ahy, ktor\u00e9 prispievaj\u00fa k \u00faspechu ka\u017ed\u00e9ho projektu. \u010ci u\u017e h\u013ead\u00e1te inovat\u00edvne rie\u0161enia pre nov\u00fa iniciat\u00edvu alebo priebe\u017en\u00fa podporu pre existuj\u00faci syst\u00e9m, spolo\u010dnos\u0165 FMP v\u00e1m pom\u00f4\u017ee zvl\u00e1dnu\u0165 technick\u00e9 v\u00fdzvy a zabezpe\u010di\u0165 v\u00e1\u0161 trval\u00fd \u00faspech.<\/p>\n<p><img loading=\"lazy\" decoding=\"async\" class=\"alignnone wp-image-2695\" src=\"https:\/\/fmp-components.com\/wp-content\/uploads\/2025\/01\/agricultural-gearbox3.webp\" alt=\"po\u013enohospod\u00e1rska prevodovka\" width=\"1140\" height=\"1138\" title=\"\" srcset=\"https:\/\/fmp-components.com\/wp-content\/uploads\/2025\/01\/agricultural-gearbox3.webp 1140w, https:\/\/fmp-components.com\/wp-content\/uploads\/2025\/01\/agricultural-gearbox3-480x479.webp 480w\" sizes=\"(min-width: 0px) and (max-width: 480px) 480px, (min-width: 481px) 1140px, 100vw\" \/><\/p>\n<p>Autor: CX<\/p>","protected":false},"excerpt":{"rendered":"<p>Rating Chart Drawing For 600 Series Shaft Rotation Alignment For 600 Series Key Features of Gearbox for Agricultural Machinery &#8211; 600 Series The 600 Series Gearbox is engineered for demanding agricultural applications, designed to deliver exceptional performance and durability. Built with a robust two-piece aluminum housing, this gearbox offers superior strength, corrosion resistance, and thermal [&hellip;]<\/p>","protected":false},"featured_media":3258,"comment_status":"open","ping_status":"closed","template":"","meta":{"_et_pb_use_builder":"","_et_pb_old_content":"","_et_gb_content_width":""},"product_brand":[],"product_cat":[78],"product_tag":[],"class_list":{"0":"post-3253","1":"product","2":"type-product","3":"status-publish","4":"has-post-thumbnail","6":"product_cat-gearbox-for-agricultural-machinery","8":"first","9":"instock","10":"shipping-taxable","11":"product-type-simple"},"_links":{"self":[{"href":"https:\/\/fmp-components.com\/sk\/wp-json\/wp\/v2\/product\/3253","targetHints":{"allow":["GET"]}}],"collection":[{"href":"https:\/\/fmp-components.com\/sk\/wp-json\/wp\/v2\/product"}],"about":[{"href":"https:\/\/fmp-components.com\/sk\/wp-json\/wp\/v2\/types\/product"}],"replies":[{"embeddable":true,"href":"https:\/\/fmp-components.com\/sk\/wp-json\/wp\/v2\/comments?post=3253"}],"wp:featuredmedia":[{"embeddable":true,"href":"https:\/\/fmp-components.com\/sk\/wp-json\/wp\/v2\/media\/3258"}],"wp:attachment":[{"href":"https:\/\/fmp-components.com\/sk\/wp-json\/wp\/v2\/media?parent=3253"}],"wp:term":[{"taxonomy":"product_brand","embeddable":true,"href":"https:\/\/fmp-components.com\/sk\/wp-json\/wp\/v2\/product_brand?post=3253"},{"taxonomy":"product_cat","embeddable":true,"href":"https:\/\/fmp-components.com\/sk\/wp-json\/wp\/v2\/product_cat?post=3253"},{"taxonomy":"product_tag","embeddable":true,"href":"https:\/\/fmp-components.com\/sk\/wp-json\/wp\/v2\/product_tag?post=3253"}],"curies":[{"name":"pracovn\u00fd list","href":"https:\/\/api.w.org\/{rel}","templated":true}]}}