{"id":3242,"date":"2025-01-06T00:58:53","date_gmt":"2025-01-06T00:58:53","guid":{"rendered":"https:\/\/fmp-components.com\/?page_id=8"},"modified":"2025-01-06T00:58:53","modified_gmt":"2025-01-06T00:58:53","slug":"gearbox-for-agricultural-machinery-500-series","status":"publish","type":"product","link":"https:\/\/fmp-components.com\/sk\/product\/gearbox-for-agricultural-machinery-500-series\/","title":{"rendered":"Prevodovka pre po\u013enohospod\u00e1rske stroje radu 500"},"content":{"rendered":"<h2>Hodnotiaca tabu\u013eka<\/h2>\n<p><img loading=\"lazy\" decoding=\"async\" class=\"alignnone  wp-image-3250\" src=\"https:\/\/fmp-components.com\/wp-content\/uploads\/2025\/01\/R500-rating-charts.webp\" alt=\"Hodnotiace grafy R500\" width=\"870\" height=\"1106\" title=\"\" srcset=\"https:\/\/fmp-components.com\/wp-content\/uploads\/2025\/01\/R500-rating-charts.webp 394w, https:\/\/fmp-components.com\/wp-content\/uploads\/2025\/01\/R500-rating-charts-236x300.webp 236w, https:\/\/fmp-components.com\/wp-content\/uploads\/2025\/01\/R500-rating-charts-9x12.webp 9w\" sizes=\"(max-width: 870px) 100vw, 870px\" \/><\/p>\n<h3>V\u00fdkres pre s\u00e9riu 500<\/h3>\n<p><img loading=\"lazy\" decoding=\"async\" class=\"alignnone  wp-image-3249\" src=\"https:\/\/fmp-components.com\/wp-content\/uploads\/2025\/01\/500drawing.webp\" alt=\"500 kresieb\" width=\"888\" height=\"1150\" title=\"\" srcset=\"https:\/\/fmp-components.com\/wp-content\/uploads\/2025\/01\/500drawing.webp 888w, https:\/\/fmp-components.com\/wp-content\/uploads\/2025\/01\/500drawing-480x621.webp 480w\" sizes=\"(min-width: 0px) and (max-width: 480px) 480px, (min-width: 481px) 888px, 100vw\" \/><\/p>\n<h3>Zarovnanie rot\u00e1cie hriade\u013ea pre s\u00e9riu 500<\/h3>\n<p><img loading=\"lazy\" decoding=\"async\" class=\"alignnone size-full wp-image-3251\" src=\"https:\/\/fmp-components.com\/wp-content\/uploads\/2025\/01\/500-rotation-option.webp\" alt=\"Mo\u017enos\u0165 500-n\u00e1sobnej rot\u00e1cie\" width=\"1024\" height=\"384\" title=\"\" srcset=\"https:\/\/fmp-components.com\/wp-content\/uploads\/2025\/01\/500-rotation-option.webp 1024w, https:\/\/fmp-components.com\/wp-content\/uploads\/2025\/01\/500-rotation-option-980x368.webp 980w, https:\/\/fmp-components.com\/wp-content\/uploads\/2025\/01\/500-rotation-option-480x180.webp 480w\" sizes=\"(min-width: 0px) and (max-width: 480px) 480px, (min-width: 481px) and (max-width: 980px) 980px, (min-width: 981px) 1024px, 100vw\" \/><\/p>\n<h3>Prevodovka radu 500 pre po\u013enohospod\u00e1rske stroje<\/h3>\n<p><strong>Vlastnosti a v\u00fdhody:<\/strong><\/p>\n<ul>\n<li><strong>Dvojdielne hlin\u00edkov\u00e9 puzdro:<\/strong> Kryt vyroben\u00fd z vysokopevnostn\u00e9ho hlin\u00edka pon\u00faka v\u00fdnimo\u010dn\u00fa odolnos\u0165, odolnos\u0165 proti kor\u00f3zii a vynikaj\u00facu tepeln\u00fa kapacitu. To zais\u0165uje optim\u00e1lny v\u00fdkon aj v extr\u00e9mnych prev\u00e1dzkov\u00fdch podmienkach, v\u010faka \u010domu je mimoriadne vhodn\u00fd pre po\u013enohospod\u00e1rske prostredie.<\/li>\n<li><strong>Presn\u00e9 obr\u00e1banie:<\/strong> Ka\u017ed\u00fd komponent je prec\u00edzne opracovan\u00fd, aby sa zabezpe\u010dil dokonal\u00fd z\u00e1ber ozuben\u00fdch kolies a presn\u00e9 predp\u00e4tie lo\u017e\u00edsk. T\u00e1to pozornos\u0165 venovan\u00e1 detailom prispieva k plynulej\u0161iemu chodu, zn\u00ed\u017een\u00e9mu treniu a dlh\u0161ej \u017eivotnosti prevodovky.<\/li>\n<li><strong>V\u0161estrann\u00e9 prevodov\u00e9 pomery:<\/strong> S\u00e9ria 500 sa vyzna\u010duje presne kovan\u00fdm ozuben\u00fdm kolesom dostupn\u00fdm v \u0161tyroch prevodov\u00fdch pomeroch: 1:1, 1,35:1, 1,5:1 a 2:1, \u010do v\u00e1m poskytuje \u0161irok\u00fa \u0161k\u00e1lu mo\u017enost\u00ed pre r\u00f4zne aplik\u00e1cie. Okrem toho je k dispoz\u00edcii \u0161pir\u00e1lov\u00e9 ku\u017ee\u013eov\u00e9 ozuben\u00e9 koleso v prevodovom pomere 1:1, \u010do \u010falej roz\u0161iruje prisp\u00f4sobivos\u0165 prevodovky r\u00f4znym \u00faloh\u00e1m.<\/li>\n<li><strong>Ku\u017eel\u00edkov\u00e9 lo\u017eisk\u00e1:<\/strong> Vysokokvalitn\u00e9 ku\u017eel\u00edkov\u00e9 lo\u017eisk\u00e1 poskytuj\u00fa zv\u00fd\u0161en\u00fa nosnos\u0165 a pred\u013a\u017een\u00fa \u017eivotnos\u0165 lo\u017e\u00edsk, \u010d\u00edm zais\u0165uj\u00fa konzistentn\u00fd a spo\u013eahliv\u00fd v\u00fdkon aj v n\u00e1ro\u010dn\u00fdch aplik\u00e1ci\u00e1ch. Tieto lo\u017eisk\u00e1 s\u00fa navrhnut\u00e9 tak, aby zvl\u00e1dali vy\u0161\u0161ie radi\u00e1lne a axi\u00e1lne za\u0165a\u017eenie, v\u010faka \u010domu s\u00fa ide\u00e1lne pre \u0165a\u017ek\u00e9 po\u013enohospod\u00e1rske stroje.<\/li>\n<li><strong>Vysokopevnostn\u00e1 oce\u013eov\u00e1 hriade\u013e:<\/strong> Prevodovka s\u00e9rie 500 m\u00e1 hriade\u013e s priemerom 1,375 palca vyroben\u00fd z vysokopevnostnej ocele, ktor\u00fd poskytuje zv\u00fd\u0161en\u00fa odolnos\u0165 a odolnos\u0165 vo\u010di opotrebovaniu. T\u00e1to robustn\u00e1 kon\u0161trukcia hriade\u013ea zais\u0165uje spo\u013eahliv\u00fd prenos v\u00fdkonu po dlh\u0161iu dobu, a to aj v n\u00e1ro\u010dn\u00fdch podmienkach.<\/li>\n<li><strong>Mazanie a testovanie tesnosti:<\/strong> Prevodovka je predplnen\u00e1 prevodov\u00fdm mazivom 80W90, \u010do zais\u0165uje hladk\u00fd a efekt\u00edvny chod od za\u010diatku. Ka\u017ed\u00e1 jednotka sa pred odoslan\u00edm d\u00f4kladne testuje na tesnos\u0165, aby sa zaru\u010dila bezprobl\u00e9mov\u00e1 dod\u00e1vka.<\/li>\n<li><strong>Hmotnos\u0165 a jednoduchos\u0165 pou\u017eitia:<\/strong> Prevodovka s\u00e9rie 500 v\u00e1\u017ei 11 a\u017e 13 kg<strong>.<\/strong>, vr\u00e1tane prevodov\u00e9ho oleja. T\u00e1to hmotnos\u0165 je starostlivo vyv\u00e1\u017een\u00e1, aby sa zabezpe\u010dila pevnos\u0165 a z\u00e1rove\u0148 zostala \u013eahko zvl\u00e1dnute\u013en\u00e1 pri in\u0161tal\u00e1cii a prev\u00e1dzke.<\/li>\n<\/ul>\n<p>Prevodovka radu 500 je ide\u00e1lnym rie\u0161en\u00edm pre po\u013enohospod\u00e1rske stroje, ktor\u00e9 pon\u00faka zv\u00fd\u0161en\u00fa odolnos\u0165, efekt\u00edvny v\u00fdkon a v\u0161estrannos\u0165 pre r\u00f4zne aplik\u00e1cie. \u010ci u\u017e sa pou\u017e\u00edva v strojoch na orbu, sadenie alebo zber \u00farody, t\u00e1to prevodovka zais\u0165uje spo\u013eahliv\u00fd servis aj v t\u00fdch najn\u00e1ro\u010dnej\u0161\u00edch pracovn\u00fdch podmienkach. Robustn\u00e1 kon\u0161trukcia a vysoko kvalitn\u00e9 materi\u00e1ly z nej robia d\u00f4veryhodn\u00fa vo\u013ebu pre v\u00fdrobcov a prev\u00e1dzkovate\u013eov v po\u013enohospod\u00e1rskom sektore, ktor\u00ed h\u013eadaj\u00fa dlhotrvaj\u00face a spo\u013eahliv\u00e9 prevodovkov\u00e9 rie\u0161enia.<\/p>\n<h2>O FMP<\/h2>\n<p>Spolo\u010dnos\u0165 FMP so s\u00eddlom v Taliansku je uzn\u00e1van\u00fd v\u00fdrobca \u0161pecializuj\u00faci sa na n\u00e1vrh, v\u00fdvoj a v\u00fdrobu vysokov\u00fdkonn\u00fdch prevodoviek. S d\u00f4razom na sektor po\u013enohospod\u00e1rskych strojov je FMP zn\u00e1ma svojou presnou in\u017einierskou pr\u00e1cou, inovat\u00edvnymi rie\u0161eniami a neochvejnou spo\u013eahlivos\u0165ou. V priebehu rokov si FMP z\u00edskala sol\u00eddnu reput\u00e1ciu d\u00f4veryhodn\u00e9ho partnera na po\u013enohospod\u00e1rskom aj priemyselnom trhu. Na\u0161e rozsiahle portf\u00f3lio zah\u0155\u0148a prevodovky vyroben\u00e9 na mieru, kardanov\u00e9 hriadele a r\u00f4zne \u010fal\u0161ie kritick\u00e9 komponenty, ktor\u00e9 s\u00fa starostlivo navrhnut\u00e9 tak, aby sp\u013a\u0148ali \u0161pecifick\u00e9 po\u017eiadavky r\u00f4znych aplik\u00e1ci\u00ed.<\/p>\n<p>V spolo\u010dnosti FMP si uvedomujeme, \u017ee ka\u017ed\u00fd klient m\u00e1 jedine\u010dn\u00e9 po\u017eiadavky. Tento preh\u013ead n\u00e1s poh\u00e1\u0148a k poskytovaniu rie\u0161en\u00ed na mieru, ktor\u00e9 s\u00fa navrhnut\u00e9 tak, aby rie\u0161ili jednotliv\u00e9 komponenty aj plne integrovan\u00e9 syst\u00e9my. \u00dazkou spolupr\u00e1cou s klientmi zabezpe\u010dujeme, aby ka\u017ed\u00e9 rie\u0161enie nielen sp\u013a\u0148alo ich \u0161pecifick\u00e9 potreby, ale aj zvy\u0161ovalo v\u00fdkon, efektivitu a hodnotu. N\u00e1\u0161 z\u00e1v\u00e4zok k r\u00fdchlym a profesion\u00e1lnym reakci\u00e1m a odborn\u00e9mu poradenstvu zabezpe\u010duje, \u017ee ka\u017ed\u00e1 po\u017eiadavka bude vybaven\u00e1 s presnos\u0165ou a prinesie optim\u00e1lne v\u00fdsledky.<\/p>\n<p>Jasn\u00e1 a transparentn\u00e1 komunik\u00e1cia je z\u00e1kladom n\u00e1\u0161ho pr\u00edstupu. Od po\u010diato\u010dnej f\u00e1zy n\u00e1vrhu a\u017e po dodanie produktu n\u00e1\u0161 \u0161pecializovan\u00fd t\u00edm spolupracuje s klientmi bok po boku a z\u00edskava d\u00f4kladn\u00e9 pochopenie ich v\u00fdziev. Tento kolaborat\u00edvny pr\u00edstup n\u00e1m umo\u017e\u0148uje pon\u00faka\u0165 cenn\u00e9 poznatky, zdie\u013ea\u0165 inovat\u00edvne rie\u0161enia a v kone\u010dnom d\u00f4sledku dosahova\u0165 najlep\u0161ie v\u00fdsledky. \u010ci u\u017e pracujeme na prelomov\u00fdch projektoch alebo pln\u00edme be\u017en\u00e9 objedn\u00e1vky, spolo\u010dnos\u0165 FMP sa zav\u00e4zuje dod\u00e1va\u0165 vysokokvalitn\u00e9, prec\u00edzne navrhnut\u00e9 rie\u0161enia v\u010das a v\u017edy. Na\u0161\u00edm cie\u013eom je neust\u00e1le prekon\u00e1va\u0165 o\u010dak\u00e1vania klientov poskytovan\u00edm v\u00fdnimo\u010dn\u00fdch slu\u017eieb a vynikaj\u00facich v\u00fdsledkov pri ka\u017edom jednom projekte.<\/p>\n<p>V jadre \u010dinnosti spolo\u010dnosti FMP le\u017e\u00ed neochvejn\u00fd z\u00e1v\u00e4zok ku kvalite. Dodr\u017eiavame najvy\u0161\u0161ie v\u00fdrobn\u00e9 \u0161tandardy a implementujeme pr\u00edsne procesy kontroly kvality, aby sme zabezpe\u010dili, \u017ee ka\u017ed\u00fd produkt prekon\u00e1va priemyseln\u00e9 \u0161tandardy. Toto odhodlanie k dokonalosti, spolu s na\u0161imi z\u00e1kladn\u00fdmi hodnotami integrity, t\u00edmovej pr\u00e1ce a vytrvalosti, n\u00e1m umo\u017enilo vybudova\u0165 si trval\u00e9 vz\u0165ahy zalo\u017een\u00e9 na d\u00f4vere s klientmi vo viac ako 30 krajin\u00e1ch sveta.<\/p>\n<p>Spolo\u010dnos\u0165 FMP sa v\u017edy zameriava na podporu glob\u00e1lnych partnerstiev, pon\u00faka odborn\u00e9 poradenstvo a rie\u0161enia na mieru, ktor\u00e9 sa vyv\u00edjaj\u00fa pod\u013ea potrieb na\u0161ich klientov. Na\u0161\u00edm cie\u013eom je budova\u0165 dlhodob\u00e9 a vz\u00e1jomne prospe\u0161n\u00e9 vz\u0165ahy, ktor\u00e9 prispievaj\u00fa k \u00faspechu ka\u017ed\u00e9ho projektu. \u010ci u\u017e h\u013ead\u00e1te inovat\u00edvne rie\u0161enia pre nov\u00fd podnik alebo potrebujete neust\u00e1lu podporu pre zaveden\u00fd syst\u00e9m, spolo\u010dnos\u0165 FMP je pripraven\u00e1 v\u00e1m pom\u00f4c\u0165 prekona\u0165 technick\u00e9 v\u00fdzvy a zabezpe\u010di\u0165 v\u00e1\u0161 trval\u00fd \u00faspech.<\/p>\n<p><img loading=\"lazy\" decoding=\"async\" class=\"alignnone wp-image-2695\" src=\"https:\/\/fmp-components.com\/wp-content\/uploads\/2025\/01\/agricultural-gearbox3.webp\" alt=\"po\u013enohospod\u00e1rska prevodovka\" width=\"1140\" height=\"1138\" title=\"\" srcset=\"https:\/\/fmp-components.com\/wp-content\/uploads\/2025\/01\/agricultural-gearbox3.webp 1140w, https:\/\/fmp-components.com\/wp-content\/uploads\/2025\/01\/agricultural-gearbox3-480x479.webp 480w\" sizes=\"(min-width: 0px) and (max-width: 480px) 480px, (min-width: 481px) 1140px, 100vw\" \/><\/p>\n<p>Autor: CX<\/p>","protected":false},"excerpt":{"rendered":"<p>Rating Chart Drawing For 500 Series Shaft Rotation Alignment For 500 Series 500 Series Gearbox for Agricultural Machinery Features and Benefits: Two-Piece Aluminum Housing: Crafted with high-strength aluminum, the housing offers exceptional durability, corrosion resistance, and superior thermal capacity. This ensures optimal performance even under extreme operational conditions, making it highly suited for agricultural environments. [&hellip;]<\/p>","protected":false},"featured_media":3252,"comment_status":"open","ping_status":"closed","template":"","meta":{"_et_pb_use_builder":"","_et_pb_old_content":"","_et_gb_content_width":""},"product_brand":[],"product_cat":[78],"product_tag":[],"class_list":{"0":"post-3242","1":"product","2":"type-product","3":"status-publish","4":"has-post-thumbnail","6":"product_cat-gearbox-for-agricultural-machinery","8":"first","9":"instock","10":"shipping-taxable","11":"product-type-simple"},"_links":{"self":[{"href":"https:\/\/fmp-components.com\/sk\/wp-json\/wp\/v2\/product\/3242","targetHints":{"allow":["GET"]}}],"collection":[{"href":"https:\/\/fmp-components.com\/sk\/wp-json\/wp\/v2\/product"}],"about":[{"href":"https:\/\/fmp-components.com\/sk\/wp-json\/wp\/v2\/types\/product"}],"replies":[{"embeddable":true,"href":"https:\/\/fmp-components.com\/sk\/wp-json\/wp\/v2\/comments?post=3242"}],"wp:featuredmedia":[{"embeddable":true,"href":"https:\/\/fmp-components.com\/sk\/wp-json\/wp\/v2\/media\/3252"}],"wp:attachment":[{"href":"https:\/\/fmp-components.com\/sk\/wp-json\/wp\/v2\/media?parent=3242"}],"wp:term":[{"taxonomy":"product_brand","embeddable":true,"href":"https:\/\/fmp-components.com\/sk\/wp-json\/wp\/v2\/product_brand?post=3242"},{"taxonomy":"product_cat","embeddable":true,"href":"https:\/\/fmp-components.com\/sk\/wp-json\/wp\/v2\/product_cat?post=3242"},{"taxonomy":"product_tag","embeddable":true,"href":"https:\/\/fmp-components.com\/sk\/wp-json\/wp\/v2\/product_tag?post=3242"}],"curies":[{"name":"pracovn\u00fd list","href":"https:\/\/api.w.org\/{rel}","templated":true}]}}