{"id":3241,"date":"2025-01-06T00:37:34","date_gmt":"2025-01-06T00:37:34","guid":{"rendered":"https:\/\/fmp-components.com\/?page_id=8"},"modified":"2025-01-06T06:53:06","modified_gmt":"2025-01-06T06:53:06","slug":"gearbox-for-agricultural-machinery-200-series","status":"publish","type":"product","link":"https:\/\/fmp-components.com\/sk\/product\/gearbox-for-agricultural-machinery-200-series\/","title":{"rendered":"Prevodovka pre po\u013enohospod\u00e1rske stroje radu 200"},"content":{"rendered":"<h2>Hodnotiaca tabu\u013eka<\/h2>\n<p><img loading=\"lazy\" decoding=\"async\" class=\"alignnone wp-image-3245\" src=\"https:\/\/fmp-components.com\/wp-content\/uploads\/2025\/01\/R200-rating-charts.webp\" alt=\"Hodnotiace grafy R200\" width=\"917\" height=\"863\" title=\"\" srcset=\"https:\/\/fmp-components.com\/wp-content\/uploads\/2025\/01\/R200-rating-charts.webp 441w, https:\/\/fmp-components.com\/wp-content\/uploads\/2025\/01\/R200-rating-charts-300x282.webp 300w, https:\/\/fmp-components.com\/wp-content\/uploads\/2025\/01\/R200-rating-charts-13x12.webp 13w\" sizes=\"(max-width: 917px) 100vw, 917px\" \/><\/p>\n<h3>V\u00fdkres pre s\u00e9riu 200<\/h3>\n<p><img loading=\"lazy\" decoding=\"async\" class=\"wp-image-3246 alignnone\" src=\"https:\/\/fmp-components.com\/wp-content\/uploads\/2025\/01\/200drawing.webp\" alt=\"200 kresieb\" width=\"876\" height=\"1134\" title=\"\" srcset=\"https:\/\/fmp-components.com\/wp-content\/uploads\/2025\/01\/200drawing.webp 876w, https:\/\/fmp-components.com\/wp-content\/uploads\/2025\/01\/200drawing-480x621.webp 480w\" sizes=\"(min-width: 0px) and (max-width: 480px) 480px, (min-width: 481px) 876px, 100vw\" \/><\/p>\n<h3>Zarovnanie rot\u00e1cie hriade\u013ea pre s\u00e9riu 200<\/h3>\n<p><img loading=\"lazy\" decoding=\"async\" class=\"alignnone wp-image-3247\" src=\"https:\/\/fmp-components.com\/wp-content\/uploads\/2025\/01\/100shaft-1.webp\" alt=\"100 hriade\u013eov\" width=\"842\" height=\"255\" title=\"\" srcset=\"https:\/\/fmp-components.com\/wp-content\/uploads\/2025\/01\/100shaft-1.webp 360w, https:\/\/fmp-components.com\/wp-content\/uploads\/2025\/01\/100shaft-1-300x91.webp 300w, https:\/\/fmp-components.com\/wp-content\/uploads\/2025\/01\/100shaft-1-18x5.webp 18w\" sizes=\"(max-width: 842px) 100vw, 842px\" \/><\/p>\n<h3>Prevodovka radu 200 pre po\u013enohospod\u00e1rske stroje<\/h3>\n<p>Prevodovka radu 200 je navrhnut\u00e1 tak, aby sp\u013a\u0148ala n\u00e1ro\u010dn\u00e9 potreby po\u013enohospod\u00e1rskych strojov a pon\u00faka robustn\u00fd v\u00fdkon, zv\u00fd\u0161en\u00fa odolnos\u0165 a vynikaj\u00facu \u00fa\u010dinnos\u0165. T\u00e1to prevodovka, vyroben\u00e1 pre r\u00f4zne po\u013enohospod\u00e1rske aplik\u00e1cie, kombinuje prec\u00edzne in\u017einierstvo s vysoko kvalitn\u00fdmi materi\u00e1lmi, aby zabezpe\u010dila vynikaj\u00facu spo\u013eahlivos\u0165 aj v n\u00e1ro\u010dn\u00fdch podmienkach.<\/p>\n<h4>Vlastnosti:<\/h4>\n<ul>\n<li><strong>Dvojdielne hlin\u00edkov\u00e9 puzdro<\/strong>Dvojdielne puzdro je vyroben\u00e9 z odoln\u00e9ho a \u013eahk\u00e9ho hlin\u00edka a poskytuje <strong>v\u00fdnimo\u010dn\u00e1 pevnos\u0165<\/strong>, <strong>odolnos\u0165 proti kor\u00f3zii<\/strong>a <strong>tepeln\u00e1 kapacita<\/strong>, v\u010faka \u010domu je vhodn\u00fd pre po\u013enohospod\u00e1rske prostredie, kde je be\u017en\u00e9 vystavenie drsn\u00fdm podmienkam.<\/li>\n<li><strong>Presn\u00e9 obr\u00e1banie<\/strong>Prevodovka je <strong>presne opracovan\u00e9<\/strong> aby sa zabezpe\u010dil dokonal\u00fd z\u00e1ber ozuben\u00fdch kolies a predp\u00e4tie lo\u017e\u00edsk, \u010d\u00edm sa optimalizuje \u00fa\u010dinnos\u0165 a zni\u017euje opotrebenie. Tento d\u00f4kladn\u00fd proces zais\u0165uje spo\u013eahliv\u00fa a tich\u00fa prev\u00e1dzku po\u010das dlh\u0161\u00edch obdob\u00ed.<\/li>\n<li><strong>Kovan\u00e9 ozuben\u00e9 koles\u00e1 vo viacer\u00fdch prevodov\u00fdch pomeroch<\/strong>Prevodovka radu 200 je vybaven\u00e1 <strong>presne kovan\u00e9 ozuben\u00e9 koles\u00e1<\/strong> dostupn\u00e9 v troch pomeroch: <strong>1:1<\/strong>, <strong>1.5:1<\/strong>a <strong>2:1<\/strong>, \u010do umo\u017e\u0148uje flexibilitu v r\u00f4znych aplik\u00e1ci\u00e1ch a zabezpe\u010duje spr\u00e1vnu rovnov\u00e1hu medzi r\u00fdchlos\u0165ou a kr\u00fatiacim momentom pre r\u00f4zne po\u013enohospod\u00e1rske \u00falohy.<\/li>\n<li><strong>Ku\u017eel\u00edkov\u00e9 lo\u017eisk\u00e1<\/strong>: <strong>Ku\u017eel\u00edkov\u00e9 lo\u017eisk\u00e1<\/strong> s\u00fa integrovan\u00e9 do dizajnu, aby poskytovali zv\u00fd\u0161en\u00fa <strong>nosnos\u0165<\/strong> a <strong>dlh\u0161ia \u017eivotnos\u0165 lo\u017eiska<\/strong>, \u010do zabezpe\u010duje stabiln\u00fa prev\u00e1dzku a odolnos\u0165, a to aj pri vysokom za\u0165a\u017een\u00ed a nam\u00e1han\u00ed.<\/li>\n<li><strong>Vysokopevnostn\u00fd 1\u2033 hriade\u013e<\/strong>Prevodovka je vybaven\u00e1 <strong>1-palcov\u00fd hriade\u013e<\/strong> vyroben\u00e9 z <strong>vysokopevnostn\u00e1 oce\u013e<\/strong>, navrhnut\u00fd tak, aby zvl\u00e1dol n\u00e1ro\u010dn\u00e9 po\u013enohospod\u00e1rske oper\u00e1cie a poskytuje potrebn\u00fa pevnos\u0165 a spo\u013eahlivos\u0165 na v\u00fdkon v n\u00e1ro\u010dn\u00fdch podmienkach.<\/li>\n<li><strong>Mazanie a testovanie tesnosti<\/strong>Predplnen\u00e9 <strong>Prevodov\u00e9 mazivo 80W90<\/strong>, ka\u017ed\u00e1 prevodovka je d\u00f4kladne <strong>testovan\u00e9 na tesnos\u0165<\/strong> pred odoslan\u00edm, aby sa zabezpe\u010dilo spr\u00e1vne utesnenie a aby sa zaru\u010dilo, \u017ee zariadenie bude fungova\u0165 bez probl\u00e9mov hne\u010f od za\u010diatku.<\/li>\n<li><strong>Hmotnos\u0165<\/strong>S\u00e9ria 200 v\u00e1\u017ei pribli\u017ene <strong>12 a\u017e 15 libier.<\/strong>, vr\u00e1tane oleja, \u010do poskytuje rovnov\u00e1hu medzi pevnos\u0165ou a n\u00edzkou hmotnos\u0165ou s cie\u013eom minimalizova\u0165 za\u0165a\u017eenie po\u013enohospod\u00e1rskych strojov.<\/li>\n<\/ul>\n<p>Prevodovka radu 200 je vysoko v\u0161estrann\u00e9 rie\u0161enie pre po\u013enohospod\u00e1rske stroje, ktor\u00e9 pon\u00faka vynikaj\u00faci prenos v\u00fdkonu, dlhotrvaj\u00facu \u017eivotnos\u0165 a minim\u00e1lne po\u017eiadavky na \u00fadr\u017ebu. \u010ci u\u017e ide o obr\u00e1banie p\u00f4dy, zber \u00farody alebo in\u00e9 po\u013enohospod\u00e1rske aplik\u00e1cie, prevodovka radu 200 zais\u0165uje plynul\u00fa a efekt\u00edvnu prev\u00e1dzku za v\u0161etk\u00fdch podmienok.<\/p>\n<p>Ak m\u00e1te \u0161pecifick\u00e9 po\u017eiadavky alebo potrebujete rie\u0161enie na mieru, spolo\u010dnos\u0165 FMP je pripraven\u00e1 v\u00e1m pom\u00f4c\u0165 s odborn\u00fdm poradenstvom a rie\u0161eniami na mieru. Pom\u00f4\u017eeme v\u00e1m optimalizova\u0165 v\u00fdkon va\u0161ich po\u013enohospod\u00e1rskych strojov pomocou spr\u00e1vnej prevodovky pre va\u0161e potreby.<\/p>\n<h2>O FMP<\/h2>\n<p>Spolo\u010dnos\u0165 FMP so s\u00eddlom v Taliansku je uzn\u00e1van\u00fdm l\u00eddrom v oblasti n\u00e1vrhu, v\u00fdvoja a v\u00fdroby vysokov\u00fdkonn\u00fdch prevodoviek so siln\u00fdm d\u00f4razom na slu\u017eby pre sektor po\u013enohospod\u00e1rskych strojov. Spolo\u010dnos\u0165 FMP, uzn\u00e1van\u00e1 za svoj z\u00e1v\u00e4zok k presn\u00e9mu in\u017einierstvu, inovat\u00edvnym rie\u0161eniam a konzistentnej spo\u013eahlivosti, si vysl\u00fa\u017eila re\u0161pektovan\u00e9 postavenie d\u00f4veryhodn\u00e9ho partnera v po\u013enohospod\u00e1rskom aj priemyselnom sektore. N\u00e1\u0161 rozmanit\u00fd sortiment produktov zah\u0155\u0148a prevodovky na mieru pre kosa\u010dky na tr\u00e1vu, v\u00fdvodov\u00e9 hriadele a \u010fal\u0161ie d\u00f4le\u017eit\u00e9 komponenty, pri\u010dom v\u0161etky s\u00fa starostlivo vyroben\u00e9 tak, aby sp\u013a\u0148ali jedine\u010dn\u00e9 po\u017eiadavky \u0161irokej \u0161k\u00e1ly aplik\u00e1ci\u00ed.<\/p>\n<p>V spolo\u010dnosti FMP ch\u00e1peme, \u017ee ka\u017ed\u00fd klient m\u00e1 odli\u0161n\u00e9 po\u017eiadavky a v\u00fdzvy. To n\u00e1s poh\u00e1\u0148a zameran\u00edm na poskytovanie rie\u0161en\u00ed na mieru, \u010di u\u017e ide o jednotliv\u00e9 komponenty alebo plne integrovan\u00e9 syst\u00e9my. \u00dazkou spolupr\u00e1cou s na\u0161imi klientmi zabezpe\u010dujeme, aby ka\u017ed\u00e9 rie\u0161enie dokonale zodpovedalo ich \u0161pecifick\u00fdm potreb\u00e1m, optimalizovalo v\u00fdkon a maximalizovalo hodnotu. N\u00e1\u0161 z\u00e1v\u00e4zok poskytova\u0165 v\u010dasn\u00e9 reakcie, profesion\u00e1lne poradenstvo a odborn\u00fa realiz\u00e1ciu zaru\u010duje, \u017ee ka\u017ed\u00fd projekt je spracovan\u00fd s presnos\u0165ou a konzistentne dosahuje najlep\u0161ie mo\u017en\u00e9 v\u00fdsledky.<\/p>\n<p>Kladieme ve\u013ek\u00fd d\u00f4raz na jasn\u00fa a priebe\u017en\u00fa komunik\u00e1ciu po\u010das cel\u00e9ho procesu v\u00fdvoja produktu. N\u00e1\u0161 \u0161pecializovan\u00fd t\u00edm \u00fazko spolupracuje s klientmi, aby d\u00f4kladne pochopil ich po\u017eiadavky a pon\u00fakal cenn\u00e9 poznatky a odpor\u00fa\u010dania na dosiahnutie optim\u00e1lnych v\u00fdsledkov. \u010ci u\u017e navrhujeme \u0161pi\u010dkov\u00e9 produkty alebo pln\u00edme be\u017en\u00e9 objedn\u00e1vky, spolo\u010dnos\u0165 FMP zost\u00e1va neochvejn\u00e1 vo svojom z\u00e1v\u00e4zku dod\u00e1va\u0165 vysokokvalitn\u00e9, prec\u00edzne navrhnut\u00e9 rie\u0161enia v\u010das a v\u017edy. Na\u0161\u00edm cie\u013eom je prekona\u0165 o\u010dak\u00e1vania klientov a poskytova\u0165 v\u00fdnimo\u010dn\u00e9 slu\u017eby a v\u00fdsledky pri ka\u017edom projekte, ktor\u00fd realizujeme.<\/p>\n<p>Jadrom spolo\u010dnosti FMP je neochvejn\u00fd z\u00e1v\u00e4zok ku kvalite. Dodr\u017eiavame najvy\u0161\u0161ie priemyseln\u00e9 \u0161tandardy a implementujeme pr\u00edsne procesy kontroly kvality, aby sme zabezpe\u010dili, \u017ee ka\u017ed\u00fd produkt nielen sp\u013a\u0148a, ale aj prekon\u00e1va priemyseln\u00e9 \u0161tandardy. Toto odhodlanie k dokonalosti v kombin\u00e1cii s na\u0161imi z\u00e1kladn\u00fdmi hodnotami, ako s\u00fa integrita, t\u00edmov\u00e1 pr\u00e1ca a vytrvalos\u0165, n\u00e1m umo\u017enilo pestova\u0165 dlhodob\u00e9 vz\u0165ahy zalo\u017een\u00e9 na d\u00f4vere s klientmi v takmer 30 krajin\u00e1ch sveta.<\/p>\n<p>Spolo\u010dnos\u0165 FMP s nad\u0161en\u00edm podporuje glob\u00e1lne partnerstv\u00e1 t\u00fdm, \u017ee pon\u00faka odborn\u00e9 poradenstvo a rie\u0161enia na mieru, ktor\u00e9 sa vyv\u00edjaj\u00fa v s\u00falade s meniacimi sa potrebami na\u0161ich klientov. Na\u0161\u00edm cie\u013eom je budova\u0165 dlhodob\u00e9 a vz\u00e1jomne prospe\u0161n\u00e9 vz\u0165ahy, ktor\u00e9 s\u00fa hnacou silou \u00faspechu ka\u017ed\u00e9ho projektu. \u010ci u\u017e potrebujete inovat\u00edvne rie\u0161enia pre nov\u00fa iniciat\u00edvu alebo priebe\u017en\u00fa podporu pre existuj\u00faci syst\u00e9m, spolo\u010dnos\u0165 FMP sa zaviazala pom\u00f4c\u0165 v\u00e1m prekona\u0165 technick\u00e9 v\u00fdzvy a zabezpe\u010di\u0165 v\u00e1\u0161 trval\u00fd \u00faspech.<\/p>\n<p><img loading=\"lazy\" decoding=\"async\" class=\"alignnone wp-image-2695\" src=\"https:\/\/fmp-components.com\/wp-content\/uploads\/2025\/01\/agricultural-gearbox3.webp\" alt=\"po\u013enohospod\u00e1rska prevodovka\" width=\"1140\" height=\"1138\" title=\"\" srcset=\"https:\/\/fmp-components.com\/wp-content\/uploads\/2025\/01\/agricultural-gearbox3.webp 1140w, https:\/\/fmp-components.com\/wp-content\/uploads\/2025\/01\/agricultural-gearbox3-480x479.webp 480w\" sizes=\"(min-width: 0px) and (max-width: 480px) 480px, (min-width: 481px) 1140px, 100vw\" \/><\/p>\n<p>Autor: CX<\/p>","protected":false},"excerpt":{"rendered":"<p>Rating Chart Drawing for 200 Series Shaft Rotation Alignment For 200 Series 200 Series Gearbox for Agricultural Machinery The 200 Series Gearbox is engineered to meet the demanding needs of agricultural machinery, offering robust performance, enhanced durability, and excellent efficiency. Built for a range of agricultural applications, this gearbox combines precision engineering with high-quality materials [&hellip;]<\/p>","protected":false},"featured_media":3244,"comment_status":"open","ping_status":"closed","template":"","meta":{"_et_pb_use_builder":"","_et_pb_old_content":"","_et_gb_content_width":""},"product_brand":[],"product_cat":[78],"product_tag":[],"class_list":{"0":"post-3241","1":"product","2":"type-product","3":"status-publish","4":"has-post-thumbnail","6":"product_cat-gearbox-for-agricultural-machinery","8":"first","9":"instock","10":"shipping-taxable","11":"product-type-simple"},"_links":{"self":[{"href":"https:\/\/fmp-components.com\/sk\/wp-json\/wp\/v2\/product\/3241","targetHints":{"allow":["GET"]}}],"collection":[{"href":"https:\/\/fmp-components.com\/sk\/wp-json\/wp\/v2\/product"}],"about":[{"href":"https:\/\/fmp-components.com\/sk\/wp-json\/wp\/v2\/types\/product"}],"replies":[{"embeddable":true,"href":"https:\/\/fmp-components.com\/sk\/wp-json\/wp\/v2\/comments?post=3241"}],"wp:featuredmedia":[{"embeddable":true,"href":"https:\/\/fmp-components.com\/sk\/wp-json\/wp\/v2\/media\/3244"}],"wp:attachment":[{"href":"https:\/\/fmp-components.com\/sk\/wp-json\/wp\/v2\/media?parent=3241"}],"wp:term":[{"taxonomy":"product_brand","embeddable":true,"href":"https:\/\/fmp-components.com\/sk\/wp-json\/wp\/v2\/product_brand?post=3241"},{"taxonomy":"product_cat","embeddable":true,"href":"https:\/\/fmp-components.com\/sk\/wp-json\/wp\/v2\/product_cat?post=3241"},{"taxonomy":"product_tag","embeddable":true,"href":"https:\/\/fmp-components.com\/sk\/wp-json\/wp\/v2\/product_tag?post=3241"}],"curies":[{"name":"pracovn\u00fd list","href":"https:\/\/api.w.org\/{rel}","templated":true}]}}