{"id":3232,"date":"2025-01-05T08:05:23","date_gmt":"2025-01-05T08:05:23","guid":{"rendered":"https:\/\/fmp-components.com\/?page_id=8"},"modified":"2025-01-05T08:05:23","modified_gmt":"2025-01-05T08:05:23","slug":"gearbox-for-agricultural-machinery-h130-series","status":"publish","type":"product","link":"https:\/\/fmp-components.com\/sk\/product\/gearbox-for-agricultural-machinery-h130-series\/","title":{"rendered":"Prevodovka pre po\u013enohospod\u00e1rske stroje s\u00e9rie H130"},"content":{"rendered":"<h3>Technick\u00e9 kreslenie<\/h3>\n<p><img loading=\"lazy\" decoding=\"async\" class=\"alignnone size-full wp-image-3233\" src=\"https:\/\/fmp-components.com\/wp-content\/uploads\/2025\/01\/H130-Spec.webp\" alt=\"\u0160pecifik\u00e1cia H130\" width=\"1024\" height=\"446\" title=\"\" srcset=\"https:\/\/fmp-components.com\/wp-content\/uploads\/2025\/01\/H130-Spec.webp 1024w, https:\/\/fmp-components.com\/wp-content\/uploads\/2025\/01\/H130-Spec-980x427.webp 980w, https:\/\/fmp-components.com\/wp-content\/uploads\/2025\/01\/H130-Spec-480x209.webp 480w\" sizes=\"(min-width: 0px) and (max-width: 480px) 480px, (min-width: 481px) and (max-width: 980px) 980px, (min-width: 981px) 1024px, 100vw\" \/><\/p>\n<h2>Mo\u017enos\u0165 rot\u00e1cie <img loading=\"lazy\" decoding=\"async\" class=\"alignnone size-full wp-image-3234\" src=\"https:\/\/fmp-components.com\/wp-content\/uploads\/2025\/01\/H130-Rotation-Option.webp\" alt=\"H130-Mo\u017enos\u0165 rot\u00e1cie\" width=\"1024\" height=\"269\" title=\"\" srcset=\"https:\/\/fmp-components.com\/wp-content\/uploads\/2025\/01\/H130-Rotation-Option.webp 1024w, https:\/\/fmp-components.com\/wp-content\/uploads\/2025\/01\/H130-Rotation-Option-980x257.webp 980w, https:\/\/fmp-components.com\/wp-content\/uploads\/2025\/01\/H130-Rotation-Option-480x126.webp 480w\" sizes=\"(min-width: 0px) and (max-width: 480px) 480px, (min-width: 481px) and (max-width: 980px) 980px, (min-width: 981px) 1024px, 100vw\" \/><\/h2>\n<h3>Vlastnosti po\u013enohospod\u00e1rskej prevodovky s\u00e9rie H130<\/h3>\n<p>Po\u013enohospod\u00e1rska prevodovka s\u00e9rie H130 je pr\u00e9miov\u00e9 rie\u0161enie ur\u010den\u00e9 pre aplik\u00e1cie v po\u013enohospod\u00e1rskych strojoch a pon\u00faka kombin\u00e1ciu robustn\u00e9ho v\u00fdkonu, odolnosti a \u00fa\u010dinnosti. Ni\u017e\u0161ie s\u00fa uveden\u00e9 hlavn\u00e9 vlastnosti tejto vysokov\u00fdkonnej prevodovky:<\/p>\n<ul>\n<li><strong>Dvojdielne hlin\u00edkov\u00e9 puzdro<\/strong>S\u00e9ria H130 je vyroben\u00e1 z dvojdielneho hlin\u00edkov\u00e9ho krytu, ktor\u00fd poskytuje v\u00fdnimo\u010dn\u00fa pevnos\u0165 a z\u00e1rove\u0148 zais\u0165uje \u013eahk\u00fa kon\u0161trukciu. T\u00e1to kon\u0161trukcia nielen\u017ee zlep\u0161uje celkov\u00fa \u0161truktur\u00e1lnu integritu prevodovky, ale pon\u00faka aj vynikaj\u00facu odolnos\u0165 proti kor\u00f3zii, v\u010faka \u010domu je ide\u00e1lna pre n\u00e1ro\u010dn\u00e9 po\u013enohospod\u00e1rske prostredie. Hlin\u00edkov\u00fd kryt navy\u0161e pom\u00e1ha s odvodom tepla a zabra\u0148uje prehrievaniu po\u010das dlhodob\u00e9ho pou\u017e\u00edvania.<\/li>\n<li><strong>Presn\u00e9 obr\u00e1banie pre optim\u00e1lny v\u00fdkon<\/strong>Prevodovka je prec\u00edzne opracovan\u00e1, aby sa zabezpe\u010dil presn\u00fd z\u00e1ber ozuben\u00fdch kolies a spr\u00e1vne predp\u00e4tie lo\u017e\u00edsk. Tento prec\u00edzny v\u00fdrobn\u00fd proces minimalizuje opotrebenie a trenie, \u010do vedie k plynulej\u0161iemu chodu a zlep\u0161enej \u00fa\u010dinnosti prenosu v\u00fdkonu v priebehu \u010dasu. Pr\u00edsne tolerancie pom\u00e1haj\u00fa udr\u017eiava\u0165 v\u00fdkon prevodovky aj v n\u00e1ro\u010dn\u00fdch po\u013enohospod\u00e1rskych podmienkach.<\/li>\n<li><strong>Presne kovan\u00e9 ozuben\u00e9 koles\u00e1 s prevodov\u00fdm pomerom 1,61:1<\/strong>Ozuben\u00e9 koles\u00e1 v prevodovke s\u00e9rie H130 s\u00fa presne kovan\u00e9, \u010do poskytuje v\u00fdnimo\u010dn\u00fa pevnos\u0165 a spo\u013eahlivos\u0165. Tieto vysoko kvalitn\u00e9 ozuben\u00e9 koles\u00e1 pon\u00fakaj\u00fa prevodov\u00fd pomer 1,61:1, \u010d\u00edm dosahuj\u00fa rovnov\u00e1hu medzi r\u00fdchlos\u0165ou a kr\u00fatiacim momentom a zabezpe\u010duj\u00fa optim\u00e1lny v\u00fdkon pre r\u00f4zne po\u013enohospod\u00e1rske \u00falohy, ako je pohon rota\u010dn\u00fdch n\u00e1strojov, pluhov alebo in\u00fdch \u0165a\u017ek\u00fdch zariaden\u00ed.<\/li>\n<li><strong>Ku\u017eel\u00edkov\u00e9 lo\u017eisk\u00e1 pre zv\u00fd\u0161en\u00fa odolnos\u0165<\/strong>Pou\u017eitie ku\u017eel\u00edkov\u00fdch lo\u017e\u00edsk zvy\u0161uje nosnos\u0165 a predl\u017euje \u017eivotnos\u0165 lo\u017eiska, a to aj pri vysokom nam\u00e1han\u00ed a n\u00e1ro\u010dn\u00fdch aplik\u00e1ci\u00e1ch. Tieto lo\u017eisk\u00e1 poskytuj\u00fa vynikaj\u00facu oporu, \u010d\u00edm zni\u017euj\u00fa riziko poruchy a zabezpe\u010duj\u00fa dlh\u0161iu efekt\u00edvnu prev\u00e1dzku prevodovky, \u010d\u00edm sa zni\u017euj\u00fa n\u00e1klady na \u00fadr\u017ebu a prestoje.<\/li>\n<li><strong>Vysokopevnostn\u00e9 oce\u013eov\u00e9 hriadele<\/strong>S\u00e9ria H130 je \u0161tandardne vybaven\u00e1 hriade\u013emi s priemerom 1,375 palca vyroben\u00fdmi z vysokopevnostnej ocele. Tieto oce\u013eov\u00e9 hriadele s\u00fa navrhnut\u00e9 tak, aby odolali n\u00e1ro\u010dn\u00e9mu kr\u00fatiacemu momentu a prev\u00e1dzkov\u00e9mu nam\u00e1haniu, ktor\u00e9 sa vyskytuje v po\u013enohospod\u00e1rskych strojoch, a zabezpe\u010duj\u00fa tak maxim\u00e1lnu spo\u013eahlivos\u0165 a dlh\u00fa \u017eivotnos\u0165 v n\u00e1ro\u010dn\u00fdch podmienkach.<\/li>\n<li><strong>Pripraven\u00e9 na servis s prevodov\u00fdm mazivom 80W90<\/strong>Pre zabezpe\u010denie bezprobl\u00e9movej prev\u00e1dzky od prv\u00e9ho d\u0148a sa prevodovka radu H130 pou\u017e\u00edva s prevodov\u00fdm mazivom 80W90. Ka\u017ed\u00e1 jednotka prech\u00e1dza pr\u00edsnym testovan\u00edm vr\u00e1tane z\u00e1behov\u00e9ho procesu a testovania tesnosti, aby sa zabezpe\u010dilo, \u017ee nedoch\u00e1dza k \u017eiadnym chyb\u00e1m a \u017ee prevodovka je pripraven\u00e1 na okam\u017eit\u00e9 pou\u017eitie po odoslan\u00ed.<\/li>\n<li><strong>\u013dahk\u00fd a kompaktn\u00fd dizajn<\/strong>Napriek svojmu vysok\u00e9mu v\u00fdkonu je s\u00e9ria H130 navrhnut\u00e1 tak, aby bola kompaktn\u00e1 a \u013eahk\u00e1, s hmotnos\u0165ou iba 16 \u2013 18 kg vr\u00e1tane 760 ml maziva. V\u010faka tomu sa s \u0148ou \u013eahko manipuluje a in\u0161taluje do r\u00f4znych konfigur\u00e1ci\u00ed po\u013enohospod\u00e1rskych strojov a pon\u00faka pevnos\u0165 aj man\u00e9vrovate\u013enos\u0165.<\/li>\n<\/ul>\n<p>Celkovo po\u013enohospod\u00e1rska prevodovka s\u00e9rie H130 kombinuje pokro\u010dil\u00e9 in\u017einierstvo, odoln\u00e9 materi\u00e1ly a presn\u00fa v\u00fdrobu, aby poskytla spo\u013eahliv\u00e9 a vysoko v\u00fdkonn\u00e9 rie\u0161enie pre \u0161irok\u00fa \u0161k\u00e1lu po\u013enohospod\u00e1rskych aplik\u00e1ci\u00ed. Poskytuje v\u00fdnimo\u010dn\u00fa hodnotu v\u010faka svojej dlhotrvaj\u00facej odolnosti, jednoduchej \u00fadr\u017ebe a efekt\u00edvnej prev\u00e1dzke.<\/p>\n<h2>O FMP<\/h2>\n<p>Spolo\u010dnos\u0165 FMP so s\u00eddlom v Taliansku je popredn\u00fdm v\u00fdrobcom zn\u00e1mym svojimi odborn\u00fdmi znalos\u0165ami v oblasti navrhovania, v\u00fdvoja a v\u00fdroby vysokov\u00fdkonn\u00fdch prevodoviek so zameran\u00edm na sektor po\u013enohospod\u00e1rskych strojov. V\u010faka reput\u00e1cii v oblasti presn\u00e9ho in\u017einierstva, inovat\u00edvnych rie\u0161en\u00ed a neochvejnej spo\u013eahlivosti sa spolo\u010dnos\u0165 FMP stala d\u00f4veryhodn\u00fdm partnerom pre r\u00f4zne odvetvia, od po\u013enohospod\u00e1rstva a\u017e po \u010fal\u0161ie. Na\u0161e komplexn\u00e9 produktov\u00e9 portf\u00f3lio zah\u0155\u0148a prevodovky na mieru pre kosa\u010dky na tr\u00e1vu, v\u00fdvodov\u00e9 hriadele a cel\u00fd rad z\u00e1kladn\u00fdch komponentov, pri\u010dom ka\u017ed\u00fd z nich je prisp\u00f4soben\u00fd jedine\u010dn\u00fdm po\u017eiadavk\u00e1m r\u00f4znych aplik\u00e1ci\u00ed.<\/p>\n<p>V spolo\u010dnosti FMP si uvedomujeme, \u017ee ka\u017ed\u00fd klient \u010del\u00ed \u0161pecifick\u00fdm v\u00fdzvam a po\u017eiadavk\u00e1m. Tento poznatok je hnacou silou n\u00e1\u0161ho z\u00e1v\u00e4zku poskytova\u0165 personalizovan\u00e9 a vysoko efekt\u00edvne rie\u0161enia \u2013 \u010di u\u017e ide o jednotliv\u00e9 komponenty alebo plne integrovan\u00e9 syst\u00e9my. \u00dazkou spolupr\u00e1cou s na\u0161imi klientmi zabezpe\u010dujeme, aby ka\u017ed\u00e9 rie\u0161enie nielen sp\u013a\u0148alo ich presn\u00e9 potreby, ale aj maximalizovalo prev\u00e1dzkov\u00fd v\u00fdkon a hodnotu. Sme hrd\u00ed na na\u0161u schopnos\u0165 reagova\u0165 r\u00fdchlo, profesion\u00e1lne a s odborn\u00fdm veden\u00edm, \u010d\u00edm zaru\u010dujeme, \u017ee ka\u017ed\u00e1 ot\u00e1zka bude rie\u0161en\u00e1 s d\u00f4razom na detail, \u010do vedie k najlep\u0161\u00edm mo\u017en\u00fdm v\u00fdsledkom.<\/p>\n<p>N\u00e1\u0161 pr\u00edstup je zalo\u017een\u00fd na jasnej a nepretr\u017eitej komunik\u00e1cii po\u010das cel\u00e9ho cyklu v\u00fdvoja produktu. N\u00e1\u0161 t\u00edm spolupracuje priamo s klientmi, aby d\u00f4kladne pochopil ich po\u017eiadavky a poskytol im cenn\u00e9 poznatky a odpor\u00fa\u010dania, ktor\u00e9 zabezpe\u010dia optim\u00e1lne v\u00fdsledky. \u010ci u\u017e navrhujeme inovat\u00edvne nov\u00e9 produkty alebo pln\u00edme be\u017en\u00e9 objedn\u00e1vky, spolo\u010dnos\u0165 FMP je odhodlan\u00e1 poskytova\u0165 vysokokvalitn\u00e9, prec\u00edzne skon\u0161truovan\u00e9 rie\u0161enia \u2013 v\u017edy v\u010das. Na\u0161\u00edm poslan\u00edm je neust\u00e1le prekon\u00e1va\u0165 o\u010dak\u00e1vania klientov a poskytova\u0165 vynikaj\u00face slu\u017eby a v\u00fdsledky pri ka\u017edom projekte.<\/p>\n<p>V spolo\u010dnosti FMP nie je kvalita len cie\u013eom; je z\u00e1kladom v\u0161etk\u00e9ho, \u010do rob\u00edme. Dodr\u017eiavame najvy\u0161\u0161ie v\u00fdrobn\u00e9 \u0161tandardy a v ka\u017edej f\u00e1ze v\u00fdrobn\u00e9ho procesu implementujeme pr\u00edsne opatrenia na kontrolu kvality, aby sme zabezpe\u010dili, \u017ee ka\u017ed\u00fd produkt nielen sp\u013a\u0148a, ale \u010dasto aj prekon\u00e1va priemyseln\u00e9 \u0161tandardy. Na\u0161e odhodlanie k dokonalosti spolu s na\u0161imi z\u00e1kladn\u00fdmi hodnotami integrity, t\u00edmovej pr\u00e1ce a vytrvalosti n\u00e1m umo\u017enilo vybudova\u0165 si trval\u00e9 vz\u0165ahy zalo\u017een\u00e9 na d\u00f4vere s klientmi v takmer 30 krajin\u00e1ch sveta.<\/p>\n<p>Zaviazali sme sa k podpore dlhodob\u00fdch glob\u00e1lnych partnerstiev t\u00fdm, \u017ee pon\u00fakame odborn\u00e9 poradenstvo a rie\u0161enia na mieru, ktor\u00e9 rie\u0161ia meniace sa potreby na\u0161ich klientov. Ver\u00edme v pestovanie vz\u00e1jomne prospe\u0161n\u00fdch vz\u0165ahov, ktor\u00e9 prispievaj\u00fa k \u00faspechu ka\u017ed\u00e9ho projektu. \u010ci u\u017e h\u013ead\u00e1te inovat\u00edvne rie\u0161enia pre nov\u00fa iniciat\u00edvu alebo potrebujete neust\u00e1lu podporu pre existuj\u00faci syst\u00e9m, FMP je tu, aby v\u00e1m pomohla prekona\u0165 technick\u00e9 v\u00fdzvy a zabezpe\u010di\u0165 v\u00e1\u0161 trval\u00fd \u00faspech.<\/p>\n<p><img loading=\"lazy\" decoding=\"async\" class=\"alignnone wp-image-2695\" src=\"https:\/\/fmp-components.com\/wp-content\/uploads\/2025\/01\/agricultural-gearbox3.webp\" alt=\"po\u013enohospod\u00e1rska prevodovka\" width=\"1140\" height=\"1138\" title=\"\" srcset=\"https:\/\/fmp-components.com\/wp-content\/uploads\/2025\/01\/agricultural-gearbox3.webp 1140w, https:\/\/fmp-components.com\/wp-content\/uploads\/2025\/01\/agricultural-gearbox3-480x479.webp 480w\" sizes=\"(min-width: 0px) and (max-width: 480px) 480px, (min-width: 481px) 1140px, 100vw\" \/><\/p>\n<p>Autor: CX<\/p>","protected":false},"excerpt":{"rendered":"<p>Technical Drawing Rotation Option Features of H130 Series Agricultural Gearbox The H130 Series Agricultural Gearbox is a premium solution designed for agricultural machinery applications, offering a combination of robust performance, durability, and efficiency. Below are the standout features of this high-performance gearbox: Two-Piece Aluminum Housing: The H130 Series is built with a two-piece aluminum housing, [&hellip;]<\/p>","protected":false},"featured_media":3235,"comment_status":"open","ping_status":"closed","template":"","meta":{"_et_pb_use_builder":"","_et_pb_old_content":"","_et_gb_content_width":""},"product_brand":[],"product_cat":[78],"product_tag":[],"class_list":{"0":"post-3232","1":"product","2":"type-product","3":"status-publish","4":"has-post-thumbnail","6":"product_cat-gearbox-for-agricultural-machinery","8":"first","9":"instock","10":"shipping-taxable","11":"product-type-simple"},"_links":{"self":[{"href":"https:\/\/fmp-components.com\/sk\/wp-json\/wp\/v2\/product\/3232","targetHints":{"allow":["GET"]}}],"collection":[{"href":"https:\/\/fmp-components.com\/sk\/wp-json\/wp\/v2\/product"}],"about":[{"href":"https:\/\/fmp-components.com\/sk\/wp-json\/wp\/v2\/types\/product"}],"replies":[{"embeddable":true,"href":"https:\/\/fmp-components.com\/sk\/wp-json\/wp\/v2\/comments?post=3232"}],"wp:featuredmedia":[{"embeddable":true,"href":"https:\/\/fmp-components.com\/sk\/wp-json\/wp\/v2\/media\/3235"}],"wp:attachment":[{"href":"https:\/\/fmp-components.com\/sk\/wp-json\/wp\/v2\/media?parent=3232"}],"wp:term":[{"taxonomy":"product_brand","embeddable":true,"href":"https:\/\/fmp-components.com\/sk\/wp-json\/wp\/v2\/product_brand?post=3232"},{"taxonomy":"product_cat","embeddable":true,"href":"https:\/\/fmp-components.com\/sk\/wp-json\/wp\/v2\/product_cat?post=3232"},{"taxonomy":"product_tag","embeddable":true,"href":"https:\/\/fmp-components.com\/sk\/wp-json\/wp\/v2\/product_tag?post=3232"}],"curies":[{"name":"pracovn\u00fd list","href":"https:\/\/api.w.org\/{rel}","templated":true}]}}