{"id":323,"date":"2024-12-09T06:38:13","date_gmt":"2024-12-09T06:38:13","guid":{"rendered":"https:\/\/fmp-components.com\/?page_id=8"},"modified":"2024-12-09T06:51:12","modified_gmt":"2024-12-09T06:51:12","slug":"forklift-short-lifting-hydraulic-cylinder","status":"publish","type":"product","link":"https:\/\/fmp-components.com\/sk\/product\/forklift-short-lifting-hydraulic-cylinder\/","title":{"rendered":"Hydraulick\u00fd valec pre kr\u00e1tke zdv\u00edhanie vysokozdvi\u017en\u00e9ho voz\u00edka"},"content":{"rendered":"<p style=\"text-align: center;\"><span style=\"font-size: 18pt;\">Hydraulick\u00fd valec pre kr\u00e1tke zdv\u00edhanie vysokozdvi\u017en\u00e9ho voz\u00edka<\/span><\/p>\n<p><img loading=\"lazy\" decoding=\"async\" class=\"size-full wp-image-331 aligncenter\" src=\"https:\/\/fmp-components.com\/wp-content\/uploads\/2024\/12\/Forklift-Short-Lifting-Hydraulic-Cylinder.webp\" alt=\"Hydraulick\u00fd valec pre kr\u00e1tke zdv\u00edhanie vysokozdvi\u017en\u00e9ho voz\u00edka\" width=\"500\" height=\"500\" title=\"\" srcset=\"https:\/\/fmp-components.com\/wp-content\/uploads\/2024\/12\/Forklift-Short-Lifting-Hydraulic-Cylinder.webp 500w, https:\/\/fmp-components.com\/wp-content\/uploads\/2024\/12\/Forklift-Short-Lifting-Hydraulic-Cylinder-480x480.webp 480w\" sizes=\"(min-width: 0px) and (max-width: 480px) 480px, (min-width: 481px) 500px, 100vw\" \/><\/p>\n<p>&nbsp;<\/p>\n<h2>\u010casti hydraulick\u00e9ho valca pre kr\u00e1tke zdv\u00edhanie vysokozdvi\u017en\u00e9ho voz\u00edka:<\/h2>\n<p><img loading=\"lazy\" decoding=\"async\" class=\"alignnone size-full wp-image-328\" src=\"https:\/\/fmp-components.com\/wp-content\/uploads\/2024\/12\/Forklift-Short-Lifting-Hydraulic-Cylinder-Parts.webp\" alt=\"Diely hydraulick\u00fdch valcov pre kr\u00e1tkozdv\u00edhacie vysokozdvi\u017en\u00e9 voz\u00edky\" width=\"1024\" height=\"593\" title=\"\" srcset=\"https:\/\/fmp-components.com\/wp-content\/uploads\/2024\/12\/Forklift-Short-Lifting-Hydraulic-Cylinder-Parts.webp 1024w, https:\/\/fmp-components.com\/wp-content\/uploads\/2024\/12\/Forklift-Short-Lifting-Hydraulic-Cylinder-Parts-980x568.webp 980w, https:\/\/fmp-components.com\/wp-content\/uploads\/2024\/12\/Forklift-Short-Lifting-Hydraulic-Cylinder-Parts-480x278.webp 480w\" sizes=\"(min-width: 0px) and (max-width: 480px) 480px, (min-width: 481px) and (max-width: 980px) 980px, (min-width: 981px) 1024px, 100vw\" \/><\/p>\n<table style=\"width: 100%; height: 253px;\" border=\"1\" width=\"100%\" cellspacing=\"0\" cellpadding=\"0\">\n<tbody>\n<tr style=\"height: 47px;\">\n<td style=\"height: 31px;\">\n<div class=\"magic-27\" data-spm-anchor-id=\"a2700.details.0.i24.71f03c42bHjEJ9\">1<\/div>\n<\/td>\n<td style=\"height: 31px;\">\n<div class=\"magic-28\">Zostava telesa valca<\/div>\n<\/td>\n<td style=\"height: 31px;\">\n<div class=\"magic-29\">11<\/div>\n<\/td>\n<td style=\"height: 31px;\">\n<div class=\"magic-30\">Sedlo ozuben\u00e9ho kolesa<\/div>\n<\/td>\n<td style=\"height: 31px;\">\n<div class=\"magic-29\">21<\/div>\n<\/td>\n<td style=\"height: 31px;\">\n<div class=\"magic-31\">O-kr\u00fa\u017eok<\/div>\n<\/td>\n<\/tr>\n<tr style=\"height: 47px;\">\n<td style=\"height: 32px;\">\n<div class=\"magic-27\">2<\/div>\n<\/td>\n<td style=\"height: 32px;\">\n<div class=\"magic-28\">Piest<\/div>\n<\/td>\n<td style=\"height: 32px;\">\n<div class=\"magic-29\">12<\/div>\n<\/td>\n<td style=\"height: 32px;\">\n<div class=\"magic-30\">Kryt ozuben\u00e9ho kolesa<\/div>\n<\/td>\n<td style=\"height: 32px;\">\n<div class=\"magic-29\">22<\/div>\n<\/td>\n<td style=\"height: 32px;\">\n<div class=\"magic-31\">Maznica<\/div>\n<\/td>\n<\/tr>\n<tr style=\"height: 47px;\">\n<td style=\"height: 29px;\">\n<div class=\"magic-27\">3<\/div>\n<\/td>\n<td style=\"height: 29px;\">\n<div class=\"magic-28\">Olejov\u00e9 potrubie<\/div>\n<\/td>\n<td style=\"height: 29px;\">\n<div class=\"magic-29\">13<\/div>\n<\/td>\n<td style=\"height: 29px;\">\n<div class=\"magic-30\">Pru\u017einov\u00e9 podlo\u017eky<\/div>\n<\/td>\n<td style=\"height: 29px;\">\n<div class=\"magic-29\">23<\/div>\n<\/td>\n<td style=\"height: 29px;\">\n<div class=\"magic-31\">O-kr\u00fa\u017eok<\/div>\n<\/td>\n<\/tr>\n<tr style=\"height: 23px;\">\n<td style=\"height: 23px;\">\n<div class=\"magic-27\">4<\/div>\n<\/td>\n<td style=\"height: 23px;\">\n<div class=\"magic-28\">Sp\u00e4tn\u00fd ventil<\/div>\n<\/td>\n<td style=\"height: 23px;\">\n<div class=\"magic-29\">14<\/div>\n<\/td>\n<td style=\"height: 23px;\">\n<div class=\"magic-30\">\u0160es\u0165hrann\u00e1 skrutka<\/div>\n<\/td>\n<td style=\"height: 23px;\">\n<div class=\"magic-29\">24<\/div>\n<\/td>\n<td style=\"height: 23px;\">\n<div class=\"magic-31\">pr\u00e1\u010dka<\/div>\n<\/td>\n<\/tr>\n<tr style=\"height: 23px;\">\n<td style=\"height: 23px;\">\n<div class=\"magic-27\">5<\/div>\n<\/td>\n<td style=\"height: 23px;\">\n<div class=\"magic-28\">Poistn\u00e9 kr\u00fa\u017eky pre otvor<\/div>\n<\/td>\n<td style=\"height: 23px;\">\n<div class=\"magic-29\">15<\/div>\n<\/td>\n<td style=\"height: 23px;\">\n<div class=\"magic-30\">Du Bush<\/div>\n<\/td>\n<td style=\"height: 23px;\">\n<div class=\"magic-29\">25<\/div>\n<\/td>\n<td style=\"height: 23px;\">\n<div class=\"magic-31\">Skrutky<\/div>\n<\/td>\n<\/tr>\n<tr style=\"height: 23px;\">\n<td style=\"height: 23px;\">\n<div class=\"magic-27\">6<\/div>\n<\/td>\n<td style=\"height: 23px;\">\n<div class=\"magic-28\">O-kr\u00fa\u017eok<\/div>\n<\/td>\n<td style=\"height: 23px;\">\n<div class=\"magic-29\">16<\/div>\n<\/td>\n<td style=\"height: 23px;\">\n<div class=\"magic-30\">Zadn\u00fd kr\u00fa\u017eok<\/div>\n<\/td>\n<td style=\"height: 23px;\">\n<div class=\"magic-29\">26<\/div>\n<\/td>\n<td style=\"height: 23px;\">\n<div class=\"magic-31\">Piestna ty\u010d<\/div>\n<\/td>\n<\/tr>\n<tr style=\"height: 23px;\">\n<td style=\"height: 23px;\">\n<div class=\"magic-27\">7<\/div>\n<\/td>\n<td style=\"height: 23px;\">\n<div class=\"magic-28\">Opotrebite\u013en\u00fd kr\u00fa\u017eok<\/div>\n<\/td>\n<td style=\"height: 23px;\">\n<div class=\"magic-29\">17<\/div>\n<\/td>\n<td style=\"height: 23px;\">\n<div class=\"magic-30\">Tesnenie ty\u010de<\/div>\n<\/td>\n<td style=\"height: 23px;\">\n<div class=\"magic-29\">27<\/div>\n<\/td>\n<td style=\"height: 23px;\">\n<div class=\"magic-31\">Z\u00e1str\u010dka<\/div>\n<\/td>\n<\/tr>\n<tr style=\"height: 23px;\">\n<td style=\"height: 23px;\">\n<div class=\"magic-27\">8<\/div>\n<\/td>\n<td style=\"height: 23px;\">\n<div class=\"magic-28\">Tesnenie otvoru<\/div>\n<\/td>\n<td style=\"height: 23px;\">\n<div class=\"magic-29\">18<\/div>\n<\/td>\n<td style=\"height: 23px;\">\n<div class=\"magic-30\">Stiera\u010d prachu<\/div>\n<\/td>\n<td style=\"height: 23px;\"><\/td>\n<td style=\"height: 23px;\"><\/td>\n<\/tr>\n<tr style=\"height: 23px;\">\n<td style=\"height: 23px;\">\n<div class=\"magic-27\">9<\/div>\n<\/td>\n<td style=\"height: 23px;\">\n<div class=\"magic-28\">Okr\u00fahly dr\u00f4t<\/div>\n<\/td>\n<td style=\"height: 23px;\">\n<div class=\"magic-29\">19<\/div>\n<\/td>\n<td style=\"height: 23px;\">\n<div class=\"magic-30\">Zadn\u00fd kr\u00fa\u017eok<\/div>\n<\/td>\n<td style=\"height: 23px;\"><\/td>\n<td style=\"height: 23px;\"><\/td>\n<\/tr>\n<tr style=\"height: 23px;\">\n<td style=\"height: 23px;\">\n<div class=\"magic-27\">10<\/div>\n<\/td>\n<td style=\"height: 23px;\">\n<div class=\"magic-28\">Vodiaci puzdro<\/div>\n<\/td>\n<td style=\"height: 23px;\">\n<div class=\"magic-29\">20<\/div>\n<\/td>\n<td style=\"height: 23px;\">\n<div class=\"magic-30\">O-kr\u00fa\u017eok<\/div>\n<\/td>\n<td style=\"height: 23px;\"><\/td>\n<td style=\"height: 23px;\"><\/td>\n<\/tr>\n<\/tbody>\n<\/table>\n<h2><strong>Rozmery hydraulick\u00e9ho valca pre kr\u00e1tke zdv\u00edhanie vysokozdvi\u017en\u00e9ho voz\u00edka:<\/strong><\/h2>\n<table>\n<tbody>\n<tr>\n<td><img loading=\"lazy\" decoding=\"async\" class=\"alignnone size-full wp-image-324\" src=\"https:\/\/fmp-components.com\/wp-content\/uploads\/2024\/12\/Forklift-Short-Lifting-Hydraulic-Cylinder-Dimensions-1.webp\" alt=\"Rozmery hydraulick\u00e9ho valca pre kr\u00e1tke zdv\u00edhanie vysokozdvi\u017en\u00e9ho voz\u00edka\" width=\"681\" height=\"281\" title=\"\" srcset=\"https:\/\/fmp-components.com\/wp-content\/uploads\/2024\/12\/Forklift-Short-Lifting-Hydraulic-Cylinder-Dimensions-1.webp 681w, https:\/\/fmp-components.com\/wp-content\/uploads\/2024\/12\/Forklift-Short-Lifting-Hydraulic-Cylinder-Dimensions-1-480x198.webp 480w\" sizes=\"(min-width: 0px) and (max-width: 480px) 480px, (min-width: 481px) 681px, 100vw\" \/><\/td>\n<td><img loading=\"lazy\" decoding=\"async\" class=\"alignnone size-full wp-image-325\" src=\"https:\/\/fmp-components.com\/wp-content\/uploads\/2024\/12\/Forklift-Short-Lifting-Hydraulic-Cylinder-Dimensions-2.webp\" alt=\"Rozmery hydraulick\u00e9ho valca pre kr\u00e1tke zdv\u00edhanie vysokozdvi\u017en\u00e9ho voz\u00edka\" width=\"681\" height=\"281\" title=\"\" srcset=\"https:\/\/fmp-components.com\/wp-content\/uploads\/2024\/12\/Forklift-Short-Lifting-Hydraulic-Cylinder-Dimensions-2.webp 681w, https:\/\/fmp-components.com\/wp-content\/uploads\/2024\/12\/Forklift-Short-Lifting-Hydraulic-Cylinder-Dimensions-2-480x198.webp 480w\" sizes=\"(min-width: 0px) and (max-width: 480px) 480px, (min-width: 481px) 681px, 100vw\" \/><\/td>\n<\/tr>\n<\/tbody>\n<\/table>\n<table border=\"1\" cellspacing=\"0\" cellpadding=\"0\">\n<tbody>\n<tr>\n<td width=\"246\">N\u00e1zov valca<\/td>\n<td width=\"336\">\u010c\u00edslo v\u00fdkresu<\/td>\n<td width=\"126\">Priemer otvoru (D)<\/td>\n<td width=\"123\">Priemer ty\u010de (d)<\/td>\n<td width=\"114\">Zdvih (S)<\/td>\n<td width=\"170\">In\u0161tala\u010dn\u00e1 vzdialenos\u0165 (L)<\/td>\n<td width=\"172\">Pracovn\u00fd tlak<\/td>\n<td width=\"366\">Rozmery rozhrania (M)<\/td>\n<td width=\"96\">Hmotnos\u0165<\/td>\n<\/tr>\n<tr>\n<td class=\"et3\" width=\"246\" height=\"225\">Kr\u00e1tky zdv\u00edhac\u00ed valec<\/td>\n<td class=\"et4\" width=\"336\">RC25N480-800000-000A<\/td>\n<td class=\"et4\" width=\"126\">\u03a675<\/td>\n<td class=\"et4\" width=\"123\">\u03a660<\/td>\n<td class=\"et4\" width=\"114\">800<\/td>\n<td class=\"et4\" width=\"170\">1065<\/td>\n<td class=\"et4\" width=\"172\">18,1 MPa<\/td>\n<td class=\"et4\" width=\"366\">M22*1,5<\/td>\n<td class=\"et4\" width=\"96\">36 kg<\/td>\n<\/tr>\n<tr>\n<td class=\"et3\" width=\"246\" height=\"225\">Kr\u00e1tky zdv\u00edhac\u00ed valec<\/td>\n<td class=\"et4\">X35N480-800000-001A<\/td>\n<td class=\"et4\">\u03a695<\/td>\n<td class=\"et4\">\u03a680<\/td>\n<td class=\"et4\">800<\/td>\n<td class=\"et4\">1065<\/td>\n<td class=\"et4\">18,1 MPa<\/td>\n<td class=\"et4\">M22*1,5<\/td>\n<td class=\"et4\">48,7 kg<\/td>\n<\/tr>\n<\/tbody>\n<\/table>\n<table>\n<tbody>\n<tr>\n<td><img loading=\"lazy\" decoding=\"async\" class=\"alignnone size-full wp-image-326\" src=\"https:\/\/fmp-components.com\/wp-content\/uploads\/2024\/12\/Forklift-Short-Lifting-Hydraulic-Cylinder-Dimensions-3.webp\" alt=\"Rozmery hydraulick\u00e9ho valca pre kr\u00e1tke zdv\u00edhanie vysokozdvi\u017en\u00e9ho voz\u00edka\" width=\"600\" height=\"295\" title=\"\" srcset=\"https:\/\/fmp-components.com\/wp-content\/uploads\/2024\/12\/Forklift-Short-Lifting-Hydraulic-Cylinder-Dimensions-3.webp 600w, https:\/\/fmp-components.com\/wp-content\/uploads\/2024\/12\/Forklift-Short-Lifting-Hydraulic-Cylinder-Dimensions-3-480x236.webp 480w\" sizes=\"(min-width: 0px) and (max-width: 480px) 480px, (min-width: 481px) 600px, 100vw\" \/><\/td>\n<td><img loading=\"lazy\" decoding=\"async\" class=\"alignnone size-full wp-image-327\" src=\"https:\/\/fmp-components.com\/wp-content\/uploads\/2024\/12\/Forklift-Short-Lifting-Hydraulic-Cylinder-Dimensions-4.webp\" alt=\"Rozmery hydraulick\u00e9ho valca pre kr\u00e1tke zdv\u00edhanie vysokozdvi\u017en\u00e9ho voz\u00edka\" width=\"600\" height=\"295\" title=\"\" srcset=\"https:\/\/fmp-components.com\/wp-content\/uploads\/2024\/12\/Forklift-Short-Lifting-Hydraulic-Cylinder-Dimensions-4.webp 600w, https:\/\/fmp-components.com\/wp-content\/uploads\/2024\/12\/Forklift-Short-Lifting-Hydraulic-Cylinder-Dimensions-4-480x236.webp 480w\" sizes=\"(min-width: 0px) and (max-width: 480px) 480px, (min-width: 481px) 600px, 100vw\" \/><\/td>\n<\/tr>\n<\/tbody>\n<\/table>\n<table border=\"1\" cellspacing=\"0\" cellpadding=\"0\">\n<tbody>\n<tr>\n<td width=\"246\">N\u00e1zov valca<\/td>\n<td width=\"336\">\u010c\u00edslo v\u00fdkresu<\/td>\n<td width=\"126\">Priemer otvoru (D)<\/td>\n<td width=\"123\">Priemer ty\u010de (d)<\/td>\n<td width=\"114\">Zdvih (S)<\/td>\n<td width=\"170\">In\u0161tala\u010dn\u00e1 vzdialenos\u0165 (L)<\/td>\n<td width=\"172\">Pracovn\u00fd tlak<\/td>\n<td width=\"366\">Rozmery rozhrania (M)<\/td>\n<td width=\"96\">Hmotnos\u0165<\/td>\n<\/tr>\n<tr>\n<td class=\"et3\" width=\"246\" height=\"170\">Kr\u00e1tky zdv\u00edhac\u00ed valec<\/td>\n<td class=\"et4\" width=\"336\">N30N450-800000-002A<\/td>\n<td class=\"et4\" width=\"126\">\u03a685<\/td>\n<td class=\"et4\" width=\"123\">\u03a670<\/td>\n<td class=\"et4\" width=\"114\">777<\/td>\n<td class=\"et4\" width=\"170\">1015<\/td>\n<td class=\"et4\" width=\"172\">18,1 MPa<\/td>\n<td class=\"et4\" width=\"366\">M22*1,5<\/td>\n<td class=\"et4\" width=\"96\">45,5 kg<\/td>\n<\/tr>\n<tr>\n<td class=\"et3\" width=\"246\" height=\"170\">Kr\u00e1tky zdv\u00edhac\u00ed valec<\/td>\n<td class=\"et4\">3U3H-800000-001A<\/td>\n<td class=\"et4\">\u03a685<\/td>\n<td class=\"et4\">\u03a670<\/td>\n<td class=\"et4\">777<\/td>\n<td class=\"et4\">1015<\/td>\n<td class=\"et4\">18,1 MPa<\/td>\n<td class=\"et4\">M22*1,5<\/td>\n<td class=\"et4\">45,5 kg<\/td>\n<\/tr>\n<tr>\n<td class=\"et3\" width=\"246\" height=\"170\">Kr\u00e1tky zdv\u00edhac\u00ed valec<\/td>\n<td class=\"et4\">N35N450-800000-003A<\/td>\n<td class=\"et4\">\u03a695<\/td>\n<td class=\"et4\">\u03a680<\/td>\n<td class=\"et4\">775<\/td>\n<td class=\"et4\">1013<\/td>\n<td class=\"et4\">18,1 MPa<\/td>\n<td class=\"et4\">M22*1,5<\/td>\n<td class=\"et4\">54 kg<\/td>\n<\/tr>\n<\/tbody>\n<\/table>\n<h2>Dostupn\u00e9 zna\u010dky a modely hydraulick\u00fdch valcov:<\/h2>\n<table border=\"1\" cellspacing=\"0\" cellpadding=\"0\">\n<tbody>\n<tr>\n<td><b data-spm-anchor-id=\"a2700.details.0.i43.45d84a73e99C9z\">KOMATSU (PC)<\/b><\/td>\n<td>PC30, PC40, PC50, PC56, PC60, PC78, PC100, PC110, PC120, PC130, PC160, PC200-3\/5\/6\/7\/8\/8MO, PC210, PC220-5\/6\/7\/8\/8MO, PC240, PC300\/350\/360-5\/6\/7\/8\/8MO, PC400\/450-5\/6\/7\/8\/8MO, PC800, PC850<\/td>\n<\/tr>\n<tr>\n<td><b>CATERPILLAR (E)<\/b><\/td>\n<td>E301.5, E302, E305.5, E306, E307V1\/V2\/B\/C\/D\/E\/F, E308B\/C, E120B, E312V1\/V2\/B\/C\/D, E313D2, E312D2, E315D<br \/>\nE200B,E320V1\/V2\/A\/B\/C\/D,E324D,E325C\/D,E329D,E330\/336C\/D,E345C,E349D,E365C,E374,E390<\/td>\n<\/tr>\n<tr>\n<td><b>KOBELCO (SK)<\/b><\/td>\n<td>SK60-3\/5\/8,SK75-8\/SR, SK100 ,SK120-3\/5, SK135-8\/SR, SK140-8, SK200-3\/5\/6\/6E, SK210-3\/5\/6\/6E,<br \/>\nSK230\/250-6E,SK250-8,SK260-8,SK350-8\/S8,SK460\/480-8<\/td>\n<\/tr>\n<tr>\n<td><b>HYUNDAI (R)<\/b><\/td>\n<td>R55-5\/7, R60-5\/7, R80, R110, R130, R200-5, R210-5, R215-5\/7, R220-5\/7\/9, R225-5\/7\/9, R250, R260, R265, R290, R305, R445, R485, R505<\/td>\n<\/tr>\n<tr>\n<td><b data-spm-anchor-id=\"a2700.details.0.i53.45d84a73e99C9z\">HITACHI (napr. ZX)<\/b><\/td>\n<td>EX60, EX100-1\/2\/3, EX120-1\/3\/5\/6, EX200-1\/3\/5, EX230-5, EX300-1, EX400<br \/>\nZAX60,ZAX70,ZA120-6,ZAX200\/210-1\/3\/5\/5K,ZAX240,ZAX250,ZAX260,ZAX330-3\/5\/6,ZAX450\/470,ZAX650\/670,ZAX850\/870<\/td>\n<\/tr>\n<tr>\n<td>\n<div class=\"magic-32\"><b data-spm-anchor-id=\"a2700.details.0.i55.45d84a73e99C9z\">DOOSAN (DH\/DX)<\/b><\/div>\n<\/td>\n<td>\n<div class=\"magic-33\"><span class=\"magic-34\">DH55, DH60, DH80,DH150, DH215-5\/7,DH220-5,DH225-5\/7,DH258,DH300-5\/7, DH370,DH420,DH500<br \/>\nDX55, DX60, DX75, DX130, DX225-9, DX300, DX380, DX420, DX500<\/span><\/div>\n<\/td>\n<\/tr>\n<tr>\n<td>\n<div class=\"magic-32\"><b>VOLVO (ES)<\/b><\/div>\n<\/td>\n<td>\n<div class=\"magic-33\"><span class=\"magic-34\">EC55, EC60, EC75, EC80, EC140, EC210B\/D, EC220D, EC240, EC250, EC290, EC300, EC360, EC380, EC460, EC480, EC700, EC750, EC950<\/span><\/div>\n<\/td>\n<\/tr>\n<tr>\n<td>\n<div class=\"magic-32\"><b>KATO (HD)<\/b><\/div>\n<\/td>\n<td>\n<div class=\"magic-33\"><span class=\"magic-34\">HD307\/308, HD450, HD512, HD700-5\/7, HD820-1\/2\/3\/5\/R, HD1023-1\/3, HD1430-1\/3<\/span><\/div>\n<\/td>\n<\/tr>\n<tr>\n<td>\n<div class=\"magic-32\"><b>IN\u00c1 ZNA\u010cKA<\/b><\/div>\n<\/td>\n<td>\n<div class=\"magic-33\"><span class=\"magic-34\">XCMG,LIUGONG,KUBOTA,CASE,YANMAR,SUNWARD,ZOOMLION,LISHIDE,LIEHERR<\/span><\/div>\n<\/td>\n<\/tr>\n<\/tbody>\n<\/table>\n<h3>Vlastnosti hydraulick\u00e9ho valca pre kr\u00e1tke zdv\u00edhanie vysokozdvi\u017en\u00e9ho voz\u00edka<\/h3>\n<p><strong>Kompaktn\u00fd dizajn pre \u00fasporu miesta<\/strong><br \/>\nHydraulick\u00fd valec pre kr\u00e1tke zdv\u00edhanie vysokozdvi\u017en\u00fdch voz\u00edkov je navrhnut\u00fd s kompaktnou kon\u0161trukciou, v\u010faka \u010domu je ide\u00e1lny pre aplik\u00e1cie s obmedzen\u00fdm priestorom. Jeho krat\u0161\u00ed zdvih a men\u0161ia ve\u013ekos\u0165 mu umo\u017e\u0148uj\u00fa prisp\u00f4sobi\u0165 sa stiesnen\u00fdm priestorom, ako s\u00fa \u00fazke uli\u010dky alebo stiesnen\u00e9 pracovn\u00e9 priestory v skladoch a skladovac\u00edch zariadeniach. T\u00e1to funkcia \u00faspory miesta umo\u017e\u0148uje vysokozdvi\u017en\u00fdm voz\u00edkom efekt\u00edvne pracova\u0165 v prostrediach, kde by tradi\u010dn\u00e9 zdv\u00edhacie valce mohli by\u0165 pr\u00edli\u0161 ve\u013ek\u00e9 alebo \u0165a\u017ekop\u00e1dne.<\/p>\n<p><strong>Vysok\u00e1 nosnos\u0165 napriek men\u0161ej ve\u013ekosti<\/strong><br \/>\nNapriek kompaktnej kon\u0161trukcii je hydraulick\u00fd valec pre kr\u00e1tke zdv\u00edhanie vysokozdvi\u017en\u00e9ho voz\u00edka navrhnut\u00fd tak, aby poskytoval vysok\u00fa nosnos\u0165. Poskytuje potrebn\u00fd v\u00fdkon na presn\u00e9 zdv\u00edhanie a sp\u00fa\u0161\u0165anie stredne ve\u013ek\u00fdch bremien, v\u010faka \u010domu je vhodn\u00fd na manipul\u00e1ciu s r\u00f4znymi materi\u00e1lmi a tovarmi. T\u00e1to rovnov\u00e1ha medzi pevnos\u0165ou a kompaktnos\u0165ou umo\u017e\u0148uje efekt\u00edvnu manipul\u00e1ciu s bremenom v men\u0161\u00edch alebo obmedzenej\u0161\u00edch prostrediach bez straty v\u00fdkonu.<\/p>\n<p><strong>Plynul\u00e1 a kontrolovan\u00e1 prev\u00e1dzka<\/strong><br \/>\nHydraulick\u00fd valec pre kr\u00e1tke zdv\u00edhanie vysokozdvi\u017en\u00e9ho voz\u00edka zais\u0165uje plynul\u00e9 a kontrolovan\u00e9 pohyby zdv\u00edhania a sp\u00fa\u0161\u0165ania, \u010d\u00edm prispieva k bezpe\u010dnej a efekt\u00edvnej prev\u00e1dzke. Umo\u017e\u0148uje postupn\u00e9 a presn\u00e9 nastavenie pri manipul\u00e1cii s bremenami, \u010d\u00edm minimalizuje riziko trhav\u00fdch pohybov alebo n\u00e1hlych posunov, ktor\u00e9 by mohli destabilizova\u0165 bremeno. T\u00e1to funkcia je obzvl\u00e1\u0161\u0165 d\u00f4le\u017eit\u00e1 v prostrediach, kde sa vy\u017eaduje jemn\u00e1 manipul\u00e1cia alebo starostliv\u00e9 umiestnenie bremena.<\/p>\n<p><strong>Trvanlivos\u0165 a spo\u013eahlivos\u0165<\/strong><br \/>\nHydraulick\u00fd valec pre kr\u00e1tke zdvihy vysokozdvi\u017en\u00fdch voz\u00edkov je vyroben\u00fd z odoln\u00fdch materi\u00e1lov a navrhnut\u00fd tak, aby odolal n\u00e1rokom pravideln\u00e9ho a n\u00e1ro\u010dn\u00e9ho pou\u017e\u00edvania. Pon\u00faka dlhotrvaj\u00faci v\u00fdkon. Je schopn\u00fd odol\u00e1va\u0165 n\u00e1ro\u010dn\u00fdm podmienkam vr\u00e1tane kon\u0161tantn\u00e9ho tlaku a vysokofrekven\u010dn\u00fdch zdv\u00edhac\u00edch cyklov, v\u010faka \u010domu je spo\u013eahliv\u00fdm komponentom pre ka\u017edodenn\u00fa prev\u00e1dzku. Jeho robustn\u00e1 kon\u0161trukcia zais\u0165uje, \u017ee m\u00f4\u017ee na\u010falej efekt\u00edvne fungova\u0165 s minim\u00e1lnou \u00fadr\u017ebou.<\/p>\n<p><strong>Zlep\u0161en\u00e1 man\u00e9vrovate\u013enos\u0165 v stiesnen\u00fdch priestoroch<\/strong><br \/>\nKompaktn\u00e1 kon\u0161trukcia a vysok\u00e1 \u00fa\u010dinnos\u0165 hydraulick\u00e9ho valca pre kr\u00e1tke zdvihy vysokozdvi\u017en\u00fdch voz\u00edkov zlep\u0161uj\u00fa man\u00e9vrovate\u013enos\u0165 vysokozdvi\u017en\u00fdch voz\u00edkov v stiesnen\u00fdch alebo pre\u0165a\u017een\u00fdch priestoroch. S t\u00fdmto valcom m\u00f4\u017eu vysokozdvi\u017en\u00e9 voz\u00edky vykon\u00e1va\u0165 zdv\u00edhacie oper\u00e1cie v \u00fazkych uli\u010dk\u00e1ch, men\u0161\u00edch skladovac\u00edch priestoroch alebo priestoroch s obmedzenou v\u00fd\u0161kou nad hlavou, v\u010faka \u010domu s\u00fa ide\u00e1lnou vo\u013ebou pre prostredia, ako s\u00fa kompaktn\u00e9 sklady, maloobchodn\u00e9 sklady alebo mal\u00e9 v\u00fdrobn\u00e9 haly.<\/p>\n<h3>O FMP<\/h3>\n<p>FMP je \u0161pecializovan\u00fd v\u00fdrobca hydraulick\u00fdch valcov so siln\u00fdm zameran\u00edm na v\u00fdskum a v\u00fdrobu. Od svojho zalo\u017eenia sa spolo\u010dnos\u0165 neust\u00e1le zameriava na v\u00fdvoj hydraulick\u00fdch valcov, pri\u010dom sa vyvinula z v\u00fdroby r\u00f4znych produktov, ako s\u00fa zbern\u00e9 a stavebn\u00e9 stroje, a\u017e po \u0161pecializ\u00e1ciu na komponenty po\u013enohospod\u00e1rskych traktorov. V\u010faka viac ako desa\u0165ro\u010dn\u00fdm sk\u00fasenostiam vo v\u00fdrobe, mana\u017e\u00e9rskym sk\u00fasenostiam a pokro\u010dil\u00fdm v\u00fdrobn\u00fdm technol\u00f3gi\u00e1m spolo\u010dnos\u0165 FMP zaru\u010duje najvy\u0161\u0161iu kvalitu svojich produktov.<\/p>\n<p>S rastom spolo\u010dnosti v oblasti profesion\u00e1lneho rozvoja si vybudovala komplexn\u00fa obr\u00e1baciu v\u00fdrobn\u00fa linku, mont\u00e1\u017enu linku a linku na povrchov\u00e9 \u00fapravy. FMP je podporovan\u00e1 \u0161pecializovan\u00fdm t\u00edmom sk\u00fasen\u00fdch mana\u017e\u00e9rov, kvalifikovan\u00fdch strojn\u00fdch kon\u0161trukt\u00e9rov a vysoko kvalifikovan\u00fdch technick\u00fdch pracovn\u00edkov. To zabezpe\u010duje stabiln\u00fa kvalitu v\u00fdrobkov a z\u00e1rove\u0148 efekt\u00edvne riadi kontinuitu procesov a celkov\u00fa efektivitu v\u00fdroby.<\/p>\n<p>Spolo\u010dnos\u0165 FMP sa dr\u017e\u00ed z\u00e1kladn\u00fdch hodn\u00f4t \u201eTechnologick\u00e9 inov\u00e1cie poh\u00e1\u0148aj\u00face pokrok, kvalita vytv\u00e1raj\u00faca zna\u010dky, remeseln\u00e9 spracovanie zabezpe\u010duj\u00face kvalitu a budovanie dlhodob\u00fdch obojstranne v\u00fdhodn\u00fdch vz\u0165ahov\u201c. Spolo\u010dnos\u0165 je na\u010falej odhodlan\u00e1 poskytova\u0165 vysokokvalitn\u00e9 produkty a z\u00e1rove\u0148 poskytova\u0165 vynikaj\u00face slu\u017eby z\u00e1kazn\u00edkom a v\u017edy sa sna\u017e\u00ed uspokojova\u0165 vyv\u00edjaj\u00face sa potreby trhu.<\/p>\n<p><img loading=\"lazy\" decoding=\"async\" class=\"alignnone wp-image-303\" src=\"https:\/\/fmp-components.com\/wp-content\/uploads\/2024\/12\/hydraulic-cylinder-factory-11_1.webp\" alt=\"tov\u00e1re\u0148 na hydraulick\u00e9 valce\" width=\"917\" height=\"1003\" title=\"\" srcset=\"https:\/\/fmp-components.com\/wp-content\/uploads\/2024\/12\/hydraulic-cylinder-factory-11_1.webp 917w, https:\/\/fmp-components.com\/wp-content\/uploads\/2024\/12\/hydraulic-cylinder-factory-11_1-480x525.webp 480w\" sizes=\"(min-width: 0px) and (max-width: 480px) 480px, (min-width: 481px) 917px, 100vw\" \/><\/p>\n<table style=\"width: 100%;\" border=\"1\" width=\"100%\" cellspacing=\"0\" cellpadding=\"0\">\n<tbody>\n<tr>\n<td style=\"width: 41.9294%;\" width=\"226\"><img loading=\"lazy\" decoding=\"async\" class=\"alignnone size-full wp-image-309\" src=\"https:\/\/fmp-components.com\/wp-content\/uploads\/2024\/12\/Forklift-Tilt-Hydraulic-Cylinder.webp\" alt=\"Hydraulick\u00fd valec nakl\u00e1pania vysokozdvi\u017en\u00e9ho voz\u00edka\" width=\"1000\" height=\"750\" title=\"\" srcset=\"https:\/\/fmp-components.com\/wp-content\/uploads\/2024\/12\/Forklift-Tilt-Hydraulic-Cylinder.webp 1000w, https:\/\/fmp-components.com\/wp-content\/uploads\/2024\/12\/Forklift-Tilt-Hydraulic-Cylinder-980x735.webp 980w, https:\/\/fmp-components.com\/wp-content\/uploads\/2024\/12\/Forklift-Tilt-Hydraulic-Cylinder-480x360.webp 480w\" sizes=\"(min-width: 0px) and (max-width: 480px) 480px, (min-width: 481px) and (max-width: 980px) 980px, (min-width: 981px) 1000px, 100vw\" \/><\/td>\n<td style=\"width: 55.6484%;\" width=\"64\"><img loading=\"lazy\" decoding=\"async\" class=\"alignnone wp-image-283\" src=\"https:\/\/fmp-components.com\/wp-content\/uploads\/2024\/12\/hydraulic-cylinder-factory-5.webp\" alt=\"tov\u00e1re\u0148 na hydraulick\u00e9 valce\" width=\"542\" height=\"312\" title=\"\"><\/td>\n<\/tr>\n<\/tbody>\n<\/table>\n<p>Autor\uff1a CX<\/p>","protected":false},"excerpt":{"rendered":"<p>Hydraulick\u00fd valec s kr\u00e1tkym zdvihom pre vysokozdvi\u017en\u00e9 voz\u00edky je \u0161peci\u00e1lne navrhnut\u00fd pre kompaktn\u00e9 a efekt\u00edvne zdv\u00edhacie oper\u00e1cie v stiesnen\u00fdch priestoroch. V\u010faka krat\u0161iemu zdvihu a kompaktnej kon\u0161trukcii je tento typ hydraulick\u00e9ho valca ide\u00e1lny pre vysokozdvi\u017en\u00e9 voz\u00edky, ktor\u00e9 musia pracova\u0165 v stiesnen\u00fdch priestoroch, kde tradi\u010dn\u00e9 valce s dlh\u00fdm zdvihom nemusia by\u0165 vhodn\u00e9 alebo \u00fa\u010dinn\u00e9. Napriek svojej men\u0161ej ve\u013ekosti poskytuje hydraulick\u00fd valec s kr\u00e1tkym zdvihom potrebn\u00fa zdv\u00edhaciu silu na manipul\u00e1ciu so stredne \u0165a\u017ek\u00fdmi bremenami s presnos\u0165ou a stabilitou. Zais\u0165uje plynul\u00e9 a kontrolovan\u00e9 zdv\u00edhanie, v\u010faka \u010domu je ide\u00e1lny na pou\u017eitie v skladoch s \u00fazkymi uli\u010dkami alebo pri manipul\u00e1cii s men\u0161\u00edmi bremenami, kde s\u00fa k\u013e\u00fa\u010dov\u00fdmi prioritami \u00faspora miesta a vysok\u00e1 man\u00e9vrovate\u013enos\u0165.<\/p>","protected":false},"featured_media":331,"comment_status":"open","ping_status":"closed","template":"","meta":{"_et_pb_use_builder":"","_et_pb_old_content":"","_et_gb_content_width":""},"product_brand":[],"product_cat":[20],"product_tag":[],"class_list":{"0":"post-323","1":"product","2":"type-product","3":"status-publish","4":"has-post-thumbnail","6":"product_cat-forklift-hydraulic-cylinders","8":"first","9":"instock","10":"shipping-taxable","11":"product-type-simple"},"_links":{"self":[{"href":"https:\/\/fmp-components.com\/sk\/wp-json\/wp\/v2\/product\/323","targetHints":{"allow":["GET"]}}],"collection":[{"href":"https:\/\/fmp-components.com\/sk\/wp-json\/wp\/v2\/product"}],"about":[{"href":"https:\/\/fmp-components.com\/sk\/wp-json\/wp\/v2\/types\/product"}],"replies":[{"embeddable":true,"href":"https:\/\/fmp-components.com\/sk\/wp-json\/wp\/v2\/comments?post=323"}],"wp:featuredmedia":[{"embeddable":true,"href":"https:\/\/fmp-components.com\/sk\/wp-json\/wp\/v2\/media\/331"}],"wp:attachment":[{"href":"https:\/\/fmp-components.com\/sk\/wp-json\/wp\/v2\/media?parent=323"}],"wp:term":[{"taxonomy":"product_brand","embeddable":true,"href":"https:\/\/fmp-components.com\/sk\/wp-json\/wp\/v2\/product_brand?post=323"},{"taxonomy":"product_cat","embeddable":true,"href":"https:\/\/fmp-components.com\/sk\/wp-json\/wp\/v2\/product_cat?post=323"},{"taxonomy":"product_tag","embeddable":true,"href":"https:\/\/fmp-components.com\/sk\/wp-json\/wp\/v2\/product_tag?post=323"}],"curies":[{"name":"pracovn\u00fd list","href":"https:\/\/api.w.org\/{rel}","templated":true}]}}