{"id":3185,"date":"2025-01-05T05:56:59","date_gmt":"2025-01-05T05:56:59","guid":{"rendered":"https:\/\/fmp-components.com\/?page_id=8"},"modified":"2025-01-06T02:16:30","modified_gmt":"2025-01-06T02:16:30","slug":"corn-header-gearbox-replacement-of-comer-code-t-304a","status":"publish","type":"product","link":"https:\/\/fmp-components.com\/sk\/product\/corn-header-gearbox-replacement-of-comer-code-t-304a\/","title":{"rendered":"Prevodovka kukuri\u010dn\u00e9ho adapt\u00e9ra \u2013 v\u00fdmena Comer Code T-304A"},"content":{"rendered":"<h2>\u0160pecifik\u00e1cie prevodovky na kukuri\u010dn\u00fd adapt\u00e9r T-304A<\/h2>\n<p><img loading=\"lazy\" decoding=\"async\" class=\"alignnone size-full wp-image-3187\" src=\"https:\/\/fmp-components.com\/wp-content\/uploads\/2025\/01\/corn-header-gearbox-specification-t304a.webp\" alt=\"\u0161pecifik\u00e1cia prevodovky na kukuri\u010dn\u00fd adapt\u00e9r t304a\" width=\"971\" height=\"483\" title=\"\" srcset=\"https:\/\/fmp-components.com\/wp-content\/uploads\/2025\/01\/corn-header-gearbox-specification-t304a.webp 971w, https:\/\/fmp-components.com\/wp-content\/uploads\/2025\/01\/corn-header-gearbox-specification-t304a-480x239.webp 480w\" sizes=\"(min-width: 0px) and (max-width: 480px) 480px, (min-width: 481px) 971px, 100vw\" \/><\/p>\n<table class=\"kh-1xzm1su\" border=\"1\" data-intent=\"lists-product-attributes\" data-test-id=\"attributes-list\">\n<tbody class=\"kh-1ago99h\">\n<tr id=\"attProductDetails\" class=\"kh-bwvum6\" data-test-id=\"attribute-row\">\n<th class=\"kh-10oizfy\">Detaily produktu<\/th>\n<td class=\"kh-1f5nhat\">\n<ul>\n<li class=\"kh-16zd49f\">V\u0161etky prevodovky sa dod\u00e1vaj\u00fa bez oleja.<\/li>\n<li class=\"kh-16zd49f\">Prv\u00e1 v\u00fdmena oleja po 50 \u2013 70 prev\u00e1dzkov\u00fdch hodin\u00e1ch, potom po 500 \u2013 700 prev\u00e1dzkov\u00fdch hodin\u00e1ch alebo aspo\u0148 raz ro\u010dne.<\/li>\n<li class=\"kh-16zd49f\">Pre v\u00fdkon pri in\u00fdch ot\u00e1\u010dkach n\u00e1s kontaktujte.<\/li>\n<\/ul>\n<\/td>\n<\/tr>\n<tr id=\"attApplicationRange\" class=\"kh-bwvum6\" data-test-id=\"attribute-row\">\n<th class=\"kh-10oizfy\">Rozsah pou\u017eitia<\/th>\n<td class=\"kh-1f5nhat\">\n<ul>\n<li class=\"kh-16zd49f\">R\u00f4zne (po\u013enohospod\u00e1rske) aplik\u00e1cie<\/li>\n<li class=\"kh-16zd49f\">V\u0155ta\u010dka na diery<\/li>\n<\/ul>\n<\/td>\n<\/tr>\n<tr id=\"attConsistsOf\" class=\"kh-bwvum6\" data-test-id=\"attribute-row\">\n<th class=\"kh-10oizfy\">Pozost\u00e1va z<\/th>\n<td class=\"kh-1f5nhat\">\n<ul>\n<li class=\"kh-16zd49f\">Prevodovka<\/li>\n<li class=\"kh-16zd49f\">Bez oleja<\/li>\n<\/ul>\n<\/td>\n<\/tr>\n<\/tbody>\n<\/table>\n<h2>Charakteristiky prevodoviek kukuri\u010dn\u00fdch adapt\u00e9rov<\/h2>\n<ol>\n<li><strong>Vysok\u00fd kr\u00fatiaci moment<\/strong><br \/>\nPrevodovky kukuri\u010dn\u00fdch adapt\u00e9rov s\u00fa navrhnut\u00e9 tak, aby zvl\u00e1dali vysok\u00e9 kr\u00fatiace momenty, \u010d\u00edm zabezpe\u010duj\u00fa efekt\u00edvny prenos v\u00fdkonu z traktora na mechanizmus adapt\u00e9ra. To je obzvl\u00e1\u0161\u0165 d\u00f4le\u017eit\u00e9 pri zbere kukurice, preto\u017ee prevodovka mus\u00ed odol\u00e1va\u0165 mechanick\u00e9mu nam\u00e1haniu pri rezan\u00ed a zbere plodiny.<\/li>\n<li><strong>Odoln\u00e1 kon\u0161trukcia<\/strong><br \/>\nPrevodovky kukuri\u010dn\u00fdch adapt\u00e9rov s\u00fa vyroben\u00e9 z robustn\u00fdch materi\u00e1lov, ako je vysoko kvalitn\u00e1 oce\u013e alebo liatina, a s\u00fa navrhnut\u00e9 pre odolnos\u0165 a dlh\u00fa \u017eivotnos\u0165. Tieto prevodovky s\u00fa schopn\u00e9 pracova\u0165 v n\u00e1ro\u010dnom po\u013enohospod\u00e1rskom prostred\u00ed, odol\u00e1va\u0165 drsn\u00fdm poveternostn\u00fdm podmienkam a dlh\u00fdm prev\u00e1dzkov\u00fdm hodin\u00e1m.<\/li>\n<li><strong>Presn\u00e9 in\u017einierstvo<\/strong><br \/>\nPrevodovky kukuri\u010dn\u00fdch adapt\u00e9rov s\u00fa navrhnut\u00e9 s presnos\u0165ou, aby zabezpe\u010dili plynul\u00fd a spo\u013eahliv\u00fd chod. Ozuben\u00e9 koles\u00e1 v prevodovke s\u00fa vyroben\u00e9 s pr\u00edsnymi toleranciami, \u010d\u00edm sa zni\u017euje trenie a zvy\u0161uje \u00fa\u010dinnos\u0165, \u010do n\u00e1sledne zlep\u0161uje v\u00fdkon cel\u00e9ho syst\u00e9mu zberu.<\/li>\n<li><strong>Kompaktn\u00fd a efekt\u00edvny dizajn<\/strong><br \/>\nTieto prevodovky s\u00fa kompaktn\u00e9, no z\u00e1rove\u0148 v\u00fdkonn\u00e9, v\u010faka \u010domu s\u00fa ide\u00e1lne na integr\u00e1ciu do strojov na zber kukurice tam, kde je obmedzen\u00fd priestor. Napriek svojej malej ve\u013ekosti s\u00fa navrhnut\u00e9 tak, aby zvl\u00e1dali zna\u010dn\u00e9 energetick\u00e9 za\u0165a\u017eenie a z\u00e1rove\u0148 si zachovali prev\u00e1dzkov\u00fa \u00fa\u010dinnos\u0165.<\/li>\n<li><strong>Prevodov\u00e9 pomery<\/strong><br \/>\nPrevodovky kukuri\u010dn\u00fdch adapt\u00e9rov maj\u00fa zvy\u010dajne \u0161pecifick\u00e9 prevodov\u00e9 pomery optimalizovan\u00e9 pre potreby zberu kukurice. Spr\u00e1vny pomer zais\u0165uje spr\u00e1vnu r\u00fdchlos\u0165 a v\u00fdkon, ktor\u00e9 vyhovuj\u00fa oper\u00e1ci\u00e1m kosenia a zberu, \u010d\u00edm sa zlep\u0161uje celkov\u00e1 produktivita a v\u00fdkon adapt\u00e9ra.<\/li>\n<\/ol>\n<p>Stru\u010dne povedan\u00e9, v\u00fdvodov\u00e9 hriadele s\u00fa nevyhnutn\u00e9 komponenty, ktor\u00e9 sp\u00e1jaj\u00fa traktor s prevodovkou kukuri\u010dn\u00e9ho adapt\u00e9ra a umo\u017e\u0148uj\u00fa efekt\u00edvny prenos v\u00fdkonu po\u010das procesu zberu. Spr\u00e1vny v\u00fdvodov\u00fd hriade\u013e zais\u0165uje spo\u013eahliv\u00fa, bezpe\u010dn\u00fa a efekt\u00edvnu prev\u00e1dzku, \u010do prispieva k vy\u0161\u0161ej produktivite a skr\u00e1teniu prestojov po\u010das zberu.<\/p>\n<p><img loading=\"lazy\" decoding=\"async\" class=\"wp-image-3186 aligncenter\" src=\"https:\/\/fmp-components.com\/wp-content\/uploads\/2025\/01\/corn-header-gearbox-t304a1.webp\" alt=\"prevodovka-na-kukuricu-t304a(1)\" width=\"576\" height=\"576\" title=\"\" srcset=\"https:\/\/fmp-components.com\/wp-content\/uploads\/2025\/01\/corn-header-gearbox-t304a1.webp 300w, https:\/\/fmp-components.com\/wp-content\/uploads\/2025\/01\/corn-header-gearbox-t304a1-150x150.webp 150w, https:\/\/fmp-components.com\/wp-content\/uploads\/2025\/01\/corn-header-gearbox-t304a1-12x12.webp 12w, https:\/\/fmp-components.com\/wp-content\/uploads\/2025\/01\/corn-header-gearbox-t304a1-100x100.webp 100w\" sizes=\"(max-width: 576px) 100vw, 576px\" \/><\/p>\n<h3><strong>K\u013abov\u00e9 hriadele pre prevodovku kukuri\u010dn\u00e9ho adapt\u00e9ra<\/strong><\/h3>\n<p>V\u00fdvodov\u00e9 hriadele (PTO) s\u00fa k\u013e\u00fa\u010dov\u00e9 komponenty pou\u017e\u00edvan\u00e9 na prenos mechanickej energie z motora traktora do prevodovky kukuri\u010dn\u00e9ho adapt\u00e9ra. V\u00fdvodov\u00fd hriade\u013e sp\u00e1ja v\u00fdstup v\u00fdvodov\u00e9ho hriade\u013ea traktora s prevodovkou kukuri\u010dn\u00e9ho adapt\u00e9ra, \u010do umo\u017e\u0148uje efekt\u00edvny prenos energie na pohon rezac\u00edch a zbern\u00fdch mechanizmov. Tu je preh\u013ead charakterist\u00edk a faktorov, ktor\u00e9 treba zv\u00e1\u017ei\u0165 pri v\u00fdbere v\u00fdvodov\u00fdch hriade\u013eov pre prevodovky kukuri\u010dn\u00e9ho adapt\u00e9ra:<\/p>\n<ol>\n<li><strong>Prevodovka s vysok\u00fdm kr\u00fatiacim momentom<\/strong><br \/>\nV\u00fdvodov\u00e9 hriadele pre prevodovky kukuri\u010dn\u00fdch adapt\u00e9rov s\u00fa navrhnut\u00e9 tak, aby zvl\u00e1dli vysok\u00e9 kr\u00fatiace momenty, ktor\u00e9 s\u00fa potrebn\u00e9 na ovl\u00e1danie mechanizmov kukuri\u010dn\u00e9ho adapt\u00e9ra na rezanie, zber a ml\u00e1tenie. Hriade\u013e mus\u00ed pren\u00e1\u0161a\u0165 zna\u010dn\u00fd v\u00fdkon z traktora do prevodovky a z\u00e1rove\u0148 zachova\u0165 plynul\u00fd chod.<\/li>\n<li><strong>Trvanlivos\u0165 a pevnos\u0165<\/strong><br \/>\nTieto kardanov\u00e9 hriadele s\u00fa vyroben\u00e9 z vysoko kvalitn\u00fdch materi\u00e1lov, ako je vysokopevnostn\u00e1 oce\u013e alebo legovan\u00e9 kovy, a s\u00fa navrhnut\u00e9 pre dlhotrvaj\u00facu \u017eivotnos\u0165. S\u00fa navrhnut\u00e9 tak, aby odol\u00e1vali opotrebovaniu pri n\u00e1ro\u010dn\u00fdch podmienkach po\u013enohospod\u00e1rskych strojov, \u010d\u00edm sa zabezpe\u010duje dlh\u00e1 \u017eivotnos\u0165.<\/li>\n<li><strong>Univerz\u00e1lna kompatibilita<\/strong><br \/>\nK\u013abov\u00e9 hriadele pre prevodovky kukuri\u010dn\u00fdch adapt\u00e9rov s\u00fa \u010dasto navrhnut\u00e9 s univerz\u00e1lnymi k\u013abmi, \u010do umo\u017e\u0148uje ich kompatibilitu s r\u00f4znymi modelmi traktorov a zna\u010dkami kukuri\u010dn\u00fdch adapt\u00e9rov. T\u00e1to prisp\u00f4sobivos\u0165 zabezpe\u010duje, \u017ee k\u013abov\u00fd hriade\u013e sa d\u00e1 \u013eahko integrova\u0165 do r\u00f4znych strojov a prev\u00e1dzkov\u00fdch nastaven\u00ed.<\/li>\n<li><strong>Flexibilita a prisp\u00f4sobivos\u0165<\/strong><br \/>\nV\u00fdvodov\u00e9 hriadele s\u00fa \u010dasto vybaven\u00e9 teleskopick\u00fdmi \u010das\u0165ami, ktor\u00e9 poskytuj\u00fa flexibilitu a jednoduch\u00e9 nastavenie. T\u00e1to funkcia umo\u017e\u0148uje obsluhe nastavi\u0165 d\u013a\u017eku hriade\u013ea tak, aby vyhovovala r\u00f4znym vzdialenostiam medzi traktorom a \u017eac\u00edm hlavi\u010dkou, \u010do u\u013eah\u010duje spr\u00e1vne zarovnanie a zni\u017euje nam\u00e1hanie hriade\u013ea a prevodovky.<\/li>\n<li><strong>Efekt\u00edvny prenos energie<\/strong><br \/>\nTieto hriadele s\u00fa skon\u0161truovan\u00e9 tak, aby minimalizovali straty energie po\u010das prenosu v\u00fdkonu. Dobre navrhnut\u00fd v\u00fdvodov\u00fd hriade\u013e zais\u0165uje, \u017ee maxim\u00e1lny v\u00fdkon z motora traktora sa efekt\u00edvne pren\u00e1\u0161a do prevodovky kukuri\u010dn\u00e9ho adapt\u00e9ra, \u010d\u00edm sa zlep\u0161uje celkov\u00e1 \u00fa\u010dinnos\u0165 procesu zberu.<\/li>\n<\/ol>\n<p>Stru\u010dne povedan\u00e9, v\u00fdvodov\u00e9 hriadele s\u00fa nevyhnutn\u00e9 komponenty, ktor\u00e9 sp\u00e1jaj\u00fa traktor s prevodovkou kukuri\u010dn\u00e9ho adapt\u00e9ra a umo\u017e\u0148uj\u00fa efekt\u00edvny prenos v\u00fdkonu po\u010das procesu zberu. Spr\u00e1vny v\u00fdvodov\u00fd hriade\u013e zais\u0165uje spo\u013eahliv\u00fa, bezpe\u010dn\u00fa a efekt\u00edvnu prev\u00e1dzku, \u010do prispieva k vy\u0161\u0161ej produktivite a skr\u00e1teniu prestojov po\u010das zberu.<\/p>\n<p><img loading=\"lazy\" decoding=\"async\" class=\"wp-image-3188 aligncenter\" src=\"https:\/\/fmp-components.com\/wp-content\/uploads\/2025\/01\/corn-header-gearbox-t304a-11.webp\" alt=\"prevodovka-na-kukuricu-t304a-1(1)\" width=\"690\" height=\"690\" title=\"\" srcset=\"https:\/\/fmp-components.com\/wp-content\/uploads\/2025\/01\/corn-header-gearbox-t304a-11.webp 300w, https:\/\/fmp-components.com\/wp-content\/uploads\/2025\/01\/corn-header-gearbox-t304a-11-150x150.webp 150w, https:\/\/fmp-components.com\/wp-content\/uploads\/2025\/01\/corn-header-gearbox-t304a-11-12x12.webp 12w, https:\/\/fmp-components.com\/wp-content\/uploads\/2025\/01\/corn-header-gearbox-t304a-11-100x100.webp 100w\" sizes=\"(max-width: 690px) 100vw, 690px\" \/><\/p>\n<h3>O FMP<\/h3>\n<p>Spolo\u010dnos\u0165 FMP so s\u00eddlom v Taliansku je popredn\u00fd v\u00fdrobca uzn\u00e1van\u00fd pre svoje odborn\u00e9 znalosti v oblasti navrhovania, v\u00fdvoja a v\u00fdroby vysokov\u00fdkonn\u00fdch prevodoviek s prim\u00e1rnym zameran\u00edm na sektor po\u013enohospod\u00e1rskych strojov. Spolo\u010dnos\u0165 FMP, zn\u00e1ma svojou presnou technikou, inovat\u00edvnymi rie\u0161eniami a konzistentnou spo\u013eahlivos\u0165ou, si vybudovala siln\u00fa reput\u00e1ciu d\u00f4veryhodn\u00e9ho partnera v po\u013enohospod\u00e1rskom aj priemyselnom sektore. Na\u0161e rozmanit\u00e9 portf\u00f3lio zah\u0155\u0148a prevodovky na mieru pre kosa\u010dky na tr\u00e1vu, v\u00fdvodov\u00e9 hriadele a \u0161irok\u00fa \u0161k\u00e1lu \u010fal\u0161\u00edch kritick\u00fdch komponentov, pri\u010dom ka\u017ed\u00fd z nich je starostlivo navrhnut\u00fd tak, aby sp\u013a\u0148al \u0161pecifick\u00e9 po\u017eiadavky r\u00f4znych aplik\u00e1ci\u00ed.<\/p>\n<p>V spolo\u010dnosti FMP si uvedomujeme, \u017ee ka\u017ed\u00fd klient \u010del\u00ed jedine\u010dn\u00fdm v\u00fdzvam. Toto pochopenie je na\u0161ou prioritou poskytova\u0165 rie\u0161enia na mieru, \u010di u\u017e ide o jednotliv\u00e9 komponenty alebo plne integrovan\u00e9 syst\u00e9my. \u00dazkou spolupr\u00e1cou s na\u0161imi klientmi zabezpe\u010dujeme, aby ka\u017ed\u00e9 rie\u0161enie nielen sp\u013a\u0148alo ich \u0161pecifick\u00e9 potreby, ale aj optimalizovalo v\u00fdkon a maximalizovalo hodnotu. Na\u0161e odhodlanie poskytova\u0165 v\u010dasn\u00e9 a profesion\u00e1lne odpovede a odborn\u00e9 poradenstvo zabezpe\u010duje, \u017ee ka\u017ed\u00e1 po\u017eiadavka je spracovan\u00e1 s presnos\u0165ou a konzistentne prin\u00e1\u0161a optim\u00e1lne v\u00fdsledky.<\/p>\n<p>Kladieme ve\u013ek\u00fd d\u00f4raz na transparentn\u00fa a priebe\u017en\u00fa komunik\u00e1ciu po\u010das cel\u00e9ho cyklu v\u00fdvoja produktu. N\u00e1\u0161 \u0161pecializovan\u00fd t\u00edm \u00fazko spolupracuje s klientmi, aby plne pochopil ich po\u017eiadavky a poskytol im cenn\u00e9 poznatky a odpor\u00fa\u010dania na dosiahnutie najlep\u0161\u00edch v\u00fdsledkov. \u010ci u\u017e navrhujeme \u0161pi\u010dkov\u00e9 produkty alebo pln\u00edme be\u017en\u00e9 objedn\u00e1vky, spolo\u010dnos\u0165 FMP sa zav\u00e4zuje dod\u00e1va\u0165 vysokokvalitn\u00e9, prec\u00edzne navrhnut\u00e9 rie\u0161enia v\u010das a v\u017edy. Na\u0161\u00edm cie\u013eom je prekona\u0165 o\u010dak\u00e1vania klientov a poskytova\u0165 v\u00fdnimo\u010dn\u00e9 slu\u017eby a v\u00fdsledky pri ka\u017edom projekte.<\/p>\n<p>Jadrom \u010dinnosti spolo\u010dnosti FMP je neochvejn\u00fd z\u00e1v\u00e4zok ku kvalite. Dodr\u017eiavame najvy\u0161\u0161ie v\u00fdrobn\u00e9 \u0161tandardy a implementujeme pr\u00edsne procesy kontroly kvality, aby sme zabezpe\u010dili, \u017ee ka\u017ed\u00fd produkt nielen sp\u013a\u0148a, ale aj prekon\u00e1va priemyseln\u00e9 \u0161tandardy. Toto neochvejn\u00e9 zameranie na excelentnos\u0165 v kombin\u00e1cii s na\u0161imi z\u00e1kladn\u00fdmi hodnotami integrity, t\u00edmovej pr\u00e1ce a vytrvalosti n\u00e1m umo\u017enilo vybudova\u0165 si dlhodob\u00e9 vz\u0165ahy zalo\u017een\u00e9 na d\u00f4vere s klientmi v takmer 30 krajin\u00e1ch sveta.<\/p>\n<p>V spolo\u010dnosti FMP sa v\u017edy sna\u017e\u00edme rozv\u00edja\u0165 glob\u00e1lne partnerstv\u00e1 t\u00fdm, \u017ee pon\u00fakame odborn\u00e9 poradenstvo a rie\u0161enia na mieru, ktor\u00e9 rie\u0161ia neust\u00e1le sa vyv\u00edjaj\u00face potreby na\u0161ich klientov. Sna\u017e\u00edme sa budova\u0165 dlhodob\u00e9 a vz\u00e1jomne prospe\u0161n\u00e9 vz\u0165ahy, ktor\u00e9 prispievaj\u00fa k \u00faspechu ka\u017ed\u00e9ho projektu. \u010ci u\u017e h\u013ead\u00e1te inovat\u00edvne rie\u0161enia pre nov\u00fa iniciat\u00edvu alebo pokra\u010duj\u00facu podporu pre existuj\u00faci syst\u00e9m, FMP je pripraven\u00e1 v\u00e1m pom\u00f4c\u0165 prekona\u0165 technick\u00e9 v\u00fdzvy a zabezpe\u010di\u0165 v\u00e1\u0161 trval\u00fd \u00faspech.<\/p>\n<p><img loading=\"lazy\" decoding=\"async\" class=\"alignnone wp-image-2695\" src=\"https:\/\/fmp-components.com\/wp-content\/uploads\/2025\/01\/agricultural-gearbox3.webp\" alt=\"po\u013enohospod\u00e1rska prevodovka\" width=\"1140\" height=\"1138\" title=\"\" srcset=\"https:\/\/fmp-components.com\/wp-content\/uploads\/2025\/01\/agricultural-gearbox3.webp 1140w, https:\/\/fmp-components.com\/wp-content\/uploads\/2025\/01\/agricultural-gearbox3-480x479.webp 480w\" sizes=\"(min-width: 0px) and (max-width: 480px) 480px, (min-width: 481px) 1140px, 100vw\" \/><\/p>\n<p>Autor: CX<\/p>","protected":false},"excerpt":{"rendered":"<p>Specifications of Corn Header Gearbox T-304A Product details All gearboxes are supplied without oil. First oil change after 50-70 operating hours, then after 500-700 operating hours or at least once a year. Contact us for power at a different RPM. Application range Various (agricultural) applications Hole borer Consists of Gearbox Without oil Characteristics of Corn [&hellip;]<\/p>","protected":false},"featured_media":3186,"comment_status":"open","ping_status":"closed","template":"","meta":{"_et_pb_use_builder":"","_et_pb_old_content":"","_et_gb_content_width":""},"product_brand":[],"product_cat":[78],"product_tag":[],"class_list":{"0":"post-3185","1":"product","2":"type-product","3":"status-publish","4":"has-post-thumbnail","6":"product_cat-gearbox-for-agricultural-machinery","8":"first","9":"instock","10":"shipping-taxable","11":"product-type-simple"},"_links":{"self":[{"href":"https:\/\/fmp-components.com\/sk\/wp-json\/wp\/v2\/product\/3185","targetHints":{"allow":["GET"]}}],"collection":[{"href":"https:\/\/fmp-components.com\/sk\/wp-json\/wp\/v2\/product"}],"about":[{"href":"https:\/\/fmp-components.com\/sk\/wp-json\/wp\/v2\/types\/product"}],"replies":[{"embeddable":true,"href":"https:\/\/fmp-components.com\/sk\/wp-json\/wp\/v2\/comments?post=3185"}],"wp:featuredmedia":[{"embeddable":true,"href":"https:\/\/fmp-components.com\/sk\/wp-json\/wp\/v2\/media\/3186"}],"wp:attachment":[{"href":"https:\/\/fmp-components.com\/sk\/wp-json\/wp\/v2\/media?parent=3185"}],"wp:term":[{"taxonomy":"product_brand","embeddable":true,"href":"https:\/\/fmp-components.com\/sk\/wp-json\/wp\/v2\/product_brand?post=3185"},{"taxonomy":"product_cat","embeddable":true,"href":"https:\/\/fmp-components.com\/sk\/wp-json\/wp\/v2\/product_cat?post=3185"},{"taxonomy":"product_tag","embeddable":true,"href":"https:\/\/fmp-components.com\/sk\/wp-json\/wp\/v2\/product_tag?post=3185"}],"curies":[{"name":"pracovn\u00fd list","href":"https:\/\/api.w.org\/{rel}","templated":true}]}}