{"id":3178,"date":"2025-01-05T05:37:53","date_gmt":"2025-01-05T05:37:53","guid":{"rendered":"https:\/\/fmp-components.com\/?page_id=8"},"modified":"2025-01-05T05:37:53","modified_gmt":"2025-01-05T05:37:53","slug":"corn-header-gearbox-replacement-of-comer-code-n669-j","status":"publish","type":"product","link":"https:\/\/fmp-components.com\/sk\/product\/corn-header-gearbox-replacement-of-comer-code-n669-j\/","title":{"rendered":"Prevodovka kukuri\u010dn\u00e9ho adapt\u00e9ra \u2013 v\u00fdmena, k\u00f3d Comer N669-J"},"content":{"rendered":"<h2>Detaily prevodovky kukuri\u010dn\u00e9ho adapt\u00e9ra<\/h2>\n<table style=\"width: 98.2981%; height: 363px;\" border=\"1\">\n<tbody>\n<tr>\n<td><strong><span class=\"attr-name J-attr-name\" title=\"N\u00e1zov produktu\">N\u00e1zov produktu:<\/span><\/strong><\/td>\n<td>Prevodovka kukuri\u010dn\u00e9ho adapt\u00e9ra<\/td>\n<\/tr>\n<tr>\n<td><strong><span class=\"attr-name J-attr-name\" title=\"Usporiadanie ozuben\u00fdch kolies\">Usporiadanie prevodovky:<\/span><\/strong><\/td>\n<td>Skosenie \/ pokos<\/td>\n<\/tr>\n<tr>\n<td><strong><span class=\"attr-name J-attr-name\" title=\"V\u00fdstupn\u00fd kr\u00fatiaci moment\">V\u00fdstupn\u00fd kr\u00fatiaci moment:<\/span><\/strong><\/td>\n<td>ako kresba<\/td>\n<\/tr>\n<tr>\n<td><strong><span class=\"attr-name J-attr-name\" title=\"Vstupn\u00e1 r\u00fdchlos\u0165\">Vstupn\u00e1 r\u00fdchlos\u0165:<\/span><\/strong><\/td>\n<td>1000 ot.\/min.<\/td>\n<\/tr>\n<tr>\n<td><strong><span class=\"attr-name J-attr-name\" title=\"V\u00fdstupn\u00e1 r\u00fdchlos\u0165\">V\u00fdstupn\u00e1 r\u00fdchlos\u0165:<\/span><\/strong><\/td>\n<td>ako kresba<\/td>\n<\/tr>\n<tr>\n<td><strong>Farba:<\/strong><\/td>\n<td>Po\u017eiadavky z\u00e1kazn\u00edkov<\/td>\n<\/tr>\n<tr>\n<td><strong><span class=\"attr-name J-attr-name\" title=\"Hmotnos\u0165\">Hmotnos\u0165:<\/span><\/strong><\/td>\n<td>82 kg<\/td>\n<\/tr>\n<tr>\n<td><strong><span class=\"attr-name J-attr-name\" title=\"prevodov\u00fd pomer re\u0165azov\u00e9ho kolesa\">Prevodov\u00fd pomer re\u0165azov\u00e9ho kolesa:<\/span><\/strong><\/td>\n<td>1.91:1<\/td>\n<\/tr>\n<tr>\n<td><strong><span class=\"attr-name J-attr-name\" title=\"Pomer \u0165ahan\u00e9ho valca stonky\">Pomer \u0165ahan\u00e9ho valca stebla:<\/span><\/strong><\/td>\n<td>1:1.2<\/td>\n<\/tr>\n<tr>\n<td><strong><span class=\"attr-name J-attr-name\" title=\"Pomer \u0165ahan\u00e9ho valca stonky\"><span class=\"attr-name J-attr-name\" title=\"Hluk\">Hluk:<\/span><\/span><\/strong><\/td>\n<td>Menej ako 92 dB vo vzdialenosti 1 metra pred prevodovkou<\/td>\n<\/tr>\n<tr>\n<td><strong><span class=\"attr-name J-attr-name\" title=\"Pomer \u0165ahan\u00e9ho valca stonky\"><span class=\"attr-name J-attr-name\" title=\"Aplik\u00e1cia\">Aplik\u00e1cia:<\/span><\/span><\/strong><\/td>\n<td>Kukuri\u010dn\u00fd kombajn<\/td>\n<\/tr>\n<tr>\n<td><strong><span class=\"attr-name J-attr-name\" title=\"Miesto p\u00f4vodu\">Miesto p\u00f4vodu:<\/span><\/strong><\/td>\n<td>Taliansko<\/td>\n<\/tr>\n<\/tbody>\n<\/table>\n<h2 title=\"ako drawubg\">\u0160pecifik\u00e1cie prevodovky kukuri\u010dn\u00e9ho adapt\u00e9ra<\/h2>\n<p><img loading=\"lazy\" decoding=\"async\" class=\"alignnone  wp-image-3179\" src=\"https:\/\/fmp-components.com\/wp-content\/uploads\/2025\/01\/corn-header-gearbox-N669J-specifications-1.webp\" alt=\"prevodovka-na-kukuricu-N669J-\u0161pecifik\u00e1cie-1\" width=\"878\" height=\"549\" title=\"\" srcset=\"https:\/\/fmp-components.com\/wp-content\/uploads\/2025\/01\/corn-header-gearbox-N669J-specifications-1.webp 878w, https:\/\/fmp-components.com\/wp-content\/uploads\/2025\/01\/corn-header-gearbox-N669J-specifications-1-480x300.webp 480w\" sizes=\"(min-width: 0px) and (max-width: 480px) 480px, (min-width: 481px) 878px, 100vw\" \/><\/p>\n<p><img loading=\"lazy\" decoding=\"async\" class=\"alignnone  wp-image-3180\" src=\"https:\/\/fmp-components.com\/wp-content\/uploads\/2025\/01\/corn-header-gearbox-N669J-specifications-2.webp\" alt=\"prevodovka-na-kukuricu-N669J-\u0161pecifik\u00e1cie-2\" width=\"884\" height=\"714\" title=\"\" srcset=\"https:\/\/fmp-components.com\/wp-content\/uploads\/2025\/01\/corn-header-gearbox-N669J-specifications-2.webp 884w, https:\/\/fmp-components.com\/wp-content\/uploads\/2025\/01\/corn-header-gearbox-N669J-specifications-2-480x388.webp 480w\" sizes=\"(min-width: 0px) and (max-width: 480px) 480px, (min-width: 481px) 884px, 100vw\" \/><\/p>\n<article class=\"w-full scroll-mb-[var(--thread-trailing-height,150px)] text-token-text-primary focus-visible:outline-2 focus-visible:outline-offset-[-4px]\" dir=\"auto\" data-testid=\"conversation-turn-146\" data-scroll-anchor=\"false\">\n<div class=\"m-auto text-base py-[18px] px-3 md:px-4 w-full md:px-5 lg:px-4 xl:px-5\">\n<div class=\"mx-auto flex flex-1 gap-4 text-base md:gap-5 lg:gap-6 md:max-w-3xl lg:max-w-[40rem] xl:max-w-[48rem]\">\n<div class=\"group\/conversation-turn relative flex w-full min-w-0 flex-col\">\n<div class=\"flex-col gap-1 md:gap-3\">\n<div class=\"flex max-w-full flex-col flex-grow\">\n<div class=\"min-h-8 text-message flex w-full flex-col items-end gap-2 whitespace-normal break-words text-start [.text-message+&amp;]:mt-5\" dir=\"auto\" data-message-author-role=\"user\" data-message-id=\"aaa23ba6-ebb0-4f57-b7bd-42c63bb0c8fa\">\n<div class=\"flex w-full flex-col gap-1 empty:hidden items-end rtl:items-start\">\n<div class=\"relative max-w-[var(--user-chat-width,70%)] rounded-3xl bg-token-message-surface px-5 py-2.5\">\n<h2 class=\"whitespace-pre-wrap\">Vlastnosti prevodovky kukuri\u010dn\u00e9ho adapt\u00e9ra<\/h2>\n<\/div>\n<\/div>\n<\/div>\n<\/div>\n<\/div>\n<\/div>\n<\/div>\n<\/div>\n<\/article>\n<p>Prevodovka kukuri\u010dn\u00e9ho adapt\u00e9ra je k\u013e\u00fa\u010dovou s\u00fa\u010das\u0165ou modern\u00fdch zberac\u00edch strojov, ktor\u00e1 je zodpovedn\u00e1 za prenos v\u00fdkonu na r\u00f4zne mechanizmy kukuri\u010dn\u00e9ho adapt\u00e9ra, ako s\u00fa zbern\u00e9 re\u0165aze, z\u00e1vitovky a no\u017ee. Kon\u0161trukcia a funk\u010dnos\u0165 prevodovky s\u00fa neoddelite\u013enou s\u00fa\u010das\u0165ou efekt\u00edvnosti a spo\u013eahlivosti procesu zberu kukurice. Tu s\u00fa k\u013e\u00fa\u010dov\u00e9 vlastnosti prevodovky kukuri\u010dn\u00e9ho adapt\u00e9ra:<\/p>\n<p>1. <strong>Prenos v\u00fdkonu<\/strong><\/p>\n<ul>\n<li>Prim\u00e1rnou funkciou prevodovky kukuri\u010dn\u00e9ho adapt\u00e9ra je prenos mechanickej sily z v\u00fdvodov\u00e9ho hriade\u013ea traktora na prev\u00e1dzkov\u00e9 komponenty adapt\u00e9ra. Prevodovka je navrhnut\u00e1 tak, aby zvl\u00e1dala vysok\u00e9 kr\u00fatiace momenty, \u010do umo\u017e\u0148uje plynul\u00fd chod rezac\u00edch a zberac\u00edch mechanizmov adapt\u00e9ra.<\/li>\n<\/ul>\n<p>2. <strong>Vysok\u00fd kr\u00fatiaci moment<\/strong><\/p>\n<ul>\n<li>Zber kukurice je energeticky n\u00e1ro\u010dn\u00e1 \u00faloha a prevodovka mus\u00ed by\u0165 schopn\u00e1 zvl\u00e1dnu\u0165 <strong>vysok\u00e9 kr\u00fatiace momenty<\/strong> bez poruchy. Prevodovky pre kukuri\u010dn\u00e9 \u200b\u200badapt\u00e9ry s\u00fa \u0161peci\u00e1lne navrhnut\u00e9 tak, aby odolali tomuto vysok\u00e9mu za\u0165a\u017eeniu a z\u00e1rove\u0148 zabezpe\u010dili efekt\u00edvne rozlo\u017eenie v\u00fdkonu do v\u0161etk\u00fdch potrebn\u00fdch \u010dast\u00ed.<\/li>\n<\/ul>\n<p>3. <strong>Viacero prevodov\u00fdch pomerov<\/strong><\/p>\n<ul>\n<li><strong>Variabiln\u00e9 prevodov\u00e9 pomery<\/strong> s\u00fa k\u013e\u00fa\u010dovou vlastnos\u0165ou prevodovky kukuri\u010dn\u00e9ho adapt\u00e9ra. Tieto prevodov\u00e9 pomery umo\u017e\u0148uj\u00fa obsluhe nastavi\u0165 r\u00fdchlos\u0165 a v\u00fdkon komponentov adapt\u00e9ra na z\u00e1klade typu ter\u00e9nu, podmienok plodiny a prev\u00e1dzkov\u00fdch po\u017eiadaviek. Mo\u017enos\u0165 jemn\u00e9ho doladenia t\u00fdchto pomerov pom\u00e1ha optimalizova\u0165 v\u00fdkon.<\/li>\n<\/ul>\n<p>4. <strong>Odolnos\u0165 a robustn\u00e1 kon\u0161trukcia<\/strong><\/p>\n<ul>\n<li>Prevodovky kukuri\u010dn\u00fdch adapt\u00e9rov s\u00fa skon\u0161truovan\u00e9 tak, aby odolali n\u00e1ro\u010dn\u00fdm podmienkam po\u013enohospod\u00e1rskych pol\u00ed. S\u00fa skon\u0161truovan\u00e9 s <strong>vysokopevnostn\u00e9 materi\u00e1ly<\/strong> ako napr\u00edklad kalen\u00e1 oce\u013e a \u010dasto sa vyzna\u010duj\u00fa <strong>n\u00e1tery odoln\u00e9 vo\u010di kor\u00f3zii<\/strong>To zais\u0165uje, \u017ee si zachovaj\u00fa odolnos\u0165 a prev\u00e1dzkov\u00fa \u00fa\u010dinnos\u0165 aj v n\u00e1ro\u010dn\u00fdch podmienkach.<\/li>\n<\/ul>\n<p>5. <strong>Kompaktn\u00fd a priestorovo \u00fasporn\u00fd dizajn<\/strong><\/p>\n<ul>\n<li>Prevodovka je typicky kompaktn\u00e1 a \u013eahk\u00e1, \u010do umo\u017e\u0148uje jednoduch\u0161iu integr\u00e1ciu do kukuri\u010dn\u00e9ho adapt\u00e9ra a z\u00e1rove\u0148 \u0161etr\u00ed miesto. T\u00e1to efekt\u00edvna kon\u0161trukcia pom\u00e1ha zni\u017eova\u0165 celkov\u00fa hmotnos\u0165 stroja, zlep\u0161uje jeho man\u00e9vrovate\u013enos\u0165 a zni\u017euje spotrebu paliva po\u010das prev\u00e1dzky.<\/li>\n<\/ul>\n<p>Stru\u010dne povedan\u00e9, prevodovka kukuri\u010dn\u00e9ho adapt\u00e9ra je z\u00e1kladn\u00fdm komponentom, ktor\u00fd umo\u017e\u0148uje plynul\u00fd, efekt\u00edvny a spo\u013eahliv\u00fd chod adapt\u00e9ra. V\u010faka vysok\u00e9mu kr\u00fatiacemu momentu, odolnosti, jednoduchej integr\u00e1cii a nen\u00e1ro\u010dnej \u00fadr\u017ebe prevodovka zais\u0165uje optim\u00e1lny v\u00fdkon po\u010das zberu, \u010d\u00edm skracuje prestoje a zvy\u0161uje produktivitu po\u013enohospod\u00e1rov.<\/p>\n<p><img loading=\"lazy\" decoding=\"async\" class=\"alignnone size-full wp-image-3182\" src=\"https:\/\/fmp-components.com\/wp-content\/uploads\/2025\/01\/corn-header-gearbox-N669J-41.webp\" alt=\"prevodovka-na-kukuricu-N669J-4(1)\" width=\"965\" height=\"444\" title=\"\" srcset=\"https:\/\/fmp-components.com\/wp-content\/uploads\/2025\/01\/corn-header-gearbox-N669J-41.webp 965w, https:\/\/fmp-components.com\/wp-content\/uploads\/2025\/01\/corn-header-gearbox-N669J-41-480x221.webp 480w\" sizes=\"(min-width: 0px) and (max-width: 480px) 480px, (min-width: 481px) 965px, 100vw\" \/><\/p>\n<article class=\"w-full scroll-mb-[var(--thread-trailing-height,150px)] text-token-text-primary focus-visible:outline-2 focus-visible:outline-offset-[-4px]\" dir=\"auto\" data-testid=\"conversation-turn-148\" data-scroll-anchor=\"false\">\n<div class=\"m-auto text-base py-[18px] px-3 md:px-4 w-full md:px-5 lg:px-4 xl:px-5\">\n<div class=\"mx-auto flex flex-1 gap-4 text-base md:gap-5 lg:gap-6 md:max-w-3xl lg:max-w-[40rem] xl:max-w-[48rem]\">\n<div class=\"group\/conversation-turn relative flex w-full min-w-0 flex-col\">\n<div class=\"flex-col gap-1 md:gap-3\">\n<div class=\"flex max-w-full flex-col flex-grow\">\n<div class=\"min-h-8 text-message flex w-full flex-col items-end gap-2 whitespace-normal break-words text-start [.text-message+&amp;]:mt-5\" dir=\"auto\" data-message-author-role=\"user\" data-message-id=\"aaa28861-7069-46a7-8873-87eb33aa5162\">\n<div class=\"flex w-full flex-col gap-1 empty:hidden items-end rtl:items-start\">\n<div class=\"relative max-w-[var(--user-chat-width,70%)] rounded-3xl bg-token-message-surface px-5 py-2.5\">\n<h2 class=\"whitespace-pre-wrap\">K\u013abov\u00fd hriade\u013e pre prevodovku kukuri\u010dn\u00e9ho adapt\u00e9ra<\/h2>\n<div class=\"absolute bottom-0 right-full top-0 -mr-3.5 hidden pr-5 pt-1 [.group\\\/conversation-turn:hover_&amp;]:block\">\n<p>V\u00fdvodov\u00fd hriade\u013e (PTO) zohr\u00e1va k\u013e\u00fa\u010dov\u00fa \u00falohu pri prenose v\u00fdkonu z traktora do prevodovky kukuri\u010dn\u00e9ho adapt\u00e9ra, \u010do umo\u017e\u0148uje efekt\u00edvnu prev\u00e1dzku r\u00f4znych komponentov adapt\u00e9ra, ako s\u00fa zbern\u00e9 re\u0165aze, z\u00e1vitovky a no\u017ee. V\u00fdvodov\u00fd hriade\u013e sl\u00fa\u017ei ako spojenie medzi motorom traktora a strojmi a premie\u0148a mechanick\u00fa silu motora na potrebn\u00fa prev\u00e1dzkov\u00fa silu na zber \u00farody.<\/p>\n<p>1. <strong>Prenos v\u00fdkonu<\/strong><\/p>\n<ul>\n<li>V\u00fdvodov\u00fd hriade\u013e je hlavn\u00fdm prostriedkom <strong>prenos mechanickej energie<\/strong> z motora traktora do prevodovky kukuri\u010dn\u00e9ho adapt\u00e9ra. T\u00e1to sila sa pou\u017e\u00edva na pohon r\u00f4znych komponentov adapt\u00e9ra, \u010d\u00edm sa zabezpe\u010duje plynul\u00fd a efekt\u00edvny proces zberu. Zvy\u010dajne sa prip\u00e1ja k v\u00fdstupu v\u00fdvodov\u00e9ho hriade\u013ea traktora a prepojuje sa s prevodovkou prostredn\u00edctvom spojky alebo univerz\u00e1lneho k\u013abu.<\/li>\n<\/ul>\n<p>2. <strong>Vysok\u00fd kr\u00fatiaci moment<\/strong><\/p>\n<ul>\n<li>V\u00fdvodov\u00fd hriade\u013e mus\u00ed by\u0165 navrhnut\u00fd tak, aby zvl\u00e1dol <strong>vysok\u00e9 \u00farovne kr\u00fatiaceho momentu<\/strong>, najm\u00e4 v n\u00e1ro\u010dn\u00fdch podmienkach zberu. Prevodovka pripojen\u00e1 k v\u00fdvodov\u00e9mu hriade\u013eu vy\u017eaduje stabiln\u00fd a spo\u013eahliv\u00fd zdroj energie na ovl\u00e1danie \u0165a\u017ek\u00fdch komponentov kukuri\u010dn\u00e9ho adapt\u00e9ra, ako s\u00fa z\u00e1vitovky, zberacie re\u0165aze a rezacie no\u017ee.<\/li>\n<\/ul>\n<p>3. <strong>Odoln\u00e1 kon\u0161trukcia<\/strong><\/p>\n<ul>\n<li><strong>\u0164a\u017ek\u00e1 kon\u0161trukcia<\/strong> je nevyhnutn\u00fd pre v\u00fdvodov\u00e9 hriadele pou\u017e\u00edvan\u00e9 v prevodovk\u00e1ch kukuri\u010dn\u00fdch adapt\u00e9rov. Tieto hriadele s\u00fa zvy\u010dajne vyroben\u00e9 z <strong>kalen\u00e1 oce\u013e<\/strong> alebo in\u00fdch vysokopevnostn\u00fdch materi\u00e1lov, ktor\u00e9 odol\u00e1vaj\u00fa n\u00e1rokom neust\u00e1lej prev\u00e1dzky v n\u00e1ro\u010dn\u00fdch po\u013enohospod\u00e1rskych prostrediach. To zais\u0165uje dlhotrvaj\u00facu odolnos\u0165 a spo\u013eahliv\u00fd v\u00fdkon v n\u00e1ro\u010dn\u00fdch podmienkach.<\/li>\n<\/ul>\n<p><strong>4. R\u00fdchle a jednoduch\u00e9 pripojenie<\/strong><\/p>\n<ul>\n<li>V\u00fdvodov\u00e9 hriadele pre prevodovky kukuri\u010dn\u00fdch adapt\u00e9rov s\u00fa navrhnut\u00e9 pre jednoduch\u00e9 pripojenie a odpojenie medzi traktorom a adapt\u00e9rom. To sa \u010dasto dosahuje pomocou univerz\u00e1lneho k\u013abu alebo r\u00fdchloup\u00ednacieho mechanizmu, ktor\u00fd umo\u017e\u0148uje jednoduch\u00e9 a bezpe\u010dn\u00e9 pripojenie a odpojenie bez potreby \u0161peci\u00e1lneho n\u00e1radia, \u010d\u00edm sa \u0161etr\u00ed \u010das po\u010das nastavovania alebo \u00fadr\u017eby.<\/li>\n<\/ul>\n<p>5. <strong>Nastavite\u013en\u00e1 d\u013a\u017eka<\/strong><\/p>\n<ul>\n<li>Niektor\u00e9 v\u00fdvodov\u00e9 hriadele pre prevodovky kukuri\u010dn\u00fdch adapt\u00e9rov s\u00fa navrhnut\u00e9 s <strong>nastavite\u013en\u00e9 d\u013a\u017eky<\/strong>, \u010do zabezpe\u010duje kompatibilitu s r\u00f4znymi konfigur\u00e1ciami traktorov a \u017eac\u00edch hlav\u00edc. T\u00e1to nastavite\u013enos\u0165 zais\u0165uje, \u017ee v\u00fdvodov\u00fd hriade\u013e sa d\u00e1 \u013eahko prisp\u00f4sobi\u0165 po\u017eadovanej d\u013a\u017eke, \u010do umo\u017e\u0148uje prisp\u00f4sobenie sa r\u00f4znym nastaveniam zariaden\u00ed a zni\u017euje riziko mechanick\u00e9ho nam\u00e1hania alebo po\u0161kodenia.<\/li>\n<\/ul>\n<p>V\u00fdvodov\u00fd hriade\u013e je z\u00e1kladnou s\u00fa\u010das\u0165ou syst\u00e9mu prenosu v\u00fdkonu prevodoviek kukuri\u010dn\u00fdch adapt\u00e9rov. Poskytuje spo\u013eahliv\u00e9, efekt\u00edvne a bezpe\u010dn\u00e9 spojenie medzi traktorom a kukuri\u010dn\u00fdm adapt\u00e9rom, \u010d\u00edm zabezpe\u010duje plynul\u00fd chod cel\u00e9ho syst\u00e9mu zberu. Spr\u00e1vna \u00fadr\u017eba a v\u010dasn\u00e1 v\u00fdmena v\u00fdvodov\u00e9ho hriade\u013ea m\u00f4\u017ee vies\u0165 k zv\u00fd\u0161eniu prev\u00e1dzkovej efekt\u00edvnosti, skr\u00e1teniu prestojov a pred\u013a\u017eeniu \u017eivotnosti zariadenia.<\/p>\n<\/div>\n<\/div>\n<\/div>\n<\/div>\n<\/div>\n<\/div>\n<\/div>\n<\/div>\n<\/div>\n<\/article>\n<article class=\"w-full scroll-mb-[var(--thread-trailing-height,150px)] text-token-text-primary focus-visible:outline-2 focus-visible:outline-offset-[-4px]\" dir=\"auto\" data-testid=\"conversation-turn-149\" data-scroll-anchor=\"true\">\n<table style=\"border-collapse: collapse; width: 94.3906%; height: 48px;\" border=\"0\" width=\"128\" cellspacing=\"0\" cellpadding=\"0\">\n<tbody>\n<tr style=\"height: 13.8pt;\">\n<td style=\"height: 13.8pt; width: 48pt;\" align=\"right\" width=\"64\" height=\"18\"><img loading=\"lazy\" decoding=\"async\" class=\"alignnone size-full wp-image-3181\" src=\"https:\/\/fmp-components.com\/wp-content\/uploads\/2025\/01\/corn-header-gearbox-N669J-51.webp\" alt=\"prevodovka-na-kukuricu-N669J-5(1)\" width=\"500\" height=\"500\" title=\"\" srcset=\"https:\/\/fmp-components.com\/wp-content\/uploads\/2025\/01\/corn-header-gearbox-N669J-51.webp 500w, https:\/\/fmp-components.com\/wp-content\/uploads\/2025\/01\/corn-header-gearbox-N669J-51-480x480.webp 480w\" sizes=\"(min-width: 0px) and (max-width: 480px) 480px, (min-width: 481px) 500px, 100vw\" \/><\/td>\n<td style=\"width: 48pt;\" align=\"right\" width=\"64\"><img loading=\"lazy\" decoding=\"async\" class=\"alignnone size-full wp-image-3183\" src=\"https:\/\/fmp-components.com\/wp-content\/uploads\/2025\/01\/corn-header-gearbox-N669J1.webp\" alt=\"prevodovka-na-kukuricu-N669J(1)\" width=\"500\" height=\"500\" title=\"\" srcset=\"https:\/\/fmp-components.com\/wp-content\/uploads\/2025\/01\/corn-header-gearbox-N669J1.webp 500w, https:\/\/fmp-components.com\/wp-content\/uploads\/2025\/01\/corn-header-gearbox-N669J1-480x480.webp 480w\" sizes=\"(min-width: 0px) and (max-width: 480px) 480px, (min-width: 481px) 500px, 100vw\" \/><\/td>\n<\/tr>\n<\/tbody>\n<\/table>\n<h2>O FMP<\/h2>\n<p>Spolo\u010dnos\u0165 FMP so s\u00eddlom v Taliansku je popredn\u00fdm v\u00fdrobcom zn\u00e1mym svojimi odborn\u00fdmi znalos\u0165ami v oblasti n\u00e1vrhu, v\u00fdvoja a v\u00fdroby vysokov\u00fdkonn\u00fdch prevodoviek, \u0161pecializuj\u00facim sa na sektor po\u013enohospod\u00e1rskych strojov. Spolo\u010dnos\u0165 FMP je zn\u00e1ma prec\u00edznym in\u017einierstvom, inovat\u00edvnymi rie\u0161eniami a neochvejnou spo\u013eahlivos\u0165ou a vybudovala si reput\u00e1ciu d\u00f4veryhodn\u00e9ho partnera na po\u013enohospod\u00e1rskom aj priemyselnom trhu. Na\u0161e rozmanit\u00e9 portf\u00f3lio zah\u0155\u0148a prevodovky na mieru pre kosa\u010dky na tr\u00e1vu, v\u00fdvodov\u00e9 hriadele a \u0161irok\u00fa \u0161k\u00e1lu z\u00e1kladn\u00fdch komponentov, pri\u010dom v\u0161etky s\u00fa starostlivo vyroben\u00e9 tak, aby sp\u013a\u0148ali jedine\u010dn\u00e9 po\u017eiadavky r\u00f4znych aplik\u00e1ci\u00ed.<\/p>\n<p>V spolo\u010dnosti FMP si uvedomujeme, \u017ee ka\u017ed\u00fd klient \u010del\u00ed jedine\u010dn\u00fdm v\u00fdzvam. Preto vynik\u00e1me v poskytovan\u00ed rie\u0161en\u00ed na mieru, \u010di u\u017e ide o jednotliv\u00e9 komponenty alebo plne integrovan\u00e9 syst\u00e9my. \u00dazkou spolupr\u00e1cou s na\u0161imi klientmi zabezpe\u010dujeme, aby ka\u017ed\u00e9 rie\u0161enie nielen rie\u0161ilo ich \u0161pecifick\u00e9 potreby, ale aj optimalizovalo v\u00fdkon a zvy\u0161ovalo celkov\u00fa hodnotu. N\u00e1\u0161 z\u00e1v\u00e4zok poskytova\u0165 \u00fastretov\u00e9 a profesion\u00e1lne slu\u017eby a odborn\u00e9 poradenstvo zabezpe\u010duje, \u017ee ka\u017ed\u00e1 po\u017eiadavka bude spracovan\u00e1 s presnos\u0165ou, \u010do vedie k najlep\u0161\u00edm mo\u017en\u00fdm v\u00fdsledkom.<\/p>\n<p>Kladieme ve\u013ek\u00fd d\u00f4raz na transparentn\u00fa a priebe\u017en\u00fa komunik\u00e1ciu po\u010das cel\u00e9ho procesu v\u00fdvoja produktu. N\u00e1\u0161 \u0161pecializovan\u00fd t\u00edm \u00fazko spolupracuje s klientmi, aby plne pochopil ich po\u017eiadavky a poskytol im preh\u013eadn\u00e9 odpor\u00fa\u010dania na dosiahnutie optim\u00e1lnych v\u00fdsledkov. \u010ci u\u017e vyv\u00edjame \u0161pi\u010dkov\u00e9 produkty alebo pln\u00edme be\u017en\u00e9 objedn\u00e1vky, spolo\u010dnos\u0165 FMP sa venuje dod\u00e1vaniu vysokokvalitn\u00fdch, prec\u00edzne navrhnut\u00fdch rie\u0161en\u00ed na\u010das a v\u017edy. Na\u0161\u00edm poslan\u00edm je neust\u00e1le prekon\u00e1va\u0165 o\u010dak\u00e1vania klientov poskytovan\u00edm v\u00fdnimo\u010dn\u00fdch slu\u017eieb a vynikaj\u00facich v\u00fdsledkov pri ka\u017edom projekte.<\/p>\n<p>Jadrom \u010dinnosti spolo\u010dnosti FMP je z\u00e1v\u00e4zok ku kvalite. Dodr\u017eiavame najvy\u0161\u0161ie v\u00fdrobn\u00e9 \u0161tandardy a implementujeme pr\u00edsne opatrenia na kontrolu kvality, aby sme zabezpe\u010dili, \u017ee ka\u017ed\u00fd produkt nielen sp\u013a\u0148a, ale aj prekon\u00e1va priemyseln\u00e9 \u0161tandardy. Toto odhodlanie k dokonalosti v kombin\u00e1cii s na\u0161imi z\u00e1kladn\u00fdmi hodnotami integrity, t\u00edmovej pr\u00e1ce a vytrvalosti n\u00e1m umo\u017enilo vybudova\u0165 si dlhodob\u00e9 vz\u0165ahy zalo\u017een\u00e9 na d\u00f4vere s klientmi v takmer 30 krajin\u00e1ch sveta.<\/p>\n<p>Spolo\u010dnos\u0165 FMP sa v\u017edy sna\u017e\u00ed rozv\u00edja\u0165 glob\u00e1lne partnerstv\u00e1 a pon\u00faka odborn\u00e9 poradenstvo a rie\u0161enia na mieru, ktor\u00e9 sp\u013a\u0148aj\u00fa meniace sa potreby na\u0161ich klientov. Zameriavame sa na budovanie trval\u00fdch a vz\u00e1jomne prospe\u0161n\u00fdch vz\u0165ahov, ktor\u00e9 prispievaj\u00fa k \u00faspechu ka\u017ed\u00e9ho projektu. \u010ci u\u017e h\u013ead\u00e1te inovat\u00edvne rie\u0161enia pre nov\u00fa iniciat\u00edvu alebo priebe\u017en\u00fa podporu pre existuj\u00faci syst\u00e9m, FMP je tu, aby v\u00e1m pomohla prekona\u0165 technick\u00e9 v\u00fdzvy a zabezpe\u010di\u0165 v\u00e1\u0161 trval\u00fd \u00faspech.<\/p>\n<p><img loading=\"lazy\" decoding=\"async\" class=\"alignnone wp-image-2695\" src=\"https:\/\/fmp-components.com\/wp-content\/uploads\/2025\/01\/agricultural-gearbox3.webp\" alt=\"po\u013enohospod\u00e1rska prevodovka\" width=\"1140\" height=\"1138\" title=\"\" srcset=\"https:\/\/fmp-components.com\/wp-content\/uploads\/2025\/01\/agricultural-gearbox3.webp 1140w, https:\/\/fmp-components.com\/wp-content\/uploads\/2025\/01\/agricultural-gearbox3-480x479.webp 480w\" sizes=\"(min-width: 0px) and (max-width: 480px) 480px, (min-width: 481px) 1140px, 100vw\" \/><\/p>\n<p>Autor: CX<\/p>\n<\/article>","protected":false},"excerpt":{"rendered":"<p>Details of Corn Header Gearbox Product name: Corn header gearbox Gearing Arrangement: Bevel \/ Miter Output Torque: as drawing Input Speed: 1000rpm Output Speed: as drawing Color: Customer Requests Weight: 82kg Chain wheel ratio: 1.91:1 Stalk pulled roller ratio: 1:1.2 Noise: Less than 92db at 1-meter distance in front of the gearbox Application: Corn harvester [&hellip;]<\/p>","protected":false},"featured_media":3181,"comment_status":"open","ping_status":"closed","template":"","meta":{"_et_pb_use_builder":"","_et_pb_old_content":"","_et_gb_content_width":""},"product_brand":[],"product_cat":[76],"product_tag":[],"class_list":{"0":"post-3178","1":"product","2":"type-product","3":"status-publish","4":"has-post-thumbnail","6":"product_cat-gearbox-for-rotary-rakes","8":"first","9":"instock","10":"shipping-taxable","11":"product-type-simple"},"_links":{"self":[{"href":"https:\/\/fmp-components.com\/sk\/wp-json\/wp\/v2\/product\/3178","targetHints":{"allow":["GET"]}}],"collection":[{"href":"https:\/\/fmp-components.com\/sk\/wp-json\/wp\/v2\/product"}],"about":[{"href":"https:\/\/fmp-components.com\/sk\/wp-json\/wp\/v2\/types\/product"}],"replies":[{"embeddable":true,"href":"https:\/\/fmp-components.com\/sk\/wp-json\/wp\/v2\/comments?post=3178"}],"wp:featuredmedia":[{"embeddable":true,"href":"https:\/\/fmp-components.com\/sk\/wp-json\/wp\/v2\/media\/3181"}],"wp:attachment":[{"href":"https:\/\/fmp-components.com\/sk\/wp-json\/wp\/v2\/media?parent=3178"}],"wp:term":[{"taxonomy":"product_brand","embeddable":true,"href":"https:\/\/fmp-components.com\/sk\/wp-json\/wp\/v2\/product_brand?post=3178"},{"taxonomy":"product_cat","embeddable":true,"href":"https:\/\/fmp-components.com\/sk\/wp-json\/wp\/v2\/product_cat?post=3178"},{"taxonomy":"product_tag","embeddable":true,"href":"https:\/\/fmp-components.com\/sk\/wp-json\/wp\/v2\/product_tag?post=3178"}],"curies":[{"name":"pracovn\u00fd list","href":"https:\/\/api.w.org\/{rel}","templated":true}]}}