{"id":3129,"date":"2025-01-05T02:44:39","date_gmt":"2025-01-05T02:44:39","guid":{"rendered":"https:\/\/fmp-components.com\/?page_id=8"},"modified":"2025-01-05T02:44:39","modified_gmt":"2025-01-05T02:44:39","slug":"grain-auger-gearbox-fmp-2390-for-agricultural-grain-storage-and-transportation","status":"publish","type":"product","link":"https:\/\/fmp-components.com\/sk\/product\/grain-auger-gearbox-fmp-2390-for-agricultural-grain-storage-and-transportation\/","title":{"rendered":"Prevodovka na obiln\u00fd \u0161nekov\u00fd dopravn\u00edk FMP-2390 na skladovanie a prepravu po\u013enohospod\u00e1rskeho obilia"},"content":{"rendered":"<h2>\u0160pecifik\u00e1cie prevodovky na obiln\u00fd z\u00e1vit FMP-2390<\/h2>\n<p><img loading=\"lazy\" decoding=\"async\" class=\"alignnone size-full wp-image-3131\" src=\"https:\/\/fmp-components.com\/wp-content\/uploads\/2025\/01\/Grain-Auger-Gearbox-EP-2390-Dimension.webp\" alt=\"Rozmer prevodovky \u0161nekov\u00e9ho dopravn\u00edka na obilie EP-2390\" width=\"1534\" height=\"1064\" title=\"\" srcset=\"https:\/\/fmp-components.com\/wp-content\/uploads\/2025\/01\/Grain-Auger-Gearbox-EP-2390-Dimension.webp 1534w, https:\/\/fmp-components.com\/wp-content\/uploads\/2025\/01\/Grain-Auger-Gearbox-EP-2390-Dimension-1280x888.webp 1280w, https:\/\/fmp-components.com\/wp-content\/uploads\/2025\/01\/Grain-Auger-Gearbox-EP-2390-Dimension-980x680.webp 980w, https:\/\/fmp-components.com\/wp-content\/uploads\/2025\/01\/Grain-Auger-Gearbox-EP-2390-Dimension-480x333.webp 480w\" sizes=\"(min-width: 0px) and (max-width: 480px) 480px, (min-width: 481px) and (max-width: 980px) 980px, (min-width: 981px) and (max-width: 1280px) 1280px, (min-width: 1281px) 1534px, 100vw\" \/><\/p>\n<table style=\"width: 95.8687%; height: 220px;\" border=\"1\" cellspacing=\"0\" cellpadding=\"0\">\n<tbody>\n<tr class=\"firstRow\">\n<td>N\u00e1zov produktu<\/td>\n<td>Prevodovka \u0161nekov\u00e9ho dopravn\u00edka na obilie FMP-2390<\/td>\n<\/tr>\n<tr>\n<td>Materi\u00e1l<\/td>\n<td>Teleso ako HT250, hriade\u013e ako 20CrMnTi<\/td>\n<\/tr>\n<tr>\n<td>Farba<\/td>\n<td>Tmav\u00e1 alebo \u010derven\u00e1 alebo pod\u013ea vlastn\u00e9ho uv\u00e1\u017eenia<\/td>\n<\/tr>\n<tr>\n<td>Typ<\/td>\n<td>Ku\u017ee\u013eov\u00e9 ozuben\u00e9 koleso<\/td>\n<\/tr>\n<tr>\n<td>Pomer<\/td>\n<td>1:1<\/td>\n<\/tr>\n<tr>\n<td>Lo\u017eisko<\/td>\n<td>QC alebo C&amp;U alebo NTN<\/td>\n<\/tr>\n<tr>\n<td>Z\u00e1ruka<\/td>\n<td>jeden a pol roka<\/td>\n<\/tr>\n<tr>\n<td>Pou\u017eit\u00e9<\/td>\n<td>skladovanie obilia<\/td>\n<\/tr>\n<\/tbody>\n<\/table>\n<h3>Pou\u017eitie prevodovky na obiln\u00fd \u0161nekov\u00fd dopravn\u00edk na skladovanie a prepravu obilia<\/h3>\n<p>Prevodovky \u0161nekov\u00fdch dopravn\u00edkov zohr\u00e1vaj\u00fa k\u013e\u00fa\u010dov\u00fa \u00falohu v efekt\u00edvnom pohybe a manipul\u00e1cii s obil\u00edm po\u010das skladovania a prepravy. Nasleduj\u00fa k\u013e\u00fa\u010dov\u00e9 aplik\u00e1cie prevodoviek \u0161nekov\u00fdch dopravn\u00edkov v t\u00fdchto odvetviach:<\/p>\n<ol>\n<li><strong>Silo na skladovanie obilia:<\/strong>\n<ul>\n<li><strong>Elev\u00e1tory na obilie:<\/strong> Prevodovka poh\u00e1\u0148a z\u00e1vitovky pou\u017e\u00edvan\u00e9 v obiln\u00fdch sil\u00e1ch, ktor\u00e9 zdv\u00edhaj\u00fa obilie na r\u00f4zne \u00farovne skladovania v sil\u00e1ch. Efekt\u00edvny pohyb obilia je nevyhnutn\u00fd na zabr\u00e1nenie zhlukovaniu alebo po\u0161kodeniu a zabezpe\u010denie optim\u00e1lnych skladovac\u00edch podmienok.<\/li>\n<li><strong>Vykladacie syst\u00e9my:<\/strong> Prevodovky z\u00e1vitoviek s\u00fa neoddelite\u013enou s\u00fa\u010das\u0165ou vykladania obilia zo skladovac\u00edch s\u00edl do n\u00e1kladn\u00fdch automobilov, dopravn\u00edkov alebo in\u00fdch dopravn\u00fdch syst\u00e9mov. Ich presnos\u0165 zais\u0165uje plynul\u00fd a konzistentn\u00fd tok obilia, \u010d\u00edm sa predch\u00e1dza upchatiu alebo oneskoreniam.<\/li>\n<\/ul>\n<\/li>\n<li><strong>Zariadenia na manipul\u00e1ciu s obil\u00edm:<\/strong>\n<ul>\n<li><strong>Dopravn\u00edkov\u00e9 syst\u00e9my:<\/strong> V zariadeniach na manipul\u00e1ciu s obil\u00edm sa z\u00e1vitovkov\u00e9 prevodovky pou\u017e\u00edvaj\u00fa na pohon z\u00e1vitovkov\u00fdch dopravn\u00edkov, ktor\u00e9 pres\u00favaj\u00fa obilie cez r\u00f4zne \u010dasti spracovate\u013esk\u00e9ho z\u00e1vodu. Zabezpe\u010duj\u00fa r\u00fdchlu prepravu obilia medzi skladovac\u00edmi, \u010distiacimi a mlec\u00edmi priestormi.<\/li>\n<li><strong>Su\u0161iace syst\u00e9my:<\/strong> Prevodovky \u0161nekov\u00fdch dopravn\u00edkov obilia sa pou\u017e\u00edvaj\u00fa v su\u0161iacich syst\u00e9moch, kde \u0161nekov\u00e9 dopravn\u00edky pres\u00favaj\u00fa obilie cez su\u0161iace komory, \u010do umo\u017e\u0148uje konzistentn\u00e9 pr\u00fadenie vzduchu a zn\u00ed\u017eenie vlhkosti. To zais\u0165uje, \u017ee obilie zostane v optim\u00e1lnom stave pre dlhodob\u00e9 skladovanie.<\/li>\n<\/ul>\n<\/li>\n<li><strong>Preprava obilia na trh:<\/strong>\n<ul>\n<li><strong>Nakl\u00e1dka n\u00e1kladn\u00e9ho auta:<\/strong> \u0160nehov\u00e9 prevodovky s\u00fa nevyhnutn\u00e9 v nakladac\u00edch staniciach pre n\u00e1kladn\u00e9 vozidl\u00e1, kde sa pou\u017e\u00edvaj\u00fa na prepravu obilia zo skladovac\u00edch zariaden\u00ed alebo prepravn\u00fdch s\u00edl do n\u00e1kladn\u00fdch vozidiel na \u010fal\u0161iu distrib\u00faciu. Prevodovka zais\u0165uje plynul\u00fd, r\u00fdchly a kontrolovan\u00fd presun obilia.<\/li>\n<li><strong>Manipul\u00e1cia s objemov\u00fdm obil\u00edm:<\/strong> V zariadeniach zaoberaj\u00facich sa manipul\u00e1ciou s ve\u013ekoobjemov\u00fdm obil\u00edm poskytuj\u00fa prevodovky z\u00e1vitovkov\u00fdch dopravn\u00edkov potrebn\u00fd kr\u00fatiaci moment na efekt\u00edvnu prepravu obilia, minimalizuj\u00fa rozsyp\u00e1vanie a odpad a z\u00e1rove\u0148 maximalizuj\u00fa priepustnos\u0165.<\/li>\n<\/ul>\n<\/li>\n<li><strong>Spracovanie a mletie obilia:<\/strong>\n<ul>\n<li><strong>\u010cistiace syst\u00e9my:<\/strong> \u0160nekov\u00e9 dopravn\u00edky na obilie poh\u00e1\u0148an\u00e9 prevodovkami sa pou\u017e\u00edvaj\u00fa v \u010distiacich syst\u00e9moch na presun obilia cez r\u00f4zne preosievacie, triediace a separa\u010dn\u00e9 stroje. Tieto \u0161nekov\u00e9 dopravn\u00edky pom\u00e1haj\u00fa odstra\u0148ova\u0165 ne\u017eiaduce ne\u010distoty a zabezpe\u010duj\u00fa, aby boli zrn\u00e1 pripraven\u00e9 na mletie alebo \u010fal\u0161ie spracovanie.<\/li>\n<li><strong>Fr\u00e9zovacie jednotky:<\/strong> \u0160nekov\u00e9 prevodovky tie\u017e podporuj\u00fa prepravu zrna cez mlynsk\u00e9 jednotky, kde sa zrno melie na m\u00faku alebo spracov\u00e1va na in\u00e9 \u00fa\u010dely. Umo\u017e\u0148uj\u00fa konzistentn\u00e9 pod\u00e1vanie zrna do mlyn\u010dekov alebo drvi\u010dov.<\/li>\n<\/ul>\n<\/li>\n<li><strong>Pou\u017eitie na farme:<\/strong>\n<ul>\n<li><strong>Po\u013enohospod\u00e1rske \u0161neky:<\/strong> Na prepravu obilia zo zbera\u010dov do skladovac\u00edch z\u00e1sobn\u00edkov alebo pr\u00edvesov sa na farm\u00e1ch be\u017ene pou\u017e\u00edvaj\u00fa prevodovky z\u00e1vitoviek. Prevodovky poskytuj\u00fa potrebn\u00fd kr\u00fatiaci moment a ovl\u00e1danie z\u00e1vitoviek, v\u010faka \u010domu s\u00fa \u00fa\u010dinn\u00e9 pri preprave obilia po\u010das \u017eatvy.<\/li>\n<li><strong>Syst\u00e9my obiln\u00fdch z\u00e1sobn\u00edkov:<\/strong> \u0160nekov\u00e9 prevodovky v z\u00e1sobn\u00edkoch obilia u\u013eah\u010duj\u00fa pohyb obilia do r\u00f4znych oblast\u00ed farmy alebo skladovac\u00edch zariaden\u00ed a zabezpe\u010duj\u00fa, aby sa obilie po\u010das procesu prepravy nepo\u0161kodilo.<\/li>\n<\/ul>\n<\/li>\n<\/ol>\n<p>Vyu\u017eit\u00edm prevodoviek \u0161nekov\u00fdch dopravn\u00edkov m\u00f4\u017eu po\u013enohospod\u00e1rske a skladovacie zariadenia zefekt\u00edvni\u0165 prev\u00e1dzku, zn\u00ed\u017ei\u0165 prev\u00e1dzkov\u00e9 n\u00e1klady a udr\u017ea\u0165 vysok\u00fd \u0161tandard kvality zrna.<\/p>\n<p><img loading=\"lazy\" decoding=\"async\" class=\"size-full wp-image-3132 aligncenter\" src=\"https:\/\/fmp-components.com\/wp-content\/uploads\/2025\/01\/Grain-Transportation-Gearbox-5.webp\" alt=\"Prevodovka na prepravu obilia 5\" width=\"800\" height=\"800\" title=\"\" srcset=\"https:\/\/fmp-components.com\/wp-content\/uploads\/2025\/01\/Grain-Transportation-Gearbox-5.webp 800w, https:\/\/fmp-components.com\/wp-content\/uploads\/2025\/01\/Grain-Transportation-Gearbox-5-480x480.webp 480w\" sizes=\"(min-width: 0px) and (max-width: 480px) 480px, (min-width: 481px) 800px, 100vw\" \/><\/p>\n<h2>K\u013e\u00fa\u010dov\u00e9 komponenty prevodovky na obiln\u00fd z\u00e1vit<\/h2>\n<p>Prevodovka \u0161nekov\u00e9ho dopravn\u00edka je k\u013e\u00fa\u010dovou s\u00fa\u010das\u0165ou po\u013enohospod\u00e1rskych a skladovac\u00edch syst\u00e9mov, preto\u017ee zabezpe\u010duje efekt\u00edvny pohyb obilia v r\u00f4znych procesoch, ako je preprava, skladovanie a mletie. K\u013e\u00fa\u010dov\u00e9 komponenty prevodovky \u0161nekov\u00e9ho dopravn\u00edka s\u00fa navrhnut\u00e9 pre odolnos\u0165, v\u00fdkon a \u00fa\u010dinnos\u0165. Tu s\u00fa hlavn\u00e9 komponenty:<\/p>\n<ol>\n<li><strong>Kryt (skri\u0148a prevodovky):<\/strong>\n<ul>\n<li>Vonkaj\u0161\u00ed kryt alebo puzdro chr\u00e1ni vn\u00fatorn\u00e9 komponenty prevodovky. Puzdro, ktor\u00e9 je zvy\u010dajne vyroben\u00e9 z vysokopevnostn\u00fdch materi\u00e1lov, ako je liatina alebo odoln\u00e1 oce\u013e, zais\u0165uje, \u017ee prevodovka odol\u00e1 n\u00e1ro\u010dn\u00fdm podmienkam po\u013enohospod\u00e1rskeho prostredia vr\u00e1tane vystavenia prachu, vlhkosti a extr\u00e9mnym teplot\u00e1m.<\/li>\n<\/ul>\n<\/li>\n<li><strong>Vstupn\u00fd hriade\u013e:<\/strong>\n<ul>\n<li>Vstupn\u00fd hriade\u013e je komponent, ktor\u00fd prij\u00edma energiu zo zdroja pohonu (napr. elektromotor, v\u00fdvodov\u00fd hriade\u013e traktora alebo spa\u013eovac\u00ed motor). Pren\u00e1\u0161a rota\u010dn\u00fd pohyb do prevodovky, ktor\u00e1 sa potom pren\u00e1\u0161a do mechanizmu z\u00e1vitovky. Vstupn\u00fd hriade\u013e je navrhnut\u00fd tak, aby zvl\u00e1dal vysok\u00e9 ot\u00e1\u010dky a kr\u00fatiace momenty.<\/li>\n<\/ul>\n<\/li>\n<li><strong>V\u00fdstupn\u00fd hriade\u013e:<\/strong>\n<ul>\n<li>V\u00fdstupn\u00fd hriade\u013e je spojen\u00fd so z\u00e1vitovkou a pren\u00e1\u0161a rota\u010dn\u00fd pohyb generovan\u00fd prevodovkou na samotn\u00fa z\u00e1vitovku. Zohr\u00e1va d\u00f4le\u017eit\u00fa \u00falohu pri zabezpe\u010dovan\u00ed plynul\u00e9ho chodu z\u00e1vitovky pri pohybe obilia. V\u00fdstupn\u00fd hriade\u013e je zvy\u010dajne navrhnut\u00fd s odoln\u00fdmi lo\u017eiskami, ktor\u00e9 unes\u00fa z\u00e1\u0165a\u017e a zabr\u00e1nia opotrebovaniu po\u010das dlh\u00fdch prev\u00e1dzkov\u00fdch hod\u00edn.<\/li>\n<\/ul>\n<\/li>\n<li><strong>Prevody:<\/strong>\n<ul>\n<li>Ozuben\u00e9 koles\u00e1 vo vn\u00fatri prevodovky s\u00fa prim\u00e1rnymi komponentmi zodpovedn\u00fdmi za premenu vstupn\u00e9ho kr\u00fatiaceho momentu a r\u00fdchlosti na po\u017eadovan\u00fd v\u00fdstup. Medzi be\u017en\u00e9 typy ozuben\u00fdch kolies pou\u017e\u00edvan\u00fdch v prevodovk\u00e1ch \u0161nekov\u00fdch dopravn\u00edkov na obilie patria:\n<ul>\n<li><strong>\u0160pir\u00e1lov\u00e9 ozuben\u00e9 koles\u00e1:<\/strong> Zabezpe\u010duj\u00fa plynul\u00fd a tich\u00fd chod so zv\u00fd\u0161enou \u00fa\u010dinnos\u0165ou.<\/li>\n<li><strong>\u010celn\u00e9 ozuben\u00e9 koles\u00e1:<\/strong> Jednoduch\u0161ie a n\u00e1kladovo efekt\u00edvnej\u0161ie, ale zvy\u010dajne hlu\u010dnej\u0161ie ako \u0161pir\u00e1lov\u00e9 ozuben\u00e9 koles\u00e1.<\/li>\n<li><strong>Ku\u017ee\u013eov\u00e9 ozuben\u00e9 koles\u00e1:<\/strong> Pou\u017e\u00edva sa na zmenu smeru ot\u00e1\u010dania, be\u017ene sa vyskytuje v pravouhl\u00fdch prevodovk\u00e1ch.<\/li>\n<\/ul>\n<\/li>\n<li>V\u00fdber typu prevodov\u00e9ho stup\u0148a z\u00e1vis\u00ed od po\u017eadovan\u00e9ho kr\u00fatiaceho momentu, ot\u00e1\u010dok a \u017eivotnosti.<\/li>\n<\/ul>\n<\/li>\n<li><strong>Lo\u017eisk\u00e1:<\/strong>\n<ul>\n<li>Lo\u017eisk\u00e1 podopieraj\u00fa rotuj\u00face hriadele v prevodovke, \u010d\u00edm minimalizuj\u00fa trenie a zabezpe\u010duj\u00fa plynul\u00fd chod. S\u00fa k\u013e\u00fa\u010dov\u00e9 pre udr\u017eanie stability a zn\u00ed\u017eenie opotrebenia, najm\u00e4 pri vysokom za\u0165a\u017een\u00ed. Vysokokvalitn\u00e9 lo\u017eisk\u00e1 sa vyberaj\u00fa na pred\u013a\u017eenie \u017eivotnosti prevodovky a zn\u00ed\u017eenie potreby \u00fadr\u017eby.<\/li>\n<\/ul>\n<\/li>\n<\/ol>\n<p>K\u013e\u00fa\u010dov\u00e9 komponenty prevodovky \u0161nekov\u00e9ho dopravn\u00edka na obilie spolupracuj\u00fa, aby zabezpe\u010dili efekt\u00edvny a spo\u013eahliv\u00fd v\u00fdkon pri manipul\u00e1cii a preprave obilia. Spr\u00e1vny v\u00fdber, \u00fadr\u017eba a mazanie t\u00fdchto komponentov s\u00fa nevyhnutn\u00e9 pre zabezpe\u010denie optim\u00e1lnej funk\u010dnosti a dlhej \u017eivotnosti, v\u010faka \u010domu je prevodovka \u0161nekov\u00e9ho dopravn\u00edka na obilie d\u00f4le\u017eitou s\u00fa\u010das\u0165ou modern\u00fdch po\u013enohospod\u00e1rskych a skladovac\u00edch oper\u00e1ci\u00ed.<\/p>\n<p><img loading=\"lazy\" decoding=\"async\" class=\"alignnone size-full wp-image-3133\" src=\"https:\/\/fmp-components.com\/wp-content\/uploads\/2025\/01\/Grain-Transportation-Gearbox-6.webp\" alt=\"Prevodovka na prepravu obilia 6\" width=\"1534\" height=\"1286\" title=\"\" srcset=\"https:\/\/fmp-components.com\/wp-content\/uploads\/2025\/01\/Grain-Transportation-Gearbox-6.webp 1534w, https:\/\/fmp-components.com\/wp-content\/uploads\/2025\/01\/Grain-Transportation-Gearbox-6-1280x1073.webp 1280w, https:\/\/fmp-components.com\/wp-content\/uploads\/2025\/01\/Grain-Transportation-Gearbox-6-980x822.webp 980w, https:\/\/fmp-components.com\/wp-content\/uploads\/2025\/01\/Grain-Transportation-Gearbox-6-480x402.webp 480w\" sizes=\"(min-width: 0px) and (max-width: 480px) 480px, (min-width: 481px) and (max-width: 980px) 980px, (min-width: 981px) and (max-width: 1280px) 1280px, (min-width: 1281px) 1534px, 100vw\" \/><\/p>\n<h2>O FMP<\/h2>\n<p>Spolo\u010dnos\u0165 FMP so s\u00eddlom v Taliansku je popredn\u00fdm v\u00fdrobcom zn\u00e1mym svojimi odborn\u00fdmi znalos\u0165ami v oblasti navrhovania, v\u00fdvoja a v\u00fdroby vysokov\u00fdkonn\u00fdch prevodoviek s prim\u00e1rnym zameran\u00edm na sektor po\u013enohospod\u00e1rskych strojov. Spolo\u010dnos\u0165 FMP, zn\u00e1ma svojou presnou in\u017einierskou pr\u00e1cou, inovat\u00edvnymi rie\u0161eniami a neochvejnou spo\u013eahlivos\u0165ou, si z\u00edskala reput\u00e1ciu d\u00f4veryhodn\u00e9ho partnera v po\u013enohospod\u00e1rskom aj priemyselnom sektore. Na\u0161e komplexn\u00e9 portf\u00f3lio zah\u0155\u0148a prevodovky na mieru pre kosa\u010dky na tr\u00e1vu, v\u00fdvodov\u00e9 hriadele a \u0161irok\u00fa \u0161k\u00e1lu z\u00e1kladn\u00fdch komponentov, pri\u010dom v\u0161etky s\u00fa starostlivo vyroben\u00e9 tak, aby sp\u013a\u0148ali \u0161pecifick\u00e9 po\u017eiadavky r\u00f4znych aplik\u00e1ci\u00ed.<\/p>\n<p>V spolo\u010dnosti FMP ch\u00e1peme, \u017ee ka\u017ed\u00fd klient \u010del\u00ed jedine\u010dn\u00fdm v\u00fdzvam. Preto sa \u0161pecializujeme na poskytovanie rie\u0161en\u00ed na mieru, \u010di u\u017e ide o jednotliv\u00e9 komponenty alebo plne integrovan\u00e9 syst\u00e9my. Prostredn\u00edctvom \u00fazkej spolupr\u00e1ce s na\u0161imi klientmi zabezpe\u010dujeme, aby ka\u017ed\u00e9 rie\u0161enie nielen sp\u013a\u0148alo ich potreby, ale aj optimalizovalo v\u00fdkon a maximalizovalo hodnotu. N\u00e1\u0161 z\u00e1v\u00e4zok k r\u00fdchlym a profesion\u00e1lnym reakci\u00e1m a odborn\u00e9mu poradenstvu zaru\u010duje, \u017ee ka\u017ed\u00e1 po\u017eiadavka bude rie\u0161en\u00e1 s presnos\u0165ou, \u010do zaru\u010duje v\u017edy najlep\u0161ie v\u00fdsledky.<\/p>\n<p>Uprednost\u0148ujeme jasn\u00fa a nepretr\u017eit\u00fa komunik\u00e1ciu po\u010das cel\u00e9ho cyklu v\u00fdvoja produktu. N\u00e1\u0161 \u0161pecializovan\u00fd t\u00edm \u00fazko spolupracuje s klientmi, aby d\u00f4kladne pochopil ich po\u017eiadavky a poskytol im cenn\u00e9 poznatky a odpor\u00fa\u010dania na dosiahnutie optim\u00e1lnych v\u00fdsledkov. \u010ci u\u017e navrhujeme najmodernej\u0161ie produkty alebo pln\u00edme be\u017en\u00e9 objedn\u00e1vky, spolo\u010dnos\u0165 FMP sa zav\u00e4zuje dod\u00e1va\u0165 vysokokvalitn\u00e9, prec\u00edzne navrhnut\u00e9 rie\u0161enia v\u010das a v\u017edy. Na\u0161\u00edm poslan\u00edm je neust\u00e1le prekon\u00e1va\u0165 o\u010dak\u00e1vania klientov a poskytova\u0165 v\u00fdnimo\u010dn\u00e9 slu\u017eby a v\u00fdsledky pri ka\u017edom projekte.<\/p>\n<p>Kvalita je jadrom \u010dinnosti spolo\u010dnosti FMP. Dodr\u017eiavame najvy\u0161\u0161ie v\u00fdrobn\u00e9 \u0161tandardy a implementujeme pr\u00edsne opatrenia na kontrolu kvality, aby sme zabezpe\u010dili, \u017ee ka\u017ed\u00fd produkt sp\u013a\u0148a a \u010dasto aj prekon\u00e1va priemyseln\u00e9 \u0161tandardy. Tento z\u00e1v\u00e4zok k dokonalosti spolu s na\u0161imi z\u00e1kladn\u00fdmi hodnotami integrity, t\u00edmovej pr\u00e1ce a vytrvalosti n\u00e1m umo\u017enil vybudova\u0165 si dlhodob\u00e9 vz\u0165ahy zalo\u017een\u00e9 na d\u00f4vere s klientmi v takmer 30 krajin\u00e1ch sveta.<\/p>\n<p>Spolo\u010dnos\u0165 FMP sa v\u017edy sna\u017e\u00ed budova\u0165 glob\u00e1lne partnerstv\u00e1 a pon\u00faka odborn\u00e9 poradenstvo a rie\u0161enia na mieru, ktor\u00e9 rie\u0161ia meniace sa potreby na\u0161ich klientov. Sna\u017e\u00edme sa budova\u0165 dlhodob\u00e9 a vz\u00e1jomne prospe\u0161n\u00e9 vz\u0165ahy, ktor\u00e9 prispievaj\u00fa k \u00faspechu ka\u017ed\u00e9ho projektu. \u010ci u\u017e potrebujete inovat\u00edvne rie\u0161enia pre nov\u00fa iniciat\u00edvu alebo priebe\u017en\u00fa podporu pre existuj\u00faci syst\u00e9m, spolo\u010dnos\u0165 FMP je pripraven\u00e1 v\u00e1m pom\u00f4c\u0165 prekona\u0165 technick\u00e9 v\u00fdzvy a zabezpe\u010di\u0165 v\u00e1\u0161 trval\u00fd \u00faspech.<\/p>\n<p><img loading=\"lazy\" decoding=\"async\" class=\"alignnone wp-image-2695\" src=\"https:\/\/fmp-components.com\/wp-content\/uploads\/2025\/01\/agricultural-gearbox3.webp\" alt=\"po\u013enohospod\u00e1rska prevodovka\" width=\"1140\" height=\"1138\" title=\"\" srcset=\"https:\/\/fmp-components.com\/wp-content\/uploads\/2025\/01\/agricultural-gearbox3.webp 1140w, https:\/\/fmp-components.com\/wp-content\/uploads\/2025\/01\/agricultural-gearbox3-480x479.webp 480w\" sizes=\"(min-width: 0px) and (max-width: 480px) 480px, (min-width: 481px) 1140px, 100vw\" \/><\/p>\n<p>Autor: CX<\/p>","protected":false},"excerpt":{"rendered":"<p>Grain Auger Gearbox FMP-2390 Specifications Product Name Grain auger gearbox FMP-2390 Material Housing as HT250, Shaft as 20CrMnTi Color Dark or Red or as customized Type Bevel gear Ratio 1:1 Bearing QC or C&amp;U or NTN Warranty one and half year Used grain storage Applications of Grain Auger Gearbox for Grain Storage and Transportation Grain [&hellip;]<\/p>","protected":false},"featured_media":3130,"comment_status":"open","ping_status":"closed","template":"","meta":{"_et_pb_use_builder":"","_et_pb_old_content":"","_et_gb_content_width":""},"product_brand":[],"product_cat":[74],"product_tag":[],"class_list":{"0":"post-3129","1":"product","2":"type-product","3":"status-publish","4":"has-post-thumbnail","6":"product_cat-grain-transportation-gearbox","8":"first","9":"instock","10":"shipping-taxable","11":"product-type-simple"},"_links":{"self":[{"href":"https:\/\/fmp-components.com\/sk\/wp-json\/wp\/v2\/product\/3129","targetHints":{"allow":["GET"]}}],"collection":[{"href":"https:\/\/fmp-components.com\/sk\/wp-json\/wp\/v2\/product"}],"about":[{"href":"https:\/\/fmp-components.com\/sk\/wp-json\/wp\/v2\/types\/product"}],"replies":[{"embeddable":true,"href":"https:\/\/fmp-components.com\/sk\/wp-json\/wp\/v2\/comments?post=3129"}],"wp:featuredmedia":[{"embeddable":true,"href":"https:\/\/fmp-components.com\/sk\/wp-json\/wp\/v2\/media\/3130"}],"wp:attachment":[{"href":"https:\/\/fmp-components.com\/sk\/wp-json\/wp\/v2\/media?parent=3129"}],"wp:term":[{"taxonomy":"product_brand","embeddable":true,"href":"https:\/\/fmp-components.com\/sk\/wp-json\/wp\/v2\/product_brand?post=3129"},{"taxonomy":"product_cat","embeddable":true,"href":"https:\/\/fmp-components.com\/sk\/wp-json\/wp\/v2\/product_cat?post=3129"},{"taxonomy":"product_tag","embeddable":true,"href":"https:\/\/fmp-components.com\/sk\/wp-json\/wp\/v2\/product_tag?post=3129"}],"curies":[{"name":"pracovn\u00fd list","href":"https:\/\/api.w.org\/{rel}","templated":true}]}}