{"id":3123,"date":"2025-01-05T02:34:03","date_gmt":"2025-01-05T02:34:03","guid":{"rendered":"https:\/\/fmp-components.com\/?page_id=8"},"modified":"2025-01-05T02:37:15","modified_gmt":"2025-01-05T02:37:15","slug":"grain-transportation-gearbox-fmp-1001-for-agricultural-grain-transportation","status":"publish","type":"product","link":"https:\/\/fmp-components.com\/sk\/product\/grain-transportation-gearbox-fmp-1001-for-agricultural-grain-transportation\/","title":{"rendered":"Prevodovka na prepravu obilia FMP-1001 pre prepravu po\u013enohospod\u00e1rskeho obilia"},"content":{"rendered":"<h2>Prevodovka na prepravu obilia FMP-1001 Rozmer<\/h2>\n<p><img loading=\"lazy\" decoding=\"async\" class=\"alignnone size-full wp-image-3127\" src=\"https:\/\/fmp-components.com\/wp-content\/uploads\/2025\/01\/Grain-Transportation-Gearbox-EP-1001-Dimensions.webp\" alt=\"Rozmery prevodovky na prepravu obilia EP-1001\" width=\"891\" height=\"593\" title=\"\" srcset=\"https:\/\/fmp-components.com\/wp-content\/uploads\/2025\/01\/Grain-Transportation-Gearbox-EP-1001-Dimensions.webp 891w, https:\/\/fmp-components.com\/wp-content\/uploads\/2025\/01\/Grain-Transportation-Gearbox-EP-1001-Dimensions-480x319.webp 480w\" sizes=\"(min-width: 0px) and (max-width: 480px) 480px, (min-width: 481px) 891px, 100vw\" \/><\/p>\n<h2>\u0160pecifik\u00e1cie prevodovky na prepravu obilia FMP-1001<\/h2>\n<table border=\"1\" width=\"100%\" cellspacing=\"0\" cellpadding=\"0\">\n<tbody>\n<tr>\n<td>N\u00e1zov produktu<\/td>\n<td>Prevodovka na prepravu obilia<\/td>\n<\/tr>\n<tr>\n<td>Model<\/td>\n<td>EP-1001<\/td>\n<\/tr>\n<tr>\n<td>Farba<\/td>\n<td>Prisp\u00f4sobenie<\/td>\n<\/tr>\n<tr>\n<td>Materi\u00e1l<\/td>\n<td>HT250 pre teleso, 20CrMnTi pre hriade\u013e prevodovky.<\/td>\n<\/tr>\n<tr>\n<td>Pou\u017eit\u00e9<\/td>\n<td>Prevodovka na prepravu obilia<\/td>\n<\/tr>\n<\/tbody>\n<\/table>\n<h3>V\u00fdhody pou\u017eitia prevodovky na prepravu obilia FMP-1001<\/h3>\n<ol>\n<li><strong>Zv\u00fd\u0161en\u00e1 \u00fa\u010dinnos\u0165<\/strong>Prevodovka na prepravu obilia FMP-1001 je navrhnut\u00e1 pre optim\u00e1lny prenos v\u00fdkonu, ktor\u00fd zabezpe\u010duje plynul\u00fd a efekt\u00edvny pohyb obilia. Jej vysok\u00fd kr\u00fatiaci moment umo\u017e\u0148uje efekt\u00edvnu prepravu, skracuje prestoje a zlep\u0161uje celkov\u00fa prev\u00e1dzkov\u00fa efektivitu.<\/li>\n<li><strong>Odoln\u00e1 kon\u0161trukcia<\/strong>FMP-1001 je vyroben\u00fd z robustn\u00fdch materi\u00e1lov a je navrhnut\u00fd tak, aby odolal n\u00e1ro\u010dn\u00fdm pracovn\u00fdm podmienkam be\u017ene sa vyskytuj\u00facim pri preprave obilia. Jeho odoln\u00e1 kon\u0161trukcia zais\u0165uje dlhodob\u00fa spo\u013eahlivos\u0165 aj pri \u0165a\u017ek\u00fdch n\u00e1kladoch, \u010d\u00edm sa dlhodobo zni\u017euj\u00fa n\u00e1klady na vlastn\u00edctvo.<\/li>\n<li><strong>Presn\u00e9 in\u017einierstvo<\/strong>Prevodovka je starostlivo vyroben\u00e1 s presnos\u0165ou, aby bola zaru\u010den\u00e1 bezprobl\u00e9mov\u00e1 integr\u00e1cia so zariadeniami na manipul\u00e1ciu s obil\u00edm. To zais\u0165uje optim\u00e1lny v\u00fdkon a zni\u017euje pravdepodobnos\u0165 mechanick\u00fdch probl\u00e9mov, ktor\u00e9 by mohli naru\u0161i\u0165 prev\u00e1dzku.<\/li>\n<li><strong>\u00daspora energie<\/strong>Efekt\u00edvny dizajn FMP-1001 pom\u00e1ha zni\u017eova\u0165 spotrebu energie, v\u010faka \u010domu je ekologickou vo\u013ebou pre syst\u00e9my prepravy obilia. To sa premieta do ni\u017e\u0161\u00edch prev\u00e1dzkov\u00fdch n\u00e1kladov a men\u0161ej environment\u00e1lnej stopy.<\/li>\n<li><strong>Prisp\u00f4sobite\u013en\u00e9 rie\u0161enia<\/strong>FMP pon\u00faka flexibilitu pri prisp\u00f4sobovan\u00ed prevodovky FMP-1001 \u0161pecifick\u00fdm po\u017eiadavk\u00e1m a poskytuje rie\u0161enia na mieru, ktor\u00e9 optimalizuj\u00fa v\u00fdkon prevodovky pre r\u00f4zne potreby manipul\u00e1cie a prepravy obilia.<\/li>\n<\/ol>\n<p><img loading=\"lazy\" decoding=\"async\" class=\"alignnone size-full wp-image-3128\" src=\"https:\/\/fmp-components.com\/wp-content\/uploads\/2025\/01\/Grain-Transportation-Gearbox-11.webp\" alt=\"Prevodovka na prepravu obilia 11\" width=\"1534\" height=\"1286\" title=\"\" srcset=\"https:\/\/fmp-components.com\/wp-content\/uploads\/2025\/01\/Grain-Transportation-Gearbox-11.webp 1534w, https:\/\/fmp-components.com\/wp-content\/uploads\/2025\/01\/Grain-Transportation-Gearbox-11-1280x1073.webp 1280w, https:\/\/fmp-components.com\/wp-content\/uploads\/2025\/01\/Grain-Transportation-Gearbox-11-980x822.webp 980w, https:\/\/fmp-components.com\/wp-content\/uploads\/2025\/01\/Grain-Transportation-Gearbox-11-480x402.webp 480w\" sizes=\"(min-width: 0px) and (max-width: 480px) 480px, (min-width: 481px) and (max-width: 980px) 980px, (min-width: 981px) and (max-width: 1280px) 1280px, (min-width: 1281px) 1534px, 100vw\" \/><\/p>\n<h3>Aplik\u00e1cie prevodovky na prepravu obilia FMP-1001<\/h3>\n<ol>\n<li><strong>Obiln\u00e9 sil\u00e1<\/strong>Prevodovka FMP-1001 je ide\u00e1lna na pou\u017eitie v obiln\u00fdch sil\u00e1ch, kde u\u013eah\u010duje zdv\u00edhanie a prepravu obilia z ni\u017e\u0161\u00edch \u00farovn\u00ed do skladovac\u00edch s\u00edl alebo spracovate\u013esk\u00fdch priestorov, \u010d\u00edm zabezpe\u010duje plynul\u00fa a efekt\u00edvnu prev\u00e1dzku.<\/li>\n<li><strong>Dopravn\u00edkov\u00e9 syst\u00e9my<\/strong>Prevodovka FMP-1001, ktor\u00e1 sa pou\u017e\u00edva v syst\u00e9moch dopravn\u00edkov obilia, pom\u00e1ha pri preprave sypk\u00e9ho obilia na dlh\u00e9 vzdialenosti v r\u00e1mci zariaden\u00ed na manipul\u00e1ciu s obil\u00edm, \u010d\u00edm zabezpe\u010duje konzistentn\u00fd a spo\u013eahliv\u00fd tok.<\/li>\n<li><strong>Nakladanie a vykladanie s\u00edl<\/strong>Prevodovka FMP-1001 je nevyhnutn\u00e1 pre prev\u00e1dzku syst\u00e9mov nakladania a vykladania s\u00edl, ktor\u00e9 umo\u017e\u0148uj\u00fa efekt\u00edvny prenos obilia do a zo skladovac\u00edch s\u00edl s minim\u00e1lnym rizikom po\u0161kodenia obilia.<\/li>\n<li><strong>Su\u0161i\u010dky obilia<\/strong>V syst\u00e9moch su\u0161enia obilia sa FMP-1001 pou\u017e\u00edva na pohon dopravn\u00edkov, ktor\u00e9 prepravuj\u00fa obilie cez su\u0161iace jednotky, \u010d\u00edm sa zabezpe\u010d\u00ed, \u017ee obilie je spr\u00e1vne vysu\u0161en\u00e9 a prejde procesom.<\/li>\n<li><strong>N\u00e1kladn\u00e9 vozidl\u00e1 na prepravu obilia<\/strong>Prevodovku je mo\u017en\u00e9 integrova\u0165 do n\u00e1kladn\u00fdch vozidiel alebo pr\u00edvesov na prepravu obilia, \u010d\u00edm sa zv\u00fd\u0161i v\u00fdkon vykladacieho syst\u00e9mu a zefekt\u00edvni proces prepravy.<\/li>\n<\/ol>\n<p><img loading=\"lazy\" decoding=\"async\" class=\"alignnone size-full wp-image-3096\" src=\"https:\/\/fmp-components.com\/wp-content\/uploads\/2025\/01\/Grain-Storage-Gearbox-28.webp\" alt=\"Prevodovka na skladovanie obilia\" width=\"1200\" height=\"950\" title=\"\" srcset=\"https:\/\/fmp-components.com\/wp-content\/uploads\/2025\/01\/Grain-Storage-Gearbox-28.webp 1200w, https:\/\/fmp-components.com\/wp-content\/uploads\/2025\/01\/Grain-Storage-Gearbox-28-980x776.webp 980w, https:\/\/fmp-components.com\/wp-content\/uploads\/2025\/01\/Grain-Storage-Gearbox-28-480x380.webp 480w\" sizes=\"(min-width: 0px) and (max-width: 480px) 480px, (min-width: 481px) and (max-width: 980px) 980px, (min-width: 981px) 1200px, 100vw\" \/><\/p>\n<h3>O FMP<\/h3>\n<p>Spolo\u010dnos\u0165 FMP so s\u00eddlom v Taliansku je popredn\u00fd v\u00fdrobca zn\u00e1my svojimi odborn\u00fdmi znalos\u0165ami v oblasti n\u00e1vrhu, v\u00fdvoja a v\u00fdroby vysokov\u00fdkonn\u00fdch prevodoviek s prim\u00e1rnym zameran\u00edm na po\u013enohospod\u00e1rske stroje. Spolo\u010dnos\u0165 FMP, zn\u00e1ma pre svoje presn\u00e9 in\u017einierstvo, inovat\u00edvne rie\u0161enia a neochvejn\u00fa spo\u013eahlivos\u0165, si z\u00edskala d\u00f4veryhodn\u00fa reput\u00e1ciu v po\u013enohospod\u00e1rskom aj priemyselnom sektore. Na\u0161e rozsiahle produktov\u00e9 portf\u00f3lio zah\u0155\u0148a prevodovky na mieru pre kosa\u010dky na tr\u00e1vu, v\u00fdvodov\u00e9 hriadele a r\u00f4zne z\u00e1kladn\u00e9 komponenty, ktor\u00e9 s\u00fa starostlivo navrhnut\u00e9 tak, aby sp\u013a\u0148ali \u0161pecifick\u00e9 potreby r\u00f4znych aplik\u00e1ci\u00ed.<\/p>\n<p>V spolo\u010dnosti FMP si uvedomujeme, \u017ee ka\u017ed\u00fd klient \u010del\u00ed jedine\u010dn\u00fdm v\u00fdzvam. Preto sa \u0161pecializujeme na poskytovanie rie\u0161en\u00ed na mieru \u2013 \u010di u\u017e ide o jednotliv\u00e9 komponenty alebo plne integrovan\u00e9 syst\u00e9my. \u00dazkou spolupr\u00e1cou s na\u0161imi klientmi zabezpe\u010dujeme, aby ka\u017ed\u00e9 rie\u0161enie nielen rie\u0161ilo ich potreby, ale aj zvy\u0161ovalo v\u00fdkon a maximalizovalo hodnotu. N\u00e1\u0161 z\u00e1v\u00e4zok poskytova\u0165 v\u010dasn\u00e9 a profesion\u00e1lne odpovede a odborn\u00e9 poradenstvo zabezpe\u010duje, \u017ee ka\u017ed\u00e1 po\u017eiadavka je spracovan\u00e1 s presnos\u0165ou a konzistentne prin\u00e1\u0161a optim\u00e1lne v\u00fdsledky.<\/p>\n<p>D\u00f4raz kladieme na jasn\u00fa a nepretr\u017eit\u00fa komunik\u00e1ciu po\u010das cel\u00e9ho cyklu v\u00fdvoja produktu. N\u00e1\u0161 \u0161pecializovan\u00fd t\u00edm spolupracuje s klientmi, aby plne pochopil ich po\u017eiadavky a pon\u00fakol cenn\u00e9 poznatky a odpor\u00fa\u010dania na dosiahnutie najlep\u0161\u00edch mo\u017en\u00fdch v\u00fdsledkov. \u010ci u\u017e navrhujeme \u0161pi\u010dkov\u00e9 produkty alebo pln\u00edme be\u017en\u00e9 objedn\u00e1vky, spolo\u010dnos\u0165 FMP sa zav\u00e4zuje dod\u00e1va\u0165 vysokokvalitn\u00e9, prec\u00edzne navrhnut\u00e9 rie\u0161enia v\u010das a konzistentne. Na\u0161\u00edm cie\u013eom je neust\u00e1le prekon\u00e1va\u0165 o\u010dak\u00e1vania klientov a poskytova\u0165 v\u00fdnimo\u010dn\u00e9 slu\u017eby a v\u00fdsledky v ka\u017edom projekte.<\/p>\n<p>Kvalita je z\u00e1kladom v\u0161etk\u00e9ho, \u010do v spolo\u010dnosti FMP rob\u00edme. Dodr\u017eiavame najvy\u0161\u0161ie v\u00fdrobn\u00e9 \u0161tandardy a implementujeme pr\u00edsne procesy kontroly kvality, aby sme zabezpe\u010dili, \u017ee ka\u017ed\u00fd produkt nielen sp\u013a\u0148a, ale aj prekon\u00e1va priemyseln\u00e9 \u0161tandardy. Tento z\u00e1v\u00e4zok k dokonalosti v kombin\u00e1cii s na\u0161imi z\u00e1kladn\u00fdmi hodnotami integrity, t\u00edmovej pr\u00e1ce a vytrvalosti n\u00e1m umo\u017enil vybudova\u0165 si trval\u00e9 vz\u0165ahy zalo\u017een\u00e9 na d\u00f4vere s klientmi v takmer 30 krajin\u00e1ch sveta.<\/p>\n<p>Spolo\u010dnos\u0165 FMP sa v\u017edy sna\u017e\u00ed nadv\u00e4zova\u0165 glob\u00e1lne partnerstv\u00e1 a pon\u00faka odborn\u00e9 poradenstvo a rie\u0161enia na mieru, ktor\u00e9 rie\u0161ia meniace sa potreby na\u0161ich klientov. Na\u0161\u00edm cie\u013eom je budova\u0165 dlhodob\u00e9 a vz\u00e1jomne prospe\u0161n\u00e9 vz\u0165ahy, ktor\u00e9 prispievaj\u00fa k \u00faspechu ka\u017ed\u00e9ho projektu. \u010ci u\u017e h\u013ead\u00e1te inovat\u00edvne rie\u0161enia pre nov\u00fa iniciat\u00edvu alebo potrebujete neust\u00e1lu podporu pre existuj\u00faci syst\u00e9m, spolo\u010dnos\u0165 FMP je pripraven\u00e1 v\u00e1m pom\u00f4c\u0165 zvl\u00e1dnu\u0165 technick\u00e9 v\u00fdzvy a zabezpe\u010di\u0165 v\u00e1\u0161 trval\u00fd \u00faspech.<\/p>\n<p><img loading=\"lazy\" decoding=\"async\" class=\"alignnone wp-image-2695\" src=\"https:\/\/fmp-components.com\/wp-content\/uploads\/2025\/01\/agricultural-gearbox3.webp\" alt=\"po\u013enohospod\u00e1rska prevodovka\" width=\"1140\" height=\"1138\" title=\"\" srcset=\"https:\/\/fmp-components.com\/wp-content\/uploads\/2025\/01\/agricultural-gearbox3.webp 1140w, https:\/\/fmp-components.com\/wp-content\/uploads\/2025\/01\/agricultural-gearbox3-480x479.webp 480w\" sizes=\"(min-width: 0px) and (max-width: 480px) 480px, (min-width: 481px) 1140px, 100vw\" \/><\/p>\n<p>Autor: CX<\/p>","protected":false},"excerpt":{"rendered":"<p>Grain Transportation Gearbox FMP-1001 Dimension Grain Transportation Gearbox FMP-1001 Specifications Product Name Grain transportation gearbox Model EP-1001 Color Customization Material HT250 for housing, 20CrMnTi for gear shaft. Used Grain transportation transmission Advantages of Using Grain Transportation Gearbox FMP-1001 Enhanced Efficiency: The FMP-1001 Grain Transportation Gearbox is engineered for optimal power transmission, ensuring smooth and efficient [&hellip;]<\/p>","protected":false},"featured_media":3126,"comment_status":"open","ping_status":"closed","template":"","meta":{"_et_pb_use_builder":"","_et_pb_old_content":"","_et_gb_content_width":""},"product_brand":[],"product_cat":[74],"product_tag":[],"class_list":{"0":"post-3123","1":"product","2":"type-product","3":"status-publish","4":"has-post-thumbnail","6":"product_cat-grain-transportation-gearbox","8":"first","9":"instock","10":"shipping-taxable","11":"product-type-simple"},"_links":{"self":[{"href":"https:\/\/fmp-components.com\/sk\/wp-json\/wp\/v2\/product\/3123","targetHints":{"allow":["GET"]}}],"collection":[{"href":"https:\/\/fmp-components.com\/sk\/wp-json\/wp\/v2\/product"}],"about":[{"href":"https:\/\/fmp-components.com\/sk\/wp-json\/wp\/v2\/types\/product"}],"replies":[{"embeddable":true,"href":"https:\/\/fmp-components.com\/sk\/wp-json\/wp\/v2\/comments?post=3123"}],"wp:featuredmedia":[{"embeddable":true,"href":"https:\/\/fmp-components.com\/sk\/wp-json\/wp\/v2\/media\/3126"}],"wp:attachment":[{"href":"https:\/\/fmp-components.com\/sk\/wp-json\/wp\/v2\/media?parent=3123"}],"wp:term":[{"taxonomy":"product_brand","embeddable":true,"href":"https:\/\/fmp-components.com\/sk\/wp-json\/wp\/v2\/product_brand?post=3123"},{"taxonomy":"product_cat","embeddable":true,"href":"https:\/\/fmp-components.com\/sk\/wp-json\/wp\/v2\/product_cat?post=3123"},{"taxonomy":"product_tag","embeddable":true,"href":"https:\/\/fmp-components.com\/sk\/wp-json\/wp\/v2\/product_tag?post=3123"}],"curies":[{"name":"pracovn\u00fd list","href":"https:\/\/api.w.org\/{rel}","templated":true}]}}